{"id":4326,"date":"2020-10-05T11:58:10","date_gmt":"2020-10-05T09:58:10","guid":{"rendered":"https:\/\/www.blecha.at\/home\/"},"modified":"2021-12-14T10:15:51","modified_gmt":"2021-12-14T09:15:51","slug":"home","status":"publish","type":"page","link":"https:\/\/www.blecha.at\/hr\/","title":{"rendered":"Home"},"content":{"rendered":"","protected":false},"excerpt":{"rendered":"","protected":false},"author":2,"featured_media":0,"parent":0,"menu_order":0,"comment_status":"closed","ping_status":"closed","template":"","meta":{"_acf_changed":false,"footnotes":""},"class_list":["post-4326","page","type-page","status-publish","hentry"],"acf":[],"yoast_head":"<!-- This site is optimized with the Yoast SEO plugin v27.3 - https:\/\/yoast.com\/product\/yoast-seo-wordpress\/ -->\n<title>Va\u0161 veletrgovac standarnim i specijalnim profilima od aluminija | BLECHA<\/title>\n<meta name=\"description\" content=\"Blecha je va\u0161 partner s dugogodi\u0161njem iskustvom aluminijskim profilima, limovima, ogradama i aluminijskim proizvodima svih vrsta, po\u010dev\u0161i od standardnih profila, preko ograda, pa do specijalnih profila.\" \/>\n<meta name=\"robots\" content=\"index, follow, max-snippet:-1, max-image-preview:large, max-video-preview:-1\" \/>\n<link rel=\"canonical\" href=\"https:\/\/www.blecha.at\/hr\/\" \/>\n<meta property=\"og:locale\" content=\"hr_HR\" \/>\n<meta property=\"og:type\" content=\"article\" \/>\n<meta property=\"og:title\" content=\"Va\u0161 veletrgovac standarnim i specijalnim profilima od aluminija | BLECHA\" \/>\n<meta property=\"og:description\" content=\"Blecha je va\u0161 partner s dugogodi\u0161njem iskustvom aluminijskim profilima, limovima, ogradama i aluminijskim proizvodima svih vrsta, po\u010dev\u0161i od standardnih profila, preko ograda, pa do specijalnih profila.\" \/>\n<meta property=\"og:url\" content=\"https:\/\/www.blecha.at\/hr\/\" \/>\n<meta property=\"og:site_name\" content=\"BLECHA\" \/>\n<meta property=\"article:modified_time\" content=\"2021-12-14T09:15:51+00:00\" \/>\n<meta property=\"og:image\" content=\"https:\/\/www.blecha.at\/wp-content\/uploads\/2021\/02\/blecha-unternehmen-auswahl-gebaeude-3-scaled.jpg\" \/>\n\t<meta property=\"og:image:width\" content=\"2560\" \/>\n\t<meta property=\"og:image:height\" content=\"1642\" \/>\n\t<meta property=\"og:image:type\" content=\"image\/jpeg\" \/>\n<meta name=\"twitter:card\" content=\"summary_large_image\" \/>\n<script type=\"application\/ld+json\" class=\"yoast-schema-graph\">{\"@context\":\"https:\\\/\\\/schema.org\",\"@graph\":[{\"@type\":\"WebPage\",\"@id\":\"https:\\\/\\\/www.blecha.at\\\/hr\\\/\",\"url\":\"https:\\\/\\\/www.blecha.at\\\/hr\\\/\",\"name\":\"Va\u0161 veletrgovac standarnim i specijalnim profilima od aluminija | BLECHA\",\"isPartOf\":{\"@id\":\"https:\\\/\\\/www.blecha.at\\\/#website\"},\"datePublished\":\"2020-10-05T09:58:10+00:00\",\"dateModified\":\"2021-12-14T09:15:51+00:00\",\"description\":\"Blecha je va\u0161 partner s dugogodi\u0161njem iskustvom aluminijskim profilima, limovima, ogradama i aluminijskim proizvodima svih vrsta, po\u010dev\u0161i od standardnih profila, preko ograda, pa do specijalnih profila.\",\"breadcrumb\":{\"@id\":\"https:\\\/\\\/www.blecha.at\\\/hr\\\/#breadcrumb\"},\"inLanguage\":\"hr\",\"potentialAction\":[{\"@type\":\"ReadAction\",\"target\":[\"https:\\\/\\\/www.blecha.at\\\/hr\\\/\"]}]},{\"@type\":\"BreadcrumbList\",\"@id\":\"https:\\\/\\\/www.blecha.at\\\/hr\\\/#breadcrumb\",\"itemListElement\":[{\"@type\":\"ListItem\",\"position\":1,\"name\":\"Home\",\"item\":\"https:\\\/\\\/www.blecha.at\\\/hr\\\/\"},{\"@type\":\"ListItem\",\"position\":2,\"name\":\"Home\"}]},{\"@type\":\"WebSite\",\"@id\":\"https:\\\/\\\/www.blecha.at\\\/#website\",\"url\":\"https:\\\/\\\/www.blecha.at\\\/\",\"name\":\"BLECHA\",\"description\":\"Eine weitere WordPress-Website\",\"potentialAction\":[{\"@type\":\"SearchAction\",\"target\":{\"@type\":\"EntryPoint\",\"urlTemplate\":\"https:\\\/\\\/www.blecha.at\\\/?s={search_term_string}\"},\"query-input\":{\"@type\":\"PropertyValueSpecification\",\"valueRequired\":true,\"valueName\":\"search_term_string\"}}],\"inLanguage\":\"hr\"}]}<\/script>\n<!-- \/ Yoast SEO plugin. -->","yoast_head_json":{"title":"Va\u0161 veletrgovac standarnim i specijalnim profilima od aluminija | BLECHA","description":"Blecha je va\u0161 partner s dugogodi\u0161njem iskustvom aluminijskim profilima, limovima, ogradama i aluminijskim proizvodima svih vrsta, po\u010dev\u0161i od standardnih profila, preko ograda, pa do specijalnih profila.","robots":{"index":"index","follow":"follow","max-snippet":"max-snippet:-1","max-image-preview":"max-image-preview:large","max-video-preview":"max-video-preview:-1"},"canonical":"https:\/\/www.blecha.at\/hr\/","og_locale":"hr_HR","og_type":"article","og_title":"Va\u0161 veletrgovac standarnim i specijalnim profilima od aluminija | BLECHA","og_description":"Blecha je va\u0161 partner s dugogodi\u0161njem iskustvom aluminijskim profilima, limovima, ogradama i aluminijskim proizvodima svih vrsta, po\u010dev\u0161i od standardnih profila, preko ograda, pa do specijalnih profila.","og_url":"https:\/\/www.blecha.at\/hr\/","og_site_name":"BLECHA","article_modified_time":"2021-12-14T09:15:51+00:00","og_image":[{"width":2560,"height":1642,"url":"https:\/\/www.blecha.at\/wp-content\/uploads\/2021\/02\/blecha-unternehmen-auswahl-gebaeude-3-scaled.jpg","type":"image\/jpeg"}],"twitter_card":"summary_large_image","schema":{"@context":"https:\/\/schema.org","@graph":[{"@type":"WebPage","@id":"https:\/\/www.blecha.at\/hr\/","url":"https:\/\/www.blecha.at\/hr\/","name":"Va\u0161 veletrgovac standarnim i specijalnim profilima od aluminija | BLECHA","isPartOf":{"@id":"https:\/\/www.blecha.at\/#website"},"datePublished":"2020-10-05T09:58:10+00:00","dateModified":"2021-12-14T09:15:51+00:00","description":"Blecha je va\u0161 partner s dugogodi\u0161njem iskustvom aluminijskim profilima, limovima, ogradama i aluminijskim proizvodima svih vrsta, po\u010dev\u0161i od standardnih profila, preko ograda, pa do specijalnih profila.","breadcrumb":{"@id":"https:\/\/www.blecha.at\/hr\/#breadcrumb"},"inLanguage":"hr","potentialAction":[{"@type":"ReadAction","target":["https:\/\/www.blecha.at\/hr\/"]}]},{"@type":"BreadcrumbList","@id":"https:\/\/www.blecha.at\/hr\/#breadcrumb","itemListElement":[{"@type":"ListItem","position":1,"name":"Home","item":"https:\/\/www.blecha.at\/hr\/"},{"@type":"ListItem","position":2,"name":"Home"}]},{"@type":"WebSite","@id":"https:\/\/www.blecha.at\/#website","url":"https:\/\/www.blecha.at\/","name":"BLECHA","description":"Eine weitere WordPress-Website","potentialAction":[{"@type":"SearchAction","target":{"@type":"EntryPoint","urlTemplate":"https:\/\/www.blecha.at\/?s={search_term_string}"},"query-input":{"@type":"PropertyValueSpecification","valueRequired":true,"valueName":"search_term_string"}}],"inLanguage":"hr"}]}},"_links":{"self":[{"href":"https:\/\/www.blecha.at\/hr\/wp-json\/wp\/v2\/pages\/4326","targetHints":{"allow":["GET"]}}],"collection":[{"href":"https:\/\/www.blecha.at\/hr\/wp-json\/wp\/v2\/pages"}],"about":[{"href":"https:\/\/www.blecha.at\/hr\/wp-json\/wp\/v2\/types\/page"}],"author":[{"embeddable":true,"href":"https:\/\/www.blecha.at\/hr\/wp-json\/wp\/v2\/users\/2"}],"replies":[{"embeddable":true,"href":"https:\/\/www.blecha.at\/hr\/wp-json\/wp\/v2\/comments?post=4326"}],"version-history":[{"count":8,"href":"https:\/\/www.blecha.at\/hr\/wp-json\/wp\/v2\/pages\/4326\/revisions"}],"predecessor-version":[{"id":12738,"href":"https:\/\/www.blecha.at\/hr\/wp-json\/wp\/v2\/pages\/4326\/revisions\/12738"}],"wp:attachment":[{"href":"https:\/\/www.blecha.at\/hr\/wp-json\/wp\/v2\/media?parent=4326"}],"curies":[{"name":"wp","href":"https:\/\/api.w.org\/{rel}","templated":true}]}}