{"id":4861,"date":"2021-01-22T16:35:16","date_gmt":"2021-01-22T15:35:16","guid":{"rendered":"https:\/\/www.blecha.at\/usluge\/oberflaechenveredelung\/"},"modified":"2021-12-20T15:52:51","modified_gmt":"2021-12-20T14:52:51","slug":"povrsinskapreobrada","status":"publish","type":"page","link":"https:\/\/www.blecha.at\/hr\/usluge\/povrsinskapreobrada\/","title":{"rendered":"Dorada povr\u0161ine"},"content":{"rendered":"\n<section id=\"sectionTwo\" class=\"mt-lg-n11 py-8 py-md-11 px-lg-9 border-left border-right border-right-lg-none bg-white\">\n\n\n<div class=\"wp-bootstrap-blocks-container container-fluid mb-0\">\n\t\n<div class=\"wp-bootstrap-blocks-row row mx-auto\">\n\t\n\n<div class=\"col-12 col-md-10\">\n\t\t\t\n\n<h2 class=\"text-secondary scroll-fade-bottom-up visibility-hidden wp-block-heading\">Jedna lijepa stvar.<\/h2>\n\n\n\n<p class=\"mb-7 mb-md-7 scroll-fade-bottom-up visibility-hidden\">Povr\u0161inska preobrada ujedinjuje estetiku s funkcijom. Jednostavno upitajte i povr\u0161insku preobradu kod nas, te zadivljenje podjelite s va\u0161im kupcem.<\/p>\n\n\t<\/div>\n\n\n\n<div class=\"col-12\">\n\t\t\t\n\n<h4 class=\"scroll-fade-bottom-up visibility-hidden wp-block-heading\">Na\u0161e specijalne dorade<\/h4>\n\n\n\n<hr class=\"wp-block-separator is-style-wide my-5\"\/>\n\n\n<div class=\"wp-bootstrap-blocks-row row\">\n\t\n\n<div class=\"col-12 col-md-4\">\n\t\t\t\n\n<div class=\"d-flex text-left scroll-fade-bottom-up visibility-hidden\">\n<div class=\"badge badge-rounded-circle badge-primary-soft mt-1 mr-4\">\n<i class=\"fe fe-check\"><\/i>\n<\/div><p class=\"text-primary\">Eloksal<\/p><\/div>\n\n\t<\/div>\n\n\n\n<div class=\"col-12 col-md-4\">\n\t\t\t\n\n<div class=\"d-flex text-left scroll-fade-bottom-up visibility-hidden\">\n<div class=\"badge badge-rounded-circle badge-primary-soft mt-1 mr-4\">\n<i class=\"fe fe-check\"><\/i>\n<\/div><p class=\"text-primary\">Plastifikacija<\/p><\/div>\n\n\t<\/div>\n\n\n\n<div class=\"col-12 col-md-4\">\n\t\t\t\n\n<div class=\"d-flex text-left scroll-fade-bottom-up visibility-hidden\">\n<div class=\"badge badge-rounded-circle badge-primary-soft mt-1 mr-4\">\n<i class=\"fe fe-check\"><\/i>\n<\/div><p class=\"text-primary\">Specijalna povr\u0161ina (drvena optika za aluminijske ograde i balkone)<\/p><\/div>\n\n\t<\/div>\n\n<\/div>\n\n\t<\/div>\n\n<\/div>\n\n<\/div>\n\n\n\n<\/section>\n\n\n\n<section data-jarallax=\"\" data-speed=\".8\" class=\"py-12 py-md-13 overlay overlay-black overlay-40 bg-cover jarallax\" style=\"background-image: url(\/wp-content\/uploads\/2021\/08\/blecha-oberflaechenveredelung-2.jpg);\">\n  <div class=\"container\">\n    <div class=\"row mx-auto\">\n      <div class=\"col-12 col-md-10\"> \n        \n        <!-- Blockquote -->\n        <blockquote class=\"blockquote mb-0\"> \n          \n          <!-- Text -->\n          <p class=\"h2 text-white text-left font-regular scroll-fade-bottom-up visibility-hidden\">&#8220;\u0160to se ti\u010de povr\u0161inske obrade, oslanjamo se isklju\u010divo na dugotrajne i provjerene odnose s dobavlja\u010dima.&#8221;<\/p>\n          \n          <!-- Footer -->\n          <footer class=\"blockquote-footer text-white-50 mb-0 scroll-fade-bottom-up visibility-hidden\">BLECHA<\/footer>\n        <\/blockquote>\n      <\/div>\n    <\/div>\n  <\/div>\n<\/section>\n\n\n\n<section class=\"py-8 py-md-11 px-lg-9 border-left border-right border-right-lg-none bg-white\">\n\n\n<div class=\"wp-bootstrap-blocks-container container-fluid mb-0\">\n\t\n<div class=\"wp-bootstrap-blocks-row row mx-auto\">\n\t\n\n<div class=\"col-12 col-md-10\">\n\t\t\t\n\n<h2 class=\"text-secondary scroll-fade-bottom-up visibility-hidden wp-block-heading\">Aluminijska skladi\u0161na roba, eloksirana i plastificirana<\/h2>\n\n\n\n<p class=\"mb-7 mb-md-7 scroll-fade-bottom-up visibility-hidden\">Uobi\u010dajene dimenzije U-Profila i kutnika imamo \u010dak i u skladi\u0161nom programu, u dora\u0111enom stanju. U nastavku se nalazi izvadak iz na\u0161eg programa isporuke:<\/p>\n\n\n<div class=\"wp-bootstrap-blocks-row row\">\n\t\n\n<div class=\"col-12 col-md-4\">\n\t\t\t\n\n<div class=\"d-flex text-left scroll-fade-bottom-up visibility-hidden\">\n<div class=\"badge badge-rounded-circle badge-primary-soft mt-1 mr-4\">\n<i class=\"fe fe-check\"><\/i>\n<\/div><p class=\"text-primary\">kutnici prirodno eloksirani A6\/C0<\/p><\/div>\n\n\t<\/div>\n\n\n\n<div class=\"col-12 col-md-4\">\n\t\t\t\n\n<div class=\"d-flex text-left scroll-fade-bottom-up visibility-hidden\">\n<div class=\"badge badge-rounded-circle badge-primary-soft mt-1 mr-4\">\n<i class=\"fe fe-check\"><\/i>\n<\/div><p class=\"text-primary\">kutnici eloksirani u optici inox-a<\/p><\/div>\n\n\t<\/div>\n\n\n\n<div class=\"col-12 col-md-4\">\n\t\t\t\n\n<div class=\"d-flex text-left scroll-fade-bottom-up visibility-hidden\">\n<div class=\"badge badge-rounded-circle badge-primary-soft mt-1 mr-4\">\n<i class=\"fe fe-check\"><\/i>\n<\/div><p class=\"text-primary\">kutnici plastificirani RAL 9010<\/p><\/div>\n\n\t<\/div>\n\n\n\n<div class=\"col-12 col-md-4\">\n\t\t\t\n\n<div class=\"d-flex text-left scroll-fade-bottom-up visibility-hidden\">\n<div class=\"badge badge-rounded-circle badge-primary-soft mt-1 mr-4\">\n<i class=\"fe fe-check\"><\/i>\n<\/div><p class=\"text-primary\">U-profili prirodno eloksirani A6\/C0<\/p><\/div>\n\n\t<\/div>\n\n\n\n<div class=\"col-12 col-md-4\">\n\t\t\t\n\n<div class=\"d-flex text-left scroll-fade-bottom-up visibility-hidden\">\n<div class=\"badge badge-rounded-circle badge-primary-soft mt-1 mr-4\">\n<i class=\"fe fe-check\"><\/i>\n<\/div><p class=\"text-primary\">U-profili eloksirani u optici inox-a<\/p><\/div>\n\n\t<\/div>\n\n\n\n<div class=\"col-12 col-md-4\">\n\t\t\t\n\n<div class=\"d-flex text-left scroll-fade-bottom-up visibility-hidden\">\n<div class=\"badge badge-rounded-circle badge-primary-soft mt-1 mr-4\">\n<i class=\"fe fe-check\"><\/i>\n<\/div><p class=\"text-primary\">U-profili plastificirani RAL 9010<\/p><\/div>\n\n\t<\/div>\n\n\n\n<div class=\"col-12 col-md-4\">\n\t\t\t\n\n<div class=\"d-flex text-left scroll-fade-bottom-up visibility-hidden\">\n<div class=\"badge badge-rounded-circle badge-primary-soft mt-1 mr-4\">\n<i class=\"fe fe-check\"><\/i>\n<\/div><p class=\"text-primary\">U-profili sjajno eloksirani E8\/C0 (visokosjajni)<\/p><\/div>\n\n\t<\/div>\n\n<\/div>\n\n\t<\/div>\n\n<\/div>\n\n<\/div>\n\n\n\n<\/section>\n","protected":false},"excerpt":{"rendered":"&#8220;\u0160to se ti\u010de povr\u0161inske obrade, oslanjamo se isklju\u010divo na dugotrajne i provjerene odnose s dobavlja\u010dima.&#8221; BLECHA","protected":false},"author":2,"featured_media":4863,"parent":4567,"menu_order":0,"comment_status":"closed","ping_status":"closed","template":"page-leistungen.php","meta":{"_acf_changed":false,"footnotes":""},"class_list":["post-4861","page","type-page","status-publish","has-post-thumbnail","hentry"],"acf":[],"yoast_head":"<!-- This site is optimized with the Yoast SEO plugin v27.3 - https:\/\/yoast.com\/product\/yoast-seo-wordpress\/ -->\n<title>Dorada povr\u0161ine na\u010dinom eloksiranja i plastificiranja | BLECHA<\/title>\n<meta name=\"description\" content=\"Nudimo doradu povr\u0161ine eloksiranjem i plastificiranjem, kao i specijalnim plastificiranjem u optici drveta, za izradu ograda i balkona.\" \/>\n<meta name=\"robots\" content=\"index, follow, max-snippet:-1, max-image-preview:large, max-video-preview:-1\" \/>\n<link rel=\"canonical\" href=\"https:\/\/www.blecha.at\/hr\/usluge\/povrsinskapreobrada\/\" \/>\n<meta property=\"og:locale\" content=\"hr_HR\" \/>\n<meta property=\"og:type\" content=\"article\" \/>\n<meta property=\"og:title\" content=\"Dorada povr\u0161ine na\u010dinom eloksiranja i plastificiranja | BLECHA\" \/>\n<meta property=\"og:description\" content=\"Nudimo doradu povr\u0161ine eloksiranjem i plastificiranjem, kao i specijalnim plastificiranjem u optici drveta, za izradu ograda i balkona.\" \/>\n<meta property=\"og:url\" content=\"https:\/\/www.blecha.at\/hr\/usluge\/povrsinskapreobrada\/\" \/>\n<meta property=\"og:site_name\" content=\"BLECHA\" \/>\n<meta property=\"article:modified_time\" content=\"2021-12-20T14:52:51+00:00\" \/>\n<meta property=\"og:image\" content=\"https:\/\/www.blecha.at\/wp-content\/uploads\/2021\/09\/blecha-oberflaechenveredelung-thumbnail.jpg\" \/>\n\t<meta property=\"og:image:width\" content=\"1600\" \/>\n\t<meta property=\"og:image:height\" content=\"1600\" \/>\n\t<meta property=\"og:image:type\" content=\"image\/jpeg\" \/>\n<meta name=\"twitter:card\" content=\"summary_large_image\" \/>\n<meta name=\"twitter:label1\" content=\"Procijenjeno vrijeme \u010ditanja\" \/>\n\t<meta name=\"twitter:data1\" content=\"1 minuta\" \/>\n<script type=\"application\/ld+json\" class=\"yoast-schema-graph\">{\"@context\":\"https:\\\/\\\/schema.org\",\"@graph\":[{\"@type\":\"WebPage\",\"@id\":\"https:\\\/\\\/www.blecha.at\\\/hr\\\/usluge\\\/povrsinskapreobrada\\\/\",\"url\":\"https:\\\/\\\/www.blecha.at\\\/hr\\\/usluge\\\/povrsinskapreobrada\\\/\",\"name\":\"Dorada povr\u0161ine na\u010dinom eloksiranja i plastificiranja | BLECHA\",\"isPartOf\":{\"@id\":\"https:\\\/\\\/www.blecha.at\\\/#website\"},\"primaryImageOfPage\":{\"@id\":\"https:\\\/\\\/www.blecha.at\\\/hr\\\/usluge\\\/povrsinskapreobrada\\\/#primaryimage\"},\"image\":{\"@id\":\"https:\\\/\\\/www.blecha.at\\\/hr\\\/usluge\\\/povrsinskapreobrada\\\/#primaryimage\"},\"thumbnailUrl\":\"https:\\\/\\\/www.blecha.at\\\/wp-content\\\/uploads\\\/2021\\\/09\\\/blecha-oberflaechenveredelung-thumbnail.jpg\",\"datePublished\":\"2021-01-22T15:35:16+00:00\",\"dateModified\":\"2021-12-20T14:52:51+00:00\",\"description\":\"Nudimo doradu povr\u0161ine eloksiranjem i plastificiranjem, kao i specijalnim plastificiranjem u optici drveta, za izradu ograda i balkona.\",\"breadcrumb\":{\"@id\":\"https:\\\/\\\/www.blecha.at\\\/hr\\\/usluge\\\/povrsinskapreobrada\\\/#breadcrumb\"},\"inLanguage\":\"hr\",\"potentialAction\":[{\"@type\":\"ReadAction\",\"target\":[\"https:\\\/\\\/www.blecha.at\\\/hr\\\/usluge\\\/povrsinskapreobrada\\\/\"]}]},{\"@type\":\"ImageObject\",\"inLanguage\":\"hr\",\"@id\":\"https:\\\/\\\/www.blecha.at\\\/hr\\\/usluge\\\/povrsinskapreobrada\\\/#primaryimage\",\"url\":\"https:\\\/\\\/www.blecha.at\\\/wp-content\\\/uploads\\\/2021\\\/09\\\/blecha-oberflaechenveredelung-thumbnail.jpg\",\"contentUrl\":\"https:\\\/\\\/www.blecha.at\\\/wp-content\\\/uploads\\\/2021\\\/09\\\/blecha-oberflaechenveredelung-thumbnail.jpg\",\"width\":1600,\"height\":1600},{\"@type\":\"BreadcrumbList\",\"@id\":\"https:\\\/\\\/www.blecha.at\\\/hr\\\/usluge\\\/povrsinskapreobrada\\\/#breadcrumb\",\"itemListElement\":[{\"@type\":\"ListItem\",\"position\":1,\"name\":\"Home\",\"item\":\"https:\\\/\\\/www.blecha.at\\\/hr\\\/\"},{\"@type\":\"ListItem\",\"position\":2,\"name\":\"Usluge\",\"item\":\"https:\\\/\\\/www.blecha.at\\\/hr\\\/usluge\\\/\"},{\"@type\":\"ListItem\",\"position\":3,\"name\":\"Dorada povr\u0161ine\"}]},{\"@type\":\"WebSite\",\"@id\":\"https:\\\/\\\/www.blecha.at\\\/#website\",\"url\":\"https:\\\/\\\/www.blecha.at\\\/\",\"name\":\"BLECHA\",\"description\":\"Eine weitere WordPress-Website\",\"potentialAction\":[{\"@type\":\"SearchAction\",\"target\":{\"@type\":\"EntryPoint\",\"urlTemplate\":\"https:\\\/\\\/www.blecha.at\\\/?s={search_term_string}\"},\"query-input\":{\"@type\":\"PropertyValueSpecification\",\"valueRequired\":true,\"valueName\":\"search_term_string\"}}],\"inLanguage\":\"hr\"}]}<\/script>\n<!-- \/ Yoast SEO plugin. -->","yoast_head_json":{"title":"Dorada povr\u0161ine na\u010dinom eloksiranja i plastificiranja | BLECHA","description":"Nudimo doradu povr\u0161ine eloksiranjem i plastificiranjem, kao i specijalnim plastificiranjem u optici drveta, za izradu ograda i balkona.","robots":{"index":"index","follow":"follow","max-snippet":"max-snippet:-1","max-image-preview":"max-image-preview:large","max-video-preview":"max-video-preview:-1"},"canonical":"https:\/\/www.blecha.at\/hr\/usluge\/povrsinskapreobrada\/","og_locale":"hr_HR","og_type":"article","og_title":"Dorada povr\u0161ine na\u010dinom eloksiranja i plastificiranja | BLECHA","og_description":"Nudimo doradu povr\u0161ine eloksiranjem i plastificiranjem, kao i specijalnim plastificiranjem u optici drveta, za izradu ograda i balkona.","og_url":"https:\/\/www.blecha.at\/hr\/usluge\/povrsinskapreobrada\/","og_site_name":"BLECHA","article_modified_time":"2021-12-20T14:52:51+00:00","og_image":[{"width":1600,"height":1600,"url":"https:\/\/www.blecha.at\/wp-content\/uploads\/2021\/09\/blecha-oberflaechenveredelung-thumbnail.jpg","type":"image\/jpeg"}],"twitter_card":"summary_large_image","twitter_misc":{"Procijenjeno vrijeme \u010ditanja":"1 minuta"},"schema":{"@context":"https:\/\/schema.org","@graph":[{"@type":"WebPage","@id":"https:\/\/www.blecha.at\/hr\/usluge\/povrsinskapreobrada\/","url":"https:\/\/www.blecha.at\/hr\/usluge\/povrsinskapreobrada\/","name":"Dorada povr\u0161ine na\u010dinom eloksiranja i plastificiranja | BLECHA","isPartOf":{"@id":"https:\/\/www.blecha.at\/#website"},"primaryImageOfPage":{"@id":"https:\/\/www.blecha.at\/hr\/usluge\/povrsinskapreobrada\/#primaryimage"},"image":{"@id":"https:\/\/www.blecha.at\/hr\/usluge\/povrsinskapreobrada\/#primaryimage"},"thumbnailUrl":"https:\/\/www.blecha.at\/wp-content\/uploads\/2021\/09\/blecha-oberflaechenveredelung-thumbnail.jpg","datePublished":"2021-01-22T15:35:16+00:00","dateModified":"2021-12-20T14:52:51+00:00","description":"Nudimo doradu povr\u0161ine eloksiranjem i plastificiranjem, kao i specijalnim plastificiranjem u optici drveta, za izradu ograda i balkona.","breadcrumb":{"@id":"https:\/\/www.blecha.at\/hr\/usluge\/povrsinskapreobrada\/#breadcrumb"},"inLanguage":"hr","potentialAction":[{"@type":"ReadAction","target":["https:\/\/www.blecha.at\/hr\/usluge\/povrsinskapreobrada\/"]}]},{"@type":"ImageObject","inLanguage":"hr","@id":"https:\/\/www.blecha.at\/hr\/usluge\/povrsinskapreobrada\/#primaryimage","url":"https:\/\/www.blecha.at\/wp-content\/uploads\/2021\/09\/blecha-oberflaechenveredelung-thumbnail.jpg","contentUrl":"https:\/\/www.blecha.at\/wp-content\/uploads\/2021\/09\/blecha-oberflaechenveredelung-thumbnail.jpg","width":1600,"height":1600},{"@type":"BreadcrumbList","@id":"https:\/\/www.blecha.at\/hr\/usluge\/povrsinskapreobrada\/#breadcrumb","itemListElement":[{"@type":"ListItem","position":1,"name":"Home","item":"https:\/\/www.blecha.at\/hr\/"},{"@type":"ListItem","position":2,"name":"Usluge","item":"https:\/\/www.blecha.at\/hr\/usluge\/"},{"@type":"ListItem","position":3,"name":"Dorada povr\u0161ine"}]},{"@type":"WebSite","@id":"https:\/\/www.blecha.at\/#website","url":"https:\/\/www.blecha.at\/","name":"BLECHA","description":"Eine weitere WordPress-Website","potentialAction":[{"@type":"SearchAction","target":{"@type":"EntryPoint","urlTemplate":"https:\/\/www.blecha.at\/?s={search_term_string}"},"query-input":{"@type":"PropertyValueSpecification","valueRequired":true,"valueName":"search_term_string"}}],"inLanguage":"hr"}]}},"_links":{"self":[{"href":"https:\/\/www.blecha.at\/hr\/wp-json\/wp\/v2\/pages\/4861","targetHints":{"allow":["GET"]}}],"collection":[{"href":"https:\/\/www.blecha.at\/hr\/wp-json\/wp\/v2\/pages"}],"about":[{"href":"https:\/\/www.blecha.at\/hr\/wp-json\/wp\/v2\/types\/page"}],"author":[{"embeddable":true,"href":"https:\/\/www.blecha.at\/hr\/wp-json\/wp\/v2\/users\/2"}],"replies":[{"embeddable":true,"href":"https:\/\/www.blecha.at\/hr\/wp-json\/wp\/v2\/comments?post=4861"}],"version-history":[{"count":3,"href":"https:\/\/www.blecha.at\/hr\/wp-json\/wp\/v2\/pages\/4861\/revisions"}],"predecessor-version":[{"id":13157,"href":"https:\/\/www.blecha.at\/hr\/wp-json\/wp\/v2\/pages\/4861\/revisions\/13157"}],"up":[{"embeddable":true,"href":"https:\/\/www.blecha.at\/hr\/wp-json\/wp\/v2\/pages\/4567"}],"wp:featuredmedia":[{"embeddable":true,"href":"https:\/\/www.blecha.at\/hr\/wp-json\/wp\/v2\/media\/4863"}],"wp:attachment":[{"href":"https:\/\/www.blecha.at\/hr\/wp-json\/wp\/v2\/media?parent=4861"}],"curies":[{"name":"wp","href":"https:\/\/api.w.org\/{rel}","templated":true}]}}