{"id":5009,"date":"2021-01-22T21:32:59","date_gmt":"2021-01-22T20:32:59","guid":{"rendered":"https:\/\/www.blecha.at\/usluge\/sonderprofile-im-3d-druck\/"},"modified":"2021-12-20T16:04:31","modified_gmt":"2021-12-20T15:04:31","slug":"specijalni-profili-u-3d-printu","status":"publish","type":"page","link":"https:\/\/www.blecha.at\/hr\/usluge\/specijalni-profili-u-3d-printu\/","title":{"rendered":"Specijalni profili u 3D-Printu"},"content":{"rendered":"\n<section id=\"sectionTwo\" class=\"mt-lg-n11 py-8 py-md-11 px-lg-9 border-left border-right border-right-lg-none bg-white\">\n\n\n<div class=\"wp-bootstrap-blocks-container container-fluid mb-0\">\n\t\n<div class=\"wp-bootstrap-blocks-row row mx-auto\">\n\t\n\n<div class=\"col-12 col-md-10\">\n\t\t\t\n\n<h2 class=\"text-secondary scroll-fade-bottom-up visibility-hidden wp-block-heading\">Tiskamo prototip va\u0161eg specijalnog profila u obliku 3D plasti\u010dnog printa!<\/h2>\n\n\n\n<h3 class=\"scroll-fade-bottom-up visibility-hidden wp-block-heading\">Dobiti 3D-printa<\/h3>\n\n\n\n<p class=\"scroll-fade-bottom-up visibility-hidden\">Jedan 3D-prototip, pa \u010dak imao i geometrijski kompleksnu formu, se vrlo jednostavno izradi i individualno prilagodi. Izrada prototipa br\u017ea je u usporedbi s konvencionalnim metodama, a funkcionalno testiranje i otkrivanje pogre\u0161aka dio su procesa razvoja proizvoda. 3D-modeli su fleksibilni \u2013 jednom nacrtani 3D-modeli mogu se mijenjati i ponovno tiskati i to u vrlo kratkom roku. Tako\u0111er su izuzetno idealni za uzorkovanje.<\/p>\n\n\t<\/div>\n\n<\/div>\n\n<\/div>\n\n\n\n<\/section>\n\n\n\n<section class=\"pl-lg-9 border-left border-right border-right-lg-none bg-primary\">\n\n\n<div class=\"wp-bootstrap-blocks-container container-fluid mb-0 pr-0\">\n\t\n<div class=\"wp-bootstrap-blocks-row row mx-auto\">\n\t\n\n<div class=\"col-12 col-md-5 py-7 py-lg-9\">\n\t\t\t\n\n<h3 class=\"text-secondary mb-4 scroll-fade-bottom-up visibility-hidden wp-block-heading\">Tehni\u010dke specifikacije<\/h3>\n\n\n\n<div class=\"d-flex text-left scroll-fade-bottom-up visibility-hidden\">\n<div class=\"badge badge-rounded-circle badge-secondary mt-1 mr-4\">\n<i class=\"fe fe-check\"><\/i>\n<\/div><p class=\"text-white\">Veli\u010dine u presjeku do 180x180mm<\/p><\/div>\n\n<div class=\"d-flex text-left scroll-fade-bottom-up visibility-hidden\">\n<div class=\"badge badge-rounded-circle badge-secondary mt-1 mr-4\">\n<i class=\"fe fe-check\"><\/i>\n<\/div><p class=\"text-white\">Visina do 200mm mogu\u0107a<\/p><\/div>\n\n<div class=\"d-flex text-left scroll-fade-bottom-up visibility-hidden\">\n<div class=\"badge badge-rounded-circle badge-secondary mt-1 mr-4\">\n<i class=\"fe fe-check\"><\/i>\n<\/div><p class=\"text-white\">Vrlo precizne tolerancije dimenzja od +\/-0,3mm<\/p><\/div>\n\n<div class=\"d-flex text-left scroll-fade-bottom-up visibility-hidden\">\n<div class=\"badge badge-rounded-circle badge-secondary mt-1 mr-4\">\n<i class=\"fe fe-check\"><\/i>\n<\/div><p class=\"text-white\">Tisak u bojama plava, bijela ili siva mogu\u0107<\/p><\/div>\n\n\n\n<h3 class=\"text-secondary mt-7 mb-4 scroll-fade-bottom-up visibility-hidden wp-block-heading\">Rok isporuke<\/h3>\n\n\n\n<div class=\"d-flex text-left scroll-fade-bottom-up visibility-hidden\">\n<div class=\"badge badge-rounded-circle badge-secondary mt-1 mr-4\">\n<i class=\"fe fe-check\"><\/i>\n<\/div><p class=\"text-white\">1-2 tjedna (zavisi o varijanti)<\/p><\/div>\n\n\t<\/div>\n\n\n\n<div class=\"col-12 col-md-7 px-0 scroll-reveal-right-to-left\">\n\t\t\t\n\n<div class=\"reveal-item\">\n<div class=\"reveal-item-inner\">\n<div class=\"shape shape-left shape-fluid-y svg-shim text-primary d-none d-md-block\">                                              <svg viewBox=\"0 0 100 1544\" fill=\"none\" xmlns=\"http:\/\/www.w3.org\/2000\/svg\">                                                <path d=\"M0 0h100v386l-50 772v386H0V0z\" fill=\"currentColor\"><\/path>                                           <\/svg><\/div>\n\n\n\n<figure class=\"wp-block-image size-large wp-block-image-cover h-100 mb-0\"><img decoding=\"async\" width=\"1024\" height=\"683\" src=\"https:\/\/www.blecha.at\/wp-content\/uploads\/2021\/03\/blecha-3d-drucker-2-1024x683.jpg\" alt=\"\" class=\"wp-image-5015\" srcset=\"https:\/\/www.blecha.at\/wp-content\/uploads\/2021\/03\/blecha-3d-drucker-2-1024x683.jpg 1024w, https:\/\/www.blecha.at\/wp-content\/uploads\/2021\/03\/blecha-3d-drucker-2-300x200.jpg 300w, https:\/\/www.blecha.at\/wp-content\/uploads\/2021\/03\/blecha-3d-drucker-2-768x512.jpg 768w, https:\/\/www.blecha.at\/wp-content\/uploads\/2021\/03\/blecha-3d-drucker-2-1536x1024.jpg 1536w, https:\/\/www.blecha.at\/wp-content\/uploads\/2021\/03\/blecha-3d-drucker-2-2048x1366.jpg 2048w\" sizes=\"(max-width: 1024px) 100vw, 1024px\" \/><\/figure>\n\n\n\n<\/div>\n<\/div>\n\n\t<\/div>\n\n<\/div>\n\n<\/div>\n\n\n\n<\/section>\n\n\n\n<section class=\"px-lg-9 border-left border-right border-right-lg-none bg-secondary\">\n\n\n<div class=\"wp-bootstrap-blocks-container container-fluid mb-0 bg-secondary\">\n\t\n<div class=\"wp-bootstrap-blocks-row row mx-auto\">\n\t\n\n<div class=\"col-12 col-md-6 text-white py-7 py-md-9\">\n\t\t\t\n\n<h5 class=\"mb-5 scroll-fade-bottom-up visibility-hidden wp-block-heading\">Varijanta 1: Vi imate skicu<\/h5>\n\n\n\n<div class=\"d-flex text-left scroll-fade-bottom-up visibility-hidden\">\n<div class=\"badge badge-rounded-circle badge-primary mt-1 mr-4\">\n<i class=\"fe fe-check\"><\/i>\n<\/div><p class=\"text-white\">mi crtamo profil za vas u dwg-formatu<\/p><\/div>\n\n<div class=\"d-flex text-left scroll-fade-bottom-up visibility-hidden\">\n<div class=\"badge badge-rounded-circle badge-primary mt-1 mr-4\">\n<i class=\"fe fe-check\"><\/i>\n<\/div><p class=\"text-white\">vi odobravate nacrt\n<\/p><\/div>\n\n<div class=\"d-flex text-left scroll-fade-bottom-up visibility-hidden\">\n<div class=\"badge badge-rounded-circle badge-primary mt-1 mr-4\">\n<i class=\"fe fe-check\"><\/i>\n<\/div><p class=\"text-white\">mi printamo uzorak po\u017eeljnog profila u 3D-Printu<\/p><\/div>\n\n<div class=\"d-flex text-left scroll-fade-bottom-up visibility-hidden\">\n<div class=\"badge badge-rounded-circle badge-primary mt-1 mr-4\">\n<i class=\"fe fe-check\"><\/i>\n<\/div><p class=\"text-white\">vi dobijate uzorak profila i dwg-nacrt<\/p><\/div>\n\n<div class=\"d-flex text-left scroll-fade-bottom-up visibility-hidden\">\n<div class=\"badge badge-rounded-circle badge-primary mt-1 mr-4\">\n<i class=\"fe fe-check\"><\/i>\n<\/div><p class=\"text-white\">pau\u0161ala bez PDV: od \u20ac 180.-<\/p><\/div>\n\n\t<\/div>\n\n\n\n<div class=\"col-12 col-md-6 text-white py-7 py-md-9\">\n\t\t\t\n\n<h5 class=\"mb-5 scroll-fade-bottom-up visibility-hidden wp-block-heading\">Varijanta 2: Vi ve\u0107 imate upotrebljiv 2D- ili 3D-nacrt u dwg-formatu<\/h5>\n\n\n\n<div class=\"d-flex text-left scroll-fade-bottom-up visibility-hidden\">\n<div class=\"badge badge-rounded-circle badge-primary mt-1 mr-4\">\n<i class=\"fe fe-check\"><\/i>\n<\/div><p class=\"text-white\">Mi printamo uzorak po\u017eeljnog profila u 3D-Printu po va\u0161em nacrtu<\/p><\/div>\n\n<div class=\"d-flex text-left scroll-fade-bottom-up visibility-hidden\">\n<div class=\"badge badge-rounded-circle badge-primary mt-1 mr-4\">\n<i class=\"fe fe-check\"><\/i>\n<\/div><p class=\"text-white\">Mi vam \u0161aljemo prototip 3D-printa<\/p><\/div>\n\n<div class=\"d-flex text-left scroll-fade-bottom-up visibility-hidden\">\n<div class=\"badge badge-rounded-circle badge-primary mt-1 mr-4\">\n<i class=\"fe fe-check\"><\/i>\n<\/div><p class=\"text-white\">Pau\u0161ala bez PDV: od \u20ac 90.-<\/p><\/div>\n\n\t<\/div>\n\n<\/div>\n\n<\/div>\n\n\n\n<\/section>\n\n\n\n<section class=\"py-8 py-md-11 px-lg-9 border-left border-right border-right-lg-none bg-white\">\n\n\n<div class=\"wp-bootstrap-blocks-container container-fluid mb-0\">\n\t\n<div class=\"wp-bootstrap-blocks-row row mx-auto\">\n\t\n\n<div class=\"col-12 col-md-10\">\n\t\t\t\n\n<h2 class=\"text-secondary mb-7 scroll-fade-bottom-up visibility-hidden wp-block-heading\">Mediji<\/h2>\n\n\t<\/div>\n\n<\/div>\n\n\n<div class=\"wp-bootstrap-blocks-row row mx-auto\">\n\t\n\n<div class=\"col-12\">\n\t\t\t\n\n<figure class=\"wp-block-embed is-type-video is-provider-youtube wp-block-embed-youtube wp-embed-aspect-16-9 wp-has-aspect-ratio\"><div class=\"wp-block-embed__wrapper\">\n<iframe title=\"Prototypen von Spezialprofilen im 3D-Druck als Muster\" width=\"500\" height=\"281\" src=\"https:\/\/www.youtube.com\/embed\/7oZJztUp1ig?feature=oembed\" frameborder=\"0\" allow=\"accelerometer; autoplay; clipboard-write; encrypted-media; gyroscope; picture-in-picture; web-share\" referrerpolicy=\"strict-origin-when-cross-origin\" allowfullscreen><\/iframe>\n<\/div><\/figure>\n\n\t<\/div>\n\n<\/div>\n\n<\/div>\n\n\n\n<\/section>\n\n\n\n<p><\/p>\n","protected":false},"excerpt":{"rendered":"","protected":false},"author":2,"featured_media":4868,"parent":4567,"menu_order":0,"comment_status":"closed","ping_status":"closed","template":"page-leistungen.php","meta":{"_acf_changed":false,"footnotes":""},"class_list":["post-5009","page","type-page","status-publish","has-post-thumbnail","hentry"],"acf":[],"yoast_head":"<!-- This site is optimized with the Yoast SEO plugin v27.3 - https:\/\/yoast.com\/product\/yoast-seo-wordpress\/ -->\n<title>Specijalni profili u 3D-Printu | BLECHA<\/title>\n<meta name=\"description\" content=\"Tiskamo prototip va\u0161eg specijalnog profila u obliku 3D plasti\u010dnog printa! Jedan 3D-prototip, pa \u010dak imao i geometrijski kompleksnu formu, se vrlo jednostavno izradi i individualno prilagodi.\" \/>\n<meta name=\"robots\" content=\"index, follow, max-snippet:-1, max-image-preview:large, max-video-preview:-1\" \/>\n<link rel=\"canonical\" href=\"https:\/\/www.blecha.at\/hr\/usluge\/specijalni-profili-u-3d-printu\/\" \/>\n<meta property=\"og:locale\" content=\"hr_HR\" \/>\n<meta property=\"og:type\" content=\"article\" \/>\n<meta property=\"og:title\" content=\"Specijalni profili u 3D-Printu | BLECHA\" \/>\n<meta property=\"og:description\" content=\"Tiskamo prototip va\u0161eg specijalnog profila u obliku 3D plasti\u010dnog printa! Jedan 3D-prototip, pa \u010dak imao i geometrijski kompleksnu formu, se vrlo jednostavno izradi i individualno prilagodi.\" \/>\n<meta property=\"og:url\" content=\"https:\/\/www.blecha.at\/hr\/usluge\/specijalni-profili-u-3d-printu\/\" \/>\n<meta property=\"og:site_name\" content=\"BLECHA\" \/>\n<meta property=\"article:modified_time\" content=\"2021-12-20T15:04:31+00:00\" \/>\n<meta property=\"og:image\" content=\"https:\/\/www.blecha.at\/wp-content\/uploads\/2021\/03\/blecha-3d-drucker-thumbnail-1.jpg\" \/>\n\t<meta property=\"og:image:width\" content=\"1600\" \/>\n\t<meta property=\"og:image:height\" content=\"1600\" \/>\n\t<meta property=\"og:image:type\" content=\"image\/jpeg\" \/>\n<meta name=\"twitter:card\" content=\"summary_large_image\" \/>\n<meta name=\"twitter:label1\" content=\"Procijenjeno vrijeme \u010ditanja\" \/>\n\t<meta name=\"twitter:data1\" content=\"2 minute\" \/>\n<script type=\"application\/ld+json\" class=\"yoast-schema-graph\">{\"@context\":\"https:\\\/\\\/schema.org\",\"@graph\":[{\"@type\":\"WebPage\",\"@id\":\"https:\\\/\\\/www.blecha.at\\\/hr\\\/usluge\\\/specijalni-profili-u-3d-printu\\\/\",\"url\":\"https:\\\/\\\/www.blecha.at\\\/hr\\\/usluge\\\/specijalni-profili-u-3d-printu\\\/\",\"name\":\"Specijalni profili u 3D-Printu | BLECHA\",\"isPartOf\":{\"@id\":\"https:\\\/\\\/www.blecha.at\\\/#website\"},\"primaryImageOfPage\":{\"@id\":\"https:\\\/\\\/www.blecha.at\\\/hr\\\/usluge\\\/specijalni-profili-u-3d-printu\\\/#primaryimage\"},\"image\":{\"@id\":\"https:\\\/\\\/www.blecha.at\\\/hr\\\/usluge\\\/specijalni-profili-u-3d-printu\\\/#primaryimage\"},\"thumbnailUrl\":\"https:\\\/\\\/www.blecha.at\\\/wp-content\\\/uploads\\\/2021\\\/03\\\/blecha-3d-drucker-thumbnail-1.jpg\",\"datePublished\":\"2021-01-22T20:32:59+00:00\",\"dateModified\":\"2021-12-20T15:04:31+00:00\",\"description\":\"Tiskamo prototip va\u0161eg specijalnog profila u obliku 3D plasti\u010dnog printa! Jedan 3D-prototip, pa \u010dak imao i geometrijski kompleksnu formu, se vrlo jednostavno izradi i individualno prilagodi.\",\"breadcrumb\":{\"@id\":\"https:\\\/\\\/www.blecha.at\\\/hr\\\/usluge\\\/specijalni-profili-u-3d-printu\\\/#breadcrumb\"},\"inLanguage\":\"hr\",\"potentialAction\":[{\"@type\":\"ReadAction\",\"target\":[\"https:\\\/\\\/www.blecha.at\\\/hr\\\/usluge\\\/specijalni-profili-u-3d-printu\\\/\"]}]},{\"@type\":\"ImageObject\",\"inLanguage\":\"hr\",\"@id\":\"https:\\\/\\\/www.blecha.at\\\/hr\\\/usluge\\\/specijalni-profili-u-3d-printu\\\/#primaryimage\",\"url\":\"https:\\\/\\\/www.blecha.at\\\/wp-content\\\/uploads\\\/2021\\\/03\\\/blecha-3d-drucker-thumbnail-1.jpg\",\"contentUrl\":\"https:\\\/\\\/www.blecha.at\\\/wp-content\\\/uploads\\\/2021\\\/03\\\/blecha-3d-drucker-thumbnail-1.jpg\",\"width\":1600,\"height\":1600},{\"@type\":\"BreadcrumbList\",\"@id\":\"https:\\\/\\\/www.blecha.at\\\/hr\\\/usluge\\\/specijalni-profili-u-3d-printu\\\/#breadcrumb\",\"itemListElement\":[{\"@type\":\"ListItem\",\"position\":1,\"name\":\"Home\",\"item\":\"https:\\\/\\\/www.blecha.at\\\/hr\\\/\"},{\"@type\":\"ListItem\",\"position\":2,\"name\":\"Usluge\",\"item\":\"https:\\\/\\\/www.blecha.at\\\/hr\\\/usluge\\\/\"},{\"@type\":\"ListItem\",\"position\":3,\"name\":\"Specijalni profili u 3D-Printu\"}]},{\"@type\":\"WebSite\",\"@id\":\"https:\\\/\\\/www.blecha.at\\\/#website\",\"url\":\"https:\\\/\\\/www.blecha.at\\\/\",\"name\":\"BLECHA\",\"description\":\"Eine weitere WordPress-Website\",\"potentialAction\":[{\"@type\":\"SearchAction\",\"target\":{\"@type\":\"EntryPoint\",\"urlTemplate\":\"https:\\\/\\\/www.blecha.at\\\/?s={search_term_string}\"},\"query-input\":{\"@type\":\"PropertyValueSpecification\",\"valueRequired\":true,\"valueName\":\"search_term_string\"}}],\"inLanguage\":\"hr\"}]}<\/script>\n<!-- \/ Yoast SEO plugin. -->","yoast_head_json":{"title":"Specijalni profili u 3D-Printu | BLECHA","description":"Tiskamo prototip va\u0161eg specijalnog profila u obliku 3D plasti\u010dnog printa! Jedan 3D-prototip, pa \u010dak imao i geometrijski kompleksnu formu, se vrlo jednostavno izradi i individualno prilagodi.","robots":{"index":"index","follow":"follow","max-snippet":"max-snippet:-1","max-image-preview":"max-image-preview:large","max-video-preview":"max-video-preview:-1"},"canonical":"https:\/\/www.blecha.at\/hr\/usluge\/specijalni-profili-u-3d-printu\/","og_locale":"hr_HR","og_type":"article","og_title":"Specijalni profili u 3D-Printu | BLECHA","og_description":"Tiskamo prototip va\u0161eg specijalnog profila u obliku 3D plasti\u010dnog printa! Jedan 3D-prototip, pa \u010dak imao i geometrijski kompleksnu formu, se vrlo jednostavno izradi i individualno prilagodi.","og_url":"https:\/\/www.blecha.at\/hr\/usluge\/specijalni-profili-u-3d-printu\/","og_site_name":"BLECHA","article_modified_time":"2021-12-20T15:04:31+00:00","og_image":[{"width":1600,"height":1600,"url":"https:\/\/www.blecha.at\/wp-content\/uploads\/2021\/03\/blecha-3d-drucker-thumbnail-1.jpg","type":"image\/jpeg"}],"twitter_card":"summary_large_image","twitter_misc":{"Procijenjeno vrijeme \u010ditanja":"2 minute"},"schema":{"@context":"https:\/\/schema.org","@graph":[{"@type":"WebPage","@id":"https:\/\/www.blecha.at\/hr\/usluge\/specijalni-profili-u-3d-printu\/","url":"https:\/\/www.blecha.at\/hr\/usluge\/specijalni-profili-u-3d-printu\/","name":"Specijalni profili u 3D-Printu | BLECHA","isPartOf":{"@id":"https:\/\/www.blecha.at\/#website"},"primaryImageOfPage":{"@id":"https:\/\/www.blecha.at\/hr\/usluge\/specijalni-profili-u-3d-printu\/#primaryimage"},"image":{"@id":"https:\/\/www.blecha.at\/hr\/usluge\/specijalni-profili-u-3d-printu\/#primaryimage"},"thumbnailUrl":"https:\/\/www.blecha.at\/wp-content\/uploads\/2021\/03\/blecha-3d-drucker-thumbnail-1.jpg","datePublished":"2021-01-22T20:32:59+00:00","dateModified":"2021-12-20T15:04:31+00:00","description":"Tiskamo prototip va\u0161eg specijalnog profila u obliku 3D plasti\u010dnog printa! Jedan 3D-prototip, pa \u010dak imao i geometrijski kompleksnu formu, se vrlo jednostavno izradi i individualno prilagodi.","breadcrumb":{"@id":"https:\/\/www.blecha.at\/hr\/usluge\/specijalni-profili-u-3d-printu\/#breadcrumb"},"inLanguage":"hr","potentialAction":[{"@type":"ReadAction","target":["https:\/\/www.blecha.at\/hr\/usluge\/specijalni-profili-u-3d-printu\/"]}]},{"@type":"ImageObject","inLanguage":"hr","@id":"https:\/\/www.blecha.at\/hr\/usluge\/specijalni-profili-u-3d-printu\/#primaryimage","url":"https:\/\/www.blecha.at\/wp-content\/uploads\/2021\/03\/blecha-3d-drucker-thumbnail-1.jpg","contentUrl":"https:\/\/www.blecha.at\/wp-content\/uploads\/2021\/03\/blecha-3d-drucker-thumbnail-1.jpg","width":1600,"height":1600},{"@type":"BreadcrumbList","@id":"https:\/\/www.blecha.at\/hr\/usluge\/specijalni-profili-u-3d-printu\/#breadcrumb","itemListElement":[{"@type":"ListItem","position":1,"name":"Home","item":"https:\/\/www.blecha.at\/hr\/"},{"@type":"ListItem","position":2,"name":"Usluge","item":"https:\/\/www.blecha.at\/hr\/usluge\/"},{"@type":"ListItem","position":3,"name":"Specijalni profili u 3D-Printu"}]},{"@type":"WebSite","@id":"https:\/\/www.blecha.at\/#website","url":"https:\/\/www.blecha.at\/","name":"BLECHA","description":"Eine weitere WordPress-Website","potentialAction":[{"@type":"SearchAction","target":{"@type":"EntryPoint","urlTemplate":"https:\/\/www.blecha.at\/?s={search_term_string}"},"query-input":{"@type":"PropertyValueSpecification","valueRequired":true,"valueName":"search_term_string"}}],"inLanguage":"hr"}]}},"_links":{"self":[{"href":"https:\/\/www.blecha.at\/hr\/wp-json\/wp\/v2\/pages\/5009","targetHints":{"allow":["GET"]}}],"collection":[{"href":"https:\/\/www.blecha.at\/hr\/wp-json\/wp\/v2\/pages"}],"about":[{"href":"https:\/\/www.blecha.at\/hr\/wp-json\/wp\/v2\/types\/page"}],"author":[{"embeddable":true,"href":"https:\/\/www.blecha.at\/hr\/wp-json\/wp\/v2\/users\/2"}],"replies":[{"embeddable":true,"href":"https:\/\/www.blecha.at\/hr\/wp-json\/wp\/v2\/comments?post=5009"}],"version-history":[{"count":4,"href":"https:\/\/www.blecha.at\/hr\/wp-json\/wp\/v2\/pages\/5009\/revisions"}],"predecessor-version":[{"id":13198,"href":"https:\/\/www.blecha.at\/hr\/wp-json\/wp\/v2\/pages\/5009\/revisions\/13198"}],"up":[{"embeddable":true,"href":"https:\/\/www.blecha.at\/hr\/wp-json\/wp\/v2\/pages\/4567"}],"wp:featuredmedia":[{"embeddable":true,"href":"https:\/\/www.blecha.at\/hr\/wp-json\/wp\/v2\/media\/4868"}],"wp:attachment":[{"href":"https:\/\/www.blecha.at\/hr\/wp-json\/wp\/v2\/media?parent=5009"}],"curies":[{"name":"wp","href":"https:\/\/api.w.org\/{rel}","templated":true}]}}