{"id":5126,"date":"2021-01-22T21:44:17","date_gmt":"2021-01-22T20:44:17","guid":{"rendered":"https:\/\/www.blecha.at\/usluge\/verpackung-und-versand\/"},"modified":"2021-09-30T14:13:39","modified_gmt":"2021-09-30T12:13:39","slug":"pakiranje-i-isporuka","status":"publish","type":"page","link":"https:\/\/www.blecha.at\/hr\/usluge\/pakiranje-i-isporuka\/","title":{"rendered":"Verpackung und Versand"},"content":{"rendered":"\n<section id=\"sectionTwo\" class=\"mt-lg-n11 py-8 py-md-11 px-lg-9 border-left border-right border-right-lg-none bg-white\">\n\n\n<div class=\"wp-bootstrap-blocks-container container-fluid mb-0\">\n\t\n<div class=\"wp-bootstrap-blocks-row row mx-auto\">\n\t\n\n<div class=\"col-12 col-md-10\">\n\t\t\t\n\n<h2 class=\"text-secondary scroll-fade-bottom-up visibility-hidden wp-block-heading\">Br\u017ee do cilja! <br>S BLECHA-logistikom, najsigurnijoj dostavnoj usluzi.<\/h2>\n\n\n\n<p class=\"scroll-fade-bottom-up visibility-hidden\">Na\u0161i kupci cijene na\u0161u kvalitetu. I to ne samo kod materijala. Jer na\u0161e obe\u0107anje vrijedi ne samo kod narud\u017ebe, ve\u0107 od prvog \u201edobar dan\u201c pa sve do isporuke. Vodimo ra\u010duna o svemu oko optimalnog pakiranja, kako bi isporuka bila 100% za\u0161ti\u0107ena i naru\u010dena roba u odli\u010dnom stanju stigla na va\u0161u adresu. Dostavu na\u0161im kamionima koordiniramo na\u0161im planom putovanja, unutar Austrije i u susjedne zemalje. \u0160to nestignemo na\u0161im kamionima dostaviti, oslanjamo se na pouzdane \u0161pediterske partnere, kako bi diljem svijeta garantirali sigurnu isporuku. Tako\u0111er se brinemo i o carinskoj dokumentaciji, ako je to po\u017eeljno. Vi samo fokusirajte va\u0161 projekt, za sve ostalo se brinemo mi.<\/p>\n\n\t<\/div>\n\n<\/div>\n\n<\/div>\n\n\n\n<\/section>\n\n\n\n<section class=\"border-left border-right border-right-lg-none bg-primary\">\n\n\n<div class=\"wp-bootstrap-blocks-container container-fluid mb-0 px-0\">\n\t\n<div class=\"wp-bootstrap-blocks-row row mx-auto\">\n\t\n\n<div class=\"col-12 col-md-6 px-7 px-lg-9 py-7 py-lg-9\">\n\t\t\t\n\n<h3 class=\"text-secondary scroll-fade-bottom-up visibility-hidden wp-block-heading\">Pakirni stroj<\/h3>\n\n\n\n<p class=\"scroll-fade-bottom-up visibility-hidden\">BLECHA garantira sigurnost, stabilnost i za\u0161titu kod isporuke pomo\u0107u pakirnog stroja.&nbsp;Po va\u0161oj \u017eelji umotavamo naru\u010dene artikle u cijeli koli ili svaku \u0161ipku posebno u tanku foliju.<\/p>\n\n\n\n<h5 class=\"text-secondary mt-7 mb-5 scroll-fade-bottom-up visibility-hidden wp-block-heading\">Tehni\u010dke mogu\u0107nosti:<\/h5>\n\n\n\n<div class=\"d-flex text-left scroll-fade-bottom-up visibility-hidden\">\n<div class=\"badge badge-rounded-circle badge-secondary mt-1 mr-4\">\n<i class=\"fe fe-check\"><\/i>\n<\/div><p class=\"text-white\">Produktbreite: 100 mm bis 550 mm<\/p><\/div>\n\n<div class=\"d-flex text-left scroll-fade-bottom-up visibility-hidden\">\n<div class=\"badge badge-rounded-circle badge-secondary mt-1 mr-4\">\n<i class=\"fe fe-check\"><\/i>\n<\/div><p class=\"text-white\">Visina proizvoda: 30 mm do 500 mm<\/p><\/div>\n\n<div class=\"d-flex text-left scroll-fade-bottom-up visibility-hidden\">\n<div class=\"badge badge-rounded-circle badge-secondary mt-1 mr-4\">\n<i class=\"fe fe-check\"><\/i>\n<\/div><p class=\"text-white\">Du\u017eina proizvoda: 2000 mm do 6020 mm<\/p><\/div>\n\n<div class=\"d-flex text-left scroll-fade-bottom-up visibility-hidden\">\n<div class=\"badge badge-rounded-circle badge-secondary mt-1 mr-4\">\n<i class=\"fe fe-check\"><\/i>\n<\/div><p class=\"text-white\">Te\u017eina proizvoda: max. 600 kg<\/p><\/div>\n\n<div class=\"d-flex text-left scroll-fade-bottom-up visibility-hidden\">\n<div class=\"badge badge-rounded-circle badge-secondary mt-1 mr-4\">\n<i class=\"fe fe-check\"><\/i>\n<\/div><p class=\"text-white\">Diagonala proizvoda: max. 744 mm<\/p><\/div>\n\n\t<\/div>\n\n\n\n<div class=\"col-12 col-md-6 px-0 scroll-reveal-right-to-left\">\n\t\t\t\n\n<div class=\"reveal-item\">\n<div class=\"reveal-item-inner\">\n\n\n\n<figure class=\"wp-block-image size-large wp-block-image-cover h-100 mb-0\"><img decoding=\"async\" width=\"795\" height=\"1024\" src=\"https:\/\/www.blecha.at\/wp-content\/uploads\/2021\/02\/blecha-wickelmaschine-1-795x1024.jpg\" alt=\"\" class=\"wp-image-1854\" srcset=\"https:\/\/www.blecha.at\/wp-content\/uploads\/2021\/02\/blecha-wickelmaschine-1-795x1024.jpg 795w, https:\/\/www.blecha.at\/wp-content\/uploads\/2021\/02\/blecha-wickelmaschine-1-233x300.jpg 233w, https:\/\/www.blecha.at\/wp-content\/uploads\/2021\/02\/blecha-wickelmaschine-1-768x990.jpg 768w, https:\/\/www.blecha.at\/wp-content\/uploads\/2021\/02\/blecha-wickelmaschine-1-1192x1536.jpg 1192w, https:\/\/www.blecha.at\/wp-content\/uploads\/2021\/02\/blecha-wickelmaschine-1-1589x2048.jpg 1589w, https:\/\/www.blecha.at\/wp-content\/uploads\/2021\/02\/blecha-wickelmaschine-1.jpg 1707w\" sizes=\"(max-width: 795px) 100vw, 795px\" \/><\/figure>\n\n\n\n<\/div>\n<\/div>\n\n\t<\/div>\n\n\n\n<div class=\"col-12 col-md-6 px-7 px-lg-9 py-7 py-lg-9 order-md-2\">\n\t\t\t\n\n<h3 class=\"text-secondary scroll-fade-bottom-up visibility-hidden wp-block-heading\">Vili\u010dari i komisioniranje<\/h3>\n\n\n\n<p>U BLECHA-i radimo s 10 najsuvremenijih vili\u010dara s kojima se na\u0161a vozila ukrcavaju i istovaraju robom.<\/p>\n\n\n\n<p>Tako\u0111er imamo i 4 \u010detvero-smjernih vili\u010dara s ko\u0161arama za komisioniranje narud\u017ebi, koji se koriste za prikupljanje robe iz regala i prepremu za kupca.<\/p>\n\n\n\n<p>Na kraju, ali ne i najmanje va\u017eano, koriste se na\u0161a 4 \u010detvero-smjerna\u00a0 bo\u010dna vilju\u0161kara, s kojima na\u0161i iskusni stru\u010dnjaci skladi\u0161te robu na police regala. Stoga smo optimalno opremljeni za brzu i u\u010dinkovitu opskrbu na\u0161ih kupaca visokokvalitetnim proizvodima. Zapo\u010dnite svoj sljede\u0107i projekt s BLECHOM i uvjerite se sami.<\/p>\n\n\t<\/div>\n\n\n\n<div class=\"col-12 col-md-6 px-0 scroll-reveal-left-to-right\">\n\t\t\t\n\n<div class=\"reveal-item\">\n<div class=\"reveal-item-inner\">\n\n\n\n<figure class=\"wp-block-image size-large wp-block-image-cover h-100 mb-0\"><img decoding=\"async\" width=\"795\" height=\"1024\" src=\"https:\/\/www.blecha.at\/wp-content\/uploads\/2021\/02\/blecha-kommissioniermaschine-1-795x1024.jpg\" alt=\"\" class=\"wp-image-1869\" srcset=\"https:\/\/www.blecha.at\/wp-content\/uploads\/2021\/02\/blecha-kommissioniermaschine-1-795x1024.jpg 795w, https:\/\/www.blecha.at\/wp-content\/uploads\/2021\/02\/blecha-kommissioniermaschine-1-233x300.jpg 233w, https:\/\/www.blecha.at\/wp-content\/uploads\/2021\/02\/blecha-kommissioniermaschine-1-768x990.jpg 768w, https:\/\/www.blecha.at\/wp-content\/uploads\/2021\/02\/blecha-kommissioniermaschine-1-1192x1536.jpg 1192w, https:\/\/www.blecha.at\/wp-content\/uploads\/2021\/02\/blecha-kommissioniermaschine-1-1589x2048.jpg 1589w, https:\/\/www.blecha.at\/wp-content\/uploads\/2021\/02\/blecha-kommissioniermaschine-1.jpg 1707w\" sizes=\"(max-width: 795px) 100vw, 795px\" \/><\/figure>\n\n\n\n<\/div>\n<\/div>\n\n\t<\/div>\n\n<\/div>\n\n<\/div>\n\n\n\n<\/section>\n\n\n\n<section class=\"py-8 py-md-11 px-lg-9 border-left border-right border-right-lg-none bg-light\">\n\n\n<div class=\"wp-bootstrap-blocks-container container-fluid mb-0\">\n\t\n<div class=\"wp-bootstrap-blocks-row row mx-auto\">\n\t\n\n<div class=\"col-12 col-md-10\">\n\t\t\t\n\n<h3 class=\"scroll-fade-bottom-up visibility-hidden wp-block-heading\">Stroj za komisioniranje limova<meta charset=\"utf-8\"><\/h3>\n\n\n\n<p class=\"scroll-fade-bottom-up visibility-hidden\">Pomo\u0107u stroja za komisioniranje mogu\u0107e nam je slaganje glatkih limova, protukliznih limova i debljih plo\u010da, i to vrlo brzo, automatski i sigurnije za materijal, kod potrebe i sa papirom izme\u0111u plo\u010da.<\/p>\n\n\n\n<h5 class=\"wp-block-heading\">Va\u0161e dobiti:<\/h5>\n\n\n\n<div class=\"d-flex text-left scroll-fade-bottom-up visibility-hidden\">\n<div class=\"badge badge-rounded-circle badge-secondary mt-1 mr-4\">\n<i class=\"fe fe-check\"><\/i>\n<\/div><p class=\"text-black\">Kra\u0107i rokovi isporuke<\/p><\/div>\n\n<div class=\"d-flex text-left scroll-fade-bottom-up visibility-hidden\">\n<div class=\"badge badge-rounded-circle badge-secondary mt-1 mr-4\">\n<i class=\"fe fe-check\"><\/i>\n<\/div><p class=\"text-black\">Najvi\u0161a povr\u0161inska kvaliteta<\/p><\/div>\n\n<div class=\"d-flex text-left scroll-fade-bottom-up visibility-hidden\">\n<div class=\"badge badge-rounded-circle badge-secondary mt-1 mr-4\">\n<i class=\"fe fe-check\"><\/i>\n<\/div><p class=\"text-black\">Bez dodatnih tro\u0161kova<\/p><\/div>\n\n\t<\/div>\n\n<\/div>\n\n<\/div>\n\n\n\n<\/section>\n\n\n\n<section class=\"py-8 py-md-11 px-lg-9 border-left border-right border-right-lg-none bg-white\">\n\n\n<div class=\"wp-bootstrap-blocks-container container-fluid mb-0\">\n\t\n<div class=\"wp-bootstrap-blocks-row row mx-auto\">\n\t\n\n<div class=\"col-12 col-md-10\">\n\t\t\t\n\n<h3 class=\"scroll-fade-bottom-up visibility-hidden wp-block-heading\">BLECHA-vozni park<\/h3>\n\n\n\n<p class=\"scroll-fade-bottom-up visibility-hidden\">Nijedan put nije predalek za nas. A jo\u0161 vi\u0161e ne za na\u0161e \u0161pedicije. Zaprimite va\u0161u isporuku u Austriju, Njema\u010dku, \u010ce\u0161ku, Slova\u010dku, Ma\u0111arsku, Sloveniju, Ju\u017eni Tirol, Italiju i u Hrvatsku. Unutar Austrije robu dostavljmo svih pet radnih dana u tjednu, minimum za dostavu su 100kg. To vam nije dovoljno? Onda se veselimo izazovu. Kontaktirajte nas, radujemo se tome!<\/p>\n\n\t<\/div>\n\n<\/div>\n\n<\/div>\n\n\n\n<\/section>\n\n\n\n<section class=\"px-lg-9 border-left border-right border-right-lg-none bg-secondary\">\n\n\n<div class=\"wp-bootstrap-blocks-container container-fluid mb-0\">\n\t\n<div class=\"wp-bootstrap-blocks-row row mx-auto\">\n\t\n\n<div class=\"col-12 col-md-12 text-white border-bottom border-white py-7 py-lg-9\">\n\t\t\t\n\n<svg class=\"icon-brand mb-4 scroll-fade-bottom-up visibility-hidden\" viewBox=\"0 0 64 64\" xmlns=\"http:\/\/www.w3.org\/2000\/svg\"><g fill=\"none\" class=\"stroke-primary\" stroke-linecap=\"square\" stroke-miterlimit=\"10\" stroke-width=\"2\"><path d=\"m20 56v6h-11v-6\"><\/path><path d=\"m55 56v6h-11v-6\"><\/path><g class=\"stroke-primary\"><path d=\"m4 25v7\"><\/path><path d=\"m60 25v7\"><\/path><path d=\"m58.073 39.887-4.073-4.887v-33h-44v33l-4.073 4.887c-.599.719-.927 1.623-.927 2.559v13.554h54v-13.552c0-.936-.328-1.842-.927-2.561z\"><\/path><\/g><circle cx=\"16\" cy=\"46\" r=\"4\"><\/circle><circle cx=\"48\" cy=\"46\" r=\"4\"><\/circle><path d=\"m28 46h8\"><\/path><path d=\"m10 8h44\" class=\"stroke-primary\" stroke-linecap=\"butt\"><\/path><path d=\"m16 14h32v20h-32z\"><\/path><\/g><\/svg>\n\n\n\n<h4 class=\"scroll-fade-bottom-up visibility-hidden wp-block-heading\">Kad kupac organizira transport<\/h4>\n\n\n\n<p class=\"mb-5 scroll-fade-bottom-up visibility-hidden\">U ovom slu\u010daju nam kupci pomognu, pa robu sami preuzmu. Sigurnost na\u0161ih radnika i kupaca nam ja vrlo va\u017ena, zbog toga Vas molimo, ako sami organizrate transport, da se pridr\u017eavate zakonskih pravila:<\/p>\n\n\n\n<div class=\"d-flex text-left scroll-fade-bottom-up visibility-hidden\">\n<div class=\"badge badge-rounded-circle badge-primary mt-1 mr-4\">\n<i class=\"fe fe-check\"><\/i>\n<\/div><p class=\"text-white\">Vozilo mora biti u tehni\u010dki ispravnom stanju da bi se moglo dobro natovariti <\/p><\/div>\n\n<div class=\"d-flex text-left scroll-fade-bottom-up visibility-hidden\">\n<div class=\"badge badge-rounded-circle badge-primary mt-1 mr-4\">\n<i class=\"fe fe-check\"><\/i>\n<\/div><p class=\"text-white\">maksmalno dopu\u0161tena ukupna te\u017eina vozila se nesmije prekora\u010diti<\/p><\/div>\n\n<div class=\"d-flex text-left scroll-fade-bottom-up visibility-hidden\">\n<div class=\"badge badge-rounded-circle badge-primary mt-1 mr-4\">\n<i class=\"fe fe-check\"><\/i>\n<\/div><p class=\"text-white\">morate imati pojase za pri\u010dvr\u0161\u010davanje robe*<\/p><\/div>\n\n<div class=\"d-flex text-left scroll-fade-bottom-up visibility-hidden\">\n<div class=\"badge badge-rounded-circle badge-primary mt-1 mr-4\">\n<i class=\"fe fe-check\"><\/i>\n<\/div><p class=\"text-white\">kod duga\u010dke robe morate imati plo\u010du &#8220;utovar duga\u010dke robe&#8221;<\/p><\/div>\n\n<div class=\"d-flex text-left scroll-fade-bottom-up visibility-hidden\">\n<div class=\"badge badge-rounded-circle badge-primary mt-1 mr-4\">\n<i class=\"fe fe-check\"><\/i>\n<\/div><p class=\"text-white\">ukupna visina nesmije biti vi\u0161a od 4 metra<\/p><\/div>\n\n\n\n<p class=\"mt-3 scroll-fade-bottom-up visibility-hidden\"><em>* Ako Vi ili Va\u0161 voza\u010d nenosi pojase za pri\u010dvr\u0161\u010davanje robe sa sobom, u tom slu\u010daju pitajte na\u0161 prodajni tim, da vam potrebne elemente odmah pripreme<\/em>.<\/p>\n\n\t<\/div>\n\n\n\n<div class=\"col-12 col-md-6 text-white py-7 border-bottom border-white\">\n\t\t\t\n\n<svg class=\"icon-brand mb-4 scroll-fade-bottom-up visibility-hidden\" viewBox=\"0 0 64 64\" xmlns=\"http:\/\/www.w3.org\/2000\/svg\"><g fill=\"none\" class=\"stroke-primary\" stroke-linecap=\"square\" stroke-miterlimit=\"10\" stroke-width=\"2\"><g class=\"stroke-primary\"><path d=\"m44 19h11l7 14v17h-8\"><\/path><path d=\"m42 50h-21\"><\/path><path d=\"m9 50h-7v-42h37v29\"><\/path><\/g><path d=\"m47 25v8l9-.001\"><\/path><circle cx=\"15\" cy=\"50\" r=\"6\"><\/circle><circle cx=\"48\" cy=\"50\" r=\"6\"><\/circle><\/g><\/svg>\n\n\n\n<h4 class=\"scroll-fade-bottom-up visibility-hidden wp-block-heading\">\u0160pedicije<\/h4>\n\n\n\n<p class=\"scroll-fade-bottom-up visibility-hidden\">Mi izvozimo robu u 60 zemalja diljem svijeta. Na\u0161e stru\u010dno obu\u010deno osoblje \u0107e Vam rado organizirat transport putem \u0161pedicije, u inozemstvo i tuzemstvo. Naravno se brinemo i za dokumentaciju koja je potrebna za isporuku, i to na Va\u0161em jeziku.<\/p>\n\n\t<\/div>\n\n\n\n<div class=\"col-12 col-md-6 text-white py-7 border-bottom border-white\">\n\t\t\t\n\n<svg class=\"icon-brand mb-4 scroll-fade-bottom-up visibility-hidden\" viewBox=\"0 0 64 64\" xmlns=\"http:\/\/www.w3.org\/2000\/svg\"><g fill=\"none\" class=\"stroke-primary\" stroke-linecap=\"square\" stroke-miterlimit=\"10\" stroke-width=\"2\"><path d=\"m2 16h60\" class=\"stroke-primary\" stroke-linecap=\"butt\"><\/path><path d=\"m62 16-14-12h-32l-14 12v44h60z\" class=\"stroke-primary\"><\/path><path d=\"m40 36h-16v-20l6-12h4l6 12z\"><\/path><\/g><\/svg>\n\n\n\n<h4 class=\"scroll-fade-bottom-up visibility-hidden wp-block-heading\">Paket-slu\u017eba<\/h4>\n\n\n\n<p class=\"scroll-fade-bottom-up visibility-hidden\">Manje koli\u010dine isporu\u010dujemo za Vas putem paketslu\u017ebe, u inozemstvo i tuzemstvo, i to brzo i povoljno (kod \u0161ipki je maksimalna isporu\u010dljiva du\u017eina 2 m &#8211; rado Vam robu i izre\u017eemo). Putem Bahnexpress je maksimaln du\u017eina 3 m.<\/p>\n\n\t<\/div>\n\n\n\n<div class=\"col-12 text-white mt-5 pb-7 pb-md-9\">\n\t\t\t\n\n<p class=\"scroll-fade-bottom-up visibility-hidden\"><em>Cijena transporta ovisi o na\u010dinu transporta, zoni dostave, robi, te\u017eini itd. Na\u0161 prodajni tim \u0107e se rado pobrinuti oko svih detalja, kako bi vam ponudili najpovoljniju i sigurnu isporuku.<\/em><\/p>\n\n\t<\/div>\n\n<\/div>\n\n<\/div>\n\n\n\n<\/section>\n\n\n\n<section class=\"py-8 py-md-11 px-lg-9 border-left border-right border-right-lg-none bg-white\">\n\n\n<div class=\"wp-bootstrap-blocks-container container-fluid mb-0\">\n\t\n<div class=\"wp-bootstrap-blocks-row row mx-auto\">\n\t\n\n<div class=\"col-12 col-md-10\">\n\t\t\t\n\n<h2 class=\"text-secondary mb-7 scroll-fade-bottom-up visibility-hidden wp-block-heading\">Mediji<\/h2>\n\n\t<\/div>\n\n\n\n<div class=\"col-12 col-lg-4\">\n\t\t\t\n\n<figure class=\"wp-block-embed is-type-video is-provider-youtube wp-block-embed-youtube wp-embed-aspect-16-9 wp-has-aspect-ratio\"><div class=\"wp-block-embed__wrapper\">\n<iframe title=\"Wickelmaschine bei Firma Blecha\" width=\"500\" height=\"281\" src=\"https:\/\/www.youtube.com\/embed\/U-TvgAFpl-I?feature=oembed\" frameborder=\"0\" allow=\"accelerometer; autoplay; clipboard-write; encrypted-media; gyroscope; picture-in-picture; web-share\" referrerpolicy=\"strict-origin-when-cross-origin\" allowfullscreen><\/iframe>\n<\/div><\/figure>\n\n\t<\/div>\n\n\n\n<div class=\"col-12 col-lg-4\">\n\t\t\t\n\n<figure class=\"wp-block-embed is-type-video is-provider-youtube wp-block-embed-youtube wp-embed-aspect-16-9 wp-has-aspect-ratio\"><div class=\"wp-block-embed__wrapper\">\n<iframe title=\"Blech-Kommissionier Anlage bei Firma Blecha\" width=\"500\" height=\"281\" src=\"https:\/\/www.youtube.com\/embed\/YCuRZ2LqE0E?feature=oembed\" frameborder=\"0\" allow=\"accelerometer; autoplay; clipboard-write; encrypted-media; gyroscope; picture-in-picture; web-share\" referrerpolicy=\"strict-origin-when-cross-origin\" allowfullscreen><\/iframe>\n<\/div><\/figure>\n\n\t<\/div>\n\n<\/div>\n\n<\/div>\n\n\n\n<\/section>\n","protected":false},"excerpt":{"rendered":"","protected":false},"author":2,"featured_media":5128,"parent":4567,"menu_order":0,"comment_status":"closed","ping_status":"closed","template":"page-leistungen.php","meta":{"_acf_changed":false,"footnotes":""},"class_list":["post-5126","page","type-page","status-publish","has-post-thumbnail","hentry"],"acf":[],"yoast_head":"<!-- This site is optimized with the Yoast SEO plugin v27.3 - https:\/\/yoast.com\/product\/yoast-seo-wordpress\/ -->\n<title>Pakiranje i isporuka | BLECHA<\/title>\n<meta name=\"description\" content=\"S BLECHA-logisti\u010dkom uslugom se brinemo za sve \u0161to je potrebno za optimalno pakiranje, tako da va\u0161a isporuka do vas stigne 100% za\u0161ti\u0107ena i u neo\u0161te\u0107enom stanju.\" \/>\n<meta name=\"robots\" content=\"index, follow, max-snippet:-1, max-image-preview:large, max-video-preview:-1\" \/>\n<link rel=\"canonical\" href=\"https:\/\/www.blecha.at\/hr\/usluge\/pakiranje-i-isporuka\/\" \/>\n<meta property=\"og:locale\" content=\"hr_HR\" \/>\n<meta property=\"og:type\" content=\"article\" \/>\n<meta property=\"og:title\" content=\"Pakiranje i isporuka | BLECHA\" \/>\n<meta property=\"og:description\" content=\"S BLECHA-logisti\u010dkom uslugom se brinemo za sve \u0161to je potrebno za optimalno pakiranje, tako da va\u0161a isporuka do vas stigne 100% za\u0161ti\u0107ena i u neo\u0161te\u0107enom stanju.\" \/>\n<meta property=\"og:url\" content=\"https:\/\/www.blecha.at\/hr\/usluge\/pakiranje-i-isporuka\/\" \/>\n<meta property=\"og:site_name\" content=\"BLECHA\" \/>\n<meta property=\"article:modified_time\" content=\"2021-09-30T12:13:39+00:00\" \/>\n<meta property=\"og:image\" content=\"https:\/\/www.blecha.at\/wp-content\/uploads\/2021\/03\/blecha-verpackung-und-versand-1-thumbnail.jpg\" \/>\n\t<meta property=\"og:image:width\" content=\"1600\" \/>\n\t<meta property=\"og:image:height\" content=\"1600\" \/>\n\t<meta property=\"og:image:type\" content=\"image\/jpeg\" \/>\n<meta name=\"twitter:card\" content=\"summary_large_image\" \/>\n<meta name=\"twitter:label1\" content=\"Procijenjeno vrijeme \u010ditanja\" \/>\n\t<meta name=\"twitter:data1\" content=\"3 minute\" \/>\n<script type=\"application\/ld+json\" class=\"yoast-schema-graph\">{\"@context\":\"https:\\\/\\\/schema.org\",\"@graph\":[{\"@type\":\"WebPage\",\"@id\":\"https:\\\/\\\/www.blecha.at\\\/hr\\\/usluge\\\/pakiranje-i-isporuka\\\/\",\"url\":\"https:\\\/\\\/www.blecha.at\\\/hr\\\/usluge\\\/pakiranje-i-isporuka\\\/\",\"name\":\"Pakiranje i isporuka | BLECHA\",\"isPartOf\":{\"@id\":\"https:\\\/\\\/www.blecha.at\\\/#website\"},\"primaryImageOfPage\":{\"@id\":\"https:\\\/\\\/www.blecha.at\\\/hr\\\/usluge\\\/pakiranje-i-isporuka\\\/#primaryimage\"},\"image\":{\"@id\":\"https:\\\/\\\/www.blecha.at\\\/hr\\\/usluge\\\/pakiranje-i-isporuka\\\/#primaryimage\"},\"thumbnailUrl\":\"https:\\\/\\\/www.blecha.at\\\/wp-content\\\/uploads\\\/2021\\\/03\\\/blecha-verpackung-und-versand-1-thumbnail.jpg\",\"datePublished\":\"2021-01-22T20:44:17+00:00\",\"dateModified\":\"2021-09-30T12:13:39+00:00\",\"description\":\"S BLECHA-logisti\u010dkom uslugom se brinemo za sve \u0161to je potrebno za optimalno pakiranje, tako da va\u0161a isporuka do vas stigne 100% za\u0161ti\u0107ena i u neo\u0161te\u0107enom stanju.\",\"breadcrumb\":{\"@id\":\"https:\\\/\\\/www.blecha.at\\\/hr\\\/usluge\\\/pakiranje-i-isporuka\\\/#breadcrumb\"},\"inLanguage\":\"hr\",\"potentialAction\":[{\"@type\":\"ReadAction\",\"target\":[\"https:\\\/\\\/www.blecha.at\\\/hr\\\/usluge\\\/pakiranje-i-isporuka\\\/\"]}]},{\"@type\":\"ImageObject\",\"inLanguage\":\"hr\",\"@id\":\"https:\\\/\\\/www.blecha.at\\\/hr\\\/usluge\\\/pakiranje-i-isporuka\\\/#primaryimage\",\"url\":\"https:\\\/\\\/www.blecha.at\\\/wp-content\\\/uploads\\\/2021\\\/03\\\/blecha-verpackung-und-versand-1-thumbnail.jpg\",\"contentUrl\":\"https:\\\/\\\/www.blecha.at\\\/wp-content\\\/uploads\\\/2021\\\/03\\\/blecha-verpackung-und-versand-1-thumbnail.jpg\",\"width\":1600,\"height\":1600},{\"@type\":\"BreadcrumbList\",\"@id\":\"https:\\\/\\\/www.blecha.at\\\/hr\\\/usluge\\\/pakiranje-i-isporuka\\\/#breadcrumb\",\"itemListElement\":[{\"@type\":\"ListItem\",\"position\":1,\"name\":\"Home\",\"item\":\"https:\\\/\\\/www.blecha.at\\\/hr\\\/\"},{\"@type\":\"ListItem\",\"position\":2,\"name\":\"Usluge\",\"item\":\"https:\\\/\\\/www.blecha.at\\\/hr\\\/usluge\\\/\"},{\"@type\":\"ListItem\",\"position\":3,\"name\":\"Verpackung und Versand\"}]},{\"@type\":\"WebSite\",\"@id\":\"https:\\\/\\\/www.blecha.at\\\/#website\",\"url\":\"https:\\\/\\\/www.blecha.at\\\/\",\"name\":\"BLECHA\",\"description\":\"Eine weitere WordPress-Website\",\"potentialAction\":[{\"@type\":\"SearchAction\",\"target\":{\"@type\":\"EntryPoint\",\"urlTemplate\":\"https:\\\/\\\/www.blecha.at\\\/?s={search_term_string}\"},\"query-input\":{\"@type\":\"PropertyValueSpecification\",\"valueRequired\":true,\"valueName\":\"search_term_string\"}}],\"inLanguage\":\"hr\"}]}<\/script>\n<!-- \/ Yoast SEO plugin. -->","yoast_head_json":{"title":"Pakiranje i isporuka | BLECHA","description":"S BLECHA-logisti\u010dkom uslugom se brinemo za sve \u0161to je potrebno za optimalno pakiranje, tako da va\u0161a isporuka do vas stigne 100% za\u0161ti\u0107ena i u neo\u0161te\u0107enom stanju.","robots":{"index":"index","follow":"follow","max-snippet":"max-snippet:-1","max-image-preview":"max-image-preview:large","max-video-preview":"max-video-preview:-1"},"canonical":"https:\/\/www.blecha.at\/hr\/usluge\/pakiranje-i-isporuka\/","og_locale":"hr_HR","og_type":"article","og_title":"Pakiranje i isporuka | BLECHA","og_description":"S BLECHA-logisti\u010dkom uslugom se brinemo za sve \u0161to je potrebno za optimalno pakiranje, tako da va\u0161a isporuka do vas stigne 100% za\u0161ti\u0107ena i u neo\u0161te\u0107enom stanju.","og_url":"https:\/\/www.blecha.at\/hr\/usluge\/pakiranje-i-isporuka\/","og_site_name":"BLECHA","article_modified_time":"2021-09-30T12:13:39+00:00","og_image":[{"width":1600,"height":1600,"url":"https:\/\/www.blecha.at\/wp-content\/uploads\/2021\/03\/blecha-verpackung-und-versand-1-thumbnail.jpg","type":"image\/jpeg"}],"twitter_card":"summary_large_image","twitter_misc":{"Procijenjeno vrijeme \u010ditanja":"3 minute"},"schema":{"@context":"https:\/\/schema.org","@graph":[{"@type":"WebPage","@id":"https:\/\/www.blecha.at\/hr\/usluge\/pakiranje-i-isporuka\/","url":"https:\/\/www.blecha.at\/hr\/usluge\/pakiranje-i-isporuka\/","name":"Pakiranje i isporuka | BLECHA","isPartOf":{"@id":"https:\/\/www.blecha.at\/#website"},"primaryImageOfPage":{"@id":"https:\/\/www.blecha.at\/hr\/usluge\/pakiranje-i-isporuka\/#primaryimage"},"image":{"@id":"https:\/\/www.blecha.at\/hr\/usluge\/pakiranje-i-isporuka\/#primaryimage"},"thumbnailUrl":"https:\/\/www.blecha.at\/wp-content\/uploads\/2021\/03\/blecha-verpackung-und-versand-1-thumbnail.jpg","datePublished":"2021-01-22T20:44:17+00:00","dateModified":"2021-09-30T12:13:39+00:00","description":"S BLECHA-logisti\u010dkom uslugom se brinemo za sve \u0161to je potrebno za optimalno pakiranje, tako da va\u0161a isporuka do vas stigne 100% za\u0161ti\u0107ena i u neo\u0161te\u0107enom stanju.","breadcrumb":{"@id":"https:\/\/www.blecha.at\/hr\/usluge\/pakiranje-i-isporuka\/#breadcrumb"},"inLanguage":"hr","potentialAction":[{"@type":"ReadAction","target":["https:\/\/www.blecha.at\/hr\/usluge\/pakiranje-i-isporuka\/"]}]},{"@type":"ImageObject","inLanguage":"hr","@id":"https:\/\/www.blecha.at\/hr\/usluge\/pakiranje-i-isporuka\/#primaryimage","url":"https:\/\/www.blecha.at\/wp-content\/uploads\/2021\/03\/blecha-verpackung-und-versand-1-thumbnail.jpg","contentUrl":"https:\/\/www.blecha.at\/wp-content\/uploads\/2021\/03\/blecha-verpackung-und-versand-1-thumbnail.jpg","width":1600,"height":1600},{"@type":"BreadcrumbList","@id":"https:\/\/www.blecha.at\/hr\/usluge\/pakiranje-i-isporuka\/#breadcrumb","itemListElement":[{"@type":"ListItem","position":1,"name":"Home","item":"https:\/\/www.blecha.at\/hr\/"},{"@type":"ListItem","position":2,"name":"Usluge","item":"https:\/\/www.blecha.at\/hr\/usluge\/"},{"@type":"ListItem","position":3,"name":"Verpackung und Versand"}]},{"@type":"WebSite","@id":"https:\/\/www.blecha.at\/#website","url":"https:\/\/www.blecha.at\/","name":"BLECHA","description":"Eine weitere WordPress-Website","potentialAction":[{"@type":"SearchAction","target":{"@type":"EntryPoint","urlTemplate":"https:\/\/www.blecha.at\/?s={search_term_string}"},"query-input":{"@type":"PropertyValueSpecification","valueRequired":true,"valueName":"search_term_string"}}],"inLanguage":"hr"}]}},"_links":{"self":[{"href":"https:\/\/www.blecha.at\/hr\/wp-json\/wp\/v2\/pages\/5126","targetHints":{"allow":["GET"]}}],"collection":[{"href":"https:\/\/www.blecha.at\/hr\/wp-json\/wp\/v2\/pages"}],"about":[{"href":"https:\/\/www.blecha.at\/hr\/wp-json\/wp\/v2\/types\/page"}],"author":[{"embeddable":true,"href":"https:\/\/www.blecha.at\/hr\/wp-json\/wp\/v2\/users\/2"}],"replies":[{"embeddable":true,"href":"https:\/\/www.blecha.at\/hr\/wp-json\/wp\/v2\/comments?post=5126"}],"version-history":[{"count":5,"href":"https:\/\/www.blecha.at\/hr\/wp-json\/wp\/v2\/pages\/5126\/revisions"}],"predecessor-version":[{"id":5544,"href":"https:\/\/www.blecha.at\/hr\/wp-json\/wp\/v2\/pages\/5126\/revisions\/5544"}],"up":[{"embeddable":true,"href":"https:\/\/www.blecha.at\/hr\/wp-json\/wp\/v2\/pages\/4567"}],"wp:featuredmedia":[{"embeddable":true,"href":"https:\/\/www.blecha.at\/hr\/wp-json\/wp\/v2\/media\/5128"}],"wp:attachment":[{"href":"https:\/\/www.blecha.at\/hr\/wp-json\/wp\/v2\/media?parent=5126"}],"curies":[{"name":"wp","href":"https:\/\/api.w.org\/{rel}","templated":true}]}}