{"id":5545,"date":"2021-01-22T23:18:28","date_gmt":"2021-01-22T22:18:28","guid":{"rendered":"https:\/\/www.blecha.at\/proizvodi\/bleche-und-platten\/"},"modified":"2022-02-22T13:49:07","modified_gmt":"2022-02-22T12:49:07","slug":"limovi-i-ploce","status":"publish","type":"page","link":"https:\/\/www.blecha.at\/hr\/proizvodi\/limovi-i-ploce\/","title":{"rendered":"Limovi i plo\u010de"},"content":{"rendered":"\n<section id=\"sectionTwo\" class=\"mt-lg-n11 py-8 py-md-11 px-lg-9 border-left border-right border-right-lg-none bg-white\">\n\n\n<div class=\"wp-bootstrap-blocks-container container-fluid mb-0\">\n\t\n<div class=\"wp-bootstrap-blocks-row row\">\n\t\n\n<div class=\"col-12 col-md-10\">\n\t\t\t\n\n<h2 class=\"text-secondary scroll-fade-bottom-up visibility-hidden wp-block-heading\" id=\"aluminijski-glatki-limovi-aluminijske-ploce-legirani-i-cisti-aluminij-plastificirani-eloksirani-ili-perforirani\">Aluminijski glatki limovi, <br>aluminijske plo\u010de, legirani i \u010disti aluminij. <br>Plastificirani, eloksirani ili perforirani.<\/h2>\n\n\n\n<p class=\"scroll-fade-bottom-up visibility-hidden\">Prona\u0111ite odgovaraju\u0107i aluminijski lim. Mi \u0107emo Vam rado pomo\u0107i oko va\u0161e potra\u017enje. Bez obzira dali se radi o aluminijskim plo\u010dama, glatkim tankim limovima od \u010distog aluminija i magnezij-legurama, eloksiranom ili plastificiranom limu, perforiranom (kvadratna i okrugla perforacija) u formatima 2000 x 1000 mm, 2500 mm x 1250 mm, 3000 x 1500 mm pa \u010dak i 4000 x 2000 mm \u2013 razgovarajte s na\u0161im prodajnim savjetnicima, sigurno \u0107emo prona\u0107i odgovaraju\u0107e rije\u0161enje. Naru\u010dene limove \u0107emo vam rado isporu\u010diti zajedno i kompaktno sa va\u0161om isporukom naru\u010denih profila.<\/p>\n\n\t<\/div>\n\n<\/div>\n\n<\/div>\n\n\n\n<\/section>\n\n\n\n<section data-jarallax=\"\" data-speed=\".8\" class=\"py-12 py-md-13 overlay overlay-black overlay-40 bg-cover jarallax\" style=\"background-image: url(\/wp-content\/uploads\/2021\/01\/blecha-aluminium-profile.jpg);\">\n  <div class=\"container\">\n    <div class=\"row mx-auto\">\n      <div class=\"col-12 col-md-10\">\n        <!-- Blockquote -->\n        <blockquote class=\"blockquote mb-0\"> \n          \n          <!-- Text -->\n          <p class=\"h2 text-white text-left font-regular scroll-fade-bottom-up visibility-hidden\">Ako nema Blecha, e onda nema nitko. Pronju\u0161kajte kroz na\u0161 asortiman i prona\u0111ite vama potrebne limove i plo\u010de.<\/p>\n\n\n<div class=\"wp-bootstrap-blocks-button\">\n\t<a\n\t\thref=\"https:\/\/www.aluprofil.at\/hr\/limovi-i-ploce\/limovi-i-ploce\/\"\n\t\t\t\t\t\tclass=\"btn mt-4 scroll-fade-bottom-up visibility-hidden btn-secondary\"\n\t>\n\t\tdo asortimana\t<\/a>\n<\/div>\n\n\n\n<\/blockquote>\n      <\/div>\n    <\/div>\n  <\/div>\n<\/section>\n","protected":false},"excerpt":{"rendered":"Ako nema Blecha, e onda nema nitko. Pronju\u0161kajte kroz na\u0161 asortiman i prona\u0111ite vama potrebne limove i plo\u010de.","protected":false},"author":2,"featured_media":5547,"parent":5398,"menu_order":0,"comment_status":"closed","ping_status":"closed","template":"page-produkte.php","meta":{"_acf_changed":false,"footnotes":""},"class_list":["post-5545","page","type-page","status-publish","has-post-thumbnail","hentry"],"acf":[],"yoast_head":"<!-- This site is optimized with the Yoast SEO plugin v27.3 - https:\/\/yoast.com\/product\/yoast-seo-wordpress\/ -->\n<title>Limovi i plo\u010de | BLECHA<\/title>\n<meta name=\"description\" content=\"Aluminijski glatki limovi, aluminijske plo\u010de, legirani i \u010disti aluminij. Plastificirani, eloksirani ili perforirani.\" \/>\n<meta name=\"robots\" content=\"index, follow, max-snippet:-1, max-image-preview:large, max-video-preview:-1\" \/>\n<link rel=\"canonical\" href=\"https:\/\/www.blecha.at\/hr\/proizvodi\/limovi-i-ploce\/\" \/>\n<meta property=\"og:locale\" content=\"hr_HR\" \/>\n<meta property=\"og:type\" content=\"article\" \/>\n<meta property=\"og:title\" content=\"Limovi i plo\u010de | BLECHA\" \/>\n<meta property=\"og:description\" content=\"Aluminijski glatki limovi, aluminijske plo\u010de, legirani i \u010disti aluminij. Plastificirani, eloksirani ili perforirani.\" \/>\n<meta property=\"og:url\" content=\"https:\/\/www.blecha.at\/hr\/proizvodi\/limovi-i-ploce\/\" \/>\n<meta property=\"og:site_name\" content=\"BLECHA\" \/>\n<meta property=\"article:modified_time\" content=\"2022-02-22T12:49:07+00:00\" \/>\n<meta property=\"og:image\" content=\"https:\/\/www.blecha.at\/wp-content\/uploads\/2021\/03\/blecha-bleche-und-platten-1-thumbnail.jpg\" \/>\n\t<meta property=\"og:image:width\" content=\"1600\" \/>\n\t<meta property=\"og:image:height\" content=\"1600\" \/>\n\t<meta property=\"og:image:type\" content=\"image\/jpeg\" \/>\n<meta name=\"twitter:card\" content=\"summary_large_image\" \/>\n<meta name=\"twitter:label1\" content=\"Procijenjeno vrijeme \u010ditanja\" \/>\n\t<meta name=\"twitter:data1\" content=\"1 minuta\" \/>\n<script type=\"application\/ld+json\" class=\"yoast-schema-graph\">{\"@context\":\"https:\\\/\\\/schema.org\",\"@graph\":[{\"@type\":\"WebPage\",\"@id\":\"https:\\\/\\\/www.blecha.at\\\/hr\\\/proizvodi\\\/limovi-i-ploce\\\/\",\"url\":\"https:\\\/\\\/www.blecha.at\\\/hr\\\/proizvodi\\\/limovi-i-ploce\\\/\",\"name\":\"Limovi i plo\u010de | BLECHA\",\"isPartOf\":{\"@id\":\"https:\\\/\\\/www.blecha.at\\\/#website\"},\"primaryImageOfPage\":{\"@id\":\"https:\\\/\\\/www.blecha.at\\\/hr\\\/proizvodi\\\/limovi-i-ploce\\\/#primaryimage\"},\"image\":{\"@id\":\"https:\\\/\\\/www.blecha.at\\\/hr\\\/proizvodi\\\/limovi-i-ploce\\\/#primaryimage\"},\"thumbnailUrl\":\"https:\\\/\\\/www.blecha.at\\\/wp-content\\\/uploads\\\/2021\\\/03\\\/blecha-bleche-und-platten-1-thumbnail.jpg\",\"datePublished\":\"2021-01-22T22:18:28+00:00\",\"dateModified\":\"2022-02-22T12:49:07+00:00\",\"description\":\"Aluminijski glatki limovi, aluminijske plo\u010de, legirani i \u010disti aluminij. Plastificirani, eloksirani ili perforirani.\",\"breadcrumb\":{\"@id\":\"https:\\\/\\\/www.blecha.at\\\/hr\\\/proizvodi\\\/limovi-i-ploce\\\/#breadcrumb\"},\"inLanguage\":\"hr\",\"potentialAction\":[{\"@type\":\"ReadAction\",\"target\":[\"https:\\\/\\\/www.blecha.at\\\/hr\\\/proizvodi\\\/limovi-i-ploce\\\/\"]}]},{\"@type\":\"ImageObject\",\"inLanguage\":\"hr\",\"@id\":\"https:\\\/\\\/www.blecha.at\\\/hr\\\/proizvodi\\\/limovi-i-ploce\\\/#primaryimage\",\"url\":\"https:\\\/\\\/www.blecha.at\\\/wp-content\\\/uploads\\\/2021\\\/03\\\/blecha-bleche-und-platten-1-thumbnail.jpg\",\"contentUrl\":\"https:\\\/\\\/www.blecha.at\\\/wp-content\\\/uploads\\\/2021\\\/03\\\/blecha-bleche-und-platten-1-thumbnail.jpg\",\"width\":1600,\"height\":1600},{\"@type\":\"BreadcrumbList\",\"@id\":\"https:\\\/\\\/www.blecha.at\\\/hr\\\/proizvodi\\\/limovi-i-ploce\\\/#breadcrumb\",\"itemListElement\":[{\"@type\":\"ListItem\",\"position\":1,\"name\":\"Home\",\"item\":\"https:\\\/\\\/www.blecha.at\\\/hr\\\/\"},{\"@type\":\"ListItem\",\"position\":2,\"name\":\"Proizvodi\",\"item\":\"https:\\\/\\\/www.blecha.at\\\/hr\\\/proizvodi\\\/\"},{\"@type\":\"ListItem\",\"position\":3,\"name\":\"Limovi i plo\u010de\"}]},{\"@type\":\"WebSite\",\"@id\":\"https:\\\/\\\/www.blecha.at\\\/#website\",\"url\":\"https:\\\/\\\/www.blecha.at\\\/\",\"name\":\"BLECHA\",\"description\":\"Eine weitere WordPress-Website\",\"potentialAction\":[{\"@type\":\"SearchAction\",\"target\":{\"@type\":\"EntryPoint\",\"urlTemplate\":\"https:\\\/\\\/www.blecha.at\\\/?s={search_term_string}\"},\"query-input\":{\"@type\":\"PropertyValueSpecification\",\"valueRequired\":true,\"valueName\":\"search_term_string\"}}],\"inLanguage\":\"hr\"}]}<\/script>\n<!-- \/ Yoast SEO plugin. -->","yoast_head_json":{"title":"Limovi i plo\u010de | BLECHA","description":"Aluminijski glatki limovi, aluminijske plo\u010de, legirani i \u010disti aluminij. Plastificirani, eloksirani ili perforirani.","robots":{"index":"index","follow":"follow","max-snippet":"max-snippet:-1","max-image-preview":"max-image-preview:large","max-video-preview":"max-video-preview:-1"},"canonical":"https:\/\/www.blecha.at\/hr\/proizvodi\/limovi-i-ploce\/","og_locale":"hr_HR","og_type":"article","og_title":"Limovi i plo\u010de | BLECHA","og_description":"Aluminijski glatki limovi, aluminijske plo\u010de, legirani i \u010disti aluminij. Plastificirani, eloksirani ili perforirani.","og_url":"https:\/\/www.blecha.at\/hr\/proizvodi\/limovi-i-ploce\/","og_site_name":"BLECHA","article_modified_time":"2022-02-22T12:49:07+00:00","og_image":[{"width":1600,"height":1600,"url":"https:\/\/www.blecha.at\/wp-content\/uploads\/2021\/03\/blecha-bleche-und-platten-1-thumbnail.jpg","type":"image\/jpeg"}],"twitter_card":"summary_large_image","twitter_misc":{"Procijenjeno vrijeme \u010ditanja":"1 minuta"},"schema":{"@context":"https:\/\/schema.org","@graph":[{"@type":"WebPage","@id":"https:\/\/www.blecha.at\/hr\/proizvodi\/limovi-i-ploce\/","url":"https:\/\/www.blecha.at\/hr\/proizvodi\/limovi-i-ploce\/","name":"Limovi i plo\u010de | BLECHA","isPartOf":{"@id":"https:\/\/www.blecha.at\/#website"},"primaryImageOfPage":{"@id":"https:\/\/www.blecha.at\/hr\/proizvodi\/limovi-i-ploce\/#primaryimage"},"image":{"@id":"https:\/\/www.blecha.at\/hr\/proizvodi\/limovi-i-ploce\/#primaryimage"},"thumbnailUrl":"https:\/\/www.blecha.at\/wp-content\/uploads\/2021\/03\/blecha-bleche-und-platten-1-thumbnail.jpg","datePublished":"2021-01-22T22:18:28+00:00","dateModified":"2022-02-22T12:49:07+00:00","description":"Aluminijski glatki limovi, aluminijske plo\u010de, legirani i \u010disti aluminij. Plastificirani, eloksirani ili perforirani.","breadcrumb":{"@id":"https:\/\/www.blecha.at\/hr\/proizvodi\/limovi-i-ploce\/#breadcrumb"},"inLanguage":"hr","potentialAction":[{"@type":"ReadAction","target":["https:\/\/www.blecha.at\/hr\/proizvodi\/limovi-i-ploce\/"]}]},{"@type":"ImageObject","inLanguage":"hr","@id":"https:\/\/www.blecha.at\/hr\/proizvodi\/limovi-i-ploce\/#primaryimage","url":"https:\/\/www.blecha.at\/wp-content\/uploads\/2021\/03\/blecha-bleche-und-platten-1-thumbnail.jpg","contentUrl":"https:\/\/www.blecha.at\/wp-content\/uploads\/2021\/03\/blecha-bleche-und-platten-1-thumbnail.jpg","width":1600,"height":1600},{"@type":"BreadcrumbList","@id":"https:\/\/www.blecha.at\/hr\/proizvodi\/limovi-i-ploce\/#breadcrumb","itemListElement":[{"@type":"ListItem","position":1,"name":"Home","item":"https:\/\/www.blecha.at\/hr\/"},{"@type":"ListItem","position":2,"name":"Proizvodi","item":"https:\/\/www.blecha.at\/hr\/proizvodi\/"},{"@type":"ListItem","position":3,"name":"Limovi i plo\u010de"}]},{"@type":"WebSite","@id":"https:\/\/www.blecha.at\/#website","url":"https:\/\/www.blecha.at\/","name":"BLECHA","description":"Eine weitere WordPress-Website","potentialAction":[{"@type":"SearchAction","target":{"@type":"EntryPoint","urlTemplate":"https:\/\/www.blecha.at\/?s={search_term_string}"},"query-input":{"@type":"PropertyValueSpecification","valueRequired":true,"valueName":"search_term_string"}}],"inLanguage":"hr"}]}},"_links":{"self":[{"href":"https:\/\/www.blecha.at\/hr\/wp-json\/wp\/v2\/pages\/5545","targetHints":{"allow":["GET"]}}],"collection":[{"href":"https:\/\/www.blecha.at\/hr\/wp-json\/wp\/v2\/pages"}],"about":[{"href":"https:\/\/www.blecha.at\/hr\/wp-json\/wp\/v2\/types\/page"}],"author":[{"embeddable":true,"href":"https:\/\/www.blecha.at\/hr\/wp-json\/wp\/v2\/users\/2"}],"replies":[{"embeddable":true,"href":"https:\/\/www.blecha.at\/hr\/wp-json\/wp\/v2\/comments?post=5545"}],"version-history":[{"count":6,"href":"https:\/\/www.blecha.at\/hr\/wp-json\/wp\/v2\/pages\/5545\/revisions"}],"predecessor-version":[{"id":14390,"href":"https:\/\/www.blecha.at\/hr\/wp-json\/wp\/v2\/pages\/5545\/revisions\/14390"}],"up":[{"embeddable":true,"href":"https:\/\/www.blecha.at\/hr\/wp-json\/wp\/v2\/pages\/5398"}],"wp:featuredmedia":[{"embeddable":true,"href":"https:\/\/www.blecha.at\/hr\/wp-json\/wp\/v2\/media\/5547"}],"wp:attachment":[{"href":"https:\/\/www.blecha.at\/hr\/wp-json\/wp\/v2\/media?parent=5545"}],"curies":[{"name":"wp","href":"https:\/\/api.w.org\/{rel}","templated":true}]}}