{"id":6103,"date":"2021-01-22T22:11:16","date_gmt":"2021-01-22T21:11:16","guid":{"rendered":"https:\/\/www.blecha.at\/proizvodi\/standardprofile\/"},"modified":"2024-06-27T21:27:38","modified_gmt":"2024-06-27T19:27:38","slug":"standardprofile","status":"publish","type":"page","link":"https:\/\/www.blecha.at\/hr\/proizvodi\/standardprofile\/","title":{"rendered":"Standardni profili"},"content":{"rendered":"\n<section id=\"sectionTwo\" class=\"mt-lg-n11 py-8 py-md-11 px-lg-9 border-left border-right border-right-lg-none bg-white\">\n\n\n<div class=\"wp-bootstrap-blocks-container container-fluid mb-0\">\n\t\n<div class=\"wp-bootstrap-blocks-row row mx-auto\">\n\t\n\n<div class=\"col-12 col-md-10\">\n\t\t\t\n\n<h2 class=\"wp-block-heading text-secondary scroll-fade-bottom-up visibility-hidden\" id=\"od-kutnik-do-z-profila-preko-ovalnih-i-okruglih-cijevi-pa-do-u-profila-i-specijalnih-profila\">Od kutnik do Z-profila.<br>Preko ovalnih i okruglih cijevi, pa do U-profila i specijalnih profila.<\/h2>\n\n\n\n<h3 class=\"wp-block-heading scroll-fade-bottom-up visibility-hidden\" id=\"aluminij-standardni-profili-i-specijalni-profili\">Aluminij \u2013 standardni profili i specijalni profili<\/h3>\n\n\n\n<p class=\"scroll-fade-bottom-up visibility-hidden\">U na\u0161em skladi\u0161tu mo\u017eete na\u0107i sve standardne (trgova\u010dke) profile u aluminij leguri EN-AW 6060. Naru\u010dite va\u0161e individualne dimenzije okruglih cijevi, kutnika, U-profila, T-profila, Z-profila, kvadratnih cijevi (s radijusom ili bez radijusa), pravokutnih cijevi (s preprekama, s radijusom, ili o\u0161trokutne), trokutnih cijevi, ovalnih cijevi, C-profila, H-profili i I-nosa\u010da, i to odmah iz skladi\u0161ta. Va\u0161 pravi partner smo i po pitanju specijalnih profila za izradu zrakoplova, reklamnih zaslona, profila za fotonapon, za\u0161titu od kukaca, izradu krletki i kaveza, te mnogo vi\u0161e.<\/p>\n\n\n\n<p class=\"scroll-fade-bottom-up visibility-hidden\">Za to nudimo razne cijevi, profile i aluminijski puni materijal u raznim legurama: <\/p>\n\n\t<\/div>\n\n<\/div>\n\n\n<div class=\"wp-bootstrap-blocks-row row mx-auto\">\n\t\n\n<div class=\"col-12\">\n\t\t\t\n\n<hr class=\"wp-block-separator has-css-opacity is-style-wide mt-3 mb-5\"\/>\n\n\t<\/div>\n\n<\/div>\n\n\n<div class=\"wp-bootstrap-blocks-row row mx-auto\">\n\t\n\n<div class=\"col-12 col-md-4\">\n\t\t\t\n\n<div class=\"d-flex text-left scroll-fade-bottom-up visibility-hidden\">\n<div class=\"badge badge-rounded-circle badge-primary-soft mt-1 mr-4\">\n<i class=\"fe fe-check\"><\/i>\n<\/div><p class=\"text-primary\">EN AW-6060<\/p><\/div>\n\n\t<\/div>\n\n\n\n<div class=\"col-12 col-md-4\">\n\t\t\t\n\n<div class=\"d-flex text-left scroll-fade-bottom-up visibility-hidden\">\n<div class=\"badge badge-rounded-circle badge-primary-soft mt-1 mr-4\">\n<i class=\"fe fe-check\"><\/i>\n<\/div><p class=\"text-primary\">EN AW-1050\n<\/p><\/div>\n\n\t<\/div>\n\n\n\n<div class=\"col-12 col-md-4\">\n\t\t\t\n\n<div class=\"d-flex text-left scroll-fade-bottom-up visibility-hidden\">\n<div class=\"badge badge-rounded-circle badge-primary-soft mt-1 mr-4\">\n<i class=\"fe fe-check\"><\/i>\n<\/div><p class=\"text-primary\">EN AW-1350\n<\/p><\/div>\n\n\t<\/div>\n\n\n\n<div class=\"col-12 col-md-4\">\n\t\t\t\n\n<div class=\"d-flex text-left scroll-fade-bottom-up visibility-hidden\">\n<div class=\"badge badge-rounded-circle badge-primary-soft mt-1 mr-4\">\n<i class=\"fe fe-check\"><\/i>\n<\/div><p class=\"text-primary\">EN AW-2007<\/p><\/div>\n\n\t<\/div>\n\n\n\n<div class=\"col-12 col-md-4\">\n\t\t\t\n\n<div class=\"d-flex text-left scroll-fade-bottom-up visibility-hidden\">\n<div class=\"badge badge-rounded-circle badge-primary-soft mt-1 mr-4\">\n<i class=\"fe fe-check\"><\/i>\n<\/div><p class=\"text-primary\">EN AW-2024<\/p><\/div>\n\n\t<\/div>\n\n\n\n<div class=\"col-12 col-md-4\">\n\t\t\t\n\n<div class=\"d-flex text-left scroll-fade-bottom-up visibility-hidden\">\n<div class=\"badge badge-rounded-circle badge-primary-soft mt-1 mr-4\">\n<i class=\"fe fe-check\"><\/i>\n<\/div><p class=\"text-primary\">EN AW-5005<\/p><\/div>\n\n\t<\/div>\n\n\n\n<div class=\"col-12 col-md-4\">\n\t\t\t\n\n<div class=\"d-flex text-left scroll-fade-bottom-up visibility-hidden\">\n<div class=\"badge badge-rounded-circle badge-primary-soft mt-1 mr-4\">\n<i class=\"fe fe-check\"><\/i>\n<\/div><p class=\"text-primary\">EN AW-5083<\/p><\/div>\n\n\t<\/div>\n\n\n\n<div class=\"col-12 col-md-4\">\n\t\t\t\n\n<div class=\"d-flex text-left scroll-fade-bottom-up visibility-hidden\">\n<div class=\"badge badge-rounded-circle badge-primary-soft mt-1 mr-4\">\n<i class=\"fe fe-check\"><\/i>\n<\/div><p class=\"text-primary\">EN AW-5754<\/p><\/div>\n\n\t<\/div>\n\n\n\n<div class=\"col-12 col-md-4\">\n\t\t\t\n\n<div class=\"d-flex text-left scroll-fade-bottom-up visibility-hidden\">\n<div class=\"badge badge-rounded-circle badge-primary-soft mt-1 mr-4\">\n<i class=\"fe fe-check\"><\/i>\n<\/div><p class=\"text-primary\">EN AW-6101B<\/p><\/div>\n\n\t<\/div>\n\n\n\n<div class=\"col-12 col-md-4\">\n\t\t\t\n\n<div class=\"d-flex text-left scroll-fade-bottom-up visibility-hidden\">\n<div class=\"badge badge-rounded-circle badge-primary-soft mt-1 mr-4\">\n<i class=\"fe fe-check\"><\/i>\n<\/div><p class=\"text-primary\">EN AW-6082<\/p><\/div>\n\n\t<\/div>\n\n\n\n<div class=\"col-12 col-md-4\">\n\t\t\t\n\n<div class=\"d-flex text-left scroll-fade-bottom-up visibility-hidden\">\n<div class=\"badge badge-rounded-circle badge-primary-soft mt-1 mr-4\">\n<i class=\"fe fe-check\"><\/i>\n<\/div><p class=\"text-primary\">EN AW-6463<\/p><\/div>\n\n\t<\/div>\n\n\n\n<div class=\"col-12 col-md-4\">\n\t\t\t\n\n<div class=\"d-flex text-left scroll-fade-bottom-up visibility-hidden\">\n<div class=\"badge badge-rounded-circle badge-primary-soft mt-1 mr-4\">\n<i class=\"fe fe-check\"><\/i>\n<\/div><p class=\"text-primary\">EN AW-7075<\/p><\/div>\n\n\t<\/div>\n\n<\/div>\n\n<\/div>\n\n\n\n<\/section>\n\n\n\n<section data-jarallax=\"\" data-speed=\".8\" class=\"py-12 py-md-13 overlay overlay-black overlay-40 bg-cover jarallax\" style=\"background-image: url(\/wp-content\/uploads\/2021\/01\/blecha-aluminium-profile.jpg);\">\n  <div class=\"container\">\n    <div class=\"row mx-auto\">\n      <div class=\"col-12 col-md-10\">\n        <!-- Blockquote -->\n        <blockquote class=\"blockquote mb-0\"> \n          \n          <!-- Text -->\n          <p class=\"h2 text-white text-left font-regular scroll-fade-bottom-up visibility-hidden\">Tra\u017eite li neke posebne dimenzije?  Onda ih prona\u0111ite u na\u0161oj tra\u017eilici profila.<\/p>\n\n\n<div class=\"wp-bootstrap-blocks-button\">\n\t<a\n\t\thref=\"https:\/\/aluprofil.at\/en\/\"\n\t\t\t\t\ttarget=\"_blank\"\n\t\t\t\t\t\t\trel=\"noreferrer noopener\"\n\t\t\t\tclass=\"btn mt-4 scroll-fade-bottom-up visibility-hidden btn-secondary\"\n\t>\n\t\tDo tra\u017eilice profila\t<\/a>\n<\/div>\n\n\n\n<\/blockquote>\n      <\/div>\n    <\/div>\n  <\/div>\n<\/section>\n","protected":false},"excerpt":{"rendered":"Tra\u017eite li neke posebne dimenzije? Onda ih prona\u0111ite u na\u0161oj tra\u017eilici profila.","protected":false},"author":2,"featured_media":6105,"parent":5398,"menu_order":0,"comment_status":"closed","ping_status":"closed","template":"page-produkte.php","meta":{"_acf_changed":false,"footnotes":""},"class_list":["post-6103","page","type-page","status-publish","has-post-thumbnail","hentry"],"acf":[],"yoast_head":"<!-- This site is optimized with the Yoast SEO plugin v27.3 - https:\/\/yoast.com\/product\/yoast-seo-wordpress\/ -->\n<title>Standardni profili | BLECHA<\/title>\n<meta name=\"description\" content=\"U na\u0161em skladi\u0161tu mo\u017eete na\u0107i sve standardne (trgova\u010dke) profile od aluminija. Naru\u010dite va\u0161e individualne dimenzije okruglih cijevi, kutnika, U-profila, T-profila, Z-profila, kvadratnih cijevi (s radijusom ili bez radijusa), pravokutnih cijevi (s preprekama, s radijusom, ili o\u0161trokutne), trokutnih cijevi, ovalnih cijevi, C-profila, H-profili i I-nosa\u010da, i to odmah iz skladi\u0161ta.\" \/>\n<meta name=\"robots\" content=\"index, follow, max-snippet:-1, max-image-preview:large, max-video-preview:-1\" \/>\n<link rel=\"canonical\" href=\"https:\/\/www.blecha.at\/hr\/proizvodi\/standardprofile\/\" \/>\n<meta property=\"og:locale\" content=\"hr_HR\" \/>\n<meta property=\"og:type\" content=\"article\" \/>\n<meta property=\"og:title\" content=\"Standardni profili | BLECHA\" \/>\n<meta property=\"og:description\" content=\"U na\u0161em skladi\u0161tu mo\u017eete na\u0107i sve standardne (trgova\u010dke) profile od aluminija. Naru\u010dite va\u0161e individualne dimenzije okruglih cijevi, kutnika, U-profila, T-profila, Z-profila, kvadratnih cijevi (s radijusom ili bez radijusa), pravokutnih cijevi (s preprekama, s radijusom, ili o\u0161trokutne), trokutnih cijevi, ovalnih cijevi, C-profila, H-profili i I-nosa\u010da, i to odmah iz skladi\u0161ta.\" \/>\n<meta property=\"og:url\" content=\"https:\/\/www.blecha.at\/hr\/proizvodi\/standardprofile\/\" \/>\n<meta property=\"og:site_name\" content=\"BLECHA\" \/>\n<meta property=\"article:modified_time\" content=\"2024-06-27T19:27:38+00:00\" \/>\n<meta property=\"og:image\" content=\"https:\/\/www.blecha.at\/wp-content\/uploads\/2021\/03\/blecha-standardprofile-1-thumbnail.jpg\" \/>\n\t<meta property=\"og:image:width\" content=\"1600\" \/>\n\t<meta property=\"og:image:height\" content=\"1600\" \/>\n\t<meta property=\"og:image:type\" content=\"image\/jpeg\" \/>\n<meta name=\"twitter:card\" content=\"summary_large_image\" \/>\n<meta name=\"twitter:label1\" content=\"Procijenjeno vrijeme \u010ditanja\" \/>\n\t<meta name=\"twitter:data1\" content=\"1 minuta\" \/>\n<script type=\"application\/ld+json\" class=\"yoast-schema-graph\">{\"@context\":\"https:\\\/\\\/schema.org\",\"@graph\":[{\"@type\":\"WebPage\",\"@id\":\"https:\\\/\\\/www.blecha.at\\\/hr\\\/proizvodi\\\/standardprofile\\\/\",\"url\":\"https:\\\/\\\/www.blecha.at\\\/hr\\\/proizvodi\\\/standardprofile\\\/\",\"name\":\"Standardni profili | BLECHA\",\"isPartOf\":{\"@id\":\"https:\\\/\\\/www.blecha.at\\\/#website\"},\"primaryImageOfPage\":{\"@id\":\"https:\\\/\\\/www.blecha.at\\\/hr\\\/proizvodi\\\/standardprofile\\\/#primaryimage\"},\"image\":{\"@id\":\"https:\\\/\\\/www.blecha.at\\\/hr\\\/proizvodi\\\/standardprofile\\\/#primaryimage\"},\"thumbnailUrl\":\"https:\\\/\\\/www.blecha.at\\\/wp-content\\\/uploads\\\/2021\\\/03\\\/blecha-standardprofile-1-thumbnail.jpg\",\"datePublished\":\"2021-01-22T21:11:16+00:00\",\"dateModified\":\"2024-06-27T19:27:38+00:00\",\"description\":\"U na\u0161em skladi\u0161tu mo\u017eete na\u0107i sve standardne (trgova\u010dke) profile od aluminija. Naru\u010dite va\u0161e individualne dimenzije okruglih cijevi, kutnika, U-profila, T-profila, Z-profila, kvadratnih cijevi (s radijusom ili bez radijusa), pravokutnih cijevi (s preprekama, s radijusom, ili o\u0161trokutne), trokutnih cijevi, ovalnih cijevi, C-profila, H-profili i I-nosa\u010da, i to odmah iz skladi\u0161ta.\",\"breadcrumb\":{\"@id\":\"https:\\\/\\\/www.blecha.at\\\/hr\\\/proizvodi\\\/standardprofile\\\/#breadcrumb\"},\"inLanguage\":\"hr\",\"potentialAction\":[{\"@type\":\"ReadAction\",\"target\":[\"https:\\\/\\\/www.blecha.at\\\/hr\\\/proizvodi\\\/standardprofile\\\/\"]}]},{\"@type\":\"ImageObject\",\"inLanguage\":\"hr\",\"@id\":\"https:\\\/\\\/www.blecha.at\\\/hr\\\/proizvodi\\\/standardprofile\\\/#primaryimage\",\"url\":\"https:\\\/\\\/www.blecha.at\\\/wp-content\\\/uploads\\\/2021\\\/03\\\/blecha-standardprofile-1-thumbnail.jpg\",\"contentUrl\":\"https:\\\/\\\/www.blecha.at\\\/wp-content\\\/uploads\\\/2021\\\/03\\\/blecha-standardprofile-1-thumbnail.jpg\",\"width\":1600,\"height\":1600},{\"@type\":\"BreadcrumbList\",\"@id\":\"https:\\\/\\\/www.blecha.at\\\/hr\\\/proizvodi\\\/standardprofile\\\/#breadcrumb\",\"itemListElement\":[{\"@type\":\"ListItem\",\"position\":1,\"name\":\"Home\",\"item\":\"https:\\\/\\\/www.blecha.at\\\/hr\\\/\"},{\"@type\":\"ListItem\",\"position\":2,\"name\":\"Proizvodi\",\"item\":\"https:\\\/\\\/www.blecha.at\\\/hr\\\/proizvodi\\\/\"},{\"@type\":\"ListItem\",\"position\":3,\"name\":\"Standardni profili\"}]},{\"@type\":\"WebSite\",\"@id\":\"https:\\\/\\\/www.blecha.at\\\/#website\",\"url\":\"https:\\\/\\\/www.blecha.at\\\/\",\"name\":\"BLECHA\",\"description\":\"Eine weitere WordPress-Website\",\"potentialAction\":[{\"@type\":\"SearchAction\",\"target\":{\"@type\":\"EntryPoint\",\"urlTemplate\":\"https:\\\/\\\/www.blecha.at\\\/?s={search_term_string}\"},\"query-input\":{\"@type\":\"PropertyValueSpecification\",\"valueRequired\":true,\"valueName\":\"search_term_string\"}}],\"inLanguage\":\"hr\"}]}<\/script>\n<!-- \/ Yoast SEO plugin. -->","yoast_head_json":{"title":"Standardni profili | BLECHA","description":"U na\u0161em skladi\u0161tu mo\u017eete na\u0107i sve standardne (trgova\u010dke) profile od aluminija. Naru\u010dite va\u0161e individualne dimenzije okruglih cijevi, kutnika, U-profila, T-profila, Z-profila, kvadratnih cijevi (s radijusom ili bez radijusa), pravokutnih cijevi (s preprekama, s radijusom, ili o\u0161trokutne), trokutnih cijevi, ovalnih cijevi, C-profila, H-profili i I-nosa\u010da, i to odmah iz skladi\u0161ta.","robots":{"index":"index","follow":"follow","max-snippet":"max-snippet:-1","max-image-preview":"max-image-preview:large","max-video-preview":"max-video-preview:-1"},"canonical":"https:\/\/www.blecha.at\/hr\/proizvodi\/standardprofile\/","og_locale":"hr_HR","og_type":"article","og_title":"Standardni profili | BLECHA","og_description":"U na\u0161em skladi\u0161tu mo\u017eete na\u0107i sve standardne (trgova\u010dke) profile od aluminija. Naru\u010dite va\u0161e individualne dimenzije okruglih cijevi, kutnika, U-profila, T-profila, Z-profila, kvadratnih cijevi (s radijusom ili bez radijusa), pravokutnih cijevi (s preprekama, s radijusom, ili o\u0161trokutne), trokutnih cijevi, ovalnih cijevi, C-profila, H-profili i I-nosa\u010da, i to odmah iz skladi\u0161ta.","og_url":"https:\/\/www.blecha.at\/hr\/proizvodi\/standardprofile\/","og_site_name":"BLECHA","article_modified_time":"2024-06-27T19:27:38+00:00","og_image":[{"width":1600,"height":1600,"url":"https:\/\/www.blecha.at\/wp-content\/uploads\/2021\/03\/blecha-standardprofile-1-thumbnail.jpg","type":"image\/jpeg"}],"twitter_card":"summary_large_image","twitter_misc":{"Procijenjeno vrijeme \u010ditanja":"1 minuta"},"schema":{"@context":"https:\/\/schema.org","@graph":[{"@type":"WebPage","@id":"https:\/\/www.blecha.at\/hr\/proizvodi\/standardprofile\/","url":"https:\/\/www.blecha.at\/hr\/proizvodi\/standardprofile\/","name":"Standardni profili | BLECHA","isPartOf":{"@id":"https:\/\/www.blecha.at\/#website"},"primaryImageOfPage":{"@id":"https:\/\/www.blecha.at\/hr\/proizvodi\/standardprofile\/#primaryimage"},"image":{"@id":"https:\/\/www.blecha.at\/hr\/proizvodi\/standardprofile\/#primaryimage"},"thumbnailUrl":"https:\/\/www.blecha.at\/wp-content\/uploads\/2021\/03\/blecha-standardprofile-1-thumbnail.jpg","datePublished":"2021-01-22T21:11:16+00:00","dateModified":"2024-06-27T19:27:38+00:00","description":"U na\u0161em skladi\u0161tu mo\u017eete na\u0107i sve standardne (trgova\u010dke) profile od aluminija. Naru\u010dite va\u0161e individualne dimenzije okruglih cijevi, kutnika, U-profila, T-profila, Z-profila, kvadratnih cijevi (s radijusom ili bez radijusa), pravokutnih cijevi (s preprekama, s radijusom, ili o\u0161trokutne), trokutnih cijevi, ovalnih cijevi, C-profila, H-profili i I-nosa\u010da, i to odmah iz skladi\u0161ta.","breadcrumb":{"@id":"https:\/\/www.blecha.at\/hr\/proizvodi\/standardprofile\/#breadcrumb"},"inLanguage":"hr","potentialAction":[{"@type":"ReadAction","target":["https:\/\/www.blecha.at\/hr\/proizvodi\/standardprofile\/"]}]},{"@type":"ImageObject","inLanguage":"hr","@id":"https:\/\/www.blecha.at\/hr\/proizvodi\/standardprofile\/#primaryimage","url":"https:\/\/www.blecha.at\/wp-content\/uploads\/2021\/03\/blecha-standardprofile-1-thumbnail.jpg","contentUrl":"https:\/\/www.blecha.at\/wp-content\/uploads\/2021\/03\/blecha-standardprofile-1-thumbnail.jpg","width":1600,"height":1600},{"@type":"BreadcrumbList","@id":"https:\/\/www.blecha.at\/hr\/proizvodi\/standardprofile\/#breadcrumb","itemListElement":[{"@type":"ListItem","position":1,"name":"Home","item":"https:\/\/www.blecha.at\/hr\/"},{"@type":"ListItem","position":2,"name":"Proizvodi","item":"https:\/\/www.blecha.at\/hr\/proizvodi\/"},{"@type":"ListItem","position":3,"name":"Standardni profili"}]},{"@type":"WebSite","@id":"https:\/\/www.blecha.at\/#website","url":"https:\/\/www.blecha.at\/","name":"BLECHA","description":"Eine weitere WordPress-Website","potentialAction":[{"@type":"SearchAction","target":{"@type":"EntryPoint","urlTemplate":"https:\/\/www.blecha.at\/?s={search_term_string}"},"query-input":{"@type":"PropertyValueSpecification","valueRequired":true,"valueName":"search_term_string"}}],"inLanguage":"hr"}]}},"_links":{"self":[{"href":"https:\/\/www.blecha.at\/hr\/wp-json\/wp\/v2\/pages\/6103","targetHints":{"allow":["GET"]}}],"collection":[{"href":"https:\/\/www.blecha.at\/hr\/wp-json\/wp\/v2\/pages"}],"about":[{"href":"https:\/\/www.blecha.at\/hr\/wp-json\/wp\/v2\/types\/page"}],"author":[{"embeddable":true,"href":"https:\/\/www.blecha.at\/hr\/wp-json\/wp\/v2\/users\/2"}],"replies":[{"embeddable":true,"href":"https:\/\/www.blecha.at\/hr\/wp-json\/wp\/v2\/comments?post=6103"}],"version-history":[{"count":7,"href":"https:\/\/www.blecha.at\/hr\/wp-json\/wp\/v2\/pages\/6103\/revisions"}],"predecessor-version":[{"id":27823,"href":"https:\/\/www.blecha.at\/hr\/wp-json\/wp\/v2\/pages\/6103\/revisions\/27823"}],"up":[{"embeddable":true,"href":"https:\/\/www.blecha.at\/hr\/wp-json\/wp\/v2\/pages\/5398"}],"wp:featuredmedia":[{"embeddable":true,"href":"https:\/\/www.blecha.at\/hr\/wp-json\/wp\/v2\/media\/6105"}],"wp:attachment":[{"href":"https:\/\/www.blecha.at\/hr\/wp-json\/wp\/v2\/media?parent=6103"}],"curies":[{"name":"wp","href":"https:\/\/api.w.org\/{rel}","templated":true}]}}