{"id":22232,"date":"2023-09-13T16:35:20","date_gmt":"2023-09-13T14:35:20","guid":{"rendered":"https:\/\/www.blecha.at\/?page_id=22232"},"modified":"2024-07-18T17:12:56","modified_gmt":"2024-07-18T15:12:56","slug":"tartozekok-es-fittingek","status":"publish","type":"page","link":"https:\/\/www.blecha.at\/hu\/termekek\/fittings\/tartozekok-es-fittingek\/","title":{"rendered":"Tartoz\u00e9kok \u00e9s fittingek"},"content":{"rendered":"","protected":false},"excerpt":{"rendered":"","protected":false},"author":2,"featured_media":0,"parent":26618,"menu_order":0,"comment_status":"closed","ping_status":"closed","template":"page-zaunsysteme-details.php","meta":{"_acf_changed":false,"footnotes":""},"class_list":["post-22232","page","type-page","status-publish","hentry"],"acf":[],"yoast_head":"<!-- This site is optimized with the Yoast SEO plugin v27.3 - https:\/\/yoast.com\/product\/yoast-seo-wordpress\/ -->\n<title>Tartoze\u0301kok e\u0301s fittingek | BLECHA Aluprofile<\/title>\n<meta name=\"description\" content=\"Fedezze fel kiv\u00e1l\u00f3 min\u0151s\u00e9g\u0171 alum\u00ednium csatlakoz\u00f3inkat. Alum\u00ednium aljzataink ide\u00e1lis megold\u00e1st k\u00edn\u00e1lnak olyan cs\u0151rendszerekhez \u00e9s szerkezetekhez, ahol csatlakoz\u00e1sokra \u00e9s t\u00e1maszt\u00e9kokra van sz\u00fcks\u00e9g. Zoknik sz\u00e9les v\u00e1laszt\u00e9k\u00e1t k\u00edn\u00e1ljuk, bele\u00e9rtve a nyeregzoknit \u00e9s a cip\u0151zoknit.\" \/>\n<meta name=\"robots\" content=\"index, follow, max-snippet:-1, max-image-preview:large, max-video-preview:-1\" \/>\n<link rel=\"canonical\" href=\"https:\/\/www.blecha.at\/hu\/termekek\/fittings\/tartozekok-es-fittingek\/\" \/>\n<meta property=\"og:locale\" content=\"hu_HU\" \/>\n<meta property=\"og:type\" content=\"article\" \/>\n<meta property=\"og:title\" content=\"Tartoze\u0301kok e\u0301s fittingek | BLECHA Aluprofile\" \/>\n<meta property=\"og:description\" content=\"Fedezze fel kiv\u00e1l\u00f3 min\u0151s\u00e9g\u0171 alum\u00ednium csatlakoz\u00f3inkat. Alum\u00ednium aljzataink ide\u00e1lis megold\u00e1st k\u00edn\u00e1lnak olyan cs\u0151rendszerekhez \u00e9s szerkezetekhez, ahol csatlakoz\u00e1sokra \u00e9s t\u00e1maszt\u00e9kokra van sz\u00fcks\u00e9g. Zoknik sz\u00e9les v\u00e1laszt\u00e9k\u00e1t k\u00edn\u00e1ljuk, bele\u00e9rtve a nyeregzoknit \u00e9s a cip\u0151zoknit.\" \/>\n<meta property=\"og:url\" content=\"https:\/\/www.blecha.at\/hu\/termekek\/fittings\/tartozekok-es-fittingek\/\" \/>\n<meta property=\"og:site_name\" content=\"BLECHA\" \/>\n<meta property=\"article:modified_time\" content=\"2024-07-18T15:12:56+00:00\" \/>\n<meta property=\"og:image\" content=\"https:\/\/www.blecha.at\/wp-content\/uploads\/2021\/02\/blecha-unternehmen-auswahl-gebaeude-3-scaled.jpg\" \/>\n\t<meta property=\"og:image:width\" content=\"2560\" \/>\n\t<meta property=\"og:image:height\" content=\"1642\" \/>\n\t<meta property=\"og:image:type\" content=\"image\/jpeg\" \/>\n<meta name=\"twitter:card\" content=\"summary_large_image\" \/>\n<script type=\"application\/ld+json\" class=\"yoast-schema-graph\">{\"@context\":\"https:\\\/\\\/schema.org\",\"@graph\":[{\"@type\":\"WebPage\",\"@id\":\"https:\\\/\\\/www.blecha.at\\\/hu\\\/termekek\\\/fittings\\\/tartozekok-es-fittingek\\\/\",\"url\":\"https:\\\/\\\/www.blecha.at\\\/hu\\\/termekek\\\/fittings\\\/tartozekok-es-fittingek\\\/\",\"name\":\"Tartoze\u0301kok e\u0301s fittingek | BLECHA Aluprofile\",\"isPartOf\":{\"@id\":\"https:\\\/\\\/www.blecha.at\\\/#website\"},\"datePublished\":\"2023-09-13T14:35:20+00:00\",\"dateModified\":\"2024-07-18T15:12:56+00:00\",\"description\":\"Fedezze fel kiv\u00e1l\u00f3 min\u0151s\u00e9g\u0171 alum\u00ednium csatlakoz\u00f3inkat. Alum\u00ednium aljzataink ide\u00e1lis megold\u00e1st k\u00edn\u00e1lnak olyan cs\u0151rendszerekhez \u00e9s szerkezetekhez, ahol csatlakoz\u00e1sokra \u00e9s t\u00e1maszt\u00e9kokra van sz\u00fcks\u00e9g. Zoknik sz\u00e9les v\u00e1laszt\u00e9k\u00e1t k\u00edn\u00e1ljuk, bele\u00e9rtve a nyeregzoknit \u00e9s a cip\u0151zoknit.\",\"breadcrumb\":{\"@id\":\"https:\\\/\\\/www.blecha.at\\\/hu\\\/termekek\\\/fittings\\\/tartozekok-es-fittingek\\\/#breadcrumb\"},\"inLanguage\":\"hu\",\"potentialAction\":[{\"@type\":\"ReadAction\",\"target\":[\"https:\\\/\\\/www.blecha.at\\\/hu\\\/termekek\\\/fittings\\\/tartozekok-es-fittingek\\\/\"]}]},{\"@type\":\"BreadcrumbList\",\"@id\":\"https:\\\/\\\/www.blecha.at\\\/hu\\\/termekek\\\/fittings\\\/tartozekok-es-fittingek\\\/#breadcrumb\",\"itemListElement\":[{\"@type\":\"ListItem\",\"position\":1,\"name\":\"Home\",\"item\":\"https:\\\/\\\/www.blecha.at\\\/hu\\\/\"},{\"@type\":\"ListItem\",\"position\":2,\"name\":\"Term\u00e9kek\",\"item\":\"https:\\\/\\\/www.blecha.at\\\/hu\\\/termekek\\\/\"},{\"@type\":\"ListItem\",\"position\":3,\"name\":\"Fittingek\",\"item\":\"https:\\\/\\\/www.blecha.at\\\/hu\\\/termekek\\\/fittings\\\/\"},{\"@type\":\"ListItem\",\"position\":4,\"name\":\"Tartoz\u00e9kok \u00e9s fittingek\"}]},{\"@type\":\"WebSite\",\"@id\":\"https:\\\/\\\/www.blecha.at\\\/#website\",\"url\":\"https:\\\/\\\/www.blecha.at\\\/\",\"name\":\"BLECHA\",\"description\":\"Eine weitere WordPress-Website\",\"potentialAction\":[{\"@type\":\"SearchAction\",\"target\":{\"@type\":\"EntryPoint\",\"urlTemplate\":\"https:\\\/\\\/www.blecha.at\\\/?s={search_term_string}\"},\"query-input\":{\"@type\":\"PropertyValueSpecification\",\"valueRequired\":true,\"valueName\":\"search_term_string\"}}],\"inLanguage\":\"hu\"}]}<\/script>\n<!-- \/ Yoast SEO plugin. -->","yoast_head_json":{"title":"Tartoze\u0301kok e\u0301s fittingek | BLECHA Aluprofile","description":"Fedezze fel kiv\u00e1l\u00f3 min\u0151s\u00e9g\u0171 alum\u00ednium csatlakoz\u00f3inkat. Alum\u00ednium aljzataink ide\u00e1lis megold\u00e1st k\u00edn\u00e1lnak olyan cs\u0151rendszerekhez \u00e9s szerkezetekhez, ahol csatlakoz\u00e1sokra \u00e9s t\u00e1maszt\u00e9kokra van sz\u00fcks\u00e9g. Zoknik sz\u00e9les v\u00e1laszt\u00e9k\u00e1t k\u00edn\u00e1ljuk, bele\u00e9rtve a nyeregzoknit \u00e9s a cip\u0151zoknit.","robots":{"index":"index","follow":"follow","max-snippet":"max-snippet:-1","max-image-preview":"max-image-preview:large","max-video-preview":"max-video-preview:-1"},"canonical":"https:\/\/www.blecha.at\/hu\/termekek\/fittings\/tartozekok-es-fittingek\/","og_locale":"hu_HU","og_type":"article","og_title":"Tartoze\u0301kok e\u0301s fittingek | BLECHA Aluprofile","og_description":"Fedezze fel kiv\u00e1l\u00f3 min\u0151s\u00e9g\u0171 alum\u00ednium csatlakoz\u00f3inkat. Alum\u00ednium aljzataink ide\u00e1lis megold\u00e1st k\u00edn\u00e1lnak olyan cs\u0151rendszerekhez \u00e9s szerkezetekhez, ahol csatlakoz\u00e1sokra \u00e9s t\u00e1maszt\u00e9kokra van sz\u00fcks\u00e9g. Zoknik sz\u00e9les v\u00e1laszt\u00e9k\u00e1t k\u00edn\u00e1ljuk, bele\u00e9rtve a nyeregzoknit \u00e9s a cip\u0151zoknit.","og_url":"https:\/\/www.blecha.at\/hu\/termekek\/fittings\/tartozekok-es-fittingek\/","og_site_name":"BLECHA","article_modified_time":"2024-07-18T15:12:56+00:00","og_image":[{"width":2560,"height":1642,"url":"https:\/\/www.blecha.at\/wp-content\/uploads\/2021\/02\/blecha-unternehmen-auswahl-gebaeude-3-scaled.jpg","type":"image\/jpeg"}],"twitter_card":"summary_large_image","schema":{"@context":"https:\/\/schema.org","@graph":[{"@type":"WebPage","@id":"https:\/\/www.blecha.at\/hu\/termekek\/fittings\/tartozekok-es-fittingek\/","url":"https:\/\/www.blecha.at\/hu\/termekek\/fittings\/tartozekok-es-fittingek\/","name":"Tartoze\u0301kok e\u0301s fittingek | BLECHA Aluprofile","isPartOf":{"@id":"https:\/\/www.blecha.at\/#website"},"datePublished":"2023-09-13T14:35:20+00:00","dateModified":"2024-07-18T15:12:56+00:00","description":"Fedezze fel kiv\u00e1l\u00f3 min\u0151s\u00e9g\u0171 alum\u00ednium csatlakoz\u00f3inkat. Alum\u00ednium aljzataink ide\u00e1lis megold\u00e1st k\u00edn\u00e1lnak olyan cs\u0151rendszerekhez \u00e9s szerkezetekhez, ahol csatlakoz\u00e1sokra \u00e9s t\u00e1maszt\u00e9kokra van sz\u00fcks\u00e9g. Zoknik sz\u00e9les v\u00e1laszt\u00e9k\u00e1t k\u00edn\u00e1ljuk, bele\u00e9rtve a nyeregzoknit \u00e9s a cip\u0151zoknit.","breadcrumb":{"@id":"https:\/\/www.blecha.at\/hu\/termekek\/fittings\/tartozekok-es-fittingek\/#breadcrumb"},"inLanguage":"hu","potentialAction":[{"@type":"ReadAction","target":["https:\/\/www.blecha.at\/hu\/termekek\/fittings\/tartozekok-es-fittingek\/"]}]},{"@type":"BreadcrumbList","@id":"https:\/\/www.blecha.at\/hu\/termekek\/fittings\/tartozekok-es-fittingek\/#breadcrumb","itemListElement":[{"@type":"ListItem","position":1,"name":"Home","item":"https:\/\/www.blecha.at\/hu\/"},{"@type":"ListItem","position":2,"name":"Term\u00e9kek","item":"https:\/\/www.blecha.at\/hu\/termekek\/"},{"@type":"ListItem","position":3,"name":"Fittingek","item":"https:\/\/www.blecha.at\/hu\/termekek\/fittings\/"},{"@type":"ListItem","position":4,"name":"Tartoz\u00e9kok \u00e9s fittingek"}]},{"@type":"WebSite","@id":"https:\/\/www.blecha.at\/#website","url":"https:\/\/www.blecha.at\/","name":"BLECHA","description":"Eine weitere WordPress-Website","potentialAction":[{"@type":"SearchAction","target":{"@type":"EntryPoint","urlTemplate":"https:\/\/www.blecha.at\/?s={search_term_string}"},"query-input":{"@type":"PropertyValueSpecification","valueRequired":true,"valueName":"search_term_string"}}],"inLanguage":"hu"}]}},"_links":{"self":[{"href":"https:\/\/www.blecha.at\/hu\/wp-json\/wp\/v2\/pages\/22232","targetHints":{"allow":["GET"]}}],"collection":[{"href":"https:\/\/www.blecha.at\/hu\/wp-json\/wp\/v2\/pages"}],"about":[{"href":"https:\/\/www.blecha.at\/hu\/wp-json\/wp\/v2\/types\/page"}],"author":[{"embeddable":true,"href":"https:\/\/www.blecha.at\/hu\/wp-json\/wp\/v2\/users\/2"}],"replies":[{"embeddable":true,"href":"https:\/\/www.blecha.at\/hu\/wp-json\/wp\/v2\/comments?post=22232"}],"version-history":[{"count":7,"href":"https:\/\/www.blecha.at\/hu\/wp-json\/wp\/v2\/pages\/22232\/revisions"}],"predecessor-version":[{"id":27891,"href":"https:\/\/www.blecha.at\/hu\/wp-json\/wp\/v2\/pages\/22232\/revisions\/27891"}],"up":[{"embeddable":true,"href":"https:\/\/www.blecha.at\/hu\/wp-json\/wp\/v2\/pages\/26618"}],"wp:attachment":[{"href":"https:\/\/www.blecha.at\/hu\/wp-json\/wp\/v2\/media?parent=22232"}],"curies":[{"name":"wp","href":"https:\/\/api.w.org\/{rel}","templated":true}]}}