{"id":22284,"date":"2023-09-13T15:38:36","date_gmt":"2023-09-13T13:38:36","guid":{"rendered":"https:\/\/www.blecha.at\/?page_id=22284"},"modified":"2026-01-26T16:38:06","modified_gmt":"2026-01-26T15:38:06","slug":"arnyekolo-szunyoghalo","status":"publish","type":"page","link":"https:\/\/www.blecha.at\/hu\/termekek\/specialis-profilok\/arnyekolo-szunyoghalo\/","title":{"rendered":"\u00c1rny\u00e9kol\u00f3, Sz\u00fanyogh\u00e1l\u00f3"},"content":{"rendered":"\n<p>Alum\u00ednium profilok nap- \u00e9s rovarv\u00e9delemhez \u2013 Tart\u00f3s, stabil \u00e9s fenntarthat\u00f3<\/p>\n\n\n\n<p>A napf\u00e9ny- \u00e9s rovarv\u00e9delmi rendszerek a modern \u00e9p\u00edt\u00e9szet \u00e9s \u00e9p\u00edt\u0151ipar n\u00e9lk\u00fcl\u00f6zhetetlen r\u00e9sz\u00e9v\u00e9 v\u00e1ltak. Nemcsak v\u00e9delmet ny\u00fajtanak a h\u0151t\u0151l, a t\u00fckr\u00f6z\u0151d\u00e9st\u0151l \u00e9s a rovarokt\u00f3l, hanem hozz\u00e1j\u00e1rulnak az energiahat\u00e9konys\u00e1ghoz \u00e9s az \u00e9letmin\u0151s\u00e9ghez is. Kiv\u00e1l\u00f3 min\u0151s\u00e9g\u0171 alum\u00ednium profiljainkkal tart\u00f3s, id\u0151j\u00e1r\u00e1s\u00e1ll\u00f3 \u00e9s tetszet\u0151s megold\u00e1sokat k\u00edn\u00e1lunk k\u00fcl\u00f6nf\u00e9le alkalmaz\u00e1sokhoz \u2013 a lak\u00f3\u00e9p\u00fcletekt\u0151l a kereskedelmi ingatlanokig \u00e9s k\u00f6z\u00e9p\u00fcletekig.<\/p>\n\n\n\n<p>Tapasztalt alum\u00ednium-nagykeresked\u0151k\u00e9nt nap- \u00e9s rovarv\u00e9delemre szolg\u00e1l\u00f3 alum\u00ednium profilok sz\u00e9les v\u00e1laszt\u00e9k\u00e1t k\u00edn\u00e1ljuk, melyeket tart\u00f3ss\u00e1g, korr\u00f3zi\u00f3\u00e1ll\u00f3s\u00e1g \u00e9s sokoldal\u00fas\u00e1g jellemez.<\/p>\n\n\n\n<p>Napv\u00e9delem alum\u00ednium lamell\u00e1val &nbsp;\u00e9s tart\u00f3profilokkal<\/p>\n\n\n\n<p>A hat\u00e9kony napv\u00e9delem nemcsak a h\u0151sug\u00e1rz\u00e1st cs\u00f6kkenti, hanem kellemes helyis\u00e9gkl\u00edm\u00e1t is biztos\u00edt. Alum\u00ednium lamell\u00e1ink ide\u00e1lis v\u00e1laszt\u00e1st jelentenek az egy\u00e9ni napv\u00e9d\u0151 megold\u00e1sokhoz. K\u00fcl\u00f6nf\u00e9le m\u00e9retben \u00e9s kivitelben kaphat\u00f3k, bele\u00e9rtve a n\u00e9pszer\u0171 rombuszl\u00e9ceinket is, amelyek modern \u00e9s st\u00edlusos megjelen\u00e9st biztos\u00edtanak.<\/p>\n\n\n\n<p>Ezeket a lamell\u00e1kat gyakran haszn\u00e1lj\u00e1k homlokzat \u00e1rny\u00e9kol\u00e1s\u00e1ra, pergol\u00e1kra vagy bel\u00e1t\u00e1s elleni v\u00e9delemre. Nemcsak a k\u00f6zvetlen napsug\u00e1rz\u00e1s ellen ny\u00fajtanak v\u00e9delmet, hanem statikailag is ellen\u00e1ll\u00f3ak, k\u00f6nnyen tiszt\u00edthat\u00f3k \u00e9s rozsda\u00e1ll\u00f3ak. K\u00f6nny\u0171, de stabil anyag\u00e1nak k\u00f6sz\u00f6nhet\u0151en az alum\u00ednium lamell\u00e1k ide\u00e1lisak nagyobb konstrukci\u00f3khoz is.<\/p>\n\n\n\n<p>Egy m\u00e1sik n\u00e9lk\u00fcl\u00f6zhetetlen term\u00e9k k\u00edn\u00e1latunkban a tet\u0151fed\u0151 tart\u00f3profil. Gyakran haszn\u00e1lj\u00e1k terasztet\u0151k, kocsibe\u00e1ll\u00f3k vagy t\u00e9likertek \u00e9p\u00edt\u00e9s\u00e9re, \u00e9s robusztus alapot k\u00edn\u00e1l sokf\u00e9le tet\u0151szerkezethez.<\/p>\n\n\n\n<p>Rovarv\u00e9delem \u2013 tart\u00f3s megold\u00e1sok alum\u00edniumb\u00f3l<\/p>\n\n\n\n<p>A megb\u00edzhat\u00f3 rovarv\u00e9delem nagyobb k\u00e9nyelmet biztos\u00edt, k\u00fcl\u00f6n\u00f6sen a melegebb h\u00f3napokban. Alum\u00ednium sz\u00fanyogh\u00e1l\u00f3 profiljaink ide\u00e1lisak sz\u00fanyogh\u00e1l\u00f3s keretek, ajt\u00f3k vagy tol\u00f3rendszerek \u00e9p\u00edt\u00e9s\u00e9hez.<\/p>\n\n\n\n<p>M\u00edg sok rovarv\u00e9delmi rendszer m\u0171anyagb\u00f3l k\u00e9sz\u00fcl, az alum\u00ednium l\u00e9nyegesen nagyobb stabilit\u00e1st, UV-\u00e1ll\u00f3s\u00e1got \u00e9s tart\u00f3ss\u00e1got k\u00edn\u00e1l. Ezenk\u00edv\u00fcl az alum\u00ednium profilok k\u00fcl\u00f6n\u00f6sen k\u00f6nnyen \u00e1polhat\u00f3ak &nbsp;\u00e9s z\u00f6kken\u0151mentesen illeszkednek a modern \u00e9p\u00edt\u00e9szetbe.<\/p>\n\n\n\n<p>Red\u0151nyprofilok \u2013 v\u00e9delem a nap, a h\u0151 \u00e9s a k\u00edv\u00e1ncsi szemek ellen<\/p>\n\n\n\n<p>Alum\u00ednium red\u0151nyprofiljaink t\u00f6k\u00e9letes megold\u00e1st jelentenek a mag\u00e1n\u00e9let v\u00e9delm\u00e9re, a h\u0151szigetel\u00e9sre \u00e9s a tov\u00e1bbi biztons\u00e1gra. A m\u0171anyag red\u0151ny\u00f6kh\u00f6z k\u00e9pest az alum\u00ednium profilok l\u00e9nyegesen ellen\u00e1ll\u00f3bbak \u00e9s tart\u00f3sabbak.<\/p>\n\n\n\n<p>A red\u0151ny\u00f6k sz\u00e1mos el\u0151nnyel rendelkeznek: F\u00e9nyv\u00e9delem: Cs\u00f6kkenti a k\u00f6zvetlen napsug\u00e1rz\u00e1st \u00e9s kellemes belt\u00e9ri kl\u00edm\u00e1t biztos\u00edt. H\u0151szigetel\u00e9s: Cs\u00f6kkenti az energiak\u00f6lts\u00e9geket a f\u0171t\u00e9si \u00e9s h\u0171t\u00e9si k\u00f6lts\u00e9gek cs\u00f6kkent\u00e9s\u00e9vel. Biztons\u00e1g: Megnehez\u00edti a behatol\u00e1st \u00e9s v\u00e9d a nem k\u00edv\u00e1nt pillant\u00e1sokt\u00f3l.<\/p>\n\n\n\n<p>enntarthat\u00f3s\u00e1g \u00e9s k\u00f6rnyezetbar\u00e1ts\u00e1g<\/p>\n\n\n\n<p>Az alum\u00ednium k\u00fcl\u00f6n\u00f6sen fenntarthat\u00f3 anyag, mert szinte 100%-ban \u00fajrahasznos\u00edthat\u00f3 min\u0151s\u00e9groml\u00e1s n\u00e9lk\u00fcl. Alum\u00ednium profiljaink nemcsak hossz\u00fa \u00e9lettartamot biztos\u00edtanak, hanem k\u00f6rnyezetbar\u00e1tabb alternat\u00edv\u00e1t is jelentenek a m\u0171anyag megold\u00e1sokkal szemben. Kiv\u00e1l\u00f3 min\u0151s\u00e9g\u0171 anyagok felhaszn\u00e1l\u00e1s\u00e1val akt\u00edvan hozz\u00e1j\u00e1rulunk a hossz\u00fa \u00e9lettartam\u00fa \u00e9s er\u0151forr\u00e1s-takar\u00e9kos megold\u00e1sok l\u00e9trehoz\u00e1s\u00e1hoz a napv\u00e9delem \u00e9s a rovarv\u00e9delem ter\u00e9n.<\/p>\n\n\n\n<p>BLECHA \u2013 az \u00d6n megb\u00edzhat\u00f3 partnere az alum\u00edniumprofilok ter\u00e9n<\/p>\n\n\n\n<p>N\u00e9gy \u00e9vtizedes alum\u00edniumipari tapasztalattal rendelkez\u00fcnk, \u00edgy sz\u00e9les v\u00e1laszt\u00e9kban k\u00edn\u00e1lunk kiv\u00e1l\u00f3 min\u0151s\u00e9g\u0171 profilokat \u00fcgyfeleinknek a legk\u00fcl\u00f6nf\u00e9l\u00e9bb alkalmaz\u00e1sokhoz. Kiterjedt rakt\u00e1runknak k\u00f6sz\u00f6nhet\u0151en gyorsan \u00e9s rugalmasan tudjuk feldolgozni a rendel\u00e9seket.<\/p>\n\n\n\n<p>Megb\u00edzhat\u00f3 logisztika: A sz\u00e1ll\u00edtm\u00e1nyoz\u00f3kkal \u00e9s csomagk\u00fcld\u0151 szolg\u00e1latokkal val\u00f3 egy\u00fcttm\u0171k\u00f6d\u00e9s\u00fcnkkel, valamint saj\u00e1t flott\u00e1nkkal biztos\u00edtjuk, hogy megrendel\u00e9se biztons\u00e1gosan \u00e9s id\u0151ben meg\u00e9rkezzen \u2013 Ausztri\u00e1ba \u00e9s a k\u00f6rnyez\u0151 orsz\u00e1gokba egyar\u00e1nt.<\/p>\n\n\n\n<p>Legyen sz\u00f3 alum\u00ednium l\u00e9cekr\u0151l napv\u00e9delemhez, sz\u00fanyogh\u00e1l\u00f3 &nbsp;profilokr\u00f3l vagy red\u0151nyprofilokr\u00f3l \u2013 a BLECHA-n\u00e1l megtal\u00e1lja projektjeihez a megfelel\u0151 alum\u00edniummegold\u00e1sokat. Vegye fel vel\u00fcnk a kapcsolatot m\u00e9g ma, \u00e9s hagyja, hogy meggy\u0151zz\u00fck term\u00e9keink v\u00e1laszt\u00e9k\u00e1r\u00f3l!<\/p>\n","protected":false},"excerpt":{"rendered":"Alum\u00ednium profilok nap- \u00e9s rovarv\u00e9delemhez \u2013 Tart\u00f3s, stabil \u00e9s fenntarthat\u00f3 A napf\u00e9ny- \u00e9s rovarv\u00e9delmi rendszerek a modern \u00e9p\u00edt\u00e9szet \u00e9s \u00e9p\u00edt\u0151ipar n\u00e9lk\u00fcl\u00f6zhetetlen r\u00e9sz\u00e9v\u00e9 v\u00e1ltak. Nemcsak v\u00e9delmet ny\u00fajtanak a h\u0151t\u0151l, a t\u00fckr\u00f6z\u0151d\u00e9st\u0151l \u00e9s a rovarokt\u00f3l, hanem hozz\u00e1j\u00e1rulnak az energiahat\u00e9konys\u00e1ghoz \u00e9s az \u00e9letmin\u0151s\u00e9ghez is. Kiv\u00e1l\u00f3 min\u0151s\u00e9g\u0171 alum\u00ednium profiljainkkal tart\u00f3s, id\u0151j\u00e1r\u00e1s\u00e1ll\u00f3 \u00e9s tetszet\u0151s megold\u00e1sokat k\u00edn\u00e1lunk k\u00fcl\u00f6nf\u00e9le alkalmaz\u00e1sokhoz \u2013 a [&hellip;]","protected":false},"author":2,"featured_media":0,"parent":5829,"menu_order":0,"comment_status":"closed","ping_status":"closed","template":"page-zaunsysteme-details.php","meta":{"_acf_changed":false,"footnotes":""},"class_list":["post-22284","page","type-page","status-publish","hentry"],"acf":[],"yoast_head":"<!-- This site is optimized with the Yoast SEO plugin v27.3 - https:\/\/yoast.com\/product\/yoast-seo-wordpress\/ -->\n<title>\u00c1rny\u00e9kol\u00f3, Sz\u00fanyogh\u00e1l\u00f3 | BLECHA ALUPROFILE<\/title>\n<meta name=\"description\" content=\"Fedezze fel kiv\u00e1l\u00f3 min\u0151s\u00e9g\u0171, alum\u00edniumb\u00f3l k\u00e9sz\u00fclt nap- \u00e9s rovarv\u00e9delmi megold\u00e1sainkat. Term\u00e9keink ide\u00e1lis megold\u00e1st k\u00edn\u00e1lnak a hat\u00e9kony napv\u00e9delemre \u00e9s a rovarok elleni v\u00e9dekez\u00e9sre egyszerre.\" \/>\n<meta name=\"robots\" content=\"index, follow, max-snippet:-1, max-image-preview:large, max-video-preview:-1\" \/>\n<link rel=\"canonical\" href=\"https:\/\/www.blecha.at\/hu\/termekek\/specialis-profilok\/arnyekolo-szunyoghalo\/\" \/>\n<meta property=\"og:locale\" content=\"hu_HU\" \/>\n<meta property=\"og:type\" content=\"article\" \/>\n<meta property=\"og:title\" content=\"\u00c1rny\u00e9kol\u00f3, Sz\u00fanyogh\u00e1l\u00f3 | BLECHA ALUPROFILE\" \/>\n<meta property=\"og:description\" content=\"Fedezze fel kiv\u00e1l\u00f3 min\u0151s\u00e9g\u0171, alum\u00edniumb\u00f3l k\u00e9sz\u00fclt nap- \u00e9s rovarv\u00e9delmi megold\u00e1sainkat. Term\u00e9keink ide\u00e1lis megold\u00e1st k\u00edn\u00e1lnak a hat\u00e9kony napv\u00e9delemre \u00e9s a rovarok elleni v\u00e9dekez\u00e9sre egyszerre.\" \/>\n<meta property=\"og:url\" content=\"https:\/\/www.blecha.at\/hu\/termekek\/specialis-profilok\/arnyekolo-szunyoghalo\/\" \/>\n<meta property=\"og:site_name\" content=\"BLECHA\" \/>\n<meta property=\"article:modified_time\" content=\"2026-01-26T15:38:06+00:00\" \/>\n<meta property=\"og:image\" content=\"https:\/\/www.blecha.at\/wp-content\/uploads\/2021\/02\/blecha-unternehmen-auswahl-gebaeude-3-scaled.jpg\" \/>\n\t<meta property=\"og:image:width\" content=\"2560\" \/>\n\t<meta property=\"og:image:height\" content=\"1642\" \/>\n\t<meta property=\"og:image:type\" content=\"image\/jpeg\" \/>\n<meta name=\"twitter:card\" content=\"summary_large_image\" \/>\n<meta name=\"twitter:label1\" content=\"Becs\u00fclt olvas\u00e1si id\u0151\" \/>\n\t<meta name=\"twitter:data1\" content=\"3 perc\" \/>\n<script type=\"application\/ld+json\" class=\"yoast-schema-graph\">{\"@context\":\"https:\\\/\\\/schema.org\",\"@graph\":[{\"@type\":\"WebPage\",\"@id\":\"https:\\\/\\\/www.blecha.at\\\/hu\\\/termekek\\\/specialis-profilok\\\/arnyekolo-szunyoghalo\\\/\",\"url\":\"https:\\\/\\\/www.blecha.at\\\/hu\\\/termekek\\\/specialis-profilok\\\/arnyekolo-szunyoghalo\\\/\",\"name\":\"\u00c1rny\u00e9kol\u00f3, Sz\u00fanyogh\u00e1l\u00f3 | BLECHA ALUPROFILE\",\"isPartOf\":{\"@id\":\"https:\\\/\\\/www.blecha.at\\\/#website\"},\"datePublished\":\"2023-09-13T13:38:36+00:00\",\"dateModified\":\"2026-01-26T15:38:06+00:00\",\"description\":\"Fedezze fel kiv\u00e1l\u00f3 min\u0151s\u00e9g\u0171, alum\u00edniumb\u00f3l k\u00e9sz\u00fclt nap- \u00e9s rovarv\u00e9delmi megold\u00e1sainkat. Term\u00e9keink ide\u00e1lis megold\u00e1st k\u00edn\u00e1lnak a hat\u00e9kony napv\u00e9delemre \u00e9s a rovarok elleni v\u00e9dekez\u00e9sre egyszerre.\",\"breadcrumb\":{\"@id\":\"https:\\\/\\\/www.blecha.at\\\/hu\\\/termekek\\\/specialis-profilok\\\/arnyekolo-szunyoghalo\\\/#breadcrumb\"},\"inLanguage\":\"hu\",\"potentialAction\":[{\"@type\":\"ReadAction\",\"target\":[\"https:\\\/\\\/www.blecha.at\\\/hu\\\/termekek\\\/specialis-profilok\\\/arnyekolo-szunyoghalo\\\/\"]}]},{\"@type\":\"BreadcrumbList\",\"@id\":\"https:\\\/\\\/www.blecha.at\\\/hu\\\/termekek\\\/specialis-profilok\\\/arnyekolo-szunyoghalo\\\/#breadcrumb\",\"itemListElement\":[{\"@type\":\"ListItem\",\"position\":1,\"name\":\"Home\",\"item\":\"https:\\\/\\\/www.blecha.at\\\/hu\\\/\"},{\"@type\":\"ListItem\",\"position\":2,\"name\":\"Term\u00e9kek\",\"item\":\"https:\\\/\\\/www.blecha.at\\\/hu\\\/termekek\\\/\"},{\"@type\":\"ListItem\",\"position\":3,\"name\":\"Speci\u00e1lis profilok\",\"item\":\"https:\\\/\\\/www.blecha.at\\\/hu\\\/termekek\\\/specialis-profilok\\\/\"},{\"@type\":\"ListItem\",\"position\":4,\"name\":\"\u00c1rny\u00e9kol\u00f3, Sz\u00fanyogh\u00e1l\u00f3\"}]},{\"@type\":\"WebSite\",\"@id\":\"https:\\\/\\\/www.blecha.at\\\/#website\",\"url\":\"https:\\\/\\\/www.blecha.at\\\/\",\"name\":\"BLECHA\",\"description\":\"Eine weitere WordPress-Website\",\"potentialAction\":[{\"@type\":\"SearchAction\",\"target\":{\"@type\":\"EntryPoint\",\"urlTemplate\":\"https:\\\/\\\/www.blecha.at\\\/?s={search_term_string}\"},\"query-input\":{\"@type\":\"PropertyValueSpecification\",\"valueRequired\":true,\"valueName\":\"search_term_string\"}}],\"inLanguage\":\"hu\"}]}<\/script>\n<!-- \/ Yoast SEO plugin. -->","yoast_head_json":{"title":"\u00c1rny\u00e9kol\u00f3, Sz\u00fanyogh\u00e1l\u00f3 | BLECHA ALUPROFILE","description":"Fedezze fel kiv\u00e1l\u00f3 min\u0151s\u00e9g\u0171, alum\u00edniumb\u00f3l k\u00e9sz\u00fclt nap- \u00e9s rovarv\u00e9delmi megold\u00e1sainkat. Term\u00e9keink ide\u00e1lis megold\u00e1st k\u00edn\u00e1lnak a hat\u00e9kony napv\u00e9delemre \u00e9s a rovarok elleni v\u00e9dekez\u00e9sre egyszerre.","robots":{"index":"index","follow":"follow","max-snippet":"max-snippet:-1","max-image-preview":"max-image-preview:large","max-video-preview":"max-video-preview:-1"},"canonical":"https:\/\/www.blecha.at\/hu\/termekek\/specialis-profilok\/arnyekolo-szunyoghalo\/","og_locale":"hu_HU","og_type":"article","og_title":"\u00c1rny\u00e9kol\u00f3, Sz\u00fanyogh\u00e1l\u00f3 | BLECHA ALUPROFILE","og_description":"Fedezze fel kiv\u00e1l\u00f3 min\u0151s\u00e9g\u0171, alum\u00edniumb\u00f3l k\u00e9sz\u00fclt nap- \u00e9s rovarv\u00e9delmi megold\u00e1sainkat. Term\u00e9keink ide\u00e1lis megold\u00e1st k\u00edn\u00e1lnak a hat\u00e9kony napv\u00e9delemre \u00e9s a rovarok elleni v\u00e9dekez\u00e9sre egyszerre.","og_url":"https:\/\/www.blecha.at\/hu\/termekek\/specialis-profilok\/arnyekolo-szunyoghalo\/","og_site_name":"BLECHA","article_modified_time":"2026-01-26T15:38:06+00:00","og_image":[{"width":2560,"height":1642,"url":"https:\/\/www.blecha.at\/wp-content\/uploads\/2021\/02\/blecha-unternehmen-auswahl-gebaeude-3-scaled.jpg","type":"image\/jpeg"}],"twitter_card":"summary_large_image","twitter_misc":{"Becs\u00fclt olvas\u00e1si id\u0151":"3 perc"},"schema":{"@context":"https:\/\/schema.org","@graph":[{"@type":"WebPage","@id":"https:\/\/www.blecha.at\/hu\/termekek\/specialis-profilok\/arnyekolo-szunyoghalo\/","url":"https:\/\/www.blecha.at\/hu\/termekek\/specialis-profilok\/arnyekolo-szunyoghalo\/","name":"\u00c1rny\u00e9kol\u00f3, Sz\u00fanyogh\u00e1l\u00f3 | BLECHA ALUPROFILE","isPartOf":{"@id":"https:\/\/www.blecha.at\/#website"},"datePublished":"2023-09-13T13:38:36+00:00","dateModified":"2026-01-26T15:38:06+00:00","description":"Fedezze fel kiv\u00e1l\u00f3 min\u0151s\u00e9g\u0171, alum\u00edniumb\u00f3l k\u00e9sz\u00fclt nap- \u00e9s rovarv\u00e9delmi megold\u00e1sainkat. Term\u00e9keink ide\u00e1lis megold\u00e1st k\u00edn\u00e1lnak a hat\u00e9kony napv\u00e9delemre \u00e9s a rovarok elleni v\u00e9dekez\u00e9sre egyszerre.","breadcrumb":{"@id":"https:\/\/www.blecha.at\/hu\/termekek\/specialis-profilok\/arnyekolo-szunyoghalo\/#breadcrumb"},"inLanguage":"hu","potentialAction":[{"@type":"ReadAction","target":["https:\/\/www.blecha.at\/hu\/termekek\/specialis-profilok\/arnyekolo-szunyoghalo\/"]}]},{"@type":"BreadcrumbList","@id":"https:\/\/www.blecha.at\/hu\/termekek\/specialis-profilok\/arnyekolo-szunyoghalo\/#breadcrumb","itemListElement":[{"@type":"ListItem","position":1,"name":"Home","item":"https:\/\/www.blecha.at\/hu\/"},{"@type":"ListItem","position":2,"name":"Term\u00e9kek","item":"https:\/\/www.blecha.at\/hu\/termekek\/"},{"@type":"ListItem","position":3,"name":"Speci\u00e1lis profilok","item":"https:\/\/www.blecha.at\/hu\/termekek\/specialis-profilok\/"},{"@type":"ListItem","position":4,"name":"\u00c1rny\u00e9kol\u00f3, Sz\u00fanyogh\u00e1l\u00f3"}]},{"@type":"WebSite","@id":"https:\/\/www.blecha.at\/#website","url":"https:\/\/www.blecha.at\/","name":"BLECHA","description":"Eine weitere WordPress-Website","potentialAction":[{"@type":"SearchAction","target":{"@type":"EntryPoint","urlTemplate":"https:\/\/www.blecha.at\/?s={search_term_string}"},"query-input":{"@type":"PropertyValueSpecification","valueRequired":true,"valueName":"search_term_string"}}],"inLanguage":"hu"}]}},"_links":{"self":[{"href":"https:\/\/www.blecha.at\/hu\/wp-json\/wp\/v2\/pages\/22284","targetHints":{"allow":["GET"]}}],"collection":[{"href":"https:\/\/www.blecha.at\/hu\/wp-json\/wp\/v2\/pages"}],"about":[{"href":"https:\/\/www.blecha.at\/hu\/wp-json\/wp\/v2\/types\/page"}],"author":[{"embeddable":true,"href":"https:\/\/www.blecha.at\/hu\/wp-json\/wp\/v2\/users\/2"}],"replies":[{"embeddable":true,"href":"https:\/\/www.blecha.at\/hu\/wp-json\/wp\/v2\/comments?post=22284"}],"version-history":[{"count":6,"href":"https:\/\/www.blecha.at\/hu\/wp-json\/wp\/v2\/pages\/22284\/revisions"}],"predecessor-version":[{"id":31809,"href":"https:\/\/www.blecha.at\/hu\/wp-json\/wp\/v2\/pages\/22284\/revisions\/31809"}],"up":[{"embeddable":true,"href":"https:\/\/www.blecha.at\/hu\/wp-json\/wp\/v2\/pages\/5829"}],"wp:attachment":[{"href":"https:\/\/www.blecha.at\/hu\/wp-json\/wp\/v2\/media?parent=22284"}],"curies":[{"name":"wp","href":"https:\/\/api.w.org\/{rel}","templated":true}]}}