{"id":24651,"date":"2022-12-02T11:44:00","date_gmt":"2022-12-02T10:44:00","guid":{"rendered":"https:\/\/www.blecha.at\/termekek\/specialis-profilok\/lebensmittelindustrie\/"},"modified":"2026-01-26T16:22:29","modified_gmt":"2026-01-26T15:22:29","slug":"elelmiszeripar","status":"publish","type":"page","link":"https:\/\/www.blecha.at\/hu\/termekek\/specialis-profilok\/elelmiszeripar\/","title":{"rendered":"\u00c9lelmiszeripar"},"content":{"rendered":"","protected":false},"excerpt":{"rendered":"","protected":false},"author":2,"featured_media":0,"parent":5829,"menu_order":0,"comment_status":"closed","ping_status":"closed","template":"page-zaunsysteme-details.php","meta":{"_acf_changed":false,"footnotes":""},"class_list":["post-24651","page","type-page","status-publish","hentry"],"acf":[],"yoast_head":"<!-- This site is optimized with the Yoast SEO plugin v27.3 - https:\/\/yoast.com\/product\/yoast-seo-wordpress\/ -->\n<title>\u00c9lelmiszeripar | BLECHA Aluprofile<\/title>\n<meta name=\"description\" content=\"Fedezze fel kiv\u00e1l\u00f3 min\u0151s\u00e9g\u0171 alum\u00ednium profiljainkat az \u00e9lelmiszeripar sz\u00e1m\u00e1ra. A profilok sz\u00e9les v\u00e1laszt\u00e9k\u00e1t, bele\u00e9rtve a kolb\u00e1szl\u00e9cet, f\u00fcst\u00f6l\u0151t \u00e9s f\u00fcst\u00f6l\u0151t, kifejezetten az \u00e9lelmiszer-feldolgoz\u00e1s ig\u00e9nyeinek megfelel\u0151en fejlesztett\u00fck ki.\" \/>\n<meta name=\"robots\" content=\"index, follow, max-snippet:-1, max-image-preview:large, max-video-preview:-1\" \/>\n<link rel=\"canonical\" href=\"https:\/\/www.blecha.at\/hu\/termekek\/specialis-profilok\/elelmiszeripar\/\" \/>\n<meta property=\"og:locale\" content=\"hu_HU\" \/>\n<meta property=\"og:type\" content=\"article\" \/>\n<meta property=\"og:title\" content=\"\u00c9lelmiszeripar | BLECHA Aluprofile\" \/>\n<meta property=\"og:description\" content=\"Fedezze fel kiv\u00e1l\u00f3 min\u0151s\u00e9g\u0171 alum\u00ednium profiljainkat az \u00e9lelmiszeripar sz\u00e1m\u00e1ra. A profilok sz\u00e9les v\u00e1laszt\u00e9k\u00e1t, bele\u00e9rtve a kolb\u00e1szl\u00e9cet, f\u00fcst\u00f6l\u0151t \u00e9s f\u00fcst\u00f6l\u0151t, kifejezetten az \u00e9lelmiszer-feldolgoz\u00e1s ig\u00e9nyeinek megfelel\u0151en fejlesztett\u00fck ki.\" \/>\n<meta property=\"og:url\" content=\"https:\/\/www.blecha.at\/hu\/termekek\/specialis-profilok\/elelmiszeripar\/\" \/>\n<meta property=\"og:site_name\" content=\"BLECHA\" \/>\n<meta property=\"article:modified_time\" content=\"2026-01-26T15:22:29+00:00\" \/>\n<meta property=\"og:image\" content=\"https:\/\/www.blecha.at\/wp-content\/uploads\/2021\/02\/blecha-unternehmen-auswahl-gebaeude-3-scaled.jpg\" \/>\n\t<meta property=\"og:image:width\" content=\"2560\" \/>\n\t<meta property=\"og:image:height\" content=\"1642\" \/>\n\t<meta property=\"og:image:type\" content=\"image\/jpeg\" \/>\n<meta name=\"twitter:card\" content=\"summary_large_image\" \/>\n<script type=\"application\/ld+json\" class=\"yoast-schema-graph\">{\"@context\":\"https:\\\/\\\/schema.org\",\"@graph\":[{\"@type\":\"WebPage\",\"@id\":\"https:\\\/\\\/www.blecha.at\\\/hu\\\/termekek\\\/specialis-profilok\\\/elelmiszeripar\\\/\",\"url\":\"https:\\\/\\\/www.blecha.at\\\/hu\\\/termekek\\\/specialis-profilok\\\/elelmiszeripar\\\/\",\"name\":\"\u00c9lelmiszeripar | BLECHA Aluprofile\",\"isPartOf\":{\"@id\":\"https:\\\/\\\/www.blecha.at\\\/#website\"},\"datePublished\":\"2022-12-02T10:44:00+00:00\",\"dateModified\":\"2026-01-26T15:22:29+00:00\",\"description\":\"Fedezze fel kiv\u00e1l\u00f3 min\u0151s\u00e9g\u0171 alum\u00ednium profiljainkat az \u00e9lelmiszeripar sz\u00e1m\u00e1ra. A profilok sz\u00e9les v\u00e1laszt\u00e9k\u00e1t, bele\u00e9rtve a kolb\u00e1szl\u00e9cet, f\u00fcst\u00f6l\u0151t \u00e9s f\u00fcst\u00f6l\u0151t, kifejezetten az \u00e9lelmiszer-feldolgoz\u00e1s ig\u00e9nyeinek megfelel\u0151en fejlesztett\u00fck ki.\",\"breadcrumb\":{\"@id\":\"https:\\\/\\\/www.blecha.at\\\/hu\\\/termekek\\\/specialis-profilok\\\/elelmiszeripar\\\/#breadcrumb\"},\"inLanguage\":\"hu\",\"potentialAction\":[{\"@type\":\"ReadAction\",\"target\":[\"https:\\\/\\\/www.blecha.at\\\/hu\\\/termekek\\\/specialis-profilok\\\/elelmiszeripar\\\/\"]}]},{\"@type\":\"BreadcrumbList\",\"@id\":\"https:\\\/\\\/www.blecha.at\\\/hu\\\/termekek\\\/specialis-profilok\\\/elelmiszeripar\\\/#breadcrumb\",\"itemListElement\":[{\"@type\":\"ListItem\",\"position\":1,\"name\":\"Home\",\"item\":\"https:\\\/\\\/www.blecha.at\\\/hu\\\/\"},{\"@type\":\"ListItem\",\"position\":2,\"name\":\"Term\u00e9kek\",\"item\":\"https:\\\/\\\/www.blecha.at\\\/hu\\\/termekek\\\/\"},{\"@type\":\"ListItem\",\"position\":3,\"name\":\"Speci\u00e1lis profilok\",\"item\":\"https:\\\/\\\/www.blecha.at\\\/hu\\\/termekek\\\/specialis-profilok\\\/\"},{\"@type\":\"ListItem\",\"position\":4,\"name\":\"\u00c9lelmiszeripar\"}]},{\"@type\":\"WebSite\",\"@id\":\"https:\\\/\\\/www.blecha.at\\\/#website\",\"url\":\"https:\\\/\\\/www.blecha.at\\\/\",\"name\":\"BLECHA\",\"description\":\"Eine weitere WordPress-Website\",\"potentialAction\":[{\"@type\":\"SearchAction\",\"target\":{\"@type\":\"EntryPoint\",\"urlTemplate\":\"https:\\\/\\\/www.blecha.at\\\/?s={search_term_string}\"},\"query-input\":{\"@type\":\"PropertyValueSpecification\",\"valueRequired\":true,\"valueName\":\"search_term_string\"}}],\"inLanguage\":\"hu\"}]}<\/script>\n<!-- \/ Yoast SEO plugin. -->","yoast_head_json":{"title":"\u00c9lelmiszeripar | BLECHA Aluprofile","description":"Fedezze fel kiv\u00e1l\u00f3 min\u0151s\u00e9g\u0171 alum\u00ednium profiljainkat az \u00e9lelmiszeripar sz\u00e1m\u00e1ra. A profilok sz\u00e9les v\u00e1laszt\u00e9k\u00e1t, bele\u00e9rtve a kolb\u00e1szl\u00e9cet, f\u00fcst\u00f6l\u0151t \u00e9s f\u00fcst\u00f6l\u0151t, kifejezetten az \u00e9lelmiszer-feldolgoz\u00e1s ig\u00e9nyeinek megfelel\u0151en fejlesztett\u00fck ki.","robots":{"index":"index","follow":"follow","max-snippet":"max-snippet:-1","max-image-preview":"max-image-preview:large","max-video-preview":"max-video-preview:-1"},"canonical":"https:\/\/www.blecha.at\/hu\/termekek\/specialis-profilok\/elelmiszeripar\/","og_locale":"hu_HU","og_type":"article","og_title":"\u00c9lelmiszeripar | BLECHA Aluprofile","og_description":"Fedezze fel kiv\u00e1l\u00f3 min\u0151s\u00e9g\u0171 alum\u00ednium profiljainkat az \u00e9lelmiszeripar sz\u00e1m\u00e1ra. A profilok sz\u00e9les v\u00e1laszt\u00e9k\u00e1t, bele\u00e9rtve a kolb\u00e1szl\u00e9cet, f\u00fcst\u00f6l\u0151t \u00e9s f\u00fcst\u00f6l\u0151t, kifejezetten az \u00e9lelmiszer-feldolgoz\u00e1s ig\u00e9nyeinek megfelel\u0151en fejlesztett\u00fck ki.","og_url":"https:\/\/www.blecha.at\/hu\/termekek\/specialis-profilok\/elelmiszeripar\/","og_site_name":"BLECHA","article_modified_time":"2026-01-26T15:22:29+00:00","og_image":[{"width":2560,"height":1642,"url":"https:\/\/www.blecha.at\/wp-content\/uploads\/2021\/02\/blecha-unternehmen-auswahl-gebaeude-3-scaled.jpg","type":"image\/jpeg"}],"twitter_card":"summary_large_image","schema":{"@context":"https:\/\/schema.org","@graph":[{"@type":"WebPage","@id":"https:\/\/www.blecha.at\/hu\/termekek\/specialis-profilok\/elelmiszeripar\/","url":"https:\/\/www.blecha.at\/hu\/termekek\/specialis-profilok\/elelmiszeripar\/","name":"\u00c9lelmiszeripar | BLECHA Aluprofile","isPartOf":{"@id":"https:\/\/www.blecha.at\/#website"},"datePublished":"2022-12-02T10:44:00+00:00","dateModified":"2026-01-26T15:22:29+00:00","description":"Fedezze fel kiv\u00e1l\u00f3 min\u0151s\u00e9g\u0171 alum\u00ednium profiljainkat az \u00e9lelmiszeripar sz\u00e1m\u00e1ra. A profilok sz\u00e9les v\u00e1laszt\u00e9k\u00e1t, bele\u00e9rtve a kolb\u00e1szl\u00e9cet, f\u00fcst\u00f6l\u0151t \u00e9s f\u00fcst\u00f6l\u0151t, kifejezetten az \u00e9lelmiszer-feldolgoz\u00e1s ig\u00e9nyeinek megfelel\u0151en fejlesztett\u00fck ki.","breadcrumb":{"@id":"https:\/\/www.blecha.at\/hu\/termekek\/specialis-profilok\/elelmiszeripar\/#breadcrumb"},"inLanguage":"hu","potentialAction":[{"@type":"ReadAction","target":["https:\/\/www.blecha.at\/hu\/termekek\/specialis-profilok\/elelmiszeripar\/"]}]},{"@type":"BreadcrumbList","@id":"https:\/\/www.blecha.at\/hu\/termekek\/specialis-profilok\/elelmiszeripar\/#breadcrumb","itemListElement":[{"@type":"ListItem","position":1,"name":"Home","item":"https:\/\/www.blecha.at\/hu\/"},{"@type":"ListItem","position":2,"name":"Term\u00e9kek","item":"https:\/\/www.blecha.at\/hu\/termekek\/"},{"@type":"ListItem","position":3,"name":"Speci\u00e1lis profilok","item":"https:\/\/www.blecha.at\/hu\/termekek\/specialis-profilok\/"},{"@type":"ListItem","position":4,"name":"\u00c9lelmiszeripar"}]},{"@type":"WebSite","@id":"https:\/\/www.blecha.at\/#website","url":"https:\/\/www.blecha.at\/","name":"BLECHA","description":"Eine weitere WordPress-Website","potentialAction":[{"@type":"SearchAction","target":{"@type":"EntryPoint","urlTemplate":"https:\/\/www.blecha.at\/?s={search_term_string}"},"query-input":{"@type":"PropertyValueSpecification","valueRequired":true,"valueName":"search_term_string"}}],"inLanguage":"hu"}]}},"_links":{"self":[{"href":"https:\/\/www.blecha.at\/hu\/wp-json\/wp\/v2\/pages\/24651","targetHints":{"allow":["GET"]}}],"collection":[{"href":"https:\/\/www.blecha.at\/hu\/wp-json\/wp\/v2\/pages"}],"about":[{"href":"https:\/\/www.blecha.at\/hu\/wp-json\/wp\/v2\/types\/page"}],"author":[{"embeddable":true,"href":"https:\/\/www.blecha.at\/hu\/wp-json\/wp\/v2\/users\/2"}],"replies":[{"embeddable":true,"href":"https:\/\/www.blecha.at\/hu\/wp-json\/wp\/v2\/comments?post=24651"}],"version-history":[{"count":8,"href":"https:\/\/www.blecha.at\/hu\/wp-json\/wp\/v2\/pages\/24651\/revisions"}],"predecessor-version":[{"id":31767,"href":"https:\/\/www.blecha.at\/hu\/wp-json\/wp\/v2\/pages\/24651\/revisions\/31767"}],"up":[{"embeddable":true,"href":"https:\/\/www.blecha.at\/hu\/wp-json\/wp\/v2\/pages\/5829"}],"wp:attachment":[{"href":"https:\/\/www.blecha.at\/hu\/wp-json\/wp\/v2\/media?parent=24651"}],"curies":[{"name":"wp","href":"https:\/\/api.w.org\/{rel}","templated":true}]}}