{"id":25668,"date":"2023-10-18T11:44:29","date_gmt":"2023-10-18T09:44:29","guid":{"rendered":"https:\/\/www.blecha.at\/termekek\/fittingek\/reduzierungen\/"},"modified":"2025-03-19T14:48:34","modified_gmt":"2025-03-19T13:48:34","slug":"szukitok","status":"publish","type":"page","link":"https:\/\/www.blecha.at\/hu\/termekek\/fittings\/szukitok\/","title":{"rendered":"Sz\u0171k\u00edt\u0151k"},"content":{"rendered":"","protected":false},"excerpt":{"rendered":"","protected":false},"author":2,"featured_media":0,"parent":26618,"menu_order":0,"comment_status":"closed","ping_status":"closed","template":"page-zaunsysteme-details.php","meta":{"_acf_changed":false,"footnotes":""},"class_list":["post-25668","page","type-page","status-publish","hentry"],"acf":[],"yoast_head":"<!-- This site is optimized with the Yoast SEO plugin v27.3 - https:\/\/yoast.com\/product\/yoast-seo-wordpress\/ -->\n<title>Sz\u0171k\u00edt\u0151k | BLECHA Aluprofil<\/title>\n<meta name=\"description\" content=\"Fedezze fel kiv\u00e1l\u00f3 min\u0151s\u00e9g\u0171 alum\u00ednium reduktorainkat. Alum\u00ednium sz\u0171k\u00edt\u0151ink ide\u00e1lis megold\u00e1st ny\u00fajtanak \u00e1tm\u00e9r\u0151 v\u00e1ltoztat\u00e1st ig\u00e9nyl\u0151 cs\u0151rendszerekhez. K\u00edn\u00e1lunk koncentrikus sz\u0171k\u00edt\u0151ket, excenter sz\u0171k\u00edt\u0151ket \u00e9s keresztdarabokat, bele\u00e9rtve a menetes sz\u0171k\u00edt\u0151 keresztdarabokat is.\" \/>\n<meta name=\"robots\" content=\"index, follow, max-snippet:-1, max-image-preview:large, max-video-preview:-1\" \/>\n<link rel=\"canonical\" href=\"https:\/\/www.blecha.at\/hu\/termekek\/fittings\/szukitok\/\" \/>\n<meta property=\"og:locale\" content=\"hu_HU\" \/>\n<meta property=\"og:type\" content=\"article\" \/>\n<meta property=\"og:title\" content=\"Sz\u0171k\u00edt\u0151k | BLECHA Aluprofil\" \/>\n<meta property=\"og:description\" content=\"Fedezze fel kiv\u00e1l\u00f3 min\u0151s\u00e9g\u0171 alum\u00ednium reduktorainkat. Alum\u00ednium sz\u0171k\u00edt\u0151ink ide\u00e1lis megold\u00e1st ny\u00fajtanak \u00e1tm\u00e9r\u0151 v\u00e1ltoztat\u00e1st ig\u00e9nyl\u0151 cs\u0151rendszerekhez. K\u00edn\u00e1lunk koncentrikus sz\u0171k\u00edt\u0151ket, excenter sz\u0171k\u00edt\u0151ket \u00e9s keresztdarabokat, bele\u00e9rtve a menetes sz\u0171k\u00edt\u0151 keresztdarabokat is.\" \/>\n<meta property=\"og:url\" content=\"https:\/\/www.blecha.at\/hu\/termekek\/fittings\/szukitok\/\" \/>\n<meta property=\"og:site_name\" content=\"BLECHA\" \/>\n<meta property=\"article:modified_time\" content=\"2025-03-19T13:48:34+00:00\" \/>\n<meta property=\"og:image\" content=\"https:\/\/www.blecha.at\/wp-content\/uploads\/2021\/02\/blecha-unternehmen-auswahl-gebaeude-3-scaled.jpg\" \/>\n\t<meta property=\"og:image:width\" content=\"2560\" \/>\n\t<meta property=\"og:image:height\" content=\"1642\" \/>\n\t<meta property=\"og:image:type\" content=\"image\/jpeg\" \/>\n<meta name=\"twitter:card\" content=\"summary_large_image\" \/>\n<script type=\"application\/ld+json\" class=\"yoast-schema-graph\">{\"@context\":\"https:\\\/\\\/schema.org\",\"@graph\":[{\"@type\":\"WebPage\",\"@id\":\"https:\\\/\\\/www.blecha.at\\\/hu\\\/termekek\\\/fittings\\\/szukitok\\\/\",\"url\":\"https:\\\/\\\/www.blecha.at\\\/hu\\\/termekek\\\/fittings\\\/szukitok\\\/\",\"name\":\"Sz\u0171k\u00edt\u0151k | BLECHA Aluprofil\",\"isPartOf\":{\"@id\":\"https:\\\/\\\/www.blecha.at\\\/#website\"},\"datePublished\":\"2023-10-18T09:44:29+00:00\",\"dateModified\":\"2025-03-19T13:48:34+00:00\",\"description\":\"Fedezze fel kiv\u00e1l\u00f3 min\u0151s\u00e9g\u0171 alum\u00ednium reduktorainkat. Alum\u00ednium sz\u0171k\u00edt\u0151ink ide\u00e1lis megold\u00e1st ny\u00fajtanak \u00e1tm\u00e9r\u0151 v\u00e1ltoztat\u00e1st ig\u00e9nyl\u0151 cs\u0151rendszerekhez. K\u00edn\u00e1lunk koncentrikus sz\u0171k\u00edt\u0151ket, excenter sz\u0171k\u00edt\u0151ket \u00e9s keresztdarabokat, bele\u00e9rtve a menetes sz\u0171k\u00edt\u0151 keresztdarabokat is.\",\"breadcrumb\":{\"@id\":\"https:\\\/\\\/www.blecha.at\\\/hu\\\/termekek\\\/fittings\\\/szukitok\\\/#breadcrumb\"},\"inLanguage\":\"hu\",\"potentialAction\":[{\"@type\":\"ReadAction\",\"target\":[\"https:\\\/\\\/www.blecha.at\\\/hu\\\/termekek\\\/fittings\\\/szukitok\\\/\"]}]},{\"@type\":\"BreadcrumbList\",\"@id\":\"https:\\\/\\\/www.blecha.at\\\/hu\\\/termekek\\\/fittings\\\/szukitok\\\/#breadcrumb\",\"itemListElement\":[{\"@type\":\"ListItem\",\"position\":1,\"name\":\"Home\",\"item\":\"https:\\\/\\\/www.blecha.at\\\/hu\\\/\"},{\"@type\":\"ListItem\",\"position\":2,\"name\":\"Term\u00e9kek\",\"item\":\"https:\\\/\\\/www.blecha.at\\\/hu\\\/termekek\\\/\"},{\"@type\":\"ListItem\",\"position\":3,\"name\":\"Fittingek\",\"item\":\"https:\\\/\\\/www.blecha.at\\\/hu\\\/termekek\\\/fittings\\\/\"},{\"@type\":\"ListItem\",\"position\":4,\"name\":\"Sz\u0171k\u00edt\u0151k\"}]},{\"@type\":\"WebSite\",\"@id\":\"https:\\\/\\\/www.blecha.at\\\/#website\",\"url\":\"https:\\\/\\\/www.blecha.at\\\/\",\"name\":\"BLECHA\",\"description\":\"Eine weitere WordPress-Website\",\"potentialAction\":[{\"@type\":\"SearchAction\",\"target\":{\"@type\":\"EntryPoint\",\"urlTemplate\":\"https:\\\/\\\/www.blecha.at\\\/?s={search_term_string}\"},\"query-input\":{\"@type\":\"PropertyValueSpecification\",\"valueRequired\":true,\"valueName\":\"search_term_string\"}}],\"inLanguage\":\"hu\"}]}<\/script>\n<!-- \/ Yoast SEO plugin. -->","yoast_head_json":{"title":"Sz\u0171k\u00edt\u0151k | BLECHA Aluprofil","description":"Fedezze fel kiv\u00e1l\u00f3 min\u0151s\u00e9g\u0171 alum\u00ednium reduktorainkat. Alum\u00ednium sz\u0171k\u00edt\u0151ink ide\u00e1lis megold\u00e1st ny\u00fajtanak \u00e1tm\u00e9r\u0151 v\u00e1ltoztat\u00e1st ig\u00e9nyl\u0151 cs\u0151rendszerekhez. K\u00edn\u00e1lunk koncentrikus sz\u0171k\u00edt\u0151ket, excenter sz\u0171k\u00edt\u0151ket \u00e9s keresztdarabokat, bele\u00e9rtve a menetes sz\u0171k\u00edt\u0151 keresztdarabokat is.","robots":{"index":"index","follow":"follow","max-snippet":"max-snippet:-1","max-image-preview":"max-image-preview:large","max-video-preview":"max-video-preview:-1"},"canonical":"https:\/\/www.blecha.at\/hu\/termekek\/fittings\/szukitok\/","og_locale":"hu_HU","og_type":"article","og_title":"Sz\u0171k\u00edt\u0151k | BLECHA Aluprofil","og_description":"Fedezze fel kiv\u00e1l\u00f3 min\u0151s\u00e9g\u0171 alum\u00ednium reduktorainkat. Alum\u00ednium sz\u0171k\u00edt\u0151ink ide\u00e1lis megold\u00e1st ny\u00fajtanak \u00e1tm\u00e9r\u0151 v\u00e1ltoztat\u00e1st ig\u00e9nyl\u0151 cs\u0151rendszerekhez. K\u00edn\u00e1lunk koncentrikus sz\u0171k\u00edt\u0151ket, excenter sz\u0171k\u00edt\u0151ket \u00e9s keresztdarabokat, bele\u00e9rtve a menetes sz\u0171k\u00edt\u0151 keresztdarabokat is.","og_url":"https:\/\/www.blecha.at\/hu\/termekek\/fittings\/szukitok\/","og_site_name":"BLECHA","article_modified_time":"2025-03-19T13:48:34+00:00","og_image":[{"width":2560,"height":1642,"url":"https:\/\/www.blecha.at\/wp-content\/uploads\/2021\/02\/blecha-unternehmen-auswahl-gebaeude-3-scaled.jpg","type":"image\/jpeg"}],"twitter_card":"summary_large_image","schema":{"@context":"https:\/\/schema.org","@graph":[{"@type":"WebPage","@id":"https:\/\/www.blecha.at\/hu\/termekek\/fittings\/szukitok\/","url":"https:\/\/www.blecha.at\/hu\/termekek\/fittings\/szukitok\/","name":"Sz\u0171k\u00edt\u0151k | BLECHA Aluprofil","isPartOf":{"@id":"https:\/\/www.blecha.at\/#website"},"datePublished":"2023-10-18T09:44:29+00:00","dateModified":"2025-03-19T13:48:34+00:00","description":"Fedezze fel kiv\u00e1l\u00f3 min\u0151s\u00e9g\u0171 alum\u00ednium reduktorainkat. Alum\u00ednium sz\u0171k\u00edt\u0151ink ide\u00e1lis megold\u00e1st ny\u00fajtanak \u00e1tm\u00e9r\u0151 v\u00e1ltoztat\u00e1st ig\u00e9nyl\u0151 cs\u0151rendszerekhez. K\u00edn\u00e1lunk koncentrikus sz\u0171k\u00edt\u0151ket, excenter sz\u0171k\u00edt\u0151ket \u00e9s keresztdarabokat, bele\u00e9rtve a menetes sz\u0171k\u00edt\u0151 keresztdarabokat is.","breadcrumb":{"@id":"https:\/\/www.blecha.at\/hu\/termekek\/fittings\/szukitok\/#breadcrumb"},"inLanguage":"hu","potentialAction":[{"@type":"ReadAction","target":["https:\/\/www.blecha.at\/hu\/termekek\/fittings\/szukitok\/"]}]},{"@type":"BreadcrumbList","@id":"https:\/\/www.blecha.at\/hu\/termekek\/fittings\/szukitok\/#breadcrumb","itemListElement":[{"@type":"ListItem","position":1,"name":"Home","item":"https:\/\/www.blecha.at\/hu\/"},{"@type":"ListItem","position":2,"name":"Term\u00e9kek","item":"https:\/\/www.blecha.at\/hu\/termekek\/"},{"@type":"ListItem","position":3,"name":"Fittingek","item":"https:\/\/www.blecha.at\/hu\/termekek\/fittings\/"},{"@type":"ListItem","position":4,"name":"Sz\u0171k\u00edt\u0151k"}]},{"@type":"WebSite","@id":"https:\/\/www.blecha.at\/#website","url":"https:\/\/www.blecha.at\/","name":"BLECHA","description":"Eine weitere WordPress-Website","potentialAction":[{"@type":"SearchAction","target":{"@type":"EntryPoint","urlTemplate":"https:\/\/www.blecha.at\/?s={search_term_string}"},"query-input":{"@type":"PropertyValueSpecification","valueRequired":true,"valueName":"search_term_string"}}],"inLanguage":"hu"}]}},"_links":{"self":[{"href":"https:\/\/www.blecha.at\/hu\/wp-json\/wp\/v2\/pages\/25668","targetHints":{"allow":["GET"]}}],"collection":[{"href":"https:\/\/www.blecha.at\/hu\/wp-json\/wp\/v2\/pages"}],"about":[{"href":"https:\/\/www.blecha.at\/hu\/wp-json\/wp\/v2\/types\/page"}],"author":[{"embeddable":true,"href":"https:\/\/www.blecha.at\/hu\/wp-json\/wp\/v2\/users\/2"}],"replies":[{"embeddable":true,"href":"https:\/\/www.blecha.at\/hu\/wp-json\/wp\/v2\/comments?post=25668"}],"version-history":[{"count":6,"href":"https:\/\/www.blecha.at\/hu\/wp-json\/wp\/v2\/pages\/25668\/revisions"}],"predecessor-version":[{"id":29075,"href":"https:\/\/www.blecha.at\/hu\/wp-json\/wp\/v2\/pages\/25668\/revisions\/29075"}],"up":[{"embeddable":true,"href":"https:\/\/www.blecha.at\/hu\/wp-json\/wp\/v2\/pages\/26618"}],"wp:attachment":[{"href":"https:\/\/www.blecha.at\/hu\/wp-json\/wp\/v2\/media?parent=25668"}],"curies":[{"name":"wp","href":"https:\/\/api.w.org\/{rel}","templated":true}]}}