{"id":30945,"date":"2025-10-20T14:44:43","date_gmt":"2025-10-20T12:44:43","guid":{"rendered":"https:\/\/www.blecha.at\/?page_id=30945"},"modified":"2025-10-20T14:45:20","modified_gmt":"2025-10-20T12:45:20","slug":"aluminium-szogprofilok","status":"publish","type":"page","link":"https:\/\/www.blecha.at\/hu\/termekek\/standard-profilok\/aluminium-szogprofilok\/","title":{"rendered":"Sz\u00f6gprofilok"},"content":{"rendered":"\n<section id=\"sectionTwo\" class=\"mt-lg-n11 py-8 py-md-11 px-lg-9 border-left border-right border-right-lg-none bg-white\">\n\n\n<div class=\"wp-bootstrap-blocks-row row mx-auto\">\n\t\n\n<div class=\"col-12 col-md-10\">\n\t\t\t\n\n<h2 class=\"wp-block-heading text-secondary scroll-fade-bottom-up visibility-hidden\">Alum\u00ednium sz\u00f6gprofilok \u2013 Stabilit\u00e1s \u00e9s sokoldal\u00fas\u00e1g sz\u00e1mos alkalmaz\u00e1shoz<\/h2>\n\n\n\n<p class=\"scroll-fade-bottom-up visibility-hidden\">Alum\u00ednium sz\u00f6gprofiljaink kiemelkednek nagyfok\u00fa stabilit\u00e1sukkal, korr\u00f3zi\u00f3\u00e1ll\u00f3s\u00e1gukkal \u00e9s sokoldal\u00fa felhaszn\u00e1lhat\u00f3s\u00e1gukkal.<br>Sz\u00e1mos ipar\u00e1gban haszn\u00e1lj\u00e1k \u0151ket \u2013 a f\u00e9mszerkezett\u0151l kezdve a bels\u0151\u00e9p\u00edt\u00e9szeten \u00e1t eg\u00e9szen az \u00fcveg\u00e9p\u00edt\u00e9szetig.<br>Sz\u00e9les rakt\u00e1rprogramunknak k\u00f6sz\u00f6nhet\u0151en k\u00fcl\u00f6nb\u00f6z\u0151 m\u00e9retekben \u00e9s fel\u00fcletkezel\u00e9sekkel k\u00edn\u00e1lunk sz\u00f6gprofilokat.<\/p>\n\n\n\n<p class=\"scroll-fade-bottom-up visibility-hidden\"><\/p>\n\n\t<\/div>\n\n<\/div>\n\n\n\n<\/section>\n\n\n\n<section class=\"py-8 py-md-9 px-lg-9 border-left border-right border-right-lg-none bg-primary\">\n\n\n\n<h2 class=\"wp-block-heading text-secondary scroll-fade-bottom-up visibility-hidden\" id=\"spezialprofile-nach-mass\">Alum\u00ednium sz\u00f6gprofil k\u00edn\u00e1latunk<\/h2>\n\n\n\n<p class=\"mb-7 mb-md-9 scroll-fade-bottom-up visibility-hidden\">Sz\u00e9les v\u00e1laszt\u00e9kban k\u00edn\u00e1lunk EN AW-6060 \u00f6tv\u00f6zetb\u0151l k\u00e9sz\u00fclt sz\u00f6gprofilokat, amelyek kiv\u00e1l\u00f3 id\u0151j\u00e1r\u00e1s\u00e1ll\u00f3s\u00e1gukkal, j\u00f3 hegeszthet\u0151s\u00e9g\u00fckkel \u00e9s kit\u0171n\u0151 megmunk\u00e1lhat\u00f3s\u00e1gukkal t\u0171nnek ki.<br>Speci\u00e1lis ig\u00e9nyekhez \u2013 k\u00fcl\u00f6n\u00f6sen az \u00fcveg\u00e9p\u00edt\u00e9szetben (pl. zuhanykabinok, \u00fcvegfalak, bels\u0151 \u00fcvegkonstrukci\u00f3k) \u2013 k\u00fcl\u00f6nb\u00f6z\u0151 fel\u00fcletkezel\u00e9s\u0171 sz\u00f6gprofilokat k\u00edn\u00e1lunk:<\/p>\n\n\n\n<p class=\"mb-7 mb-md-9 scroll-fade-bottom-up visibility-hidden\"><\/p>\n\n\n<div class=\"wp-bootstrap-blocks-row row mx-auto\">\n\t\n\n<div class=\"col-12 col-md-4 col-lg-4 text-left mb-6 mb-lg-0 scroll-fade-bottom-up visibility-hidden\">\n\t\t\t<div class=\"p-3\">\n\t\t\t\n\n\n\n<h5 class=\"wp-block-heading\">Nat\u00far elox\u00e1lt:<\/h5>\n\n\n\n<p>Korr\u00f3zi\u00f3v\u00e9delem \u00e9s eleg\u00e1ns, matt megjelen\u00e9s.<\/p>\n\n\t\t<\/div>\n\t<\/div>\n\n\n\n<div class=\"col-12 col-md-4 col-lg-4 text-left mb-6 mb-lg-0 scroll-fade-bottom-up visibility-hidden\">\n\t\t\t<div class=\"p-3\">\n\t\t\t\n\n\n\n<h5 class=\"wp-block-heading\">Rozsdamentes ac\u00e9l hat\u00e1s (elox\u00e1lt):<\/h5>\n\n\n\n<p>Ide\u00e1lis ig\u00e9nyes \u00fcvegszerkezetekhez \u00e9s modern designhoz.<\/p>\n\n\t\t<\/div>\n\t<\/div>\n\n\n\n<div class=\"col-12 col-md-4 col-lg-4 text-left mb-6 mb-lg-0 scroll-fade-bottom-up visibility-hidden\">\n\t\t\t<div class=\"p-3\">\n\t\t\t\n\n\n\n<h5 class=\"wp-block-heading\"><font style=\"vertical-align: inherit;\"><font style=\"vertical-align: inherit;\">Porfestett RAL 9010 (tiszta feh\u00e9r):<\/font><\/font><\/h5>\n\n\n\n<p>T\u00f6k\u00e9letes megold\u00e1s, ha vil\u00e1gos \u00e9s tart\u00f3s fel\u00fcletre van sz\u00fcks\u00e9g.<\/p>\n\n\t\t<\/div>\n\t<\/div>\n\n<\/div>\n\n\n\n<div style=\"height:10px\" aria-hidden=\"true\" class=\"wp-block-spacer\"><\/div>\n\n\n\n<p class=\"scroll-fade-bottom-up visibility-hidden\">Ezeket a speci\u00e1lisan kezelt alum\u00ednium sz\u00f6gprofilokat kifejezetten az \u00fcveg\u00e9p\u00edt\u00e9szetben gyakran haszn\u00e1lt m\u00e9retekben k\u00edn\u00e1ljuk.<\/p>\n\n\n\n<\/section>\n\n\n\n<section data-jarallax=\"\" data-speed=\".8\" class=\"py-12 py-md-13 overlay overlay-black overlay-40 bg-cover jarallax\" style=\"background-image: url(\/wp-content\/uploads\/2025\/06\/blecha-winkel-cta.jpg);\">\n  <div class=\"container\">\n    <div class=\"row mx-auto\">\n      <div class=\"col-12 col-md-10\">\n        <!-- Blockquote -->\n        <blockquote class=\"blockquote mb-0\"> \n          \n          <!-- Text -->\n          <p class=\"h2 text-white text-left font-regular scroll-fade-bottom-up visibility-hidden\">Keres megfelel\u0151 alum\u00ednium sz\u00f6gprofilt projektj\u00e9hez?\nBiztosan megtal\u00e1lja digit\u00e1lis term\u00e9kkonfigur\u00e1torunkban!\n <\/p>\n\n\n\n<div class=\"wp-block-file btn btn-secondary mt-5 scroll-fade-bottom-up visibility-hidden\"><a id=\"wp-block-file--media-57bf97e1-d880-4669-b1ec-d79be4ec7b9e\" href=\"https:\/\/aluprofil.at\/\">Term\u00e9kkeres\u00e9s<\/a><\/div>\n\n\n\n<\/blockquote>\n      <\/div>\n    <\/div>\n  <\/div>\n<\/section>\n\n\n\n<section class=\"border-left border-right border-right-lg-none border-bottom\">\n\n\n<div class=\"wp-bootstrap-blocks-container container-fluid mb-0 px-0\">\n\t\n<div class=\"wp-bootstrap-blocks-row row mx-auto\">\n\t\n\n<div class=\"col-12 col-md-6 px-7 px-lg-9 py-7 py-lg-9\">\n\t\t\t\n\n<h1 class=\"wp-block-heading mt-5 text-secondary scroll-fade-bottom-up visibility-hidden\"><font style=\"vertical-align: inherit;\"><font style=\"vertical-align: inherit;\">Alum\u00ednium sz\u00f6gprofiljaink tipikus felhaszn\u00e1l\u00e1si ter\u00fcletei<\/font><\/font><\/h1>\n\n\n\n<div class=\"d-flex text-left scroll-fade-bottom-up visibility-hidden\">\n\n\n\n<p>Alum\u00ednium sz\u00f6gprofiljaink nagy stabilit\u00e1suknak \u00e9s sokf\u00e9le fel\u00fclet\u00fcknek k\u00f6sz\u00f6nhet\u0151en k\u00fcl\u00f6n\u00f6sen n\u00e9pszer\u0171ek:<\/p>\n\n\n\n<\/div>\n\n\t<\/div>\n\n\n\n<div class=\"col-12 col-md-6 px-0 scroll-reveal-right-to-left\">\n\t\t\t\n\n<div class=\"reveal-item\">\n<div class=\"reveal-item-inner\">\n\n\n\n<\/div>\n<\/div>\n\n\t<\/div>\n\n\n\n<div class=\"col-12 col-md-6 pt-4 pb-9 pt-lg-5 pb-lg-9 px-7 px-lg-9\">\n\t\t\t\n\n<div class=\"d-flex text-left scroll-fade-bottom-up visibility-hidden\">\n<div class=\"badge badge-rounded-circle badge-secondary mt-1 mr-4\">\n<i class=\"fe fe-check\"><\/i>\n<\/div><p class=\"text\">F\u00e9mszerkezetek \u00e9s \u00e9p\u00edt\u00e9s: Keretek, tart\u00f3szerkezetek, burkolatok. <\/p><\/div>\n\n\n\n<div class=\"d-flex text-left scroll-fade-bottom-up visibility-hidden\">\n<div class=\"badge badge-rounded-circle badge-secondary mt-1 mr-4\">\n<i class=\"fe fe-check\"><\/i>\n<\/div><p class=\"text\">Bels\u0151\u00e9p\u00edt\u00e9szet \u00e9s b\u00fatorgy\u00e1rt\u00e1s: Design-elemek \u00e9s er\u0151s\u00edt\u00e9sek modern b\u00fatorokhoz.<\/p><\/div>\n\n\n\n<div class=\"d-flex text-left scroll-fade-bottom-up visibility-hidden\">\n<div class=\"badge badge-rounded-circle badge-secondary mt-1 mr-4\">\n<i class=\"fe fe-check\"><\/i>\n<\/div><p class=\"text\">Ker\u00edt\u00e9s- \u00e9s kapugy\u00e1rt\u00e1s: Er\u0151s\u00edt\u0151elemek tart\u00f3s szerkezetekhez. <\/p><\/div>\n\n\n\n<p><\/p>\n\n\t<\/div>\n\n\n\n<div class=\"col-12 col-md-6 pt-4 pb-9 pt-lg-5 pb-lg-9 px-7 px-lg-9\">\n\t\t\t\n\n<div class=\"d-flex text-left scroll-fade-bottom-up visibility-hidden\">\n<div class=\"badge badge-rounded-circle badge-secondary mt-1 mr-4\">\n<i class=\"fe fe-check\"><\/i>\n<\/div><p class=\"text\">\u00dcveg\u00e9p\u00edt\u00e9szet \u00e9s homlokzattechnika: \u00dcvegt\u00e1bl\u00e1k r\u00f6gz\u00edt\u00e9se, keretszerkezetek \u00e9s v\u00e9d\u0151profilok. <\/p><\/div>\n\n\n\n<div class=\"d-flex text-left scroll-fade-bottom-up visibility-hidden\">\n<div class=\"badge badge-rounded-circle badge-secondary mt-1 mr-4\">\n<i class=\"fe fe-check\"><\/i>\n<\/div><p class=\"text\">G\u00e9pgy\u00e1rt\u00e1s: Szerkezeti elemek ipari alkalmaz\u00e1sokhoz.<\/p><\/div>\n\n\t<\/div>\n\n<\/div>\n\n<\/div>\n\n\n\n<\/section>\n\n\n\n<section class=\"border-left border-right border-right-lg-none\">\n\n\n<div class=\"wp-bootstrap-blocks-row row mx-auto\">\n\t\n\n<div class=\"col-12 col-md-12 px-7 px-lg-9 py-7 py-lg-9\">\n\t\t\t\n\n<h1 class=\"wp-block-heading mt-5 text-secondary scroll-fade-bottom-up visibility-hidden\"><font style=\"vertical-align: inherit;\"><font style=\"vertical-align: inherit;\">Az \u00d6n partnere a kiv\u00e1l\u00f3 min\u0151s\u00e9g\u0171 alum\u00ednium sz\u00f6gprofilokhoz<\/font><\/font><\/h1>\n\n\n\n<div class=\"d-flex text-left scroll-fade-bottom-up visibility-hidden\">\n\n\n<div class=\"wp-bootstrap-blocks-row row\">\n\t\n\n<div class=\"col-12 col-md-8\">\n\t\t\t\n\n<p>Haszn\u00e1lja ki sz\u00e9les v\u00e1laszt\u00e9kunkat, rakt\u00e1ri el\u00e9rhet\u0151s\u00e9g\u00fcnket \u00e9s szaktud\u00e1sunkat az alum\u00ednium f\u00e9lgy\u00e1rtm\u00e1nyok ter\u00fclet\u00e9n.<\/p>\n\n\t<\/div>\n\n\n\n<div class=\"col-12 col-md-8\">\n\t\t\t\n\n<p><a href=\"http:\/\/blecha.at\/kontakt\">Vegye fel vel\u00fcnk a kapcsolatot m\u00e9g ma, \u00e9s tal\u00e1lja meg a megfelel\u0151 alum\u00ednium sz\u00f6gprofilt projektj\u00e9hez!<\/a><\/p>\n\n\t<\/div>\n\n<\/div>\n\n\n<div class=\"wp-bootstrap-blocks-row row\">\n\t\n\n<div class=\"col-12 col-md-6\">\n\t\t\t\n\n<p><\/p>\n\n\t<\/div>\n\n\n\n<div class=\"col-12 col-md-6\">\n\t\t\t\n\n<p><\/p>\n\n\t<\/div>\n\n<\/div>\n\n\n\n<p><\/p>\n\n\n\n<p><\/p>\n\n\n\n<p><\/p>\n\n\n\n<\/div>\n\n\t<\/div>\n\n<\/div>\n\n\n\n<\/section>\n","protected":false},"excerpt":{"rendered":"Alum\u00ednium sz\u00f6gprofil k\u00edn\u00e1latunk Sz\u00e9les v\u00e1laszt\u00e9kban k\u00edn\u00e1lunk EN AW-6060 \u00f6tv\u00f6zetb\u0151l k\u00e9sz\u00fclt sz\u00f6gprofilokat, amelyek kiv\u00e1l\u00f3 id\u0151j\u00e1r\u00e1s\u00e1ll\u00f3s\u00e1gukkal, j\u00f3 hegeszthet\u0151s\u00e9g\u00fckkel \u00e9s kit\u0171n\u0151 megmunk\u00e1lhat\u00f3s\u00e1gukkal t\u0171nnek ki.Speci\u00e1lis ig\u00e9nyekhez \u2013 k\u00fcl\u00f6n\u00f6sen az \u00fcveg\u00e9p\u00edt\u00e9szetben (pl. zuhanykabinok, \u00fcvegfalak, bels\u0151 \u00fcvegkonstrukci\u00f3k) \u2013 k\u00fcl\u00f6nb\u00f6z\u0151 fel\u00fcletkezel\u00e9s\u0171 sz\u00f6gprofilokat k\u00edn\u00e1lunk: Ezeket a speci\u00e1lisan kezelt alum\u00ednium sz\u00f6gprofilokat kifejezetten az \u00fcveg\u00e9p\u00edt\u00e9szetben gyakran haszn\u00e1lt m\u00e9retekben k\u00edn\u00e1ljuk. Keres megfelel\u0151 alum\u00ednium sz\u00f6gprofilt projektj\u00e9hez? Biztosan [&hellip;]","protected":false},"author":2,"featured_media":30346,"parent":6125,"menu_order":0,"comment_status":"closed","ping_status":"closed","template":"page-produkte.php","meta":{"_acf_changed":false,"footnotes":""},"class_list":["post-30945","page","type-page","status-publish","has-post-thumbnail","hentry"],"acf":[],"yoast_head":"<!-- This site is optimized with the Yoast SEO plugin v27.3 - https:\/\/yoast.com\/product\/yoast-seo-wordpress\/ -->\n<title>Alum\u00ednium sz\u00f6gprofilok EN AW-6060 \u2013 azonnal rakt\u00e1rr\u00f3l | BLECHA<\/title>\n<meta name=\"description\" content=\"Alum\u00ednium L-profilok EN AW-6060 \u00f6tv\u00f6zetb\u0151l: ide\u00e1lisak f\u00e9mszerkezetekhez, \u00fcveg\u00e9p\u00edt\u00e9szethez, homlokzatokhoz \u00e9s bels\u0151\u00e9p\u00edt\u00e9szethez. Azonnal el\u00e9rhet\u0151, rakt\u00e1rk\u00e9szletr\u0151l.\" \/>\n<meta name=\"robots\" content=\"index, follow, max-snippet:-1, max-image-preview:large, max-video-preview:-1\" \/>\n<link rel=\"canonical\" href=\"https:\/\/www.blecha.at\/hu\/termekek\/standard-profilok\/aluminium-szogprofilok\/\" \/>\n<meta property=\"og:locale\" content=\"hu_HU\" \/>\n<meta property=\"og:type\" content=\"article\" \/>\n<meta property=\"og:title\" content=\"Alum\u00ednium sz\u00f6gprofilok EN AW-6060 \u2013 azonnal rakt\u00e1rr\u00f3l | BLECHA\" \/>\n<meta property=\"og:description\" content=\"Alum\u00ednium L-profilok EN AW-6060 \u00f6tv\u00f6zetb\u0151l: ide\u00e1lisak f\u00e9mszerkezetekhez, \u00fcveg\u00e9p\u00edt\u00e9szethez, homlokzatokhoz \u00e9s bels\u0151\u00e9p\u00edt\u00e9szethez. Azonnal el\u00e9rhet\u0151, rakt\u00e1rk\u00e9szletr\u0151l.\" \/>\n<meta property=\"og:url\" content=\"https:\/\/www.blecha.at\/hu\/termekek\/standard-profilok\/aluminium-szogprofilok\/\" \/>\n<meta property=\"og:site_name\" content=\"BLECHA\" \/>\n<meta property=\"article:modified_time\" content=\"2025-10-20T12:45:20+00:00\" \/>\n<meta property=\"og:image\" content=\"https:\/\/www.blecha.at\/wp-content\/uploads\/2025\/06\/blecha-winkel.jpg\" \/>\n\t<meta property=\"og:image:width\" content=\"1900\" \/>\n\t<meta property=\"og:image:height\" content=\"1200\" \/>\n\t<meta property=\"og:image:type\" content=\"image\/jpeg\" \/>\n<meta name=\"twitter:card\" content=\"summary_large_image\" \/>\n<meta name=\"twitter:label1\" content=\"Becs\u00fclt olvas\u00e1si id\u0151\" \/>\n\t<meta name=\"twitter:data1\" content=\"2 perc\" \/>\n<script type=\"application\/ld+json\" class=\"yoast-schema-graph\">{\"@context\":\"https:\\\/\\\/schema.org\",\"@graph\":[{\"@type\":\"WebPage\",\"@id\":\"https:\\\/\\\/www.blecha.at\\\/hu\\\/termekek\\\/standard-profilok\\\/aluminium-szogprofilok\\\/\",\"url\":\"https:\\\/\\\/www.blecha.at\\\/hu\\\/termekek\\\/standard-profilok\\\/aluminium-szogprofilok\\\/\",\"name\":\"Alum\u00ednium sz\u00f6gprofilok EN AW-6060 \u2013 azonnal rakt\u00e1rr\u00f3l | BLECHA\",\"isPartOf\":{\"@id\":\"https:\\\/\\\/www.blecha.at\\\/#website\"},\"primaryImageOfPage\":{\"@id\":\"https:\\\/\\\/www.blecha.at\\\/hu\\\/termekek\\\/standard-profilok\\\/aluminium-szogprofilok\\\/#primaryimage\"},\"image\":{\"@id\":\"https:\\\/\\\/www.blecha.at\\\/hu\\\/termekek\\\/standard-profilok\\\/aluminium-szogprofilok\\\/#primaryimage\"},\"thumbnailUrl\":\"https:\\\/\\\/www.blecha.at\\\/wp-content\\\/uploads\\\/2025\\\/06\\\/blecha-winkel.jpg\",\"datePublished\":\"2025-10-20T12:44:43+00:00\",\"dateModified\":\"2025-10-20T12:45:20+00:00\",\"description\":\"Alum\u00ednium L-profilok EN AW-6060 \u00f6tv\u00f6zetb\u0151l: ide\u00e1lisak f\u00e9mszerkezetekhez, \u00fcveg\u00e9p\u00edt\u00e9szethez, homlokzatokhoz \u00e9s bels\u0151\u00e9p\u00edt\u00e9szethez. Azonnal el\u00e9rhet\u0151, rakt\u00e1rk\u00e9szletr\u0151l.\",\"breadcrumb\":{\"@id\":\"https:\\\/\\\/www.blecha.at\\\/hu\\\/termekek\\\/standard-profilok\\\/aluminium-szogprofilok\\\/#breadcrumb\"},\"inLanguage\":\"hu\",\"potentialAction\":[{\"@type\":\"ReadAction\",\"target\":[\"https:\\\/\\\/www.blecha.at\\\/hu\\\/termekek\\\/standard-profilok\\\/aluminium-szogprofilok\\\/\"]}]},{\"@type\":\"ImageObject\",\"inLanguage\":\"hu\",\"@id\":\"https:\\\/\\\/www.blecha.at\\\/hu\\\/termekek\\\/standard-profilok\\\/aluminium-szogprofilok\\\/#primaryimage\",\"url\":\"https:\\\/\\\/www.blecha.at\\\/wp-content\\\/uploads\\\/2025\\\/06\\\/blecha-winkel.jpg\",\"contentUrl\":\"https:\\\/\\\/www.blecha.at\\\/wp-content\\\/uploads\\\/2025\\\/06\\\/blecha-winkel.jpg\",\"width\":1900,\"height\":1200},{\"@type\":\"BreadcrumbList\",\"@id\":\"https:\\\/\\\/www.blecha.at\\\/hu\\\/termekek\\\/standard-profilok\\\/aluminium-szogprofilok\\\/#breadcrumb\",\"itemListElement\":[{\"@type\":\"ListItem\",\"position\":1,\"name\":\"Home\",\"item\":\"https:\\\/\\\/www.blecha.at\\\/hu\\\/\"},{\"@type\":\"ListItem\",\"position\":2,\"name\":\"Term\u00e9kek\",\"item\":\"https:\\\/\\\/www.blecha.at\\\/hu\\\/termekek\\\/\"},{\"@type\":\"ListItem\",\"position\":3,\"name\":\"Standard profilok\",\"item\":\"https:\\\/\\\/www.blecha.at\\\/hu\\\/termekek\\\/standard-profilok\\\/\"},{\"@type\":\"ListItem\",\"position\":4,\"name\":\"Sz\u00f6gprofilok\"}]},{\"@type\":\"WebSite\",\"@id\":\"https:\\\/\\\/www.blecha.at\\\/#website\",\"url\":\"https:\\\/\\\/www.blecha.at\\\/\",\"name\":\"BLECHA\",\"description\":\"Eine weitere WordPress-Website\",\"potentialAction\":[{\"@type\":\"SearchAction\",\"target\":{\"@type\":\"EntryPoint\",\"urlTemplate\":\"https:\\\/\\\/www.blecha.at\\\/?s={search_term_string}\"},\"query-input\":{\"@type\":\"PropertyValueSpecification\",\"valueRequired\":true,\"valueName\":\"search_term_string\"}}],\"inLanguage\":\"hu\"}]}<\/script>\n<!-- \/ Yoast SEO plugin. -->","yoast_head_json":{"title":"Alum\u00ednium sz\u00f6gprofilok EN AW-6060 \u2013 azonnal rakt\u00e1rr\u00f3l | BLECHA","description":"Alum\u00ednium L-profilok EN AW-6060 \u00f6tv\u00f6zetb\u0151l: ide\u00e1lisak f\u00e9mszerkezetekhez, \u00fcveg\u00e9p\u00edt\u00e9szethez, homlokzatokhoz \u00e9s bels\u0151\u00e9p\u00edt\u00e9szethez. Azonnal el\u00e9rhet\u0151, rakt\u00e1rk\u00e9szletr\u0151l.","robots":{"index":"index","follow":"follow","max-snippet":"max-snippet:-1","max-image-preview":"max-image-preview:large","max-video-preview":"max-video-preview:-1"},"canonical":"https:\/\/www.blecha.at\/hu\/termekek\/standard-profilok\/aluminium-szogprofilok\/","og_locale":"hu_HU","og_type":"article","og_title":"Alum\u00ednium sz\u00f6gprofilok EN AW-6060 \u2013 azonnal rakt\u00e1rr\u00f3l | BLECHA","og_description":"Alum\u00ednium L-profilok EN AW-6060 \u00f6tv\u00f6zetb\u0151l: ide\u00e1lisak f\u00e9mszerkezetekhez, \u00fcveg\u00e9p\u00edt\u00e9szethez, homlokzatokhoz \u00e9s bels\u0151\u00e9p\u00edt\u00e9szethez. Azonnal el\u00e9rhet\u0151, rakt\u00e1rk\u00e9szletr\u0151l.","og_url":"https:\/\/www.blecha.at\/hu\/termekek\/standard-profilok\/aluminium-szogprofilok\/","og_site_name":"BLECHA","article_modified_time":"2025-10-20T12:45:20+00:00","og_image":[{"width":1900,"height":1200,"url":"https:\/\/www.blecha.at\/wp-content\/uploads\/2025\/06\/blecha-winkel.jpg","type":"image\/jpeg"}],"twitter_card":"summary_large_image","twitter_misc":{"Becs\u00fclt olvas\u00e1si id\u0151":"2 perc"},"schema":{"@context":"https:\/\/schema.org","@graph":[{"@type":"WebPage","@id":"https:\/\/www.blecha.at\/hu\/termekek\/standard-profilok\/aluminium-szogprofilok\/","url":"https:\/\/www.blecha.at\/hu\/termekek\/standard-profilok\/aluminium-szogprofilok\/","name":"Alum\u00ednium sz\u00f6gprofilok EN AW-6060 \u2013 azonnal rakt\u00e1rr\u00f3l | BLECHA","isPartOf":{"@id":"https:\/\/www.blecha.at\/#website"},"primaryImageOfPage":{"@id":"https:\/\/www.blecha.at\/hu\/termekek\/standard-profilok\/aluminium-szogprofilok\/#primaryimage"},"image":{"@id":"https:\/\/www.blecha.at\/hu\/termekek\/standard-profilok\/aluminium-szogprofilok\/#primaryimage"},"thumbnailUrl":"https:\/\/www.blecha.at\/wp-content\/uploads\/2025\/06\/blecha-winkel.jpg","datePublished":"2025-10-20T12:44:43+00:00","dateModified":"2025-10-20T12:45:20+00:00","description":"Alum\u00ednium L-profilok EN AW-6060 \u00f6tv\u00f6zetb\u0151l: ide\u00e1lisak f\u00e9mszerkezetekhez, \u00fcveg\u00e9p\u00edt\u00e9szethez, homlokzatokhoz \u00e9s bels\u0151\u00e9p\u00edt\u00e9szethez. Azonnal el\u00e9rhet\u0151, rakt\u00e1rk\u00e9szletr\u0151l.","breadcrumb":{"@id":"https:\/\/www.blecha.at\/hu\/termekek\/standard-profilok\/aluminium-szogprofilok\/#breadcrumb"},"inLanguage":"hu","potentialAction":[{"@type":"ReadAction","target":["https:\/\/www.blecha.at\/hu\/termekek\/standard-profilok\/aluminium-szogprofilok\/"]}]},{"@type":"ImageObject","inLanguage":"hu","@id":"https:\/\/www.blecha.at\/hu\/termekek\/standard-profilok\/aluminium-szogprofilok\/#primaryimage","url":"https:\/\/www.blecha.at\/wp-content\/uploads\/2025\/06\/blecha-winkel.jpg","contentUrl":"https:\/\/www.blecha.at\/wp-content\/uploads\/2025\/06\/blecha-winkel.jpg","width":1900,"height":1200},{"@type":"BreadcrumbList","@id":"https:\/\/www.blecha.at\/hu\/termekek\/standard-profilok\/aluminium-szogprofilok\/#breadcrumb","itemListElement":[{"@type":"ListItem","position":1,"name":"Home","item":"https:\/\/www.blecha.at\/hu\/"},{"@type":"ListItem","position":2,"name":"Term\u00e9kek","item":"https:\/\/www.blecha.at\/hu\/termekek\/"},{"@type":"ListItem","position":3,"name":"Standard profilok","item":"https:\/\/www.blecha.at\/hu\/termekek\/standard-profilok\/"},{"@type":"ListItem","position":4,"name":"Sz\u00f6gprofilok"}]},{"@type":"WebSite","@id":"https:\/\/www.blecha.at\/#website","url":"https:\/\/www.blecha.at\/","name":"BLECHA","description":"Eine weitere WordPress-Website","potentialAction":[{"@type":"SearchAction","target":{"@type":"EntryPoint","urlTemplate":"https:\/\/www.blecha.at\/?s={search_term_string}"},"query-input":{"@type":"PropertyValueSpecification","valueRequired":true,"valueName":"search_term_string"}}],"inLanguage":"hu"}]}},"_links":{"self":[{"href":"https:\/\/www.blecha.at\/hu\/wp-json\/wp\/v2\/pages\/30945","targetHints":{"allow":["GET"]}}],"collection":[{"href":"https:\/\/www.blecha.at\/hu\/wp-json\/wp\/v2\/pages"}],"about":[{"href":"https:\/\/www.blecha.at\/hu\/wp-json\/wp\/v2\/types\/page"}],"author":[{"embeddable":true,"href":"https:\/\/www.blecha.at\/hu\/wp-json\/wp\/v2\/users\/2"}],"replies":[{"embeddable":true,"href":"https:\/\/www.blecha.at\/hu\/wp-json\/wp\/v2\/comments?post=30945"}],"version-history":[{"count":2,"href":"https:\/\/www.blecha.at\/hu\/wp-json\/wp\/v2\/pages\/30945\/revisions"}],"predecessor-version":[{"id":30947,"href":"https:\/\/www.blecha.at\/hu\/wp-json\/wp\/v2\/pages\/30945\/revisions\/30947"}],"up":[{"embeddable":true,"href":"https:\/\/www.blecha.at\/hu\/wp-json\/wp\/v2\/pages\/6125"}],"wp:featuredmedia":[{"embeddable":true,"href":"https:\/\/www.blecha.at\/hu\/wp-json\/wp\/v2\/media\/30346"}],"wp:attachment":[{"href":"https:\/\/www.blecha.at\/hu\/wp-json\/wp\/v2\/media?parent=30945"}],"curies":[{"name":"wp","href":"https:\/\/api.w.org\/{rel}","templated":true}]}}