{"id":4404,"date":"2020-10-05T12:47:38","date_gmt":"2020-10-05T10:47:38","guid":{"rendered":"https:\/\/www.blecha.at\/impressum\/"},"modified":"2026-01-20T10:39:04","modified_gmt":"2026-01-20T09:39:04","slug":"impresszum","status":"publish","type":"page","link":"https:\/\/www.blecha.at\/hu\/impresszum\/","title":{"rendered":"Impresszum"},"content":{"rendered":"","protected":false},"excerpt":{"rendered":"","protected":false},"author":2,"featured_media":0,"parent":0,"menu_order":0,"comment_status":"closed","ping_status":"closed","template":"page-impressum.php","meta":{"_acf_changed":false,"footnotes":""},"class_list":["post-4404","page","type-page","status-publish","hentry"],"acf":[],"yoast_head":"<!-- This site is optimized with the Yoast SEO plugin v27.3 - https:\/\/yoast.com\/product\/yoast-seo-wordpress\/ -->\n<title>Impresszum | BLECHA<\/title>\n<meta name=\"description\" content=\"Az impresszumban r\u00e9szletes inform\u00e1ci\u00f3kat tal\u00e1l v\u00e1llalatunkr\u00f3l. Amennyiben k\u00e9rd\u00e9s\u00fck mer\u00fclne fel, k\u00e9rj\u00fck keresse irod\u00e1nkat, \u00e1llunk rendelkez\u00e9s\u00fckre.\" \/>\n<meta name=\"robots\" content=\"index, follow, max-snippet:-1, max-image-preview:large, max-video-preview:-1\" \/>\n<link rel=\"canonical\" href=\"https:\/\/www.blecha.at\/hu\/impresszum\/\" \/>\n<meta property=\"og:locale\" content=\"hu_HU\" \/>\n<meta property=\"og:type\" content=\"article\" \/>\n<meta property=\"og:title\" content=\"Impresszum | BLECHA\" \/>\n<meta property=\"og:description\" content=\"Az impresszumban r\u00e9szletes inform\u00e1ci\u00f3kat tal\u00e1l v\u00e1llalatunkr\u00f3l. Amennyiben k\u00e9rd\u00e9s\u00fck mer\u00fclne fel, k\u00e9rj\u00fck keresse irod\u00e1nkat, \u00e1llunk rendelkez\u00e9s\u00fckre.\" \/>\n<meta property=\"og:url\" content=\"https:\/\/www.blecha.at\/hu\/impresszum\/\" \/>\n<meta property=\"og:site_name\" content=\"BLECHA\" \/>\n<meta property=\"article:modified_time\" content=\"2026-01-20T09:39:04+00:00\" \/>\n<meta property=\"og:image\" content=\"https:\/\/www.blecha.at\/wp-content\/uploads\/2021\/02\/blecha-unternehmen-auswahl-gebaeude-3-scaled.jpg\" \/>\n\t<meta property=\"og:image:width\" content=\"2560\" \/>\n\t<meta property=\"og:image:height\" content=\"1642\" \/>\n\t<meta property=\"og:image:type\" content=\"image\/jpeg\" \/>\n<meta name=\"twitter:card\" content=\"summary_large_image\" \/>\n<script type=\"application\/ld+json\" class=\"yoast-schema-graph\">{\"@context\":\"https:\\\/\\\/schema.org\",\"@graph\":[{\"@type\":\"WebPage\",\"@id\":\"https:\\\/\\\/www.blecha.at\\\/hu\\\/impresszum\\\/\",\"url\":\"https:\\\/\\\/www.blecha.at\\\/hu\\\/impresszum\\\/\",\"name\":\"Impresszum | BLECHA\",\"isPartOf\":{\"@id\":\"https:\\\/\\\/www.blecha.at\\\/#website\"},\"datePublished\":\"2020-10-05T10:47:38+00:00\",\"dateModified\":\"2026-01-20T09:39:04+00:00\",\"description\":\"Az impresszumban r\u00e9szletes inform\u00e1ci\u00f3kat tal\u00e1l v\u00e1llalatunkr\u00f3l. Amennyiben k\u00e9rd\u00e9s\u00fck mer\u00fclne fel, k\u00e9rj\u00fck keresse irod\u00e1nkat, \u00e1llunk rendelkez\u00e9s\u00fckre.\",\"breadcrumb\":{\"@id\":\"https:\\\/\\\/www.blecha.at\\\/hu\\\/impresszum\\\/#breadcrumb\"},\"inLanguage\":\"hu\",\"potentialAction\":[{\"@type\":\"ReadAction\",\"target\":[\"https:\\\/\\\/www.blecha.at\\\/hu\\\/impresszum\\\/\"]}]},{\"@type\":\"BreadcrumbList\",\"@id\":\"https:\\\/\\\/www.blecha.at\\\/hu\\\/impresszum\\\/#breadcrumb\",\"itemListElement\":[{\"@type\":\"ListItem\",\"position\":1,\"name\":\"Home\",\"item\":\"https:\\\/\\\/www.blecha.at\\\/hu\\\/\"},{\"@type\":\"ListItem\",\"position\":2,\"name\":\"Impresszum\"}]},{\"@type\":\"WebSite\",\"@id\":\"https:\\\/\\\/www.blecha.at\\\/#website\",\"url\":\"https:\\\/\\\/www.blecha.at\\\/\",\"name\":\"BLECHA\",\"description\":\"Eine weitere WordPress-Website\",\"potentialAction\":[{\"@type\":\"SearchAction\",\"target\":{\"@type\":\"EntryPoint\",\"urlTemplate\":\"https:\\\/\\\/www.blecha.at\\\/?s={search_term_string}\"},\"query-input\":{\"@type\":\"PropertyValueSpecification\",\"valueRequired\":true,\"valueName\":\"search_term_string\"}}],\"inLanguage\":\"hu\"}]}<\/script>\n<!-- \/ Yoast SEO plugin. -->","yoast_head_json":{"title":"Impresszum | BLECHA","description":"Az impresszumban r\u00e9szletes inform\u00e1ci\u00f3kat tal\u00e1l v\u00e1llalatunkr\u00f3l. Amennyiben k\u00e9rd\u00e9s\u00fck mer\u00fclne fel, k\u00e9rj\u00fck keresse irod\u00e1nkat, \u00e1llunk rendelkez\u00e9s\u00fckre.","robots":{"index":"index","follow":"follow","max-snippet":"max-snippet:-1","max-image-preview":"max-image-preview:large","max-video-preview":"max-video-preview:-1"},"canonical":"https:\/\/www.blecha.at\/hu\/impresszum\/","og_locale":"hu_HU","og_type":"article","og_title":"Impresszum | BLECHA","og_description":"Az impresszumban r\u00e9szletes inform\u00e1ci\u00f3kat tal\u00e1l v\u00e1llalatunkr\u00f3l. Amennyiben k\u00e9rd\u00e9s\u00fck mer\u00fclne fel, k\u00e9rj\u00fck keresse irod\u00e1nkat, \u00e1llunk rendelkez\u00e9s\u00fckre.","og_url":"https:\/\/www.blecha.at\/hu\/impresszum\/","og_site_name":"BLECHA","article_modified_time":"2026-01-20T09:39:04+00:00","og_image":[{"width":2560,"height":1642,"url":"https:\/\/www.blecha.at\/wp-content\/uploads\/2021\/02\/blecha-unternehmen-auswahl-gebaeude-3-scaled.jpg","type":"image\/jpeg"}],"twitter_card":"summary_large_image","schema":{"@context":"https:\/\/schema.org","@graph":[{"@type":"WebPage","@id":"https:\/\/www.blecha.at\/hu\/impresszum\/","url":"https:\/\/www.blecha.at\/hu\/impresszum\/","name":"Impresszum | BLECHA","isPartOf":{"@id":"https:\/\/www.blecha.at\/#website"},"datePublished":"2020-10-05T10:47:38+00:00","dateModified":"2026-01-20T09:39:04+00:00","description":"Az impresszumban r\u00e9szletes inform\u00e1ci\u00f3kat tal\u00e1l v\u00e1llalatunkr\u00f3l. Amennyiben k\u00e9rd\u00e9s\u00fck mer\u00fclne fel, k\u00e9rj\u00fck keresse irod\u00e1nkat, \u00e1llunk rendelkez\u00e9s\u00fckre.","breadcrumb":{"@id":"https:\/\/www.blecha.at\/hu\/impresszum\/#breadcrumb"},"inLanguage":"hu","potentialAction":[{"@type":"ReadAction","target":["https:\/\/www.blecha.at\/hu\/impresszum\/"]}]},{"@type":"BreadcrumbList","@id":"https:\/\/www.blecha.at\/hu\/impresszum\/#breadcrumb","itemListElement":[{"@type":"ListItem","position":1,"name":"Home","item":"https:\/\/www.blecha.at\/hu\/"},{"@type":"ListItem","position":2,"name":"Impresszum"}]},{"@type":"WebSite","@id":"https:\/\/www.blecha.at\/#website","url":"https:\/\/www.blecha.at\/","name":"BLECHA","description":"Eine weitere WordPress-Website","potentialAction":[{"@type":"SearchAction","target":{"@type":"EntryPoint","urlTemplate":"https:\/\/www.blecha.at\/?s={search_term_string}"},"query-input":{"@type":"PropertyValueSpecification","valueRequired":true,"valueName":"search_term_string"}}],"inLanguage":"hu"}]}},"_links":{"self":[{"href":"https:\/\/www.blecha.at\/hu\/wp-json\/wp\/v2\/pages\/4404","targetHints":{"allow":["GET"]}}],"collection":[{"href":"https:\/\/www.blecha.at\/hu\/wp-json\/wp\/v2\/pages"}],"about":[{"href":"https:\/\/www.blecha.at\/hu\/wp-json\/wp\/v2\/types\/page"}],"author":[{"embeddable":true,"href":"https:\/\/www.blecha.at\/hu\/wp-json\/wp\/v2\/users\/2"}],"replies":[{"embeddable":true,"href":"https:\/\/www.blecha.at\/hu\/wp-json\/wp\/v2\/comments?post=4404"}],"version-history":[{"count":11,"href":"https:\/\/www.blecha.at\/hu\/wp-json\/wp\/v2\/pages\/4404\/revisions"}],"predecessor-version":[{"id":31533,"href":"https:\/\/www.blecha.at\/hu\/wp-json\/wp\/v2\/pages\/4404\/revisions\/31533"}],"wp:attachment":[{"href":"https:\/\/www.blecha.at\/hu\/wp-json\/wp\/v2\/media?parent=4404"}],"curies":[{"name":"wp","href":"https:\/\/api.w.org\/{rel}","templated":true}]}}