{"id":4462,"date":"2020-10-15T18:52:30","date_gmt":"2020-10-15T16:52:30","guid":{"rendered":"https:\/\/www.blecha.at\/karriere\/"},"modified":"2026-03-09T14:53:26","modified_gmt":"2026-03-09T13:53:26","slug":"karrier","status":"publish","type":"page","link":"https:\/\/www.blecha.at\/hu\/karrier\/","title":{"rendered":"Karrier"},"content":{"rendered":"","protected":false},"excerpt":{"rendered":"","protected":false},"author":2,"featured_media":0,"parent":0,"menu_order":0,"comment_status":"closed","ping_status":"closed","template":"page-karriere.php","meta":{"_acf_changed":false,"footnotes":""},"class_list":["post-4462","page","type-page","status-publish","hentry"],"acf":[],"yoast_head":"<!-- This site is optimized with the Yoast SEO plugin v27.3 - https:\/\/yoast.com\/product\/yoast-seo-wordpress\/ -->\n<title>Karrier | BLECHA<\/title>\n<meta name=\"description\" content=\"Az\u00e9rt,hogy minden nap a legjobb szolg\u00e1ltat\u00e1st tudjuk ny\u00fajtani \u00fcgyfeleink sz\u00e1m\u00e1ra, folyamatosan keres\u00fcnk \u00faj, motiv\u00e1lt jelentkez\u0151ket.\" \/>\n<meta name=\"robots\" content=\"index, follow, max-snippet:-1, max-image-preview:large, max-video-preview:-1\" \/>\n<link rel=\"canonical\" href=\"https:\/\/www.blecha.at\/hu\/karrier\/\" \/>\n<meta property=\"og:locale\" content=\"hu_HU\" \/>\n<meta property=\"og:type\" content=\"article\" \/>\n<meta property=\"og:title\" content=\"Karrier | BLECHA\" \/>\n<meta property=\"og:description\" content=\"Az\u00e9rt,hogy minden nap a legjobb szolg\u00e1ltat\u00e1st tudjuk ny\u00fajtani \u00fcgyfeleink sz\u00e1m\u00e1ra, folyamatosan keres\u00fcnk \u00faj, motiv\u00e1lt jelentkez\u0151ket.\" \/>\n<meta property=\"og:url\" content=\"https:\/\/www.blecha.at\/hu\/karrier\/\" \/>\n<meta property=\"og:site_name\" content=\"BLECHA\" \/>\n<meta property=\"article:modified_time\" content=\"2026-03-09T13:53:26+00:00\" \/>\n<meta property=\"og:image\" content=\"https:\/\/www.blecha.at\/wp-content\/uploads\/2021\/02\/blecha-unternehmen-auswahl-gebaeude-3-scaled.jpg\" \/>\n\t<meta property=\"og:image:width\" content=\"2560\" \/>\n\t<meta property=\"og:image:height\" content=\"1642\" \/>\n\t<meta property=\"og:image:type\" content=\"image\/jpeg\" \/>\n<meta name=\"twitter:card\" content=\"summary_large_image\" \/>\n<script type=\"application\/ld+json\" class=\"yoast-schema-graph\">{\"@context\":\"https:\\\/\\\/schema.org\",\"@graph\":[{\"@type\":\"WebPage\",\"@id\":\"https:\\\/\\\/www.blecha.at\\\/hu\\\/karrier\\\/\",\"url\":\"https:\\\/\\\/www.blecha.at\\\/hu\\\/karrier\\\/\",\"name\":\"Karrier | BLECHA\",\"isPartOf\":{\"@id\":\"https:\\\/\\\/www.blecha.at\\\/#website\"},\"datePublished\":\"2020-10-15T16:52:30+00:00\",\"dateModified\":\"2026-03-09T13:53:26+00:00\",\"description\":\"Az\u00e9rt,hogy minden nap a legjobb szolg\u00e1ltat\u00e1st tudjuk ny\u00fajtani \u00fcgyfeleink sz\u00e1m\u00e1ra, folyamatosan keres\u00fcnk \u00faj, motiv\u00e1lt jelentkez\u0151ket.\",\"breadcrumb\":{\"@id\":\"https:\\\/\\\/www.blecha.at\\\/hu\\\/karrier\\\/#breadcrumb\"},\"inLanguage\":\"hu\",\"potentialAction\":[{\"@type\":\"ReadAction\",\"target\":[\"https:\\\/\\\/www.blecha.at\\\/hu\\\/karrier\\\/\"]}]},{\"@type\":\"BreadcrumbList\",\"@id\":\"https:\\\/\\\/www.blecha.at\\\/hu\\\/karrier\\\/#breadcrumb\",\"itemListElement\":[{\"@type\":\"ListItem\",\"position\":1,\"name\":\"Home\",\"item\":\"https:\\\/\\\/www.blecha.at\\\/hu\\\/\"},{\"@type\":\"ListItem\",\"position\":2,\"name\":\"Karrier\"}]},{\"@type\":\"WebSite\",\"@id\":\"https:\\\/\\\/www.blecha.at\\\/#website\",\"url\":\"https:\\\/\\\/www.blecha.at\\\/\",\"name\":\"BLECHA\",\"description\":\"Eine weitere WordPress-Website\",\"potentialAction\":[{\"@type\":\"SearchAction\",\"target\":{\"@type\":\"EntryPoint\",\"urlTemplate\":\"https:\\\/\\\/www.blecha.at\\\/?s={search_term_string}\"},\"query-input\":{\"@type\":\"PropertyValueSpecification\",\"valueRequired\":true,\"valueName\":\"search_term_string\"}}],\"inLanguage\":\"hu\"}]}<\/script>\n<!-- \/ Yoast SEO plugin. -->","yoast_head_json":{"title":"Karrier | BLECHA","description":"Az\u00e9rt,hogy minden nap a legjobb szolg\u00e1ltat\u00e1st tudjuk ny\u00fajtani \u00fcgyfeleink sz\u00e1m\u00e1ra, folyamatosan keres\u00fcnk \u00faj, motiv\u00e1lt jelentkez\u0151ket.","robots":{"index":"index","follow":"follow","max-snippet":"max-snippet:-1","max-image-preview":"max-image-preview:large","max-video-preview":"max-video-preview:-1"},"canonical":"https:\/\/www.blecha.at\/hu\/karrier\/","og_locale":"hu_HU","og_type":"article","og_title":"Karrier | BLECHA","og_description":"Az\u00e9rt,hogy minden nap a legjobb szolg\u00e1ltat\u00e1st tudjuk ny\u00fajtani \u00fcgyfeleink sz\u00e1m\u00e1ra, folyamatosan keres\u00fcnk \u00faj, motiv\u00e1lt jelentkez\u0151ket.","og_url":"https:\/\/www.blecha.at\/hu\/karrier\/","og_site_name":"BLECHA","article_modified_time":"2026-03-09T13:53:26+00:00","og_image":[{"width":2560,"height":1642,"url":"https:\/\/www.blecha.at\/wp-content\/uploads\/2021\/02\/blecha-unternehmen-auswahl-gebaeude-3-scaled.jpg","type":"image\/jpeg"}],"twitter_card":"summary_large_image","schema":{"@context":"https:\/\/schema.org","@graph":[{"@type":"WebPage","@id":"https:\/\/www.blecha.at\/hu\/karrier\/","url":"https:\/\/www.blecha.at\/hu\/karrier\/","name":"Karrier | BLECHA","isPartOf":{"@id":"https:\/\/www.blecha.at\/#website"},"datePublished":"2020-10-15T16:52:30+00:00","dateModified":"2026-03-09T13:53:26+00:00","description":"Az\u00e9rt,hogy minden nap a legjobb szolg\u00e1ltat\u00e1st tudjuk ny\u00fajtani \u00fcgyfeleink sz\u00e1m\u00e1ra, folyamatosan keres\u00fcnk \u00faj, motiv\u00e1lt jelentkez\u0151ket.","breadcrumb":{"@id":"https:\/\/www.blecha.at\/hu\/karrier\/#breadcrumb"},"inLanguage":"hu","potentialAction":[{"@type":"ReadAction","target":["https:\/\/www.blecha.at\/hu\/karrier\/"]}]},{"@type":"BreadcrumbList","@id":"https:\/\/www.blecha.at\/hu\/karrier\/#breadcrumb","itemListElement":[{"@type":"ListItem","position":1,"name":"Home","item":"https:\/\/www.blecha.at\/hu\/"},{"@type":"ListItem","position":2,"name":"Karrier"}]},{"@type":"WebSite","@id":"https:\/\/www.blecha.at\/#website","url":"https:\/\/www.blecha.at\/","name":"BLECHA","description":"Eine weitere WordPress-Website","potentialAction":[{"@type":"SearchAction","target":{"@type":"EntryPoint","urlTemplate":"https:\/\/www.blecha.at\/?s={search_term_string}"},"query-input":{"@type":"PropertyValueSpecification","valueRequired":true,"valueName":"search_term_string"}}],"inLanguage":"hu"}]}},"_links":{"self":[{"href":"https:\/\/www.blecha.at\/hu\/wp-json\/wp\/v2\/pages\/4462","targetHints":{"allow":["GET"]}}],"collection":[{"href":"https:\/\/www.blecha.at\/hu\/wp-json\/wp\/v2\/pages"}],"about":[{"href":"https:\/\/www.blecha.at\/hu\/wp-json\/wp\/v2\/types\/page"}],"author":[{"embeddable":true,"href":"https:\/\/www.blecha.at\/hu\/wp-json\/wp\/v2\/users\/2"}],"replies":[{"embeddable":true,"href":"https:\/\/www.blecha.at\/hu\/wp-json\/wp\/v2\/comments?post=4462"}],"version-history":[{"count":29,"href":"https:\/\/www.blecha.at\/hu\/wp-json\/wp\/v2\/pages\/4462\/revisions"}],"predecessor-version":[{"id":31916,"href":"https:\/\/www.blecha.at\/hu\/wp-json\/wp\/v2\/pages\/4462\/revisions\/31916"}],"wp:attachment":[{"href":"https:\/\/www.blecha.at\/hu\/wp-json\/wp\/v2\/media?parent=4462"}],"curies":[{"name":"wp","href":"https:\/\/api.w.org\/{rel}","templated":true}]}}