{"id":4584,"date":"2020-10-05T12:42:11","date_gmt":"2020-10-05T10:42:11","guid":{"rendered":"https:\/\/www.blecha.at\/leistungen\/"},"modified":"2021-12-15T11:36:16","modified_gmt":"2021-12-15T10:36:16","slug":"szolgaltatasok","status":"publish","type":"page","link":"https:\/\/www.blecha.at\/hu\/szolgaltatasok\/","title":{"rendered":"Szolg\u00e1ltat\u00e1sok"},"content":{"rendered":"","protected":false},"excerpt":{"rendered":"","protected":false},"author":2,"featured_media":0,"parent":0,"menu_order":0,"comment_status":"closed","ping_status":"closed","template":"page-leistungen.php","meta":{"_acf_changed":false,"footnotes":""},"class_list":["post-4584","page","type-page","status-publish","hentry"],"acf":[],"yoast_head":"<!-- This site is optimized with the Yoast SEO plugin v27.3 - https:\/\/yoast.com\/product\/yoast-seo-wordpress\/ -->\n<title>Szolg\u00e1ltat\u00e1sok | BLECHA<\/title>\n<meta name=\"description\" content=\"BLECHA-j\u00f3l teljes\u00edt\u00fcnk.Szak\u00e9rt\u0151k vagyunk fel\u00fcletkezel\u00e9sben,egyedi gy\u00e1rt\u00e1s\u00fa profil 3D nyomtat\u00e1sban, prec\u00edci\u00f3s v\u00e1g\u00e1sban valamint csomagol\u00e1sban &amp; logisztik\u00e1ban egyar\u00e1nt.\" \/>\n<meta name=\"robots\" content=\"index, follow, max-snippet:-1, max-image-preview:large, max-video-preview:-1\" \/>\n<link rel=\"canonical\" href=\"https:\/\/www.blecha.at\/hu\/szolgaltatasok\/\" \/>\n<meta property=\"og:locale\" content=\"hu_HU\" \/>\n<meta property=\"og:type\" content=\"article\" \/>\n<meta property=\"og:title\" content=\"Szolg\u00e1ltat\u00e1sok | BLECHA\" \/>\n<meta property=\"og:description\" content=\"BLECHA-j\u00f3l teljes\u00edt\u00fcnk.Szak\u00e9rt\u0151k vagyunk fel\u00fcletkezel\u00e9sben,egyedi gy\u00e1rt\u00e1s\u00fa profil 3D nyomtat\u00e1sban, prec\u00edci\u00f3s v\u00e1g\u00e1sban valamint csomagol\u00e1sban &amp; logisztik\u00e1ban egyar\u00e1nt.\" \/>\n<meta property=\"og:url\" content=\"https:\/\/www.blecha.at\/hu\/szolgaltatasok\/\" \/>\n<meta property=\"og:site_name\" content=\"BLECHA\" \/>\n<meta property=\"article:modified_time\" content=\"2021-12-15T10:36:16+00:00\" \/>\n<meta property=\"og:image\" content=\"https:\/\/www.blecha.at\/wp-content\/uploads\/2021\/02\/blecha-unternehmen-auswahl-gebaeude-3-scaled.jpg\" \/>\n\t<meta property=\"og:image:width\" content=\"2560\" \/>\n\t<meta property=\"og:image:height\" content=\"1642\" \/>\n\t<meta property=\"og:image:type\" content=\"image\/jpeg\" \/>\n<meta name=\"twitter:card\" content=\"summary_large_image\" \/>\n<script type=\"application\/ld+json\" class=\"yoast-schema-graph\">{\"@context\":\"https:\\\/\\\/schema.org\",\"@graph\":[{\"@type\":\"WebPage\",\"@id\":\"https:\\\/\\\/www.blecha.at\\\/hu\\\/szolgaltatasok\\\/\",\"url\":\"https:\\\/\\\/www.blecha.at\\\/hu\\\/szolgaltatasok\\\/\",\"name\":\"Szolg\u00e1ltat\u00e1sok | BLECHA\",\"isPartOf\":{\"@id\":\"https:\\\/\\\/www.blecha.at\\\/#website\"},\"datePublished\":\"2020-10-05T10:42:11+00:00\",\"dateModified\":\"2021-12-15T10:36:16+00:00\",\"description\":\"BLECHA-j\u00f3l teljes\u00edt\u00fcnk.Szak\u00e9rt\u0151k vagyunk fel\u00fcletkezel\u00e9sben,egyedi gy\u00e1rt\u00e1s\u00fa profil 3D nyomtat\u00e1sban, prec\u00edci\u00f3s v\u00e1g\u00e1sban valamint csomagol\u00e1sban & logisztik\u00e1ban egyar\u00e1nt.\",\"breadcrumb\":{\"@id\":\"https:\\\/\\\/www.blecha.at\\\/hu\\\/szolgaltatasok\\\/#breadcrumb\"},\"inLanguage\":\"hu\",\"potentialAction\":[{\"@type\":\"ReadAction\",\"target\":[\"https:\\\/\\\/www.blecha.at\\\/hu\\\/szolgaltatasok\\\/\"]}]},{\"@type\":\"BreadcrumbList\",\"@id\":\"https:\\\/\\\/www.blecha.at\\\/hu\\\/szolgaltatasok\\\/#breadcrumb\",\"itemListElement\":[{\"@type\":\"ListItem\",\"position\":1,\"name\":\"Home\",\"item\":\"https:\\\/\\\/www.blecha.at\\\/hu\\\/\"},{\"@type\":\"ListItem\",\"position\":2,\"name\":\"Szolg\u00e1ltat\u00e1sok\"}]},{\"@type\":\"WebSite\",\"@id\":\"https:\\\/\\\/www.blecha.at\\\/#website\",\"url\":\"https:\\\/\\\/www.blecha.at\\\/\",\"name\":\"BLECHA\",\"description\":\"Eine weitere WordPress-Website\",\"potentialAction\":[{\"@type\":\"SearchAction\",\"target\":{\"@type\":\"EntryPoint\",\"urlTemplate\":\"https:\\\/\\\/www.blecha.at\\\/?s={search_term_string}\"},\"query-input\":{\"@type\":\"PropertyValueSpecification\",\"valueRequired\":true,\"valueName\":\"search_term_string\"}}],\"inLanguage\":\"hu\"}]}<\/script>\n<!-- \/ Yoast SEO plugin. -->","yoast_head_json":{"title":"Szolg\u00e1ltat\u00e1sok | BLECHA","description":"BLECHA-j\u00f3l teljes\u00edt\u00fcnk.Szak\u00e9rt\u0151k vagyunk fel\u00fcletkezel\u00e9sben,egyedi gy\u00e1rt\u00e1s\u00fa profil 3D nyomtat\u00e1sban, prec\u00edci\u00f3s v\u00e1g\u00e1sban valamint csomagol\u00e1sban & logisztik\u00e1ban egyar\u00e1nt.","robots":{"index":"index","follow":"follow","max-snippet":"max-snippet:-1","max-image-preview":"max-image-preview:large","max-video-preview":"max-video-preview:-1"},"canonical":"https:\/\/www.blecha.at\/hu\/szolgaltatasok\/","og_locale":"hu_HU","og_type":"article","og_title":"Szolg\u00e1ltat\u00e1sok | BLECHA","og_description":"BLECHA-j\u00f3l teljes\u00edt\u00fcnk.Szak\u00e9rt\u0151k vagyunk fel\u00fcletkezel\u00e9sben,egyedi gy\u00e1rt\u00e1s\u00fa profil 3D nyomtat\u00e1sban, prec\u00edci\u00f3s v\u00e1g\u00e1sban valamint csomagol\u00e1sban & logisztik\u00e1ban egyar\u00e1nt.","og_url":"https:\/\/www.blecha.at\/hu\/szolgaltatasok\/","og_site_name":"BLECHA","article_modified_time":"2021-12-15T10:36:16+00:00","og_image":[{"width":2560,"height":1642,"url":"https:\/\/www.blecha.at\/wp-content\/uploads\/2021\/02\/blecha-unternehmen-auswahl-gebaeude-3-scaled.jpg","type":"image\/jpeg"}],"twitter_card":"summary_large_image","schema":{"@context":"https:\/\/schema.org","@graph":[{"@type":"WebPage","@id":"https:\/\/www.blecha.at\/hu\/szolgaltatasok\/","url":"https:\/\/www.blecha.at\/hu\/szolgaltatasok\/","name":"Szolg\u00e1ltat\u00e1sok | BLECHA","isPartOf":{"@id":"https:\/\/www.blecha.at\/#website"},"datePublished":"2020-10-05T10:42:11+00:00","dateModified":"2021-12-15T10:36:16+00:00","description":"BLECHA-j\u00f3l teljes\u00edt\u00fcnk.Szak\u00e9rt\u0151k vagyunk fel\u00fcletkezel\u00e9sben,egyedi gy\u00e1rt\u00e1s\u00fa profil 3D nyomtat\u00e1sban, prec\u00edci\u00f3s v\u00e1g\u00e1sban valamint csomagol\u00e1sban & logisztik\u00e1ban egyar\u00e1nt.","breadcrumb":{"@id":"https:\/\/www.blecha.at\/hu\/szolgaltatasok\/#breadcrumb"},"inLanguage":"hu","potentialAction":[{"@type":"ReadAction","target":["https:\/\/www.blecha.at\/hu\/szolgaltatasok\/"]}]},{"@type":"BreadcrumbList","@id":"https:\/\/www.blecha.at\/hu\/szolgaltatasok\/#breadcrumb","itemListElement":[{"@type":"ListItem","position":1,"name":"Home","item":"https:\/\/www.blecha.at\/hu\/"},{"@type":"ListItem","position":2,"name":"Szolg\u00e1ltat\u00e1sok"}]},{"@type":"WebSite","@id":"https:\/\/www.blecha.at\/#website","url":"https:\/\/www.blecha.at\/","name":"BLECHA","description":"Eine weitere WordPress-Website","potentialAction":[{"@type":"SearchAction","target":{"@type":"EntryPoint","urlTemplate":"https:\/\/www.blecha.at\/?s={search_term_string}"},"query-input":{"@type":"PropertyValueSpecification","valueRequired":true,"valueName":"search_term_string"}}],"inLanguage":"hu"}]}},"_links":{"self":[{"href":"https:\/\/www.blecha.at\/hu\/wp-json\/wp\/v2\/pages\/4584","targetHints":{"allow":["GET"]}}],"collection":[{"href":"https:\/\/www.blecha.at\/hu\/wp-json\/wp\/v2\/pages"}],"about":[{"href":"https:\/\/www.blecha.at\/hu\/wp-json\/wp\/v2\/types\/page"}],"author":[{"embeddable":true,"href":"https:\/\/www.blecha.at\/hu\/wp-json\/wp\/v2\/users\/2"}],"replies":[{"embeddable":true,"href":"https:\/\/www.blecha.at\/hu\/wp-json\/wp\/v2\/comments?post=4584"}],"version-history":[{"count":3,"href":"https:\/\/www.blecha.at\/hu\/wp-json\/wp\/v2\/pages\/4584\/revisions"}],"predecessor-version":[{"id":12902,"href":"https:\/\/www.blecha.at\/hu\/wp-json\/wp\/v2\/pages\/4584\/revisions\/12902"}],"wp:attachment":[{"href":"https:\/\/www.blecha.at\/hu\/wp-json\/wp\/v2\/media?parent=4584"}],"curies":[{"name":"wp","href":"https:\/\/api.w.org\/{rel}","templated":true}]}}