{"id":4788,"date":"2021-01-22T21:59:01","date_gmt":"2021-01-22T20:59:01","guid":{"rendered":"https:\/\/www.blecha.at\/szolgaltatasok\/legierungen\/"},"modified":"2021-12-15T10:54:26","modified_gmt":"2021-12-15T09:54:26","slug":"otvozetek","status":"publish","type":"page","link":"https:\/\/www.blecha.at\/hu\/szolgaltatasok\/otvozetek\/","title":{"rendered":"\u00d6tv\u00f6zetek"},"content":{"rendered":"\n<section id=\"sectionTwo\" class=\"mt-lg-n11 py-8 py-md-11 px-lg-9 border-left border-right border-right-lg-none bg-white\">\n\n\n<div class=\"wp-bootstrap-blocks-container container-fluid mb-0\">\n\t\n<div class=\"wp-bootstrap-blocks-row row mx-auto\">\n\t\n\n<div class=\"col-12 col-md-10\">\n\t\t\t\n\n<h2 class=\"text-secondary scroll-fade-bottom-up visibility-hidden wp-block-heading\">A vegyes k\u00edn\u00e1lat.<\/h2>\n\n\n\n<p>Nagyon k\u00fcl\u00f6nb\u00f6z\u0151 tulajdons\u00e1gokkal b\u00edrnak az alum\u00ednium \u00f6tv\u00f6zetek. A helyes anyag\u00f6sszet\u00e9tel megtal\u00e1l\u00e1s\u00e1ban rejlik az igazi egyedis\u00e9g, hogy melyik anyagot, milyen c\u00e9lra \u00e9rdemes v\u00e1lasztani. Ha ehhez seg\u00edts\u00e9gre lenne sz\u00fcks\u00e9ge, pedig b\u00e1tran vegye fel irod\u00e1nkkal a kapcsolatot. A BLECHA-rakt\u00e1ri programban megtal\u00e1lhat\u00f3 alum\u00ednium \u00f6tv\u00f6zet sokas\u00e1g\u00e1nak k\u00f6sz\u00f6nhet\u0151en biztosan \u00d6nnek is megtal\u00e1ljuk a legoptim\u00e1lisabb megold\u00e1st. Term\u00e9szetesen sz\u00edvesen fogadjuk, ha egyedi ig\u00e9nyekkel keresnek meg minket \u00fcgyfeleink. Ennek pedig a legegyszer\u0171bb m\u00f3dja a kapcsolatfelv\u00e9teli \u0171rlap kit\u00f6lt\u00e9se. Ezt k\u00f6vet\u0151en pedig szak\u00e9rt\u0151 csapatunk tov\u00e1bb seg\u00edti \u00d6n\u00f6ket a v\u00e1laszt\u00e1sban.<\/p>\n\n\n\n<p><\/p>\n\n\t<\/div>\n\n<\/div>\n\n<\/div>\n\n\n\n<\/section>\n\n\n\n<section data-jarallax=\"\" data-speed=\".8\" class=\"py-12 py-md-13 overlay overlay-black overlay-40 bg-cover jarallax\" style=\"background-image: url(\/wp-content\/uploads\/2021\/01\/blecha-aluminium-profile.jpg);\">\n  <div class=\"container\">\n    <div class=\"row mx-auto\">\n      <div class=\"col-12 col-md-10\">\n        <!-- Blockquote -->\n        <blockquote class=\"blockquote mb-0\"> \n          \n          <!-- Text -->\n          <p class=\"h2 text-white text-left font-regular scroll-fade-bottom-up visibility-hidden\">A BLECHA lehet\u0151v\u00e9 teszi. Megmutatjuk, hogy a profilok milyen anyag\u00f6sszet\u00e9telben \u00e9rhet\u0151ek el.<\/p>\n\n\n\n<div class=\"wp-block-file btn btn-secondary mt-4 scroll-fade-bottom-up visibility-hidden\"><a href=\"https:\/\/www.blecha.at\/wp-content\/uploads\/2021\/03\/Umschlag-Katalog-2021_DE_EN.pdf\">Anyag\u00f6sszet\u00e9telek t\u00e1bl\u00e1zata<\/a><\/div>\n\n\n\n<\/blockquote>\n      <\/div>\n    <\/div>\n  <\/div>\n<\/section>\n","protected":false},"excerpt":{"rendered":"A BLECHA lehet\u0151v\u00e9 teszi. Megmutatjuk, hogy a profilok milyen anyag\u00f6sszet\u00e9telben \u00e9rhet\u0151ek el.","protected":false},"author":2,"featured_media":4790,"parent":4584,"menu_order":0,"comment_status":"closed","ping_status":"closed","template":"page-leistungen.php","meta":{"_acf_changed":false,"footnotes":""},"class_list":["post-4788","page","type-page","status-publish","has-post-thumbnail","hentry"],"acf":[],"yoast_head":"<!-- This site is optimized with the Yoast SEO plugin v27.3 - https:\/\/yoast.com\/product\/yoast-seo-wordpress\/ -->\n<title>\u00d6tv\u00f6zetek | BLECHA<\/title>\n<meta name=\"description\" content=\"Nagyon k\u00fcl\u00f6nb\u00f6z\u0151 tulajdons\u00e1gokkal b\u00edrnak az alum\u00ednium \u00f6tv\u00f6zetek. A helyes anyag\u00f6sszet\u00e9tel megtal\u00e1l\u00e1s\u00e1ban rejlik az igazi egyedis\u00e9g, hogy melyik anyagot, milyen c\u00e9lra \u00e9rdemes v\u00e1lasztani. Ha ehhez seg\u00edts\u00e9gre lenne sz\u00fcks\u00e9ge, pedig b\u00e1tran vegye fel irod\u00e1nkkal a kapcsolatot.\" \/>\n<meta name=\"robots\" content=\"index, follow, max-snippet:-1, max-image-preview:large, max-video-preview:-1\" \/>\n<link rel=\"canonical\" href=\"https:\/\/www.blecha.at\/hu\/szolgaltatasok\/otvozetek\/\" \/>\n<meta property=\"og:locale\" content=\"hu_HU\" \/>\n<meta property=\"og:type\" content=\"article\" \/>\n<meta property=\"og:title\" content=\"\u00d6tv\u00f6zetek | BLECHA\" \/>\n<meta property=\"og:description\" content=\"Nagyon k\u00fcl\u00f6nb\u00f6z\u0151 tulajdons\u00e1gokkal b\u00edrnak az alum\u00ednium \u00f6tv\u00f6zetek. A helyes anyag\u00f6sszet\u00e9tel megtal\u00e1l\u00e1s\u00e1ban rejlik az igazi egyedis\u00e9g, hogy melyik anyagot, milyen c\u00e9lra \u00e9rdemes v\u00e1lasztani. Ha ehhez seg\u00edts\u00e9gre lenne sz\u00fcks\u00e9ge, pedig b\u00e1tran vegye fel irod\u00e1nkkal a kapcsolatot.\" \/>\n<meta property=\"og:url\" content=\"https:\/\/www.blecha.at\/hu\/szolgaltatasok\/otvozetek\/\" \/>\n<meta property=\"og:site_name\" content=\"BLECHA\" \/>\n<meta property=\"article:modified_time\" content=\"2021-12-15T09:54:26+00:00\" \/>\n<meta property=\"og:image\" content=\"https:\/\/www.blecha.at\/wp-content\/uploads\/2021\/03\/blecha-legierungen-1-thumbnail.jpg\" \/>\n\t<meta property=\"og:image:width\" content=\"1600\" \/>\n\t<meta property=\"og:image:height\" content=\"1600\" \/>\n\t<meta property=\"og:image:type\" content=\"image\/jpeg\" \/>\n<meta name=\"twitter:card\" content=\"summary_large_image\" \/>\n<meta name=\"twitter:label1\" content=\"Becs\u00fclt olvas\u00e1si id\u0151\" \/>\n\t<meta name=\"twitter:data1\" content=\"1 perc\" \/>\n<script type=\"application\/ld+json\" class=\"yoast-schema-graph\">{\"@context\":\"https:\\\/\\\/schema.org\",\"@graph\":[{\"@type\":\"WebPage\",\"@id\":\"https:\\\/\\\/www.blecha.at\\\/hu\\\/szolgaltatasok\\\/otvozetek\\\/\",\"url\":\"https:\\\/\\\/www.blecha.at\\\/hu\\\/szolgaltatasok\\\/otvozetek\\\/\",\"name\":\"\u00d6tv\u00f6zetek | BLECHA\",\"isPartOf\":{\"@id\":\"https:\\\/\\\/www.blecha.at\\\/#website\"},\"primaryImageOfPage\":{\"@id\":\"https:\\\/\\\/www.blecha.at\\\/hu\\\/szolgaltatasok\\\/otvozetek\\\/#primaryimage\"},\"image\":{\"@id\":\"https:\\\/\\\/www.blecha.at\\\/hu\\\/szolgaltatasok\\\/otvozetek\\\/#primaryimage\"},\"thumbnailUrl\":\"https:\\\/\\\/www.blecha.at\\\/wp-content\\\/uploads\\\/2021\\\/03\\\/blecha-legierungen-1-thumbnail.jpg\",\"datePublished\":\"2021-01-22T20:59:01+00:00\",\"dateModified\":\"2021-12-15T09:54:26+00:00\",\"description\":\"Nagyon k\u00fcl\u00f6nb\u00f6z\u0151 tulajdons\u00e1gokkal b\u00edrnak az alum\u00ednium \u00f6tv\u00f6zetek. A helyes anyag\u00f6sszet\u00e9tel megtal\u00e1l\u00e1s\u00e1ban rejlik az igazi egyedis\u00e9g, hogy melyik anyagot, milyen c\u00e9lra \u00e9rdemes v\u00e1lasztani. Ha ehhez seg\u00edts\u00e9gre lenne sz\u00fcks\u00e9ge, pedig b\u00e1tran vegye fel irod\u00e1nkkal a kapcsolatot.\",\"breadcrumb\":{\"@id\":\"https:\\\/\\\/www.blecha.at\\\/hu\\\/szolgaltatasok\\\/otvozetek\\\/#breadcrumb\"},\"inLanguage\":\"hu\",\"potentialAction\":[{\"@type\":\"ReadAction\",\"target\":[\"https:\\\/\\\/www.blecha.at\\\/hu\\\/szolgaltatasok\\\/otvozetek\\\/\"]}]},{\"@type\":\"ImageObject\",\"inLanguage\":\"hu\",\"@id\":\"https:\\\/\\\/www.blecha.at\\\/hu\\\/szolgaltatasok\\\/otvozetek\\\/#primaryimage\",\"url\":\"https:\\\/\\\/www.blecha.at\\\/wp-content\\\/uploads\\\/2021\\\/03\\\/blecha-legierungen-1-thumbnail.jpg\",\"contentUrl\":\"https:\\\/\\\/www.blecha.at\\\/wp-content\\\/uploads\\\/2021\\\/03\\\/blecha-legierungen-1-thumbnail.jpg\",\"width\":1600,\"height\":1600},{\"@type\":\"BreadcrumbList\",\"@id\":\"https:\\\/\\\/www.blecha.at\\\/hu\\\/szolgaltatasok\\\/otvozetek\\\/#breadcrumb\",\"itemListElement\":[{\"@type\":\"ListItem\",\"position\":1,\"name\":\"Home\",\"item\":\"https:\\\/\\\/www.blecha.at\\\/hu\\\/\"},{\"@type\":\"ListItem\",\"position\":2,\"name\":\"Szolg\u00e1ltat\u00e1sok\",\"item\":\"https:\\\/\\\/www.blecha.at\\\/hu\\\/szolgaltatasok\\\/\"},{\"@type\":\"ListItem\",\"position\":3,\"name\":\"\u00d6tv\u00f6zetek\"}]},{\"@type\":\"WebSite\",\"@id\":\"https:\\\/\\\/www.blecha.at\\\/#website\",\"url\":\"https:\\\/\\\/www.blecha.at\\\/\",\"name\":\"BLECHA\",\"description\":\"Eine weitere WordPress-Website\",\"potentialAction\":[{\"@type\":\"SearchAction\",\"target\":{\"@type\":\"EntryPoint\",\"urlTemplate\":\"https:\\\/\\\/www.blecha.at\\\/?s={search_term_string}\"},\"query-input\":{\"@type\":\"PropertyValueSpecification\",\"valueRequired\":true,\"valueName\":\"search_term_string\"}}],\"inLanguage\":\"hu\"}]}<\/script>\n<!-- \/ Yoast SEO plugin. -->","yoast_head_json":{"title":"\u00d6tv\u00f6zetek | BLECHA","description":"Nagyon k\u00fcl\u00f6nb\u00f6z\u0151 tulajdons\u00e1gokkal b\u00edrnak az alum\u00ednium \u00f6tv\u00f6zetek. A helyes anyag\u00f6sszet\u00e9tel megtal\u00e1l\u00e1s\u00e1ban rejlik az igazi egyedis\u00e9g, hogy melyik anyagot, milyen c\u00e9lra \u00e9rdemes v\u00e1lasztani. Ha ehhez seg\u00edts\u00e9gre lenne sz\u00fcks\u00e9ge, pedig b\u00e1tran vegye fel irod\u00e1nkkal a kapcsolatot.","robots":{"index":"index","follow":"follow","max-snippet":"max-snippet:-1","max-image-preview":"max-image-preview:large","max-video-preview":"max-video-preview:-1"},"canonical":"https:\/\/www.blecha.at\/hu\/szolgaltatasok\/otvozetek\/","og_locale":"hu_HU","og_type":"article","og_title":"\u00d6tv\u00f6zetek | BLECHA","og_description":"Nagyon k\u00fcl\u00f6nb\u00f6z\u0151 tulajdons\u00e1gokkal b\u00edrnak az alum\u00ednium \u00f6tv\u00f6zetek. A helyes anyag\u00f6sszet\u00e9tel megtal\u00e1l\u00e1s\u00e1ban rejlik az igazi egyedis\u00e9g, hogy melyik anyagot, milyen c\u00e9lra \u00e9rdemes v\u00e1lasztani. Ha ehhez seg\u00edts\u00e9gre lenne sz\u00fcks\u00e9ge, pedig b\u00e1tran vegye fel irod\u00e1nkkal a kapcsolatot.","og_url":"https:\/\/www.blecha.at\/hu\/szolgaltatasok\/otvozetek\/","og_site_name":"BLECHA","article_modified_time":"2021-12-15T09:54:26+00:00","og_image":[{"width":1600,"height":1600,"url":"https:\/\/www.blecha.at\/wp-content\/uploads\/2021\/03\/blecha-legierungen-1-thumbnail.jpg","type":"image\/jpeg"}],"twitter_card":"summary_large_image","twitter_misc":{"Becs\u00fclt olvas\u00e1si id\u0151":"1 perc"},"schema":{"@context":"https:\/\/schema.org","@graph":[{"@type":"WebPage","@id":"https:\/\/www.blecha.at\/hu\/szolgaltatasok\/otvozetek\/","url":"https:\/\/www.blecha.at\/hu\/szolgaltatasok\/otvozetek\/","name":"\u00d6tv\u00f6zetek | BLECHA","isPartOf":{"@id":"https:\/\/www.blecha.at\/#website"},"primaryImageOfPage":{"@id":"https:\/\/www.blecha.at\/hu\/szolgaltatasok\/otvozetek\/#primaryimage"},"image":{"@id":"https:\/\/www.blecha.at\/hu\/szolgaltatasok\/otvozetek\/#primaryimage"},"thumbnailUrl":"https:\/\/www.blecha.at\/wp-content\/uploads\/2021\/03\/blecha-legierungen-1-thumbnail.jpg","datePublished":"2021-01-22T20:59:01+00:00","dateModified":"2021-12-15T09:54:26+00:00","description":"Nagyon k\u00fcl\u00f6nb\u00f6z\u0151 tulajdons\u00e1gokkal b\u00edrnak az alum\u00ednium \u00f6tv\u00f6zetek. A helyes anyag\u00f6sszet\u00e9tel megtal\u00e1l\u00e1s\u00e1ban rejlik az igazi egyedis\u00e9g, hogy melyik anyagot, milyen c\u00e9lra \u00e9rdemes v\u00e1lasztani. Ha ehhez seg\u00edts\u00e9gre lenne sz\u00fcks\u00e9ge, pedig b\u00e1tran vegye fel irod\u00e1nkkal a kapcsolatot.","breadcrumb":{"@id":"https:\/\/www.blecha.at\/hu\/szolgaltatasok\/otvozetek\/#breadcrumb"},"inLanguage":"hu","potentialAction":[{"@type":"ReadAction","target":["https:\/\/www.blecha.at\/hu\/szolgaltatasok\/otvozetek\/"]}]},{"@type":"ImageObject","inLanguage":"hu","@id":"https:\/\/www.blecha.at\/hu\/szolgaltatasok\/otvozetek\/#primaryimage","url":"https:\/\/www.blecha.at\/wp-content\/uploads\/2021\/03\/blecha-legierungen-1-thumbnail.jpg","contentUrl":"https:\/\/www.blecha.at\/wp-content\/uploads\/2021\/03\/blecha-legierungen-1-thumbnail.jpg","width":1600,"height":1600},{"@type":"BreadcrumbList","@id":"https:\/\/www.blecha.at\/hu\/szolgaltatasok\/otvozetek\/#breadcrumb","itemListElement":[{"@type":"ListItem","position":1,"name":"Home","item":"https:\/\/www.blecha.at\/hu\/"},{"@type":"ListItem","position":2,"name":"Szolg\u00e1ltat\u00e1sok","item":"https:\/\/www.blecha.at\/hu\/szolgaltatasok\/"},{"@type":"ListItem","position":3,"name":"\u00d6tv\u00f6zetek"}]},{"@type":"WebSite","@id":"https:\/\/www.blecha.at\/#website","url":"https:\/\/www.blecha.at\/","name":"BLECHA","description":"Eine weitere WordPress-Website","potentialAction":[{"@type":"SearchAction","target":{"@type":"EntryPoint","urlTemplate":"https:\/\/www.blecha.at\/?s={search_term_string}"},"query-input":{"@type":"PropertyValueSpecification","valueRequired":true,"valueName":"search_term_string"}}],"inLanguage":"hu"}]}},"_links":{"self":[{"href":"https:\/\/www.blecha.at\/hu\/wp-json\/wp\/v2\/pages\/4788","targetHints":{"allow":["GET"]}}],"collection":[{"href":"https:\/\/www.blecha.at\/hu\/wp-json\/wp\/v2\/pages"}],"about":[{"href":"https:\/\/www.blecha.at\/hu\/wp-json\/wp\/v2\/types\/page"}],"author":[{"embeddable":true,"href":"https:\/\/www.blecha.at\/hu\/wp-json\/wp\/v2\/users\/2"}],"replies":[{"embeddable":true,"href":"https:\/\/www.blecha.at\/hu\/wp-json\/wp\/v2\/comments?post=4788"}],"version-history":[{"count":4,"href":"https:\/\/www.blecha.at\/hu\/wp-json\/wp\/v2\/pages\/4788\/revisions"}],"predecessor-version":[{"id":12839,"href":"https:\/\/www.blecha.at\/hu\/wp-json\/wp\/v2\/pages\/4788\/revisions\/12839"}],"up":[{"embeddable":true,"href":"https:\/\/www.blecha.at\/hu\/wp-json\/wp\/v2\/pages\/4584"}],"wp:featuredmedia":[{"embeddable":true,"href":"https:\/\/www.blecha.at\/hu\/wp-json\/wp\/v2\/media\/4790"}],"wp:attachment":[{"href":"https:\/\/www.blecha.at\/hu\/wp-json\/wp\/v2\/media?parent=4788"}],"curies":[{"name":"wp","href":"https:\/\/api.w.org\/{rel}","templated":true}]}}