{"id":4904,"date":"2021-01-22T16:35:16","date_gmt":"2021-01-22T15:35:16","guid":{"rendered":"https:\/\/www.blecha.at\/szolgaltatasok\/oberflaechenveredelung\/"},"modified":"2021-12-20T15:49:25","modified_gmt":"2021-12-20T14:49:25","slug":"feluletkezeles","status":"publish","type":"page","link":"https:\/\/www.blecha.at\/hu\/szolgaltatasok\/feluletkezeles\/","title":{"rendered":"Elox\u00e1l\u00e1s \u00e9s porfest\u00e9s mint fel\u00fcletkezel\u00e9s"},"content":{"rendered":"\n<section id=\"sectionTwo\" class=\"mt-lg-n11 py-8 py-md-11 px-lg-9 border-left border-right border-right-lg-none bg-white\">\n\n\n<div class=\"wp-bootstrap-blocks-container container-fluid mb-0\">\n\t\n<div class=\"wp-bootstrap-blocks-row row mx-auto\">\n\t\n\n<div class=\"col-12 col-md-10\">\n\t\t\t\n\n<h2 class=\"text-secondary scroll-fade-bottom-up visibility-hidden wp-block-heading\">Megsz\u00e9p\u00edt.<\/h2>\n\n\n\n<p class=\"mb-7 mb-md-7 scroll-fade-bottom-up visibility-hidden\">A fel\u00fcletkezel\u00e9ssel egy eszt\u00e9tikailag szebb megjelen\u00e9s \u00e9rhet\u0151 el. B\u00e1tran keressen minket ha tan\u00e1csad\u00e1sra lenne sz\u00fcks\u00e9ge vagy k\u00e9rd\u00e9se lenne a fel\u00fcletkezel\u00e9s lehet\u0151s\u00e9geir\u0151l.<\/p>\n\n\t<\/div>\n\n\n\n<div class=\"col-12\">\n\t\t\t\n\n<h4 class=\"scroll-fade-bottom-up visibility-hidden wp-block-heading\">Egyei fel\u00fcletkezel\u00e9sek<\/h4>\n\n\n\n<hr class=\"wp-block-separator is-style-wide my-5\"\/>\n\n\n<div class=\"wp-bootstrap-blocks-row row\">\n\t\n\n<div class=\"col-12 col-md-4\">\n\t\t\t\n\n<div class=\"d-flex text-left scroll-fade-bottom-up visibility-hidden\">\n<div class=\"badge badge-rounded-circle badge-primary-soft mt-1 mr-4\">\n<i class=\"fe fe-check\"><\/i>\n<\/div><p class=\"text-primary\">elox\u00e1l\u00e1s<\/p><\/div>\n\n\t<\/div>\n\n\n\n<div class=\"col-12 col-md-4\">\n\t\t\t\n\n<div class=\"d-flex text-left scroll-fade-bottom-up visibility-hidden\">\n<div class=\"badge badge-rounded-circle badge-primary-soft mt-1 mr-4\">\n<i class=\"fe fe-check\"><\/i>\n<\/div><p class=\"text-primary\">porfest\u00e9s<\/p><\/div>\n\n\t<\/div>\n\n\n\n<div class=\"col-12 col-md-4\">\n\t\t\t\n\n<div class=\"d-flex text-left scroll-fade-bottom-up visibility-hidden\">\n<div class=\"badge badge-rounded-circle badge-primary-soft mt-1 mr-4\">\n<i class=\"fe fe-check\"><\/i>\n<\/div><p class=\"text-primary\">egyedi fel\u00fcletek ( famint\u00e1zat alum\u00ednium ker\u00edt\u00e9s \u00e9s balkon\u00e9p\u00edt\u00e9shez)<\/p><\/div>\n\n\t<\/div>\n\n<\/div>\n\n\t<\/div>\n\n<\/div>\n\n<\/div>\n\n\n\n<\/section>\n\n\n\n<section data-jarallax=\"\" data-speed=\".8\" class=\"py-12 py-md-13 overlay overlay-black overlay-40 bg-cover jarallax\" style=\"background-image: url(\/wp-content\/uploads\/2021\/08\/blecha-oberflaechenveredelung-2.jpg);\">\n  <div class=\"container\">\n    <div class=\"row mx-auto\">\n      <div class=\"col-12 col-md-10\"> \n        \n        <!-- Blockquote -->\n        <blockquote class=\"blockquote mb-0\"> \n          \n          <!-- Text -->\n          <p class=\"h2 text-white text-left font-regular scroll-fade-bottom-up visibility-hidden\">&#8222;A fel\u00fcletkezel\u00e9si elj\u00e1r\u00e1sokat kiz\u00e1r\u00f3lag hossz\u00fat\u00e1v\u00fa \u00e9s megb\u00edzhat\u00f3 partnereinkre b\u00edzzuk.&#8221;<\/p>\n          \n          <!-- Footer -->\n          <footer class=\"blockquote-footer text-white-50 mb-0 scroll-fade-bottom-up visibility-hidden\">BLECHA<\/footer>\n        <\/blockquote>\n      <\/div>\n    <\/div>\n  <\/div>\n<\/section>\n\n\n\n<section class=\"py-8 py-md-11 px-lg-9 border-left border-right border-right-lg-none bg-white\">\n\n\n<div class=\"wp-bootstrap-blocks-container container-fluid mb-0\">\n\t\n<div class=\"wp-bootstrap-blocks-row row mx-auto\">\n\t\n\n<div class=\"col-12 col-md-10\">\n\t\t\t\n\n<h2 class=\"text-secondary scroll-fade-bottom-up visibility-hidden wp-block-heading\">Rakt\u00e1ri elox\u00e1lt \u00e9s festett term\u00e9kek<\/h2>\n\n\n\n<p class=\"mb-7 mb-md-7 scroll-fade-bottom-up visibility-hidden\">K\u00fcl\u00f6nb\u00f6z\u0151 m\u00e9ret\u0171 U- \u00e9s L-profilok fel\u00fcletkezelve, rakt\u00e1rr\u00f3l el\u00e9rhet\u0151ek:<\/p>\n\n\n<div class=\"wp-bootstrap-blocks-row row\">\n\t\n\n<div class=\"col-12 col-md-4\">\n\t\t\t\n\n<div class=\"d-flex text-left scroll-fade-bottom-up visibility-hidden\">\n<div class=\"badge badge-rounded-circle badge-primary-soft mt-1 mr-4\">\n<i class=\"fe fe-check\"><\/i>\n<\/div><p class=\"text-primary\">elox\u00e1lt L-profil A6\/C0<\/p><\/div>\n\n\t<\/div>\n\n\n\n<div class=\"col-12 col-md-4\">\n\t\t\t\n\n<div class=\"d-flex text-left scroll-fade-bottom-up visibility-hidden\">\n<div class=\"badge badge-rounded-circle badge-primary-soft mt-1 mr-4\">\n<i class=\"fe fe-check\"><\/i>\n<\/div><p class=\"text-primary\">nemesac\u00e9l hat\u00e1s\u00fa elox\u00e1lt L-profil<\/p><\/div>\n\n\t<\/div>\n\n\n\n<div class=\"col-12 col-md-4\">\n\t\t\t\n\n<div class=\"d-flex text-left scroll-fade-bottom-up visibility-hidden\">\n<div class=\"badge badge-rounded-circle badge-primary-soft mt-1 mr-4\">\n<i class=\"fe fe-check\"><\/i>\n<\/div><p class=\"text-primary\">RAL 9010 porfestett L-profil<\/p><\/div>\n\n\t<\/div>\n\n\n\n<div class=\"col-12 col-md-4\">\n\t\t\t\n\n<div class=\"d-flex text-left scroll-fade-bottom-up visibility-hidden\">\n<div class=\"badge badge-rounded-circle badge-primary-soft mt-1 mr-4\">\n<i class=\"fe fe-check\"><\/i>\n<\/div><p class=\"text-primary\">elox\u00e1lt U-profil A6\/C0<\/p><\/div>\n\n\t<\/div>\n\n\n\n<div class=\"col-12 col-md-4\">\n\t\t\t\n\n<div class=\"d-flex text-left scroll-fade-bottom-up visibility-hidden\">\n<div class=\"badge badge-rounded-circle badge-primary-soft mt-1 mr-4\">\n<i class=\"fe fe-check\"><\/i>\n<\/div><p class=\"text-primary\">nemesac\u00e9l hat\u00e1s\u00fa elox\u00e1lt U-profil<\/p><\/div>\n\n\t<\/div>\n\n\n\n<div class=\"col-12 col-md-4\">\n\t\t\t\n\n<div class=\"d-flex text-left scroll-fade-bottom-up visibility-hidden\">\n<div class=\"badge badge-rounded-circle badge-primary-soft mt-1 mr-4\">\n<i class=\"fe fe-check\"><\/i>\n<\/div><p class=\"text-primary\">RAL 9010 porfestett U-profil<\/p><\/div>\n\n\t<\/div>\n\n\n\n<div class=\"col-12 col-md-4\">\n\t\t\t\n\n<div class=\"d-flex text-left scroll-fade-bottom-up visibility-hidden\">\n<div class=\"badge badge-rounded-circle badge-primary-soft mt-1 mr-4\">\n<i class=\"fe fe-check\"><\/i>\n<\/div><p class=\"text-primary\">f\u00e9nyes elox\u00e1lt U-profil E8\/C0 ( magasf\u00e9ny\u0171)<\/p><\/div>\n\n\t<\/div>\n\n<\/div>\n\n\t<\/div>\n\n<\/div>\n\n<\/div>\n\n\n\n<\/section>\n","protected":false},"excerpt":{"rendered":"&#8222;A fel\u00fcletkezel\u00e9si elj\u00e1r\u00e1sokat kiz\u00e1r\u00f3lag hossz\u00fat\u00e1v\u00fa \u00e9s megb\u00edzhat\u00f3 partnereinkre b\u00edzzuk.&#8221; BLECHA","protected":false},"author":2,"featured_media":4906,"parent":4584,"menu_order":0,"comment_status":"closed","ping_status":"closed","template":"page-leistungen.php","meta":{"_acf_changed":false,"footnotes":""},"class_list":["post-4904","page","type-page","status-publish","has-post-thumbnail","hentry"],"acf":[],"yoast_head":"<!-- This site is optimized with the Yoast SEO plugin v27.3 - https:\/\/yoast.com\/product\/yoast-seo-wordpress\/ -->\n<title>Elox\u00e1l\u00e1s \u00e9s porfest\u00e9s mint fel\u00fcletkezel\u00e9s | BLECHA<\/title>\n<meta name=\"description\" content=\"Elox\u00e1l\u00e1s \u00e9s porfest\u00e9s mellett ker\u00edt\u00e9s- \u00e9s balkon\u00e9p\u00edt\u00e9sn\u00e9l egyre n\u00e9pszer\u0171bb famint\u00e1zat\u00fa fel\u00fcletre is tudunk aj\u00e1nlatot tenni.\" \/>\n<meta name=\"robots\" content=\"index, follow, max-snippet:-1, max-image-preview:large, max-video-preview:-1\" \/>\n<link rel=\"canonical\" href=\"https:\/\/www.blecha.at\/hu\/szolgaltatasok\/feluletkezeles\/\" \/>\n<meta property=\"og:locale\" content=\"hu_HU\" \/>\n<meta property=\"og:type\" content=\"article\" \/>\n<meta property=\"og:title\" content=\"Elox\u00e1l\u00e1s \u00e9s porfest\u00e9s mint fel\u00fcletkezel\u00e9s | BLECHA\" \/>\n<meta property=\"og:description\" content=\"Elox\u00e1l\u00e1s \u00e9s porfest\u00e9s mellett ker\u00edt\u00e9s- \u00e9s balkon\u00e9p\u00edt\u00e9sn\u00e9l egyre n\u00e9pszer\u0171bb famint\u00e1zat\u00fa fel\u00fcletre is tudunk aj\u00e1nlatot tenni.\" \/>\n<meta property=\"og:url\" content=\"https:\/\/www.blecha.at\/hu\/szolgaltatasok\/feluletkezeles\/\" \/>\n<meta property=\"og:site_name\" content=\"BLECHA\" \/>\n<meta property=\"article:modified_time\" content=\"2021-12-20T14:49:25+00:00\" \/>\n<meta property=\"og:image\" content=\"https:\/\/www.blecha.at\/wp-content\/uploads\/2021\/09\/blecha-oberflaechenveredelung-thumbnail.jpg\" \/>\n\t<meta property=\"og:image:width\" content=\"1600\" \/>\n\t<meta property=\"og:image:height\" content=\"1600\" \/>\n\t<meta property=\"og:image:type\" content=\"image\/jpeg\" \/>\n<meta name=\"twitter:card\" content=\"summary_large_image\" \/>\n<meta name=\"twitter:label1\" content=\"Becs\u00fclt olvas\u00e1si id\u0151\" \/>\n\t<meta name=\"twitter:data1\" content=\"1 perc\" \/>\n<script type=\"application\/ld+json\" class=\"yoast-schema-graph\">{\"@context\":\"https:\\\/\\\/schema.org\",\"@graph\":[{\"@type\":\"WebPage\",\"@id\":\"https:\\\/\\\/www.blecha.at\\\/hu\\\/szolgaltatasok\\\/feluletkezeles\\\/\",\"url\":\"https:\\\/\\\/www.blecha.at\\\/hu\\\/szolgaltatasok\\\/feluletkezeles\\\/\",\"name\":\"Elox\u00e1l\u00e1s \u00e9s porfest\u00e9s mint fel\u00fcletkezel\u00e9s | BLECHA\",\"isPartOf\":{\"@id\":\"https:\\\/\\\/www.blecha.at\\\/#website\"},\"primaryImageOfPage\":{\"@id\":\"https:\\\/\\\/www.blecha.at\\\/hu\\\/szolgaltatasok\\\/feluletkezeles\\\/#primaryimage\"},\"image\":{\"@id\":\"https:\\\/\\\/www.blecha.at\\\/hu\\\/szolgaltatasok\\\/feluletkezeles\\\/#primaryimage\"},\"thumbnailUrl\":\"https:\\\/\\\/www.blecha.at\\\/wp-content\\\/uploads\\\/2021\\\/09\\\/blecha-oberflaechenveredelung-thumbnail.jpg\",\"datePublished\":\"2021-01-22T15:35:16+00:00\",\"dateModified\":\"2021-12-20T14:49:25+00:00\",\"description\":\"Elox\u00e1l\u00e1s \u00e9s porfest\u00e9s mellett ker\u00edt\u00e9s- \u00e9s balkon\u00e9p\u00edt\u00e9sn\u00e9l egyre n\u00e9pszer\u0171bb famint\u00e1zat\u00fa fel\u00fcletre is tudunk aj\u00e1nlatot tenni.\",\"breadcrumb\":{\"@id\":\"https:\\\/\\\/www.blecha.at\\\/hu\\\/szolgaltatasok\\\/feluletkezeles\\\/#breadcrumb\"},\"inLanguage\":\"hu\",\"potentialAction\":[{\"@type\":\"ReadAction\",\"target\":[\"https:\\\/\\\/www.blecha.at\\\/hu\\\/szolgaltatasok\\\/feluletkezeles\\\/\"]}]},{\"@type\":\"ImageObject\",\"inLanguage\":\"hu\",\"@id\":\"https:\\\/\\\/www.blecha.at\\\/hu\\\/szolgaltatasok\\\/feluletkezeles\\\/#primaryimage\",\"url\":\"https:\\\/\\\/www.blecha.at\\\/wp-content\\\/uploads\\\/2021\\\/09\\\/blecha-oberflaechenveredelung-thumbnail.jpg\",\"contentUrl\":\"https:\\\/\\\/www.blecha.at\\\/wp-content\\\/uploads\\\/2021\\\/09\\\/blecha-oberflaechenveredelung-thumbnail.jpg\",\"width\":1600,\"height\":1600},{\"@type\":\"BreadcrumbList\",\"@id\":\"https:\\\/\\\/www.blecha.at\\\/hu\\\/szolgaltatasok\\\/feluletkezeles\\\/#breadcrumb\",\"itemListElement\":[{\"@type\":\"ListItem\",\"position\":1,\"name\":\"Home\",\"item\":\"https:\\\/\\\/www.blecha.at\\\/hu\\\/\"},{\"@type\":\"ListItem\",\"position\":2,\"name\":\"Szolg\u00e1ltat\u00e1sok\",\"item\":\"https:\\\/\\\/www.blecha.at\\\/hu\\\/szolgaltatasok\\\/\"},{\"@type\":\"ListItem\",\"position\":3,\"name\":\"Elox\u00e1l\u00e1s \u00e9s porfest\u00e9s mint fel\u00fcletkezel\u00e9s\"}]},{\"@type\":\"WebSite\",\"@id\":\"https:\\\/\\\/www.blecha.at\\\/#website\",\"url\":\"https:\\\/\\\/www.blecha.at\\\/\",\"name\":\"BLECHA\",\"description\":\"Eine weitere WordPress-Website\",\"potentialAction\":[{\"@type\":\"SearchAction\",\"target\":{\"@type\":\"EntryPoint\",\"urlTemplate\":\"https:\\\/\\\/www.blecha.at\\\/?s={search_term_string}\"},\"query-input\":{\"@type\":\"PropertyValueSpecification\",\"valueRequired\":true,\"valueName\":\"search_term_string\"}}],\"inLanguage\":\"hu\"}]}<\/script>\n<!-- \/ Yoast SEO plugin. -->","yoast_head_json":{"title":"Elox\u00e1l\u00e1s \u00e9s porfest\u00e9s mint fel\u00fcletkezel\u00e9s | BLECHA","description":"Elox\u00e1l\u00e1s \u00e9s porfest\u00e9s mellett ker\u00edt\u00e9s- \u00e9s balkon\u00e9p\u00edt\u00e9sn\u00e9l egyre n\u00e9pszer\u0171bb famint\u00e1zat\u00fa fel\u00fcletre is tudunk aj\u00e1nlatot tenni.","robots":{"index":"index","follow":"follow","max-snippet":"max-snippet:-1","max-image-preview":"max-image-preview:large","max-video-preview":"max-video-preview:-1"},"canonical":"https:\/\/www.blecha.at\/hu\/szolgaltatasok\/feluletkezeles\/","og_locale":"hu_HU","og_type":"article","og_title":"Elox\u00e1l\u00e1s \u00e9s porfest\u00e9s mint fel\u00fcletkezel\u00e9s | BLECHA","og_description":"Elox\u00e1l\u00e1s \u00e9s porfest\u00e9s mellett ker\u00edt\u00e9s- \u00e9s balkon\u00e9p\u00edt\u00e9sn\u00e9l egyre n\u00e9pszer\u0171bb famint\u00e1zat\u00fa fel\u00fcletre is tudunk aj\u00e1nlatot tenni.","og_url":"https:\/\/www.blecha.at\/hu\/szolgaltatasok\/feluletkezeles\/","og_site_name":"BLECHA","article_modified_time":"2021-12-20T14:49:25+00:00","og_image":[{"width":1600,"height":1600,"url":"https:\/\/www.blecha.at\/wp-content\/uploads\/2021\/09\/blecha-oberflaechenveredelung-thumbnail.jpg","type":"image\/jpeg"}],"twitter_card":"summary_large_image","twitter_misc":{"Becs\u00fclt olvas\u00e1si id\u0151":"1 perc"},"schema":{"@context":"https:\/\/schema.org","@graph":[{"@type":"WebPage","@id":"https:\/\/www.blecha.at\/hu\/szolgaltatasok\/feluletkezeles\/","url":"https:\/\/www.blecha.at\/hu\/szolgaltatasok\/feluletkezeles\/","name":"Elox\u00e1l\u00e1s \u00e9s porfest\u00e9s mint fel\u00fcletkezel\u00e9s | BLECHA","isPartOf":{"@id":"https:\/\/www.blecha.at\/#website"},"primaryImageOfPage":{"@id":"https:\/\/www.blecha.at\/hu\/szolgaltatasok\/feluletkezeles\/#primaryimage"},"image":{"@id":"https:\/\/www.blecha.at\/hu\/szolgaltatasok\/feluletkezeles\/#primaryimage"},"thumbnailUrl":"https:\/\/www.blecha.at\/wp-content\/uploads\/2021\/09\/blecha-oberflaechenveredelung-thumbnail.jpg","datePublished":"2021-01-22T15:35:16+00:00","dateModified":"2021-12-20T14:49:25+00:00","description":"Elox\u00e1l\u00e1s \u00e9s porfest\u00e9s mellett ker\u00edt\u00e9s- \u00e9s balkon\u00e9p\u00edt\u00e9sn\u00e9l egyre n\u00e9pszer\u0171bb famint\u00e1zat\u00fa fel\u00fcletre is tudunk aj\u00e1nlatot tenni.","breadcrumb":{"@id":"https:\/\/www.blecha.at\/hu\/szolgaltatasok\/feluletkezeles\/#breadcrumb"},"inLanguage":"hu","potentialAction":[{"@type":"ReadAction","target":["https:\/\/www.blecha.at\/hu\/szolgaltatasok\/feluletkezeles\/"]}]},{"@type":"ImageObject","inLanguage":"hu","@id":"https:\/\/www.blecha.at\/hu\/szolgaltatasok\/feluletkezeles\/#primaryimage","url":"https:\/\/www.blecha.at\/wp-content\/uploads\/2021\/09\/blecha-oberflaechenveredelung-thumbnail.jpg","contentUrl":"https:\/\/www.blecha.at\/wp-content\/uploads\/2021\/09\/blecha-oberflaechenveredelung-thumbnail.jpg","width":1600,"height":1600},{"@type":"BreadcrumbList","@id":"https:\/\/www.blecha.at\/hu\/szolgaltatasok\/feluletkezeles\/#breadcrumb","itemListElement":[{"@type":"ListItem","position":1,"name":"Home","item":"https:\/\/www.blecha.at\/hu\/"},{"@type":"ListItem","position":2,"name":"Szolg\u00e1ltat\u00e1sok","item":"https:\/\/www.blecha.at\/hu\/szolgaltatasok\/"},{"@type":"ListItem","position":3,"name":"Elox\u00e1l\u00e1s \u00e9s porfest\u00e9s mint fel\u00fcletkezel\u00e9s"}]},{"@type":"WebSite","@id":"https:\/\/www.blecha.at\/#website","url":"https:\/\/www.blecha.at\/","name":"BLECHA","description":"Eine weitere WordPress-Website","potentialAction":[{"@type":"SearchAction","target":{"@type":"EntryPoint","urlTemplate":"https:\/\/www.blecha.at\/?s={search_term_string}"},"query-input":{"@type":"PropertyValueSpecification","valueRequired":true,"valueName":"search_term_string"}}],"inLanguage":"hu"}]}},"_links":{"self":[{"href":"https:\/\/www.blecha.at\/hu\/wp-json\/wp\/v2\/pages\/4904","targetHints":{"allow":["GET"]}}],"collection":[{"href":"https:\/\/www.blecha.at\/hu\/wp-json\/wp\/v2\/pages"}],"about":[{"href":"https:\/\/www.blecha.at\/hu\/wp-json\/wp\/v2\/types\/page"}],"author":[{"embeddable":true,"href":"https:\/\/www.blecha.at\/hu\/wp-json\/wp\/v2\/users\/2"}],"replies":[{"embeddable":true,"href":"https:\/\/www.blecha.at\/hu\/wp-json\/wp\/v2\/comments?post=4904"}],"version-history":[{"count":3,"href":"https:\/\/www.blecha.at\/hu\/wp-json\/wp\/v2\/pages\/4904\/revisions"}],"predecessor-version":[{"id":13154,"href":"https:\/\/www.blecha.at\/hu\/wp-json\/wp\/v2\/pages\/4904\/revisions\/13154"}],"up":[{"embeddable":true,"href":"https:\/\/www.blecha.at\/hu\/wp-json\/wp\/v2\/pages\/4584"}],"wp:featuredmedia":[{"embeddable":true,"href":"https:\/\/www.blecha.at\/hu\/wp-json\/wp\/v2\/media\/4906"}],"wp:attachment":[{"href":"https:\/\/www.blecha.at\/hu\/wp-json\/wp\/v2\/media?parent=4904"}],"curies":[{"name":"wp","href":"https:\/\/api.w.org\/{rel}","templated":true}]}}