{"id":5047,"date":"2021-01-22T21:32:59","date_gmt":"2021-01-22T20:32:59","guid":{"rendered":"https:\/\/www.blecha.at\/szolgaltatasok\/sonderprofile-im-3d-druck\/"},"modified":"2021-12-20T16:03:08","modified_gmt":"2021-12-20T15:03:08","slug":"egyedi-profilok-3d-nyomtatasa","status":"publish","type":"page","link":"https:\/\/www.blecha.at\/hu\/szolgaltatasok\/egyedi-profilok-3d-nyomtatasa\/","title":{"rendered":"Egyedi profilok 3D nyomtat\u00e1sa"},"content":{"rendered":"\n<section id=\"sectionTwo\" class=\"mt-lg-n11 py-8 py-md-11 px-lg-9 border-left border-right border-right-lg-none bg-white\">\n\n\n<div class=\"wp-bootstrap-blocks-container container-fluid mb-0\">\n\t\n<div class=\"wp-bootstrap-blocks-row row mx-auto\">\n\t\n\n<div class=\"col-12 col-md-10\">\n\t\t\t\n\n<h2 class=\"text-secondary scroll-fade-bottom-up visibility-hidden wp-block-heading\">Elk\u00e9sz\u00edtj\u00fck egyedi profilja 3D m\u0171anyag nyomtat\u00e1s\u00e1t!<\/h2>\n\n\n\n<h3 class=\"scroll-fade-bottom-up visibility-hidden wp-block-heading\">A 3D nyomtat\u00e1s el\u0151nyei<\/h3>\n\n\n\n<p>A 3 D protot\u00edpus egyszer\u0171en geometriai komplex form\u00e1ban \u00e9s egyedileg testreszabhat\u00f3. A protot\u00edpus m\u00e1s hagyom\u00e1nyos gy\u00e1rt\u00e1si folyamatokhoz k\u00e9pest gyorsabban elk\u00e9sz\u00edthet\u0151, amely lehet\u0151s\u00e9get ny\u00fajt funkcion\u00e1lis tesztel\u00e9sre \u00e9s gyors hibafelismer\u00e9sre. A 3D-ben k\u00e9sz\u00edtett modellek rugalmasak \u00e9s r\u00f6vid id\u0151n bel\u00fcl k\u00f6nnyed\u00e9n m\u00f3dos\u00edthat\u00f3ak, mintak\u00e9sz\u00edt\u00e9shez k\u00edv\u00e1l\u00f3an alkalmasak.<\/p>\n\n\t<\/div>\n\n<\/div>\n\n<\/div>\n\n\n\n<\/section>\n\n\n\n<section class=\"pl-lg-9 border-left border-right border-right-lg-none bg-primary\">\n\n\n<div class=\"wp-bootstrap-blocks-container container-fluid mb-0 pr-0\">\n\t\n<div class=\"wp-bootstrap-blocks-row row mx-auto\">\n\t\n\n<div class=\"col-12 col-md-5 py-7 py-lg-9\">\n\t\t\t\n\n<h3 class=\"text-secondary mb-4 scroll-fade-bottom-up visibility-hidden wp-block-heading\">M\u0171szaki adatok:<\/h3>\n\n\n\n<div class=\"d-flex text-left scroll-fade-bottom-up visibility-hidden\">\n<div class=\"badge badge-rounded-circle badge-secondary mt-1 mr-4\">\n<i class=\"fe fe-check\"><\/i>\n<\/div><p class=\"text-white\">180x 180mm-es \u00e1tm\u00e9r\u0151ig<\/p><\/div>\n\n<div class=\"d-flex text-left scroll-fade-bottom-up visibility-hidden\">\n<div class=\"badge badge-rounded-circle badge-secondary mt-1 mr-4\">\n<i class=\"fe fe-check\"><\/i>\n<\/div><p class=\"text-white\">200mm-es magass\u00e1gig<\/p><\/div>\n\n<div class=\"d-flex text-left scroll-fade-bottom-up visibility-hidden\">\n<div class=\"badge badge-rounded-circle badge-secondary mt-1 mr-4\">\n<i class=\"fe fe-check\"><\/i>\n<\/div><p class=\"text-white\">+\/-0,3mm-es t\u0171r\u00e9si pontoss\u00e1g<\/p><\/div>\n\n<div class=\"d-flex text-left scroll-fade-bottom-up visibility-hidden\">\n<div class=\"badge badge-rounded-circle badge-secondary mt-1 mr-4\">\n<i class=\"fe fe-check\"><\/i>\n<\/div><p class=\"text-white\">a nyomtat\u00e1s k\u00e9k, feh\u00e9r  \u00e9s sz\u00fcrke sz\u00ednben \u00e9rhet\u0151 el<\/p><\/div>\n\n\n\n<h3 class=\"text-secondary mt-7 mb-4 scroll-fade-bottom-up visibility-hidden wp-block-heading\">Sz\u00e1ll\u00edti\u00e1si id\u0151<\/h3>\n\n\n\n<div class=\"d-flex text-left scroll-fade-bottom-up visibility-hidden\">\n<div class=\"badge badge-rounded-circle badge-secondary mt-1 mr-4\">\n<i class=\"fe fe-check\"><\/i>\n<\/div><p class=\"text-white\">1-2 h\u00e9t ( t\u00edpust\u00f3l f\u00fcgg\u0151en)<\/p><\/div>\n\n\t<\/div>\n\n\n\n<div class=\"col-12 col-md-7 px-0 scroll-reveal-right-to-left\">\n\t\t\t\n\n<div class=\"reveal-item\">\n<div class=\"reveal-item-inner\">\n<div class=\"shape shape-left shape-fluid-y svg-shim text-primary d-none d-md-block\">                                              <svg viewBox=\"0 0 100 1544\" fill=\"none\" xmlns=\"http:\/\/www.w3.org\/2000\/svg\">                                                <path d=\"M0 0h100v386l-50 772v386H0V0z\" fill=\"currentColor\"><\/path>                                           <\/svg><\/div>\n\n\n\n<figure class=\"wp-block-image size-large wp-block-image-cover h-100 mb-0\"><img decoding=\"async\" width=\"1024\" height=\"683\" src=\"https:\/\/www.blecha.at\/wp-content\/uploads\/2021\/03\/blecha-3d-drucker-2-1024x683.jpg\" alt=\"\" class=\"wp-image-5053\" srcset=\"https:\/\/www.blecha.at\/wp-content\/uploads\/2021\/03\/blecha-3d-drucker-2-1024x683.jpg 1024w, https:\/\/www.blecha.at\/wp-content\/uploads\/2021\/03\/blecha-3d-drucker-2-300x200.jpg 300w, https:\/\/www.blecha.at\/wp-content\/uploads\/2021\/03\/blecha-3d-drucker-2-768x512.jpg 768w, https:\/\/www.blecha.at\/wp-content\/uploads\/2021\/03\/blecha-3d-drucker-2-1536x1024.jpg 1536w, https:\/\/www.blecha.at\/wp-content\/uploads\/2021\/03\/blecha-3d-drucker-2-2048x1366.jpg 2048w\" sizes=\"(max-width: 1024px) 100vw, 1024px\" \/><\/figure>\n\n\n\n<\/div>\n<\/div>\n\n\t<\/div>\n\n<\/div>\n\n<\/div>\n\n\n\n<\/section>\n\n\n\n<section class=\"px-lg-9 border-left border-right border-right-lg-none bg-secondary\">\n\n\n<div class=\"wp-bootstrap-blocks-container container-fluid mb-0 bg-secondary\">\n\t\n<div class=\"wp-bootstrap-blocks-row row mx-auto\">\n\t\n\n<div class=\"col-12 col-md-6 text-white py-7 py-md-9\">\n\t\t\t\n\n<h5 class=\"mb-5 scroll-fade-bottom-up visibility-hidden wp-block-heading\">1. Lehet\u0151s\u00e9g: Van egy v\u00e1zrajza<\/h5>\n\n\n\n<div class=\"d-flex text-left scroll-fade-bottom-up visibility-hidden\">\n<div class=\"badge badge-rounded-circle badge-primary mt-1 mr-4\">\n<i class=\"fe fe-check\"><\/i>\n<\/div><p class=\"text-white\">a profilt mi rajzoljuk meg dwg-form\u00e1tumban<\/p><\/div>\n\n<div class=\"d-flex text-left scroll-fade-bottom-up visibility-hidden\">\n<div class=\"badge badge-rounded-circle badge-primary mt-1 mr-4\">\n<i class=\"fe fe-check\"><\/i>\n<\/div><p class=\"text-white\">j\u00f3v\u00e1hagyja a rajzot\n<\/p><\/div>\n\n<div class=\"d-flex text-left scroll-fade-bottom-up visibility-hidden\">\n<div class=\"badge badge-rounded-circle badge-primary mt-1 mr-4\">\n<i class=\"fe fe-check\"><\/i>\n<\/div><p class=\"text-white\">elk\u00e9sz\u00edtj\u00fck a profil 3D nyomtatott mint\u00e1j\u00e1t<\/p><\/div>\n\n<div class=\"d-flex text-left scroll-fade-bottom-up visibility-hidden\">\n<div class=\"badge badge-rounded-circle badge-primary mt-1 mr-4\">\n<i class=\"fe fe-check\"><\/i>\n<\/div><p class=\"text-white\">elk\u00fcldj\u00fck \u00d6nnek a mint\u00e1t \u00e9s a dwg-form\u00e1tumban k\u00e9sz\u00edtett rajzot<\/p><\/div>\n\n<div class=\"d-flex text-left scroll-fade-bottom-up visibility-hidden\">\n<div class=\"badge badge-rounded-circle badge-primary mt-1 mr-4\">\n<i class=\"fe fe-check\"><\/i>\n<\/div><p class=\"text-white\">a minta \u00e9s rajzk\u00e9sz\u00edt\u00e9s d\u00edja nett\u00f3: \u20ac 180.-<\/p><\/div>\n\n\t<\/div>\n\n\n\n<div class=\"col-12 col-md-6 text-white py-7 py-md-9\">\n\t\t\t\n\n<h5 class=\"mb-5 scroll-fade-bottom-up visibility-hidden wp-block-heading\">2. lehet\u0151s\u00e9g: \u00d6n rendelkezik egy haszn\u00e1lhat\u00f3 2D vagy 3D rajzzal dwg-form\u00e1tumban<\/h5>\n\n\n\n<div class=\"d-flex text-left scroll-fade-bottom-up visibility-hidden\">\n<div class=\"badge badge-rounded-circle badge-primary mt-1 mr-4\">\n<i class=\"fe fe-check\"><\/i>\n<\/div><p class=\"text-white\">az \u00d6n \u00e1ltal megk\u00fcld\u00f6tt rajz alapj\u00e1n elk\u00e9sz\u00edtj\u00fck a profil 3D nyomtatott mint\u00e1j\u00e1t<\/p><\/div>\n\n<div class=\"d-flex text-left scroll-fade-bottom-up visibility-hidden\">\n<div class=\"badge badge-rounded-circle badge-primary mt-1 mr-4\">\n<i class=\"fe fe-check\"><\/i>\n<\/div><p class=\"text-white\">elk\u00fcldj\u00fck \u00d6nnek a mint\u00e1t<\/p><\/div>\n\n<div class=\"d-flex text-left scroll-fade-bottom-up visibility-hidden\">\n<div class=\"badge badge-rounded-circle badge-primary mt-1 mr-4\">\n<i class=\"fe fe-check\"><\/i>\n<\/div><p class=\"text-white\">a mintak\u00e9sz\u00edt\u00e9s d\u00edja nett\u00f3: \u20ac 90.-<\/p><\/div>\n\n\t<\/div>\n\n<\/div>\n\n<\/div>\n\n\n\n<\/section>\n\n\n\n<section class=\"py-8 py-md-11 px-lg-9 border-left border-right border-right-lg-none bg-white\">\n\n\n<div class=\"wp-bootstrap-blocks-container container-fluid mb-0\">\n\t\n<div class=\"wp-bootstrap-blocks-row row mx-auto\">\n\t\n\n<div class=\"col-12 col-md-10\">\n\t\t\t\n\n<h2 class=\"text-secondary mb-7 scroll-fade-bottom-up visibility-hidden wp-block-heading\">M\u00e9dia<\/h2>\n\n\n\n<p><\/p>\n\n\t<\/div>\n\n<\/div>\n\n\n<div class=\"wp-bootstrap-blocks-row row mx-auto\">\n\t\n\n<div class=\"col-12\">\n\t\t\t\n\n<figure class=\"wp-block-embed is-type-video is-provider-youtube wp-block-embed-youtube wp-embed-aspect-16-9 wp-has-aspect-ratio\"><div class=\"wp-block-embed__wrapper\">\n<iframe title=\"Prototypen von Spezialprofilen im 3D-Druck als Muster\" width=\"500\" height=\"281\" src=\"https:\/\/www.youtube.com\/embed\/7oZJztUp1ig?feature=oembed\" frameborder=\"0\" allow=\"accelerometer; autoplay; clipboard-write; encrypted-media; gyroscope; picture-in-picture; web-share\" referrerpolicy=\"strict-origin-when-cross-origin\" allowfullscreen><\/iframe>\n<\/div><\/figure>\n\n\t<\/div>\n\n<\/div>\n\n<\/div>\n\n\n\n<\/section>\n\n\n\n<p><\/p>\n","protected":false},"excerpt":{"rendered":"","protected":false},"author":2,"featured_media":4911,"parent":4584,"menu_order":0,"comment_status":"closed","ping_status":"closed","template":"page-leistungen.php","meta":{"_acf_changed":false,"footnotes":""},"class_list":["post-5047","page","type-page","status-publish","has-post-thumbnail","hentry"],"acf":[],"yoast_head":"<!-- This site is optimized with the Yoast SEO plugin v27.3 - https:\/\/yoast.com\/product\/yoast-seo-wordpress\/ -->\n<title>Egyedi profilok 3D nyomtat\u00e1sa | BLECHA<\/title>\n<meta name=\"description\" content=\"Elk\u00e9sz\u00edtj\u00fck egyedi profilja 3D m\u0171anyag nyomtat\u00e1s\u00e1t! A 3 D protot\u00edpus egyszer\u0171en geometriai komplex form\u00e1ban \u00e9s egyedileg testreszabhat\u00f3.\" \/>\n<meta name=\"robots\" content=\"index, follow, max-snippet:-1, max-image-preview:large, max-video-preview:-1\" \/>\n<link rel=\"canonical\" href=\"https:\/\/www.blecha.at\/hu\/szolgaltatasok\/egyedi-profilok-3d-nyomtatasa\/\" \/>\n<meta property=\"og:locale\" content=\"hu_HU\" \/>\n<meta property=\"og:type\" content=\"article\" \/>\n<meta property=\"og:title\" content=\"Egyedi profilok 3D nyomtat\u00e1sa | BLECHA\" \/>\n<meta property=\"og:description\" content=\"Elk\u00e9sz\u00edtj\u00fck egyedi profilja 3D m\u0171anyag nyomtat\u00e1s\u00e1t! A 3 D protot\u00edpus egyszer\u0171en geometriai komplex form\u00e1ban \u00e9s egyedileg testreszabhat\u00f3.\" \/>\n<meta property=\"og:url\" content=\"https:\/\/www.blecha.at\/hu\/szolgaltatasok\/egyedi-profilok-3d-nyomtatasa\/\" \/>\n<meta property=\"og:site_name\" content=\"BLECHA\" \/>\n<meta property=\"article:modified_time\" content=\"2021-12-20T15:03:08+00:00\" \/>\n<meta property=\"og:image\" content=\"https:\/\/www.blecha.at\/wp-content\/uploads\/2021\/03\/blecha-3d-drucker-thumbnail-1.jpg\" \/>\n\t<meta property=\"og:image:width\" content=\"1600\" \/>\n\t<meta property=\"og:image:height\" content=\"1600\" \/>\n\t<meta property=\"og:image:type\" content=\"image\/jpeg\" \/>\n<meta name=\"twitter:card\" content=\"summary_large_image\" \/>\n<meta name=\"twitter:label1\" content=\"Becs\u00fclt olvas\u00e1si id\u0151\" \/>\n\t<meta name=\"twitter:data1\" content=\"2 perc\" \/>\n<script type=\"application\/ld+json\" class=\"yoast-schema-graph\">{\"@context\":\"https:\\\/\\\/schema.org\",\"@graph\":[{\"@type\":\"WebPage\",\"@id\":\"https:\\\/\\\/www.blecha.at\\\/hu\\\/szolgaltatasok\\\/egyedi-profilok-3d-nyomtatasa\\\/\",\"url\":\"https:\\\/\\\/www.blecha.at\\\/hu\\\/szolgaltatasok\\\/egyedi-profilok-3d-nyomtatasa\\\/\",\"name\":\"Egyedi profilok 3D nyomtat\u00e1sa | BLECHA\",\"isPartOf\":{\"@id\":\"https:\\\/\\\/www.blecha.at\\\/#website\"},\"primaryImageOfPage\":{\"@id\":\"https:\\\/\\\/www.blecha.at\\\/hu\\\/szolgaltatasok\\\/egyedi-profilok-3d-nyomtatasa\\\/#primaryimage\"},\"image\":{\"@id\":\"https:\\\/\\\/www.blecha.at\\\/hu\\\/szolgaltatasok\\\/egyedi-profilok-3d-nyomtatasa\\\/#primaryimage\"},\"thumbnailUrl\":\"https:\\\/\\\/www.blecha.at\\\/wp-content\\\/uploads\\\/2021\\\/03\\\/blecha-3d-drucker-thumbnail-1.jpg\",\"datePublished\":\"2021-01-22T20:32:59+00:00\",\"dateModified\":\"2021-12-20T15:03:08+00:00\",\"description\":\"Elk\u00e9sz\u00edtj\u00fck egyedi profilja 3D m\u0171anyag nyomtat\u00e1s\u00e1t! A 3 D protot\u00edpus egyszer\u0171en geometriai komplex form\u00e1ban \u00e9s egyedileg testreszabhat\u00f3.\",\"breadcrumb\":{\"@id\":\"https:\\\/\\\/www.blecha.at\\\/hu\\\/szolgaltatasok\\\/egyedi-profilok-3d-nyomtatasa\\\/#breadcrumb\"},\"inLanguage\":\"hu\",\"potentialAction\":[{\"@type\":\"ReadAction\",\"target\":[\"https:\\\/\\\/www.blecha.at\\\/hu\\\/szolgaltatasok\\\/egyedi-profilok-3d-nyomtatasa\\\/\"]}]},{\"@type\":\"ImageObject\",\"inLanguage\":\"hu\",\"@id\":\"https:\\\/\\\/www.blecha.at\\\/hu\\\/szolgaltatasok\\\/egyedi-profilok-3d-nyomtatasa\\\/#primaryimage\",\"url\":\"https:\\\/\\\/www.blecha.at\\\/wp-content\\\/uploads\\\/2021\\\/03\\\/blecha-3d-drucker-thumbnail-1.jpg\",\"contentUrl\":\"https:\\\/\\\/www.blecha.at\\\/wp-content\\\/uploads\\\/2021\\\/03\\\/blecha-3d-drucker-thumbnail-1.jpg\",\"width\":1600,\"height\":1600},{\"@type\":\"BreadcrumbList\",\"@id\":\"https:\\\/\\\/www.blecha.at\\\/hu\\\/szolgaltatasok\\\/egyedi-profilok-3d-nyomtatasa\\\/#breadcrumb\",\"itemListElement\":[{\"@type\":\"ListItem\",\"position\":1,\"name\":\"Home\",\"item\":\"https:\\\/\\\/www.blecha.at\\\/hu\\\/\"},{\"@type\":\"ListItem\",\"position\":2,\"name\":\"Szolg\u00e1ltat\u00e1sok\",\"item\":\"https:\\\/\\\/www.blecha.at\\\/hu\\\/szolgaltatasok\\\/\"},{\"@type\":\"ListItem\",\"position\":3,\"name\":\"Egyedi profilok 3D nyomtat\u00e1sa\"}]},{\"@type\":\"WebSite\",\"@id\":\"https:\\\/\\\/www.blecha.at\\\/#website\",\"url\":\"https:\\\/\\\/www.blecha.at\\\/\",\"name\":\"BLECHA\",\"description\":\"Eine weitere WordPress-Website\",\"potentialAction\":[{\"@type\":\"SearchAction\",\"target\":{\"@type\":\"EntryPoint\",\"urlTemplate\":\"https:\\\/\\\/www.blecha.at\\\/?s={search_term_string}\"},\"query-input\":{\"@type\":\"PropertyValueSpecification\",\"valueRequired\":true,\"valueName\":\"search_term_string\"}}],\"inLanguage\":\"hu\"}]}<\/script>\n<!-- \/ Yoast SEO plugin. -->","yoast_head_json":{"title":"Egyedi profilok 3D nyomtat\u00e1sa | BLECHA","description":"Elk\u00e9sz\u00edtj\u00fck egyedi profilja 3D m\u0171anyag nyomtat\u00e1s\u00e1t! A 3 D protot\u00edpus egyszer\u0171en geometriai komplex form\u00e1ban \u00e9s egyedileg testreszabhat\u00f3.","robots":{"index":"index","follow":"follow","max-snippet":"max-snippet:-1","max-image-preview":"max-image-preview:large","max-video-preview":"max-video-preview:-1"},"canonical":"https:\/\/www.blecha.at\/hu\/szolgaltatasok\/egyedi-profilok-3d-nyomtatasa\/","og_locale":"hu_HU","og_type":"article","og_title":"Egyedi profilok 3D nyomtat\u00e1sa | BLECHA","og_description":"Elk\u00e9sz\u00edtj\u00fck egyedi profilja 3D m\u0171anyag nyomtat\u00e1s\u00e1t! A 3 D protot\u00edpus egyszer\u0171en geometriai komplex form\u00e1ban \u00e9s egyedileg testreszabhat\u00f3.","og_url":"https:\/\/www.blecha.at\/hu\/szolgaltatasok\/egyedi-profilok-3d-nyomtatasa\/","og_site_name":"BLECHA","article_modified_time":"2021-12-20T15:03:08+00:00","og_image":[{"width":1600,"height":1600,"url":"https:\/\/www.blecha.at\/wp-content\/uploads\/2021\/03\/blecha-3d-drucker-thumbnail-1.jpg","type":"image\/jpeg"}],"twitter_card":"summary_large_image","twitter_misc":{"Becs\u00fclt olvas\u00e1si id\u0151":"2 perc"},"schema":{"@context":"https:\/\/schema.org","@graph":[{"@type":"WebPage","@id":"https:\/\/www.blecha.at\/hu\/szolgaltatasok\/egyedi-profilok-3d-nyomtatasa\/","url":"https:\/\/www.blecha.at\/hu\/szolgaltatasok\/egyedi-profilok-3d-nyomtatasa\/","name":"Egyedi profilok 3D nyomtat\u00e1sa | BLECHA","isPartOf":{"@id":"https:\/\/www.blecha.at\/#website"},"primaryImageOfPage":{"@id":"https:\/\/www.blecha.at\/hu\/szolgaltatasok\/egyedi-profilok-3d-nyomtatasa\/#primaryimage"},"image":{"@id":"https:\/\/www.blecha.at\/hu\/szolgaltatasok\/egyedi-profilok-3d-nyomtatasa\/#primaryimage"},"thumbnailUrl":"https:\/\/www.blecha.at\/wp-content\/uploads\/2021\/03\/blecha-3d-drucker-thumbnail-1.jpg","datePublished":"2021-01-22T20:32:59+00:00","dateModified":"2021-12-20T15:03:08+00:00","description":"Elk\u00e9sz\u00edtj\u00fck egyedi profilja 3D m\u0171anyag nyomtat\u00e1s\u00e1t! A 3 D protot\u00edpus egyszer\u0171en geometriai komplex form\u00e1ban \u00e9s egyedileg testreszabhat\u00f3.","breadcrumb":{"@id":"https:\/\/www.blecha.at\/hu\/szolgaltatasok\/egyedi-profilok-3d-nyomtatasa\/#breadcrumb"},"inLanguage":"hu","potentialAction":[{"@type":"ReadAction","target":["https:\/\/www.blecha.at\/hu\/szolgaltatasok\/egyedi-profilok-3d-nyomtatasa\/"]}]},{"@type":"ImageObject","inLanguage":"hu","@id":"https:\/\/www.blecha.at\/hu\/szolgaltatasok\/egyedi-profilok-3d-nyomtatasa\/#primaryimage","url":"https:\/\/www.blecha.at\/wp-content\/uploads\/2021\/03\/blecha-3d-drucker-thumbnail-1.jpg","contentUrl":"https:\/\/www.blecha.at\/wp-content\/uploads\/2021\/03\/blecha-3d-drucker-thumbnail-1.jpg","width":1600,"height":1600},{"@type":"BreadcrumbList","@id":"https:\/\/www.blecha.at\/hu\/szolgaltatasok\/egyedi-profilok-3d-nyomtatasa\/#breadcrumb","itemListElement":[{"@type":"ListItem","position":1,"name":"Home","item":"https:\/\/www.blecha.at\/hu\/"},{"@type":"ListItem","position":2,"name":"Szolg\u00e1ltat\u00e1sok","item":"https:\/\/www.blecha.at\/hu\/szolgaltatasok\/"},{"@type":"ListItem","position":3,"name":"Egyedi profilok 3D nyomtat\u00e1sa"}]},{"@type":"WebSite","@id":"https:\/\/www.blecha.at\/#website","url":"https:\/\/www.blecha.at\/","name":"BLECHA","description":"Eine weitere WordPress-Website","potentialAction":[{"@type":"SearchAction","target":{"@type":"EntryPoint","urlTemplate":"https:\/\/www.blecha.at\/?s={search_term_string}"},"query-input":{"@type":"PropertyValueSpecification","valueRequired":true,"valueName":"search_term_string"}}],"inLanguage":"hu"}]}},"_links":{"self":[{"href":"https:\/\/www.blecha.at\/hu\/wp-json\/wp\/v2\/pages\/5047","targetHints":{"allow":["GET"]}}],"collection":[{"href":"https:\/\/www.blecha.at\/hu\/wp-json\/wp\/v2\/pages"}],"about":[{"href":"https:\/\/www.blecha.at\/hu\/wp-json\/wp\/v2\/types\/page"}],"author":[{"embeddable":true,"href":"https:\/\/www.blecha.at\/hu\/wp-json\/wp\/v2\/users\/2"}],"replies":[{"embeddable":true,"href":"https:\/\/www.blecha.at\/hu\/wp-json\/wp\/v2\/comments?post=5047"}],"version-history":[{"count":7,"href":"https:\/\/www.blecha.at\/hu\/wp-json\/wp\/v2\/pages\/5047\/revisions"}],"predecessor-version":[{"id":13192,"href":"https:\/\/www.blecha.at\/hu\/wp-json\/wp\/v2\/pages\/5047\/revisions\/13192"}],"up":[{"embeddable":true,"href":"https:\/\/www.blecha.at\/hu\/wp-json\/wp\/v2\/pages\/4584"}],"wp:featuredmedia":[{"embeddable":true,"href":"https:\/\/www.blecha.at\/hu\/wp-json\/wp\/v2\/media\/4911"}],"wp:attachment":[{"href":"https:\/\/www.blecha.at\/hu\/wp-json\/wp\/v2\/media?parent=5047"}],"curies":[{"name":"wp","href":"https:\/\/api.w.org\/{rel}","templated":true}]}}