{"id":5485,"date":"2021-02-16T17:48:58","date_gmt":"2021-02-16T16:48:58","guid":{"rendered":"https:\/\/www.blecha.at\/szolgaltatasok\/zuschnitte\/"},"modified":"2021-10-04T11:51:12","modified_gmt":"2021-10-04T09:51:12","slug":"darabolasok","status":"publish","type":"page","link":"https:\/\/www.blecha.at\/hu\/szolgaltatasok\/darabolasok\/","title":{"rendered":"Zuschnitte"},"content":{"rendered":"\n<section id=\"sectionTwo\" class=\"mt-lg-n11 py-8 py-md-11 px-lg-9 border-left border-right border-right-lg-none bg-white\">\n\n\n<div class=\"wp-bootstrap-blocks-container container-fluid mb-0\">\n\t\n<div class=\"wp-bootstrap-blocks-row row mx-auto\">\n\t\n\n<div class=\"col-12 col-md-10\">\n\t\t\t\n\n<h2 class=\"text-secondary scroll-fade-bottom-up visibility-hidden wp-block-heading\">Prec\u00edzi\u00f3 kompromisszumok n\u00e9lk\u00fcl.<\/h2>\n\n\n\n<p class=\"mb-7 scroll-fade-bottom-up visibility-hidden\">Tapasztalja meg \u00d6n is a pontoss\u00e1g \u00faj szintj\u00e9t. A modern technik\u00e1nak k\u00f6sz\u00f6nhet\u0151en pontosan azt k\u00edn\u00e1ljuk \u00fcgyfeleink sz\u00e1m\u00e1ra amire sz\u00fcks\u00e9g\u00fck van. Legyen sz\u00f3 g\u00e9rv\u00e1g\u00e1sr\u00f3l vagy m\u00e9retre v\u00e1g\u00e1sr\u00f3l, v\u00e1g\u00e1sainkat ak\u00e1r +\/-0,2mm-es pontoss\u00e1ggal tudjuk garant\u00e1lni.<\/p>\n\n\n\n<div class=\"d-flex text-left scroll-fade-bottom-up visibility-hidden\">\n<div class=\"badge badge-rounded-circle badge-primary-soft mt-1 mr-4\">\n<i class=\"fe fe-check\"><\/i>\n<\/div><p class=\"text-primary\">\u00e1tm\u00e9r\u0151 ak\u00e1r 540mm-ig<\/p><\/div>\n\n<div class=\"d-flex text-left scroll-fade-bottom-up visibility-hidden\">\n<div class=\"badge badge-rounded-circle badge-primary-soft mt-1 mr-4\">\n<i class=\"fe fe-check\"><\/i>\n<\/div><p class=\"text-primary\">hossz 5mm-t\u0151l<\/p><\/div>\n\n<div class=\"d-flex text-left scroll-fade-bottom-up visibility-hidden\">\n<div class=\"badge badge-rounded-circle badge-primary-soft mt-1 mr-4\">\n<i class=\"fe fe-check\"><\/i>\n<\/div><p class=\"text-primary\">v\u00e1g\u00e1si pontoss\u00e1g ak\u00e1r +\/-0,2mm-ig<\/p><\/div>\n\n<div class=\"d-flex text-left scroll-fade-bottom-up visibility-hidden\">\n<div class=\"badge badge-rounded-circle badge-primary-soft mt-1 mr-4\">\n<i class=\"fe fe-check\"><\/i>\n<\/div><p class=\"text-primary\">g\u00e9rv\u00e1g\u00e1si tartom\u00e1ny 20\u00b0 -20\u00b0 -ig jobb \u00e9s bal oldalon<\/p><\/div>\n\n<div class=\"d-flex text-left scroll-fade-bottom-up visibility-hidden\">\n<div class=\"badge badge-rounded-circle badge-primary-soft mt-1 mr-4\">\n<i class=\"fe fe-check\"><\/i>\n<\/div><p class=\"text-primary\">ig\u00e9ny eset\u00e9n sorj\u00e1zva<\/p><\/div>\n\n<div class=\"d-flex text-left scroll-fade-bottom-up visibility-hidden\">\n<div class=\"badge badge-rounded-circle badge-primary-soft mt-1 mr-4\">\n<i class=\"fe fe-check\"><\/i>\n<\/div><p class=\"text-primary\">ak\u00e1r m\u00e1shol beszerzett anyagok v\u00e1g\u00e1sa is lehets\u00e9ges<\/p><\/div>\n\n<div class=\"d-flex text-left scroll-fade-bottom-up visibility-hidden\">\n<div class=\"badge badge-rounded-circle badge-primary-soft mt-1 mr-4\">\n<i class=\"fe fe-check\"><\/i>\n<\/div><p class=\"text-primary\">r\u00f6vid hat\u00e1rid\u0151k<\/p><\/div>\n\n\t<\/div>\n\n<\/div>\n\n<\/div>\n\n\n\n<\/section>\n\n\n\n<section class=\"py-8 py-md-11 px-lg-9 border-left border-right border-top border-right-lg-none bg-white\">\n\n\n<div class=\"wp-bootstrap-blocks-container container-fluid mb-0\">\n\t\n<div class=\"wp-bootstrap-blocks-row row mx-auto\">\n\t\n\n<div class=\"col-12 col-md-10\">\n\t\t\t\n\n<h2 class=\"text-secondary mb-7 scroll-fade-bottom-up visibility-hidden wp-block-heading\">M\u00e9di\u00e1k<\/h2>\n\n\n\n<h3 class=\"mb-7 scroll-fade-bottom-up visibility-hidden wp-block-heading\">K\u00f6rf\u0171r\u00e9szek<\/h3>\n\n\t<\/div>\n\n<\/div>\n\n\n<div class=\"wp-bootstrap-blocks-row row mx-auto\">\n\t\n\n<div class=\"col-12 col-lg-4 mb-6 text-left\">\n\t\t\t\n\n<figure class=\"wp-block-embed is-type-video is-provider-youtube wp-block-embed-youtube wp-embed-aspect-4-3 wp-has-aspect-ratio\"><div class=\"wp-block-embed__wrapper\">\n<iframe loading=\"lazy\" title=\"Kreiss\u00e4ge KAIMAN PIX 700 THETA bei Firma Blecha\" width=\"500\" height=\"375\" src=\"https:\/\/www.youtube.com\/embed\/Bu2gJgZqzlk?feature=oembed\" frameborder=\"0\" allow=\"accelerometer; autoplay; clipboard-write; encrypted-media; gyroscope; picture-in-picture; web-share\" referrerpolicy=\"strict-origin-when-cross-origin\" allowfullscreen><\/iframe>\n<\/div><\/figure>\n\n\n\n<h5 class=\"wp-block-heading\">KAIMAN PIX 700 THETA<\/h5>\n\n\n\n<p>Ez a f\u0171r\u00e9sz profilok v\u00e1g\u00e1sa eset\u00e9n ak\u00e1r&nbsp; 270mm-es \u00e1tm\u00e9r\u0151ig is alkalmas.<\/p>\n\n\t<\/div>\n\n\n\n<div class=\"col-12 col-lg-4 mb-6 text-left\">\n\t\t\t\n\n<figure class=\"wp-block-embed is-type-video is-provider-youtube wp-block-embed-youtube wp-embed-aspect-4-3 wp-has-aspect-ratio\"><div class=\"wp-block-embed__wrapper\">\n<iframe loading=\"lazy\" title=\"Kreiss\u00e4ge SPRING ECHO bei Firma Blecha\" width=\"500\" height=\"375\" src=\"https:\/\/www.youtube.com\/embed\/NP5dkrGFrC0?feature=oembed\" frameborder=\"0\" allow=\"accelerometer; autoplay; clipboard-write; encrypted-media; gyroscope; picture-in-picture; web-share\" referrerpolicy=\"strict-origin-when-cross-origin\" allowfullscreen><\/iframe>\n<\/div><\/figure>\n\n\n\n<h5 class=\"wp-block-heading\">SPRING ECHO<\/h5>\n\n\n\n<p>G\u00e9rv\u00e1g\u00f3 k\u00f6rf\u0171r\u00e9sz, amely horizont\u00e1lisan el\u0151re tol\u00f3 f\u0171r\u00e9szlapj\u00e1val \u00e9s pneumatikusan vez\u00e9relt g\u00e9rv\u00e1g\u00f3be\u00e1ll\u00edt\u00e1s\u00e1val a profilok ak\u00e1r 145mm-ig darabolhat\u00f3ak.<\/p>\n\n\t<\/div>\n\n\n\n<div class=\"col-12 col-lg-4 mb-6 text-left\">\n\t\t\t\n\n<figure class=\"wp-block-embed is-type-video is-provider-youtube wp-block-embed-youtube wp-embed-aspect-4-3 wp-has-aspect-ratio\"><div class=\"wp-block-embed__wrapper\">\n<iframe loading=\"lazy\" title=\"Kreiss\u00e4ge MIRAGE 600 bei Firma Blecha\" width=\"500\" height=\"375\" src=\"https:\/\/www.youtube.com\/embed\/rDxg8R-LxNs?feature=oembed\" frameborder=\"0\" allow=\"accelerometer; autoplay; clipboard-write; encrypted-media; gyroscope; picture-in-picture; web-share\" referrerpolicy=\"strict-origin-when-cross-origin\" allowfullscreen><\/iframe>\n<\/div><\/figure>\n\n\n\n<h5 class=\"wp-block-heading\">MIRAGE 600<\/h5>\n\n\n\n<p>T\u00f6k\u00e9letesen alkalmas, ha nagyobb darabsz\u00e1m\u00fa v\u00e1g\u00e1sr\u00f3l van sz\u00f3. Alum\u00ednium cs\u00f6vek,profilok ak\u00e1r 215mm-es \u00e1tm\u00e9r\u0151ig, t\u00f6m\u00f6r anyagok pedig ak\u00e1r 80mm-es \u00e1tm\u00e9r\u0151ig darabolhat\u00f3ak vele.<\/p>\n\n\t<\/div>\n\n\n\n<div class=\"col-12 col-lg-4 text-left\">\n\t\t\t\n\n<figure class=\"wp-block-embed is-type-video is-provider-youtube wp-block-embed-youtube wp-embed-aspect-16-9 wp-has-aspect-ratio\"><div class=\"wp-block-embed__wrapper\">\n<iframe loading=\"lazy\" title=\"Kreissaege Spring Theta A Firma Blecha\" width=\"500\" height=\"281\" src=\"https:\/\/www.youtube.com\/embed\/VfqVpOdTzLw?feature=oembed\" frameborder=\"0\" allow=\"accelerometer; autoplay; clipboard-write; encrypted-media; gyroscope; picture-in-picture; web-share\" referrerpolicy=\"strict-origin-when-cross-origin\" allowfullscreen><\/iframe>\n<\/div><\/figure>\n\n\n\n<h5 class=\"wp-block-heading\">SPRING THETA A<\/h5>\n\n\n\n<p>A Spring Theta A egy olyan g\u00e9rf\u0171r\u00e9sz, amely f\u0171r\u00e9szlapja horizont\u00e1lisan tol\u00f3dik el\u0151re, a lap \u00e1tm\u00e9r\u0151je 550mm. Profilok v\u00e1g\u00e1s\u00e1t 210mm-es \u00e1tm\u00e9r\u0151ig tesz lehet\u0151v\u00e9. A g\u00e9rv\u00e1g\u00e1s 20\u00b0-20\u00b0-ig lehets\u00e9ges, \u00e9s ak\u00e1r +\/-0,5mm-es v\u00e1g\u00e1si pontoss\u00e1g is el\u00e9rhet\u0151.<\/p>\n\n\t<\/div>\n\n<\/div>\n\n\n<div class=\"wp-bootstrap-blocks-row row mx-auto\">\n\t\n\n<div class=\"col-12 col-md-10\">\n\t\t\t\n\n<h3 class=\"mt-7 mb-7 scroll-fade-bottom-up visibility-hidden wp-block-heading\">Szalagf\u0171r\u00e9szek<\/h3>\n\n\t<\/div>\n\n<\/div>\n\n\n<div class=\"wp-bootstrap-blocks-row row mx-auto\">\n\t\n\n<div class=\"col-12 col-lg-4 mb-6 mb-lg-0 text-left\">\n\t\t\t\n\n<figure class=\"wp-block-embed is-type-video is-provider-youtube wp-block-embed-youtube wp-embed-aspect-4-3 wp-has-aspect-ratio\"><div class=\"wp-block-embed__wrapper\">\n<iframe loading=\"lazy\" title=\"Bands\u00e4ge BEHRINGER HBM540 ALU bei Firma Blecha\" width=\"500\" height=\"375\" src=\"https:\/\/www.youtube.com\/embed\/xnLM0N5sv8Q?feature=oembed\" frameborder=\"0\" allow=\"accelerometer; autoplay; clipboard-write; encrypted-media; gyroscope; picture-in-picture; web-share\" referrerpolicy=\"strict-origin-when-cross-origin\" allowfullscreen><\/iframe>\n<\/div><\/figure>\n\n\n\n<h5 class=\"wp-block-heading\">BEHRINGER HBM540 ALU<\/h5>\n\n\n\n<p>Ezzel a teljesen hidraulikus \u00e9s nagy teljes\u00edtm\u00e9nnyel b\u00edr\u00f3 v\u00e1g\u00f3g\u00e9ppel t\u00f6m\u00f6r rudakat ak\u00e1r 540mm-es \u00e1tm\u00e9r\u0151ig, lapos rudakat&nbsp; &amp; z\u00e1rtszelv\u00e9nyeket ak\u00e1r 630x 540mm-es m\u00e9retig tudunk v\u00e1gni. Az \u00fcreges profilok eset\u00e9bem fontos, hogy az adott term\u00e9k minimim 5mm-es falvastag\u00e1ssal rendelkezzen, \u00edgy tudjuk a v\u00e1g\u00e1s okozta eldeform\u00e1l\u00f3d\u00e1st elker\u00fclni.<\/p>\n\n\t<\/div>\n\n\n\n<div class=\"col-12 col-lg-4 mb-6 mb-lg-0 text-left\">\n\t\t\t\n\n<figure class=\"wp-block-embed is-type-video is-provider-youtube wp-block-embed-youtube wp-embed-aspect-16-9 wp-has-aspect-ratio\"><div class=\"wp-block-embed__wrapper\">\n<iframe loading=\"lazy\" title=\"Bandsaege Behringer Firma Blecha\" width=\"500\" height=\"281\" src=\"https:\/\/www.youtube.com\/embed\/GQO1aMU6n_4?feature=oembed\" frameborder=\"0\" allow=\"accelerometer; autoplay; clipboard-write; encrypted-media; gyroscope; picture-in-picture; web-share\" referrerpolicy=\"strict-origin-when-cross-origin\" allowfullscreen><\/iframe>\n<\/div><\/figure>\n\n\n\n<h5 class=\"wp-block-heading\">BEHRINGER SZALAGF\u0170R\u00c9SZ HASZN\u00c1LATBAN<\/h5>\n\n\t<\/div>\n\n<\/div>\n\n<\/div>\n\n\n\n<\/section>\n","protected":false},"excerpt":{"rendered":"","protected":false},"author":2,"featured_media":5487,"parent":4584,"menu_order":0,"comment_status":"closed","ping_status":"closed","template":"page-leistungen.php","meta":{"_acf_changed":false,"footnotes":""},"class_list":["post-5485","page","type-page","status-publish","has-post-thumbnail","hentry"],"acf":[],"yoast_head":"<!-- This site is optimized with the Yoast SEO plugin v27.3 - https:\/\/yoast.com\/product\/yoast-seo-wordpress\/ -->\n<title>Nagy pontoss\u00e1g\u00fa v\u00e1g\u00e1sok | BLECHA<\/title>\n<meta name=\"description\" content=\"Prec\u00edzi\u00f3 kompomisszumok n\u00e9lk\u00fcl. Legyen sz\u00f3 g\u00e9rv\u00e1g\u00e1sr\u00f3l vagy m\u00e9retre v\u00e1g\u00e1sr\u00f3l, v\u00e1g\u00e1sainkat ak\u00e1r +\/-0,2mm-es pontoss\u00e1ggal tudjuk garant\u00e1lni.\" \/>\n<meta name=\"robots\" content=\"index, follow, max-snippet:-1, max-image-preview:large, max-video-preview:-1\" \/>\n<link rel=\"canonical\" href=\"https:\/\/www.blecha.at\/hu\/szolgaltatasok\/darabolasok\/\" \/>\n<meta property=\"og:locale\" content=\"hu_HU\" \/>\n<meta property=\"og:type\" content=\"article\" \/>\n<meta property=\"og:title\" content=\"Nagy pontoss\u00e1g\u00fa v\u00e1g\u00e1sok | BLECHA\" \/>\n<meta property=\"og:description\" content=\"Prec\u00edzi\u00f3 kompomisszumok n\u00e9lk\u00fcl. Legyen sz\u00f3 g\u00e9rv\u00e1g\u00e1sr\u00f3l vagy m\u00e9retre v\u00e1g\u00e1sr\u00f3l, v\u00e1g\u00e1sainkat ak\u00e1r +\/-0,2mm-es pontoss\u00e1ggal tudjuk garant\u00e1lni.\" \/>\n<meta property=\"og:url\" content=\"https:\/\/www.blecha.at\/hu\/szolgaltatasok\/darabolasok\/\" \/>\n<meta property=\"og:site_name\" content=\"BLECHA\" \/>\n<meta property=\"article:modified_time\" content=\"2021-10-04T09:51:12+00:00\" \/>\n<meta property=\"og:image\" content=\"https:\/\/www.blecha.at\/wp-content\/uploads\/2021\/03\/blecha-zuschnitte-1-thumbnail.jpg\" \/>\n\t<meta property=\"og:image:width\" content=\"1600\" \/>\n\t<meta property=\"og:image:height\" content=\"1600\" \/>\n\t<meta property=\"og:image:type\" content=\"image\/jpeg\" \/>\n<meta name=\"twitter:card\" content=\"summary_large_image\" \/>\n<meta name=\"twitter:label1\" content=\"Becs\u00fclt olvas\u00e1si id\u0151\" \/>\n\t<meta name=\"twitter:data1\" content=\"1 perc\" \/>\n<script type=\"application\/ld+json\" class=\"yoast-schema-graph\">{\"@context\":\"https:\\\/\\\/schema.org\",\"@graph\":[{\"@type\":\"WebPage\",\"@id\":\"https:\\\/\\\/www.blecha.at\\\/hu\\\/szolgaltatasok\\\/darabolasok\\\/\",\"url\":\"https:\\\/\\\/www.blecha.at\\\/hu\\\/szolgaltatasok\\\/darabolasok\\\/\",\"name\":\"Nagy pontoss\u00e1g\u00fa v\u00e1g\u00e1sok | BLECHA\",\"isPartOf\":{\"@id\":\"https:\\\/\\\/www.blecha.at\\\/#website\"},\"primaryImageOfPage\":{\"@id\":\"https:\\\/\\\/www.blecha.at\\\/hu\\\/szolgaltatasok\\\/darabolasok\\\/#primaryimage\"},\"image\":{\"@id\":\"https:\\\/\\\/www.blecha.at\\\/hu\\\/szolgaltatasok\\\/darabolasok\\\/#primaryimage\"},\"thumbnailUrl\":\"https:\\\/\\\/www.blecha.at\\\/wp-content\\\/uploads\\\/2021\\\/03\\\/blecha-zuschnitte-1-thumbnail.jpg\",\"datePublished\":\"2021-02-16T16:48:58+00:00\",\"dateModified\":\"2021-10-04T09:51:12+00:00\",\"description\":\"Prec\u00edzi\u00f3 kompomisszumok n\u00e9lk\u00fcl. Legyen sz\u00f3 g\u00e9rv\u00e1g\u00e1sr\u00f3l vagy m\u00e9retre v\u00e1g\u00e1sr\u00f3l, v\u00e1g\u00e1sainkat ak\u00e1r +\\\/-0,2mm-es pontoss\u00e1ggal tudjuk garant\u00e1lni.\",\"breadcrumb\":{\"@id\":\"https:\\\/\\\/www.blecha.at\\\/hu\\\/szolgaltatasok\\\/darabolasok\\\/#breadcrumb\"},\"inLanguage\":\"hu\",\"potentialAction\":[{\"@type\":\"ReadAction\",\"target\":[\"https:\\\/\\\/www.blecha.at\\\/hu\\\/szolgaltatasok\\\/darabolasok\\\/\"]}]},{\"@type\":\"ImageObject\",\"inLanguage\":\"hu\",\"@id\":\"https:\\\/\\\/www.blecha.at\\\/hu\\\/szolgaltatasok\\\/darabolasok\\\/#primaryimage\",\"url\":\"https:\\\/\\\/www.blecha.at\\\/wp-content\\\/uploads\\\/2021\\\/03\\\/blecha-zuschnitte-1-thumbnail.jpg\",\"contentUrl\":\"https:\\\/\\\/www.blecha.at\\\/wp-content\\\/uploads\\\/2021\\\/03\\\/blecha-zuschnitte-1-thumbnail.jpg\",\"width\":1600,\"height\":1600},{\"@type\":\"BreadcrumbList\",\"@id\":\"https:\\\/\\\/www.blecha.at\\\/hu\\\/szolgaltatasok\\\/darabolasok\\\/#breadcrumb\",\"itemListElement\":[{\"@type\":\"ListItem\",\"position\":1,\"name\":\"Home\",\"item\":\"https:\\\/\\\/www.blecha.at\\\/hu\\\/\"},{\"@type\":\"ListItem\",\"position\":2,\"name\":\"Szolg\u00e1ltat\u00e1sok\",\"item\":\"https:\\\/\\\/www.blecha.at\\\/hu\\\/szolgaltatasok\\\/\"},{\"@type\":\"ListItem\",\"position\":3,\"name\":\"Zuschnitte\"}]},{\"@type\":\"WebSite\",\"@id\":\"https:\\\/\\\/www.blecha.at\\\/#website\",\"url\":\"https:\\\/\\\/www.blecha.at\\\/\",\"name\":\"BLECHA\",\"description\":\"Eine weitere WordPress-Website\",\"potentialAction\":[{\"@type\":\"SearchAction\",\"target\":{\"@type\":\"EntryPoint\",\"urlTemplate\":\"https:\\\/\\\/www.blecha.at\\\/?s={search_term_string}\"},\"query-input\":{\"@type\":\"PropertyValueSpecification\",\"valueRequired\":true,\"valueName\":\"search_term_string\"}}],\"inLanguage\":\"hu\"}]}<\/script>\n<!-- \/ Yoast SEO plugin. -->","yoast_head_json":{"title":"Nagy pontoss\u00e1g\u00fa v\u00e1g\u00e1sok | BLECHA","description":"Prec\u00edzi\u00f3 kompomisszumok n\u00e9lk\u00fcl. Legyen sz\u00f3 g\u00e9rv\u00e1g\u00e1sr\u00f3l vagy m\u00e9retre v\u00e1g\u00e1sr\u00f3l, v\u00e1g\u00e1sainkat ak\u00e1r +\/-0,2mm-es pontoss\u00e1ggal tudjuk garant\u00e1lni.","robots":{"index":"index","follow":"follow","max-snippet":"max-snippet:-1","max-image-preview":"max-image-preview:large","max-video-preview":"max-video-preview:-1"},"canonical":"https:\/\/www.blecha.at\/hu\/szolgaltatasok\/darabolasok\/","og_locale":"hu_HU","og_type":"article","og_title":"Nagy pontoss\u00e1g\u00fa v\u00e1g\u00e1sok | BLECHA","og_description":"Prec\u00edzi\u00f3 kompomisszumok n\u00e9lk\u00fcl. Legyen sz\u00f3 g\u00e9rv\u00e1g\u00e1sr\u00f3l vagy m\u00e9retre v\u00e1g\u00e1sr\u00f3l, v\u00e1g\u00e1sainkat ak\u00e1r +\/-0,2mm-es pontoss\u00e1ggal tudjuk garant\u00e1lni.","og_url":"https:\/\/www.blecha.at\/hu\/szolgaltatasok\/darabolasok\/","og_site_name":"BLECHA","article_modified_time":"2021-10-04T09:51:12+00:00","og_image":[{"width":1600,"height":1600,"url":"https:\/\/www.blecha.at\/wp-content\/uploads\/2021\/03\/blecha-zuschnitte-1-thumbnail.jpg","type":"image\/jpeg"}],"twitter_card":"summary_large_image","twitter_misc":{"Becs\u00fclt olvas\u00e1si id\u0151":"1 perc"},"schema":{"@context":"https:\/\/schema.org","@graph":[{"@type":"WebPage","@id":"https:\/\/www.blecha.at\/hu\/szolgaltatasok\/darabolasok\/","url":"https:\/\/www.blecha.at\/hu\/szolgaltatasok\/darabolasok\/","name":"Nagy pontoss\u00e1g\u00fa v\u00e1g\u00e1sok | BLECHA","isPartOf":{"@id":"https:\/\/www.blecha.at\/#website"},"primaryImageOfPage":{"@id":"https:\/\/www.blecha.at\/hu\/szolgaltatasok\/darabolasok\/#primaryimage"},"image":{"@id":"https:\/\/www.blecha.at\/hu\/szolgaltatasok\/darabolasok\/#primaryimage"},"thumbnailUrl":"https:\/\/www.blecha.at\/wp-content\/uploads\/2021\/03\/blecha-zuschnitte-1-thumbnail.jpg","datePublished":"2021-02-16T16:48:58+00:00","dateModified":"2021-10-04T09:51:12+00:00","description":"Prec\u00edzi\u00f3 kompomisszumok n\u00e9lk\u00fcl. Legyen sz\u00f3 g\u00e9rv\u00e1g\u00e1sr\u00f3l vagy m\u00e9retre v\u00e1g\u00e1sr\u00f3l, v\u00e1g\u00e1sainkat ak\u00e1r +\/-0,2mm-es pontoss\u00e1ggal tudjuk garant\u00e1lni.","breadcrumb":{"@id":"https:\/\/www.blecha.at\/hu\/szolgaltatasok\/darabolasok\/#breadcrumb"},"inLanguage":"hu","potentialAction":[{"@type":"ReadAction","target":["https:\/\/www.blecha.at\/hu\/szolgaltatasok\/darabolasok\/"]}]},{"@type":"ImageObject","inLanguage":"hu","@id":"https:\/\/www.blecha.at\/hu\/szolgaltatasok\/darabolasok\/#primaryimage","url":"https:\/\/www.blecha.at\/wp-content\/uploads\/2021\/03\/blecha-zuschnitte-1-thumbnail.jpg","contentUrl":"https:\/\/www.blecha.at\/wp-content\/uploads\/2021\/03\/blecha-zuschnitte-1-thumbnail.jpg","width":1600,"height":1600},{"@type":"BreadcrumbList","@id":"https:\/\/www.blecha.at\/hu\/szolgaltatasok\/darabolasok\/#breadcrumb","itemListElement":[{"@type":"ListItem","position":1,"name":"Home","item":"https:\/\/www.blecha.at\/hu\/"},{"@type":"ListItem","position":2,"name":"Szolg\u00e1ltat\u00e1sok","item":"https:\/\/www.blecha.at\/hu\/szolgaltatasok\/"},{"@type":"ListItem","position":3,"name":"Zuschnitte"}]},{"@type":"WebSite","@id":"https:\/\/www.blecha.at\/#website","url":"https:\/\/www.blecha.at\/","name":"BLECHA","description":"Eine weitere WordPress-Website","potentialAction":[{"@type":"SearchAction","target":{"@type":"EntryPoint","urlTemplate":"https:\/\/www.blecha.at\/?s={search_term_string}"},"query-input":{"@type":"PropertyValueSpecification","valueRequired":true,"valueName":"search_term_string"}}],"inLanguage":"hu"}]}},"_links":{"self":[{"href":"https:\/\/www.blecha.at\/hu\/wp-json\/wp\/v2\/pages\/5485","targetHints":{"allow":["GET"]}}],"collection":[{"href":"https:\/\/www.blecha.at\/hu\/wp-json\/wp\/v2\/pages"}],"about":[{"href":"https:\/\/www.blecha.at\/hu\/wp-json\/wp\/v2\/types\/page"}],"author":[{"embeddable":true,"href":"https:\/\/www.blecha.at\/hu\/wp-json\/wp\/v2\/users\/2"}],"replies":[{"embeddable":true,"href":"https:\/\/www.blecha.at\/hu\/wp-json\/wp\/v2\/comments?post=5485"}],"version-history":[{"count":3,"href":"https:\/\/www.blecha.at\/hu\/wp-json\/wp\/v2\/pages\/5485\/revisions"}],"predecessor-version":[{"id":5540,"href":"https:\/\/www.blecha.at\/hu\/wp-json\/wp\/v2\/pages\/5485\/revisions\/5540"}],"up":[{"embeddable":true,"href":"https:\/\/www.blecha.at\/hu\/wp-json\/wp\/v2\/pages\/4584"}],"wp:featuredmedia":[{"embeddable":true,"href":"https:\/\/www.blecha.at\/hu\/wp-json\/wp\/v2\/media\/5487"}],"wp:attachment":[{"href":"https:\/\/www.blecha.at\/hu\/wp-json\/wp\/v2\/media?parent=5485"}],"curies":[{"name":"wp","href":"https:\/\/api.w.org\/{rel}","templated":true}]}}