{"id":6125,"date":"2021-01-22T22:11:16","date_gmt":"2021-01-22T21:11:16","guid":{"rendered":"https:\/\/www.blecha.at\/termekek\/standardprofile\/"},"modified":"2024-06-27T21:28:19","modified_gmt":"2024-06-27T19:28:19","slug":"standard-profilok","status":"publish","type":"page","link":"https:\/\/www.blecha.at\/hu\/termekek\/standard-profilok\/","title":{"rendered":"Standard profilok"},"content":{"rendered":"\n<section id=\"sectionTwo\" class=\"mt-lg-n11 py-8 py-md-11 px-lg-9 border-left border-right border-right-lg-none bg-white\">\n\n\n<div class=\"wp-bootstrap-blocks-container container-fluid mb-0\">\n\t\n<div class=\"wp-bootstrap-blocks-row row mx-auto\">\n\t\n\n<div class=\"col-12 col-md-10\">\n\t\t\t\n\n<h2 class=\"wp-block-heading text-secondary scroll-fade-bottom-up visibility-hidden\" id=\"a-megszokott-standard-profilokon-at-egeszen-a-z-profilig-ovali-szelvenyu-csovek-u-profilok-vagy-akar-specialis-profilok\">A megszokott standard profilokon \u00e1t eg\u00e9szen a Z-profilig.<br>Ov\u00e1li szelv\u00e9ny\u0171 cs\u00f6vek, U-profilok vagy ak\u00e1r speci\u00e1lis profilok.<\/h2>\n\n\n\n<h3 class=\"wp-block-heading scroll-fade-bottom-up visibility-hidden\" id=\"aluminium-standard-es-specialis-profilok\">Alum\u00ednium standard \u00e9s speci\u00e1lis profilok<\/h3>\n\n\n\n<p class=\"scroll-fade-bottom-up visibility-hidden\">Rakt\u00e1runkban megtal\u00e1lhat\u00f3ak a j\u00f3l megszokott EN AW 6060-as \u00f6tv\u00f6zetben legy\u00e1rtott standard pofilok. Rendelje meg n\u00e1lunk a k\u00edv\u00e1nt cs\u00f6vet, L-profilt, U-profilt,T-profilt,Z-profilt, z\u00e1rtszelv\u00e9nyt ( n\u00e9gyzetes keresztmetszet\u0171, merev\u00edt\u0151s vagy r\u00e1diuszos), h\u00e1romsz\u00f6glet\u0171 profilt, ov\u00e1lis cs\u00f6vet, C-profilt, H-profilt valamint I-tart\u00f3t . Rep\u00fcl\u0151g\u00e9pgy\u00e1rt\u00e1shoz, rekl\u00e1mt\u00e1bl\u00e1khoz, napkollektorokhoz, sz\u00fanyogh\u00e1l\u00f3khoz, ketrecekhez stb.haszn\u00e1latos profilok eset\u00e9ben is t\u00f6k\u00e9letes partnerei lesz\u00fcnk.<\/p>\n\n\n\n<p class=\"scroll-fade-bottom-up visibility-hidden\">Cs\u00f6veket, profilokat \u00e9s t\u00f6m\u00f6r anyagokat k\u00edn\u00e1lunk t\u00f6bb alum\u00ednium \u00f6tv\u00f6zetekben: <\/p>\n\n\t<\/div>\n\n<\/div>\n\n\n<div class=\"wp-bootstrap-blocks-row row mx-auto\">\n\t\n\n<div class=\"col-12\">\n\t\t\t\n\n<hr class=\"wp-block-separator has-css-opacity is-style-wide mt-3 mb-5\"\/>\n\n\t<\/div>\n\n<\/div>\n\n\n<div class=\"wp-bootstrap-blocks-row row mx-auto\">\n\t\n\n<div class=\"col-12 col-md-4\">\n\t\t\t\n\n<div class=\"d-flex text-left scroll-fade-bottom-up visibility-hidden\">\n<div class=\"badge badge-rounded-circle badge-primary-soft mt-1 mr-4\">\n<i class=\"fe fe-check\"><\/i>\n<\/div><p class=\"text-primary\">EN AW-6060<\/p><\/div>\n\n\t<\/div>\n\n\n\n<div class=\"col-12 col-md-4\">\n\t\t\t\n\n<div class=\"d-flex text-left scroll-fade-bottom-up visibility-hidden\">\n<div class=\"badge badge-rounded-circle badge-primary-soft mt-1 mr-4\">\n<i class=\"fe fe-check\"><\/i>\n<\/div><p class=\"text-primary\">EN AW-1050\n<\/p><\/div>\n\n\t<\/div>\n\n\n\n<div class=\"col-12 col-md-4\">\n\t\t\t\n\n<div class=\"d-flex text-left scroll-fade-bottom-up visibility-hidden\">\n<div class=\"badge badge-rounded-circle badge-primary-soft mt-1 mr-4\">\n<i class=\"fe fe-check\"><\/i>\n<\/div><p class=\"text-primary\">EN AW-1350\n<\/p><\/div>\n\n\t<\/div>\n\n\n\n<div class=\"col-12 col-md-4\">\n\t\t\t\n\n<div class=\"d-flex text-left scroll-fade-bottom-up visibility-hidden\">\n<div class=\"badge badge-rounded-circle badge-primary-soft mt-1 mr-4\">\n<i class=\"fe fe-check\"><\/i>\n<\/div><p class=\"text-primary\">EN AW-2007<\/p><\/div>\n\n\t<\/div>\n\n\n\n<div class=\"col-12 col-md-4\">\n\t\t\t\n\n<div class=\"d-flex text-left scroll-fade-bottom-up visibility-hidden\">\n<div class=\"badge badge-rounded-circle badge-primary-soft mt-1 mr-4\">\n<i class=\"fe fe-check\"><\/i>\n<\/div><p class=\"text-primary\">EN AW-2024<\/p><\/div>\n\n\t<\/div>\n\n\n\n<div class=\"col-12 col-md-4\">\n\t\t\t\n\n<div class=\"d-flex text-left scroll-fade-bottom-up visibility-hidden\">\n<div class=\"badge badge-rounded-circle badge-primary-soft mt-1 mr-4\">\n<i class=\"fe fe-check\"><\/i>\n<\/div><p class=\"text-primary\">EN AW-5005<\/p><\/div>\n\n\t<\/div>\n\n\n\n<div class=\"col-12 col-md-4\">\n\t\t\t\n\n<div class=\"d-flex text-left scroll-fade-bottom-up visibility-hidden\">\n<div class=\"badge badge-rounded-circle badge-primary-soft mt-1 mr-4\">\n<i class=\"fe fe-check\"><\/i>\n<\/div><p class=\"text-primary\">EN AW-5083<\/p><\/div>\n\n\t<\/div>\n\n\n\n<div class=\"col-12 col-md-4\">\n\t\t\t\n\n<div class=\"d-flex text-left scroll-fade-bottom-up visibility-hidden\">\n<div class=\"badge badge-rounded-circle badge-primary-soft mt-1 mr-4\">\n<i class=\"fe fe-check\"><\/i>\n<\/div><p class=\"text-primary\">EN AW-5754<\/p><\/div>\n\n\t<\/div>\n\n\n\n<div class=\"col-12 col-md-4\">\n\t\t\t\n\n<div class=\"d-flex text-left scroll-fade-bottom-up visibility-hidden\">\n<div class=\"badge badge-rounded-circle badge-primary-soft mt-1 mr-4\">\n<i class=\"fe fe-check\"><\/i>\n<\/div><p class=\"text-primary\">EN AW-6101B<\/p><\/div>\n\n\t<\/div>\n\n\n\n<div class=\"col-12 col-md-4\">\n\t\t\t\n\n<div class=\"d-flex text-left scroll-fade-bottom-up visibility-hidden\">\n<div class=\"badge badge-rounded-circle badge-primary-soft mt-1 mr-4\">\n<i class=\"fe fe-check\"><\/i>\n<\/div><p class=\"text-primary\">EN AW-6082<\/p><\/div>\n\n\t<\/div>\n\n\n\n<div class=\"col-12 col-md-4\">\n\t\t\t\n\n<div class=\"d-flex text-left scroll-fade-bottom-up visibility-hidden\">\n<div class=\"badge badge-rounded-circle badge-primary-soft mt-1 mr-4\">\n<i class=\"fe fe-check\"><\/i>\n<\/div><p class=\"text-primary\">EN AW-6463<\/p><\/div>\n\n\t<\/div>\n\n\n\n<div class=\"col-12 col-md-4\">\n\t\t\t\n\n<div class=\"d-flex text-left scroll-fade-bottom-up visibility-hidden\">\n<div class=\"badge badge-rounded-circle badge-primary-soft mt-1 mr-4\">\n<i class=\"fe fe-check\"><\/i>\n<\/div><p class=\"text-primary\">EN AW-7075<\/p><\/div>\n\n\t<\/div>\n\n<\/div>\n\n<\/div>\n\n\n\n<\/section>\n\n\n\n<section data-jarallax=\"\" data-speed=\".8\" class=\"py-12 py-md-13 overlay overlay-black overlay-40 bg-cover jarallax\" style=\"background-image: url(\/wp-content\/uploads\/2021\/01\/blecha-aluminium-profile.jpg);\">\n  <div class=\"container\">\n    <div class=\"row mx-auto\">\n      <div class=\"col-12 col-md-10\">\n        <!-- Blockquote -->\n        <blockquote class=\"blockquote mb-0\"> \n          \n          <!-- Text -->\n          <p class=\"h2 text-white text-left font-regular scroll-fade-bottom-up visibility-hidden\">A megfelel\u0151 profilt keresi? Haszn\u00e1lja a keres\u0151nket.<\/p>\n\n\n<div class=\"wp-bootstrap-blocks-button\">\n\t<a\n\t\thref=\"https:\/\/aluprofil.at\/en\/\"\n\t\t\t\t\ttarget=\"_blank\"\n\t\t\t\t\t\t\trel=\"noreferrer noopener\"\n\t\t\t\tclass=\"btn mt-4 scroll-fade-bottom-up visibility-hidden btn-secondary\"\n\t>\n\t\tA keres\u0151h\u00f6z\t<\/a>\n<\/div>\n\n\n\n<\/blockquote>\n      <\/div>\n    <\/div>\n  <\/div>\n<\/section>\n","protected":false},"excerpt":{"rendered":"A megfelel\u0151 profilt keresi? Haszn\u00e1lja a keres\u0151nket.","protected":false},"author":2,"featured_media":6127,"parent":5417,"menu_order":0,"comment_status":"closed","ping_status":"closed","template":"page-produkte.php","meta":{"_acf_changed":false,"footnotes":""},"class_list":["post-6125","page","type-page","status-publish","has-post-thumbnail","hentry"],"acf":[],"yoast_head":"<!-- This site is optimized with the Yoast SEO plugin v27.3 - https:\/\/yoast.com\/product\/yoast-seo-wordpress\/ -->\n<title>Standard profilok | BLECHA<\/title>\n<meta name=\"description\" content=\"Rakt\u00e1rr\u00f3l tud v\u00e1lasztani standard profiljaink k\u00f6z\u00fcl egyedi m\u00e9retben cs\u00f6vet, L-profilt, U-profilt,T-profilt,Z-profilt, z\u00e1rtszelv\u00e9nyt ( n\u00e9gyzetes keresztmetszet\u0171, merev\u00edt\u0151s vagy r\u00e1diuszos), h\u00e1romsz\u00f6glet\u0171 profilt, ov\u00e1lis cs\u00f6vet, C-profilt, H-profilt valamint I-tart\u00f3t.\" \/>\n<meta name=\"robots\" content=\"index, follow, max-snippet:-1, max-image-preview:large, max-video-preview:-1\" \/>\n<link rel=\"canonical\" href=\"https:\/\/www.blecha.at\/hu\/termekek\/standard-profilok\/\" \/>\n<meta property=\"og:locale\" content=\"hu_HU\" \/>\n<meta property=\"og:type\" content=\"article\" \/>\n<meta property=\"og:title\" content=\"Standard profilok | BLECHA\" \/>\n<meta property=\"og:description\" content=\"Rakt\u00e1rr\u00f3l tud v\u00e1lasztani standard profiljaink k\u00f6z\u00fcl egyedi m\u00e9retben cs\u00f6vet, L-profilt, U-profilt,T-profilt,Z-profilt, z\u00e1rtszelv\u00e9nyt ( n\u00e9gyzetes keresztmetszet\u0171, merev\u00edt\u0151s vagy r\u00e1diuszos), h\u00e1romsz\u00f6glet\u0171 profilt, ov\u00e1lis cs\u00f6vet, C-profilt, H-profilt valamint I-tart\u00f3t.\" \/>\n<meta property=\"og:url\" content=\"https:\/\/www.blecha.at\/hu\/termekek\/standard-profilok\/\" \/>\n<meta property=\"og:site_name\" content=\"BLECHA\" \/>\n<meta property=\"article:modified_time\" content=\"2024-06-27T19:28:19+00:00\" \/>\n<meta property=\"og:image\" content=\"https:\/\/www.blecha.at\/wp-content\/uploads\/2021\/03\/blecha-standardprofile-1-thumbnail.jpg\" \/>\n\t<meta property=\"og:image:width\" content=\"1600\" \/>\n\t<meta property=\"og:image:height\" content=\"1600\" \/>\n\t<meta property=\"og:image:type\" content=\"image\/jpeg\" \/>\n<meta name=\"twitter:card\" content=\"summary_large_image\" \/>\n<meta name=\"twitter:label1\" content=\"Becs\u00fclt olvas\u00e1si id\u0151\" \/>\n\t<meta name=\"twitter:data1\" content=\"1 perc\" \/>\n<script type=\"application\/ld+json\" class=\"yoast-schema-graph\">{\"@context\":\"https:\\\/\\\/schema.org\",\"@graph\":[{\"@type\":\"WebPage\",\"@id\":\"https:\\\/\\\/www.blecha.at\\\/hu\\\/termekek\\\/standard-profilok\\\/\",\"url\":\"https:\\\/\\\/www.blecha.at\\\/hu\\\/termekek\\\/standard-profilok\\\/\",\"name\":\"Standard profilok | BLECHA\",\"isPartOf\":{\"@id\":\"https:\\\/\\\/www.blecha.at\\\/#website\"},\"primaryImageOfPage\":{\"@id\":\"https:\\\/\\\/www.blecha.at\\\/hu\\\/termekek\\\/standard-profilok\\\/#primaryimage\"},\"image\":{\"@id\":\"https:\\\/\\\/www.blecha.at\\\/hu\\\/termekek\\\/standard-profilok\\\/#primaryimage\"},\"thumbnailUrl\":\"https:\\\/\\\/www.blecha.at\\\/wp-content\\\/uploads\\\/2021\\\/03\\\/blecha-standardprofile-1-thumbnail.jpg\",\"datePublished\":\"2021-01-22T21:11:16+00:00\",\"dateModified\":\"2024-06-27T19:28:19+00:00\",\"description\":\"Rakt\u00e1rr\u00f3l tud v\u00e1lasztani standard profiljaink k\u00f6z\u00fcl egyedi m\u00e9retben cs\u00f6vet, L-profilt, U-profilt,T-profilt,Z-profilt, z\u00e1rtszelv\u00e9nyt ( n\u00e9gyzetes keresztmetszet\u0171, merev\u00edt\u0151s vagy r\u00e1diuszos), h\u00e1romsz\u00f6glet\u0171 profilt, ov\u00e1lis cs\u00f6vet, C-profilt, H-profilt valamint I-tart\u00f3t.\",\"breadcrumb\":{\"@id\":\"https:\\\/\\\/www.blecha.at\\\/hu\\\/termekek\\\/standard-profilok\\\/#breadcrumb\"},\"inLanguage\":\"hu\",\"potentialAction\":[{\"@type\":\"ReadAction\",\"target\":[\"https:\\\/\\\/www.blecha.at\\\/hu\\\/termekek\\\/standard-profilok\\\/\"]}]},{\"@type\":\"ImageObject\",\"inLanguage\":\"hu\",\"@id\":\"https:\\\/\\\/www.blecha.at\\\/hu\\\/termekek\\\/standard-profilok\\\/#primaryimage\",\"url\":\"https:\\\/\\\/www.blecha.at\\\/wp-content\\\/uploads\\\/2021\\\/03\\\/blecha-standardprofile-1-thumbnail.jpg\",\"contentUrl\":\"https:\\\/\\\/www.blecha.at\\\/wp-content\\\/uploads\\\/2021\\\/03\\\/blecha-standardprofile-1-thumbnail.jpg\",\"width\":1600,\"height\":1600},{\"@type\":\"BreadcrumbList\",\"@id\":\"https:\\\/\\\/www.blecha.at\\\/hu\\\/termekek\\\/standard-profilok\\\/#breadcrumb\",\"itemListElement\":[{\"@type\":\"ListItem\",\"position\":1,\"name\":\"Home\",\"item\":\"https:\\\/\\\/www.blecha.at\\\/hu\\\/\"},{\"@type\":\"ListItem\",\"position\":2,\"name\":\"Term\u00e9kek\",\"item\":\"https:\\\/\\\/www.blecha.at\\\/hu\\\/termekek\\\/\"},{\"@type\":\"ListItem\",\"position\":3,\"name\":\"Standard profilok\"}]},{\"@type\":\"WebSite\",\"@id\":\"https:\\\/\\\/www.blecha.at\\\/#website\",\"url\":\"https:\\\/\\\/www.blecha.at\\\/\",\"name\":\"BLECHA\",\"description\":\"Eine weitere WordPress-Website\",\"potentialAction\":[{\"@type\":\"SearchAction\",\"target\":{\"@type\":\"EntryPoint\",\"urlTemplate\":\"https:\\\/\\\/www.blecha.at\\\/?s={search_term_string}\"},\"query-input\":{\"@type\":\"PropertyValueSpecification\",\"valueRequired\":true,\"valueName\":\"search_term_string\"}}],\"inLanguage\":\"hu\"}]}<\/script>\n<!-- \/ Yoast SEO plugin. -->","yoast_head_json":{"title":"Standard profilok | BLECHA","description":"Rakt\u00e1rr\u00f3l tud v\u00e1lasztani standard profiljaink k\u00f6z\u00fcl egyedi m\u00e9retben cs\u00f6vet, L-profilt, U-profilt,T-profilt,Z-profilt, z\u00e1rtszelv\u00e9nyt ( n\u00e9gyzetes keresztmetszet\u0171, merev\u00edt\u0151s vagy r\u00e1diuszos), h\u00e1romsz\u00f6glet\u0171 profilt, ov\u00e1lis cs\u00f6vet, C-profilt, H-profilt valamint I-tart\u00f3t.","robots":{"index":"index","follow":"follow","max-snippet":"max-snippet:-1","max-image-preview":"max-image-preview:large","max-video-preview":"max-video-preview:-1"},"canonical":"https:\/\/www.blecha.at\/hu\/termekek\/standard-profilok\/","og_locale":"hu_HU","og_type":"article","og_title":"Standard profilok | BLECHA","og_description":"Rakt\u00e1rr\u00f3l tud v\u00e1lasztani standard profiljaink k\u00f6z\u00fcl egyedi m\u00e9retben cs\u00f6vet, L-profilt, U-profilt,T-profilt,Z-profilt, z\u00e1rtszelv\u00e9nyt ( n\u00e9gyzetes keresztmetszet\u0171, merev\u00edt\u0151s vagy r\u00e1diuszos), h\u00e1romsz\u00f6glet\u0171 profilt, ov\u00e1lis cs\u00f6vet, C-profilt, H-profilt valamint I-tart\u00f3t.","og_url":"https:\/\/www.blecha.at\/hu\/termekek\/standard-profilok\/","og_site_name":"BLECHA","article_modified_time":"2024-06-27T19:28:19+00:00","og_image":[{"width":1600,"height":1600,"url":"https:\/\/www.blecha.at\/wp-content\/uploads\/2021\/03\/blecha-standardprofile-1-thumbnail.jpg","type":"image\/jpeg"}],"twitter_card":"summary_large_image","twitter_misc":{"Becs\u00fclt olvas\u00e1si id\u0151":"1 perc"},"schema":{"@context":"https:\/\/schema.org","@graph":[{"@type":"WebPage","@id":"https:\/\/www.blecha.at\/hu\/termekek\/standard-profilok\/","url":"https:\/\/www.blecha.at\/hu\/termekek\/standard-profilok\/","name":"Standard profilok | BLECHA","isPartOf":{"@id":"https:\/\/www.blecha.at\/#website"},"primaryImageOfPage":{"@id":"https:\/\/www.blecha.at\/hu\/termekek\/standard-profilok\/#primaryimage"},"image":{"@id":"https:\/\/www.blecha.at\/hu\/termekek\/standard-profilok\/#primaryimage"},"thumbnailUrl":"https:\/\/www.blecha.at\/wp-content\/uploads\/2021\/03\/blecha-standardprofile-1-thumbnail.jpg","datePublished":"2021-01-22T21:11:16+00:00","dateModified":"2024-06-27T19:28:19+00:00","description":"Rakt\u00e1rr\u00f3l tud v\u00e1lasztani standard profiljaink k\u00f6z\u00fcl egyedi m\u00e9retben cs\u00f6vet, L-profilt, U-profilt,T-profilt,Z-profilt, z\u00e1rtszelv\u00e9nyt ( n\u00e9gyzetes keresztmetszet\u0171, merev\u00edt\u0151s vagy r\u00e1diuszos), h\u00e1romsz\u00f6glet\u0171 profilt, ov\u00e1lis cs\u00f6vet, C-profilt, H-profilt valamint I-tart\u00f3t.","breadcrumb":{"@id":"https:\/\/www.blecha.at\/hu\/termekek\/standard-profilok\/#breadcrumb"},"inLanguage":"hu","potentialAction":[{"@type":"ReadAction","target":["https:\/\/www.blecha.at\/hu\/termekek\/standard-profilok\/"]}]},{"@type":"ImageObject","inLanguage":"hu","@id":"https:\/\/www.blecha.at\/hu\/termekek\/standard-profilok\/#primaryimage","url":"https:\/\/www.blecha.at\/wp-content\/uploads\/2021\/03\/blecha-standardprofile-1-thumbnail.jpg","contentUrl":"https:\/\/www.blecha.at\/wp-content\/uploads\/2021\/03\/blecha-standardprofile-1-thumbnail.jpg","width":1600,"height":1600},{"@type":"BreadcrumbList","@id":"https:\/\/www.blecha.at\/hu\/termekek\/standard-profilok\/#breadcrumb","itemListElement":[{"@type":"ListItem","position":1,"name":"Home","item":"https:\/\/www.blecha.at\/hu\/"},{"@type":"ListItem","position":2,"name":"Term\u00e9kek","item":"https:\/\/www.blecha.at\/hu\/termekek\/"},{"@type":"ListItem","position":3,"name":"Standard profilok"}]},{"@type":"WebSite","@id":"https:\/\/www.blecha.at\/#website","url":"https:\/\/www.blecha.at\/","name":"BLECHA","description":"Eine weitere WordPress-Website","potentialAction":[{"@type":"SearchAction","target":{"@type":"EntryPoint","urlTemplate":"https:\/\/www.blecha.at\/?s={search_term_string}"},"query-input":{"@type":"PropertyValueSpecification","valueRequired":true,"valueName":"search_term_string"}}],"inLanguage":"hu"}]}},"_links":{"self":[{"href":"https:\/\/www.blecha.at\/hu\/wp-json\/wp\/v2\/pages\/6125","targetHints":{"allow":["GET"]}}],"collection":[{"href":"https:\/\/www.blecha.at\/hu\/wp-json\/wp\/v2\/pages"}],"about":[{"href":"https:\/\/www.blecha.at\/hu\/wp-json\/wp\/v2\/types\/page"}],"author":[{"embeddable":true,"href":"https:\/\/www.blecha.at\/hu\/wp-json\/wp\/v2\/users\/2"}],"replies":[{"embeddable":true,"href":"https:\/\/www.blecha.at\/hu\/wp-json\/wp\/v2\/comments?post=6125"}],"version-history":[{"count":6,"href":"https:\/\/www.blecha.at\/hu\/wp-json\/wp\/v2\/pages\/6125\/revisions"}],"predecessor-version":[{"id":27828,"href":"https:\/\/www.blecha.at\/hu\/wp-json\/wp\/v2\/pages\/6125\/revisions\/27828"}],"up":[{"embeddable":true,"href":"https:\/\/www.blecha.at\/hu\/wp-json\/wp\/v2\/pages\/5417"}],"wp:featuredmedia":[{"embeddable":true,"href":"https:\/\/www.blecha.at\/hu\/wp-json\/wp\/v2\/media\/6127"}],"wp:attachment":[{"href":"https:\/\/www.blecha.at\/hu\/wp-json\/wp\/v2\/media?parent=6125"}],"curies":[{"name":"wp","href":"https:\/\/api.w.org\/{rel}","templated":true}]}}