{"id":22285,"date":"2023-09-13T15:38:36","date_gmt":"2023-09-13T13:38:36","guid":{"rendered":"https:\/\/www.blecha.at\/?page_id=22285"},"modified":"2026-01-26T16:38:23","modified_gmt":"2026-01-26T15:38:23","slug":"frangisole-e-zanzariere","status":"publish","type":"page","link":"https:\/\/www.blecha.at\/it\/prodotti\/profili-speciali\/frangisole-e-zanzariere\/","title":{"rendered":"Frangisole e zanzariere"},"content":{"rendered":"\n<p>Profili in alluminio per frangisole e zanzariere \u2013 Durevoli, stabili e sostenibili<\/p>\n\n\n\n<p>I sistemi Frangisole e per zanzariere sono diventati una parte indispensabile dell&#8217;architettura e dell&#8217;edilizia moderna. Non solo proteggono dal calore, dai riflessi e dagli insetti, ma contribuiscono anche all&#8217;efficienza energetica e alla qualit\u00e0 della vita. Con i nostri profili in alluminio di alta qualit\u00e0 offriamo soluzioni durevoli, resistenti alle intemperie e visivamente accattivanti per diverse applicazioni: dagli edifici residenziali alle propriet\u00e0 commerciali e agli edifici pubblici.<\/p>\n\n\n\n<p>Con la nostra lunga esperienza nella commercializzazione di alluminio, offriamo un&#8217;ampia gamma di profili in alluminio per la protezione solare e dagli insetti, caratterizzati da durevolezza, resistenza alla corrosione e versatilit\u00e0.<\/p>\n\n\n\n<p>Frangisole con lamelle in alluminio e profili di supporto<\/p>\n\n\n\n<p>Un\u2019efficace frangisole non solo riduce la radiazione termica, ma garantisce anche un clima ambientale piacevole. Le nostre lamelle in alluminio rappresentano la scelta ideale per soluzioni personalizzate di protezione solare. Sono disponibili in diverse dimensioni e design, tra cui le nostre famose doghe romboidali, che conferiscono un aspetto moderno ed elegante.<\/p>\n\n\n\n<p>Queste lamelle vengono spesso utilizzate per ombreggiare le facciate, pergolati o pareti divisorie. Oltre a proteggere dalla luce solare diretta, sono anche staticamente resistenti, facili da pulire e antiruggine. Grazie al materiale leggero ma stabile, le lamelle in alluminio sono ideali anche per costruzioni di grandi dimensioni.<\/p>\n\n\n\n<p>Un altro prodotto essenziale della nostra gamma \u00e8 il profilo di supporto per coperture. Viene spesso utilizzato per la costruzione di tetti per terrazze, carport o giardini d&#8217;inverno e offre una base robusta per un&#8217;ampia gamma di strutture di tetti.<\/p>\n\n\n\n<p>Zanzariere \u2013 soluzioni durevoli in alluminio<\/p>\n\n\n\n<p>Una protezione affidabile contro gli insetti garantisce maggiore comfort, soprattutto nei mesi pi\u00f9 caldi. I nostri profili in alluminio anti-insetti sono ideali per la realizzazione di telai per zanzariere, porte o sistemi scorrevoli.<\/p>\n\n\n\n<p>Mentre molti sistemi di protezione dagli insetti sono realizzati in plastica, l&#8217;alluminio offre una stabilit\u00e0, una resistenza ai raggi UV e una durata notevolmente maggiori. Inoltre, i profili in alluminio sono particolarmente facili da manutenere e si adattano perfettamente all&#8217;architettura moderna.<\/p>\n\n\n\n<p>Profili per tapparelle \u2013 protezione dal sole, dal calore e dagli sguardi indiscreti<\/p>\n\n\n\n<p>I nostri profili per tapparelle in alluminio rappresentano la soluzione ideale per garantire privacy, isolamento termico e maggiore sicurezza. Rispetto alle tapparelle in plastica, i profili in alluminio sono notevolmente pi\u00f9 resistenti e durevoli.<\/p>\n\n\n\n<p>Le tapparelle avvolgibili offrono numerosi vantaggi: Protezione solare: riduce la luce solare diretta e garantisce un clima interno piacevole. Isolamento termico: riduce i costi energetici riducendo le spese di riscaldamento e raffreddamento. Sicurezza: rende pi\u00f9 difficili le effrazioni e protegge da sguardi indesiderati.<\/p>\n\n\n\n<p>sostenibilit\u00e0 e rispetto dell&#8217;ambiente<\/p>\n\n\n\n<p>L&#8217;alluminio \u00e8 un materiale particolarmente sostenibile perch\u00e9 \u00e8 riciclabile quasi al 100% senza perdere qualit\u00e0. I nostri profili in alluminio non solo offrono una lunga durata, ma rappresentano anche un&#8217;alternativa pi\u00f9 ecologica alle soluzioni in plastica. Utilizzando materiali di alta qualit\u00e0, contribuiamo attivamente alla creazione di soluzioni durature e che consentono di risparmiare risorse per la protezione solare e dagli insetti.<\/p>\n\n\n\n<p>BLECHA \u2013 il tuo partner affidabile per i profili in alluminio<\/p>\n\n\n\n<p>Con 4 decenni di esperienza nel commercio dell&#8217;alluminio, offriamo ai nostri clienti un&#8217;ampia gamma di profili di alta qualit\u00e0 per un&#8217;ampia gamma di applicazioni. Grazie al nostro ampio magazzino possiamo evadere gli ordini in modo rapido e flessibile.<\/p>\n\n\n\n<p>Logistica affidabile: grazie alla collaborazione con spedizionieri e servizi pacchi, nonch\u00e9 alla nostra flotta, garantiamo che il vostro ordine arrivi in \u200b\u200bmodo sicuro e puntuale, sia in Austria che nei paesi limitrofi.<\/p>\n\n\n\n<p>Che si tratti di lamelle in alluminio per frangisole, profili per zanzariere o profili per avvolgibili, da BLECHA troverete le soluzioni in alluminio adatte ai vostri progetti. Contattateci oggi stesso e lasciatevi convincere dalla variet\u00e0 dei nostri prodotti!<\/p>\n","protected":false},"excerpt":{"rendered":"Profili in alluminio per frangisole e zanzariere \u2013 Durevoli, stabili e sostenibili I sistemi Frangisole e per zanzariere sono diventati una parte indispensabile dell&#8217;architettura e dell&#8217;edilizia moderna. Non solo proteggono dal calore, dai riflessi e dagli insetti, ma contribuiscono anche all&#8217;efficienza energetica e alla qualit\u00e0 della vita. Con i nostri profili in alluminio di alta [&hellip;]","protected":false},"author":2,"featured_media":0,"parent":5859,"menu_order":0,"comment_status":"closed","ping_status":"closed","template":"page-zaunsysteme-details.php","meta":{"_acf_changed":false,"footnotes":""},"class_list":["post-22285","page","type-page","status-publish","hentry"],"acf":[],"yoast_head":"<!-- This site is optimized with the Yoast SEO plugin v27.3 - https:\/\/yoast.com\/product\/yoast-seo-wordpress\/ -->\n<title>Frangisole e zanzariere | BLECHA ALUPROFILE<\/title>\n<meta name=\"description\" content=\"Scoprite le nostre soluzioni di alta qualit\u00e0 per la protezione solare e dagli insetti in alluminio. I nostri prodotti offrono la soluzione ideale per un&#039;efficace protezione solare e allo stesso tempo contro gli insetti.\" \/>\n<meta name=\"robots\" content=\"index, follow, max-snippet:-1, max-image-preview:large, max-video-preview:-1\" \/>\n<link rel=\"canonical\" href=\"https:\/\/www.blecha.at\/it\/prodotti\/profili-speciali\/frangisole-e-zanzariere\/\" \/>\n<meta property=\"og:locale\" content=\"it_IT\" \/>\n<meta property=\"og:type\" content=\"article\" \/>\n<meta property=\"og:title\" content=\"Frangisole e zanzariere | BLECHA ALUPROFILE\" \/>\n<meta property=\"og:description\" content=\"Scoprite le nostre soluzioni di alta qualit\u00e0 per la protezione solare e dagli insetti in alluminio. I nostri prodotti offrono la soluzione ideale per un&#039;efficace protezione solare e allo stesso tempo contro gli insetti.\" \/>\n<meta property=\"og:url\" content=\"https:\/\/www.blecha.at\/it\/prodotti\/profili-speciali\/frangisole-e-zanzariere\/\" \/>\n<meta property=\"og:site_name\" content=\"BLECHA\" \/>\n<meta property=\"article:modified_time\" content=\"2026-01-26T15:38:23+00:00\" \/>\n<meta property=\"og:image\" content=\"https:\/\/www.blecha.at\/wp-content\/uploads\/2021\/02\/blecha-unternehmen-auswahl-gebaeude-3-scaled.jpg\" \/>\n\t<meta property=\"og:image:width\" content=\"2560\" \/>\n\t<meta property=\"og:image:height\" content=\"1642\" \/>\n\t<meta property=\"og:image:type\" content=\"image\/jpeg\" \/>\n<meta name=\"twitter:card\" content=\"summary_large_image\" \/>\n<meta name=\"twitter:label1\" content=\"Tempo di lettura stimato\" \/>\n\t<meta name=\"twitter:data1\" content=\"4 minuti\" \/>\n<script type=\"application\/ld+json\" class=\"yoast-schema-graph\">{\"@context\":\"https:\\\/\\\/schema.org\",\"@graph\":[{\"@type\":\"WebPage\",\"@id\":\"https:\\\/\\\/www.blecha.at\\\/it\\\/prodotti\\\/profili-speciali\\\/frangisole-e-zanzariere\\\/\",\"url\":\"https:\\\/\\\/www.blecha.at\\\/it\\\/prodotti\\\/profili-speciali\\\/frangisole-e-zanzariere\\\/\",\"name\":\"Frangisole e zanzariere | BLECHA ALUPROFILE\",\"isPartOf\":{\"@id\":\"https:\\\/\\\/www.blecha.at\\\/#website\"},\"datePublished\":\"2023-09-13T13:38:36+00:00\",\"dateModified\":\"2026-01-26T15:38:23+00:00\",\"description\":\"Scoprite le nostre soluzioni di alta qualit\u00e0 per la protezione solare e dagli insetti in alluminio. I nostri prodotti offrono la soluzione ideale per un'efficace protezione solare e allo stesso tempo contro gli insetti.\",\"breadcrumb\":{\"@id\":\"https:\\\/\\\/www.blecha.at\\\/it\\\/prodotti\\\/profili-speciali\\\/frangisole-e-zanzariere\\\/#breadcrumb\"},\"inLanguage\":\"it-IT\",\"potentialAction\":[{\"@type\":\"ReadAction\",\"target\":[\"https:\\\/\\\/www.blecha.at\\\/it\\\/prodotti\\\/profili-speciali\\\/frangisole-e-zanzariere\\\/\"]}]},{\"@type\":\"BreadcrumbList\",\"@id\":\"https:\\\/\\\/www.blecha.at\\\/it\\\/prodotti\\\/profili-speciali\\\/frangisole-e-zanzariere\\\/#breadcrumb\",\"itemListElement\":[{\"@type\":\"ListItem\",\"position\":1,\"name\":\"Home\",\"item\":\"https:\\\/\\\/www.blecha.at\\\/it\\\/\"},{\"@type\":\"ListItem\",\"position\":2,\"name\":\"Prodotti\",\"item\":\"https:\\\/\\\/www.blecha.at\\\/it\\\/prodotti\\\/\"},{\"@type\":\"ListItem\",\"position\":3,\"name\":\"Profili speciali\",\"item\":\"https:\\\/\\\/www.blecha.at\\\/it\\\/prodotti\\\/profili-speciali\\\/\"},{\"@type\":\"ListItem\",\"position\":4,\"name\":\"Frangisole e zanzariere\"}]},{\"@type\":\"WebSite\",\"@id\":\"https:\\\/\\\/www.blecha.at\\\/#website\",\"url\":\"https:\\\/\\\/www.blecha.at\\\/\",\"name\":\"BLECHA\",\"description\":\"Eine weitere WordPress-Website\",\"potentialAction\":[{\"@type\":\"SearchAction\",\"target\":{\"@type\":\"EntryPoint\",\"urlTemplate\":\"https:\\\/\\\/www.blecha.at\\\/?s={search_term_string}\"},\"query-input\":{\"@type\":\"PropertyValueSpecification\",\"valueRequired\":true,\"valueName\":\"search_term_string\"}}],\"inLanguage\":\"it-IT\"}]}<\/script>\n<!-- \/ Yoast SEO plugin. -->","yoast_head_json":{"title":"Frangisole e zanzariere | BLECHA ALUPROFILE","description":"Scoprite le nostre soluzioni di alta qualit\u00e0 per la protezione solare e dagli insetti in alluminio. I nostri prodotti offrono la soluzione ideale per un'efficace protezione solare e allo stesso tempo contro gli insetti.","robots":{"index":"index","follow":"follow","max-snippet":"max-snippet:-1","max-image-preview":"max-image-preview:large","max-video-preview":"max-video-preview:-1"},"canonical":"https:\/\/www.blecha.at\/it\/prodotti\/profili-speciali\/frangisole-e-zanzariere\/","og_locale":"it_IT","og_type":"article","og_title":"Frangisole e zanzariere | BLECHA ALUPROFILE","og_description":"Scoprite le nostre soluzioni di alta qualit\u00e0 per la protezione solare e dagli insetti in alluminio. I nostri prodotti offrono la soluzione ideale per un'efficace protezione solare e allo stesso tempo contro gli insetti.","og_url":"https:\/\/www.blecha.at\/it\/prodotti\/profili-speciali\/frangisole-e-zanzariere\/","og_site_name":"BLECHA","article_modified_time":"2026-01-26T15:38:23+00:00","og_image":[{"width":2560,"height":1642,"url":"https:\/\/www.blecha.at\/wp-content\/uploads\/2021\/02\/blecha-unternehmen-auswahl-gebaeude-3-scaled.jpg","type":"image\/jpeg"}],"twitter_card":"summary_large_image","twitter_misc":{"Tempo di lettura stimato":"4 minuti"},"schema":{"@context":"https:\/\/schema.org","@graph":[{"@type":"WebPage","@id":"https:\/\/www.blecha.at\/it\/prodotti\/profili-speciali\/frangisole-e-zanzariere\/","url":"https:\/\/www.blecha.at\/it\/prodotti\/profili-speciali\/frangisole-e-zanzariere\/","name":"Frangisole e zanzariere | BLECHA ALUPROFILE","isPartOf":{"@id":"https:\/\/www.blecha.at\/#website"},"datePublished":"2023-09-13T13:38:36+00:00","dateModified":"2026-01-26T15:38:23+00:00","description":"Scoprite le nostre soluzioni di alta qualit\u00e0 per la protezione solare e dagli insetti in alluminio. I nostri prodotti offrono la soluzione ideale per un'efficace protezione solare e allo stesso tempo contro gli insetti.","breadcrumb":{"@id":"https:\/\/www.blecha.at\/it\/prodotti\/profili-speciali\/frangisole-e-zanzariere\/#breadcrumb"},"inLanguage":"it-IT","potentialAction":[{"@type":"ReadAction","target":["https:\/\/www.blecha.at\/it\/prodotti\/profili-speciali\/frangisole-e-zanzariere\/"]}]},{"@type":"BreadcrumbList","@id":"https:\/\/www.blecha.at\/it\/prodotti\/profili-speciali\/frangisole-e-zanzariere\/#breadcrumb","itemListElement":[{"@type":"ListItem","position":1,"name":"Home","item":"https:\/\/www.blecha.at\/it\/"},{"@type":"ListItem","position":2,"name":"Prodotti","item":"https:\/\/www.blecha.at\/it\/prodotti\/"},{"@type":"ListItem","position":3,"name":"Profili speciali","item":"https:\/\/www.blecha.at\/it\/prodotti\/profili-speciali\/"},{"@type":"ListItem","position":4,"name":"Frangisole e zanzariere"}]},{"@type":"WebSite","@id":"https:\/\/www.blecha.at\/#website","url":"https:\/\/www.blecha.at\/","name":"BLECHA","description":"Eine weitere WordPress-Website","potentialAction":[{"@type":"SearchAction","target":{"@type":"EntryPoint","urlTemplate":"https:\/\/www.blecha.at\/?s={search_term_string}"},"query-input":{"@type":"PropertyValueSpecification","valueRequired":true,"valueName":"search_term_string"}}],"inLanguage":"it-IT"}]}},"_links":{"self":[{"href":"https:\/\/www.blecha.at\/it\/wp-json\/wp\/v2\/pages\/22285","targetHints":{"allow":["GET"]}}],"collection":[{"href":"https:\/\/www.blecha.at\/it\/wp-json\/wp\/v2\/pages"}],"about":[{"href":"https:\/\/www.blecha.at\/it\/wp-json\/wp\/v2\/types\/page"}],"author":[{"embeddable":true,"href":"https:\/\/www.blecha.at\/it\/wp-json\/wp\/v2\/users\/2"}],"replies":[{"embeddable":true,"href":"https:\/\/www.blecha.at\/it\/wp-json\/wp\/v2\/comments?post=22285"}],"version-history":[{"count":6,"href":"https:\/\/www.blecha.at\/it\/wp-json\/wp\/v2\/pages\/22285\/revisions"}],"predecessor-version":[{"id":31810,"href":"https:\/\/www.blecha.at\/it\/wp-json\/wp\/v2\/pages\/22285\/revisions\/31810"}],"up":[{"embeddable":true,"href":"https:\/\/www.blecha.at\/it\/wp-json\/wp\/v2\/pages\/5859"}],"wp:attachment":[{"href":"https:\/\/www.blecha.at\/it\/wp-json\/wp\/v2\/media?parent=22285"}],"curies":[{"name":"wp","href":"https:\/\/api.w.org\/{rel}","templated":true}]}}