{"id":11356,"date":"2021-01-22T23:26:07","date_gmt":"2021-01-22T22:26:07","guid":{"rendered":"https:\/\/www.blecha.at\/produkty\/zulieferteile-fuer-saugfoerderanlagen\/"},"modified":"2022-02-22T15:42:05","modified_gmt":"2022-02-22T14:42:05","slug":"armatura-pneumatyczna","status":"publish","type":"page","link":"https:\/\/www.blecha.at\/pl\/produkty\/armatura-pneumatyczna\/","title":{"rendered":"Armatura pneumatyczna"},"content":{"rendered":"\n<section id=\"sectionTwo\" class=\"mt-lg-n11 py-8 py-md-11 px-lg-9 border-left border-right border-right-lg-none bg-white\">\n\n\n<div class=\"wp-bootstrap-blocks-container container-fluid mb-0\">\n\t\n<div class=\"wp-bootstrap-blocks-row row mx-auto\">\n\t\n\n<div class=\"col-12 col-md-10\">\n\t\t\t\n\n<h2 class=\"text-secondary scroll-fade-bottom-up visibility-hidden wp-block-heading\" id=\"szeroka-oferta-roznych-elementowprzeznaczonych-do-systemow-transportu-granulatu-w-przemysle-tworzyw-sztucznych-badz-tez-innych-materialow-sypkich\">Szeroka oferta r\u00f3\u017cnych element\u00f3w<br>przeznaczonych do system\u00f3w transportu granulatu w przemy\u015ble tworzyw sztucznych b\u0105d\u017a te\u017c innych materia\u0142\u00f3w sypkich.<\/h2>\n\n\n\n<p class=\"scroll-fade-bottom-up visibility-hidden\">Opr\u00f3cz aluminiowych \u0142uk\u00f3w rurowych, \u0142uk\u00f3w rurowych wykonanych ze stali nierdzewnej (na \u017cyczenie z przed\u0142u\u017ceniem jednej lub dw\u00f3ch stron) w r\u00f3\u017cnych wymiarach, tr\u00f3jnik\u00f3w, redukcji i kolan, nasz program obejmuje r\u00f3wnie\u017c akcesoria do przeno\u015bnik\u00f3w pneumatycznych ss\u0105co-t\u0142ocz\u0105cych. Dostarczamy bezpo\u015brednio z magazynu: z\u0142\u0105czki rurowe i z\u0142\u0105cza STORZ, obejmy rurowe, uchwyty rurowe &#8211; zaciski ze stali ocynkowanej, obejmy Morris, szyny monta\u017cowe i w\u0119\u017ce PVC ze spiral\u0105 stalow\u0105 (Vidaspir F).<\/p>\n\n\n\n<p>Kolana wed\u0142ug rysunk\u00f3w klienta, kolana szklane i rozdzielacze rur mo\u017cemy Dostarczy\u0107 w bardzo kr\u00f3tkim czasie.<\/p>\n\n\t<\/div>\n\n<\/div>\n\n<\/div>\n\n\n\n<\/section>\n\n\n\n<div style=\"height:10px\" aria-hidden=\"true\" class=\"wp-block-spacer\"><\/div>\n\n\n\n<section data-jarallax=\"\" data-speed=\".8\" class=\"py-12 py-md-13 overlay overlay-black overlay-40 bg-cover jarallax\" style=\"background-image: url(\/wp-content\/uploads\/2021\/08\/blecha-aluminium-profile-zulieferteile.jpg);\">\n  <div class=\"container\">\n    <div class=\"row mx-auto\">\n      <div class=\"col-12 col-md-10\">\n        <!-- Blockquote -->\n        <blockquote class=\"blockquote mb-0\"> \n          \n          <!-- Text -->\n          <p class=\"h2 text-white text-left font-regular scroll-fade-bottom-up visibility-hidden\">Dbamy o r\u00f3\u017cnorodno\u015b\u0107 naszej oferty. Zapraszamy do przejrzenia naszej oferty i dokonania odpowiedniego wyboru.<\/p>\n\n\n<div class=\"wp-bootstrap-blocks-button\">\n\t<a\n\t\thref=\"https:\/\/www.aluprofil.at\/pl\/zlaczki-rurowe\/armatura-pneumatyczna\/\"\n\t\t\t\t\t\tclass=\"btn mt-4 scroll-fade-bottom-up visibility-hidden btn-secondary\"\n\t>\n\t\tDo asortymentu\t<\/a>\n<\/div>\n\n\n\n<\/blockquote>\n      <\/div>\n    <\/div>\n  <\/div>\n<\/section>\n","protected":false},"excerpt":{"rendered":"Dbamy o r\u00f3\u017cnorodno\u015b\u0107 naszej oferty. Zapraszamy do przejrzenia naszej oferty i dokonania odpowiedniego wyboru.","protected":false},"author":2,"featured_media":11358,"parent":5427,"menu_order":0,"comment_status":"closed","ping_status":"closed","template":"page-produkte.php","meta":{"_acf_changed":false,"footnotes":""},"class_list":["post-11356","page","type-page","status-publish","has-post-thumbnail","hentry"],"acf":[],"yoast_head":"<!-- This site is optimized with the Yoast SEO plugin v27.3 - https:\/\/yoast.com\/product\/yoast-seo-wordpress\/ -->\n<title>Armatura pneumatyczna | BLECHA<\/title>\n<meta name=\"description\" content=\"Nasz program obejmuje dostaw\u0119 r\u00f3\u017cnych element\u00f3w przeznaczonych do system\u00f3w transportu granulatu w przemy\u015ble tworzyw sztucznych b\u0105d\u017a te\u017c innych materia\u0142\u00f3w sypkich.\" \/>\n<meta name=\"robots\" content=\"index, follow, max-snippet:-1, max-image-preview:large, max-video-preview:-1\" \/>\n<link rel=\"canonical\" href=\"https:\/\/www.blecha.at\/pl\/produkty\/armatura-pneumatyczna\/\" \/>\n<meta property=\"og:locale\" content=\"pl_PL\" \/>\n<meta property=\"og:type\" content=\"article\" \/>\n<meta property=\"og:title\" content=\"Armatura pneumatyczna | BLECHA\" \/>\n<meta property=\"og:description\" content=\"Nasz program obejmuje dostaw\u0119 r\u00f3\u017cnych element\u00f3w przeznaczonych do system\u00f3w transportu granulatu w przemy\u015ble tworzyw sztucznych b\u0105d\u017a te\u017c innych materia\u0142\u00f3w sypkich.\" \/>\n<meta property=\"og:url\" content=\"https:\/\/www.blecha.at\/pl\/produkty\/armatura-pneumatyczna\/\" \/>\n<meta property=\"og:site_name\" content=\"BLECHA\" \/>\n<meta property=\"article:modified_time\" content=\"2022-02-22T14:42:05+00:00\" \/>\n<meta property=\"og:image\" content=\"https:\/\/www.blecha.at\/wp-content\/uploads\/2021\/03\/blecha-zulieferteile-fuer-saugfoerderanlagen-1-thumbnail.jpg\" \/>\n\t<meta property=\"og:image:width\" content=\"1600\" \/>\n\t<meta property=\"og:image:height\" content=\"1600\" \/>\n\t<meta property=\"og:image:type\" content=\"image\/jpeg\" \/>\n<meta name=\"twitter:card\" content=\"summary_large_image\" \/>\n<meta name=\"twitter:label1\" content=\"Szacowany czas czytania\" \/>\n\t<meta name=\"twitter:data1\" content=\"1 minuta\" \/>\n<script type=\"application\/ld+json\" class=\"yoast-schema-graph\">{\"@context\":\"https:\\\/\\\/schema.org\",\"@graph\":[{\"@type\":\"WebPage\",\"@id\":\"https:\\\/\\\/www.blecha.at\\\/pl\\\/produkty\\\/armatura-pneumatyczna\\\/\",\"url\":\"https:\\\/\\\/www.blecha.at\\\/pl\\\/produkty\\\/armatura-pneumatyczna\\\/\",\"name\":\"Armatura pneumatyczna | BLECHA\",\"isPartOf\":{\"@id\":\"https:\\\/\\\/www.blecha.at\\\/#website\"},\"primaryImageOfPage\":{\"@id\":\"https:\\\/\\\/www.blecha.at\\\/pl\\\/produkty\\\/armatura-pneumatyczna\\\/#primaryimage\"},\"image\":{\"@id\":\"https:\\\/\\\/www.blecha.at\\\/pl\\\/produkty\\\/armatura-pneumatyczna\\\/#primaryimage\"},\"thumbnailUrl\":\"https:\\\/\\\/www.blecha.at\\\/wp-content\\\/uploads\\\/2021\\\/03\\\/blecha-zulieferteile-fuer-saugfoerderanlagen-1-thumbnail.jpg\",\"datePublished\":\"2021-01-22T22:26:07+00:00\",\"dateModified\":\"2022-02-22T14:42:05+00:00\",\"description\":\"Nasz program obejmuje dostaw\u0119 r\u00f3\u017cnych element\u00f3w przeznaczonych do system\u00f3w transportu granulatu w przemy\u015ble tworzyw sztucznych b\u0105d\u017a te\u017c innych materia\u0142\u00f3w sypkich.\",\"breadcrumb\":{\"@id\":\"https:\\\/\\\/www.blecha.at\\\/pl\\\/produkty\\\/armatura-pneumatyczna\\\/#breadcrumb\"},\"inLanguage\":\"pl-PL\",\"potentialAction\":[{\"@type\":\"ReadAction\",\"target\":[\"https:\\\/\\\/www.blecha.at\\\/pl\\\/produkty\\\/armatura-pneumatyczna\\\/\"]}]},{\"@type\":\"ImageObject\",\"inLanguage\":\"pl-PL\",\"@id\":\"https:\\\/\\\/www.blecha.at\\\/pl\\\/produkty\\\/armatura-pneumatyczna\\\/#primaryimage\",\"url\":\"https:\\\/\\\/www.blecha.at\\\/wp-content\\\/uploads\\\/2021\\\/03\\\/blecha-zulieferteile-fuer-saugfoerderanlagen-1-thumbnail.jpg\",\"contentUrl\":\"https:\\\/\\\/www.blecha.at\\\/wp-content\\\/uploads\\\/2021\\\/03\\\/blecha-zulieferteile-fuer-saugfoerderanlagen-1-thumbnail.jpg\",\"width\":1600,\"height\":1600},{\"@type\":\"BreadcrumbList\",\"@id\":\"https:\\\/\\\/www.blecha.at\\\/pl\\\/produkty\\\/armatura-pneumatyczna\\\/#breadcrumb\",\"itemListElement\":[{\"@type\":\"ListItem\",\"position\":1,\"name\":\"Home\",\"item\":\"https:\\\/\\\/www.blecha.at\\\/pl\\\/\"},{\"@type\":\"ListItem\",\"position\":2,\"name\":\"Produkty\",\"item\":\"https:\\\/\\\/www.blecha.at\\\/pl\\\/produkty\\\/\"},{\"@type\":\"ListItem\",\"position\":3,\"name\":\"Armatura pneumatyczna\"}]},{\"@type\":\"WebSite\",\"@id\":\"https:\\\/\\\/www.blecha.at\\\/#website\",\"url\":\"https:\\\/\\\/www.blecha.at\\\/\",\"name\":\"BLECHA\",\"description\":\"Eine weitere WordPress-Website\",\"potentialAction\":[{\"@type\":\"SearchAction\",\"target\":{\"@type\":\"EntryPoint\",\"urlTemplate\":\"https:\\\/\\\/www.blecha.at\\\/?s={search_term_string}\"},\"query-input\":{\"@type\":\"PropertyValueSpecification\",\"valueRequired\":true,\"valueName\":\"search_term_string\"}}],\"inLanguage\":\"pl-PL\"}]}<\/script>\n<!-- \/ Yoast SEO plugin. -->","yoast_head_json":{"title":"Armatura pneumatyczna | BLECHA","description":"Nasz program obejmuje dostaw\u0119 r\u00f3\u017cnych element\u00f3w przeznaczonych do system\u00f3w transportu granulatu w przemy\u015ble tworzyw sztucznych b\u0105d\u017a te\u017c innych materia\u0142\u00f3w sypkich.","robots":{"index":"index","follow":"follow","max-snippet":"max-snippet:-1","max-image-preview":"max-image-preview:large","max-video-preview":"max-video-preview:-1"},"canonical":"https:\/\/www.blecha.at\/pl\/produkty\/armatura-pneumatyczna\/","og_locale":"pl_PL","og_type":"article","og_title":"Armatura pneumatyczna | BLECHA","og_description":"Nasz program obejmuje dostaw\u0119 r\u00f3\u017cnych element\u00f3w przeznaczonych do system\u00f3w transportu granulatu w przemy\u015ble tworzyw sztucznych b\u0105d\u017a te\u017c innych materia\u0142\u00f3w sypkich.","og_url":"https:\/\/www.blecha.at\/pl\/produkty\/armatura-pneumatyczna\/","og_site_name":"BLECHA","article_modified_time":"2022-02-22T14:42:05+00:00","og_image":[{"width":1600,"height":1600,"url":"https:\/\/www.blecha.at\/wp-content\/uploads\/2021\/03\/blecha-zulieferteile-fuer-saugfoerderanlagen-1-thumbnail.jpg","type":"image\/jpeg"}],"twitter_card":"summary_large_image","twitter_misc":{"Szacowany czas czytania":"1 minuta"},"schema":{"@context":"https:\/\/schema.org","@graph":[{"@type":"WebPage","@id":"https:\/\/www.blecha.at\/pl\/produkty\/armatura-pneumatyczna\/","url":"https:\/\/www.blecha.at\/pl\/produkty\/armatura-pneumatyczna\/","name":"Armatura pneumatyczna | BLECHA","isPartOf":{"@id":"https:\/\/www.blecha.at\/#website"},"primaryImageOfPage":{"@id":"https:\/\/www.blecha.at\/pl\/produkty\/armatura-pneumatyczna\/#primaryimage"},"image":{"@id":"https:\/\/www.blecha.at\/pl\/produkty\/armatura-pneumatyczna\/#primaryimage"},"thumbnailUrl":"https:\/\/www.blecha.at\/wp-content\/uploads\/2021\/03\/blecha-zulieferteile-fuer-saugfoerderanlagen-1-thumbnail.jpg","datePublished":"2021-01-22T22:26:07+00:00","dateModified":"2022-02-22T14:42:05+00:00","description":"Nasz program obejmuje dostaw\u0119 r\u00f3\u017cnych element\u00f3w przeznaczonych do system\u00f3w transportu granulatu w przemy\u015ble tworzyw sztucznych b\u0105d\u017a te\u017c innych materia\u0142\u00f3w sypkich.","breadcrumb":{"@id":"https:\/\/www.blecha.at\/pl\/produkty\/armatura-pneumatyczna\/#breadcrumb"},"inLanguage":"pl-PL","potentialAction":[{"@type":"ReadAction","target":["https:\/\/www.blecha.at\/pl\/produkty\/armatura-pneumatyczna\/"]}]},{"@type":"ImageObject","inLanguage":"pl-PL","@id":"https:\/\/www.blecha.at\/pl\/produkty\/armatura-pneumatyczna\/#primaryimage","url":"https:\/\/www.blecha.at\/wp-content\/uploads\/2021\/03\/blecha-zulieferteile-fuer-saugfoerderanlagen-1-thumbnail.jpg","contentUrl":"https:\/\/www.blecha.at\/wp-content\/uploads\/2021\/03\/blecha-zulieferteile-fuer-saugfoerderanlagen-1-thumbnail.jpg","width":1600,"height":1600},{"@type":"BreadcrumbList","@id":"https:\/\/www.blecha.at\/pl\/produkty\/armatura-pneumatyczna\/#breadcrumb","itemListElement":[{"@type":"ListItem","position":1,"name":"Home","item":"https:\/\/www.blecha.at\/pl\/"},{"@type":"ListItem","position":2,"name":"Produkty","item":"https:\/\/www.blecha.at\/pl\/produkty\/"},{"@type":"ListItem","position":3,"name":"Armatura pneumatyczna"}]},{"@type":"WebSite","@id":"https:\/\/www.blecha.at\/#website","url":"https:\/\/www.blecha.at\/","name":"BLECHA","description":"Eine weitere WordPress-Website","potentialAction":[{"@type":"SearchAction","target":{"@type":"EntryPoint","urlTemplate":"https:\/\/www.blecha.at\/?s={search_term_string}"},"query-input":{"@type":"PropertyValueSpecification","valueRequired":true,"valueName":"search_term_string"}}],"inLanguage":"pl-PL"}]}},"_links":{"self":[{"href":"https:\/\/www.blecha.at\/pl\/wp-json\/wp\/v2\/pages\/11356","targetHints":{"allow":["GET"]}}],"collection":[{"href":"https:\/\/www.blecha.at\/pl\/wp-json\/wp\/v2\/pages"}],"about":[{"href":"https:\/\/www.blecha.at\/pl\/wp-json\/wp\/v2\/types\/page"}],"author":[{"embeddable":true,"href":"https:\/\/www.blecha.at\/pl\/wp-json\/wp\/v2\/users\/2"}],"replies":[{"embeddable":true,"href":"https:\/\/www.blecha.at\/pl\/wp-json\/wp\/v2\/comments?post=11356"}],"version-history":[{"count":6,"href":"https:\/\/www.blecha.at\/pl\/wp-json\/wp\/v2\/pages\/11356\/revisions"}],"predecessor-version":[{"id":14425,"href":"https:\/\/www.blecha.at\/pl\/wp-json\/wp\/v2\/pages\/11356\/revisions\/14425"}],"up":[{"embeddable":true,"href":"https:\/\/www.blecha.at\/pl\/wp-json\/wp\/v2\/pages\/5427"}],"wp:featuredmedia":[{"embeddable":true,"href":"https:\/\/www.blecha.at\/pl\/wp-json\/wp\/v2\/media\/11358"}],"wp:attachment":[{"href":"https:\/\/www.blecha.at\/pl\/wp-json\/wp\/v2\/media?parent=11356"}],"curies":[{"name":"wp","href":"https:\/\/api.w.org\/{rel}","templated":true}]}}