{"id":22286,"date":"2023-09-13T15:38:36","date_gmt":"2023-09-13T13:38:36","guid":{"rendered":"https:\/\/www.blecha.at\/?page_id=22286"},"modified":"2026-01-26T16:39:14","modified_gmt":"2026-01-26T15:39:14","slug":"system-ochrony-przed-sloncem-i-insektami","status":"publish","type":"page","link":"https:\/\/www.blecha.at\/pl\/produkty\/profile-specjalne\/system-ochrony-przed-sloncem-i-insektami\/","title":{"rendered":"System ochrony przed s\u0142o\u0144cem i insektami"},"content":{"rendered":"\n<p>Profile aluminiowe do ochrony przeciws\u0142onecznej i przeciwko insektom \u2013 trwa\u0142e, stabilne i lekkie<a href=\"https:\/\/www.naturitas.pl\/p\/kosmetyki-i-higiena\/pielegnacja-twarzy\/produkty-ochrony-przeciwsonecznej-twarzy\/system-przeciwsoneczny-filtr-przeciwsoneczny-spf50-50-ml-rilastil?srsltid=AfmBOoqo6jrvhIE33J8jj3OKSii-eA9NVQILVHl1JBbEyR6yn57uO1vW\"><\/a><\/p>\n\n\n\n<p>Systemy ochrony przeciws\u0142onecznej i ochrony przed insektami sta\u0142y si\u0119 nieodzownym elementem nowoczesnej architektury i budownictwa. Nie tylko chroni\u0105 przed upa\u0142em, o\u015blepiaj\u0105cym blaskiem i owadami, ale tak\u017ce przyczyniaj\u0105 si\u0119 do <strong>efektywno\u015bci energetycznej<\/strong> i zwi\u0119kszenia <strong>komfortu \u017cycia.<\/strong> Dzi\u0119ki naszym wysokiej jako\u015bci <strong>profilom aluminiowym<\/strong> oferujemy trwa\u0142e, odporne na warunki atmosferyczne i atrakcyjne wizualnie rozwi\u0105zania do r\u00f3\u017cnych zastosowa\u0144 \u2013 od budynk\u00f3w mieszkalnych po obiekty komercyjne i budynki u\u017cyteczno\u015bci publicznej.<\/p>\n\n\n\n<p>Jako do\u015bwiadczony <strong>hurtownik aluminium<\/strong> oferujemy szerok\u0105 gam\u0119 <strong>profili aluminiowych s\u0142u\u017c\u0105cych do ochrony przed s\u0142o\u0144cem i owadami,<\/strong> kt\u00f3re charakteryzuj\u0105 si\u0119 <strong>trwa\u0142o\u015bci\u0105, odporno\u015bci\u0105 na korozj\u0119 i uniwersalno\u015bci\u0105.<\/strong><\/p>\n\n\n\n<p>Ochrona przeciws\u0142oneczna z lamelami i profilami no\u015bnymi<\/p>\n\n\n\n<p>Skuteczna ochrona przeciws\u0142oneczna nie tylko redukuje promieniowanie cieplne, ale r\u00f3wnie\u017c zapewnia przyjemny klimat w pomieszczeniu. Nasze <strong>aluminiowe lamele<\/strong> s\u0105 idealnym wyborem, je\u015bli chodzi o indywidualne rozwi\u0105zania w zakresie ochrony przeciws\u0142onecznej. Dost\u0119pne s\u0105 w <strong>r\u00f3\u017cnych rozmiarach i wzorach,<\/strong> w tym nasze popularne <strong>profile romboidalne<\/strong>, kt\u00f3re zapewniaj\u0105 nowoczesny i stylowy wygl\u0105d.&nbsp;<\/p>\n\n\n\n<p>Tego typu lamele s\u0105 cz\u0119sto stosowane do <strong>zacieniania fasad, pergoli lub te\u017c ekran\u00f3w prywatno\u015bci.<\/strong> Nie tylko zapewniaj\u0105 ochron\u0119 przed bezpo\u015brednim dzia\u0142aniem promieni s\u0142onecznych, ale s\u0105 r\u00f3wnie\u017c <strong>odporne statycznie, \u0142atwe do czyszczenia i odporne na rdz\u0119.<\/strong> Dzi\u0119ki temu, \u017ce s\u0105 lekkie i jednocze\u015bnie stabilne, lamele aluminiowe idealnie nadaj\u0105 si\u0119 r\u00f3wnie\u017c do wi\u0119kszych konstrukcji.<\/p>\n\n\n\n<p>Kolejnym niezb\u0119dnym produktem w naszej ofercie jest <strong>profil no\u015bny<\/strong> znajduj\u0105cy zastosowanie g\u0142\u00f3wnie przy <strong>tworzeniu zadasze\u0144<\/strong>. Jest cz\u0119sto wykorzystywany do <strong>budowy zadasze\u0144 taras\u00f3w, wiat samochodowych lub ogrod\u00f3w zimowych<\/strong> i stanowi solidn\u0105 podstaw\u0119 dla szerokiej gamy konstrukcji dachowych.<\/p>\n\n\n\n<p>Ochrona przed owadami \u2013 trwa\u0142e rozwi\u0105zania z aluminium<\/p>\n\n\n\n<p>Niezawodna ochrona przed insektami zapewnia wi\u0119kszy komfort, szczeg\u00f3lnie w cieplejszych miesi\u0105cach. Nasze <strong>aluminiowe profile zabezpieczaj\u0105ce<\/strong> <strong>przed owadami<\/strong> idealnie nadaj\u0105 si\u0119 do <strong>budowy ram moskitier, drzwi i system\u00f3w przesuwnych.<\/strong><\/p>\n\n\n\n<p>Chocia\u017c wiele system\u00f3w ochrony przed owadami wykonanych jest z plastiku, aluminium zapewnia znacznie <strong>wi\u0119ksz\u0105 stabilno\u015b\u0107, odporno\u015b\u0107 na promieniowanie UV i trwa\u0142o\u015b\u0107.<\/strong> Ponadto profile aluminiowe s\u0105 wyj\u0105tkowo \u0142atwe w utrzymaniu i doskonale wpasowuj\u0105 si\u0119 w nowoczesn\u0105 architektur\u0119.<\/p>\n\n\n\n<p>Profile roletowe \u2013 ochrona przed s\u0142o\u0144cem, upa\u0142ami i ciekawskimi spojrzeniami przechodni\u00f3w<\/p>\n\n\n\n<p>Nasze <strong>aluminiowe profile roletowe<\/strong> s\u0105 idealnym rozwi\u0105zaniem zapewniaj\u0105cym prywatno\u015b\u0107, <strong>izolacj\u0119 termiczn\u0105 i dodatkowe bezpiecze\u0144stwo.<\/strong> W por\u00f3wnaniu do rolet plastikowych, profile aluminiowe s\u0105 znacznie bardziej <strong>odporne i trwa\u0142e.<\/strong><\/p>\n\n\n\n<p>Rolety zewn\u0119trzne oferuj\u0105 liczne zalety:<br><strong>Ochrona przeciws\u0142oneczna<\/strong>: redukuje bezpo\u015brednie dzia\u0142anie promieni s\u0142onecznych i zapewnia przyjemny klimat wewn\u0105trz.<br><strong>Izolacja termiczna:<\/strong> Zmniejsza koszty energii poprzez redukcj\u0119 koszt\u00f3w ogrzewania i ch\u0142odzenia.<br><strong>Bezpiecze\u0144stwo:<\/strong> Utrudnia w\u0142amanie i chroni przed niechcianymi spojrzeniami przechodni\u00f3w.<\/p>\n\n\n\n<p>Zr\u00f3wnowa\u017cony rozw\u00f3j ekologiczny i przyjazno\u015b\u0107 dla \u015brodowiska<\/p>\n\n\n\n<p>Aluminium jest materia\u0142em <strong>wysoce zr\u00f3wnowa\u017conym ekologicznie, gdy\u017c niemal w 100% nadaje si\u0119 do recyklingu <\/strong>bez utraty jako\u015bci. Nasze profile aluminiowe nie tylko cechuj\u0105 si\u0119 d\u0142ug\u0105 wytrzyma\u0142o\u015bci\u0105 i \u017cywotno\u015bci\u0105, ale s\u0105 r\u00f3wnie\u017c bardziej przyjazn\u0105 dla \u015brodowiska alternatyw\u0105 od rozwi\u0105za\u0144 plastikowych. Wykorzystuj\u0105c materia\u0142y najwy\u017cszej jako\u015bci, aktywnie przyczyniamy si\u0119 do tworzenia trwa\u0142ych i oszcz\u0119dnych rozwi\u0105za\u0144 w zakresie ochrony przeciws\u0142onecznej i ochrony przed owadami.<\/p>\n\n\n\n<p>BLECHA \u2013 niezawodny partner w zakresie profili aluminiowych<\/p>\n\n\n\n<p>Dzi\u0119ki czterdziestoletniemu do\u015bwiadczeniu w mi\u0119dzynarodowej sprzeda\u017cy hurtowej aluminium oferujemy naszym klientom szerok\u0105 gam\u0119 wysokiej jako\u015bci profili do r\u00f3\u017cnych zastosowa\u0144. Dzi\u0119ki naszemu <strong>du\u017cemu magazynowi<\/strong> mo\u017cemy realizowa\u0107 zam\u00f3wienia szybko i elastycznie.<\/p>\n\n\n\n<p><strong>Niezawodna logistyka:<\/strong> Dzi\u0119ki wsp\u00f3\u0142pracy ze<strong> spedytorami i firmami kurierskimi, a tak\u017ce w\u0142asnej flocie<\/strong>, gwarantujemy, \u017ce Pa\u0144stwa zam\u00f3wienia dotr\u0105 bezpiecznie i na czas \u2013 zar\u00f3wno w Austrii, jak i w krajach s\u0105siednich.<\/p>\n\n\n\n<p>Niezale\u017cnie od tego, czy chodzi o <strong>aluminiowe lamele do ochrony prywatno\u015bci i ochrony przeciws\u0142onecznej, czy profile zabezpieczaj\u0105ce przed owadami czy te\u017c profile roletowe<\/strong> \u2013 w BLECHA znajd\u0105 Pa\u0144stwo odpowiednie rozwi\u0105zania aluminiowe do wszystkich swoich projekt\u00f3w. Zapraszamy do kontaktu, aby dowiedzie\u0107 si\u0119 wi\u0119cej o naszej szerokiej gamie produkt\u00f3w i us\u0142ug.<\/p>\n","protected":false},"excerpt":{"rendered":"Profile aluminiowe do ochrony przeciws\u0142onecznej i przeciwko insektom \u2013 trwa\u0142e, stabilne i lekkie Systemy ochrony przeciws\u0142onecznej i ochrony przed insektami sta\u0142y si\u0119 nieodzownym elementem nowoczesnej architektury i budownictwa. Nie tylko chroni\u0105 przed upa\u0142em, o\u015blepiaj\u0105cym blaskiem i owadami, ale tak\u017ce przyczyniaj\u0105 si\u0119 do efektywno\u015bci energetycznej i zwi\u0119kszenia komfortu \u017cycia. Dzi\u0119ki naszym wysokiej jako\u015bci profilom aluminiowym oferujemy [&hellip;]","protected":false},"author":2,"featured_media":0,"parent":5889,"menu_order":0,"comment_status":"closed","ping_status":"closed","template":"page-zaunsysteme-details.php","meta":{"_acf_changed":false,"footnotes":""},"class_list":["post-22286","page","type-page","status-publish","hentry"],"acf":[],"yoast_head":"<!-- This site is optimized with the Yoast SEO plugin v27.3 - https:\/\/yoast.com\/product\/yoast-seo-wordpress\/ -->\n<title>System ochrony przed s\u0142o\u0144cem i insektami | BLECHA ALUPROFILE<\/title>\n<meta name=\"description\" content=\"Odkryj nasze wysokiej jako\u015bci rozwi\u0105zania w zakresie ochrony przeciws\u0142onecznej i owad\u00f3w wykonane z aluminium. Nasze produkty stanowi\u0105 idealne rozwi\u0105zanie zapewniaj\u0105ce jednocze\u015bnie skuteczn\u0105 ochron\u0119 przeciws\u0142oneczn\u0105 i ochron\u0119 przed owadami.\" \/>\n<meta name=\"robots\" content=\"index, follow, max-snippet:-1, max-image-preview:large, max-video-preview:-1\" \/>\n<link rel=\"canonical\" href=\"https:\/\/www.blecha.at\/pl\/produkty\/profile-specjalne\/system-ochrony-przed-sloncem-i-insektami\/\" \/>\n<meta property=\"og:locale\" content=\"pl_PL\" \/>\n<meta property=\"og:type\" content=\"article\" \/>\n<meta property=\"og:title\" content=\"System ochrony przed s\u0142o\u0144cem i insektami | BLECHA ALUPROFILE\" \/>\n<meta property=\"og:description\" content=\"Odkryj nasze wysokiej jako\u015bci rozwi\u0105zania w zakresie ochrony przeciws\u0142onecznej i owad\u00f3w wykonane z aluminium. Nasze produkty stanowi\u0105 idealne rozwi\u0105zanie zapewniaj\u0105ce jednocze\u015bnie skuteczn\u0105 ochron\u0119 przeciws\u0142oneczn\u0105 i ochron\u0119 przed owadami.\" \/>\n<meta property=\"og:url\" content=\"https:\/\/www.blecha.at\/pl\/produkty\/profile-specjalne\/system-ochrony-przed-sloncem-i-insektami\/\" \/>\n<meta property=\"og:site_name\" content=\"BLECHA\" \/>\n<meta property=\"article:modified_time\" content=\"2026-01-26T15:39:14+00:00\" \/>\n<meta property=\"og:image\" content=\"https:\/\/www.blecha.at\/wp-content\/uploads\/2021\/02\/blecha-unternehmen-auswahl-gebaeude-3-scaled.jpg\" \/>\n\t<meta property=\"og:image:width\" content=\"2560\" \/>\n\t<meta property=\"og:image:height\" content=\"1642\" \/>\n\t<meta property=\"og:image:type\" content=\"image\/jpeg\" \/>\n<meta name=\"twitter:card\" content=\"summary_large_image\" \/>\n<meta name=\"twitter:label1\" content=\"Szacowany czas czytania\" \/>\n\t<meta name=\"twitter:data1\" content=\"4 minuty\" \/>\n<script type=\"application\/ld+json\" class=\"yoast-schema-graph\">{\"@context\":\"https:\\\/\\\/schema.org\",\"@graph\":[{\"@type\":\"WebPage\",\"@id\":\"https:\\\/\\\/www.blecha.at\\\/pl\\\/produkty\\\/profile-specjalne\\\/system-ochrony-przed-sloncem-i-insektami\\\/\",\"url\":\"https:\\\/\\\/www.blecha.at\\\/pl\\\/produkty\\\/profile-specjalne\\\/system-ochrony-przed-sloncem-i-insektami\\\/\",\"name\":\"System ochrony przed s\u0142o\u0144cem i insektami | BLECHA ALUPROFILE\",\"isPartOf\":{\"@id\":\"https:\\\/\\\/www.blecha.at\\\/#website\"},\"datePublished\":\"2023-09-13T13:38:36+00:00\",\"dateModified\":\"2026-01-26T15:39:14+00:00\",\"description\":\"Odkryj nasze wysokiej jako\u015bci rozwi\u0105zania w zakresie ochrony przeciws\u0142onecznej i owad\u00f3w wykonane z aluminium. Nasze produkty stanowi\u0105 idealne rozwi\u0105zanie zapewniaj\u0105ce jednocze\u015bnie skuteczn\u0105 ochron\u0119 przeciws\u0142oneczn\u0105 i ochron\u0119 przed owadami.\",\"breadcrumb\":{\"@id\":\"https:\\\/\\\/www.blecha.at\\\/pl\\\/produkty\\\/profile-specjalne\\\/system-ochrony-przed-sloncem-i-insektami\\\/#breadcrumb\"},\"inLanguage\":\"pl-PL\",\"potentialAction\":[{\"@type\":\"ReadAction\",\"target\":[\"https:\\\/\\\/www.blecha.at\\\/pl\\\/produkty\\\/profile-specjalne\\\/system-ochrony-przed-sloncem-i-insektami\\\/\"]}]},{\"@type\":\"BreadcrumbList\",\"@id\":\"https:\\\/\\\/www.blecha.at\\\/pl\\\/produkty\\\/profile-specjalne\\\/system-ochrony-przed-sloncem-i-insektami\\\/#breadcrumb\",\"itemListElement\":[{\"@type\":\"ListItem\",\"position\":1,\"name\":\"Home\",\"item\":\"https:\\\/\\\/www.blecha.at\\\/pl\\\/\"},{\"@type\":\"ListItem\",\"position\":2,\"name\":\"Produkty\",\"item\":\"https:\\\/\\\/www.blecha.at\\\/pl\\\/produkty\\\/\"},{\"@type\":\"ListItem\",\"position\":3,\"name\":\"Profile specjalne\",\"item\":\"https:\\\/\\\/www.blecha.at\\\/pl\\\/produkty\\\/profile-specjalne\\\/\"},{\"@type\":\"ListItem\",\"position\":4,\"name\":\"System ochrony przed s\u0142o\u0144cem i insektami\"}]},{\"@type\":\"WebSite\",\"@id\":\"https:\\\/\\\/www.blecha.at\\\/#website\",\"url\":\"https:\\\/\\\/www.blecha.at\\\/\",\"name\":\"BLECHA\",\"description\":\"Eine weitere WordPress-Website\",\"potentialAction\":[{\"@type\":\"SearchAction\",\"target\":{\"@type\":\"EntryPoint\",\"urlTemplate\":\"https:\\\/\\\/www.blecha.at\\\/?s={search_term_string}\"},\"query-input\":{\"@type\":\"PropertyValueSpecification\",\"valueRequired\":true,\"valueName\":\"search_term_string\"}}],\"inLanguage\":\"pl-PL\"}]}<\/script>\n<!-- \/ Yoast SEO plugin. -->","yoast_head_json":{"title":"System ochrony przed s\u0142o\u0144cem i insektami | BLECHA ALUPROFILE","description":"Odkryj nasze wysokiej jako\u015bci rozwi\u0105zania w zakresie ochrony przeciws\u0142onecznej i owad\u00f3w wykonane z aluminium. Nasze produkty stanowi\u0105 idealne rozwi\u0105zanie zapewniaj\u0105ce jednocze\u015bnie skuteczn\u0105 ochron\u0119 przeciws\u0142oneczn\u0105 i ochron\u0119 przed owadami.","robots":{"index":"index","follow":"follow","max-snippet":"max-snippet:-1","max-image-preview":"max-image-preview:large","max-video-preview":"max-video-preview:-1"},"canonical":"https:\/\/www.blecha.at\/pl\/produkty\/profile-specjalne\/system-ochrony-przed-sloncem-i-insektami\/","og_locale":"pl_PL","og_type":"article","og_title":"System ochrony przed s\u0142o\u0144cem i insektami | BLECHA ALUPROFILE","og_description":"Odkryj nasze wysokiej jako\u015bci rozwi\u0105zania w zakresie ochrony przeciws\u0142onecznej i owad\u00f3w wykonane z aluminium. Nasze produkty stanowi\u0105 idealne rozwi\u0105zanie zapewniaj\u0105ce jednocze\u015bnie skuteczn\u0105 ochron\u0119 przeciws\u0142oneczn\u0105 i ochron\u0119 przed owadami.","og_url":"https:\/\/www.blecha.at\/pl\/produkty\/profile-specjalne\/system-ochrony-przed-sloncem-i-insektami\/","og_site_name":"BLECHA","article_modified_time":"2026-01-26T15:39:14+00:00","og_image":[{"width":2560,"height":1642,"url":"https:\/\/www.blecha.at\/wp-content\/uploads\/2021\/02\/blecha-unternehmen-auswahl-gebaeude-3-scaled.jpg","type":"image\/jpeg"}],"twitter_card":"summary_large_image","twitter_misc":{"Szacowany czas czytania":"4 minuty"},"schema":{"@context":"https:\/\/schema.org","@graph":[{"@type":"WebPage","@id":"https:\/\/www.blecha.at\/pl\/produkty\/profile-specjalne\/system-ochrony-przed-sloncem-i-insektami\/","url":"https:\/\/www.blecha.at\/pl\/produkty\/profile-specjalne\/system-ochrony-przed-sloncem-i-insektami\/","name":"System ochrony przed s\u0142o\u0144cem i insektami | BLECHA ALUPROFILE","isPartOf":{"@id":"https:\/\/www.blecha.at\/#website"},"datePublished":"2023-09-13T13:38:36+00:00","dateModified":"2026-01-26T15:39:14+00:00","description":"Odkryj nasze wysokiej jako\u015bci rozwi\u0105zania w zakresie ochrony przeciws\u0142onecznej i owad\u00f3w wykonane z aluminium. Nasze produkty stanowi\u0105 idealne rozwi\u0105zanie zapewniaj\u0105ce jednocze\u015bnie skuteczn\u0105 ochron\u0119 przeciws\u0142oneczn\u0105 i ochron\u0119 przed owadami.","breadcrumb":{"@id":"https:\/\/www.blecha.at\/pl\/produkty\/profile-specjalne\/system-ochrony-przed-sloncem-i-insektami\/#breadcrumb"},"inLanguage":"pl-PL","potentialAction":[{"@type":"ReadAction","target":["https:\/\/www.blecha.at\/pl\/produkty\/profile-specjalne\/system-ochrony-przed-sloncem-i-insektami\/"]}]},{"@type":"BreadcrumbList","@id":"https:\/\/www.blecha.at\/pl\/produkty\/profile-specjalne\/system-ochrony-przed-sloncem-i-insektami\/#breadcrumb","itemListElement":[{"@type":"ListItem","position":1,"name":"Home","item":"https:\/\/www.blecha.at\/pl\/"},{"@type":"ListItem","position":2,"name":"Produkty","item":"https:\/\/www.blecha.at\/pl\/produkty\/"},{"@type":"ListItem","position":3,"name":"Profile specjalne","item":"https:\/\/www.blecha.at\/pl\/produkty\/profile-specjalne\/"},{"@type":"ListItem","position":4,"name":"System ochrony przed s\u0142o\u0144cem i insektami"}]},{"@type":"WebSite","@id":"https:\/\/www.blecha.at\/#website","url":"https:\/\/www.blecha.at\/","name":"BLECHA","description":"Eine weitere WordPress-Website","potentialAction":[{"@type":"SearchAction","target":{"@type":"EntryPoint","urlTemplate":"https:\/\/www.blecha.at\/?s={search_term_string}"},"query-input":{"@type":"PropertyValueSpecification","valueRequired":true,"valueName":"search_term_string"}}],"inLanguage":"pl-PL"}]}},"_links":{"self":[{"href":"https:\/\/www.blecha.at\/pl\/wp-json\/wp\/v2\/pages\/22286","targetHints":{"allow":["GET"]}}],"collection":[{"href":"https:\/\/www.blecha.at\/pl\/wp-json\/wp\/v2\/pages"}],"about":[{"href":"https:\/\/www.blecha.at\/pl\/wp-json\/wp\/v2\/types\/page"}],"author":[{"embeddable":true,"href":"https:\/\/www.blecha.at\/pl\/wp-json\/wp\/v2\/users\/2"}],"replies":[{"embeddable":true,"href":"https:\/\/www.blecha.at\/pl\/wp-json\/wp\/v2\/comments?post=22286"}],"version-history":[{"count":5,"href":"https:\/\/www.blecha.at\/pl\/wp-json\/wp\/v2\/pages\/22286\/revisions"}],"predecessor-version":[{"id":31811,"href":"https:\/\/www.blecha.at\/pl\/wp-json\/wp\/v2\/pages\/22286\/revisions\/31811"}],"up":[{"embeddable":true,"href":"https:\/\/www.blecha.at\/pl\/wp-json\/wp\/v2\/pages\/5889"}],"wp:attachment":[{"href":"https:\/\/www.blecha.at\/pl\/wp-json\/wp\/v2\/media?parent=22286"}],"curies":[{"name":"wp","href":"https:\/\/api.w.org\/{rel}","templated":true}]}}