{"id":22299,"date":"2023-09-13T15:30:17","date_gmt":"2023-09-13T13:30:17","guid":{"rendered":"https:\/\/www.blecha.at\/?page_id=22299"},"modified":"2026-01-26T16:27:03","modified_gmt":"2026-01-26T15:27:03","slug":"konstrukcje-metalowe","status":"publish","type":"page","link":"https:\/\/www.blecha.at\/pl\/produkty\/profile-specjalne\/konstrukcje-metalowe\/","title":{"rendered":"Konstrukcje metalowe"},"content":{"rendered":"","protected":false},"excerpt":{"rendered":"","protected":false},"author":2,"featured_media":0,"parent":5889,"menu_order":0,"comment_status":"closed","ping_status":"closed","template":"page-zaunsysteme-details.php","meta":{"_acf_changed":false,"footnotes":""},"class_list":["post-22299","page","type-page","status-publish","hentry"],"acf":[],"yoast_head":"<!-- This site is optimized with the Yoast SEO plugin v27.3 - https:\/\/yoast.com\/product\/yoast-seo-wordpress\/ -->\n<title>Konstrukcje metalowe | BLECHA Aluprofile<\/title>\n<meta name=\"description\" content=\"Nasza szeroka oferta profili stanowi idealne rozwi\u0105zanie dla budownictwa metalowego. Niezale\u017cnie od tego, czy potrzebujesz profili ok\u0142adzinowych, profili przyciemniaj\u0105cych, profili p\u00f3\u0142okr\u0105g\u0142ych, profili sk\u0142adanych, profili kraw\u0119dziowych \u015bcian, profili roletowych, profili omega, listew maskuj\u0105cych, desek tarasowych, profili U, profili kraw\u0119dziowych, profili H, T- profile lub profile kraw\u0119dzi trawnika, u nas znajdziesz to, czego szukasz.\" \/>\n<meta name=\"robots\" content=\"index, follow, max-snippet:-1, max-image-preview:large, max-video-preview:-1\" \/>\n<link rel=\"canonical\" href=\"https:\/\/www.blecha.at\/pl\/produkty\/profile-specjalne\/konstrukcje-metalowe\/\" \/>\n<meta property=\"og:locale\" content=\"pl_PL\" \/>\n<meta property=\"og:type\" content=\"article\" \/>\n<meta property=\"og:title\" content=\"Konstrukcje metalowe | BLECHA Aluprofile\" \/>\n<meta property=\"og:description\" content=\"Nasza szeroka oferta profili stanowi idealne rozwi\u0105zanie dla budownictwa metalowego. Niezale\u017cnie od tego, czy potrzebujesz profili ok\u0142adzinowych, profili przyciemniaj\u0105cych, profili p\u00f3\u0142okr\u0105g\u0142ych, profili sk\u0142adanych, profili kraw\u0119dziowych \u015bcian, profili roletowych, profili omega, listew maskuj\u0105cych, desek tarasowych, profili U, profili kraw\u0119dziowych, profili H, T- profile lub profile kraw\u0119dzi trawnika, u nas znajdziesz to, czego szukasz.\" \/>\n<meta property=\"og:url\" content=\"https:\/\/www.blecha.at\/pl\/produkty\/profile-specjalne\/konstrukcje-metalowe\/\" \/>\n<meta property=\"og:site_name\" content=\"BLECHA\" \/>\n<meta property=\"article:modified_time\" content=\"2026-01-26T15:27:03+00:00\" \/>\n<meta property=\"og:image\" content=\"https:\/\/www.blecha.at\/wp-content\/uploads\/2021\/02\/blecha-unternehmen-auswahl-gebaeude-3-scaled.jpg\" \/>\n\t<meta property=\"og:image:width\" content=\"2560\" \/>\n\t<meta property=\"og:image:height\" content=\"1642\" \/>\n\t<meta property=\"og:image:type\" content=\"image\/jpeg\" \/>\n<meta name=\"twitter:card\" content=\"summary_large_image\" \/>\n<script type=\"application\/ld+json\" class=\"yoast-schema-graph\">{\"@context\":\"https:\\\/\\\/schema.org\",\"@graph\":[{\"@type\":\"WebPage\",\"@id\":\"https:\\\/\\\/www.blecha.at\\\/pl\\\/produkty\\\/profile-specjalne\\\/konstrukcje-metalowe\\\/\",\"url\":\"https:\\\/\\\/www.blecha.at\\\/pl\\\/produkty\\\/profile-specjalne\\\/konstrukcje-metalowe\\\/\",\"name\":\"Konstrukcje metalowe | BLECHA Aluprofile\",\"isPartOf\":{\"@id\":\"https:\\\/\\\/www.blecha.at\\\/#website\"},\"datePublished\":\"2023-09-13T13:30:17+00:00\",\"dateModified\":\"2026-01-26T15:27:03+00:00\",\"description\":\"Nasza szeroka oferta profili stanowi idealne rozwi\u0105zanie dla budownictwa metalowego. Niezale\u017cnie od tego, czy potrzebujesz profili ok\u0142adzinowych, profili przyciemniaj\u0105cych, profili p\u00f3\u0142okr\u0105g\u0142ych, profili sk\u0142adanych, profili kraw\u0119dziowych \u015bcian, profili roletowych, profili omega, listew maskuj\u0105cych, desek tarasowych, profili U, profili kraw\u0119dziowych, profili H, T- profile lub profile kraw\u0119dzi trawnika, u nas znajdziesz to, czego szukasz.\",\"breadcrumb\":{\"@id\":\"https:\\\/\\\/www.blecha.at\\\/pl\\\/produkty\\\/profile-specjalne\\\/konstrukcje-metalowe\\\/#breadcrumb\"},\"inLanguage\":\"pl-PL\",\"potentialAction\":[{\"@type\":\"ReadAction\",\"target\":[\"https:\\\/\\\/www.blecha.at\\\/pl\\\/produkty\\\/profile-specjalne\\\/konstrukcje-metalowe\\\/\"]}]},{\"@type\":\"BreadcrumbList\",\"@id\":\"https:\\\/\\\/www.blecha.at\\\/pl\\\/produkty\\\/profile-specjalne\\\/konstrukcje-metalowe\\\/#breadcrumb\",\"itemListElement\":[{\"@type\":\"ListItem\",\"position\":1,\"name\":\"Home\",\"item\":\"https:\\\/\\\/www.blecha.at\\\/pl\\\/\"},{\"@type\":\"ListItem\",\"position\":2,\"name\":\"Produkty\",\"item\":\"https:\\\/\\\/www.blecha.at\\\/pl\\\/produkty\\\/\"},{\"@type\":\"ListItem\",\"position\":3,\"name\":\"Profile specjalne\",\"item\":\"https:\\\/\\\/www.blecha.at\\\/pl\\\/produkty\\\/profile-specjalne\\\/\"},{\"@type\":\"ListItem\",\"position\":4,\"name\":\"Konstrukcje metalowe\"}]},{\"@type\":\"WebSite\",\"@id\":\"https:\\\/\\\/www.blecha.at\\\/#website\",\"url\":\"https:\\\/\\\/www.blecha.at\\\/\",\"name\":\"BLECHA\",\"description\":\"Eine weitere WordPress-Website\",\"potentialAction\":[{\"@type\":\"SearchAction\",\"target\":{\"@type\":\"EntryPoint\",\"urlTemplate\":\"https:\\\/\\\/www.blecha.at\\\/?s={search_term_string}\"},\"query-input\":{\"@type\":\"PropertyValueSpecification\",\"valueRequired\":true,\"valueName\":\"search_term_string\"}}],\"inLanguage\":\"pl-PL\"}]}<\/script>\n<!-- \/ Yoast SEO plugin. -->","yoast_head_json":{"title":"Konstrukcje metalowe | BLECHA Aluprofile","description":"Nasza szeroka oferta profili stanowi idealne rozwi\u0105zanie dla budownictwa metalowego. Niezale\u017cnie od tego, czy potrzebujesz profili ok\u0142adzinowych, profili przyciemniaj\u0105cych, profili p\u00f3\u0142okr\u0105g\u0142ych, profili sk\u0142adanych, profili kraw\u0119dziowych \u015bcian, profili roletowych, profili omega, listew maskuj\u0105cych, desek tarasowych, profili U, profili kraw\u0119dziowych, profili H, T- profile lub profile kraw\u0119dzi trawnika, u nas znajdziesz to, czego szukasz.","robots":{"index":"index","follow":"follow","max-snippet":"max-snippet:-1","max-image-preview":"max-image-preview:large","max-video-preview":"max-video-preview:-1"},"canonical":"https:\/\/www.blecha.at\/pl\/produkty\/profile-specjalne\/konstrukcje-metalowe\/","og_locale":"pl_PL","og_type":"article","og_title":"Konstrukcje metalowe | BLECHA Aluprofile","og_description":"Nasza szeroka oferta profili stanowi idealne rozwi\u0105zanie dla budownictwa metalowego. Niezale\u017cnie od tego, czy potrzebujesz profili ok\u0142adzinowych, profili przyciemniaj\u0105cych, profili p\u00f3\u0142okr\u0105g\u0142ych, profili sk\u0142adanych, profili kraw\u0119dziowych \u015bcian, profili roletowych, profili omega, listew maskuj\u0105cych, desek tarasowych, profili U, profili kraw\u0119dziowych, profili H, T- profile lub profile kraw\u0119dzi trawnika, u nas znajdziesz to, czego szukasz.","og_url":"https:\/\/www.blecha.at\/pl\/produkty\/profile-specjalne\/konstrukcje-metalowe\/","og_site_name":"BLECHA","article_modified_time":"2026-01-26T15:27:03+00:00","og_image":[{"width":2560,"height":1642,"url":"https:\/\/www.blecha.at\/wp-content\/uploads\/2021\/02\/blecha-unternehmen-auswahl-gebaeude-3-scaled.jpg","type":"image\/jpeg"}],"twitter_card":"summary_large_image","schema":{"@context":"https:\/\/schema.org","@graph":[{"@type":"WebPage","@id":"https:\/\/www.blecha.at\/pl\/produkty\/profile-specjalne\/konstrukcje-metalowe\/","url":"https:\/\/www.blecha.at\/pl\/produkty\/profile-specjalne\/konstrukcje-metalowe\/","name":"Konstrukcje metalowe | BLECHA Aluprofile","isPartOf":{"@id":"https:\/\/www.blecha.at\/#website"},"datePublished":"2023-09-13T13:30:17+00:00","dateModified":"2026-01-26T15:27:03+00:00","description":"Nasza szeroka oferta profili stanowi idealne rozwi\u0105zanie dla budownictwa metalowego. Niezale\u017cnie od tego, czy potrzebujesz profili ok\u0142adzinowych, profili przyciemniaj\u0105cych, profili p\u00f3\u0142okr\u0105g\u0142ych, profili sk\u0142adanych, profili kraw\u0119dziowych \u015bcian, profili roletowych, profili omega, listew maskuj\u0105cych, desek tarasowych, profili U, profili kraw\u0119dziowych, profili H, T- profile lub profile kraw\u0119dzi trawnika, u nas znajdziesz to, czego szukasz.","breadcrumb":{"@id":"https:\/\/www.blecha.at\/pl\/produkty\/profile-specjalne\/konstrukcje-metalowe\/#breadcrumb"},"inLanguage":"pl-PL","potentialAction":[{"@type":"ReadAction","target":["https:\/\/www.blecha.at\/pl\/produkty\/profile-specjalne\/konstrukcje-metalowe\/"]}]},{"@type":"BreadcrumbList","@id":"https:\/\/www.blecha.at\/pl\/produkty\/profile-specjalne\/konstrukcje-metalowe\/#breadcrumb","itemListElement":[{"@type":"ListItem","position":1,"name":"Home","item":"https:\/\/www.blecha.at\/pl\/"},{"@type":"ListItem","position":2,"name":"Produkty","item":"https:\/\/www.blecha.at\/pl\/produkty\/"},{"@type":"ListItem","position":3,"name":"Profile specjalne","item":"https:\/\/www.blecha.at\/pl\/produkty\/profile-specjalne\/"},{"@type":"ListItem","position":4,"name":"Konstrukcje metalowe"}]},{"@type":"WebSite","@id":"https:\/\/www.blecha.at\/#website","url":"https:\/\/www.blecha.at\/","name":"BLECHA","description":"Eine weitere WordPress-Website","potentialAction":[{"@type":"SearchAction","target":{"@type":"EntryPoint","urlTemplate":"https:\/\/www.blecha.at\/?s={search_term_string}"},"query-input":{"@type":"PropertyValueSpecification","valueRequired":true,"valueName":"search_term_string"}}],"inLanguage":"pl-PL"}]}},"_links":{"self":[{"href":"https:\/\/www.blecha.at\/pl\/wp-json\/wp\/v2\/pages\/22299","targetHints":{"allow":["GET"]}}],"collection":[{"href":"https:\/\/www.blecha.at\/pl\/wp-json\/wp\/v2\/pages"}],"about":[{"href":"https:\/\/www.blecha.at\/pl\/wp-json\/wp\/v2\/types\/page"}],"author":[{"embeddable":true,"href":"https:\/\/www.blecha.at\/pl\/wp-json\/wp\/v2\/users\/2"}],"replies":[{"embeddable":true,"href":"https:\/\/www.blecha.at\/pl\/wp-json\/wp\/v2\/comments?post=22299"}],"version-history":[{"count":8,"href":"https:\/\/www.blecha.at\/pl\/wp-json\/wp\/v2\/pages\/22299\/revisions"}],"predecessor-version":[{"id":31783,"href":"https:\/\/www.blecha.at\/pl\/wp-json\/wp\/v2\/pages\/22299\/revisions\/31783"}],"up":[{"embeddable":true,"href":"https:\/\/www.blecha.at\/pl\/wp-json\/wp\/v2\/pages\/5889"}],"wp:attachment":[{"href":"https:\/\/www.blecha.at\/pl\/wp-json\/wp\/v2\/media?parent=22299"}],"curies":[{"name":"wp","href":"https:\/\/api.w.org\/{rel}","templated":true}]}}