{"id":24156,"date":"2023-09-13T17:05:51","date_gmt":"2023-09-13T15:05:51","guid":{"rendered":"https:\/\/www.blecha.at\/produkty\/blachy-i-plyty\/bleche-und-platten\/"},"modified":"2024-06-27T21:08:17","modified_gmt":"2024-06-27T19:08:17","slug":"blachy-i-plyty","status":"publish","type":"page","link":"https:\/\/www.blecha.at\/pl\/produkty\/blachy-i-plyty\/blachy-i-plyty\/","title":{"rendered":"Blachy i p\u0142yty"},"content":{"rendered":"","protected":false},"excerpt":{"rendered":"","protected":false},"author":2,"featured_media":0,"parent":5594,"menu_order":0,"comment_status":"closed","ping_status":"closed","template":"page-zaunsysteme-details.php","meta":{"_acf_changed":false,"footnotes":""},"class_list":["post-24156","page","type-page","status-publish","hentry"],"acf":[],"yoast_head":"<!-- This site is optimized with the Yoast SEO plugin v27.3 - https:\/\/yoast.com\/product\/yoast-seo-wordpress\/ -->\n<title>Blachy i p\u0142yty | BLECHA Aluprofil<\/title>\n<meta name=\"description\" content=\"Posiadamy du\u017cy asortyment blach aluminiowych. P\u0142yty lub blachy aluminiowe, g\u0142adkie blachy, blachy (p\u0142ytki bie\u017cne, blachy faliste), blachy wykonane z czystego aluminium lub ze stopu aluminiowo-magnezowego, blachy anodowane i malowane proszkowo, blachy perforowane (kwadratowe otwory i okr\u0105g\u0142e otwory) w formatach 2000 x 1000 mm, 2500 x 1250 mm, 3000 x 1500 mm, a tak\u017ce 4000 x 2000 mm - na pewno znajdziesz to tutaj.\" \/>\n<meta name=\"robots\" content=\"index, follow, max-snippet:-1, max-image-preview:large, max-video-preview:-1\" \/>\n<link rel=\"canonical\" href=\"https:\/\/www.blecha.at\/pl\/produkty\/blachy-i-plyty\/blachy-i-plyty\/\" \/>\n<meta property=\"og:locale\" content=\"pl_PL\" \/>\n<meta property=\"og:type\" content=\"article\" \/>\n<meta property=\"og:title\" content=\"Blachy i p\u0142yty | BLECHA Aluprofil\" \/>\n<meta property=\"og:description\" content=\"Posiadamy du\u017cy asortyment blach aluminiowych. P\u0142yty lub blachy aluminiowe, g\u0142adkie blachy, blachy (p\u0142ytki bie\u017cne, blachy faliste), blachy wykonane z czystego aluminium lub ze stopu aluminiowo-magnezowego, blachy anodowane i malowane proszkowo, blachy perforowane (kwadratowe otwory i okr\u0105g\u0142e otwory) w formatach 2000 x 1000 mm, 2500 x 1250 mm, 3000 x 1500 mm, a tak\u017ce 4000 x 2000 mm - na pewno znajdziesz to tutaj.\" \/>\n<meta property=\"og:url\" content=\"https:\/\/www.blecha.at\/pl\/produkty\/blachy-i-plyty\/blachy-i-plyty\/\" \/>\n<meta property=\"og:site_name\" content=\"BLECHA\" \/>\n<meta property=\"article:modified_time\" content=\"2024-06-27T19:08:17+00:00\" \/>\n<meta property=\"og:image\" content=\"https:\/\/www.blecha.at\/wp-content\/uploads\/2021\/02\/blecha-unternehmen-auswahl-gebaeude-3-scaled.jpg\" \/>\n\t<meta property=\"og:image:width\" content=\"2560\" \/>\n\t<meta property=\"og:image:height\" content=\"1642\" \/>\n\t<meta property=\"og:image:type\" content=\"image\/jpeg\" \/>\n<meta name=\"twitter:card\" content=\"summary_large_image\" \/>\n<script type=\"application\/ld+json\" class=\"yoast-schema-graph\">{\"@context\":\"https:\\\/\\\/schema.org\",\"@graph\":[{\"@type\":\"WebPage\",\"@id\":\"https:\\\/\\\/www.blecha.at\\\/pl\\\/produkty\\\/blachy-i-plyty\\\/blachy-i-plyty\\\/\",\"url\":\"https:\\\/\\\/www.blecha.at\\\/pl\\\/produkty\\\/blachy-i-plyty\\\/blachy-i-plyty\\\/\",\"name\":\"Blachy i p\u0142yty | BLECHA Aluprofil\",\"isPartOf\":{\"@id\":\"https:\\\/\\\/www.blecha.at\\\/#website\"},\"datePublished\":\"2023-09-13T15:05:51+00:00\",\"dateModified\":\"2024-06-27T19:08:17+00:00\",\"description\":\"Posiadamy du\u017cy asortyment blach aluminiowych. P\u0142yty lub blachy aluminiowe, g\u0142adkie blachy, blachy (p\u0142ytki bie\u017cne, blachy faliste), blachy wykonane z czystego aluminium lub ze stopu aluminiowo-magnezowego, blachy anodowane i malowane proszkowo, blachy perforowane (kwadratowe otwory i okr\u0105g\u0142e otwory) w formatach 2000 x 1000 mm, 2500 x 1250 mm, 3000 x 1500 mm, a tak\u017ce 4000 x 2000 mm - na pewno znajdziesz to tutaj.\",\"breadcrumb\":{\"@id\":\"https:\\\/\\\/www.blecha.at\\\/pl\\\/produkty\\\/blachy-i-plyty\\\/blachy-i-plyty\\\/#breadcrumb\"},\"inLanguage\":\"pl-PL\",\"potentialAction\":[{\"@type\":\"ReadAction\",\"target\":[\"https:\\\/\\\/www.blecha.at\\\/pl\\\/produkty\\\/blachy-i-plyty\\\/blachy-i-plyty\\\/\"]}]},{\"@type\":\"BreadcrumbList\",\"@id\":\"https:\\\/\\\/www.blecha.at\\\/pl\\\/produkty\\\/blachy-i-plyty\\\/blachy-i-plyty\\\/#breadcrumb\",\"itemListElement\":[{\"@type\":\"ListItem\",\"position\":1,\"name\":\"Home\",\"item\":\"https:\\\/\\\/www.blecha.at\\\/pl\\\/\"},{\"@type\":\"ListItem\",\"position\":2,\"name\":\"Produkty\",\"item\":\"https:\\\/\\\/www.blecha.at\\\/pl\\\/produkty\\\/\"},{\"@type\":\"ListItem\",\"position\":3,\"name\":\"Blachy i p\u0142yty\",\"item\":\"https:\\\/\\\/www.blecha.at\\\/pl\\\/produkty\\\/blachy-i-plyty\\\/\"},{\"@type\":\"ListItem\",\"position\":4,\"name\":\"Blachy i p\u0142yty\"}]},{\"@type\":\"WebSite\",\"@id\":\"https:\\\/\\\/www.blecha.at\\\/#website\",\"url\":\"https:\\\/\\\/www.blecha.at\\\/\",\"name\":\"BLECHA\",\"description\":\"Eine weitere WordPress-Website\",\"potentialAction\":[{\"@type\":\"SearchAction\",\"target\":{\"@type\":\"EntryPoint\",\"urlTemplate\":\"https:\\\/\\\/www.blecha.at\\\/?s={search_term_string}\"},\"query-input\":{\"@type\":\"PropertyValueSpecification\",\"valueRequired\":true,\"valueName\":\"search_term_string\"}}],\"inLanguage\":\"pl-PL\"}]}<\/script>\n<!-- \/ Yoast SEO plugin. -->","yoast_head_json":{"title":"Blachy i p\u0142yty | BLECHA Aluprofil","description":"Posiadamy du\u017cy asortyment blach aluminiowych. P\u0142yty lub blachy aluminiowe, g\u0142adkie blachy, blachy (p\u0142ytki bie\u017cne, blachy faliste), blachy wykonane z czystego aluminium lub ze stopu aluminiowo-magnezowego, blachy anodowane i malowane proszkowo, blachy perforowane (kwadratowe otwory i okr\u0105g\u0142e otwory) w formatach 2000 x 1000 mm, 2500 x 1250 mm, 3000 x 1500 mm, a tak\u017ce 4000 x 2000 mm - na pewno znajdziesz to tutaj.","robots":{"index":"index","follow":"follow","max-snippet":"max-snippet:-1","max-image-preview":"max-image-preview:large","max-video-preview":"max-video-preview:-1"},"canonical":"https:\/\/www.blecha.at\/pl\/produkty\/blachy-i-plyty\/blachy-i-plyty\/","og_locale":"pl_PL","og_type":"article","og_title":"Blachy i p\u0142yty | BLECHA Aluprofil","og_description":"Posiadamy du\u017cy asortyment blach aluminiowych. P\u0142yty lub blachy aluminiowe, g\u0142adkie blachy, blachy (p\u0142ytki bie\u017cne, blachy faliste), blachy wykonane z czystego aluminium lub ze stopu aluminiowo-magnezowego, blachy anodowane i malowane proszkowo, blachy perforowane (kwadratowe otwory i okr\u0105g\u0142e otwory) w formatach 2000 x 1000 mm, 2500 x 1250 mm, 3000 x 1500 mm, a tak\u017ce 4000 x 2000 mm - na pewno znajdziesz to tutaj.","og_url":"https:\/\/www.blecha.at\/pl\/produkty\/blachy-i-plyty\/blachy-i-plyty\/","og_site_name":"BLECHA","article_modified_time":"2024-06-27T19:08:17+00:00","og_image":[{"width":2560,"height":1642,"url":"https:\/\/www.blecha.at\/wp-content\/uploads\/2021\/02\/blecha-unternehmen-auswahl-gebaeude-3-scaled.jpg","type":"image\/jpeg"}],"twitter_card":"summary_large_image","schema":{"@context":"https:\/\/schema.org","@graph":[{"@type":"WebPage","@id":"https:\/\/www.blecha.at\/pl\/produkty\/blachy-i-plyty\/blachy-i-plyty\/","url":"https:\/\/www.blecha.at\/pl\/produkty\/blachy-i-plyty\/blachy-i-plyty\/","name":"Blachy i p\u0142yty | BLECHA Aluprofil","isPartOf":{"@id":"https:\/\/www.blecha.at\/#website"},"datePublished":"2023-09-13T15:05:51+00:00","dateModified":"2024-06-27T19:08:17+00:00","description":"Posiadamy du\u017cy asortyment blach aluminiowych. P\u0142yty lub blachy aluminiowe, g\u0142adkie blachy, blachy (p\u0142ytki bie\u017cne, blachy faliste), blachy wykonane z czystego aluminium lub ze stopu aluminiowo-magnezowego, blachy anodowane i malowane proszkowo, blachy perforowane (kwadratowe otwory i okr\u0105g\u0142e otwory) w formatach 2000 x 1000 mm, 2500 x 1250 mm, 3000 x 1500 mm, a tak\u017ce 4000 x 2000 mm - na pewno znajdziesz to tutaj.","breadcrumb":{"@id":"https:\/\/www.blecha.at\/pl\/produkty\/blachy-i-plyty\/blachy-i-plyty\/#breadcrumb"},"inLanguage":"pl-PL","potentialAction":[{"@type":"ReadAction","target":["https:\/\/www.blecha.at\/pl\/produkty\/blachy-i-plyty\/blachy-i-plyty\/"]}]},{"@type":"BreadcrumbList","@id":"https:\/\/www.blecha.at\/pl\/produkty\/blachy-i-plyty\/blachy-i-plyty\/#breadcrumb","itemListElement":[{"@type":"ListItem","position":1,"name":"Home","item":"https:\/\/www.blecha.at\/pl\/"},{"@type":"ListItem","position":2,"name":"Produkty","item":"https:\/\/www.blecha.at\/pl\/produkty\/"},{"@type":"ListItem","position":3,"name":"Blachy i p\u0142yty","item":"https:\/\/www.blecha.at\/pl\/produkty\/blachy-i-plyty\/"},{"@type":"ListItem","position":4,"name":"Blachy i p\u0142yty"}]},{"@type":"WebSite","@id":"https:\/\/www.blecha.at\/#website","url":"https:\/\/www.blecha.at\/","name":"BLECHA","description":"Eine weitere WordPress-Website","potentialAction":[{"@type":"SearchAction","target":{"@type":"EntryPoint","urlTemplate":"https:\/\/www.blecha.at\/?s={search_term_string}"},"query-input":{"@type":"PropertyValueSpecification","valueRequired":true,"valueName":"search_term_string"}}],"inLanguage":"pl-PL"}]}},"_links":{"self":[{"href":"https:\/\/www.blecha.at\/pl\/wp-json\/wp\/v2\/pages\/24156","targetHints":{"allow":["GET"]}}],"collection":[{"href":"https:\/\/www.blecha.at\/pl\/wp-json\/wp\/v2\/pages"}],"about":[{"href":"https:\/\/www.blecha.at\/pl\/wp-json\/wp\/v2\/types\/page"}],"author":[{"embeddable":true,"href":"https:\/\/www.blecha.at\/pl\/wp-json\/wp\/v2\/users\/2"}],"replies":[{"embeddable":true,"href":"https:\/\/www.blecha.at\/pl\/wp-json\/wp\/v2\/comments?post=24156"}],"version-history":[{"count":4,"href":"https:\/\/www.blecha.at\/pl\/wp-json\/wp\/v2\/pages\/24156\/revisions"}],"predecessor-version":[{"id":27800,"href":"https:\/\/www.blecha.at\/pl\/wp-json\/wp\/v2\/pages\/24156\/revisions\/27800"}],"up":[{"embeddable":true,"href":"https:\/\/www.blecha.at\/pl\/wp-json\/wp\/v2\/pages\/5594"}],"wp:attachment":[{"href":"https:\/\/www.blecha.at\/pl\/wp-json\/wp\/v2\/media?parent=24156"}],"curies":[{"name":"wp","href":"https:\/\/api.w.org\/{rel}","templated":true}]}}