{"id":25670,"date":"2023-10-18T11:44:29","date_gmt":"2023-10-18T09:44:29","guid":{"rendered":"https:\/\/www.blecha.at\/produkty\/ksztaltki-rurowe\/reduzierungen\/"},"modified":"2025-03-19T14:49:28","modified_gmt":"2025-03-19T13:49:28","slug":"redukcje","status":"publish","type":"page","link":"https:\/\/www.blecha.at\/pl\/produkty\/fittings\/redukcje\/","title":{"rendered":"Redukcje"},"content":{"rendered":"","protected":false},"excerpt":{"rendered":"","protected":false},"author":2,"featured_media":0,"parent":26622,"menu_order":0,"comment_status":"closed","ping_status":"closed","template":"page-zaunsysteme-details.php","meta":{"_acf_changed":false,"footnotes":""},"class_list":["post-25670","page","type-page","status-publish","hentry"],"acf":[],"yoast_head":"<!-- This site is optimized with the Yoast SEO plugin v27.3 - https:\/\/yoast.com\/product\/yoast-seo-wordpress\/ -->\n<title>Redukcje | BLECHA Aluprofil<\/title>\n<meta name=\"description\" content=\"Odkryj nasze wysokiej jako\u015bci reduktory aluminiowe. Nasze reduktory aluminiowe stanowi\u0105 idealne rozwi\u0105zanie dla system\u00f3w rurowych wymagaj\u0105cych zmiany \u015brednicy. W naszej ofercie posiadamy redukcje koncentryczne, mimo\u015brodowe oraz czw\u00f3rniki, w tym reduktory gwintowane.\" \/>\n<meta name=\"robots\" content=\"index, follow, max-snippet:-1, max-image-preview:large, max-video-preview:-1\" \/>\n<link rel=\"canonical\" href=\"https:\/\/www.blecha.at\/pl\/produkty\/fittings\/redukcje\/\" \/>\n<meta property=\"og:locale\" content=\"pl_PL\" \/>\n<meta property=\"og:type\" content=\"article\" \/>\n<meta property=\"og:title\" content=\"Redukcje | BLECHA Aluprofil\" \/>\n<meta property=\"og:description\" content=\"Odkryj nasze wysokiej jako\u015bci reduktory aluminiowe. Nasze reduktory aluminiowe stanowi\u0105 idealne rozwi\u0105zanie dla system\u00f3w rurowych wymagaj\u0105cych zmiany \u015brednicy. W naszej ofercie posiadamy redukcje koncentryczne, mimo\u015brodowe oraz czw\u00f3rniki, w tym reduktory gwintowane.\" \/>\n<meta property=\"og:url\" content=\"https:\/\/www.blecha.at\/pl\/produkty\/fittings\/redukcje\/\" \/>\n<meta property=\"og:site_name\" content=\"BLECHA\" \/>\n<meta property=\"article:modified_time\" content=\"2025-03-19T13:49:28+00:00\" \/>\n<meta property=\"og:image\" content=\"https:\/\/www.blecha.at\/wp-content\/uploads\/2021\/02\/blecha-unternehmen-auswahl-gebaeude-3-scaled.jpg\" \/>\n\t<meta property=\"og:image:width\" content=\"2560\" \/>\n\t<meta property=\"og:image:height\" content=\"1642\" \/>\n\t<meta property=\"og:image:type\" content=\"image\/jpeg\" \/>\n<meta name=\"twitter:card\" content=\"summary_large_image\" \/>\n<script type=\"application\/ld+json\" class=\"yoast-schema-graph\">{\"@context\":\"https:\\\/\\\/schema.org\",\"@graph\":[{\"@type\":\"WebPage\",\"@id\":\"https:\\\/\\\/www.blecha.at\\\/pl\\\/produkty\\\/fittings\\\/redukcje\\\/\",\"url\":\"https:\\\/\\\/www.blecha.at\\\/pl\\\/produkty\\\/fittings\\\/redukcje\\\/\",\"name\":\"Redukcje | BLECHA Aluprofil\",\"isPartOf\":{\"@id\":\"https:\\\/\\\/www.blecha.at\\\/#website\"},\"datePublished\":\"2023-10-18T09:44:29+00:00\",\"dateModified\":\"2025-03-19T13:49:28+00:00\",\"description\":\"Odkryj nasze wysokiej jako\u015bci reduktory aluminiowe. Nasze reduktory aluminiowe stanowi\u0105 idealne rozwi\u0105zanie dla system\u00f3w rurowych wymagaj\u0105cych zmiany \u015brednicy. W naszej ofercie posiadamy redukcje koncentryczne, mimo\u015brodowe oraz czw\u00f3rniki, w tym reduktory gwintowane.\",\"breadcrumb\":{\"@id\":\"https:\\\/\\\/www.blecha.at\\\/pl\\\/produkty\\\/fittings\\\/redukcje\\\/#breadcrumb\"},\"inLanguage\":\"pl-PL\",\"potentialAction\":[{\"@type\":\"ReadAction\",\"target\":[\"https:\\\/\\\/www.blecha.at\\\/pl\\\/produkty\\\/fittings\\\/redukcje\\\/\"]}]},{\"@type\":\"BreadcrumbList\",\"@id\":\"https:\\\/\\\/www.blecha.at\\\/pl\\\/produkty\\\/fittings\\\/redukcje\\\/#breadcrumb\",\"itemListElement\":[{\"@type\":\"ListItem\",\"position\":1,\"name\":\"Home\",\"item\":\"https:\\\/\\\/www.blecha.at\\\/pl\\\/\"},{\"@type\":\"ListItem\",\"position\":2,\"name\":\"Produkty\",\"item\":\"https:\\\/\\\/www.blecha.at\\\/pl\\\/produkty\\\/\"},{\"@type\":\"ListItem\",\"position\":3,\"name\":\"Armatura\",\"item\":\"https:\\\/\\\/www.blecha.at\\\/pl\\\/produkty\\\/fittings\\\/\"},{\"@type\":\"ListItem\",\"position\":4,\"name\":\"Redukcje\"}]},{\"@type\":\"WebSite\",\"@id\":\"https:\\\/\\\/www.blecha.at\\\/#website\",\"url\":\"https:\\\/\\\/www.blecha.at\\\/\",\"name\":\"BLECHA\",\"description\":\"Eine weitere WordPress-Website\",\"potentialAction\":[{\"@type\":\"SearchAction\",\"target\":{\"@type\":\"EntryPoint\",\"urlTemplate\":\"https:\\\/\\\/www.blecha.at\\\/?s={search_term_string}\"},\"query-input\":{\"@type\":\"PropertyValueSpecification\",\"valueRequired\":true,\"valueName\":\"search_term_string\"}}],\"inLanguage\":\"pl-PL\"}]}<\/script>\n<!-- \/ Yoast SEO plugin. -->","yoast_head_json":{"title":"Redukcje | BLECHA Aluprofil","description":"Odkryj nasze wysokiej jako\u015bci reduktory aluminiowe. Nasze reduktory aluminiowe stanowi\u0105 idealne rozwi\u0105zanie dla system\u00f3w rurowych wymagaj\u0105cych zmiany \u015brednicy. W naszej ofercie posiadamy redukcje koncentryczne, mimo\u015brodowe oraz czw\u00f3rniki, w tym reduktory gwintowane.","robots":{"index":"index","follow":"follow","max-snippet":"max-snippet:-1","max-image-preview":"max-image-preview:large","max-video-preview":"max-video-preview:-1"},"canonical":"https:\/\/www.blecha.at\/pl\/produkty\/fittings\/redukcje\/","og_locale":"pl_PL","og_type":"article","og_title":"Redukcje | BLECHA Aluprofil","og_description":"Odkryj nasze wysokiej jako\u015bci reduktory aluminiowe. Nasze reduktory aluminiowe stanowi\u0105 idealne rozwi\u0105zanie dla system\u00f3w rurowych wymagaj\u0105cych zmiany \u015brednicy. W naszej ofercie posiadamy redukcje koncentryczne, mimo\u015brodowe oraz czw\u00f3rniki, w tym reduktory gwintowane.","og_url":"https:\/\/www.blecha.at\/pl\/produkty\/fittings\/redukcje\/","og_site_name":"BLECHA","article_modified_time":"2025-03-19T13:49:28+00:00","og_image":[{"width":2560,"height":1642,"url":"https:\/\/www.blecha.at\/wp-content\/uploads\/2021\/02\/blecha-unternehmen-auswahl-gebaeude-3-scaled.jpg","type":"image\/jpeg"}],"twitter_card":"summary_large_image","schema":{"@context":"https:\/\/schema.org","@graph":[{"@type":"WebPage","@id":"https:\/\/www.blecha.at\/pl\/produkty\/fittings\/redukcje\/","url":"https:\/\/www.blecha.at\/pl\/produkty\/fittings\/redukcje\/","name":"Redukcje | BLECHA Aluprofil","isPartOf":{"@id":"https:\/\/www.blecha.at\/#website"},"datePublished":"2023-10-18T09:44:29+00:00","dateModified":"2025-03-19T13:49:28+00:00","description":"Odkryj nasze wysokiej jako\u015bci reduktory aluminiowe. Nasze reduktory aluminiowe stanowi\u0105 idealne rozwi\u0105zanie dla system\u00f3w rurowych wymagaj\u0105cych zmiany \u015brednicy. W naszej ofercie posiadamy redukcje koncentryczne, mimo\u015brodowe oraz czw\u00f3rniki, w tym reduktory gwintowane.","breadcrumb":{"@id":"https:\/\/www.blecha.at\/pl\/produkty\/fittings\/redukcje\/#breadcrumb"},"inLanguage":"pl-PL","potentialAction":[{"@type":"ReadAction","target":["https:\/\/www.blecha.at\/pl\/produkty\/fittings\/redukcje\/"]}]},{"@type":"BreadcrumbList","@id":"https:\/\/www.blecha.at\/pl\/produkty\/fittings\/redukcje\/#breadcrumb","itemListElement":[{"@type":"ListItem","position":1,"name":"Home","item":"https:\/\/www.blecha.at\/pl\/"},{"@type":"ListItem","position":2,"name":"Produkty","item":"https:\/\/www.blecha.at\/pl\/produkty\/"},{"@type":"ListItem","position":3,"name":"Armatura","item":"https:\/\/www.blecha.at\/pl\/produkty\/fittings\/"},{"@type":"ListItem","position":4,"name":"Redukcje"}]},{"@type":"WebSite","@id":"https:\/\/www.blecha.at\/#website","url":"https:\/\/www.blecha.at\/","name":"BLECHA","description":"Eine weitere WordPress-Website","potentialAction":[{"@type":"SearchAction","target":{"@type":"EntryPoint","urlTemplate":"https:\/\/www.blecha.at\/?s={search_term_string}"},"query-input":{"@type":"PropertyValueSpecification","valueRequired":true,"valueName":"search_term_string"}}],"inLanguage":"pl-PL"}]}},"_links":{"self":[{"href":"https:\/\/www.blecha.at\/pl\/wp-json\/wp\/v2\/pages\/25670","targetHints":{"allow":["GET"]}}],"collection":[{"href":"https:\/\/www.blecha.at\/pl\/wp-json\/wp\/v2\/pages"}],"about":[{"href":"https:\/\/www.blecha.at\/pl\/wp-json\/wp\/v2\/types\/page"}],"author":[{"embeddable":true,"href":"https:\/\/www.blecha.at\/pl\/wp-json\/wp\/v2\/users\/2"}],"replies":[{"embeddable":true,"href":"https:\/\/www.blecha.at\/pl\/wp-json\/wp\/v2\/comments?post=25670"}],"version-history":[{"count":7,"href":"https:\/\/www.blecha.at\/pl\/wp-json\/wp\/v2\/pages\/25670\/revisions"}],"predecessor-version":[{"id":29077,"href":"https:\/\/www.blecha.at\/pl\/wp-json\/wp\/v2\/pages\/25670\/revisions\/29077"}],"up":[{"embeddable":true,"href":"https:\/\/www.blecha.at\/pl\/wp-json\/wp\/v2\/pages\/26622"}],"wp:attachment":[{"href":"https:\/\/www.blecha.at\/pl\/wp-json\/wp\/v2\/media?parent=25670"}],"curies":[{"name":"wp","href":"https:\/\/api.w.org\/{rel}","templated":true}]}}