{"id":26415,"date":"2023-01-11T12:10:23","date_gmt":"2023-01-11T11:10:23","guid":{"rendered":"https:\/\/www.blecha.at\/produkty\/ksztaltki-rurowe\/verbinder\/"},"modified":"2024-02-05T09:53:25","modified_gmt":"2024-02-05T08:53:25","slug":"laczniki","status":"publish","type":"page","link":"https:\/\/www.blecha.at\/pl\/produkty\/fittings\/laczniki\/","title":{"rendered":"\u0141\u0105czniki"},"content":{"rendered":"","protected":false},"excerpt":{"rendered":"","protected":false},"author":2,"featured_media":0,"parent":26622,"menu_order":0,"comment_status":"closed","ping_status":"closed","template":"page-zaunsysteme-details.php","meta":{"_acf_changed":false,"footnotes":""},"class_list":["post-26415","page","type-page","status-publish","hentry"],"acf":[],"yoast_head":"<!-- This site is optimized with the Yoast SEO plugin v27.3 - https:\/\/yoast.com\/product\/yoast-seo-wordpress\/ -->\n<title>\u0141\u0105czniki | BLECHA Aluprofile<\/title>\n<meta name=\"description\" content=\"Odkryj nasze wysokiej jako\u015bci z\u0142\u0105cza wykonane z aluminium i stali nierdzewnej. Nasze z\u0142\u0105czki idealnie nadaj\u0105 si\u0119 do \u0142\u0105czenia rur okr\u0105g\u0142ych, kszta\u0142towych i innych element\u00f3w konstrukcyjnych. Oferujemy szerok\u0105 gam\u0119 typ\u00f3w z\u0142\u0105czy, w tym z\u0142\u0105czki okr\u0105g\u0142e, z\u0142\u0105czki rurowe, p\u0142yty pod\u0142ogowe i z\u0142\u0105czki naro\u017cne.\" \/>\n<meta name=\"robots\" content=\"index, follow, max-snippet:-1, max-image-preview:large, max-video-preview:-1\" \/>\n<link rel=\"canonical\" href=\"https:\/\/www.blecha.at\/pl\/produkty\/fittings\/laczniki\/\" \/>\n<meta property=\"og:locale\" content=\"pl_PL\" \/>\n<meta property=\"og:type\" content=\"article\" \/>\n<meta property=\"og:title\" content=\"\u0141\u0105czniki | BLECHA Aluprofile\" \/>\n<meta property=\"og:description\" content=\"Odkryj nasze wysokiej jako\u015bci z\u0142\u0105cza wykonane z aluminium i stali nierdzewnej. Nasze z\u0142\u0105czki idealnie nadaj\u0105 si\u0119 do \u0142\u0105czenia rur okr\u0105g\u0142ych, kszta\u0142towych i innych element\u00f3w konstrukcyjnych. Oferujemy szerok\u0105 gam\u0119 typ\u00f3w z\u0142\u0105czy, w tym z\u0142\u0105czki okr\u0105g\u0142e, z\u0142\u0105czki rurowe, p\u0142yty pod\u0142ogowe i z\u0142\u0105czki naro\u017cne.\" \/>\n<meta property=\"og:url\" content=\"https:\/\/www.blecha.at\/pl\/produkty\/fittings\/laczniki\/\" \/>\n<meta property=\"og:site_name\" content=\"BLECHA\" \/>\n<meta property=\"article:modified_time\" content=\"2024-02-05T08:53:25+00:00\" \/>\n<meta property=\"og:image\" content=\"https:\/\/www.blecha.at\/wp-content\/uploads\/2021\/02\/blecha-unternehmen-auswahl-gebaeude-3-scaled.jpg\" \/>\n\t<meta property=\"og:image:width\" content=\"2560\" \/>\n\t<meta property=\"og:image:height\" content=\"1642\" \/>\n\t<meta property=\"og:image:type\" content=\"image\/jpeg\" \/>\n<meta name=\"twitter:card\" content=\"summary_large_image\" \/>\n<script type=\"application\/ld+json\" class=\"yoast-schema-graph\">{\"@context\":\"https:\\\/\\\/schema.org\",\"@graph\":[{\"@type\":\"WebPage\",\"@id\":\"https:\\\/\\\/www.blecha.at\\\/pl\\\/produkty\\\/fittings\\\/laczniki\\\/\",\"url\":\"https:\\\/\\\/www.blecha.at\\\/pl\\\/produkty\\\/fittings\\\/laczniki\\\/\",\"name\":\"\u0141\u0105czniki | BLECHA Aluprofile\",\"isPartOf\":{\"@id\":\"https:\\\/\\\/www.blecha.at\\\/#website\"},\"datePublished\":\"2023-01-11T11:10:23+00:00\",\"dateModified\":\"2024-02-05T08:53:25+00:00\",\"description\":\"Odkryj nasze wysokiej jako\u015bci z\u0142\u0105cza wykonane z aluminium i stali nierdzewnej. Nasze z\u0142\u0105czki idealnie nadaj\u0105 si\u0119 do \u0142\u0105czenia rur okr\u0105g\u0142ych, kszta\u0142towych i innych element\u00f3w konstrukcyjnych. Oferujemy szerok\u0105 gam\u0119 typ\u00f3w z\u0142\u0105czy, w tym z\u0142\u0105czki okr\u0105g\u0142e, z\u0142\u0105czki rurowe, p\u0142yty pod\u0142ogowe i z\u0142\u0105czki naro\u017cne.\",\"breadcrumb\":{\"@id\":\"https:\\\/\\\/www.blecha.at\\\/pl\\\/produkty\\\/fittings\\\/laczniki\\\/#breadcrumb\"},\"inLanguage\":\"pl-PL\",\"potentialAction\":[{\"@type\":\"ReadAction\",\"target\":[\"https:\\\/\\\/www.blecha.at\\\/pl\\\/produkty\\\/fittings\\\/laczniki\\\/\"]}]},{\"@type\":\"BreadcrumbList\",\"@id\":\"https:\\\/\\\/www.blecha.at\\\/pl\\\/produkty\\\/fittings\\\/laczniki\\\/#breadcrumb\",\"itemListElement\":[{\"@type\":\"ListItem\",\"position\":1,\"name\":\"Home\",\"item\":\"https:\\\/\\\/www.blecha.at\\\/pl\\\/\"},{\"@type\":\"ListItem\",\"position\":2,\"name\":\"Produkty\",\"item\":\"https:\\\/\\\/www.blecha.at\\\/pl\\\/produkty\\\/\"},{\"@type\":\"ListItem\",\"position\":3,\"name\":\"Armatura\",\"item\":\"https:\\\/\\\/www.blecha.at\\\/pl\\\/produkty\\\/fittings\\\/\"},{\"@type\":\"ListItem\",\"position\":4,\"name\":\"\u0141\u0105czniki\"}]},{\"@type\":\"WebSite\",\"@id\":\"https:\\\/\\\/www.blecha.at\\\/#website\",\"url\":\"https:\\\/\\\/www.blecha.at\\\/\",\"name\":\"BLECHA\",\"description\":\"Eine weitere WordPress-Website\",\"potentialAction\":[{\"@type\":\"SearchAction\",\"target\":{\"@type\":\"EntryPoint\",\"urlTemplate\":\"https:\\\/\\\/www.blecha.at\\\/?s={search_term_string}\"},\"query-input\":{\"@type\":\"PropertyValueSpecification\",\"valueRequired\":true,\"valueName\":\"search_term_string\"}}],\"inLanguage\":\"pl-PL\"}]}<\/script>\n<!-- \/ Yoast SEO plugin. -->","yoast_head_json":{"title":"\u0141\u0105czniki | BLECHA Aluprofile","description":"Odkryj nasze wysokiej jako\u015bci z\u0142\u0105cza wykonane z aluminium i stali nierdzewnej. Nasze z\u0142\u0105czki idealnie nadaj\u0105 si\u0119 do \u0142\u0105czenia rur okr\u0105g\u0142ych, kszta\u0142towych i innych element\u00f3w konstrukcyjnych. Oferujemy szerok\u0105 gam\u0119 typ\u00f3w z\u0142\u0105czy, w tym z\u0142\u0105czki okr\u0105g\u0142e, z\u0142\u0105czki rurowe, p\u0142yty pod\u0142ogowe i z\u0142\u0105czki naro\u017cne.","robots":{"index":"index","follow":"follow","max-snippet":"max-snippet:-1","max-image-preview":"max-image-preview:large","max-video-preview":"max-video-preview:-1"},"canonical":"https:\/\/www.blecha.at\/pl\/produkty\/fittings\/laczniki\/","og_locale":"pl_PL","og_type":"article","og_title":"\u0141\u0105czniki | BLECHA Aluprofile","og_description":"Odkryj nasze wysokiej jako\u015bci z\u0142\u0105cza wykonane z aluminium i stali nierdzewnej. Nasze z\u0142\u0105czki idealnie nadaj\u0105 si\u0119 do \u0142\u0105czenia rur okr\u0105g\u0142ych, kszta\u0142towych i innych element\u00f3w konstrukcyjnych. Oferujemy szerok\u0105 gam\u0119 typ\u00f3w z\u0142\u0105czy, w tym z\u0142\u0105czki okr\u0105g\u0142e, z\u0142\u0105czki rurowe, p\u0142yty pod\u0142ogowe i z\u0142\u0105czki naro\u017cne.","og_url":"https:\/\/www.blecha.at\/pl\/produkty\/fittings\/laczniki\/","og_site_name":"BLECHA","article_modified_time":"2024-02-05T08:53:25+00:00","og_image":[{"width":2560,"height":1642,"url":"https:\/\/www.blecha.at\/wp-content\/uploads\/2021\/02\/blecha-unternehmen-auswahl-gebaeude-3-scaled.jpg","type":"image\/jpeg"}],"twitter_card":"summary_large_image","schema":{"@context":"https:\/\/schema.org","@graph":[{"@type":"WebPage","@id":"https:\/\/www.blecha.at\/pl\/produkty\/fittings\/laczniki\/","url":"https:\/\/www.blecha.at\/pl\/produkty\/fittings\/laczniki\/","name":"\u0141\u0105czniki | BLECHA Aluprofile","isPartOf":{"@id":"https:\/\/www.blecha.at\/#website"},"datePublished":"2023-01-11T11:10:23+00:00","dateModified":"2024-02-05T08:53:25+00:00","description":"Odkryj nasze wysokiej jako\u015bci z\u0142\u0105cza wykonane z aluminium i stali nierdzewnej. Nasze z\u0142\u0105czki idealnie nadaj\u0105 si\u0119 do \u0142\u0105czenia rur okr\u0105g\u0142ych, kszta\u0142towych i innych element\u00f3w konstrukcyjnych. Oferujemy szerok\u0105 gam\u0119 typ\u00f3w z\u0142\u0105czy, w tym z\u0142\u0105czki okr\u0105g\u0142e, z\u0142\u0105czki rurowe, p\u0142yty pod\u0142ogowe i z\u0142\u0105czki naro\u017cne.","breadcrumb":{"@id":"https:\/\/www.blecha.at\/pl\/produkty\/fittings\/laczniki\/#breadcrumb"},"inLanguage":"pl-PL","potentialAction":[{"@type":"ReadAction","target":["https:\/\/www.blecha.at\/pl\/produkty\/fittings\/laczniki\/"]}]},{"@type":"BreadcrumbList","@id":"https:\/\/www.blecha.at\/pl\/produkty\/fittings\/laczniki\/#breadcrumb","itemListElement":[{"@type":"ListItem","position":1,"name":"Home","item":"https:\/\/www.blecha.at\/pl\/"},{"@type":"ListItem","position":2,"name":"Produkty","item":"https:\/\/www.blecha.at\/pl\/produkty\/"},{"@type":"ListItem","position":3,"name":"Armatura","item":"https:\/\/www.blecha.at\/pl\/produkty\/fittings\/"},{"@type":"ListItem","position":4,"name":"\u0141\u0105czniki"}]},{"@type":"WebSite","@id":"https:\/\/www.blecha.at\/#website","url":"https:\/\/www.blecha.at\/","name":"BLECHA","description":"Eine weitere WordPress-Website","potentialAction":[{"@type":"SearchAction","target":{"@type":"EntryPoint","urlTemplate":"https:\/\/www.blecha.at\/?s={search_term_string}"},"query-input":{"@type":"PropertyValueSpecification","valueRequired":true,"valueName":"search_term_string"}}],"inLanguage":"pl-PL"}]}},"_links":{"self":[{"href":"https:\/\/www.blecha.at\/pl\/wp-json\/wp\/v2\/pages\/26415","targetHints":{"allow":["GET"]}}],"collection":[{"href":"https:\/\/www.blecha.at\/pl\/wp-json\/wp\/v2\/pages"}],"about":[{"href":"https:\/\/www.blecha.at\/pl\/wp-json\/wp\/v2\/types\/page"}],"author":[{"embeddable":true,"href":"https:\/\/www.blecha.at\/pl\/wp-json\/wp\/v2\/users\/2"}],"replies":[{"embeddable":true,"href":"https:\/\/www.blecha.at\/pl\/wp-json\/wp\/v2\/comments?post=26415"}],"version-history":[{"count":5,"href":"https:\/\/www.blecha.at\/pl\/wp-json\/wp\/v2\/pages\/26415\/revisions"}],"predecessor-version":[{"id":26966,"href":"https:\/\/www.blecha.at\/pl\/wp-json\/wp\/v2\/pages\/26415\/revisions\/26966"}],"up":[{"embeddable":true,"href":"https:\/\/www.blecha.at\/pl\/wp-json\/wp\/v2\/pages\/26622"}],"wp:attachment":[{"href":"https:\/\/www.blecha.at\/pl\/wp-json\/wp\/v2\/media?parent=26415"}],"curies":[{"name":"wp","href":"https:\/\/api.w.org\/{rel}","templated":true}]}}