{"id":30943,"date":"2025-10-20T13:26:51","date_gmt":"2025-10-20T11:26:51","guid":{"rendered":"https:\/\/www.blecha.at\/?page_id=30943"},"modified":"2025-10-20T13:26:53","modified_gmt":"2025-10-20T11:26:53","slug":"katowniki-aluminiowe","status":"publish","type":"page","link":"https:\/\/www.blecha.at\/pl\/produkty\/profile-standardowe\/katowniki-aluminiowe\/","title":{"rendered":"K\u0105towniki aluminiowe"},"content":{"rendered":"\n<section id=\"sectionTwo\" class=\"mt-lg-n11 py-8 py-md-11 px-lg-9 border-left border-right border-right-lg-none bg-white\">\n\n\n<div class=\"wp-bootstrap-blocks-row row mx-auto\">\n\t\n\n<div class=\"col-12 col-md-10\">\n\t\t\t\n\n<h2 class=\"wp-block-heading text-secondary scroll-fade-bottom-up visibility-hidden\">K\u0105towniki aluminiowe \u2013 stabilno\u015b\u0107 i wszechstronno\u015b\u0107 do licznych zastosowa\u0144<\/h2>\n\n\n\n<p class=\"scroll-fade-bottom-up visibility-hidden\">Nasze k\u0105towniki aluminiowe wyr\u00f3\u017cniaj\u0105 si\u0119 wysok\u0105 stabilno\u015bci\u0105, odporno\u015bci\u0105 na korozj\u0119 oraz wszechstronnymi mo\u017cliwo\u015bciami zastosowania.<br>Stosowane s\u0105 w wielu bran\u017cach &#8211; od konstrukcji metalowych, przez wyko\u0144czenia wn\u0119trz, a\u017c po technik\u0119 szklenia.<br>Dzi\u0119ki naszemu szerokiemu asortymentowi magazynowemu oferujemy k\u0105towniki w r\u00f3\u017cnych wymiarach i z rozmaitymi wyko\u0144czeniami powierzchni.<\/p>\n\n\n\n<p class=\"scroll-fade-bottom-up visibility-hidden\"><\/p>\n\n\t<\/div>\n\n<\/div>\n\n\n\n<\/section>\n\n\n\n<section class=\"py-8 py-md-9 px-lg-9 border-left border-right border-right-lg-none bg-primary\">\n\n\n\n<h2 class=\"wp-block-heading text-secondary scroll-fade-bottom-up visibility-hidden\" id=\"spezialprofile-nach-mass\">Nasz asortyment k\u0105townik\u00f3w aluminiowych<\/h2>\n\n\n\n<p class=\"mb-7 mb-md-9 scroll-fade-bottom-up visibility-hidden\">Oferujemy szeroki wyb\u00f3r k\u0105townik\u00f3w z stopu EN AW-6060, kt\u00f3ry charakteryzuje si\u0119 doskona\u0142\u0105 odporno\u015bci\u0105 na warunki atmosferyczne, dobr\u0105 spawalno\u015bci\u0105 oraz znakomitymi mo\u017cliwo\u015bciami obr\u00f3bki.<br>Dla specjalnych wymaga\u0144, zw\u0142aszcza w bran\u017cy szklenia, oferujemy tak\u017ce k\u0105towniki z r\u00f3\u017cnymi wyko\u0144czeniami powierzchni:<\/p>\n\n\n\n<p class=\"mb-7 mb-md-9 scroll-fade-bottom-up visibility-hidden\"><\/p>\n\n\n<div class=\"wp-bootstrap-blocks-row row mx-auto\">\n\t\n\n<div class=\"col-12 col-md-4 col-lg-4 text-left mb-6 mb-lg-0 scroll-fade-bottom-up visibility-hidden\">\n\t\t\t<div class=\"p-3\">\n\t\t\t\n\n\n\n<h5 class=\"wp-block-heading\">Anodowanie naturalne:<\/h5>\n\n\n\n<p>Ochrona przed korozj\u0105 oraz elegancki, matowy wygl\u0105d.<\/p>\n\n\t\t<\/div>\n\t<\/div>\n\n\n\n<div class=\"col-12 col-md-4 col-lg-4 text-left mb-6 mb-lg-0 scroll-fade-bottom-up visibility-hidden\">\n\t\t\t<div class=\"p-3\">\n\t\t\t\n\n\n\n<h5 class=\"wp-block-heading\">Inox &#8211; anodowanie aluminium na kolor stali nierdzewnej:<\/h5>\n\n\n\n<p>Idealne do wysokiej jako\u015bci konstrukcji szklanych i nowoczesnych projekt\u00f3w.<\/p>\n\n\t\t<\/div>\n\t<\/div>\n\n\n\n<div class=\"col-12 col-md-4 col-lg-4 text-left mb-6 mb-lg-0 scroll-fade-bottom-up visibility-hidden\">\n\t\t\t<div class=\"p-3\">\n\t\t\t\n\n\n\n<h5 class=\"wp-block-heading\"><font style=\"vertical-align: inherit;\"><font style=\"vertical-align: inherit;\">Malowanie proszkowe w kolorze RAL 9010 (czysta biel):<\/font><\/font><\/h5>\n\n\n\n<p>Idealne do zastosowa\u0144, w kt\u00f3rych wymagana jest jasna i trwa\u0142a powierzchnia.<\/p>\n\n\t\t<\/div>\n\t<\/div>\n\n<\/div>\n\n\n\n<div style=\"height:10px\" aria-hidden=\"true\" class=\"wp-block-spacer\"><\/div>\n\n\n\n<p class=\"scroll-fade-bottom-up visibility-hidden\">Te specjalnie wyko\u0144czone k\u0105towniki aluminiowe dost\u0119pne s\u0105 w wymiarach najcz\u0119\u015bciej stosowanych w bran\u017cy konstrukcji szklanych.<\/p>\n\n\n\n<\/section>\n\n\n\n<section data-jarallax=\"\" data-speed=\".8\" class=\"py-12 py-md-13 overlay overlay-black overlay-40 bg-cover jarallax\" style=\"background-image: url(\/wp-content\/uploads\/2025\/06\/blecha-winkel-cta.jpg);\">\n  <div class=\"container\">\n    <div class=\"row mx-auto\">\n      <div class=\"col-12 col-md-10\">\n        <!-- Blockquote -->\n        <blockquote class=\"blockquote mb-0\"> \n          \n          <!-- Text -->\n          <p class=\"h2 text-white text-left font-regular scroll-fade-bottom-up visibility-hidden\">Szukaj\u0105 Pa\u0144stwo odpowiedniego k\u0105townika aluminiowego do swojego projektu?\nNa pewno znajd\u0105 go Pa\u0144stwo w naszym cyfrowym konfiguratorze produkt\u00f3w!\n <\/p>\n\n\n\n<div class=\"wp-block-file btn btn-secondary mt-5 scroll-fade-bottom-up visibility-hidden\"><a id=\"wp-block-file--media-57bf97e1-d880-4669-b1ec-d79be4ec7b9e\" href=\"https:\/\/aluprofil.at\/\">Do wyszukiwania produkt\u00f3w<\/a><\/div>\n\n\n\n<\/blockquote>\n      <\/div>\n    <\/div>\n  <\/div>\n<\/section>\n\n\n\n<section class=\"border-left border-right border-right-lg-none border-bottom\">\n\n\n<div class=\"wp-bootstrap-blocks-container container-fluid mb-0 px-0\">\n\t\n<div class=\"wp-bootstrap-blocks-row row mx-auto\">\n\t\n\n<div class=\"col-12 col-md-6 px-7 px-lg-9 py-7 py-lg-9\">\n\t\t\t\n\n<h1 class=\"wp-block-heading mt-5 text-secondary scroll-fade-bottom-up visibility-hidden\"><font style=\"vertical-align: inherit;\"><font style=\"vertical-align: inherit;\">Typowe zastosowania naszych k\u0105townik\u00f3w aluminiowych<\/font><\/font><\/h1>\n\n\n\n<div class=\"d-flex text-left scroll-fade-bottom-up visibility-hidden\">\n\n\n\n<p>K\u0105towniki aluminiowe, ze wzgl\u0119du na wysok\u0105 wytrzyma\u0142o\u015b\u0107 oraz szerok\u0105 gam\u0119 wyko\u0144cze\u0144 powierzchni, ciesz\u0105 si\u0119 du\u017cym zainteresowaniem w nast\u0119puj\u0105cych bran\u017cach:<\/p>\n\n\n\n<\/div>\n\n\t<\/div>\n\n\n\n<div class=\"col-12 col-md-6 px-0 scroll-reveal-right-to-left\">\n\t\t\t\n\n<div class=\"reveal-item\">\n<div class=\"reveal-item-inner\">\n\n\n\n<\/div>\n<\/div>\n\n\t<\/div>\n\n\n\n<div class=\"col-12 col-md-6 pt-4 pb-9 pt-lg-5 pb-lg-9 px-7 px-lg-9\">\n\t\t\t\n\n<div class=\"d-flex text-left scroll-fade-bottom-up visibility-hidden\">\n<div class=\"badge badge-rounded-circle badge-secondary mt-1 mr-4\">\n<i class=\"fe fe-check\"><\/i>\n<\/div><p class=\"text\">Konstrukcje metalowe i budowlane: ramy, konstrukcje no\u015bne oraz ok\u0142adziny. <\/p><\/div>\n\n\n\n<div class=\"d-flex text-left scroll-fade-bottom-up visibility-hidden\">\n<div class=\"badge badge-rounded-circle badge-secondary mt-1 mr-4\">\n<i class=\"fe fe-check\"><\/i>\n<\/div><p class=\"text\">Przemys\u0142 meblarski i wyko\u0144czenia wn\u0119trz: elementy dekoracyjne oraz wzmocnienia do nowoczesnych mebli. <\/p><\/div>\n\n\n\n<div class=\"d-flex text-left scroll-fade-bottom-up visibility-hidden\">\n<div class=\"badge badge-rounded-circle badge-secondary mt-1 mr-4\">\n<i class=\"fe fe-check\"><\/i>\n<\/div><p class=\"text\">Budowa ogrodze\u0144 i bram: elementy wzmacniaj\u0105ce dla trwa\u0142ych konstrukcji.<\/p><\/div>\n\n\n\n<p><\/p>\n\n\t<\/div>\n\n\n\n<div class=\"col-12 col-md-6 pt-4 pb-9 pt-lg-5 pb-lg-9 px-7 px-lg-9\">\n\t\t\t\n\n<div class=\"d-flex text-left scroll-fade-bottom-up visibility-hidden\">\n<div class=\"badge badge-rounded-circle badge-secondary mt-1 mr-4\">\n<i class=\"fe fe-check\"><\/i>\n<\/div><p class=\"text\">Bran\u017ca szklarska i technika fasad: mocowania do szyb, konstrukcje ramowe oraz profile ochronne.<\/p><\/div>\n\n\n\n<div class=\"d-flex text-left scroll-fade-bottom-up visibility-hidden\">\n<div class=\"badge badge-rounded-circle badge-secondary mt-1 mr-4\">\n<i class=\"fe fe-check\"><\/i>\n<\/div><p class=\"text\">Budowa maszyn: elementy konstrukcyjne do zastosowa\u0144 przemys\u0142owych.<\/p><\/div>\n\n\t<\/div>\n\n<\/div>\n\n<\/div>\n\n\n\n<\/section>\n\n\n\n<section class=\"border-left border-right border-right-lg-none\">\n\n\n<div class=\"wp-bootstrap-blocks-row row mx-auto\">\n\t\n\n<div class=\"col-12 col-md-12 px-7 px-lg-9 py-7 py-lg-9\">\n\t\t\t\n\n<h1 class=\"wp-block-heading mt-5 text-secondary scroll-fade-bottom-up visibility-hidden\"><font style=\"vertical-align: inherit;\"><font style=\"vertical-align: inherit;\">Tw\u00f3j partner w zakresie wysokiej jako\u015bci k\u0105townik\u00f3w aluminiowych<\/font><\/font><\/h1>\n\n\n\n<div class=\"d-flex text-left scroll-fade-bottom-up visibility-hidden\">\n\n\n<div class=\"wp-bootstrap-blocks-row row\">\n\t\n\n<div class=\"col-12 col-md-8\">\n\t\t\t\n\n<p>Zapraszamy do skorzystania z naszego szerokiego asortymentu, dost\u0119pnych zapas\u00f3w oraz fachowej wiedzy w zakresie wyrob\u00f3w p\u00f3\u0142fabrykowanych z aluminium.<\/p>\n\n\t<\/div>\n\n\n\n<div class=\"col-12 col-md-8\">\n\t\t\t\n\n<p><a href=\"http:\/\/blecha.at\/kontakt\">Skontaktuj si\u0119 z nami ju\u017c dzi\u015b, aby znale\u017a\u0107 odpowiedni k\u0105townik aluminiowy do swojego projektu!<\/a><\/p>\n\n\t<\/div>\n\n<\/div>\n\n\n<div class=\"wp-bootstrap-blocks-row row\">\n\t\n\n<div class=\"col-12 col-md-6\">\n\t\t\t\n\n<p><\/p>\n\n\t<\/div>\n\n\n\n<div class=\"col-12 col-md-6\">\n\t\t\t\n\n<p><\/p>\n\n\t<\/div>\n\n<\/div>\n\n\n\n<p><\/p>\n\n\n\n<p><\/p>\n\n\n\n<p><\/p>\n\n\n\n<\/div>\n\n\t<\/div>\n\n<\/div>\n\n\n\n<\/section>\n","protected":false},"excerpt":{"rendered":"Nasz asortyment k\u0105townik\u00f3w aluminiowych Oferujemy szeroki wyb\u00f3r k\u0105townik\u00f3w z stopu EN AW-6060, kt\u00f3ry charakteryzuje si\u0119 doskona\u0142\u0105 odporno\u015bci\u0105 na warunki atmosferyczne, dobr\u0105 spawalno\u015bci\u0105 oraz znakomitymi mo\u017cliwo\u015bciami obr\u00f3bki.Dla specjalnych wymaga\u0144, zw\u0142aszcza w bran\u017cy szklenia, oferujemy tak\u017ce k\u0105towniki z r\u00f3\u017cnymi wyko\u0144czeniami powierzchni: Te specjalnie wyko\u0144czone k\u0105towniki aluminiowe dost\u0119pne s\u0105 w wymiarach najcz\u0119\u015bciej stosowanych w bran\u017cy konstrukcji szklanych. Szukaj\u0105 [&hellip;]","protected":false},"author":2,"featured_media":30348,"parent":6137,"menu_order":0,"comment_status":"closed","ping_status":"closed","template":"page-produkte.php","meta":{"_acf_changed":false,"footnotes":""},"class_list":["post-30943","page","type-page","status-publish","has-post-thumbnail","hentry"],"acf":[],"yoast_head":"<!-- This site is optimized with the Yoast SEO plugin v27.3 - https:\/\/yoast.com\/product\/yoast-seo-wordpress\/ -->\n<title>K\u0105towniki aluminiowe EN AW-6060 \u2013 szybka dostawa | BLECHA<\/title>\n<meta name=\"description\" content=\"K\u0105towniki aluminiowe EN AW-6060 \u2013 idealne do konstrukcji metalowych, szklanych, fasad i wyko\u0144cze\u0144 wn\u0119trz. Szeroki wyb\u00f3r wymiar\u00f3w i szybka dost\u0119pno\u015b\u0107 magazynowa.\" \/>\n<meta name=\"robots\" content=\"index, follow, max-snippet:-1, max-image-preview:large, max-video-preview:-1\" \/>\n<link rel=\"canonical\" href=\"https:\/\/www.blecha.at\/pl\/produkty\/profile-standardowe\/katowniki-aluminiowe\/\" \/>\n<meta property=\"og:locale\" content=\"pl_PL\" \/>\n<meta property=\"og:type\" content=\"article\" \/>\n<meta property=\"og:title\" content=\"K\u0105towniki aluminiowe EN AW-6060 \u2013 szybka dostawa | BLECHA\" \/>\n<meta property=\"og:description\" content=\"K\u0105towniki aluminiowe EN AW-6060 \u2013 idealne do konstrukcji metalowych, szklanych, fasad i wyko\u0144cze\u0144 wn\u0119trz. Szeroki wyb\u00f3r wymiar\u00f3w i szybka dost\u0119pno\u015b\u0107 magazynowa.\" \/>\n<meta property=\"og:url\" content=\"https:\/\/www.blecha.at\/pl\/produkty\/profile-standardowe\/katowniki-aluminiowe\/\" \/>\n<meta property=\"og:site_name\" content=\"BLECHA\" \/>\n<meta property=\"article:modified_time\" content=\"2025-10-20T11:26:53+00:00\" \/>\n<meta property=\"og:image\" content=\"https:\/\/www.blecha.at\/wp-content\/uploads\/2025\/06\/blecha-winkel.jpg\" \/>\n\t<meta property=\"og:image:width\" content=\"1900\" \/>\n\t<meta property=\"og:image:height\" content=\"1200\" \/>\n\t<meta property=\"og:image:type\" content=\"image\/jpeg\" \/>\n<meta name=\"twitter:card\" content=\"summary_large_image\" \/>\n<meta name=\"twitter:label1\" content=\"Szacowany czas czytania\" \/>\n\t<meta name=\"twitter:data1\" content=\"2 minuty\" \/>\n<script type=\"application\/ld+json\" class=\"yoast-schema-graph\">{\"@context\":\"https:\\\/\\\/schema.org\",\"@graph\":[{\"@type\":\"WebPage\",\"@id\":\"https:\\\/\\\/www.blecha.at\\\/pl\\\/produkty\\\/profile-standardowe\\\/katowniki-aluminiowe\\\/\",\"url\":\"https:\\\/\\\/www.blecha.at\\\/pl\\\/produkty\\\/profile-standardowe\\\/katowniki-aluminiowe\\\/\",\"name\":\"K\u0105towniki aluminiowe EN AW-6060 \u2013 szybka dostawa | BLECHA\",\"isPartOf\":{\"@id\":\"https:\\\/\\\/www.blecha.at\\\/#website\"},\"primaryImageOfPage\":{\"@id\":\"https:\\\/\\\/www.blecha.at\\\/pl\\\/produkty\\\/profile-standardowe\\\/katowniki-aluminiowe\\\/#primaryimage\"},\"image\":{\"@id\":\"https:\\\/\\\/www.blecha.at\\\/pl\\\/produkty\\\/profile-standardowe\\\/katowniki-aluminiowe\\\/#primaryimage\"},\"thumbnailUrl\":\"https:\\\/\\\/www.blecha.at\\\/wp-content\\\/uploads\\\/2025\\\/06\\\/blecha-winkel.jpg\",\"datePublished\":\"2025-10-20T11:26:51+00:00\",\"dateModified\":\"2025-10-20T11:26:53+00:00\",\"description\":\"K\u0105towniki aluminiowe EN AW-6060 \u2013 idealne do konstrukcji metalowych, szklanych, fasad i wyko\u0144cze\u0144 wn\u0119trz. Szeroki wyb\u00f3r wymiar\u00f3w i szybka dost\u0119pno\u015b\u0107 magazynowa.\",\"breadcrumb\":{\"@id\":\"https:\\\/\\\/www.blecha.at\\\/pl\\\/produkty\\\/profile-standardowe\\\/katowniki-aluminiowe\\\/#breadcrumb\"},\"inLanguage\":\"pl-PL\",\"potentialAction\":[{\"@type\":\"ReadAction\",\"target\":[\"https:\\\/\\\/www.blecha.at\\\/pl\\\/produkty\\\/profile-standardowe\\\/katowniki-aluminiowe\\\/\"]}]},{\"@type\":\"ImageObject\",\"inLanguage\":\"pl-PL\",\"@id\":\"https:\\\/\\\/www.blecha.at\\\/pl\\\/produkty\\\/profile-standardowe\\\/katowniki-aluminiowe\\\/#primaryimage\",\"url\":\"https:\\\/\\\/www.blecha.at\\\/wp-content\\\/uploads\\\/2025\\\/06\\\/blecha-winkel.jpg\",\"contentUrl\":\"https:\\\/\\\/www.blecha.at\\\/wp-content\\\/uploads\\\/2025\\\/06\\\/blecha-winkel.jpg\",\"width\":1900,\"height\":1200},{\"@type\":\"BreadcrumbList\",\"@id\":\"https:\\\/\\\/www.blecha.at\\\/pl\\\/produkty\\\/profile-standardowe\\\/katowniki-aluminiowe\\\/#breadcrumb\",\"itemListElement\":[{\"@type\":\"ListItem\",\"position\":1,\"name\":\"Home\",\"item\":\"https:\\\/\\\/www.blecha.at\\\/pl\\\/\"},{\"@type\":\"ListItem\",\"position\":2,\"name\":\"Produkty\",\"item\":\"https:\\\/\\\/www.blecha.at\\\/pl\\\/produkty\\\/\"},{\"@type\":\"ListItem\",\"position\":3,\"name\":\"Profile standardowe\",\"item\":\"https:\\\/\\\/www.blecha.at\\\/pl\\\/produkty\\\/profile-standardowe\\\/\"},{\"@type\":\"ListItem\",\"position\":4,\"name\":\"K\u0105towniki aluminiowe\"}]},{\"@type\":\"WebSite\",\"@id\":\"https:\\\/\\\/www.blecha.at\\\/#website\",\"url\":\"https:\\\/\\\/www.blecha.at\\\/\",\"name\":\"BLECHA\",\"description\":\"Eine weitere WordPress-Website\",\"potentialAction\":[{\"@type\":\"SearchAction\",\"target\":{\"@type\":\"EntryPoint\",\"urlTemplate\":\"https:\\\/\\\/www.blecha.at\\\/?s={search_term_string}\"},\"query-input\":{\"@type\":\"PropertyValueSpecification\",\"valueRequired\":true,\"valueName\":\"search_term_string\"}}],\"inLanguage\":\"pl-PL\"}]}<\/script>\n<!-- \/ Yoast SEO plugin. -->","yoast_head_json":{"title":"K\u0105towniki aluminiowe EN AW-6060 \u2013 szybka dostawa | BLECHA","description":"K\u0105towniki aluminiowe EN AW-6060 \u2013 idealne do konstrukcji metalowych, szklanych, fasad i wyko\u0144cze\u0144 wn\u0119trz. Szeroki wyb\u00f3r wymiar\u00f3w i szybka dost\u0119pno\u015b\u0107 magazynowa.","robots":{"index":"index","follow":"follow","max-snippet":"max-snippet:-1","max-image-preview":"max-image-preview:large","max-video-preview":"max-video-preview:-1"},"canonical":"https:\/\/www.blecha.at\/pl\/produkty\/profile-standardowe\/katowniki-aluminiowe\/","og_locale":"pl_PL","og_type":"article","og_title":"K\u0105towniki aluminiowe EN AW-6060 \u2013 szybka dostawa | BLECHA","og_description":"K\u0105towniki aluminiowe EN AW-6060 \u2013 idealne do konstrukcji metalowych, szklanych, fasad i wyko\u0144cze\u0144 wn\u0119trz. Szeroki wyb\u00f3r wymiar\u00f3w i szybka dost\u0119pno\u015b\u0107 magazynowa.","og_url":"https:\/\/www.blecha.at\/pl\/produkty\/profile-standardowe\/katowniki-aluminiowe\/","og_site_name":"BLECHA","article_modified_time":"2025-10-20T11:26:53+00:00","og_image":[{"width":1900,"height":1200,"url":"https:\/\/www.blecha.at\/wp-content\/uploads\/2025\/06\/blecha-winkel.jpg","type":"image\/jpeg"}],"twitter_card":"summary_large_image","twitter_misc":{"Szacowany czas czytania":"2 minuty"},"schema":{"@context":"https:\/\/schema.org","@graph":[{"@type":"WebPage","@id":"https:\/\/www.blecha.at\/pl\/produkty\/profile-standardowe\/katowniki-aluminiowe\/","url":"https:\/\/www.blecha.at\/pl\/produkty\/profile-standardowe\/katowniki-aluminiowe\/","name":"K\u0105towniki aluminiowe EN AW-6060 \u2013 szybka dostawa | BLECHA","isPartOf":{"@id":"https:\/\/www.blecha.at\/#website"},"primaryImageOfPage":{"@id":"https:\/\/www.blecha.at\/pl\/produkty\/profile-standardowe\/katowniki-aluminiowe\/#primaryimage"},"image":{"@id":"https:\/\/www.blecha.at\/pl\/produkty\/profile-standardowe\/katowniki-aluminiowe\/#primaryimage"},"thumbnailUrl":"https:\/\/www.blecha.at\/wp-content\/uploads\/2025\/06\/blecha-winkel.jpg","datePublished":"2025-10-20T11:26:51+00:00","dateModified":"2025-10-20T11:26:53+00:00","description":"K\u0105towniki aluminiowe EN AW-6060 \u2013 idealne do konstrukcji metalowych, szklanych, fasad i wyko\u0144cze\u0144 wn\u0119trz. Szeroki wyb\u00f3r wymiar\u00f3w i szybka dost\u0119pno\u015b\u0107 magazynowa.","breadcrumb":{"@id":"https:\/\/www.blecha.at\/pl\/produkty\/profile-standardowe\/katowniki-aluminiowe\/#breadcrumb"},"inLanguage":"pl-PL","potentialAction":[{"@type":"ReadAction","target":["https:\/\/www.blecha.at\/pl\/produkty\/profile-standardowe\/katowniki-aluminiowe\/"]}]},{"@type":"ImageObject","inLanguage":"pl-PL","@id":"https:\/\/www.blecha.at\/pl\/produkty\/profile-standardowe\/katowniki-aluminiowe\/#primaryimage","url":"https:\/\/www.blecha.at\/wp-content\/uploads\/2025\/06\/blecha-winkel.jpg","contentUrl":"https:\/\/www.blecha.at\/wp-content\/uploads\/2025\/06\/blecha-winkel.jpg","width":1900,"height":1200},{"@type":"BreadcrumbList","@id":"https:\/\/www.blecha.at\/pl\/produkty\/profile-standardowe\/katowniki-aluminiowe\/#breadcrumb","itemListElement":[{"@type":"ListItem","position":1,"name":"Home","item":"https:\/\/www.blecha.at\/pl\/"},{"@type":"ListItem","position":2,"name":"Produkty","item":"https:\/\/www.blecha.at\/pl\/produkty\/"},{"@type":"ListItem","position":3,"name":"Profile standardowe","item":"https:\/\/www.blecha.at\/pl\/produkty\/profile-standardowe\/"},{"@type":"ListItem","position":4,"name":"K\u0105towniki aluminiowe"}]},{"@type":"WebSite","@id":"https:\/\/www.blecha.at\/#website","url":"https:\/\/www.blecha.at\/","name":"BLECHA","description":"Eine weitere WordPress-Website","potentialAction":[{"@type":"SearchAction","target":{"@type":"EntryPoint","urlTemplate":"https:\/\/www.blecha.at\/?s={search_term_string}"},"query-input":{"@type":"PropertyValueSpecification","valueRequired":true,"valueName":"search_term_string"}}],"inLanguage":"pl-PL"}]}},"_links":{"self":[{"href":"https:\/\/www.blecha.at\/pl\/wp-json\/wp\/v2\/pages\/30943","targetHints":{"allow":["GET"]}}],"collection":[{"href":"https:\/\/www.blecha.at\/pl\/wp-json\/wp\/v2\/pages"}],"about":[{"href":"https:\/\/www.blecha.at\/pl\/wp-json\/wp\/v2\/types\/page"}],"author":[{"embeddable":true,"href":"https:\/\/www.blecha.at\/pl\/wp-json\/wp\/v2\/users\/2"}],"replies":[{"embeddable":true,"href":"https:\/\/www.blecha.at\/pl\/wp-json\/wp\/v2\/comments?post=30943"}],"version-history":[{"count":1,"href":"https:\/\/www.blecha.at\/pl\/wp-json\/wp\/v2\/pages\/30943\/revisions"}],"predecessor-version":[{"id":30944,"href":"https:\/\/www.blecha.at\/pl\/wp-json\/wp\/v2\/pages\/30943\/revisions\/30944"}],"up":[{"embeddable":true,"href":"https:\/\/www.blecha.at\/pl\/wp-json\/wp\/v2\/pages\/6137"}],"wp:featuredmedia":[{"embeddable":true,"href":"https:\/\/www.blecha.at\/pl\/wp-json\/wp\/v2\/media\/30348"}],"wp:attachment":[{"href":"https:\/\/www.blecha.at\/pl\/wp-json\/wp\/v2\/media?parent=30943"}],"curies":[{"name":"wp","href":"https:\/\/api.w.org\/{rel}","templated":true}]}}