{"id":5068,"date":"2021-01-22T21:32:59","date_gmt":"2021-01-22T20:32:59","guid":{"rendered":"https:\/\/www.blecha.at\/uslugi\/sonderprofile-im-3d-druck\/"},"modified":"2021-12-20T16:02:30","modified_gmt":"2021-12-20T15:02:30","slug":"profile-specjalne-w-druku-3d","status":"publish","type":"page","link":"https:\/\/www.blecha.at\/pl\/uslugi\/profile-specjalne-w-druku-3d\/","title":{"rendered":"Profile specjalne w druku 3D"},"content":{"rendered":"\n<section id=\"sectionTwo\" class=\"mt-lg-n11 py-8 py-md-11 px-lg-9 border-left border-right border-right-lg-none bg-white\">\n\n\n<div class=\"wp-bootstrap-blocks-container container-fluid mb-0\">\n\t\n<div class=\"wp-bootstrap-blocks-row row mx-auto\">\n\t\n\n<div class=\"col-12 col-md-10\">\n\t\t\t\n\n<h2 class=\"text-secondary scroll-fade-bottom-up visibility-hidden wp-block-heading\">Na \u017cyczenie klienta mo\u017cemy wydrukowa\u0107 profil specjalny w drukarce 3D!!<\/h2>\n\n\n\n<h3 class=\"scroll-fade-bottom-up visibility-hidden wp-block-heading\">Zalety druku 3D<\/h3>\n\n\n\n<p class=\"scroll-fade-bottom-up visibility-hidden\">Prototyp 3D mo\u017cna bardzo \u0142atwo stworzy\u0107 i indywidualnie dostosowa\u0107 nawet przy skomplikowanym geometrycznie kszta\u0142cie. W por\u00f3wnaniu do konwencjonalnych metod wytwarzania, technologia druku 3D umo\u017cliwia znacznie szybsze przygotowanie i wykonywanie modeli w formie prototyp\u00f3w. Prototypy 3D s\u0105 elastyczne \u2013 raz narysowany model 3D mo\u017cna zmodyfikowa\u0107 i ponownie wydrukowa\u0107 w bardzo kr\u00f3tkim czasie. Drukarka 3D jest idealnym rozwi\u0105zaniem do tworzenia i realizacji w\u0142asnych koncepcji projektowych.<\/p>\n\n\t<\/div>\n\n<\/div>\n\n<\/div>\n\n\n\n<\/section>\n\n\n\n<section class=\"pl-lg-9 border-left border-right border-right-lg-none bg-primary\">\n\n\n<div class=\"wp-bootstrap-blocks-container container-fluid mb-0 pr-0\">\n\t\n<div class=\"wp-bootstrap-blocks-row row mx-auto\">\n\t\n\n<div class=\"col-12 col-md-5 py-7 py-lg-9\">\n\t\t\t\n\n<h3 class=\"text-secondary mb-4 scroll-fade-bottom-up visibility-hidden wp-block-heading\">Dane techniczne<\/h3>\n\n\n\n<div class=\"d-flex text-left scroll-fade-bottom-up visibility-hidden\">\n<div class=\"badge badge-rounded-circle badge-secondary mt-1 mr-4\">\n<i class=\"fe fe-check\"><\/i>\n<\/div><p class=\"text-white\">Rozmiar w przekroju poprzecznym do 180 x 180 mm<\/p><\/div>\n\n<div class=\"d-flex text-left scroll-fade-bottom-up visibility-hidden\">\n<div class=\"badge badge-rounded-circle badge-secondary mt-1 mr-4\">\n<i class=\"fe fe-check\"><\/i>\n<\/div><p class=\"text-white\">Wysoko\u015b\u0107 mo\u017cliwa do 200 mm<\/p><\/div>\n\n<div class=\"d-flex text-left scroll-fade-bottom-up visibility-hidden\">\n<div class=\"badge badge-rounded-circle badge-secondary mt-1 mr-4\">\n<i class=\"fe fe-check\"><\/i>\n<\/div><p class=\"text-white\">Bardzo precyzyjne tolerancje wymiarowe +\/- 0,3 mm<\/p><\/div>\n\n<div class=\"d-flex text-left scroll-fade-bottom-up visibility-hidden\">\n<div class=\"badge badge-rounded-circle badge-secondary mt-1 mr-4\">\n<i class=\"fe fe-check\"><\/i>\n<\/div><p class=\"text-white\">Kolory wydruku: niebieski, bia\u0142y lub szary<\/p><\/div>\n\n\n\n<h3 class=\"text-secondary mt-7 mb-4 scroll-fade-bottom-up visibility-hidden wp-block-heading\">Termin dostawy<\/h3>\n\n\n\n<div class=\"d-flex text-left scroll-fade-bottom-up visibility-hidden\">\n<div class=\"badge badge-rounded-circle badge-secondary mt-1 mr-4\">\n<i class=\"fe fe-check\"><\/i>\n<\/div><p class=\"text-white\">1-2 tygodnie (w zale\u017cno\u015bci od wariantu i prototypu)<\/p><\/div>\n\n\t<\/div>\n\n\n\n<div class=\"col-12 col-md-7 px-0 scroll-reveal-right-to-left\">\n\t\t\t\n\n<div class=\"reveal-item\">\n<div class=\"reveal-item-inner\">\n<div class=\"shape shape-left shape-fluid-y svg-shim text-primary d-none d-md-block\">                                              <svg viewBox=\"0 0 100 1544\" fill=\"none\" xmlns=\"http:\/\/www.w3.org\/2000\/svg\">                                                <path d=\"M0 0h100v386l-50 772v386H0V0z\" fill=\"currentColor\"><\/path>                                           <\/svg><\/div>\n\n\n\n<figure class=\"wp-block-image size-large wp-block-image-cover h-100 mb-0\"><img decoding=\"async\" width=\"1024\" height=\"683\" src=\"https:\/\/www.blecha.at\/wp-content\/uploads\/2021\/03\/blecha-3d-drucker-2-1024x683.jpg\" alt=\"\" class=\"wp-image-5074\" srcset=\"https:\/\/www.blecha.at\/wp-content\/uploads\/2021\/03\/blecha-3d-drucker-2-1024x683.jpg 1024w, https:\/\/www.blecha.at\/wp-content\/uploads\/2021\/03\/blecha-3d-drucker-2-300x200.jpg 300w, https:\/\/www.blecha.at\/wp-content\/uploads\/2021\/03\/blecha-3d-drucker-2-768x512.jpg 768w, https:\/\/www.blecha.at\/wp-content\/uploads\/2021\/03\/blecha-3d-drucker-2-1536x1024.jpg 1536w, https:\/\/www.blecha.at\/wp-content\/uploads\/2021\/03\/blecha-3d-drucker-2-2048x1366.jpg 2048w\" sizes=\"(max-width: 1024px) 100vw, 1024px\" \/><\/figure>\n\n\n\n<\/div>\n<\/div>\n\n\t<\/div>\n\n<\/div>\n\n<\/div>\n\n\n\n<\/section>\n\n\n\n<section class=\"px-lg-9 border-left border-right border-right-lg-none bg-secondary\">\n\n\n<div class=\"wp-bootstrap-blocks-container container-fluid mb-0 bg-secondary\">\n\t\n<div class=\"wp-bootstrap-blocks-row row mx-auto\">\n\t\n\n<div class=\"col-12 col-md-6 text-white py-7 py-md-9\">\n\t\t\t\n\n<h5 class=\"mb-5 scroll-fade-bottom-up visibility-hidden wp-block-heading\">Wariant 1: Szkic projektu<\/h5>\n\n\n\n<div class=\"d-flex text-left scroll-fade-bottom-up visibility-hidden\">\n<div class=\"badge badge-rounded-circle badge-primary mt-1 mr-4\">\n<i class=\"fe fe-check\"><\/i>\n<\/div><p class=\"text-white\">Narysujemy dla Pa\u0144stwa profil w formacie dwg<\/p><\/div>\n\n<div class=\"d-flex text-left scroll-fade-bottom-up visibility-hidden\">\n<div class=\"badge badge-rounded-circle badge-primary mt-1 mr-4\">\n<i class=\"fe fe-check\"><\/i>\n<\/div><p class=\"text-white\">Pa\u0144stwo akceptuj\u0105 rysunek lub wprowadzaj\u0105 ewentualne korekty<\/p><\/div>\n\n<div class=\"d-flex text-left scroll-fade-bottom-up visibility-hidden\">\n<div class=\"badge badge-rounded-circle badge-primary mt-1 mr-4\">\n<i class=\"fe fe-check\"><\/i>\n<\/div><p class=\"text-white\">Drukujemy \u017c\u0105dany profil jako wzorzec w druku 3D<\/p><\/div>\n\n<div class=\"d-flex text-left scroll-fade-bottom-up visibility-hidden\">\n<div class=\"badge badge-rounded-circle badge-primary mt-1 mr-4\">\n<i class=\"fe fe-check\"><\/i>\n<\/div><p class=\"text-white\">Otrzymaj\u0105 Pa\u0144stwo od nas pr\u00f3bk\u0119 profilu i rysunek dwg<\/p><\/div>\n\n<div class=\"d-flex text-left scroll-fade-bottom-up visibility-hidden\">\n<div class=\"badge badge-rounded-circle badge-primary mt-1 mr-4\">\n<i class=\"fe fe-check\"><\/i>\n<\/div><p class=\"text-white\">Cena bez podatku VAT: od \u20ac 180.-<\/p><\/div>\n\n\t<\/div>\n\n\n\n<div class=\"col-12 col-md-6 text-white py-7 py-md-9\">\n\t\t\t\n\n<h5 class=\"mb-5 scroll-fade-bottom-up visibility-hidden wp-block-heading\">Wariant 2: Rysunki 2D lub 3D w formacie dwg<\/h5>\n\n\n\n<div class=\"d-flex text-left scroll-fade-bottom-up visibility-hidden\">\n<div class=\"badge badge-rounded-circle badge-primary mt-1 mr-4\">\n<i class=\"fe fe-check\"><\/i>\n<\/div><p class=\"text-white\">Drukujemy \u017c\u0105dany profil jako wzorzec w druku 3D<\/p><\/div>\n\n<div class=\"d-flex text-left scroll-fade-bottom-up visibility-hidden\">\n<div class=\"badge badge-rounded-circle badge-primary mt-1 mr-4\">\n<i class=\"fe fe-check\"><\/i>\n<\/div><p class=\"text-white\">Otrzymaj\u0105 Pa\u0144stwo od nas pr\u00f3bk\u0119 profilu<\/p><\/div>\n\n<div class=\"d-flex text-left scroll-fade-bottom-up visibility-hidden\">\n<div class=\"badge badge-rounded-circle badge-primary mt-1 mr-4\">\n<i class=\"fe fe-check\"><\/i>\n<\/div><p class=\"text-white\">Cena bez podatku VAT: od  \u20ac 90.-<\/p><\/div>\n\n\t<\/div>\n\n<\/div>\n\n<\/div>\n\n\n\n<\/section>\n\n\n\n<section class=\"py-8 py-md-11 px-lg-9 border-left border-right border-right-lg-none bg-white\">\n\n\n<div class=\"wp-bootstrap-blocks-container container-fluid mb-0\">\n\t\n<div class=\"wp-bootstrap-blocks-row row mx-auto\">\n\t\n\n<div class=\"col-12 col-md-10\">\n\t\t\t\n\n<h2 class=\"text-secondary mb-7 scroll-fade-bottom-up visibility-hidden wp-block-heading\">Media<\/h2>\n\n\t<\/div>\n\n<\/div>\n\n\n<div class=\"wp-bootstrap-blocks-row row mx-auto\">\n\t\n\n<div class=\"col-12\">\n\t\t\t\n\n<figure class=\"wp-block-embed is-type-video is-provider-youtube wp-block-embed-youtube wp-embed-aspect-16-9 wp-has-aspect-ratio\"><div class=\"wp-block-embed__wrapper\">\n<iframe title=\"Prototypen von Spezialprofilen im 3D-Druck als Muster\" width=\"500\" height=\"281\" src=\"https:\/\/www.youtube.com\/embed\/7oZJztUp1ig?feature=oembed\" frameborder=\"0\" allow=\"accelerometer; autoplay; clipboard-write; encrypted-media; gyroscope; picture-in-picture; web-share\" referrerpolicy=\"strict-origin-when-cross-origin\" allowfullscreen><\/iframe>\n<\/div><\/figure>\n\n\t<\/div>\n\n<\/div>\n\n<\/div>\n\n\n\n<\/section>\n\n\n\n<p><\/p>\n","protected":false},"excerpt":{"rendered":"","protected":false},"author":2,"featured_media":4935,"parent":4592,"menu_order":0,"comment_status":"closed","ping_status":"closed","template":"page-leistungen.php","meta":{"_acf_changed":false,"footnotes":""},"class_list":["post-5068","page","type-page","status-publish","has-post-thumbnail","hentry"],"acf":[],"yoast_head":"<!-- This site is optimized with the Yoast SEO plugin v27.3 - https:\/\/yoast.com\/product\/yoast-seo-wordpress\/ -->\n<title>Profile specjalne w druku 3D | BLECHA<\/title>\n<meta name=\"description\" content=\"Na \u017cyczenie klienta mo\u017cemy wydrukowa\u0107 profil specjalny w drukarce 3D! Prototyp 3D mo\u017cna bardzo \u0142atwo stworzy\u0107 i indywidualnie dostosowa\u0107 nawet przy skomplikowanym geometrycznie kszta\u0142cie.\" \/>\n<meta name=\"robots\" content=\"index, follow, max-snippet:-1, max-image-preview:large, max-video-preview:-1\" \/>\n<link rel=\"canonical\" href=\"https:\/\/www.blecha.at\/pl\/uslugi\/profile-specjalne-w-druku-3d\/\" \/>\n<meta property=\"og:locale\" content=\"pl_PL\" \/>\n<meta property=\"og:type\" content=\"article\" \/>\n<meta property=\"og:title\" content=\"Profile specjalne w druku 3D | BLECHA\" \/>\n<meta property=\"og:description\" content=\"Na \u017cyczenie klienta mo\u017cemy wydrukowa\u0107 profil specjalny w drukarce 3D! Prototyp 3D mo\u017cna bardzo \u0142atwo stworzy\u0107 i indywidualnie dostosowa\u0107 nawet przy skomplikowanym geometrycznie kszta\u0142cie.\" \/>\n<meta property=\"og:url\" content=\"https:\/\/www.blecha.at\/pl\/uslugi\/profile-specjalne-w-druku-3d\/\" \/>\n<meta property=\"og:site_name\" content=\"BLECHA\" \/>\n<meta property=\"article:modified_time\" content=\"2021-12-20T15:02:30+00:00\" \/>\n<meta property=\"og:image\" content=\"https:\/\/www.blecha.at\/wp-content\/uploads\/2021\/03\/blecha-3d-drucker-thumbnail-1.jpg\" \/>\n\t<meta property=\"og:image:width\" content=\"1600\" \/>\n\t<meta property=\"og:image:height\" content=\"1600\" \/>\n\t<meta property=\"og:image:type\" content=\"image\/jpeg\" \/>\n<meta name=\"twitter:card\" content=\"summary_large_image\" \/>\n<meta name=\"twitter:label1\" content=\"Szacowany czas czytania\" \/>\n\t<meta name=\"twitter:data1\" content=\"2 minuty\" \/>\n<script type=\"application\/ld+json\" class=\"yoast-schema-graph\">{\"@context\":\"https:\\\/\\\/schema.org\",\"@graph\":[{\"@type\":\"WebPage\",\"@id\":\"https:\\\/\\\/www.blecha.at\\\/pl\\\/uslugi\\\/profile-specjalne-w-druku-3d\\\/\",\"url\":\"https:\\\/\\\/www.blecha.at\\\/pl\\\/uslugi\\\/profile-specjalne-w-druku-3d\\\/\",\"name\":\"Profile specjalne w druku 3D | BLECHA\",\"isPartOf\":{\"@id\":\"https:\\\/\\\/www.blecha.at\\\/#website\"},\"primaryImageOfPage\":{\"@id\":\"https:\\\/\\\/www.blecha.at\\\/pl\\\/uslugi\\\/profile-specjalne-w-druku-3d\\\/#primaryimage\"},\"image\":{\"@id\":\"https:\\\/\\\/www.blecha.at\\\/pl\\\/uslugi\\\/profile-specjalne-w-druku-3d\\\/#primaryimage\"},\"thumbnailUrl\":\"https:\\\/\\\/www.blecha.at\\\/wp-content\\\/uploads\\\/2021\\\/03\\\/blecha-3d-drucker-thumbnail-1.jpg\",\"datePublished\":\"2021-01-22T20:32:59+00:00\",\"dateModified\":\"2021-12-20T15:02:30+00:00\",\"description\":\"Na \u017cyczenie klienta mo\u017cemy wydrukowa\u0107 profil specjalny w drukarce 3D! Prototyp 3D mo\u017cna bardzo \u0142atwo stworzy\u0107 i indywidualnie dostosowa\u0107 nawet przy skomplikowanym geometrycznie kszta\u0142cie.\",\"breadcrumb\":{\"@id\":\"https:\\\/\\\/www.blecha.at\\\/pl\\\/uslugi\\\/profile-specjalne-w-druku-3d\\\/#breadcrumb\"},\"inLanguage\":\"pl-PL\",\"potentialAction\":[{\"@type\":\"ReadAction\",\"target\":[\"https:\\\/\\\/www.blecha.at\\\/pl\\\/uslugi\\\/profile-specjalne-w-druku-3d\\\/\"]}]},{\"@type\":\"ImageObject\",\"inLanguage\":\"pl-PL\",\"@id\":\"https:\\\/\\\/www.blecha.at\\\/pl\\\/uslugi\\\/profile-specjalne-w-druku-3d\\\/#primaryimage\",\"url\":\"https:\\\/\\\/www.blecha.at\\\/wp-content\\\/uploads\\\/2021\\\/03\\\/blecha-3d-drucker-thumbnail-1.jpg\",\"contentUrl\":\"https:\\\/\\\/www.blecha.at\\\/wp-content\\\/uploads\\\/2021\\\/03\\\/blecha-3d-drucker-thumbnail-1.jpg\",\"width\":1600,\"height\":1600},{\"@type\":\"BreadcrumbList\",\"@id\":\"https:\\\/\\\/www.blecha.at\\\/pl\\\/uslugi\\\/profile-specjalne-w-druku-3d\\\/#breadcrumb\",\"itemListElement\":[{\"@type\":\"ListItem\",\"position\":1,\"name\":\"Home\",\"item\":\"https:\\\/\\\/www.blecha.at\\\/pl\\\/\"},{\"@type\":\"ListItem\",\"position\":2,\"name\":\"Us\u0142ugi\",\"item\":\"https:\\\/\\\/www.blecha.at\\\/pl\\\/uslugi\\\/\"},{\"@type\":\"ListItem\",\"position\":3,\"name\":\"Profile specjalne w druku 3D\"}]},{\"@type\":\"WebSite\",\"@id\":\"https:\\\/\\\/www.blecha.at\\\/#website\",\"url\":\"https:\\\/\\\/www.blecha.at\\\/\",\"name\":\"BLECHA\",\"description\":\"Eine weitere WordPress-Website\",\"potentialAction\":[{\"@type\":\"SearchAction\",\"target\":{\"@type\":\"EntryPoint\",\"urlTemplate\":\"https:\\\/\\\/www.blecha.at\\\/?s={search_term_string}\"},\"query-input\":{\"@type\":\"PropertyValueSpecification\",\"valueRequired\":true,\"valueName\":\"search_term_string\"}}],\"inLanguage\":\"pl-PL\"}]}<\/script>\n<!-- \/ Yoast SEO plugin. -->","yoast_head_json":{"title":"Profile specjalne w druku 3D | BLECHA","description":"Na \u017cyczenie klienta mo\u017cemy wydrukowa\u0107 profil specjalny w drukarce 3D! Prototyp 3D mo\u017cna bardzo \u0142atwo stworzy\u0107 i indywidualnie dostosowa\u0107 nawet przy skomplikowanym geometrycznie kszta\u0142cie.","robots":{"index":"index","follow":"follow","max-snippet":"max-snippet:-1","max-image-preview":"max-image-preview:large","max-video-preview":"max-video-preview:-1"},"canonical":"https:\/\/www.blecha.at\/pl\/uslugi\/profile-specjalne-w-druku-3d\/","og_locale":"pl_PL","og_type":"article","og_title":"Profile specjalne w druku 3D | BLECHA","og_description":"Na \u017cyczenie klienta mo\u017cemy wydrukowa\u0107 profil specjalny w drukarce 3D! Prototyp 3D mo\u017cna bardzo \u0142atwo stworzy\u0107 i indywidualnie dostosowa\u0107 nawet przy skomplikowanym geometrycznie kszta\u0142cie.","og_url":"https:\/\/www.blecha.at\/pl\/uslugi\/profile-specjalne-w-druku-3d\/","og_site_name":"BLECHA","article_modified_time":"2021-12-20T15:02:30+00:00","og_image":[{"width":1600,"height":1600,"url":"https:\/\/www.blecha.at\/wp-content\/uploads\/2021\/03\/blecha-3d-drucker-thumbnail-1.jpg","type":"image\/jpeg"}],"twitter_card":"summary_large_image","twitter_misc":{"Szacowany czas czytania":"2 minuty"},"schema":{"@context":"https:\/\/schema.org","@graph":[{"@type":"WebPage","@id":"https:\/\/www.blecha.at\/pl\/uslugi\/profile-specjalne-w-druku-3d\/","url":"https:\/\/www.blecha.at\/pl\/uslugi\/profile-specjalne-w-druku-3d\/","name":"Profile specjalne w druku 3D | BLECHA","isPartOf":{"@id":"https:\/\/www.blecha.at\/#website"},"primaryImageOfPage":{"@id":"https:\/\/www.blecha.at\/pl\/uslugi\/profile-specjalne-w-druku-3d\/#primaryimage"},"image":{"@id":"https:\/\/www.blecha.at\/pl\/uslugi\/profile-specjalne-w-druku-3d\/#primaryimage"},"thumbnailUrl":"https:\/\/www.blecha.at\/wp-content\/uploads\/2021\/03\/blecha-3d-drucker-thumbnail-1.jpg","datePublished":"2021-01-22T20:32:59+00:00","dateModified":"2021-12-20T15:02:30+00:00","description":"Na \u017cyczenie klienta mo\u017cemy wydrukowa\u0107 profil specjalny w drukarce 3D! Prototyp 3D mo\u017cna bardzo \u0142atwo stworzy\u0107 i indywidualnie dostosowa\u0107 nawet przy skomplikowanym geometrycznie kszta\u0142cie.","breadcrumb":{"@id":"https:\/\/www.blecha.at\/pl\/uslugi\/profile-specjalne-w-druku-3d\/#breadcrumb"},"inLanguage":"pl-PL","potentialAction":[{"@type":"ReadAction","target":["https:\/\/www.blecha.at\/pl\/uslugi\/profile-specjalne-w-druku-3d\/"]}]},{"@type":"ImageObject","inLanguage":"pl-PL","@id":"https:\/\/www.blecha.at\/pl\/uslugi\/profile-specjalne-w-druku-3d\/#primaryimage","url":"https:\/\/www.blecha.at\/wp-content\/uploads\/2021\/03\/blecha-3d-drucker-thumbnail-1.jpg","contentUrl":"https:\/\/www.blecha.at\/wp-content\/uploads\/2021\/03\/blecha-3d-drucker-thumbnail-1.jpg","width":1600,"height":1600},{"@type":"BreadcrumbList","@id":"https:\/\/www.blecha.at\/pl\/uslugi\/profile-specjalne-w-druku-3d\/#breadcrumb","itemListElement":[{"@type":"ListItem","position":1,"name":"Home","item":"https:\/\/www.blecha.at\/pl\/"},{"@type":"ListItem","position":2,"name":"Us\u0142ugi","item":"https:\/\/www.blecha.at\/pl\/uslugi\/"},{"@type":"ListItem","position":3,"name":"Profile specjalne w druku 3D"}]},{"@type":"WebSite","@id":"https:\/\/www.blecha.at\/#website","url":"https:\/\/www.blecha.at\/","name":"BLECHA","description":"Eine weitere WordPress-Website","potentialAction":[{"@type":"SearchAction","target":{"@type":"EntryPoint","urlTemplate":"https:\/\/www.blecha.at\/?s={search_term_string}"},"query-input":{"@type":"PropertyValueSpecification","valueRequired":true,"valueName":"search_term_string"}}],"inLanguage":"pl-PL"}]}},"_links":{"self":[{"href":"https:\/\/www.blecha.at\/pl\/wp-json\/wp\/v2\/pages\/5068","targetHints":{"allow":["GET"]}}],"collection":[{"href":"https:\/\/www.blecha.at\/pl\/wp-json\/wp\/v2\/pages"}],"about":[{"href":"https:\/\/www.blecha.at\/pl\/wp-json\/wp\/v2\/types\/page"}],"author":[{"embeddable":true,"href":"https:\/\/www.blecha.at\/pl\/wp-json\/wp\/v2\/users\/2"}],"replies":[{"embeddable":true,"href":"https:\/\/www.blecha.at\/pl\/wp-json\/wp\/v2\/comments?post=5068"}],"version-history":[{"count":4,"href":"https:\/\/www.blecha.at\/pl\/wp-json\/wp\/v2\/pages\/5068\/revisions"}],"predecessor-version":[{"id":13188,"href":"https:\/\/www.blecha.at\/pl\/wp-json\/wp\/v2\/pages\/5068\/revisions\/13188"}],"up":[{"embeddable":true,"href":"https:\/\/www.blecha.at\/pl\/wp-json\/wp\/v2\/pages\/4592"}],"wp:featuredmedia":[{"embeddable":true,"href":"https:\/\/www.blecha.at\/pl\/wp-json\/wp\/v2\/media\/4935"}],"wp:attachment":[{"href":"https:\/\/www.blecha.at\/pl\/wp-json\/wp\/v2\/media?parent=5068"}],"curies":[{"name":"wp","href":"https:\/\/api.w.org\/{rel}","templated":true}]}}