{"id":5176,"date":"2021-01-22T21:44:17","date_gmt":"2021-01-22T20:44:17","guid":{"rendered":"https:\/\/www.blecha.at\/uslugi\/verpackung-und-versand\/"},"modified":"2021-09-30T16:29:35","modified_gmt":"2021-09-30T14:29:35","slug":"pakowanie-i-wysylka","status":"publish","type":"page","link":"https:\/\/www.blecha.at\/pl\/uslugi\/pakowanie-i-wysylka\/","title":{"rendered":"Verpackung und Versand"},"content":{"rendered":"\n<section id=\"sectionTwo\" class=\"mt-lg-n11 py-8 py-md-11 px-lg-9 border-left border-right border-right-lg-none bg-white\">\n\n\n<div class=\"wp-bootstrap-blocks-container container-fluid mb-0\">\n\t\n<div class=\"wp-bootstrap-blocks-row row mx-auto\">\n\t\n\n<div class=\"col-12 col-md-10\">\n\t\t\t\n\n<h2 class=\"text-secondary scroll-fade-bottom-up visibility-hidden wp-block-heading\">Szybciej do celu! <br>BLECHA &#8211; gwarancja&nbsp;bezpiecznej&nbsp;i terminowej&nbsp;dostawy.<\/h2>\n\n\n\n<p class=\"scroll-fade-bottom-up visibility-hidden\">Nasi klienci doceniaj\u0105 nasz\u0105 jako\u015b\u0107 i to nie tylko pod wzgl\u0119dem oferowanych produkt\u00f3w czy us\u0142ug. Dbamy o najwy\u017csz\u0105 jako\u015b\u0107 obs\u0142ugi klienta zaczynaj\u0105c od oferty i na wysy\u0142ce ko\u0144cz\u0105c. Staramy si\u0119 zawsze dobra\u0107 optymalne opakowanie, aby przesy\u0142ka by\u0142a w 100% &nbsp;zabezpieczona i dotar\u0142a do klienta nieuszkodzona. W Austrii i s\u0105siednich krajach dostarczamy zam\u00f3wiony towar w\u0142asnymi ci\u0119\u017car\u00f3wkami, bezpo\u015brednio pod wskazany adres odbiorcy. Niezawodne firmy spedycyjne, z k\u00f3rymi wsp\u00f3\u0142pracujemy od lat, dostarczaj\u0105 nasze przesy\u0142ki do pozosta\u0142ych kraj\u00f3w \u015bwiata. Dbamy o niezb\u0119dne dokumenty przewozowe oraz celne w odpowiednim j\u0119zyku obcym. Wystarczy wybra\u0107 projekt i zadzwoni\u0107 do nas \u2013 reszt\u0105 zajmiemy si\u0119 My.<\/p>\n\n\t<\/div>\n\n<\/div>\n\n<\/div>\n\n\n\n<\/section>\n\n\n\n<section class=\"border-left border-right border-right-lg-none bg-primary\">\n\n\n<div class=\"wp-bootstrap-blocks-container container-fluid mb-0 px-0\">\n\t\n<div class=\"wp-bootstrap-blocks-row row mx-auto\">\n\t\n\n<div class=\"col-12 col-md-6 px-7 px-lg-9 py-7 py-lg-9\">\n\t\t\t\n\n<h3 class=\"text-secondary scroll-fade-bottom-up visibility-hidden wp-block-heading\">Maszyna do pakowania<\/h3>\n\n\n\n<p class=\"scroll-fade-bottom-up visibility-hidden\">BLECHA gwarantuje bezpiecze\u0144stwo, stabilno\u015b\u0107 i ochron\u0119 podczas transportu za pomoc\u0105 maszyn do zawijania. Na \u017cyczenie mo\u017cemy owija\u0107 zam\u00f3wione produkty w ca\u0142e pakiety lub pojedyncze sztangi cienkimi foliami.<\/p>\n\n\n\n<h5 class=\"text-secondary mt-7 mb-5 scroll-fade-bottom-up visibility-hidden wp-block-heading\">Mo\u017cliwo\u015bci techniczne:<\/h5>\n\n\n\n<div class=\"d-flex text-left scroll-fade-bottom-up visibility-hidden\">\n<div class=\"badge badge-rounded-circle badge-secondary mt-1 mr-4\">\n<i class=\"fe fe-check\"><\/i>\n<\/div><p class=\"text-white\">Szeroko\u015b\u0107 produktu: od 100 mm do 550 mm<\/p><\/div>\n\n<div class=\"d-flex text-left scroll-fade-bottom-up visibility-hidden\">\n<div class=\"badge badge-rounded-circle badge-secondary mt-1 mr-4\">\n<i class=\"fe fe-check\"><\/i>\n<\/div><p class=\"text-white\">Wysoko\u015b\u0107 produktu: 30 mm do 500 mm<\/p><\/div>\n\n<div class=\"d-flex text-left scroll-fade-bottom-up visibility-hidden\">\n<div class=\"badge badge-rounded-circle badge-secondary mt-1 mr-4\">\n<i class=\"fe fe-check\"><\/i>\n<\/div><p class=\"text-white\">D\u0142ugo\u015b\u0107 produktu: 2000 mm do 6020 mm<\/p><\/div>\n\n<div class=\"d-flex text-left scroll-fade-bottom-up visibility-hidden\">\n<div class=\"badge badge-rounded-circle badge-secondary mt-1 mr-4\">\n<i class=\"fe fe-check\"><\/i>\n<\/div><p class=\"text-white\">Waga produktu: max. 600 kg<\/p><\/div>\n\n<div class=\"d-flex text-left scroll-fade-bottom-up visibility-hidden\">\n<div class=\"badge badge-rounded-circle badge-secondary mt-1 mr-4\">\n<i class=\"fe fe-check\"><\/i>\n<\/div><p class=\"text-white\">Przek\u0105tna produktu: max. 744 mm<\/p><\/div>\n\n\t<\/div>\n\n\n\n<div class=\"col-12 col-md-6 px-0 scroll-reveal-right-to-left\">\n\t\t\t\n\n<div class=\"reveal-item\">\n<div class=\"reveal-item-inner\">\n\n\n\n<figure class=\"wp-block-image size-large wp-block-image-cover h-100 mb-0\"><img decoding=\"async\" width=\"795\" height=\"1024\" src=\"https:\/\/www.blecha.at\/wp-content\/uploads\/2021\/02\/blecha-wickelmaschine-1-795x1024.jpg\" alt=\"\" class=\"wp-image-1854\" srcset=\"https:\/\/www.blecha.at\/wp-content\/uploads\/2021\/02\/blecha-wickelmaschine-1-795x1024.jpg 795w, https:\/\/www.blecha.at\/wp-content\/uploads\/2021\/02\/blecha-wickelmaschine-1-233x300.jpg 233w, https:\/\/www.blecha.at\/wp-content\/uploads\/2021\/02\/blecha-wickelmaschine-1-768x990.jpg 768w, https:\/\/www.blecha.at\/wp-content\/uploads\/2021\/02\/blecha-wickelmaschine-1-1192x1536.jpg 1192w, https:\/\/www.blecha.at\/wp-content\/uploads\/2021\/02\/blecha-wickelmaschine-1-1589x2048.jpg 1589w, https:\/\/www.blecha.at\/wp-content\/uploads\/2021\/02\/blecha-wickelmaschine-1.jpg 1707w\" sizes=\"(max-width: 795px) 100vw, 795px\" \/><\/figure>\n\n\n\n<\/div>\n<\/div>\n\n\t<\/div>\n\n\n\n<div class=\"col-12 col-md-6 px-7 px-lg-9 py-7 py-lg-9 order-md-2\">\n\t\t\t\n\n<h3 class=\"text-secondary scroll-fade-bottom-up visibility-hidden wp-block-heading\">W\u00f3zki wid\u0142owe i w\u00f3zki do kompletacji zam\u00f3wie\u0144<\/h3>\n\n\n\n<p>Dysponujemy 10 najnowocze\u015bniejszymi w\u00f3zkami wid\u0142owymi, za pomoc\u0105 kt\u00f3rych nasze pojazdy s\u0105 \u0142adowane i roz\u0142adowywane.<\/p>\n\n\n\n<p>Posiadamy r\u00f3wnie\u017c 4 w\u00f3zki wid\u0142owe 4-kierunkowe boczne wraz z pomostami roboczymi, kt\u00f3re s\u0142u\u017c\u0105 do wyjmowania towar\u00f3w z p\u00f3\u0142ek i przygotowywania ich dla klient\u00f3w.<\/p>\n\n\n\n<p>Nasi do\u015bwiadczeni eksperci umieszczaj\u0105 towar na p\u00f3\u0142kach za pomoc\u0105 4 w\u00f3zk\u00f3w wid\u0142owych4-kierunkowch bez pomostu. Jeste\u015bmy optymalnie przygotowani, aby szybko i skutecznie dostarcza\u0107 naszym klientom nasze wysokiej jako\u015bci produkty. Zapraszamy do realizacji kolejnych&nbsp;wsp\u00f3lnych przedsi\u0119wzi\u0119\u0107 \u2013 przekonaj\u0105 si\u0119 Pa\u0144stwo sami, ze wsp\u00f3\u0142praca z BLECHA to dobry wyb\u00f3r.<\/p>\n\n\t<\/div>\n\n\n\n<div class=\"col-12 col-md-6 px-0 scroll-reveal-left-to-right\">\n\t\t\t\n\n<div class=\"reveal-item\">\n<div class=\"reveal-item-inner\">\n\n\n\n<figure class=\"wp-block-image size-large wp-block-image-cover h-100 mb-0\"><img decoding=\"async\" width=\"795\" height=\"1024\" src=\"https:\/\/www.blecha.at\/wp-content\/uploads\/2021\/02\/blecha-kommissioniermaschine-1-795x1024.jpg\" alt=\"\" class=\"wp-image-1869\" srcset=\"https:\/\/www.blecha.at\/wp-content\/uploads\/2021\/02\/blecha-kommissioniermaschine-1-795x1024.jpg 795w, https:\/\/www.blecha.at\/wp-content\/uploads\/2021\/02\/blecha-kommissioniermaschine-1-233x300.jpg 233w, https:\/\/www.blecha.at\/wp-content\/uploads\/2021\/02\/blecha-kommissioniermaschine-1-768x990.jpg 768w, https:\/\/www.blecha.at\/wp-content\/uploads\/2021\/02\/blecha-kommissioniermaschine-1-1192x1536.jpg 1192w, https:\/\/www.blecha.at\/wp-content\/uploads\/2021\/02\/blecha-kommissioniermaschine-1-1589x2048.jpg 1589w, https:\/\/www.blecha.at\/wp-content\/uploads\/2021\/02\/blecha-kommissioniermaschine-1.jpg 1707w\" sizes=\"(max-width: 795px) 100vw, 795px\" \/><\/figure>\n\n\n\n<\/div>\n<\/div>\n\n\t<\/div>\n\n<\/div>\n\n<\/div>\n\n\n\n<\/section>\n\n\n\n<section class=\"py-8 py-md-11 px-lg-9 border-left border-right border-right-lg-none bg-light\">\n\n\n<div class=\"wp-bootstrap-blocks-container container-fluid mb-0\">\n\t\n<div class=\"wp-bootstrap-blocks-row row mx-auto\">\n\t\n\n<div class=\"col-12 col-md-10\">\n\t\t\t\n\n<h3 class=\"scroll-fade-bottom-up visibility-hidden wp-block-heading\">Komisjonowanie blach<\/h3>\n\n\n\n<p class=\"scroll-fade-bottom-up visibility-hidden\">W tym systemie komisjonowania uk\u0142adamy zam\u00f3wione blachy oraz p\u0142yty szybko, automatycznie i delikatnie, a nawet bez papierowej wk\u0142adki.<\/p>\n\n\n\n<h5 class=\"wp-block-heading\">Pa\u0144stwa korzy\u015bci:<\/h5>\n\n\n\n<div class=\"d-flex text-left scroll-fade-bottom-up visibility-hidden\">\n<div class=\"badge badge-rounded-circle badge-secondary mt-1 mr-4\">\n<i class=\"fe fe-check\"><\/i>\n<\/div><p class=\"text-black\">Kr\u00f3tki termin dostawy<\/p><\/div>\n\n<div class=\"d-flex text-left scroll-fade-bottom-up visibility-hidden\">\n<div class=\"badge badge-rounded-circle badge-secondary mt-1 mr-4\">\n<i class=\"fe fe-check\"><\/i>\n<\/div><p class=\"text-black\">Najwy\u017csza jako\u015b\u0107 powierzchni<\/p><\/div>\n\n<div class=\"d-flex text-left scroll-fade-bottom-up visibility-hidden\">\n<div class=\"badge badge-rounded-circle badge-secondary mt-1 mr-4\">\n<i class=\"fe fe-check\"><\/i>\n<\/div><p class=\"text-black\">Bez dodatkowych koszt\u00f3w<\/p><\/div>\n\n\t<\/div>\n\n<\/div>\n\n<\/div>\n\n\n\n<\/section>\n\n\n\n<section class=\"py-8 py-md-11 px-lg-9 border-left border-right border-right-lg-none bg-white\">\n\n\n<div class=\"wp-bootstrap-blocks-container container-fluid mb-0\">\n\t\n<div class=\"wp-bootstrap-blocks-row row mx-auto\">\n\t\n\n<div class=\"col-12 col-md-10\">\n\t\t\t\n\n<h3 class=\"scroll-fade-bottom-up visibility-hidden wp-block-heading\">Flota BLECHA<\/h3>\n\n\n\n<p class=\"scroll-fade-bottom-up visibility-hidden\">\u017badna droga nie jest dla nas i naszej firmy spedycyjnej za daleka. Dysponuj\u0105c w\u0142asn\u0105 flot\u0105 dostarczamy towar do Austrii, Niemiec, Czech, S\u0142owacji, W\u0119gier, S\u0142owenii, Po\u0142udniowego Tyrolu, W\u0142och i Chorwacji. W Austrii dostarczamy w 5-dniowym systemie dostaw. Minimalnailo\u015b\u0107 zamawianego asortymentu \u2013 100 kg. Czy mo\u017cemy jeszcze co\u015b dla Pa\u0144stwa wi\u0119cej zrobi\u0107? W przypadku jakichkolwiek pyta\u0144 lub w\u0105tpliwo\u015bci, prosimy o kontakt!<\/p>\n\n\t<\/div>\n\n<\/div>\n\n<\/div>\n\n\n\n<\/section>\n\n\n\n<section class=\"px-lg-9 border-left border-right border-right-lg-none bg-secondary\">\n\n\n<div class=\"wp-bootstrap-blocks-container container-fluid mb-0\">\n\t\n<div class=\"wp-bootstrap-blocks-row row mx-auto\">\n\t\n\n<div class=\"col-12 col-md-12 text-white border-bottom border-white py-7 py-lg-9\">\n\t\t\t\n\n<svg class=\"icon-brand mb-4 scroll-fade-bottom-up visibility-hidden\" viewBox=\"0 0 64 64\" xmlns=\"http:\/\/www.w3.org\/2000\/svg\"><g fill=\"none\" class=\"stroke-primary\" stroke-linecap=\"square\" stroke-miterlimit=\"10\" stroke-width=\"2\"><path d=\"m20 56v6h-11v-6\"><\/path><path d=\"m55 56v6h-11v-6\"><\/path><g class=\"stroke-primary\"><path d=\"m4 25v7\"><\/path><path d=\"m60 25v7\"><\/path><path d=\"m58.073 39.887-4.073-4.887v-33h-44v33l-4.073 4.887c-.599.719-.927 1.623-.927 2.559v13.554h54v-13.552c0-.936-.328-1.842-.927-2.561z\"><\/path><\/g><circle cx=\"16\" cy=\"46\" r=\"4\"><\/circle><circle cx=\"48\" cy=\"46\" r=\"4\"><\/circle><path d=\"m28 46h8\"><\/path><path d=\"m10 8h44\" class=\"stroke-primary\" stroke-linecap=\"butt\"><\/path><path d=\"m16 14h32v20h-32z\"><\/path><\/g><\/svg>\n\n\n\n<h4 class=\"scroll-fade-bottom-up visibility-hidden wp-block-heading\">Odbi\u00f3r towaru<\/h4>\n\n\n\n<p class=\"mb-5 scroll-fade-bottom-up visibility-hidden\">Klient mo\u017ce odebra\u0107 towar osobi\u015bcie, za po\u015brednictwem innej, upowa\u017cnionej przez klienta osoby lub te\u017c firmy spedycyjnej. Przywi\u0105zujemy du\u017c\u0105 wag\u0119 do ochrony zgodnie z poni\u017cszymi wymogami prawnymi:<\/p>\n\n\n\n<div class=\"d-flex text-left scroll-fade-bottom-up visibility-hidden\">\n<div class=\"badge badge-rounded-circle badge-primary mt-1 mr-4\">\n<i class=\"fe fe-check\"><\/i>\n<\/div><p class=\"text-white\">Pojazd musi by\u0107 technicznie sprawny<\/p><\/div>\n\n<div class=\"d-flex text-left scroll-fade-bottom-up visibility-hidden\">\n<div class=\"badge badge-rounded-circle badge-primary mt-1 mr-4\">\n<i class=\"fe fe-check\"><\/i>\n<\/div><p class=\"text-white\">Dopuszczalna masa ca\u0142kowita pojazdu nie mo\u017ce zosta\u0107 przekroczona<\/p><\/div>\n\n<div class=\"d-flex text-left scroll-fade-bottom-up visibility-hidden\">\n<div class=\"badge badge-rounded-circle badge-primary mt-1 mr-4\">\n<i class=\"fe fe-check\"><\/i>\n<\/div><p class=\"text-white\">Pasy transportowe (mocuj\u0105ce) s\u0142u\u017c\u0105ce do zabezpieczania \u0142adunk\u00f3w podczas ich transportu*<\/p><\/div>\n\n<div class=\"d-flex text-left scroll-fade-bottom-up visibility-hidden\">\n<div class=\"badge badge-rounded-circle badge-primary mt-1 mr-4\">\n<i class=\"fe fe-check\"><\/i>\n<\/div><p class=\"text-white\">\u0141adunki d\u0142u\u017cycowe nale\u017cy oznaczy\u0107<\/p><\/div>\n\n<div class=\"d-flex text-left scroll-fade-bottom-up visibility-hidden\">\n<div class=\"badge badge-rounded-circle badge-primary mt-1 mr-4\">\n<i class=\"fe fe-check\"><\/i>\n<\/div><p class=\"text-white\">Ca\u0142kowita wysoko\u015b\u0107 nie mo\u017ce by\u0107 wy\u017csza ni\u017c 4 metry<\/p><\/div>\n\n\n\n<p class=\"mt-3 scroll-fade-bottom-up visibility-hidden\"><em>* Pasy transportowe mo\u017cna te\u017c kupi\u0107 bezpo\u015brednio u nas w momencie odbioru towaru. Nasz zesp\u00f3\u0142 ch\u0119tnie Ci doradzi<\/em>.<\/p>\n\n\t<\/div>\n\n\n\n<div class=\"col-12 col-md-6 text-white py-7 border-bottom border-white\">\n\t\t\t\n\n<svg class=\"icon-brand mb-4 scroll-fade-bottom-up visibility-hidden\" viewBox=\"0 0 64 64\" xmlns=\"http:\/\/www.w3.org\/2000\/svg\"><g fill=\"none\" class=\"stroke-primary\" stroke-linecap=\"square\" stroke-miterlimit=\"10\" stroke-width=\"2\"><g class=\"stroke-primary\"><path d=\"m44 19h11l7 14v17h-8\"><\/path><path d=\"m42 50h-21\"><\/path><path d=\"m9 50h-7v-42h37v29\"><\/path><\/g><path d=\"m47 25v8l9-.001\"><\/path><circle cx=\"15\" cy=\"50\" r=\"6\"><\/circle><circle cx=\"48\" cy=\"50\" r=\"6\"><\/circle><\/g><\/svg>\n\n\n\n<h4 class=\"scroll-fade-bottom-up visibility-hidden wp-block-heading\">Spedycja<\/h4>\n\n\n\n<p class=\"scroll-fade-bottom-up visibility-hidden\">Eksportujemy do 60 kraj\u00f3w na ca\u0142ym \u015bwiecie. Nasz wykwalifikowany zesp\u00f3\u0142 znajdzie dla Pa\u0144stwa najlepsze rozwi\u0105zanie logistyczne oraz zapewni pewny i bezpieczny transport towaru. Dbamy o niezb\u0119dne dokumenty przewozowe oraz celne w odpowiednim j\u0119zyku obcym.<\/p>\n\n\t<\/div>\n\n\n\n<div class=\"col-12 col-md-6 text-white py-7 border-bottom border-white\">\n\t\t\t\n\n<svg class=\"icon-brand mb-4 scroll-fade-bottom-up visibility-hidden\" viewBox=\"0 0 64 64\" xmlns=\"http:\/\/www.w3.org\/2000\/svg\"><g fill=\"none\" class=\"stroke-primary\" stroke-linecap=\"square\" stroke-miterlimit=\"10\" stroke-width=\"2\"><path d=\"m2 16h60\" class=\"stroke-primary\" stroke-linecap=\"butt\"><\/path><path d=\"m62 16-14-12h-32l-14 12v44h60z\" class=\"stroke-primary\"><\/path><path d=\"m40 36h-16v-20l6-12h4l6 12z\"><\/path><\/g><\/svg>\n\n\n\n<h4 class=\"scroll-fade-bottom-up visibility-hidden wp-block-heading\">Firmy kurierskie<\/h4>\n\n\n\n<p class=\"scroll-fade-bottom-up visibility-hidden\">Mniejsze ilo\u015bci wysy\u0142amy tanio i szybko poprzez firmy kurierskie (maksymalna d\u0142ugo\u015b\u0107 transportowa to 2 m).<\/p>\n\n\t<\/div>\n\n\n\n<div class=\"col-12 text-white mt-5 pb-7 pb-md-9\">\n\t\t\t\n\n<p class=\"scroll-fade-bottom-up visibility-hidden\"><em>Koszty wysy\u0142ki zale\u017c\u0105 od kilku czynnik\u00f3w: rodzaj transportu, strefa dostawy, rodzaj towaru, waga itp. Znajd\u017amy razem optymalne rozwi\u0105zanie, aby towar dotar\u0142 &nbsp;punktualnie!<\/em><\/p>\n\n\t<\/div>\n\n<\/div>\n\n<\/div>\n\n\n\n<\/section>\n\n\n\n<section class=\"py-8 py-md-11 px-lg-9 border-left border-right border-right-lg-none bg-white\">\n\n\n<div class=\"wp-bootstrap-blocks-container container-fluid mb-0\">\n\t\n<div class=\"wp-bootstrap-blocks-row row mx-auto\">\n\t\n\n<div class=\"col-12 col-md-10\">\n\t\t\t\n\n<h2 class=\"text-secondary mb-7 scroll-fade-bottom-up visibility-hidden wp-block-heading\">Media<\/h2>\n\n\t<\/div>\n\n\n\n<div class=\"col-12 col-lg-4\">\n\t\t\t\n\n<figure class=\"wp-block-embed is-type-video is-provider-youtube wp-block-embed-youtube wp-embed-aspect-16-9 wp-has-aspect-ratio\"><div class=\"wp-block-embed__wrapper\">\n<iframe title=\"Wickelmaschine bei Firma Blecha\" width=\"500\" height=\"281\" src=\"https:\/\/www.youtube.com\/embed\/U-TvgAFpl-I?feature=oembed\" frameborder=\"0\" allow=\"accelerometer; autoplay; clipboard-write; encrypted-media; gyroscope; picture-in-picture; web-share\" referrerpolicy=\"strict-origin-when-cross-origin\" allowfullscreen><\/iframe>\n<\/div><\/figure>\n\n\t<\/div>\n\n\n\n<div class=\"col-12 col-lg-4\">\n\t\t\t\n\n<figure class=\"wp-block-embed is-type-video is-provider-youtube wp-block-embed-youtube wp-embed-aspect-16-9 wp-has-aspect-ratio\"><div class=\"wp-block-embed__wrapper\">\n<iframe title=\"Blech-Kommissionier Anlage bei Firma Blecha\" width=\"500\" height=\"281\" src=\"https:\/\/www.youtube.com\/embed\/YCuRZ2LqE0E?feature=oembed\" frameborder=\"0\" allow=\"accelerometer; autoplay; clipboard-write; encrypted-media; gyroscope; picture-in-picture; web-share\" referrerpolicy=\"strict-origin-when-cross-origin\" allowfullscreen><\/iframe>\n<\/div><\/figure>\n\n\t<\/div>\n\n<\/div>\n\n<\/div>\n\n\n\n<\/section>\n","protected":false},"excerpt":{"rendered":"","protected":false},"author":2,"featured_media":5178,"parent":4592,"menu_order":0,"comment_status":"closed","ping_status":"closed","template":"page-leistungen.php","meta":{"_acf_changed":false,"footnotes":""},"class_list":["post-5176","page","type-page","status-publish","has-post-thumbnail","hentry"],"acf":[],"yoast_head":"<!-- This site is optimized with the Yoast SEO plugin v27.3 - https:\/\/yoast.com\/product\/yoast-seo-wordpress\/ -->\n<title>Pakowanie i wysy\u0142ka | BLECHA<\/title>\n<meta name=\"description\" content=\"Us\u0142uga logistyczna BLECHA zapewnia optymalne opakowanie aby Twoja przesy\u0142ka dotar\u0142a w 100% zabezpieczona i w nienaruszonym stanie.\" \/>\n<meta name=\"robots\" content=\"index, follow, max-snippet:-1, max-image-preview:large, max-video-preview:-1\" \/>\n<link rel=\"canonical\" href=\"https:\/\/www.blecha.at\/pl\/uslugi\/pakowanie-i-wysylka\/\" \/>\n<meta property=\"og:locale\" content=\"pl_PL\" \/>\n<meta property=\"og:type\" content=\"article\" \/>\n<meta property=\"og:title\" content=\"Pakowanie i wysy\u0142ka | BLECHA\" \/>\n<meta property=\"og:description\" content=\"Us\u0142uga logistyczna BLECHA zapewnia optymalne opakowanie aby Twoja przesy\u0142ka dotar\u0142a w 100% zabezpieczona i w nienaruszonym stanie.\" \/>\n<meta property=\"og:url\" content=\"https:\/\/www.blecha.at\/pl\/uslugi\/pakowanie-i-wysylka\/\" \/>\n<meta property=\"og:site_name\" content=\"BLECHA\" \/>\n<meta property=\"article:modified_time\" content=\"2021-09-30T14:29:35+00:00\" \/>\n<meta property=\"og:image\" content=\"https:\/\/www.blecha.at\/wp-content\/uploads\/2021\/03\/blecha-verpackung-und-versand-1-thumbnail.jpg\" \/>\n\t<meta property=\"og:image:width\" content=\"1600\" \/>\n\t<meta property=\"og:image:height\" content=\"1600\" \/>\n\t<meta property=\"og:image:type\" content=\"image\/jpeg\" \/>\n<meta name=\"twitter:card\" content=\"summary_large_image\" \/>\n<meta name=\"twitter:label1\" content=\"Szacowany czas czytania\" \/>\n\t<meta name=\"twitter:data1\" content=\"3 minuty\" \/>\n<script type=\"application\/ld+json\" class=\"yoast-schema-graph\">{\"@context\":\"https:\\\/\\\/schema.org\",\"@graph\":[{\"@type\":\"WebPage\",\"@id\":\"https:\\\/\\\/www.blecha.at\\\/pl\\\/uslugi\\\/pakowanie-i-wysylka\\\/\",\"url\":\"https:\\\/\\\/www.blecha.at\\\/pl\\\/uslugi\\\/pakowanie-i-wysylka\\\/\",\"name\":\"Pakowanie i wysy\u0142ka | BLECHA\",\"isPartOf\":{\"@id\":\"https:\\\/\\\/www.blecha.at\\\/#website\"},\"primaryImageOfPage\":{\"@id\":\"https:\\\/\\\/www.blecha.at\\\/pl\\\/uslugi\\\/pakowanie-i-wysylka\\\/#primaryimage\"},\"image\":{\"@id\":\"https:\\\/\\\/www.blecha.at\\\/pl\\\/uslugi\\\/pakowanie-i-wysylka\\\/#primaryimage\"},\"thumbnailUrl\":\"https:\\\/\\\/www.blecha.at\\\/wp-content\\\/uploads\\\/2021\\\/03\\\/blecha-verpackung-und-versand-1-thumbnail.jpg\",\"datePublished\":\"2021-01-22T20:44:17+00:00\",\"dateModified\":\"2021-09-30T14:29:35+00:00\",\"description\":\"Us\u0142uga logistyczna BLECHA zapewnia optymalne opakowanie aby Twoja przesy\u0142ka dotar\u0142a w 100% zabezpieczona i w nienaruszonym stanie.\",\"breadcrumb\":{\"@id\":\"https:\\\/\\\/www.blecha.at\\\/pl\\\/uslugi\\\/pakowanie-i-wysylka\\\/#breadcrumb\"},\"inLanguage\":\"pl-PL\",\"potentialAction\":[{\"@type\":\"ReadAction\",\"target\":[\"https:\\\/\\\/www.blecha.at\\\/pl\\\/uslugi\\\/pakowanie-i-wysylka\\\/\"]}]},{\"@type\":\"ImageObject\",\"inLanguage\":\"pl-PL\",\"@id\":\"https:\\\/\\\/www.blecha.at\\\/pl\\\/uslugi\\\/pakowanie-i-wysylka\\\/#primaryimage\",\"url\":\"https:\\\/\\\/www.blecha.at\\\/wp-content\\\/uploads\\\/2021\\\/03\\\/blecha-verpackung-und-versand-1-thumbnail.jpg\",\"contentUrl\":\"https:\\\/\\\/www.blecha.at\\\/wp-content\\\/uploads\\\/2021\\\/03\\\/blecha-verpackung-und-versand-1-thumbnail.jpg\",\"width\":1600,\"height\":1600},{\"@type\":\"BreadcrumbList\",\"@id\":\"https:\\\/\\\/www.blecha.at\\\/pl\\\/uslugi\\\/pakowanie-i-wysylka\\\/#breadcrumb\",\"itemListElement\":[{\"@type\":\"ListItem\",\"position\":1,\"name\":\"Home\",\"item\":\"https:\\\/\\\/www.blecha.at\\\/pl\\\/\"},{\"@type\":\"ListItem\",\"position\":2,\"name\":\"Us\u0142ugi\",\"item\":\"https:\\\/\\\/www.blecha.at\\\/pl\\\/uslugi\\\/\"},{\"@type\":\"ListItem\",\"position\":3,\"name\":\"Verpackung und Versand\"}]},{\"@type\":\"WebSite\",\"@id\":\"https:\\\/\\\/www.blecha.at\\\/#website\",\"url\":\"https:\\\/\\\/www.blecha.at\\\/\",\"name\":\"BLECHA\",\"description\":\"Eine weitere WordPress-Website\",\"potentialAction\":[{\"@type\":\"SearchAction\",\"target\":{\"@type\":\"EntryPoint\",\"urlTemplate\":\"https:\\\/\\\/www.blecha.at\\\/?s={search_term_string}\"},\"query-input\":{\"@type\":\"PropertyValueSpecification\",\"valueRequired\":true,\"valueName\":\"search_term_string\"}}],\"inLanguage\":\"pl-PL\"}]}<\/script>\n<!-- \/ Yoast SEO plugin. -->","yoast_head_json":{"title":"Pakowanie i wysy\u0142ka | BLECHA","description":"Us\u0142uga logistyczna BLECHA zapewnia optymalne opakowanie aby Twoja przesy\u0142ka dotar\u0142a w 100% zabezpieczona i w nienaruszonym stanie.","robots":{"index":"index","follow":"follow","max-snippet":"max-snippet:-1","max-image-preview":"max-image-preview:large","max-video-preview":"max-video-preview:-1"},"canonical":"https:\/\/www.blecha.at\/pl\/uslugi\/pakowanie-i-wysylka\/","og_locale":"pl_PL","og_type":"article","og_title":"Pakowanie i wysy\u0142ka | BLECHA","og_description":"Us\u0142uga logistyczna BLECHA zapewnia optymalne opakowanie aby Twoja przesy\u0142ka dotar\u0142a w 100% zabezpieczona i w nienaruszonym stanie.","og_url":"https:\/\/www.blecha.at\/pl\/uslugi\/pakowanie-i-wysylka\/","og_site_name":"BLECHA","article_modified_time":"2021-09-30T14:29:35+00:00","og_image":[{"width":1600,"height":1600,"url":"https:\/\/www.blecha.at\/wp-content\/uploads\/2021\/03\/blecha-verpackung-und-versand-1-thumbnail.jpg","type":"image\/jpeg"}],"twitter_card":"summary_large_image","twitter_misc":{"Szacowany czas czytania":"3 minuty"},"schema":{"@context":"https:\/\/schema.org","@graph":[{"@type":"WebPage","@id":"https:\/\/www.blecha.at\/pl\/uslugi\/pakowanie-i-wysylka\/","url":"https:\/\/www.blecha.at\/pl\/uslugi\/pakowanie-i-wysylka\/","name":"Pakowanie i wysy\u0142ka | BLECHA","isPartOf":{"@id":"https:\/\/www.blecha.at\/#website"},"primaryImageOfPage":{"@id":"https:\/\/www.blecha.at\/pl\/uslugi\/pakowanie-i-wysylka\/#primaryimage"},"image":{"@id":"https:\/\/www.blecha.at\/pl\/uslugi\/pakowanie-i-wysylka\/#primaryimage"},"thumbnailUrl":"https:\/\/www.blecha.at\/wp-content\/uploads\/2021\/03\/blecha-verpackung-und-versand-1-thumbnail.jpg","datePublished":"2021-01-22T20:44:17+00:00","dateModified":"2021-09-30T14:29:35+00:00","description":"Us\u0142uga logistyczna BLECHA zapewnia optymalne opakowanie aby Twoja przesy\u0142ka dotar\u0142a w 100% zabezpieczona i w nienaruszonym stanie.","breadcrumb":{"@id":"https:\/\/www.blecha.at\/pl\/uslugi\/pakowanie-i-wysylka\/#breadcrumb"},"inLanguage":"pl-PL","potentialAction":[{"@type":"ReadAction","target":["https:\/\/www.blecha.at\/pl\/uslugi\/pakowanie-i-wysylka\/"]}]},{"@type":"ImageObject","inLanguage":"pl-PL","@id":"https:\/\/www.blecha.at\/pl\/uslugi\/pakowanie-i-wysylka\/#primaryimage","url":"https:\/\/www.blecha.at\/wp-content\/uploads\/2021\/03\/blecha-verpackung-und-versand-1-thumbnail.jpg","contentUrl":"https:\/\/www.blecha.at\/wp-content\/uploads\/2021\/03\/blecha-verpackung-und-versand-1-thumbnail.jpg","width":1600,"height":1600},{"@type":"BreadcrumbList","@id":"https:\/\/www.blecha.at\/pl\/uslugi\/pakowanie-i-wysylka\/#breadcrumb","itemListElement":[{"@type":"ListItem","position":1,"name":"Home","item":"https:\/\/www.blecha.at\/pl\/"},{"@type":"ListItem","position":2,"name":"Us\u0142ugi","item":"https:\/\/www.blecha.at\/pl\/uslugi\/"},{"@type":"ListItem","position":3,"name":"Verpackung und Versand"}]},{"@type":"WebSite","@id":"https:\/\/www.blecha.at\/#website","url":"https:\/\/www.blecha.at\/","name":"BLECHA","description":"Eine weitere WordPress-Website","potentialAction":[{"@type":"SearchAction","target":{"@type":"EntryPoint","urlTemplate":"https:\/\/www.blecha.at\/?s={search_term_string}"},"query-input":{"@type":"PropertyValueSpecification","valueRequired":true,"valueName":"search_term_string"}}],"inLanguage":"pl-PL"}]}},"_links":{"self":[{"href":"https:\/\/www.blecha.at\/pl\/wp-json\/wp\/v2\/pages\/5176","targetHints":{"allow":["GET"]}}],"collection":[{"href":"https:\/\/www.blecha.at\/pl\/wp-json\/wp\/v2\/pages"}],"about":[{"href":"https:\/\/www.blecha.at\/pl\/wp-json\/wp\/v2\/types\/page"}],"author":[{"embeddable":true,"href":"https:\/\/www.blecha.at\/pl\/wp-json\/wp\/v2\/users\/2"}],"replies":[{"embeddable":true,"href":"https:\/\/www.blecha.at\/pl\/wp-json\/wp\/v2\/comments?post=5176"}],"version-history":[{"count":3,"href":"https:\/\/www.blecha.at\/pl\/wp-json\/wp\/v2\/pages\/5176\/revisions"}],"predecessor-version":[{"id":5184,"href":"https:\/\/www.blecha.at\/pl\/wp-json\/wp\/v2\/pages\/5176\/revisions\/5184"}],"up":[{"embeddable":true,"href":"https:\/\/www.blecha.at\/pl\/wp-json\/wp\/v2\/pages\/4592"}],"wp:featuredmedia":[{"embeddable":true,"href":"https:\/\/www.blecha.at\/pl\/wp-json\/wp\/v2\/media\/5178"}],"wp:attachment":[{"href":"https:\/\/www.blecha.at\/pl\/wp-json\/wp\/v2\/media?parent=5176"}],"curies":[{"name":"wp","href":"https:\/\/api.w.org\/{rel}","templated":true}]}}