{"id":5323,"date":"2020-10-05T12:44:20","date_gmt":"2020-10-05T10:44:20","guid":{"rendered":"https:\/\/www.blecha.at\/news\/"},"modified":"2021-12-15T11:56:22","modified_gmt":"2021-12-15T10:56:22","slug":"aktualnosci","status":"publish","type":"page","link":"https:\/\/www.blecha.at\/pl\/aktualnosci\/","title":{"rendered":"Aktualno\u015bci"},"content":{"rendered":"","protected":false},"excerpt":{"rendered":"","protected":false},"author":2,"featured_media":0,"parent":0,"menu_order":0,"comment_status":"closed","ping_status":"closed","template":"page-news.php","meta":{"_acf_changed":false,"footnotes":""},"class_list":["post-5323","page","type-page","status-publish","hentry"],"acf":[],"yoast_head":"<!-- This site is optimized with the Yoast SEO plugin v27.3 - https:\/\/yoast.com\/product\/yoast-seo-wordpress\/ -->\n<title>Najnowsze wiadomo\u015bci | BLECHA<\/title>\n<meta name=\"description\" content=\"B\u0105d\u017a zawsze na bie\u017c\u0105co z BLECHA. Tutaj znajd\u0105 Pa\u0144stwo naj\u015bwie\u017csze informacje, aktualno\u015bci i wydarzenia zwi\u0105zane z nasz\u0105 firm\u0105.\" \/>\n<meta name=\"robots\" content=\"index, follow, max-snippet:-1, max-image-preview:large, max-video-preview:-1\" \/>\n<link rel=\"canonical\" href=\"https:\/\/www.blecha.at\/pl\/aktualnosci\/\" \/>\n<meta property=\"og:locale\" content=\"pl_PL\" \/>\n<meta property=\"og:type\" content=\"article\" \/>\n<meta property=\"og:title\" content=\"Najnowsze wiadomo\u015bci | BLECHA\" \/>\n<meta property=\"og:description\" content=\"B\u0105d\u017a zawsze na bie\u017c\u0105co z BLECHA. Tutaj znajd\u0105 Pa\u0144stwo naj\u015bwie\u017csze informacje, aktualno\u015bci i wydarzenia zwi\u0105zane z nasz\u0105 firm\u0105.\" \/>\n<meta property=\"og:url\" content=\"https:\/\/www.blecha.at\/pl\/aktualnosci\/\" \/>\n<meta property=\"og:site_name\" content=\"BLECHA\" \/>\n<meta property=\"article:modified_time\" content=\"2021-12-15T10:56:22+00:00\" \/>\n<meta property=\"og:image\" content=\"https:\/\/www.blecha.at\/wp-content\/uploads\/2021\/02\/blecha-unternehmen-auswahl-gebaeude-3-scaled.jpg\" \/>\n\t<meta property=\"og:image:width\" content=\"2560\" \/>\n\t<meta property=\"og:image:height\" content=\"1642\" \/>\n\t<meta property=\"og:image:type\" content=\"image\/jpeg\" \/>\n<meta name=\"twitter:card\" content=\"summary_large_image\" \/>\n<script type=\"application\/ld+json\" class=\"yoast-schema-graph\">{\"@context\":\"https:\\\/\\\/schema.org\",\"@graph\":[{\"@type\":\"WebPage\",\"@id\":\"https:\\\/\\\/www.blecha.at\\\/pl\\\/aktualnosci\\\/\",\"url\":\"https:\\\/\\\/www.blecha.at\\\/pl\\\/aktualnosci\\\/\",\"name\":\"Najnowsze wiadomo\u015bci | BLECHA\",\"isPartOf\":{\"@id\":\"https:\\\/\\\/www.blecha.at\\\/#website\"},\"datePublished\":\"2020-10-05T10:44:20+00:00\",\"dateModified\":\"2021-12-15T10:56:22+00:00\",\"description\":\"B\u0105d\u017a zawsze na bie\u017c\u0105co z BLECHA. Tutaj znajd\u0105 Pa\u0144stwo naj\u015bwie\u017csze informacje, aktualno\u015bci i wydarzenia zwi\u0105zane z nasz\u0105 firm\u0105.\",\"breadcrumb\":{\"@id\":\"https:\\\/\\\/www.blecha.at\\\/pl\\\/aktualnosci\\\/#breadcrumb\"},\"inLanguage\":\"pl-PL\",\"potentialAction\":[{\"@type\":\"ReadAction\",\"target\":[\"https:\\\/\\\/www.blecha.at\\\/pl\\\/aktualnosci\\\/\"]}]},{\"@type\":\"BreadcrumbList\",\"@id\":\"https:\\\/\\\/www.blecha.at\\\/pl\\\/aktualnosci\\\/#breadcrumb\",\"itemListElement\":[{\"@type\":\"ListItem\",\"position\":1,\"name\":\"Home\",\"item\":\"https:\\\/\\\/www.blecha.at\\\/pl\\\/\"},{\"@type\":\"ListItem\",\"position\":2,\"name\":\"Aktualno\u015bci\"}]},{\"@type\":\"WebSite\",\"@id\":\"https:\\\/\\\/www.blecha.at\\\/#website\",\"url\":\"https:\\\/\\\/www.blecha.at\\\/\",\"name\":\"BLECHA\",\"description\":\"Eine weitere WordPress-Website\",\"potentialAction\":[{\"@type\":\"SearchAction\",\"target\":{\"@type\":\"EntryPoint\",\"urlTemplate\":\"https:\\\/\\\/www.blecha.at\\\/?s={search_term_string}\"},\"query-input\":{\"@type\":\"PropertyValueSpecification\",\"valueRequired\":true,\"valueName\":\"search_term_string\"}}],\"inLanguage\":\"pl-PL\"}]}<\/script>\n<!-- \/ Yoast SEO plugin. -->","yoast_head_json":{"title":"Najnowsze wiadomo\u015bci | BLECHA","description":"B\u0105d\u017a zawsze na bie\u017c\u0105co z BLECHA. Tutaj znajd\u0105 Pa\u0144stwo naj\u015bwie\u017csze informacje, aktualno\u015bci i wydarzenia zwi\u0105zane z nasz\u0105 firm\u0105.","robots":{"index":"index","follow":"follow","max-snippet":"max-snippet:-1","max-image-preview":"max-image-preview:large","max-video-preview":"max-video-preview:-1"},"canonical":"https:\/\/www.blecha.at\/pl\/aktualnosci\/","og_locale":"pl_PL","og_type":"article","og_title":"Najnowsze wiadomo\u015bci | BLECHA","og_description":"B\u0105d\u017a zawsze na bie\u017c\u0105co z BLECHA. Tutaj znajd\u0105 Pa\u0144stwo naj\u015bwie\u017csze informacje, aktualno\u015bci i wydarzenia zwi\u0105zane z nasz\u0105 firm\u0105.","og_url":"https:\/\/www.blecha.at\/pl\/aktualnosci\/","og_site_name":"BLECHA","article_modified_time":"2021-12-15T10:56:22+00:00","og_image":[{"width":2560,"height":1642,"url":"https:\/\/www.blecha.at\/wp-content\/uploads\/2021\/02\/blecha-unternehmen-auswahl-gebaeude-3-scaled.jpg","type":"image\/jpeg"}],"twitter_card":"summary_large_image","schema":{"@context":"https:\/\/schema.org","@graph":[{"@type":"WebPage","@id":"https:\/\/www.blecha.at\/pl\/aktualnosci\/","url":"https:\/\/www.blecha.at\/pl\/aktualnosci\/","name":"Najnowsze wiadomo\u015bci | BLECHA","isPartOf":{"@id":"https:\/\/www.blecha.at\/#website"},"datePublished":"2020-10-05T10:44:20+00:00","dateModified":"2021-12-15T10:56:22+00:00","description":"B\u0105d\u017a zawsze na bie\u017c\u0105co z BLECHA. Tutaj znajd\u0105 Pa\u0144stwo naj\u015bwie\u017csze informacje, aktualno\u015bci i wydarzenia zwi\u0105zane z nasz\u0105 firm\u0105.","breadcrumb":{"@id":"https:\/\/www.blecha.at\/pl\/aktualnosci\/#breadcrumb"},"inLanguage":"pl-PL","potentialAction":[{"@type":"ReadAction","target":["https:\/\/www.blecha.at\/pl\/aktualnosci\/"]}]},{"@type":"BreadcrumbList","@id":"https:\/\/www.blecha.at\/pl\/aktualnosci\/#breadcrumb","itemListElement":[{"@type":"ListItem","position":1,"name":"Home","item":"https:\/\/www.blecha.at\/pl\/"},{"@type":"ListItem","position":2,"name":"Aktualno\u015bci"}]},{"@type":"WebSite","@id":"https:\/\/www.blecha.at\/#website","url":"https:\/\/www.blecha.at\/","name":"BLECHA","description":"Eine weitere WordPress-Website","potentialAction":[{"@type":"SearchAction","target":{"@type":"EntryPoint","urlTemplate":"https:\/\/www.blecha.at\/?s={search_term_string}"},"query-input":{"@type":"PropertyValueSpecification","valueRequired":true,"valueName":"search_term_string"}}],"inLanguage":"pl-PL"}]}},"_links":{"self":[{"href":"https:\/\/www.blecha.at\/pl\/wp-json\/wp\/v2\/pages\/5323","targetHints":{"allow":["GET"]}}],"collection":[{"href":"https:\/\/www.blecha.at\/pl\/wp-json\/wp\/v2\/pages"}],"about":[{"href":"https:\/\/www.blecha.at\/pl\/wp-json\/wp\/v2\/types\/page"}],"author":[{"embeddable":true,"href":"https:\/\/www.blecha.at\/pl\/wp-json\/wp\/v2\/users\/2"}],"replies":[{"embeddable":true,"href":"https:\/\/www.blecha.at\/pl\/wp-json\/wp\/v2\/comments?post=5323"}],"version-history":[{"count":3,"href":"https:\/\/www.blecha.at\/pl\/wp-json\/wp\/v2\/pages\/5323\/revisions"}],"predecessor-version":[{"id":12959,"href":"https:\/\/www.blecha.at\/pl\/wp-json\/wp\/v2\/pages\/5323\/revisions\/12959"}],"wp:attachment":[{"href":"https:\/\/www.blecha.at\/pl\/wp-json\/wp\/v2\/media?parent=5323"}],"curies":[{"name":"wp","href":"https:\/\/api.w.org\/{rel}","templated":true}]}}