{"id":5497,"date":"2021-02-16T17:48:58","date_gmt":"2021-02-16T16:48:58","guid":{"rendered":"https:\/\/www.blecha.at\/uslugi\/zuschnitte\/"},"modified":"2021-10-04T09:41:55","modified_gmt":"2021-10-04T07:41:55","slug":"uslugi-ciecia","status":"publish","type":"page","link":"https:\/\/www.blecha.at\/pl\/uslugi\/uslugi-ciecia\/","title":{"rendered":"Zuschnitte"},"content":{"rendered":"\n<section id=\"sectionTwo\" class=\"mt-lg-n11 py-8 py-md-11 px-lg-9 border-left border-right border-right-lg-none bg-white\">\n\n\n<div class=\"wp-bootstrap-blocks-container container-fluid mb-0\">\n\t\n<div class=\"wp-bootstrap-blocks-row row mx-auto\">\n\t\n\n<div class=\"col-12 col-md-10\">\n\t\t\t\n\n<h2 class=\"text-secondary scroll-fade-bottom-up visibility-hidden wp-block-heading\">Precyzja bez kompromis\u00f3w.<\/h2>\n\n\n\n<p class=\"mb-7 scroll-fade-bottom-up visibility-hidden\">Wyj\u0105tkowa dok\u0142adno\u015b\u0107 na najwy\u017cszym poziomie. Dzi\u0119ki najnowszej technologii i precyzji pomiar\u00f3w liniowych w zakresienanometr\u00f3w oferujemy naszym klientom dok\u0142adnie to, czego potrzebuj\u0105. Wykonujemy ci\u0119cia pod k\u0105tem, a tak\u017ce doci\u0119cia dostarczanych towar\u00f3w z dok\u0142adno\u015bci\u0105 ci\u0119cia do +\/- 0,2 mm. Gwarantujemy pe\u0142n\u0105 satysfakcj\u0119.<\/p>\n\n\n\n<div class=\"d-flex text-left scroll-fade-bottom-up visibility-hidden\">\n<div class=\"badge badge-rounded-circle badge-primary-soft mt-1 mr-4\">\n<i class=\"fe fe-check\"><\/i>\n<\/div><p class=\"text-primary\">Do \u015brednicy 540 mm<\/p><\/div>\n\n<div class=\"d-flex text-left scroll-fade-bottom-up visibility-hidden\">\n<div class=\"badge badge-rounded-circle badge-primary-soft mt-1 mr-4\">\n<i class=\"fe fe-check\"><\/i>\n<\/div><p class=\"text-primary\">D\u0142ugo\u015b\u0107 od 5 mm<\/p><\/div>\n\n<div class=\"d-flex text-left scroll-fade-bottom-up visibility-hidden\">\n<div class=\"badge badge-rounded-circle badge-primary-soft mt-1 mr-4\">\n<i class=\"fe fe-check\"><\/i>\n<\/div><p class=\"text-primary\">Dok\u0142adno\u015b\u0107 ci\u0119cia do +\/- 0,2 mm<\/p><\/div>\n\n<div class=\"d-flex text-left scroll-fade-bottom-up visibility-hidden\">\n<div class=\"badge badge-rounded-circle badge-primary-soft mt-1 mr-4\">\n<i class=\"fe fe-check\"><\/i>\n<\/div><p class=\"text-primary\">Ci\u0119cie pod k\u0105tem 20\u00b0 w lewo \/prawo do 20\u00b0<\/p><\/div>\n\n<div class=\"d-flex text-left scroll-fade-bottom-up visibility-hidden\">\n<div class=\"badge badge-rounded-circle badge-primary-soft mt-1 mr-4\">\n<i class=\"fe fe-check\"><\/i>\n<\/div><p class=\"text-primary\">Opcjonalnie ci\u0119cie bez wytwarzania zadzior\u00f3w lub gratowania detali<\/p><\/div>\n\n<div class=\"d-flex text-left scroll-fade-bottom-up visibility-hidden\">\n<div class=\"badge badge-rounded-circle badge-primary-soft mt-1 mr-4\">\n<i class=\"fe fe-check\"><\/i>\n<\/div><p class=\"text-primary\">Mo\u017cliwo\u015bci produkcji kontraktowej<\/p><\/div>\n\n<div class=\"d-flex text-left scroll-fade-bottom-up visibility-hidden\">\n<div class=\"badge badge-rounded-circle badge-primary-soft mt-1 mr-4\">\n<i class=\"fe fe-check\"><\/i>\n<\/div><p class=\"text-primary\">Kr\u00f3tki termin dostawy<\/p><\/div>\n\n\t<\/div>\n\n<\/div>\n\n<\/div>\n\n\n\n<\/section>\n\n\n\n<section class=\"py-8 py-md-11 px-lg-9 border-left border-right border-top border-right-lg-none bg-white\">\n\n\n<div class=\"wp-bootstrap-blocks-container container-fluid mb-0\">\n\t\n<div class=\"wp-bootstrap-blocks-row row mx-auto\">\n\t\n\n<div class=\"col-12 col-md-10\">\n\t\t\t\n\n<h2 class=\"text-secondary mb-7 scroll-fade-bottom-up visibility-hidden wp-block-heading\">Media<\/h2>\n\n\n\n<h3 class=\"mb-7 scroll-fade-bottom-up visibility-hidden wp-block-heading\">Pi\u0142y tarczowe<\/h3>\n\n\t<\/div>\n\n<\/div>\n\n\n<div class=\"wp-bootstrap-blocks-row row mx-auto\">\n\t\n\n<div class=\"col-12 col-lg-4 mb-6 text-left\">\n\t\t\t\n\n<figure class=\"wp-block-embed is-type-video is-provider-youtube wp-block-embed-youtube wp-embed-aspect-4-3 wp-has-aspect-ratio\"><div class=\"wp-block-embed__wrapper\">\n<iframe loading=\"lazy\" title=\"Kreiss\u00e4ge KAIMAN PIX 700 THETA bei Firma Blecha\" width=\"500\" height=\"375\" src=\"https:\/\/www.youtube.com\/embed\/Bu2gJgZqzlk?feature=oembed\" frameborder=\"0\" allow=\"accelerometer; autoplay; clipboard-write; encrypted-media; gyroscope; picture-in-picture; web-share\" referrerpolicy=\"strict-origin-when-cross-origin\" allowfullscreen><\/iframe>\n<\/div><\/figure>\n\n\n\n<h5 class=\"wp-block-heading\">KAIMAN PIX 700 THETA<\/h5>\n\n\n\n<p>To pi\u0142a tarczowa z elektronicznym pozycjonowaniem przecina okr\u0105g\u0142e rury do \u015brednicy maks. 270 mm.<\/p>\n\n\t<\/div>\n\n\n\n<div class=\"col-12 col-lg-4 mb-6 text-left\">\n\t\t\t\n\n<figure class=\"wp-block-embed is-type-video is-provider-youtube wp-block-embed-youtube wp-embed-aspect-4-3 wp-has-aspect-ratio\"><div class=\"wp-block-embed__wrapper\">\n<iframe loading=\"lazy\" title=\"Kreiss\u00e4ge SPRING ECHO bei Firma Blecha\" width=\"500\" height=\"375\" src=\"https:\/\/www.youtube.com\/embed\/NP5dkrGFrC0?feature=oembed\" frameborder=\"0\" allow=\"accelerometer; autoplay; clipboard-write; encrypted-media; gyroscope; picture-in-picture; web-share\" referrerpolicy=\"strict-origin-when-cross-origin\" allowfullscreen><\/iframe>\n<\/div><\/figure>\n\n\n\n<h5 class=\"wp-block-heading\">SPRING ECHO<\/h5>\n\n\n\n<p>Ta k\u0105towa pi\u0142a z poziomym posuwem sto\u0142u tnie profile aluminiowe o \u015brednicy do 145 mm i ma regulowan\u0105 pneumatycznie regulacj\u0119 k\u0105tow\u0105.<\/p>\n\n\t<\/div>\n\n\n\n<div class=\"col-12 col-lg-4 mb-6 text-left\">\n\t\t\t\n\n<figure class=\"wp-block-embed is-type-video is-provider-youtube wp-block-embed-youtube wp-embed-aspect-4-3 wp-has-aspect-ratio\"><div class=\"wp-block-embed__wrapper\">\n<iframe loading=\"lazy\" title=\"Kreiss\u00e4ge MIRAGE 600 bei Firma Blecha\" width=\"500\" height=\"375\" src=\"https:\/\/www.youtube.com\/embed\/rDxg8R-LxNs?feature=oembed\" frameborder=\"0\" allow=\"accelerometer; autoplay; clipboard-write; encrypted-media; gyroscope; picture-in-picture; web-share\" referrerpolicy=\"strict-origin-when-cross-origin\" allowfullscreen><\/iframe>\n<\/div><\/figure>\n\n\n\n<h5 class=\"wp-block-heading\">MIRAGE 600<\/h5>\n\n\n\n<p>Model Mirage 600 to pi\u0142a kt\u00f3ra doskonale nadaje si\u0119 do ci\u0119\u0107 masowych, poniewa\u017c ma magazyn do sk\u0142adowania i st\u00f3\u0142 do roz\u0142adunku. Tnie okr\u0105g\u0142e rury o \u015brednicy do 215 mm i pr\u0119ty do max. 80 mm.<\/p>\n\n\t<\/div>\n\n\n\n<div class=\"col-12 col-lg-4 text-left\">\n\t\t\t\n\n<figure class=\"wp-block-embed is-type-video is-provider-youtube wp-block-embed-youtube wp-embed-aspect-16-9 wp-has-aspect-ratio\"><div class=\"wp-block-embed__wrapper\">\n<iframe loading=\"lazy\" title=\"Kreissaege Spring Theta A Firma Blecha\" width=\"500\" height=\"281\" src=\"https:\/\/www.youtube.com\/embed\/VfqVpOdTzLw?feature=oembed\" frameborder=\"0\" allow=\"accelerometer; autoplay; clipboard-write; encrypted-media; gyroscope; picture-in-picture; web-share\" referrerpolicy=\"strict-origin-when-cross-origin\" allowfullscreen><\/iframe>\n<\/div><\/figure>\n\n\n\n<h5 class=\"wp-block-heading\">SPRING THETA A<\/h5>\n\n\n\n<p>Spring Theta A to pi\u0142a k\u0105towa z poziomym posuwem brzeszczotu i \u015brednic\u0105 brzeszczotu 550 mm. Umo\u017cliwia ci\u0119cie profili o \u015brednicy do 210 mm i elektroniczn\u0105 regulacj\u0119 k\u0105ta ci\u0119cia od 20 \u00b0 w lewo do 20 \u00b0 w prawo. Osi\u0105ga dok\u0142adno\u015b\u0107 ci\u0119cia do +\/- 0,5 mm.<\/p>\n\n\t<\/div>\n\n<\/div>\n\n\n<div class=\"wp-bootstrap-blocks-row row mx-auto\">\n\t\n\n<div class=\"col-12 col-md-10\">\n\t\t\t\n\n<h3 class=\"mt-7 mb-7 scroll-fade-bottom-up visibility-hidden wp-block-heading\">Pi\u0142y ta\u015bmowe<\/h3>\n\n\t<\/div>\n\n<\/div>\n\n\n<div class=\"wp-bootstrap-blocks-row row mx-auto\">\n\t\n\n<div class=\"col-12 col-lg-4 mb-6 mb-lg-0 text-left\">\n\t\t\t\n\n<figure class=\"wp-block-embed is-type-video is-provider-youtube wp-block-embed-youtube wp-embed-aspect-4-3 wp-has-aspect-ratio\"><div class=\"wp-block-embed__wrapper\">\n<iframe loading=\"lazy\" title=\"Bands\u00e4ge BEHRINGER HBM540 ALU bei Firma Blecha\" width=\"500\" height=\"375\" src=\"https:\/\/www.youtube.com\/embed\/xnLM0N5sv8Q?feature=oembed\" frameborder=\"0\" allow=\"accelerometer; autoplay; clipboard-write; encrypted-media; gyroscope; picture-in-picture; web-share\" referrerpolicy=\"strict-origin-when-cross-origin\" allowfullscreen><\/iframe>\n<\/div><\/figure>\n\n\n\n<h5 class=\"wp-block-heading\">BEHRINGER HBM540 ALU<\/h5>\n\n\n\n<p>Ta w pe\u0142ni hydrauliczna wysokowydajna pi\u0142a ta\u015bmowa obejmuje zakres ci\u0119cia pr\u0119t\u00f3w okr\u0105g\u0142ych o \u015brednicy do 540 mm oraz p\u0142askownik\u00f3w i profili zamkni\u0119tych do 630 x 540 mm. Minimalna grubo\u015b\u0107 \u015bcianki dla pustych profili musi wynosi\u0107 5 mm, w przeciwnym razie profile ulegn\u0105 deformacji podczas ci\u0119cia.<\/p>\n\n\t<\/div>\n\n\n\n<div class=\"col-12 col-lg-4 mb-6 mb-lg-0 text-left\">\n\t\t\t\n\n<figure class=\"wp-block-embed is-type-video is-provider-youtube wp-block-embed-youtube wp-embed-aspect-16-9 wp-has-aspect-ratio\"><div class=\"wp-block-embed__wrapper\">\n<iframe loading=\"lazy\" title=\"Bandsaege Behringer Firma Blecha\" width=\"500\" height=\"281\" src=\"https:\/\/www.youtube.com\/embed\/GQO1aMU6n_4?feature=oembed\" frameborder=\"0\" allow=\"accelerometer; autoplay; clipboard-write; encrypted-media; gyroscope; picture-in-picture; web-share\" referrerpolicy=\"strict-origin-when-cross-origin\" allowfullscreen><\/iframe>\n<\/div><\/figure>\n\n\n\n<h5 class=\"wp-block-heading\">PI\u0141A TA\u015aMOWA BEHRINGER W AKCJI<\/h5>\n\n\t<\/div>\n\n<\/div>\n\n<\/div>\n\n\n\n<\/section>\n","protected":false},"excerpt":{"rendered":"","protected":false},"author":2,"featured_media":5499,"parent":4592,"menu_order":0,"comment_status":"closed","ping_status":"closed","template":"page-leistungen.php","meta":{"_acf_changed":false,"footnotes":""},"class_list":["post-5497","page","type-page","status-publish","has-post-thumbnail","hentry"],"acf":[],"yoast_head":"<!-- This site is optimized with the Yoast SEO plugin v27.3 - https:\/\/yoast.com\/product\/yoast-seo-wordpress\/ -->\n<title>Precyzyjne ci\u0119cie | BLECHA<\/title>\n<meta name=\"description\" content=\"Precyzja bez kompromis\u00f3w. Wykonujemy ci\u0119cia pod k\u0105tem, a tak\u017ce doci\u0119cia dostarczanych towar\u00f3w z dok\u0142adno\u015bci\u0105 ci\u0119cia do +\/- 0,2 mm. Gwarantujemy pe\u0142n\u0105 satysfakcj\u0119.\" \/>\n<meta name=\"robots\" content=\"index, follow, max-snippet:-1, max-image-preview:large, max-video-preview:-1\" \/>\n<link rel=\"canonical\" href=\"https:\/\/www.blecha.at\/pl\/uslugi\/uslugi-ciecia\/\" \/>\n<meta property=\"og:locale\" content=\"pl_PL\" \/>\n<meta property=\"og:type\" content=\"article\" \/>\n<meta property=\"og:title\" content=\"Precyzyjne ci\u0119cie | BLECHA\" \/>\n<meta property=\"og:description\" content=\"Precyzja bez kompromis\u00f3w. Wykonujemy ci\u0119cia pod k\u0105tem, a tak\u017ce doci\u0119cia dostarczanych towar\u00f3w z dok\u0142adno\u015bci\u0105 ci\u0119cia do +\/- 0,2 mm. Gwarantujemy pe\u0142n\u0105 satysfakcj\u0119.\" \/>\n<meta property=\"og:url\" content=\"https:\/\/www.blecha.at\/pl\/uslugi\/uslugi-ciecia\/\" \/>\n<meta property=\"og:site_name\" content=\"BLECHA\" \/>\n<meta property=\"article:modified_time\" content=\"2021-10-04T07:41:55+00:00\" \/>\n<meta property=\"og:image\" content=\"https:\/\/www.blecha.at\/wp-content\/uploads\/2021\/03\/blecha-zuschnitte-1-thumbnail.jpg\" \/>\n\t<meta property=\"og:image:width\" content=\"1600\" \/>\n\t<meta property=\"og:image:height\" content=\"1600\" \/>\n\t<meta property=\"og:image:type\" content=\"image\/jpeg\" \/>\n<meta name=\"twitter:card\" content=\"summary_large_image\" \/>\n<meta name=\"twitter:label1\" content=\"Szacowany czas czytania\" \/>\n\t<meta name=\"twitter:data1\" content=\"2 minuty\" \/>\n<script type=\"application\/ld+json\" class=\"yoast-schema-graph\">{\"@context\":\"https:\\\/\\\/schema.org\",\"@graph\":[{\"@type\":\"WebPage\",\"@id\":\"https:\\\/\\\/www.blecha.at\\\/pl\\\/uslugi\\\/uslugi-ciecia\\\/\",\"url\":\"https:\\\/\\\/www.blecha.at\\\/pl\\\/uslugi\\\/uslugi-ciecia\\\/\",\"name\":\"Precyzyjne ci\u0119cie | BLECHA\",\"isPartOf\":{\"@id\":\"https:\\\/\\\/www.blecha.at\\\/#website\"},\"primaryImageOfPage\":{\"@id\":\"https:\\\/\\\/www.blecha.at\\\/pl\\\/uslugi\\\/uslugi-ciecia\\\/#primaryimage\"},\"image\":{\"@id\":\"https:\\\/\\\/www.blecha.at\\\/pl\\\/uslugi\\\/uslugi-ciecia\\\/#primaryimage\"},\"thumbnailUrl\":\"https:\\\/\\\/www.blecha.at\\\/wp-content\\\/uploads\\\/2021\\\/03\\\/blecha-zuschnitte-1-thumbnail.jpg\",\"datePublished\":\"2021-02-16T16:48:58+00:00\",\"dateModified\":\"2021-10-04T07:41:55+00:00\",\"description\":\"Precyzja bez kompromis\u00f3w. Wykonujemy ci\u0119cia pod k\u0105tem, a tak\u017ce doci\u0119cia dostarczanych towar\u00f3w z dok\u0142adno\u015bci\u0105 ci\u0119cia do +\\\/- 0,2 mm. Gwarantujemy pe\u0142n\u0105 satysfakcj\u0119.\",\"breadcrumb\":{\"@id\":\"https:\\\/\\\/www.blecha.at\\\/pl\\\/uslugi\\\/uslugi-ciecia\\\/#breadcrumb\"},\"inLanguage\":\"pl-PL\",\"potentialAction\":[{\"@type\":\"ReadAction\",\"target\":[\"https:\\\/\\\/www.blecha.at\\\/pl\\\/uslugi\\\/uslugi-ciecia\\\/\"]}]},{\"@type\":\"ImageObject\",\"inLanguage\":\"pl-PL\",\"@id\":\"https:\\\/\\\/www.blecha.at\\\/pl\\\/uslugi\\\/uslugi-ciecia\\\/#primaryimage\",\"url\":\"https:\\\/\\\/www.blecha.at\\\/wp-content\\\/uploads\\\/2021\\\/03\\\/blecha-zuschnitte-1-thumbnail.jpg\",\"contentUrl\":\"https:\\\/\\\/www.blecha.at\\\/wp-content\\\/uploads\\\/2021\\\/03\\\/blecha-zuschnitte-1-thumbnail.jpg\",\"width\":1600,\"height\":1600},{\"@type\":\"BreadcrumbList\",\"@id\":\"https:\\\/\\\/www.blecha.at\\\/pl\\\/uslugi\\\/uslugi-ciecia\\\/#breadcrumb\",\"itemListElement\":[{\"@type\":\"ListItem\",\"position\":1,\"name\":\"Home\",\"item\":\"https:\\\/\\\/www.blecha.at\\\/pl\\\/\"},{\"@type\":\"ListItem\",\"position\":2,\"name\":\"Us\u0142ugi\",\"item\":\"https:\\\/\\\/www.blecha.at\\\/pl\\\/uslugi\\\/\"},{\"@type\":\"ListItem\",\"position\":3,\"name\":\"Zuschnitte\"}]},{\"@type\":\"WebSite\",\"@id\":\"https:\\\/\\\/www.blecha.at\\\/#website\",\"url\":\"https:\\\/\\\/www.blecha.at\\\/\",\"name\":\"BLECHA\",\"description\":\"Eine weitere WordPress-Website\",\"potentialAction\":[{\"@type\":\"SearchAction\",\"target\":{\"@type\":\"EntryPoint\",\"urlTemplate\":\"https:\\\/\\\/www.blecha.at\\\/?s={search_term_string}\"},\"query-input\":{\"@type\":\"PropertyValueSpecification\",\"valueRequired\":true,\"valueName\":\"search_term_string\"}}],\"inLanguage\":\"pl-PL\"}]}<\/script>\n<!-- \/ Yoast SEO plugin. -->","yoast_head_json":{"title":"Precyzyjne ci\u0119cie | BLECHA","description":"Precyzja bez kompromis\u00f3w. Wykonujemy ci\u0119cia pod k\u0105tem, a tak\u017ce doci\u0119cia dostarczanych towar\u00f3w z dok\u0142adno\u015bci\u0105 ci\u0119cia do +\/- 0,2 mm. Gwarantujemy pe\u0142n\u0105 satysfakcj\u0119.","robots":{"index":"index","follow":"follow","max-snippet":"max-snippet:-1","max-image-preview":"max-image-preview:large","max-video-preview":"max-video-preview:-1"},"canonical":"https:\/\/www.blecha.at\/pl\/uslugi\/uslugi-ciecia\/","og_locale":"pl_PL","og_type":"article","og_title":"Precyzyjne ci\u0119cie | BLECHA","og_description":"Precyzja bez kompromis\u00f3w. Wykonujemy ci\u0119cia pod k\u0105tem, a tak\u017ce doci\u0119cia dostarczanych towar\u00f3w z dok\u0142adno\u015bci\u0105 ci\u0119cia do +\/- 0,2 mm. Gwarantujemy pe\u0142n\u0105 satysfakcj\u0119.","og_url":"https:\/\/www.blecha.at\/pl\/uslugi\/uslugi-ciecia\/","og_site_name":"BLECHA","article_modified_time":"2021-10-04T07:41:55+00:00","og_image":[{"width":1600,"height":1600,"url":"https:\/\/www.blecha.at\/wp-content\/uploads\/2021\/03\/blecha-zuschnitte-1-thumbnail.jpg","type":"image\/jpeg"}],"twitter_card":"summary_large_image","twitter_misc":{"Szacowany czas czytania":"2 minuty"},"schema":{"@context":"https:\/\/schema.org","@graph":[{"@type":"WebPage","@id":"https:\/\/www.blecha.at\/pl\/uslugi\/uslugi-ciecia\/","url":"https:\/\/www.blecha.at\/pl\/uslugi\/uslugi-ciecia\/","name":"Precyzyjne ci\u0119cie | BLECHA","isPartOf":{"@id":"https:\/\/www.blecha.at\/#website"},"primaryImageOfPage":{"@id":"https:\/\/www.blecha.at\/pl\/uslugi\/uslugi-ciecia\/#primaryimage"},"image":{"@id":"https:\/\/www.blecha.at\/pl\/uslugi\/uslugi-ciecia\/#primaryimage"},"thumbnailUrl":"https:\/\/www.blecha.at\/wp-content\/uploads\/2021\/03\/blecha-zuschnitte-1-thumbnail.jpg","datePublished":"2021-02-16T16:48:58+00:00","dateModified":"2021-10-04T07:41:55+00:00","description":"Precyzja bez kompromis\u00f3w. Wykonujemy ci\u0119cia pod k\u0105tem, a tak\u017ce doci\u0119cia dostarczanych towar\u00f3w z dok\u0142adno\u015bci\u0105 ci\u0119cia do +\/- 0,2 mm. Gwarantujemy pe\u0142n\u0105 satysfakcj\u0119.","breadcrumb":{"@id":"https:\/\/www.blecha.at\/pl\/uslugi\/uslugi-ciecia\/#breadcrumb"},"inLanguage":"pl-PL","potentialAction":[{"@type":"ReadAction","target":["https:\/\/www.blecha.at\/pl\/uslugi\/uslugi-ciecia\/"]}]},{"@type":"ImageObject","inLanguage":"pl-PL","@id":"https:\/\/www.blecha.at\/pl\/uslugi\/uslugi-ciecia\/#primaryimage","url":"https:\/\/www.blecha.at\/wp-content\/uploads\/2021\/03\/blecha-zuschnitte-1-thumbnail.jpg","contentUrl":"https:\/\/www.blecha.at\/wp-content\/uploads\/2021\/03\/blecha-zuschnitte-1-thumbnail.jpg","width":1600,"height":1600},{"@type":"BreadcrumbList","@id":"https:\/\/www.blecha.at\/pl\/uslugi\/uslugi-ciecia\/#breadcrumb","itemListElement":[{"@type":"ListItem","position":1,"name":"Home","item":"https:\/\/www.blecha.at\/pl\/"},{"@type":"ListItem","position":2,"name":"Us\u0142ugi","item":"https:\/\/www.blecha.at\/pl\/uslugi\/"},{"@type":"ListItem","position":3,"name":"Zuschnitte"}]},{"@type":"WebSite","@id":"https:\/\/www.blecha.at\/#website","url":"https:\/\/www.blecha.at\/","name":"BLECHA","description":"Eine weitere WordPress-Website","potentialAction":[{"@type":"SearchAction","target":{"@type":"EntryPoint","urlTemplate":"https:\/\/www.blecha.at\/?s={search_term_string}"},"query-input":{"@type":"PropertyValueSpecification","valueRequired":true,"valueName":"search_term_string"}}],"inLanguage":"pl-PL"}]}},"_links":{"self":[{"href":"https:\/\/www.blecha.at\/pl\/wp-json\/wp\/v2\/pages\/5497","targetHints":{"allow":["GET"]}}],"collection":[{"href":"https:\/\/www.blecha.at\/pl\/wp-json\/wp\/v2\/pages"}],"about":[{"href":"https:\/\/www.blecha.at\/pl\/wp-json\/wp\/v2\/types\/page"}],"author":[{"embeddable":true,"href":"https:\/\/www.blecha.at\/pl\/wp-json\/wp\/v2\/users\/2"}],"replies":[{"embeddable":true,"href":"https:\/\/www.blecha.at\/pl\/wp-json\/wp\/v2\/comments?post=5497"}],"version-history":[{"count":2,"href":"https:\/\/www.blecha.at\/pl\/wp-json\/wp\/v2\/pages\/5497\/revisions"}],"predecessor-version":[{"id":5502,"href":"https:\/\/www.blecha.at\/pl\/wp-json\/wp\/v2\/pages\/5497\/revisions\/5502"}],"up":[{"embeddable":true,"href":"https:\/\/www.blecha.at\/pl\/wp-json\/wp\/v2\/pages\/4592"}],"wp:featuredmedia":[{"embeddable":true,"href":"https:\/\/www.blecha.at\/pl\/wp-json\/wp\/v2\/media\/5499"}],"wp:attachment":[{"href":"https:\/\/www.blecha.at\/pl\/wp-json\/wp\/v2\/media?parent=5497"}],"curies":[{"name":"wp","href":"https:\/\/api.w.org\/{rel}","templated":true}]}}