{"id":5594,"date":"2021-01-22T23:18:28","date_gmt":"2021-01-22T22:18:28","guid":{"rendered":"https:\/\/www.blecha.at\/produkty\/bleche-und-platten\/"},"modified":"2022-02-22T15:07:29","modified_gmt":"2022-02-22T14:07:29","slug":"blachy-i-plyty","status":"publish","type":"page","link":"https:\/\/www.blecha.at\/pl\/produkty\/blachy-i-plyty\/","title":{"rendered":"Blachy i p\u0142yty"},"content":{"rendered":"\n<section id=\"sectionTwo\" class=\"mt-lg-n11 py-8 py-md-11 px-lg-9 border-left border-right border-right-lg-none bg-white\">\n\n\n<div class=\"wp-bootstrap-blocks-container container-fluid mb-0\">\n\t\n<div class=\"wp-bootstrap-blocks-row row\">\n\t\n\n<div class=\"col-12 col-md-10\">\n\t\t\t\n\n<h2 class=\"text-secondary scroll-fade-bottom-up visibility-hidden wp-block-heading\" id=\"stabilne-blachy-aluminiowe-plyty-i-blachy-z-aluminium-czystego-lakierowane-proszkowo-anodowane-i-perforowane\">Stabilne blachy aluminiowe. <br>P\u0142yty i blachy z aluminium czystego. <br>Lakierowane proszkowo, anodowane i perforowane.<\/h2>\n\n\n\n<p class=\"scroll-fade-bottom-up visibility-hidden\">W naszej ofercie z pewno\u015bci\u0105 znajd\u0105 Pa\u0144stwo. Odpowiedni\u0105 blach\u0119 aluminiow\u0105. Oferujemy szeroki wyb\u00f3r blach i p\u0142yt aluminiowych \u2013 zar\u00f3wno z czystego aluminium, jak i ze stopu aluminiowo-magnezowego, blachy anodowane i lakierowane proszkowo, blachy perforowane (o oczkach okr\u0105g\u0142ych i kwadratowych) w formatach 2000 x 1000 mm, 2500 x 1250 mm, 3000 x 1500 mm, a tak\u017ce 4000 x 2000 mm \u2013 porozmawiajz naszym specjalist\u0105 ds. sprzeda\u017cy, aby wybra\u0107 najbardziej odpowiednie rozwi\u0105zanie. Z przyjemno\u015bci\u0105 przyjmiemy Pa\u0144stwa zam\u00f3wienie na blachy i p\u0142yty wraz z kompaktowo po\u0142\u0105czonym zam\u00f3wieniem na profile.<\/p>\n\n\t<\/div>\n\n<\/div>\n\n<\/div>\n\n\n\n<\/section>\n\n\n\n<section data-jarallax=\"\" data-speed=\".8\" class=\"py-12 py-md-13 overlay overlay-black overlay-40 bg-cover jarallax\" style=\"background-image: url(\/wp-content\/uploads\/2021\/01\/blecha-aluminium-profile.jpg);\">\n  <div class=\"container\">\n    <div class=\"row mx-auto\">\n      <div class=\"col-12 col-md-10\">\n        <!-- Blockquote -->\n        <blockquote class=\"blockquote mb-0\"> \n          \n          <!-- Text -->\n          <p class=\"h2 text-white text-left font-regular scroll-fade-bottom-up visibility-hidden\">Je\u015bli Blecha tego nie ma, to inni tego te\u017c nie maj\u0105. Zapraszamy do przejrzenia naszej oferty i dokonania odpowiedniego\nwyboru.<\/p>\n\n\n<div class=\"wp-bootstrap-blocks-button\">\n\t<a\n\t\thref=\"https:\/\/www.aluprofil.at\/pl\/blachy-i-plyty\/blachy-i-plyty\/\"\n\t\t\t\t\t\tclass=\"btn mt-4 scroll-fade-bottom-up visibility-hidden btn-secondary\"\n\t>\n\t\tDo asortymentu\t<\/a>\n<\/div>\n\n\n\n<\/blockquote>\n      <\/div>\n    <\/div>\n  <\/div>\n<\/section>\n","protected":false},"excerpt":{"rendered":"Je\u015bli Blecha tego nie ma, to inni tego te\u017c nie maj\u0105. Zapraszamy do przejrzenia naszej oferty i dokonania odpowiedniego wyboru.","protected":false},"author":2,"featured_media":5596,"parent":5427,"menu_order":0,"comment_status":"closed","ping_status":"closed","template":"page-produkte.php","meta":{"_acf_changed":false,"footnotes":""},"class_list":["post-5594","page","type-page","status-publish","has-post-thumbnail","hentry"],"acf":[],"yoast_head":"<!-- This site is optimized with the Yoast SEO plugin v27.3 - https:\/\/yoast.com\/product\/yoast-seo-wordpress\/ -->\n<title>Blachy i p\u0142yty | BLECHA<\/title>\n<meta name=\"description\" content=\"Stabilne blachy aluminiowe. P\u0142yty i blachy z aluminium czystego. Lakierowane proszkowo, anodowane i perforowane.\" \/>\n<meta name=\"robots\" content=\"index, follow, max-snippet:-1, max-image-preview:large, max-video-preview:-1\" \/>\n<link rel=\"canonical\" href=\"https:\/\/www.blecha.at\/pl\/produkty\/blachy-i-plyty\/\" \/>\n<meta property=\"og:locale\" content=\"pl_PL\" \/>\n<meta property=\"og:type\" content=\"article\" \/>\n<meta property=\"og:title\" content=\"Blachy i p\u0142yty | BLECHA\" \/>\n<meta property=\"og:description\" content=\"Stabilne blachy aluminiowe. P\u0142yty i blachy z aluminium czystego. Lakierowane proszkowo, anodowane i perforowane.\" \/>\n<meta property=\"og:url\" content=\"https:\/\/www.blecha.at\/pl\/produkty\/blachy-i-plyty\/\" \/>\n<meta property=\"og:site_name\" content=\"BLECHA\" \/>\n<meta property=\"article:modified_time\" content=\"2022-02-22T14:07:29+00:00\" \/>\n<meta property=\"og:image\" content=\"https:\/\/www.blecha.at\/wp-content\/uploads\/2021\/03\/blecha-bleche-und-platten-1-thumbnail.jpg\" \/>\n\t<meta property=\"og:image:width\" content=\"1600\" \/>\n\t<meta property=\"og:image:height\" content=\"1600\" \/>\n\t<meta property=\"og:image:type\" content=\"image\/jpeg\" \/>\n<meta name=\"twitter:card\" content=\"summary_large_image\" \/>\n<meta name=\"twitter:label1\" content=\"Szacowany czas czytania\" \/>\n\t<meta name=\"twitter:data1\" content=\"1 minuta\" \/>\n<script type=\"application\/ld+json\" class=\"yoast-schema-graph\">{\"@context\":\"https:\\\/\\\/schema.org\",\"@graph\":[{\"@type\":\"WebPage\",\"@id\":\"https:\\\/\\\/www.blecha.at\\\/pl\\\/produkty\\\/blachy-i-plyty\\\/\",\"url\":\"https:\\\/\\\/www.blecha.at\\\/pl\\\/produkty\\\/blachy-i-plyty\\\/\",\"name\":\"Blachy i p\u0142yty | BLECHA\",\"isPartOf\":{\"@id\":\"https:\\\/\\\/www.blecha.at\\\/#website\"},\"primaryImageOfPage\":{\"@id\":\"https:\\\/\\\/www.blecha.at\\\/pl\\\/produkty\\\/blachy-i-plyty\\\/#primaryimage\"},\"image\":{\"@id\":\"https:\\\/\\\/www.blecha.at\\\/pl\\\/produkty\\\/blachy-i-plyty\\\/#primaryimage\"},\"thumbnailUrl\":\"https:\\\/\\\/www.blecha.at\\\/wp-content\\\/uploads\\\/2021\\\/03\\\/blecha-bleche-und-platten-1-thumbnail.jpg\",\"datePublished\":\"2021-01-22T22:18:28+00:00\",\"dateModified\":\"2022-02-22T14:07:29+00:00\",\"description\":\"Stabilne blachy aluminiowe. P\u0142yty i blachy z aluminium czystego. Lakierowane proszkowo, anodowane i perforowane.\",\"breadcrumb\":{\"@id\":\"https:\\\/\\\/www.blecha.at\\\/pl\\\/produkty\\\/blachy-i-plyty\\\/#breadcrumb\"},\"inLanguage\":\"pl-PL\",\"potentialAction\":[{\"@type\":\"ReadAction\",\"target\":[\"https:\\\/\\\/www.blecha.at\\\/pl\\\/produkty\\\/blachy-i-plyty\\\/\"]}]},{\"@type\":\"ImageObject\",\"inLanguage\":\"pl-PL\",\"@id\":\"https:\\\/\\\/www.blecha.at\\\/pl\\\/produkty\\\/blachy-i-plyty\\\/#primaryimage\",\"url\":\"https:\\\/\\\/www.blecha.at\\\/wp-content\\\/uploads\\\/2021\\\/03\\\/blecha-bleche-und-platten-1-thumbnail.jpg\",\"contentUrl\":\"https:\\\/\\\/www.blecha.at\\\/wp-content\\\/uploads\\\/2021\\\/03\\\/blecha-bleche-und-platten-1-thumbnail.jpg\",\"width\":1600,\"height\":1600},{\"@type\":\"BreadcrumbList\",\"@id\":\"https:\\\/\\\/www.blecha.at\\\/pl\\\/produkty\\\/blachy-i-plyty\\\/#breadcrumb\",\"itemListElement\":[{\"@type\":\"ListItem\",\"position\":1,\"name\":\"Home\",\"item\":\"https:\\\/\\\/www.blecha.at\\\/pl\\\/\"},{\"@type\":\"ListItem\",\"position\":2,\"name\":\"Produkty\",\"item\":\"https:\\\/\\\/www.blecha.at\\\/pl\\\/produkty\\\/\"},{\"@type\":\"ListItem\",\"position\":3,\"name\":\"Blachy i p\u0142yty\"}]},{\"@type\":\"WebSite\",\"@id\":\"https:\\\/\\\/www.blecha.at\\\/#website\",\"url\":\"https:\\\/\\\/www.blecha.at\\\/\",\"name\":\"BLECHA\",\"description\":\"Eine weitere WordPress-Website\",\"potentialAction\":[{\"@type\":\"SearchAction\",\"target\":{\"@type\":\"EntryPoint\",\"urlTemplate\":\"https:\\\/\\\/www.blecha.at\\\/?s={search_term_string}\"},\"query-input\":{\"@type\":\"PropertyValueSpecification\",\"valueRequired\":true,\"valueName\":\"search_term_string\"}}],\"inLanguage\":\"pl-PL\"}]}<\/script>\n<!-- \/ Yoast SEO plugin. -->","yoast_head_json":{"title":"Blachy i p\u0142yty | BLECHA","description":"Stabilne blachy aluminiowe. P\u0142yty i blachy z aluminium czystego. Lakierowane proszkowo, anodowane i perforowane.","robots":{"index":"index","follow":"follow","max-snippet":"max-snippet:-1","max-image-preview":"max-image-preview:large","max-video-preview":"max-video-preview:-1"},"canonical":"https:\/\/www.blecha.at\/pl\/produkty\/blachy-i-plyty\/","og_locale":"pl_PL","og_type":"article","og_title":"Blachy i p\u0142yty | BLECHA","og_description":"Stabilne blachy aluminiowe. P\u0142yty i blachy z aluminium czystego. Lakierowane proszkowo, anodowane i perforowane.","og_url":"https:\/\/www.blecha.at\/pl\/produkty\/blachy-i-plyty\/","og_site_name":"BLECHA","article_modified_time":"2022-02-22T14:07:29+00:00","og_image":[{"width":1600,"height":1600,"url":"https:\/\/www.blecha.at\/wp-content\/uploads\/2021\/03\/blecha-bleche-und-platten-1-thumbnail.jpg","type":"image\/jpeg"}],"twitter_card":"summary_large_image","twitter_misc":{"Szacowany czas czytania":"1 minuta"},"schema":{"@context":"https:\/\/schema.org","@graph":[{"@type":"WebPage","@id":"https:\/\/www.blecha.at\/pl\/produkty\/blachy-i-plyty\/","url":"https:\/\/www.blecha.at\/pl\/produkty\/blachy-i-plyty\/","name":"Blachy i p\u0142yty | BLECHA","isPartOf":{"@id":"https:\/\/www.blecha.at\/#website"},"primaryImageOfPage":{"@id":"https:\/\/www.blecha.at\/pl\/produkty\/blachy-i-plyty\/#primaryimage"},"image":{"@id":"https:\/\/www.blecha.at\/pl\/produkty\/blachy-i-plyty\/#primaryimage"},"thumbnailUrl":"https:\/\/www.blecha.at\/wp-content\/uploads\/2021\/03\/blecha-bleche-und-platten-1-thumbnail.jpg","datePublished":"2021-01-22T22:18:28+00:00","dateModified":"2022-02-22T14:07:29+00:00","description":"Stabilne blachy aluminiowe. P\u0142yty i blachy z aluminium czystego. Lakierowane proszkowo, anodowane i perforowane.","breadcrumb":{"@id":"https:\/\/www.blecha.at\/pl\/produkty\/blachy-i-plyty\/#breadcrumb"},"inLanguage":"pl-PL","potentialAction":[{"@type":"ReadAction","target":["https:\/\/www.blecha.at\/pl\/produkty\/blachy-i-plyty\/"]}]},{"@type":"ImageObject","inLanguage":"pl-PL","@id":"https:\/\/www.blecha.at\/pl\/produkty\/blachy-i-plyty\/#primaryimage","url":"https:\/\/www.blecha.at\/wp-content\/uploads\/2021\/03\/blecha-bleche-und-platten-1-thumbnail.jpg","contentUrl":"https:\/\/www.blecha.at\/wp-content\/uploads\/2021\/03\/blecha-bleche-und-platten-1-thumbnail.jpg","width":1600,"height":1600},{"@type":"BreadcrumbList","@id":"https:\/\/www.blecha.at\/pl\/produkty\/blachy-i-plyty\/#breadcrumb","itemListElement":[{"@type":"ListItem","position":1,"name":"Home","item":"https:\/\/www.blecha.at\/pl\/"},{"@type":"ListItem","position":2,"name":"Produkty","item":"https:\/\/www.blecha.at\/pl\/produkty\/"},{"@type":"ListItem","position":3,"name":"Blachy i p\u0142yty"}]},{"@type":"WebSite","@id":"https:\/\/www.blecha.at\/#website","url":"https:\/\/www.blecha.at\/","name":"BLECHA","description":"Eine weitere WordPress-Website","potentialAction":[{"@type":"SearchAction","target":{"@type":"EntryPoint","urlTemplate":"https:\/\/www.blecha.at\/?s={search_term_string}"},"query-input":{"@type":"PropertyValueSpecification","valueRequired":true,"valueName":"search_term_string"}}],"inLanguage":"pl-PL"}]}},"_links":{"self":[{"href":"https:\/\/www.blecha.at\/pl\/wp-json\/wp\/v2\/pages\/5594","targetHints":{"allow":["GET"]}}],"collection":[{"href":"https:\/\/www.blecha.at\/pl\/wp-json\/wp\/v2\/pages"}],"about":[{"href":"https:\/\/www.blecha.at\/pl\/wp-json\/wp\/v2\/types\/page"}],"author":[{"embeddable":true,"href":"https:\/\/www.blecha.at\/pl\/wp-json\/wp\/v2\/users\/2"}],"replies":[{"embeddable":true,"href":"https:\/\/www.blecha.at\/pl\/wp-json\/wp\/v2\/comments?post=5594"}],"version-history":[{"count":5,"href":"https:\/\/www.blecha.at\/pl\/wp-json\/wp\/v2\/pages\/5594\/revisions"}],"predecessor-version":[{"id":14397,"href":"https:\/\/www.blecha.at\/pl\/wp-json\/wp\/v2\/pages\/5594\/revisions\/14397"}],"up":[{"embeddable":true,"href":"https:\/\/www.blecha.at\/pl\/wp-json\/wp\/v2\/pages\/5427"}],"wp:featuredmedia":[{"embeddable":true,"href":"https:\/\/www.blecha.at\/pl\/wp-json\/wp\/v2\/media\/5596"}],"wp:attachment":[{"href":"https:\/\/www.blecha.at\/pl\/wp-json\/wp\/v2\/media?parent=5594"}],"curies":[{"name":"wp","href":"https:\/\/api.w.org\/{rel}","templated":true}]}}