{"id":11359,"date":"2021-01-22T23:26:07","date_gmt":"2021-01-22T22:26:07","guid":{"rendered":"https:\/\/www.blecha.at\/produse\/zulieferteile-fuer-saugfoerderanlagen\/"},"modified":"2022-02-22T15:42:33","modified_gmt":"2022-02-22T14:42:33","slug":"piese-pentru-instalatiile-de-transport-prin-aspiratie","status":"publish","type":"page","link":"https:\/\/www.blecha.at\/ro\/produse\/piese-pentru-instalatiile-de-transport-prin-aspiratie\/","title":{"rendered":"Piese pentru instala\u021biile de transport prin aspira\u021bie"},"content":{"rendered":"\n<section id=\"sectionTwo\" class=\"mt-lg-n11 py-8 py-md-11 px-lg-9 border-left border-right border-right-lg-none bg-white\">\n\n\n<div class=\"wp-bootstrap-blocks-container container-fluid mb-0\">\n\t\n<div class=\"wp-bootstrap-blocks-row row mx-auto\">\n\t\n\n<div class=\"col-12 col-md-10\">\n\t\t\t\n\n<h2 class=\"text-secondary scroll-fade-bottom-up visibility-hidden wp-block-heading\" id=\"livrarea-diverselor-elemente-pentru-instala\u021biile-de-transport-pentru-materiale-granulare-din-industria-materialelor-plastice-granule-pentru-industria-materialelor-plastice-sau-alte-produse-care-necesita-transport-prin-aspira\u021bie\">Livrarea diverselor elemente pentru instala\u021biile de transport pentru materiale granulare din industria materialelor plastice (granule pentru industria materialelor plastice) sau alte produse care necesit\u0103 transport prin aspira\u021bie.<\/h2>\n\n\n\n<p class=\"scroll-fade-bottom-up visibility-hidden\">\u00cen afar\u0103 de coturi din aluminiu pentru \u021bevi, coturi din o\u021bel (la cerere cu prelungiri pe una sau pe ambele p\u0103r\u021bi) \u00een diverse dimensiuni, forme, piese T, t\u0103ieturi \u0219i conexiuni, v\u0103 oferim \u0219i accesorii pentru instala\u021biile de transport prin aspira\u021bie. V\u0103 livr\u0103m f\u0103r\u0103 \u00eent\u00e2rziere din stocul nostru produse ca: arm\u0103turi pentru \u021bevi, piese pentru conexiuni, cuple Storz \u0219i cleme de band\u0103 larg\u0103, cleme pentru fier (din o\u021bel nealiat), cuple Morris, \u0219ine de fixare \u0219i furtunuri din PVC cu spiral\u0103 din o\u021bel (Vidaspir F).&nbsp;<\/p>\n\n\n\n<p class=\"scroll-fade-bottom-up visibility-hidden\">\u00cen afar\u0103 de acestea, v\u0103 livr\u0103m la cerere \u0219i piese dup\u0103 tiparul oferit de client, precum \u0219i coturi pentru \u021bevi din sticl\u0103 \u0219i piese distribuitoare.<\/p>\n\n\t<\/div>\n\n<\/div>\n\n<\/div>\n\n\n\n<\/section>\n\n\n\n<div style=\"height:10px\" aria-hidden=\"true\" class=\"wp-block-spacer\"><\/div>\n\n\n\n<section data-jarallax=\"\" data-speed=\".8\" class=\"py-12 py-md-13 overlay overlay-black overlay-40 bg-cover jarallax\" style=\"background-image: url(\/wp-content\/uploads\/2021\/08\/blecha-aluminium-profile-zulieferteile.jpg);\">\n  <div class=\"container\">\n    <div class=\"row mx-auto\">\n      <div class=\"col-12 col-md-10\">\n        <!-- Blockquote -->\n        <blockquote class=\"blockquote mb-0\"> \n          \n          <!-- Text -->\n          <p class=\"h2 text-white text-left font-regular scroll-fade-bottom-up visibility-hidden\">Iubim specialit\u0103\u021bile. Alege\u021bi din numeroasele sortimente piesa potrivit\u0103.<\/p>\n\n\n<div class=\"wp-bootstrap-blocks-button\">\n\t<a\n\t\thref=\"https:\/\/www.aluprofil.at\/ro\/accesorii\/piese-furnizate-pentru-instalatiile-de-transport-cu-vid\/\"\n\t\t\t\t\t\tclass=\"btn mt-4 scroll-fade-bottom-up visibility-hidden btn-secondary\"\n\t>\n\t\tAccesa\u021bi sortimentele\t<\/a>\n<\/div>\n\n\n\n<\/blockquote>\n      <\/div>\n    <\/div>\n  <\/div>\n<\/section>\n","protected":false},"excerpt":{"rendered":"Iubim specialit\u0103\u021bile. Alege\u021bi din numeroasele sortimente piesa potrivit\u0103.","protected":false},"author":2,"featured_media":11361,"parent":5433,"menu_order":0,"comment_status":"closed","ping_status":"closed","template":"page-produkte.php","meta":{"_acf_changed":false,"footnotes":""},"class_list":["post-11359","page","type-page","status-publish","has-post-thumbnail","hentry"],"acf":[],"yoast_head":"<!-- This site is optimized with the Yoast SEO plugin v27.3 - https:\/\/yoast.com\/product\/yoast-seo-wordpress\/ -->\n<title>Piese pentru instala\u021biile de transport prin aspira\u021bie | BLECHA<\/title>\n<meta name=\"description\" content=\"Programul nostru include livrarea diverselor elemente pentru instala\u021biile de transport pentru materiale granulare din industria materialelor plastice sau alte produse care necesit\u0103 transport prin aspira\u021bie.\" \/>\n<meta name=\"robots\" content=\"index, follow, max-snippet:-1, max-image-preview:large, max-video-preview:-1\" \/>\n<link rel=\"canonical\" href=\"https:\/\/www.blecha.at\/ro\/produse\/piese-pentru-instalatiile-de-transport-prin-aspiratie\/\" \/>\n<meta property=\"og:locale\" content=\"ro_RO\" \/>\n<meta property=\"og:type\" content=\"article\" \/>\n<meta property=\"og:title\" content=\"Piese pentru instala\u021biile de transport prin aspira\u021bie | BLECHA\" \/>\n<meta property=\"og:description\" content=\"Programul nostru include livrarea diverselor elemente pentru instala\u021biile de transport pentru materiale granulare din industria materialelor plastice sau alte produse care necesit\u0103 transport prin aspira\u021bie.\" \/>\n<meta property=\"og:url\" content=\"https:\/\/www.blecha.at\/ro\/produse\/piese-pentru-instalatiile-de-transport-prin-aspiratie\/\" \/>\n<meta property=\"og:site_name\" content=\"BLECHA\" \/>\n<meta property=\"article:modified_time\" content=\"2022-02-22T14:42:33+00:00\" \/>\n<meta property=\"og:image\" content=\"https:\/\/www.blecha.at\/wp-content\/uploads\/2021\/03\/blecha-zulieferteile-fuer-saugfoerderanlagen-1-thumbnail.jpg\" \/>\n\t<meta property=\"og:image:width\" content=\"1600\" \/>\n\t<meta property=\"og:image:height\" content=\"1600\" \/>\n\t<meta property=\"og:image:type\" content=\"image\/jpeg\" \/>\n<meta name=\"twitter:card\" content=\"summary_large_image\" \/>\n<meta name=\"twitter:label1\" content=\"Timp estimat pentru citire\" \/>\n\t<meta name=\"twitter:data1\" content=\"1 minut\" \/>\n<script type=\"application\/ld+json\" class=\"yoast-schema-graph\">{\"@context\":\"https:\\\/\\\/schema.org\",\"@graph\":[{\"@type\":\"WebPage\",\"@id\":\"https:\\\/\\\/www.blecha.at\\\/ro\\\/produse\\\/piese-pentru-instalatiile-de-transport-prin-aspiratie\\\/\",\"url\":\"https:\\\/\\\/www.blecha.at\\\/ro\\\/produse\\\/piese-pentru-instalatiile-de-transport-prin-aspiratie\\\/\",\"name\":\"Piese pentru instala\u021biile de transport prin aspira\u021bie | BLECHA\",\"isPartOf\":{\"@id\":\"https:\\\/\\\/www.blecha.at\\\/#website\"},\"primaryImageOfPage\":{\"@id\":\"https:\\\/\\\/www.blecha.at\\\/ro\\\/produse\\\/piese-pentru-instalatiile-de-transport-prin-aspiratie\\\/#primaryimage\"},\"image\":{\"@id\":\"https:\\\/\\\/www.blecha.at\\\/ro\\\/produse\\\/piese-pentru-instalatiile-de-transport-prin-aspiratie\\\/#primaryimage\"},\"thumbnailUrl\":\"https:\\\/\\\/www.blecha.at\\\/wp-content\\\/uploads\\\/2021\\\/03\\\/blecha-zulieferteile-fuer-saugfoerderanlagen-1-thumbnail.jpg\",\"datePublished\":\"2021-01-22T22:26:07+00:00\",\"dateModified\":\"2022-02-22T14:42:33+00:00\",\"description\":\"Programul nostru include livrarea diverselor elemente pentru instala\u021biile de transport pentru materiale granulare din industria materialelor plastice sau alte produse care necesit\u0103 transport prin aspira\u021bie.\",\"breadcrumb\":{\"@id\":\"https:\\\/\\\/www.blecha.at\\\/ro\\\/produse\\\/piese-pentru-instalatiile-de-transport-prin-aspiratie\\\/#breadcrumb\"},\"inLanguage\":\"ro-RO\",\"potentialAction\":[{\"@type\":\"ReadAction\",\"target\":[\"https:\\\/\\\/www.blecha.at\\\/ro\\\/produse\\\/piese-pentru-instalatiile-de-transport-prin-aspiratie\\\/\"]}]},{\"@type\":\"ImageObject\",\"inLanguage\":\"ro-RO\",\"@id\":\"https:\\\/\\\/www.blecha.at\\\/ro\\\/produse\\\/piese-pentru-instalatiile-de-transport-prin-aspiratie\\\/#primaryimage\",\"url\":\"https:\\\/\\\/www.blecha.at\\\/wp-content\\\/uploads\\\/2021\\\/03\\\/blecha-zulieferteile-fuer-saugfoerderanlagen-1-thumbnail.jpg\",\"contentUrl\":\"https:\\\/\\\/www.blecha.at\\\/wp-content\\\/uploads\\\/2021\\\/03\\\/blecha-zulieferteile-fuer-saugfoerderanlagen-1-thumbnail.jpg\",\"width\":1600,\"height\":1600},{\"@type\":\"BreadcrumbList\",\"@id\":\"https:\\\/\\\/www.blecha.at\\\/ro\\\/produse\\\/piese-pentru-instalatiile-de-transport-prin-aspiratie\\\/#breadcrumb\",\"itemListElement\":[{\"@type\":\"ListItem\",\"position\":1,\"name\":\"Home\",\"item\":\"https:\\\/\\\/www.blecha.at\\\/ro\\\/\"},{\"@type\":\"ListItem\",\"position\":2,\"name\":\"Produse\",\"item\":\"https:\\\/\\\/www.blecha.at\\\/ro\\\/produse\\\/\"},{\"@type\":\"ListItem\",\"position\":3,\"name\":\"Piese pentru instala\u021biile de transport prin aspira\u021bie\"}]},{\"@type\":\"WebSite\",\"@id\":\"https:\\\/\\\/www.blecha.at\\\/#website\",\"url\":\"https:\\\/\\\/www.blecha.at\\\/\",\"name\":\"BLECHA\",\"description\":\"Eine weitere WordPress-Website\",\"potentialAction\":[{\"@type\":\"SearchAction\",\"target\":{\"@type\":\"EntryPoint\",\"urlTemplate\":\"https:\\\/\\\/www.blecha.at\\\/?s={search_term_string}\"},\"query-input\":{\"@type\":\"PropertyValueSpecification\",\"valueRequired\":true,\"valueName\":\"search_term_string\"}}],\"inLanguage\":\"ro-RO\"}]}<\/script>\n<!-- \/ Yoast SEO plugin. -->","yoast_head_json":{"title":"Piese pentru instala\u021biile de transport prin aspira\u021bie | BLECHA","description":"Programul nostru include livrarea diverselor elemente pentru instala\u021biile de transport pentru materiale granulare din industria materialelor plastice sau alte produse care necesit\u0103 transport prin aspira\u021bie.","robots":{"index":"index","follow":"follow","max-snippet":"max-snippet:-1","max-image-preview":"max-image-preview:large","max-video-preview":"max-video-preview:-1"},"canonical":"https:\/\/www.blecha.at\/ro\/produse\/piese-pentru-instalatiile-de-transport-prin-aspiratie\/","og_locale":"ro_RO","og_type":"article","og_title":"Piese pentru instala\u021biile de transport prin aspira\u021bie | BLECHA","og_description":"Programul nostru include livrarea diverselor elemente pentru instala\u021biile de transport pentru materiale granulare din industria materialelor plastice sau alte produse care necesit\u0103 transport prin aspira\u021bie.","og_url":"https:\/\/www.blecha.at\/ro\/produse\/piese-pentru-instalatiile-de-transport-prin-aspiratie\/","og_site_name":"BLECHA","article_modified_time":"2022-02-22T14:42:33+00:00","og_image":[{"width":1600,"height":1600,"url":"https:\/\/www.blecha.at\/wp-content\/uploads\/2021\/03\/blecha-zulieferteile-fuer-saugfoerderanlagen-1-thumbnail.jpg","type":"image\/jpeg"}],"twitter_card":"summary_large_image","twitter_misc":{"Timp estimat pentru citire":"1 minut"},"schema":{"@context":"https:\/\/schema.org","@graph":[{"@type":"WebPage","@id":"https:\/\/www.blecha.at\/ro\/produse\/piese-pentru-instalatiile-de-transport-prin-aspiratie\/","url":"https:\/\/www.blecha.at\/ro\/produse\/piese-pentru-instalatiile-de-transport-prin-aspiratie\/","name":"Piese pentru instala\u021biile de transport prin aspira\u021bie | BLECHA","isPartOf":{"@id":"https:\/\/www.blecha.at\/#website"},"primaryImageOfPage":{"@id":"https:\/\/www.blecha.at\/ro\/produse\/piese-pentru-instalatiile-de-transport-prin-aspiratie\/#primaryimage"},"image":{"@id":"https:\/\/www.blecha.at\/ro\/produse\/piese-pentru-instalatiile-de-transport-prin-aspiratie\/#primaryimage"},"thumbnailUrl":"https:\/\/www.blecha.at\/wp-content\/uploads\/2021\/03\/blecha-zulieferteile-fuer-saugfoerderanlagen-1-thumbnail.jpg","datePublished":"2021-01-22T22:26:07+00:00","dateModified":"2022-02-22T14:42:33+00:00","description":"Programul nostru include livrarea diverselor elemente pentru instala\u021biile de transport pentru materiale granulare din industria materialelor plastice sau alte produse care necesit\u0103 transport prin aspira\u021bie.","breadcrumb":{"@id":"https:\/\/www.blecha.at\/ro\/produse\/piese-pentru-instalatiile-de-transport-prin-aspiratie\/#breadcrumb"},"inLanguage":"ro-RO","potentialAction":[{"@type":"ReadAction","target":["https:\/\/www.blecha.at\/ro\/produse\/piese-pentru-instalatiile-de-transport-prin-aspiratie\/"]}]},{"@type":"ImageObject","inLanguage":"ro-RO","@id":"https:\/\/www.blecha.at\/ro\/produse\/piese-pentru-instalatiile-de-transport-prin-aspiratie\/#primaryimage","url":"https:\/\/www.blecha.at\/wp-content\/uploads\/2021\/03\/blecha-zulieferteile-fuer-saugfoerderanlagen-1-thumbnail.jpg","contentUrl":"https:\/\/www.blecha.at\/wp-content\/uploads\/2021\/03\/blecha-zulieferteile-fuer-saugfoerderanlagen-1-thumbnail.jpg","width":1600,"height":1600},{"@type":"BreadcrumbList","@id":"https:\/\/www.blecha.at\/ro\/produse\/piese-pentru-instalatiile-de-transport-prin-aspiratie\/#breadcrumb","itemListElement":[{"@type":"ListItem","position":1,"name":"Home","item":"https:\/\/www.blecha.at\/ro\/"},{"@type":"ListItem","position":2,"name":"Produse","item":"https:\/\/www.blecha.at\/ro\/produse\/"},{"@type":"ListItem","position":3,"name":"Piese pentru instala\u021biile de transport prin aspira\u021bie"}]},{"@type":"WebSite","@id":"https:\/\/www.blecha.at\/#website","url":"https:\/\/www.blecha.at\/","name":"BLECHA","description":"Eine weitere WordPress-Website","potentialAction":[{"@type":"SearchAction","target":{"@type":"EntryPoint","urlTemplate":"https:\/\/www.blecha.at\/?s={search_term_string}"},"query-input":{"@type":"PropertyValueSpecification","valueRequired":true,"valueName":"search_term_string"}}],"inLanguage":"ro-RO"}]}},"_links":{"self":[{"href":"https:\/\/www.blecha.at\/ro\/wp-json\/wp\/v2\/pages\/11359","targetHints":{"allow":["GET"]}}],"collection":[{"href":"https:\/\/www.blecha.at\/ro\/wp-json\/wp\/v2\/pages"}],"about":[{"href":"https:\/\/www.blecha.at\/ro\/wp-json\/wp\/v2\/types\/page"}],"author":[{"embeddable":true,"href":"https:\/\/www.blecha.at\/ro\/wp-json\/wp\/v2\/users\/2"}],"replies":[{"embeddable":true,"href":"https:\/\/www.blecha.at\/ro\/wp-json\/wp\/v2\/comments?post=11359"}],"version-history":[{"count":6,"href":"https:\/\/www.blecha.at\/ro\/wp-json\/wp\/v2\/pages\/11359\/revisions"}],"predecessor-version":[{"id":14426,"href":"https:\/\/www.blecha.at\/ro\/wp-json\/wp\/v2\/pages\/11359\/revisions\/14426"}],"up":[{"embeddable":true,"href":"https:\/\/www.blecha.at\/ro\/wp-json\/wp\/v2\/pages\/5433"}],"wp:featuredmedia":[{"embeddable":true,"href":"https:\/\/www.blecha.at\/ro\/wp-json\/wp\/v2\/media\/11361"}],"wp:attachment":[{"href":"https:\/\/www.blecha.at\/ro\/wp-json\/wp\/v2\/media?parent=11359"}],"curies":[{"name":"wp","href":"https:\/\/api.w.org\/{rel}","templated":true}]}}