{"id":11503,"date":"2020-10-05T12:42:32","date_gmt":"2020-10-05T10:42:32","guid":{"rendered":"https:\/\/www.blecha.at\/unternehmen\/"},"modified":"2026-03-09T15:07:45","modified_gmt":"2026-03-09T14:07:45","slug":"compania","status":"publish","type":"page","link":"https:\/\/www.blecha.at\/ro\/compania\/","title":{"rendered":"Unternehmen"},"content":{"rendered":"","protected":false},"excerpt":{"rendered":"","protected":false},"author":2,"featured_media":0,"parent":0,"menu_order":0,"comment_status":"closed","ping_status":"closed","template":"page-unternehmen.php","meta":{"_acf_changed":false,"footnotes":""},"class_list":["post-11503","page","type-page","status-publish","hentry"],"acf":[],"yoast_head":"<!-- This site is optimized with the Yoast SEO plugin v27.3 - https:\/\/yoast.com\/product\/yoast-seo-wordpress\/ -->\n<title>Compania | BLECHA<\/title>\n<meta name=\"description\" content=\"Avem o leg\u0103tur\u0103 str\u00e2ns\u0103 cu materialul cu care lucr\u0103m, astfel c\u0103 aluminiul este pentru noi mai mult dec\u00e2t un produs stabil \u0219i u\u0219or. Este pasiunea noastr\u0103, motiva\u021bia care ne determin\u0103 s\u0103 inov\u0103m \u0219i care ne men\u021bine \u00een form\u0103.\" \/>\n<meta name=\"robots\" content=\"index, follow, max-snippet:-1, max-image-preview:large, max-video-preview:-1\" \/>\n<link rel=\"canonical\" href=\"https:\/\/www.blecha.at\/ro\/compania\/\" \/>\n<meta property=\"og:locale\" content=\"ro_RO\" \/>\n<meta property=\"og:type\" content=\"article\" \/>\n<meta property=\"og:title\" content=\"Compania | BLECHA\" \/>\n<meta property=\"og:description\" content=\"Avem o leg\u0103tur\u0103 str\u00e2ns\u0103 cu materialul cu care lucr\u0103m, astfel c\u0103 aluminiul este pentru noi mai mult dec\u00e2t un produs stabil \u0219i u\u0219or. Este pasiunea noastr\u0103, motiva\u021bia care ne determin\u0103 s\u0103 inov\u0103m \u0219i care ne men\u021bine \u00een form\u0103.\" \/>\n<meta property=\"og:url\" content=\"https:\/\/www.blecha.at\/ro\/compania\/\" \/>\n<meta property=\"og:site_name\" content=\"BLECHA\" \/>\n<meta property=\"article:modified_time\" content=\"2026-03-09T14:07:45+00:00\" \/>\n<meta property=\"og:image\" content=\"https:\/\/www.blecha.at\/wp-content\/uploads\/2021\/02\/blecha-unternehmen-auswahl-gebaeude-3-scaled.jpg\" \/>\n\t<meta property=\"og:image:width\" content=\"2560\" \/>\n\t<meta property=\"og:image:height\" content=\"1642\" \/>\n\t<meta property=\"og:image:type\" content=\"image\/jpeg\" \/>\n<meta name=\"twitter:card\" content=\"summary_large_image\" \/>\n<script type=\"application\/ld+json\" class=\"yoast-schema-graph\">{\"@context\":\"https:\\\/\\\/schema.org\",\"@graph\":[{\"@type\":\"WebPage\",\"@id\":\"https:\\\/\\\/www.blecha.at\\\/ro\\\/compania\\\/\",\"url\":\"https:\\\/\\\/www.blecha.at\\\/ro\\\/compania\\\/\",\"name\":\"Compania | BLECHA\",\"isPartOf\":{\"@id\":\"https:\\\/\\\/www.blecha.at\\\/#website\"},\"datePublished\":\"2020-10-05T10:42:32+00:00\",\"dateModified\":\"2026-03-09T14:07:45+00:00\",\"description\":\"Avem o leg\u0103tur\u0103 str\u00e2ns\u0103 cu materialul cu care lucr\u0103m, astfel c\u0103 aluminiul este pentru noi mai mult dec\u00e2t un produs stabil \u0219i u\u0219or. Este pasiunea noastr\u0103, motiva\u021bia care ne determin\u0103 s\u0103 inov\u0103m \u0219i care ne men\u021bine \u00een form\u0103.\",\"breadcrumb\":{\"@id\":\"https:\\\/\\\/www.blecha.at\\\/ro\\\/compania\\\/#breadcrumb\"},\"inLanguage\":\"ro-RO\",\"potentialAction\":[{\"@type\":\"ReadAction\",\"target\":[\"https:\\\/\\\/www.blecha.at\\\/ro\\\/compania\\\/\"]}]},{\"@type\":\"BreadcrumbList\",\"@id\":\"https:\\\/\\\/www.blecha.at\\\/ro\\\/compania\\\/#breadcrumb\",\"itemListElement\":[{\"@type\":\"ListItem\",\"position\":1,\"name\":\"Home\",\"item\":\"https:\\\/\\\/www.blecha.at\\\/ro\\\/\"},{\"@type\":\"ListItem\",\"position\":2,\"name\":\"Unternehmen\"}]},{\"@type\":\"WebSite\",\"@id\":\"https:\\\/\\\/www.blecha.at\\\/#website\",\"url\":\"https:\\\/\\\/www.blecha.at\\\/\",\"name\":\"BLECHA\",\"description\":\"Eine weitere WordPress-Website\",\"potentialAction\":[{\"@type\":\"SearchAction\",\"target\":{\"@type\":\"EntryPoint\",\"urlTemplate\":\"https:\\\/\\\/www.blecha.at\\\/?s={search_term_string}\"},\"query-input\":{\"@type\":\"PropertyValueSpecification\",\"valueRequired\":true,\"valueName\":\"search_term_string\"}}],\"inLanguage\":\"ro-RO\"}]}<\/script>\n<!-- \/ Yoast SEO plugin. -->","yoast_head_json":{"title":"Compania | BLECHA","description":"Avem o leg\u0103tur\u0103 str\u00e2ns\u0103 cu materialul cu care lucr\u0103m, astfel c\u0103 aluminiul este pentru noi mai mult dec\u00e2t un produs stabil \u0219i u\u0219or. Este pasiunea noastr\u0103, motiva\u021bia care ne determin\u0103 s\u0103 inov\u0103m \u0219i care ne men\u021bine \u00een form\u0103.","robots":{"index":"index","follow":"follow","max-snippet":"max-snippet:-1","max-image-preview":"max-image-preview:large","max-video-preview":"max-video-preview:-1"},"canonical":"https:\/\/www.blecha.at\/ro\/compania\/","og_locale":"ro_RO","og_type":"article","og_title":"Compania | BLECHA","og_description":"Avem o leg\u0103tur\u0103 str\u00e2ns\u0103 cu materialul cu care lucr\u0103m, astfel c\u0103 aluminiul este pentru noi mai mult dec\u00e2t un produs stabil \u0219i u\u0219or. Este pasiunea noastr\u0103, motiva\u021bia care ne determin\u0103 s\u0103 inov\u0103m \u0219i care ne men\u021bine \u00een form\u0103.","og_url":"https:\/\/www.blecha.at\/ro\/compania\/","og_site_name":"BLECHA","article_modified_time":"2026-03-09T14:07:45+00:00","og_image":[{"width":2560,"height":1642,"url":"https:\/\/www.blecha.at\/wp-content\/uploads\/2021\/02\/blecha-unternehmen-auswahl-gebaeude-3-scaled.jpg","type":"image\/jpeg"}],"twitter_card":"summary_large_image","schema":{"@context":"https:\/\/schema.org","@graph":[{"@type":"WebPage","@id":"https:\/\/www.blecha.at\/ro\/compania\/","url":"https:\/\/www.blecha.at\/ro\/compania\/","name":"Compania | BLECHA","isPartOf":{"@id":"https:\/\/www.blecha.at\/#website"},"datePublished":"2020-10-05T10:42:32+00:00","dateModified":"2026-03-09T14:07:45+00:00","description":"Avem o leg\u0103tur\u0103 str\u00e2ns\u0103 cu materialul cu care lucr\u0103m, astfel c\u0103 aluminiul este pentru noi mai mult dec\u00e2t un produs stabil \u0219i u\u0219or. Este pasiunea noastr\u0103, motiva\u021bia care ne determin\u0103 s\u0103 inov\u0103m \u0219i care ne men\u021bine \u00een form\u0103.","breadcrumb":{"@id":"https:\/\/www.blecha.at\/ro\/compania\/#breadcrumb"},"inLanguage":"ro-RO","potentialAction":[{"@type":"ReadAction","target":["https:\/\/www.blecha.at\/ro\/compania\/"]}]},{"@type":"BreadcrumbList","@id":"https:\/\/www.blecha.at\/ro\/compania\/#breadcrumb","itemListElement":[{"@type":"ListItem","position":1,"name":"Home","item":"https:\/\/www.blecha.at\/ro\/"},{"@type":"ListItem","position":2,"name":"Unternehmen"}]},{"@type":"WebSite","@id":"https:\/\/www.blecha.at\/#website","url":"https:\/\/www.blecha.at\/","name":"BLECHA","description":"Eine weitere WordPress-Website","potentialAction":[{"@type":"SearchAction","target":{"@type":"EntryPoint","urlTemplate":"https:\/\/www.blecha.at\/?s={search_term_string}"},"query-input":{"@type":"PropertyValueSpecification","valueRequired":true,"valueName":"search_term_string"}}],"inLanguage":"ro-RO"}]}},"_links":{"self":[{"href":"https:\/\/www.blecha.at\/ro\/wp-json\/wp\/v2\/pages\/11503","targetHints":{"allow":["GET"]}}],"collection":[{"href":"https:\/\/www.blecha.at\/ro\/wp-json\/wp\/v2\/pages"}],"about":[{"href":"https:\/\/www.blecha.at\/ro\/wp-json\/wp\/v2\/types\/page"}],"author":[{"embeddable":true,"href":"https:\/\/www.blecha.at\/ro\/wp-json\/wp\/v2\/users\/2"}],"replies":[{"embeddable":true,"href":"https:\/\/www.blecha.at\/ro\/wp-json\/wp\/v2\/comments?post=11503"}],"version-history":[{"count":8,"href":"https:\/\/www.blecha.at\/ro\/wp-json\/wp\/v2\/pages\/11503\/revisions"}],"predecessor-version":[{"id":31947,"href":"https:\/\/www.blecha.at\/ro\/wp-json\/wp\/v2\/pages\/11503\/revisions\/31947"}],"wp:attachment":[{"href":"https:\/\/www.blecha.at\/ro\/wp-json\/wp\/v2\/media?parent=11503"}],"curies":[{"name":"wp","href":"https:\/\/api.w.org\/{rel}","templated":true}]}}