{"id":22287,"date":"2023-09-13T15:38:36","date_gmt":"2023-09-13T13:38:36","guid":{"rendered":"https:\/\/www.blecha.at\/?page_id=22287"},"modified":"2026-01-26T16:39:32","modified_gmt":"2026-01-26T15:39:32","slug":"protectii-solare-si-contra-insectelor","status":"publish","type":"page","link":"https:\/\/www.blecha.at\/ro\/produse\/profile-speciale\/protectii-solare-si-contra-insectelor\/","title":{"rendered":"Protec\u021bii solare \u0219i contra insectelor"},"content":{"rendered":"\n<h3 class=\"wp-block-heading\"><strong>Profiluri din aluminiu pentru protec\u021bie solar\u0103 \u0219i pentru plase \u00eempotriva insectelor &#8211; durabile, stabile \u0219i sustenabile<\/strong><\/h3>\n\n\n\n<p>Sistemele de protec\u021bie solar\u0103 \u0219i de protec\u021bie \u00eempotriva insectelor au devenit o parte integrant\u0103 a arhitecturii \u0219i construc\u021biilor moderne. Acestea nu numai c\u0103 ofer\u0103 protec\u021bie \u00eempotriva c\u0103ldurii, a orbirii \u0219i a insectelor, ci contribuie \u0219i la <strong>eficien\u021ba energetic\u0103<\/strong> \u0219i la <strong>calitatea vie\u021bii<\/strong>. Cu <strong>profilurile din aluminiu<\/strong> de calitate superioar\u0103 oferim solu\u021bii sustenabile, rezistente la intemperii \u0219i atractive din punct de vedere estetic pentru diverse domenii de aplicare &#8211; de la cl\u0103diri reziden\u021biale la propriet\u0103\u021bi comerciale \u0219i cl\u0103diri publice.<\/p>\n\n\n\n<p>\u00cen calitate de <strong>angrosist din sectorul aluminiului<\/strong> oferim o gam\u0103 ampl\u0103 de <strong>profiluri de aluminiu pentru protec\u021bie solar\u0103 \u0219i pentru plase pentru insecte<\/strong>, care se disting prin <strong>durabilitate, rezisten\u021b\u0103 la coroziune \u0219i versatilitate<\/strong>.<\/p>\n\n\n\n<h3 class=\"wp-block-heading\"><strong>Protec\u021bie solar\u0103 cu lamele din aluminiu \u0219i profiluri de sus\u021binere<\/strong><\/h3>\n\n\n\n<p>O protec\u021bie solar\u0103 eficient\u0103 nu numai c\u0103 reduce radia\u021bia termic\u0103, ci asigur\u0103 \u0219i un climat interior pl\u0103cut. <strong>Lamelele de aluminiu<\/strong> de la noi sunt alegerea ideal\u0103 pentru solu\u021bii individuale de protec\u021bie solar\u0103. Acestea sunt disponibile \u00een diferite <strong>dimensiuni \u0219i modele<\/strong> inclusiv popularele noastre <strong>lamele romboidale <\/strong>, care ofer\u0103 un aspect modern \u0219i elegant.<\/p>\n\n\n\n<p>Aceste lamele se utilizeaz\u0103 \u00een mod frecvent pentru <strong>umbrirea fa\u021badelor, pergole sau paravane de protec\u021bie a intimit\u0103\u021bii<\/strong>. Nu numai c\u0103 ofer\u0103 protec\u021bie \u00eempotriva radia\u021biei solare directe, ci sunt, de asemenea, \u0219i <strong>capabile de \u00eenc\u0103rcare static\u0103, u\u0219or de cur\u0103\u021bat \u0219i inoxidabile<\/strong>. Mul\u021bumit\u0103 materialului u\u0219or, dar stabil, lamelele din aluminiu sunt ideale \u0219i pentru construc\u021bii mai mari.<\/p>\n\n\n\n<p>Un alt produs esen\u021bial \u00een gama noastr\u0103 este <strong>profilul de sus\u021binere pentru acoperi\u0219uri<\/strong>. Se utilizeaz\u0103 \u00een mod frecvent pentru construc\u021bia de <strong>acoperi\u0219uri pentru terase, copertine sau verande<\/strong> \u0219i ofer\u0103 o baz\u0103 robust\u0103 pentru o mare varietate de construc\u021bii de acoperi\u0219uri.<\/p>\n\n\n\n<h3 class=\"wp-block-heading\"><strong>Protec\u021bie \u00eempotriva insectelor \u2013 solu\u021bii durabile din aluminiu<\/strong><\/h3>\n\n\n\n<p>Protec\u021bia fiabil\u0103 \u00eempotriva insectelor asigur\u0103 un confort sporit, \u00een special \u00een lunile c\u0103lduroase. <strong>Profilurile din aluminiu pentru plasele \u00eempotriva insectelor<\/strong> sunt ideale pentru construirea de rame, u\u0219i sau sisteme glisante .<\/p>\n\n\n\n<p>\u00cen timp ce multe sisteme de protec\u021bie \u00eempotriva insectelor sunt fabricate din plastic, aluminiul ofer\u0103 \u00een mod semnificativ mai mult\u0103 <strong>stabilitate, rezisten\u021b\u0103 la UV \u0219i durabilitate<\/strong>. Profilurile din aluminiu sunt, de asemenea, deosebit de u\u0219or de cur\u0103\u021bat \u0219i se integreaz\u0103 perfect \u00een arhitectura modern\u0103.<\/p>\n\n\n\n<h3 class=\"wp-block-heading\"><strong>Profiluri pentru rulouri \u2013 protec\u021bie \u00eempotriva soarelui, c\u0103ldurii \u0219i a privirilor indiscrete<\/strong><\/h3>\n\n\n\n<p><strong>Profilurile din aluminiu pentru rulouri<\/strong> sunt solu\u021bia perfect\u0103 pentru <strong>intimitate, izolare termic\u0103 \u0219i securitate suplimentar\u0103<\/strong>. \u00cen compara\u021bie cu rulourile din plastic, profilurile din aluminiu sunt semnificativ <strong>mai rezistente \u0219i mai durabile<\/strong>.<\/p>\n\n\n\n<p>Rulourile ofer\u0103 numeroase avantaje:<br><strong>Protec\u021bie solar\u0103<\/strong>: reduc radia\u021bia solar\u0103 direct\u0103 \u0219i asigur\u0103 un climat interior pl\u0103cut.<br><strong>Izola\u021bie termic\u0103<\/strong>: diminueaz\u0103 costurile prin reducerea costurilor de \u00eenc\u0103lzire \u0219i r\u0103cire.<br><strong>Siguran\u021b\u0103<\/strong>: fac efrac\u021biile mai dificile \u0219i protejeaz\u0103 \u00eempotriva privirilor curioase.<\/p>\n\n\n\n<h3 class=\"wp-block-heading\"><strong>Sustenabilitate \u0219i ecologie<\/strong><\/h3>\n\n\n\n<p>Aluminiul este un <strong>material deosebit de sustenabil<\/strong>, deoarece este reciclabil aproape \u00een propor\u021bie de <strong>100%<\/strong> f\u0103r\u0103 a-\u0219i pierde din calitate. Profilurile noastre din aluminiu nu numai c\u0103 ofer\u0103 o durat\u0103 lung\u0103 de via\u021b\u0103, dar sunt \u0219i o alternativ\u0103 mai ecologic\u0103 la solu\u021biile din plastic. Prin utilizarea materialelor de calitate superioar\u0103, contribuim \u00een mod activ la crearea unor solu\u021bii sustenabile \u0219i care economisesc resurse pentru protec\u021bia \u00eempotriva soarelui \u0219i a insectelor.<\/p>\n\n\n\n<h3 class=\"wp-block-heading\"><strong>BLECHA &#8211; Partenerul dumneavoastr\u0103 de \u00eencredere pentru profiluri din aluminiu<\/strong><\/h3>\n\n\n\n<p>Cu <strong>4 decenii de experien\u021b\u0103<\/strong> \u00een comer\u021bul cu aluminiu , oferim clien\u021bilor no\u0219tri o gam\u0103 <strong>larg\u0103 de profile de calitate superioar\u0103<\/strong> pentru o mare varietate de aplica\u021bii. Datorit\u0103 <strong>depozitului extins<\/strong> putem procesa comenzile rapid \u0219i flexibil.<\/p>\n\n\n\n<p><strong>Logistic\u0103 fiabil\u0103<\/strong>: ca urmare a cooper\u0103rii noastre cu <strong>firmele de transport \u0219i serviciile de colet\u0103rie, precum \u0219i a flotei noastre proprii de vehicule<\/strong>, ne asigur\u0103m c\u0103 comanda dvs. ajunge \u00een siguran\u021b\u0103 \u0219i la timp &#8211; at\u00e2t \u00een Austria, c\u00e2t \u0219i \u00een \u021b\u0103rile \u00eenvecinate.<\/p>\n\n\n\n<p>Indiferent dac\u0103 este vorba despre <strong>lamele de aluminiu pentru protec\u021bie solar\u0103, profiluri de protec\u021bie \u00eempotriva insectelor sau profiluri de obloane<\/strong> &#8211; la BLECHA ve\u021bi g\u0103si solu\u021biile de aluminiu potrivite pentru proiectele dumneavoastr\u0103. Contacta\u021bi-ne ast\u0103zi \u0219i l\u0103sa\u021bi-ne s\u0103 v\u0103 convingem cu gama noastr\u0103 ampl\u0103 de produse!<\/p>\n","protected":false},"excerpt":{"rendered":"Profiluri din aluminiu pentru protec\u021bie solar\u0103 \u0219i pentru plase \u00eempotriva insectelor &#8211; durabile, stabile \u0219i sustenabile Sistemele de protec\u021bie solar\u0103 \u0219i de protec\u021bie \u00eempotriva insectelor au devenit o parte integrant\u0103 a arhitecturii \u0219i construc\u021biilor moderne. Acestea nu numai c\u0103 ofer\u0103 protec\u021bie \u00eempotriva c\u0103ldurii, a orbirii \u0219i a insectelor, ci contribuie \u0219i la eficien\u021ba energetic\u0103 \u0219i [&hellip;]","protected":false},"author":2,"featured_media":0,"parent":5920,"menu_order":0,"comment_status":"closed","ping_status":"closed","template":"page-zaunsysteme-details.php","meta":{"_acf_changed":false,"footnotes":""},"class_list":["post-22287","page","type-page","status-publish","hentry"],"acf":[],"yoast_head":"<!-- This site is optimized with the Yoast SEO plugin v27.3 - https:\/\/yoast.com\/product\/yoast-seo-wordpress\/ -->\n<title>Protec\u021bii solare \u0219i contra insectelor | BLECHA ALUPROFILE<\/title>\n<meta name=\"description\" content=\"Descoperi\u021bi solu\u021biile noastre de \u00eenalt\u0103 calitate pentru protec\u021bia solar\u0103 \u0219i \u00eempotriva insectelor din aluminiu. Produsele noastre ofer\u0103 solu\u021bia ideal\u0103 pentru protec\u021bie solar\u0103 eficient\u0103 \u0219i protec\u021bie \u00eempotriva insectelor \u00een acela\u0219i timp.\" \/>\n<meta name=\"robots\" content=\"index, follow, max-snippet:-1, max-image-preview:large, max-video-preview:-1\" \/>\n<link rel=\"canonical\" href=\"https:\/\/www.blecha.at\/ro\/produse\/profile-speciale\/protectii-solare-si-contra-insectelor\/\" \/>\n<meta property=\"og:locale\" content=\"ro_RO\" \/>\n<meta property=\"og:type\" content=\"article\" \/>\n<meta property=\"og:title\" content=\"Protec\u021bii solare \u0219i contra insectelor | BLECHA ALUPROFILE\" \/>\n<meta property=\"og:description\" content=\"Descoperi\u021bi solu\u021biile noastre de \u00eenalt\u0103 calitate pentru protec\u021bia solar\u0103 \u0219i \u00eempotriva insectelor din aluminiu. Produsele noastre ofer\u0103 solu\u021bia ideal\u0103 pentru protec\u021bie solar\u0103 eficient\u0103 \u0219i protec\u021bie \u00eempotriva insectelor \u00een acela\u0219i timp.\" \/>\n<meta property=\"og:url\" content=\"https:\/\/www.blecha.at\/ro\/produse\/profile-speciale\/protectii-solare-si-contra-insectelor\/\" \/>\n<meta property=\"og:site_name\" content=\"BLECHA\" \/>\n<meta property=\"article:modified_time\" content=\"2026-01-26T15:39:32+00:00\" \/>\n<meta property=\"og:image\" content=\"https:\/\/www.blecha.at\/wp-content\/uploads\/2021\/02\/blecha-unternehmen-auswahl-gebaeude-3-scaled.jpg\" \/>\n\t<meta property=\"og:image:width\" content=\"2560\" \/>\n\t<meta property=\"og:image:height\" content=\"1642\" \/>\n\t<meta property=\"og:image:type\" content=\"image\/jpeg\" \/>\n<meta name=\"twitter:card\" content=\"summary_large_image\" \/>\n<meta name=\"twitter:label1\" content=\"Timp estimat pentru citire\" \/>\n\t<meta name=\"twitter:data1\" content=\"4 minute\" \/>\n<script type=\"application\/ld+json\" class=\"yoast-schema-graph\">{\"@context\":\"https:\\\/\\\/schema.org\",\"@graph\":[{\"@type\":\"WebPage\",\"@id\":\"https:\\\/\\\/www.blecha.at\\\/ro\\\/produse\\\/profile-speciale\\\/protectii-solare-si-contra-insectelor\\\/\",\"url\":\"https:\\\/\\\/www.blecha.at\\\/ro\\\/produse\\\/profile-speciale\\\/protectii-solare-si-contra-insectelor\\\/\",\"name\":\"Protec\u021bii solare \u0219i contra insectelor | BLECHA ALUPROFILE\",\"isPartOf\":{\"@id\":\"https:\\\/\\\/www.blecha.at\\\/#website\"},\"datePublished\":\"2023-09-13T13:38:36+00:00\",\"dateModified\":\"2026-01-26T15:39:32+00:00\",\"description\":\"Descoperi\u021bi solu\u021biile noastre de \u00eenalt\u0103 calitate pentru protec\u021bia solar\u0103 \u0219i \u00eempotriva insectelor din aluminiu. Produsele noastre ofer\u0103 solu\u021bia ideal\u0103 pentru protec\u021bie solar\u0103 eficient\u0103 \u0219i protec\u021bie \u00eempotriva insectelor \u00een acela\u0219i timp.\",\"breadcrumb\":{\"@id\":\"https:\\\/\\\/www.blecha.at\\\/ro\\\/produse\\\/profile-speciale\\\/protectii-solare-si-contra-insectelor\\\/#breadcrumb\"},\"inLanguage\":\"ro-RO\",\"potentialAction\":[{\"@type\":\"ReadAction\",\"target\":[\"https:\\\/\\\/www.blecha.at\\\/ro\\\/produse\\\/profile-speciale\\\/protectii-solare-si-contra-insectelor\\\/\"]}]},{\"@type\":\"BreadcrumbList\",\"@id\":\"https:\\\/\\\/www.blecha.at\\\/ro\\\/produse\\\/profile-speciale\\\/protectii-solare-si-contra-insectelor\\\/#breadcrumb\",\"itemListElement\":[{\"@type\":\"ListItem\",\"position\":1,\"name\":\"Home\",\"item\":\"https:\\\/\\\/www.blecha.at\\\/ro\\\/\"},{\"@type\":\"ListItem\",\"position\":2,\"name\":\"Produse\",\"item\":\"https:\\\/\\\/www.blecha.at\\\/ro\\\/produse\\\/\"},{\"@type\":\"ListItem\",\"position\":3,\"name\":\"Profile speciale\",\"item\":\"https:\\\/\\\/www.blecha.at\\\/ro\\\/produse\\\/profile-speciale\\\/\"},{\"@type\":\"ListItem\",\"position\":4,\"name\":\"Protec\u021bii solare \u0219i contra insectelor\"}]},{\"@type\":\"WebSite\",\"@id\":\"https:\\\/\\\/www.blecha.at\\\/#website\",\"url\":\"https:\\\/\\\/www.blecha.at\\\/\",\"name\":\"BLECHA\",\"description\":\"Eine weitere WordPress-Website\",\"potentialAction\":[{\"@type\":\"SearchAction\",\"target\":{\"@type\":\"EntryPoint\",\"urlTemplate\":\"https:\\\/\\\/www.blecha.at\\\/?s={search_term_string}\"},\"query-input\":{\"@type\":\"PropertyValueSpecification\",\"valueRequired\":true,\"valueName\":\"search_term_string\"}}],\"inLanguage\":\"ro-RO\"}]}<\/script>\n<!-- \/ Yoast SEO plugin. -->","yoast_head_json":{"title":"Protec\u021bii solare \u0219i contra insectelor | BLECHA ALUPROFILE","description":"Descoperi\u021bi solu\u021biile noastre de \u00eenalt\u0103 calitate pentru protec\u021bia solar\u0103 \u0219i \u00eempotriva insectelor din aluminiu. Produsele noastre ofer\u0103 solu\u021bia ideal\u0103 pentru protec\u021bie solar\u0103 eficient\u0103 \u0219i protec\u021bie \u00eempotriva insectelor \u00een acela\u0219i timp.","robots":{"index":"index","follow":"follow","max-snippet":"max-snippet:-1","max-image-preview":"max-image-preview:large","max-video-preview":"max-video-preview:-1"},"canonical":"https:\/\/www.blecha.at\/ro\/produse\/profile-speciale\/protectii-solare-si-contra-insectelor\/","og_locale":"ro_RO","og_type":"article","og_title":"Protec\u021bii solare \u0219i contra insectelor | BLECHA ALUPROFILE","og_description":"Descoperi\u021bi solu\u021biile noastre de \u00eenalt\u0103 calitate pentru protec\u021bia solar\u0103 \u0219i \u00eempotriva insectelor din aluminiu. Produsele noastre ofer\u0103 solu\u021bia ideal\u0103 pentru protec\u021bie solar\u0103 eficient\u0103 \u0219i protec\u021bie \u00eempotriva insectelor \u00een acela\u0219i timp.","og_url":"https:\/\/www.blecha.at\/ro\/produse\/profile-speciale\/protectii-solare-si-contra-insectelor\/","og_site_name":"BLECHA","article_modified_time":"2026-01-26T15:39:32+00:00","og_image":[{"width":2560,"height":1642,"url":"https:\/\/www.blecha.at\/wp-content\/uploads\/2021\/02\/blecha-unternehmen-auswahl-gebaeude-3-scaled.jpg","type":"image\/jpeg"}],"twitter_card":"summary_large_image","twitter_misc":{"Timp estimat pentru citire":"4 minute"},"schema":{"@context":"https:\/\/schema.org","@graph":[{"@type":"WebPage","@id":"https:\/\/www.blecha.at\/ro\/produse\/profile-speciale\/protectii-solare-si-contra-insectelor\/","url":"https:\/\/www.blecha.at\/ro\/produse\/profile-speciale\/protectii-solare-si-contra-insectelor\/","name":"Protec\u021bii solare \u0219i contra insectelor | BLECHA ALUPROFILE","isPartOf":{"@id":"https:\/\/www.blecha.at\/#website"},"datePublished":"2023-09-13T13:38:36+00:00","dateModified":"2026-01-26T15:39:32+00:00","description":"Descoperi\u021bi solu\u021biile noastre de \u00eenalt\u0103 calitate pentru protec\u021bia solar\u0103 \u0219i \u00eempotriva insectelor din aluminiu. Produsele noastre ofer\u0103 solu\u021bia ideal\u0103 pentru protec\u021bie solar\u0103 eficient\u0103 \u0219i protec\u021bie \u00eempotriva insectelor \u00een acela\u0219i timp.","breadcrumb":{"@id":"https:\/\/www.blecha.at\/ro\/produse\/profile-speciale\/protectii-solare-si-contra-insectelor\/#breadcrumb"},"inLanguage":"ro-RO","potentialAction":[{"@type":"ReadAction","target":["https:\/\/www.blecha.at\/ro\/produse\/profile-speciale\/protectii-solare-si-contra-insectelor\/"]}]},{"@type":"BreadcrumbList","@id":"https:\/\/www.blecha.at\/ro\/produse\/profile-speciale\/protectii-solare-si-contra-insectelor\/#breadcrumb","itemListElement":[{"@type":"ListItem","position":1,"name":"Home","item":"https:\/\/www.blecha.at\/ro\/"},{"@type":"ListItem","position":2,"name":"Produse","item":"https:\/\/www.blecha.at\/ro\/produse\/"},{"@type":"ListItem","position":3,"name":"Profile speciale","item":"https:\/\/www.blecha.at\/ro\/produse\/profile-speciale\/"},{"@type":"ListItem","position":4,"name":"Protec\u021bii solare \u0219i contra insectelor"}]},{"@type":"WebSite","@id":"https:\/\/www.blecha.at\/#website","url":"https:\/\/www.blecha.at\/","name":"BLECHA","description":"Eine weitere WordPress-Website","potentialAction":[{"@type":"SearchAction","target":{"@type":"EntryPoint","urlTemplate":"https:\/\/www.blecha.at\/?s={search_term_string}"},"query-input":{"@type":"PropertyValueSpecification","valueRequired":true,"valueName":"search_term_string"}}],"inLanguage":"ro-RO"}]}},"_links":{"self":[{"href":"https:\/\/www.blecha.at\/ro\/wp-json\/wp\/v2\/pages\/22287","targetHints":{"allow":["GET"]}}],"collection":[{"href":"https:\/\/www.blecha.at\/ro\/wp-json\/wp\/v2\/pages"}],"about":[{"href":"https:\/\/www.blecha.at\/ro\/wp-json\/wp\/v2\/types\/page"}],"author":[{"embeddable":true,"href":"https:\/\/www.blecha.at\/ro\/wp-json\/wp\/v2\/users\/2"}],"replies":[{"embeddable":true,"href":"https:\/\/www.blecha.at\/ro\/wp-json\/wp\/v2\/comments?post=22287"}],"version-history":[{"count":5,"href":"https:\/\/www.blecha.at\/ro\/wp-json\/wp\/v2\/pages\/22287\/revisions"}],"predecessor-version":[{"id":31812,"href":"https:\/\/www.blecha.at\/ro\/wp-json\/wp\/v2\/pages\/22287\/revisions\/31812"}],"up":[{"embeddable":true,"href":"https:\/\/www.blecha.at\/ro\/wp-json\/wp\/v2\/pages\/5920"}],"wp:attachment":[{"href":"https:\/\/www.blecha.at\/ro\/wp-json\/wp\/v2\/media?parent=22287"}],"curies":[{"name":"wp","href":"https:\/\/api.w.org\/{rel}","templated":true}]}}