{"id":22300,"date":"2023-09-13T15:30:17","date_gmt":"2023-09-13T13:30:17","guid":{"rendered":"https:\/\/www.blecha.at\/?page_id=22300"},"modified":"2026-01-26T16:27:18","modified_gmt":"2026-01-26T15:27:18","slug":"constructii-metalice","status":"publish","type":"page","link":"https:\/\/www.blecha.at\/ro\/produse\/profile-speciale\/constructii-metalice\/","title":{"rendered":"Construc\u021bii metalice"},"content":{"rendered":"","protected":false},"excerpt":{"rendered":"","protected":false},"author":2,"featured_media":0,"parent":5920,"menu_order":0,"comment_status":"closed","ping_status":"closed","template":"page-zaunsysteme-details.php","meta":{"_acf_changed":false,"footnotes":""},"class_list":["post-22300","page","type-page","status-publish","hentry"],"acf":[],"yoast_head":"<!-- This site is optimized with the Yoast SEO plugin v27.3 - https:\/\/yoast.com\/product\/yoast-seo-wordpress\/ -->\n<title>Construc\u021bii metalice | BLECHA Aluprofile<\/title>\n<meta name=\"description\" content=\"Gama noastr\u0103 larg\u0103 de profile ofer\u0103 solu\u021bia perfect\u0103 pentru construc\u021bii metalice. Indiferent dac\u0103 ave\u021bi nevoie de profile de placare, profile de intimitate, profile semi-circulare, profile de band\u0103 pliabile, profile de margine de perete, profile de rulouri, profile omega, benzi de acoperire, sc\u00e2nduri de pardoseal\u0103, profile U, profile de margine, profile H, T- profile sau profile pentru marginea gazonului, ve\u021bi g\u0103si la noi ceea ce c\u0103uta\u021bi.\" \/>\n<meta name=\"robots\" content=\"index, follow, max-snippet:-1, max-image-preview:large, max-video-preview:-1\" \/>\n<link rel=\"canonical\" href=\"https:\/\/www.blecha.at\/ro\/produse\/profile-speciale\/constructii-metalice\/\" \/>\n<meta property=\"og:locale\" content=\"ro_RO\" \/>\n<meta property=\"og:type\" content=\"article\" \/>\n<meta property=\"og:title\" content=\"Construc\u021bii metalice | BLECHA Aluprofile\" \/>\n<meta property=\"og:description\" content=\"Gama noastr\u0103 larg\u0103 de profile ofer\u0103 solu\u021bia perfect\u0103 pentru construc\u021bii metalice. Indiferent dac\u0103 ave\u021bi nevoie de profile de placare, profile de intimitate, profile semi-circulare, profile de band\u0103 pliabile, profile de margine de perete, profile de rulouri, profile omega, benzi de acoperire, sc\u00e2nduri de pardoseal\u0103, profile U, profile de margine, profile H, T- profile sau profile pentru marginea gazonului, ve\u021bi g\u0103si la noi ceea ce c\u0103uta\u021bi.\" \/>\n<meta property=\"og:url\" content=\"https:\/\/www.blecha.at\/ro\/produse\/profile-speciale\/constructii-metalice\/\" \/>\n<meta property=\"og:site_name\" content=\"BLECHA\" \/>\n<meta property=\"article:modified_time\" content=\"2026-01-26T15:27:18+00:00\" \/>\n<meta property=\"og:image\" content=\"https:\/\/www.blecha.at\/wp-content\/uploads\/2021\/02\/blecha-unternehmen-auswahl-gebaeude-3-scaled.jpg\" \/>\n\t<meta property=\"og:image:width\" content=\"2560\" \/>\n\t<meta property=\"og:image:height\" content=\"1642\" \/>\n\t<meta property=\"og:image:type\" content=\"image\/jpeg\" \/>\n<meta name=\"twitter:card\" content=\"summary_large_image\" \/>\n<script type=\"application\/ld+json\" class=\"yoast-schema-graph\">{\"@context\":\"https:\\\/\\\/schema.org\",\"@graph\":[{\"@type\":\"WebPage\",\"@id\":\"https:\\\/\\\/www.blecha.at\\\/ro\\\/produse\\\/profile-speciale\\\/constructii-metalice\\\/\",\"url\":\"https:\\\/\\\/www.blecha.at\\\/ro\\\/produse\\\/profile-speciale\\\/constructii-metalice\\\/\",\"name\":\"Construc\u021bii metalice | BLECHA Aluprofile\",\"isPartOf\":{\"@id\":\"https:\\\/\\\/www.blecha.at\\\/#website\"},\"datePublished\":\"2023-09-13T13:30:17+00:00\",\"dateModified\":\"2026-01-26T15:27:18+00:00\",\"description\":\"Gama noastr\u0103 larg\u0103 de profile ofer\u0103 solu\u021bia perfect\u0103 pentru construc\u021bii metalice. Indiferent dac\u0103 ave\u021bi nevoie de profile de placare, profile de intimitate, profile semi-circulare, profile de band\u0103 pliabile, profile de margine de perete, profile de rulouri, profile omega, benzi de acoperire, sc\u00e2nduri de pardoseal\u0103, profile U, profile de margine, profile H, T- profile sau profile pentru marginea gazonului, ve\u021bi g\u0103si la noi ceea ce c\u0103uta\u021bi.\",\"breadcrumb\":{\"@id\":\"https:\\\/\\\/www.blecha.at\\\/ro\\\/produse\\\/profile-speciale\\\/constructii-metalice\\\/#breadcrumb\"},\"inLanguage\":\"ro-RO\",\"potentialAction\":[{\"@type\":\"ReadAction\",\"target\":[\"https:\\\/\\\/www.blecha.at\\\/ro\\\/produse\\\/profile-speciale\\\/constructii-metalice\\\/\"]}]},{\"@type\":\"BreadcrumbList\",\"@id\":\"https:\\\/\\\/www.blecha.at\\\/ro\\\/produse\\\/profile-speciale\\\/constructii-metalice\\\/#breadcrumb\",\"itemListElement\":[{\"@type\":\"ListItem\",\"position\":1,\"name\":\"Home\",\"item\":\"https:\\\/\\\/www.blecha.at\\\/ro\\\/\"},{\"@type\":\"ListItem\",\"position\":2,\"name\":\"Produse\",\"item\":\"https:\\\/\\\/www.blecha.at\\\/ro\\\/produse\\\/\"},{\"@type\":\"ListItem\",\"position\":3,\"name\":\"Profile speciale\",\"item\":\"https:\\\/\\\/www.blecha.at\\\/ro\\\/produse\\\/profile-speciale\\\/\"},{\"@type\":\"ListItem\",\"position\":4,\"name\":\"Construc\u021bii metalice\"}]},{\"@type\":\"WebSite\",\"@id\":\"https:\\\/\\\/www.blecha.at\\\/#website\",\"url\":\"https:\\\/\\\/www.blecha.at\\\/\",\"name\":\"BLECHA\",\"description\":\"Eine weitere WordPress-Website\",\"potentialAction\":[{\"@type\":\"SearchAction\",\"target\":{\"@type\":\"EntryPoint\",\"urlTemplate\":\"https:\\\/\\\/www.blecha.at\\\/?s={search_term_string}\"},\"query-input\":{\"@type\":\"PropertyValueSpecification\",\"valueRequired\":true,\"valueName\":\"search_term_string\"}}],\"inLanguage\":\"ro-RO\"}]}<\/script>\n<!-- \/ Yoast SEO plugin. -->","yoast_head_json":{"title":"Construc\u021bii metalice | BLECHA Aluprofile","description":"Gama noastr\u0103 larg\u0103 de profile ofer\u0103 solu\u021bia perfect\u0103 pentru construc\u021bii metalice. Indiferent dac\u0103 ave\u021bi nevoie de profile de placare, profile de intimitate, profile semi-circulare, profile de band\u0103 pliabile, profile de margine de perete, profile de rulouri, profile omega, benzi de acoperire, sc\u00e2nduri de pardoseal\u0103, profile U, profile de margine, profile H, T- profile sau profile pentru marginea gazonului, ve\u021bi g\u0103si la noi ceea ce c\u0103uta\u021bi.","robots":{"index":"index","follow":"follow","max-snippet":"max-snippet:-1","max-image-preview":"max-image-preview:large","max-video-preview":"max-video-preview:-1"},"canonical":"https:\/\/www.blecha.at\/ro\/produse\/profile-speciale\/constructii-metalice\/","og_locale":"ro_RO","og_type":"article","og_title":"Construc\u021bii metalice | BLECHA Aluprofile","og_description":"Gama noastr\u0103 larg\u0103 de profile ofer\u0103 solu\u021bia perfect\u0103 pentru construc\u021bii metalice. Indiferent dac\u0103 ave\u021bi nevoie de profile de placare, profile de intimitate, profile semi-circulare, profile de band\u0103 pliabile, profile de margine de perete, profile de rulouri, profile omega, benzi de acoperire, sc\u00e2nduri de pardoseal\u0103, profile U, profile de margine, profile H, T- profile sau profile pentru marginea gazonului, ve\u021bi g\u0103si la noi ceea ce c\u0103uta\u021bi.","og_url":"https:\/\/www.blecha.at\/ro\/produse\/profile-speciale\/constructii-metalice\/","og_site_name":"BLECHA","article_modified_time":"2026-01-26T15:27:18+00:00","og_image":[{"width":2560,"height":1642,"url":"https:\/\/www.blecha.at\/wp-content\/uploads\/2021\/02\/blecha-unternehmen-auswahl-gebaeude-3-scaled.jpg","type":"image\/jpeg"}],"twitter_card":"summary_large_image","schema":{"@context":"https:\/\/schema.org","@graph":[{"@type":"WebPage","@id":"https:\/\/www.blecha.at\/ro\/produse\/profile-speciale\/constructii-metalice\/","url":"https:\/\/www.blecha.at\/ro\/produse\/profile-speciale\/constructii-metalice\/","name":"Construc\u021bii metalice | BLECHA Aluprofile","isPartOf":{"@id":"https:\/\/www.blecha.at\/#website"},"datePublished":"2023-09-13T13:30:17+00:00","dateModified":"2026-01-26T15:27:18+00:00","description":"Gama noastr\u0103 larg\u0103 de profile ofer\u0103 solu\u021bia perfect\u0103 pentru construc\u021bii metalice. Indiferent dac\u0103 ave\u021bi nevoie de profile de placare, profile de intimitate, profile semi-circulare, profile de band\u0103 pliabile, profile de margine de perete, profile de rulouri, profile omega, benzi de acoperire, sc\u00e2nduri de pardoseal\u0103, profile U, profile de margine, profile H, T- profile sau profile pentru marginea gazonului, ve\u021bi g\u0103si la noi ceea ce c\u0103uta\u021bi.","breadcrumb":{"@id":"https:\/\/www.blecha.at\/ro\/produse\/profile-speciale\/constructii-metalice\/#breadcrumb"},"inLanguage":"ro-RO","potentialAction":[{"@type":"ReadAction","target":["https:\/\/www.blecha.at\/ro\/produse\/profile-speciale\/constructii-metalice\/"]}]},{"@type":"BreadcrumbList","@id":"https:\/\/www.blecha.at\/ro\/produse\/profile-speciale\/constructii-metalice\/#breadcrumb","itemListElement":[{"@type":"ListItem","position":1,"name":"Home","item":"https:\/\/www.blecha.at\/ro\/"},{"@type":"ListItem","position":2,"name":"Produse","item":"https:\/\/www.blecha.at\/ro\/produse\/"},{"@type":"ListItem","position":3,"name":"Profile speciale","item":"https:\/\/www.blecha.at\/ro\/produse\/profile-speciale\/"},{"@type":"ListItem","position":4,"name":"Construc\u021bii metalice"}]},{"@type":"WebSite","@id":"https:\/\/www.blecha.at\/#website","url":"https:\/\/www.blecha.at\/","name":"BLECHA","description":"Eine weitere WordPress-Website","potentialAction":[{"@type":"SearchAction","target":{"@type":"EntryPoint","urlTemplate":"https:\/\/www.blecha.at\/?s={search_term_string}"},"query-input":{"@type":"PropertyValueSpecification","valueRequired":true,"valueName":"search_term_string"}}],"inLanguage":"ro-RO"}]}},"_links":{"self":[{"href":"https:\/\/www.blecha.at\/ro\/wp-json\/wp\/v2\/pages\/22300","targetHints":{"allow":["GET"]}}],"collection":[{"href":"https:\/\/www.blecha.at\/ro\/wp-json\/wp\/v2\/pages"}],"about":[{"href":"https:\/\/www.blecha.at\/ro\/wp-json\/wp\/v2\/types\/page"}],"author":[{"embeddable":true,"href":"https:\/\/www.blecha.at\/ro\/wp-json\/wp\/v2\/users\/2"}],"replies":[{"embeddable":true,"href":"https:\/\/www.blecha.at\/ro\/wp-json\/wp\/v2\/comments?post=22300"}],"version-history":[{"count":8,"href":"https:\/\/www.blecha.at\/ro\/wp-json\/wp\/v2\/pages\/22300\/revisions"}],"predecessor-version":[{"id":31784,"href":"https:\/\/www.blecha.at\/ro\/wp-json\/wp\/v2\/pages\/22300\/revisions\/31784"}],"up":[{"embeddable":true,"href":"https:\/\/www.blecha.at\/ro\/wp-json\/wp\/v2\/pages\/5920"}],"wp:attachment":[{"href":"https:\/\/www.blecha.at\/ro\/wp-json\/wp\/v2\/media?parent=22300"}],"curies":[{"name":"wp","href":"https:\/\/api.w.org\/{rel}","templated":true}]}}