{"id":22443,"date":"2023-01-11T13:31:54","date_gmt":"2023-01-11T12:31:54","guid":{"rendered":"https:\/\/www.blecha.at\/?page_id=22443"},"modified":"2024-02-02T12:13:52","modified_gmt":"2024-02-02T11:13:52","slug":"piese-filetate","status":"publish","type":"page","link":"https:\/\/www.blecha.at\/ro\/produse\/fittings\/piese-filetate\/","title":{"rendered":"Piese filetate"},"content":{"rendered":"","protected":false},"excerpt":{"rendered":"","protected":false},"author":2,"featured_media":0,"parent":26624,"menu_order":0,"comment_status":"closed","ping_status":"closed","template":"page-zaunsysteme-details.php","meta":{"_acf_changed":false,"footnotes":""},"class_list":["post-22443","page","type-page","status-publish","hentry"],"acf":[],"yoast_head":"<!-- This site is optimized with the Yoast SEO plugin v27.3 - https:\/\/yoast.com\/product\/yoast-seo-wordpress\/ -->\n<title>Piese filetate | BLECHA Aluprofil<\/title>\n<meta name=\"description\" content=\"Descoperi\u021bi fitingurile noastre filetate din aluminiu de \u00eenalt\u0103 calitate. Fitingurile noastre filetate din aluminiu sunt solu\u021bia ideal\u0103 pentru sistemele de conducte \u0219i structurile \u00een care sunt necesare conexiuni filetate fiabile. Oferim o gam\u0103 larg\u0103 de fitinguri filetate, inclusiv man\u0219oane, nipluri, nipluri sudate, prize sudate, mufe filetate \u0219i multe altele\" \/>\n<meta name=\"robots\" content=\"index, follow, max-snippet:-1, max-image-preview:large, max-video-preview:-1\" \/>\n<link rel=\"canonical\" href=\"https:\/\/www.blecha.at\/ro\/produse\/fittings\/piese-filetate\/\" \/>\n<meta property=\"og:locale\" content=\"ro_RO\" \/>\n<meta property=\"og:type\" content=\"article\" \/>\n<meta property=\"og:title\" content=\"Piese filetate | BLECHA Aluprofil\" \/>\n<meta property=\"og:description\" content=\"Descoperi\u021bi fitingurile noastre filetate din aluminiu de \u00eenalt\u0103 calitate. Fitingurile noastre filetate din aluminiu sunt solu\u021bia ideal\u0103 pentru sistemele de conducte \u0219i structurile \u00een care sunt necesare conexiuni filetate fiabile. Oferim o gam\u0103 larg\u0103 de fitinguri filetate, inclusiv man\u0219oane, nipluri, nipluri sudate, prize sudate, mufe filetate \u0219i multe altele\" \/>\n<meta property=\"og:url\" content=\"https:\/\/www.blecha.at\/ro\/produse\/fittings\/piese-filetate\/\" \/>\n<meta property=\"og:site_name\" content=\"BLECHA\" \/>\n<meta property=\"article:modified_time\" content=\"2024-02-02T11:13:52+00:00\" \/>\n<meta property=\"og:image\" content=\"https:\/\/www.blecha.at\/wp-content\/uploads\/2021\/02\/blecha-unternehmen-auswahl-gebaeude-3-scaled.jpg\" \/>\n\t<meta property=\"og:image:width\" content=\"2560\" \/>\n\t<meta property=\"og:image:height\" content=\"1642\" \/>\n\t<meta property=\"og:image:type\" content=\"image\/jpeg\" \/>\n<meta name=\"twitter:card\" content=\"summary_large_image\" \/>\n<script type=\"application\/ld+json\" class=\"yoast-schema-graph\">{\"@context\":\"https:\\\/\\\/schema.org\",\"@graph\":[{\"@type\":\"WebPage\",\"@id\":\"https:\\\/\\\/www.blecha.at\\\/ro\\\/produse\\\/fittings\\\/piese-filetate\\\/\",\"url\":\"https:\\\/\\\/www.blecha.at\\\/ro\\\/produse\\\/fittings\\\/piese-filetate\\\/\",\"name\":\"Piese filetate | BLECHA Aluprofil\",\"isPartOf\":{\"@id\":\"https:\\\/\\\/www.blecha.at\\\/#website\"},\"datePublished\":\"2023-01-11T12:31:54+00:00\",\"dateModified\":\"2024-02-02T11:13:52+00:00\",\"description\":\"Descoperi\u021bi fitingurile noastre filetate din aluminiu de \u00eenalt\u0103 calitate. Fitingurile noastre filetate din aluminiu sunt solu\u021bia ideal\u0103 pentru sistemele de conducte \u0219i structurile \u00een care sunt necesare conexiuni filetate fiabile. Oferim o gam\u0103 larg\u0103 de fitinguri filetate, inclusiv man\u0219oane, nipluri, nipluri sudate, prize sudate, mufe filetate \u0219i multe altele\",\"breadcrumb\":{\"@id\":\"https:\\\/\\\/www.blecha.at\\\/ro\\\/produse\\\/fittings\\\/piese-filetate\\\/#breadcrumb\"},\"inLanguage\":\"ro-RO\",\"potentialAction\":[{\"@type\":\"ReadAction\",\"target\":[\"https:\\\/\\\/www.blecha.at\\\/ro\\\/produse\\\/fittings\\\/piese-filetate\\\/\"]}]},{\"@type\":\"BreadcrumbList\",\"@id\":\"https:\\\/\\\/www.blecha.at\\\/ro\\\/produse\\\/fittings\\\/piese-filetate\\\/#breadcrumb\",\"itemListElement\":[{\"@type\":\"ListItem\",\"position\":1,\"name\":\"Home\",\"item\":\"https:\\\/\\\/www.blecha.at\\\/ro\\\/\"},{\"@type\":\"ListItem\",\"position\":2,\"name\":\"Produse\",\"item\":\"https:\\\/\\\/www.blecha.at\\\/ro\\\/produse\\\/\"},{\"@type\":\"ListItem\",\"position\":3,\"name\":\"Fitinguri\",\"item\":\"https:\\\/\\\/www.blecha.at\\\/ro\\\/produse\\\/fittings\\\/\"},{\"@type\":\"ListItem\",\"position\":4,\"name\":\"Piese filetate\"}]},{\"@type\":\"WebSite\",\"@id\":\"https:\\\/\\\/www.blecha.at\\\/#website\",\"url\":\"https:\\\/\\\/www.blecha.at\\\/\",\"name\":\"BLECHA\",\"description\":\"Eine weitere WordPress-Website\",\"potentialAction\":[{\"@type\":\"SearchAction\",\"target\":{\"@type\":\"EntryPoint\",\"urlTemplate\":\"https:\\\/\\\/www.blecha.at\\\/?s={search_term_string}\"},\"query-input\":{\"@type\":\"PropertyValueSpecification\",\"valueRequired\":true,\"valueName\":\"search_term_string\"}}],\"inLanguage\":\"ro-RO\"}]}<\/script>\n<!-- \/ Yoast SEO plugin. -->","yoast_head_json":{"title":"Piese filetate | BLECHA Aluprofil","description":"Descoperi\u021bi fitingurile noastre filetate din aluminiu de \u00eenalt\u0103 calitate. Fitingurile noastre filetate din aluminiu sunt solu\u021bia ideal\u0103 pentru sistemele de conducte \u0219i structurile \u00een care sunt necesare conexiuni filetate fiabile. Oferim o gam\u0103 larg\u0103 de fitinguri filetate, inclusiv man\u0219oane, nipluri, nipluri sudate, prize sudate, mufe filetate \u0219i multe altele","robots":{"index":"index","follow":"follow","max-snippet":"max-snippet:-1","max-image-preview":"max-image-preview:large","max-video-preview":"max-video-preview:-1"},"canonical":"https:\/\/www.blecha.at\/ro\/produse\/fittings\/piese-filetate\/","og_locale":"ro_RO","og_type":"article","og_title":"Piese filetate | BLECHA Aluprofil","og_description":"Descoperi\u021bi fitingurile noastre filetate din aluminiu de \u00eenalt\u0103 calitate. Fitingurile noastre filetate din aluminiu sunt solu\u021bia ideal\u0103 pentru sistemele de conducte \u0219i structurile \u00een care sunt necesare conexiuni filetate fiabile. Oferim o gam\u0103 larg\u0103 de fitinguri filetate, inclusiv man\u0219oane, nipluri, nipluri sudate, prize sudate, mufe filetate \u0219i multe altele","og_url":"https:\/\/www.blecha.at\/ro\/produse\/fittings\/piese-filetate\/","og_site_name":"BLECHA","article_modified_time":"2024-02-02T11:13:52+00:00","og_image":[{"width":2560,"height":1642,"url":"https:\/\/www.blecha.at\/wp-content\/uploads\/2021\/02\/blecha-unternehmen-auswahl-gebaeude-3-scaled.jpg","type":"image\/jpeg"}],"twitter_card":"summary_large_image","schema":{"@context":"https:\/\/schema.org","@graph":[{"@type":"WebPage","@id":"https:\/\/www.blecha.at\/ro\/produse\/fittings\/piese-filetate\/","url":"https:\/\/www.blecha.at\/ro\/produse\/fittings\/piese-filetate\/","name":"Piese filetate | BLECHA Aluprofil","isPartOf":{"@id":"https:\/\/www.blecha.at\/#website"},"datePublished":"2023-01-11T12:31:54+00:00","dateModified":"2024-02-02T11:13:52+00:00","description":"Descoperi\u021bi fitingurile noastre filetate din aluminiu de \u00eenalt\u0103 calitate. Fitingurile noastre filetate din aluminiu sunt solu\u021bia ideal\u0103 pentru sistemele de conducte \u0219i structurile \u00een care sunt necesare conexiuni filetate fiabile. Oferim o gam\u0103 larg\u0103 de fitinguri filetate, inclusiv man\u0219oane, nipluri, nipluri sudate, prize sudate, mufe filetate \u0219i multe altele","breadcrumb":{"@id":"https:\/\/www.blecha.at\/ro\/produse\/fittings\/piese-filetate\/#breadcrumb"},"inLanguage":"ro-RO","potentialAction":[{"@type":"ReadAction","target":["https:\/\/www.blecha.at\/ro\/produse\/fittings\/piese-filetate\/"]}]},{"@type":"BreadcrumbList","@id":"https:\/\/www.blecha.at\/ro\/produse\/fittings\/piese-filetate\/#breadcrumb","itemListElement":[{"@type":"ListItem","position":1,"name":"Home","item":"https:\/\/www.blecha.at\/ro\/"},{"@type":"ListItem","position":2,"name":"Produse","item":"https:\/\/www.blecha.at\/ro\/produse\/"},{"@type":"ListItem","position":3,"name":"Fitinguri","item":"https:\/\/www.blecha.at\/ro\/produse\/fittings\/"},{"@type":"ListItem","position":4,"name":"Piese filetate"}]},{"@type":"WebSite","@id":"https:\/\/www.blecha.at\/#website","url":"https:\/\/www.blecha.at\/","name":"BLECHA","description":"Eine weitere WordPress-Website","potentialAction":[{"@type":"SearchAction","target":{"@type":"EntryPoint","urlTemplate":"https:\/\/www.blecha.at\/?s={search_term_string}"},"query-input":{"@type":"PropertyValueSpecification","valueRequired":true,"valueName":"search_term_string"}}],"inLanguage":"ro-RO"}]}},"_links":{"self":[{"href":"https:\/\/www.blecha.at\/ro\/wp-json\/wp\/v2\/pages\/22443","targetHints":{"allow":["GET"]}}],"collection":[{"href":"https:\/\/www.blecha.at\/ro\/wp-json\/wp\/v2\/pages"}],"about":[{"href":"https:\/\/www.blecha.at\/ro\/wp-json\/wp\/v2\/types\/page"}],"author":[{"embeddable":true,"href":"https:\/\/www.blecha.at\/ro\/wp-json\/wp\/v2\/users\/2"}],"replies":[{"embeddable":true,"href":"https:\/\/www.blecha.at\/ro\/wp-json\/wp\/v2\/comments?post=22443"}],"version-history":[{"count":9,"href":"https:\/\/www.blecha.at\/ro\/wp-json\/wp\/v2\/pages\/22443\/revisions"}],"predecessor-version":[{"id":26944,"href":"https:\/\/www.blecha.at\/ro\/wp-json\/wp\/v2\/pages\/22443\/revisions\/26944"}],"up":[{"embeddable":true,"href":"https:\/\/www.blecha.at\/ro\/wp-json\/wp\/v2\/pages\/26624"}],"wp:attachment":[{"href":"https:\/\/www.blecha.at\/ro\/wp-json\/wp\/v2\/media?parent=22443"}],"curies":[{"name":"wp","href":"https:\/\/api.w.org\/{rel}","templated":true}]}}