{"id":24177,"date":"2023-09-13T17:05:51","date_gmt":"2023-09-13T15:05:51","guid":{"rendered":"https:\/\/www.blecha.at\/produse\/foi-si-placi\/bleche-und-platten\/"},"modified":"2024-06-27T21:08:46","modified_gmt":"2024-06-27T19:08:46","slug":"table-si-placi","status":"publish","type":"page","link":"https:\/\/www.blecha.at\/ro\/produse\/foi-si-placi\/table-si-placi\/","title":{"rendered":"Table \u0219i pl\u0103ci"},"content":{"rendered":"","protected":false},"excerpt":{"rendered":"","protected":false},"author":2,"featured_media":0,"parent":5602,"menu_order":0,"comment_status":"closed","ping_status":"closed","template":"page-zaunsysteme-details.php","meta":{"_acf_changed":false,"footnotes":""},"class_list":["post-24177","page","type-page","status-publish","hentry"],"acf":[],"yoast_head":"<!-- This site is optimized with the Yoast SEO plugin v27.3 - https:\/\/yoast.com\/product\/yoast-seo-wordpress\/ -->\n<title>Table \u0219i pl\u0103ci | BLECHA Aluprofil<\/title>\n<meta name=\"description\" content=\"Comercializ\u0103m o gam\u0103 larg\u0103 de table din aluminiu. La noi ve\u021bi g\u0103si ceea ce c\u0103uta\u021bi, indiferent c\u0103 este vorba despre table sau pl\u0103ci din aluminiu, table netede, table striate (table pentru trepte, table ondulate), table din aluminiu pur sau aliaje de aluminiu cu magneziu, table eloxate \u0219i vopsite cu pulbere, tabl\u0103 perforat\u0103 (perforare p\u0103trat\u0103 \u0219i perforare rotund\u0103) \u00een formatele 2000 x 1000 mm, 2500 x 1250 mm, 3000 x 1500 mm \u0219i inclusiv 4000 x 2000 mm. Vom sintetiza comanda dvs. pentru table \u0219i pl\u0103ci cu comanda profilurilor.\" \/>\n<meta name=\"robots\" content=\"index, follow, max-snippet:-1, max-image-preview:large, max-video-preview:-1\" \/>\n<link rel=\"canonical\" href=\"https:\/\/www.blecha.at\/ro\/produse\/foi-si-placi\/table-si-placi\/\" \/>\n<meta property=\"og:locale\" content=\"ro_RO\" \/>\n<meta property=\"og:type\" content=\"article\" \/>\n<meta property=\"og:title\" content=\"Table \u0219i pl\u0103ci | BLECHA Aluprofil\" \/>\n<meta property=\"og:description\" content=\"Comercializ\u0103m o gam\u0103 larg\u0103 de table din aluminiu. La noi ve\u021bi g\u0103si ceea ce c\u0103uta\u021bi, indiferent c\u0103 este vorba despre table sau pl\u0103ci din aluminiu, table netede, table striate (table pentru trepte, table ondulate), table din aluminiu pur sau aliaje de aluminiu cu magneziu, table eloxate \u0219i vopsite cu pulbere, tabl\u0103 perforat\u0103 (perforare p\u0103trat\u0103 \u0219i perforare rotund\u0103) \u00een formatele 2000 x 1000 mm, 2500 x 1250 mm, 3000 x 1500 mm \u0219i inclusiv 4000 x 2000 mm. Vom sintetiza comanda dvs. pentru table \u0219i pl\u0103ci cu comanda profilurilor.\" \/>\n<meta property=\"og:url\" content=\"https:\/\/www.blecha.at\/ro\/produse\/foi-si-placi\/table-si-placi\/\" \/>\n<meta property=\"og:site_name\" content=\"BLECHA\" \/>\n<meta property=\"article:modified_time\" content=\"2024-06-27T19:08:46+00:00\" \/>\n<meta property=\"og:image\" content=\"https:\/\/www.blecha.at\/wp-content\/uploads\/2021\/02\/blecha-unternehmen-auswahl-gebaeude-3-scaled.jpg\" \/>\n\t<meta property=\"og:image:width\" content=\"2560\" \/>\n\t<meta property=\"og:image:height\" content=\"1642\" \/>\n\t<meta property=\"og:image:type\" content=\"image\/jpeg\" \/>\n<meta name=\"twitter:card\" content=\"summary_large_image\" \/>\n<script type=\"application\/ld+json\" class=\"yoast-schema-graph\">{\"@context\":\"https:\\\/\\\/schema.org\",\"@graph\":[{\"@type\":\"WebPage\",\"@id\":\"https:\\\/\\\/www.blecha.at\\\/ro\\\/produse\\\/foi-si-placi\\\/table-si-placi\\\/\",\"url\":\"https:\\\/\\\/www.blecha.at\\\/ro\\\/produse\\\/foi-si-placi\\\/table-si-placi\\\/\",\"name\":\"Table \u0219i pl\u0103ci | BLECHA Aluprofil\",\"isPartOf\":{\"@id\":\"https:\\\/\\\/www.blecha.at\\\/#website\"},\"datePublished\":\"2023-09-13T15:05:51+00:00\",\"dateModified\":\"2024-06-27T19:08:46+00:00\",\"description\":\"Comercializ\u0103m o gam\u0103 larg\u0103 de table din aluminiu. La noi ve\u021bi g\u0103si ceea ce c\u0103uta\u021bi, indiferent c\u0103 este vorba despre table sau pl\u0103ci din aluminiu, table netede, table striate (table pentru trepte, table ondulate), table din aluminiu pur sau aliaje de aluminiu cu magneziu, table eloxate \u0219i vopsite cu pulbere, tabl\u0103 perforat\u0103 (perforare p\u0103trat\u0103 \u0219i perforare rotund\u0103) \u00een formatele 2000 x 1000 mm, 2500 x 1250 mm, 3000 x 1500 mm \u0219i inclusiv 4000 x 2000 mm. Vom sintetiza comanda dvs. pentru table \u0219i pl\u0103ci cu comanda profilurilor.\",\"breadcrumb\":{\"@id\":\"https:\\\/\\\/www.blecha.at\\\/ro\\\/produse\\\/foi-si-placi\\\/table-si-placi\\\/#breadcrumb\"},\"inLanguage\":\"ro-RO\",\"potentialAction\":[{\"@type\":\"ReadAction\",\"target\":[\"https:\\\/\\\/www.blecha.at\\\/ro\\\/produse\\\/foi-si-placi\\\/table-si-placi\\\/\"]}]},{\"@type\":\"BreadcrumbList\",\"@id\":\"https:\\\/\\\/www.blecha.at\\\/ro\\\/produse\\\/foi-si-placi\\\/table-si-placi\\\/#breadcrumb\",\"itemListElement\":[{\"@type\":\"ListItem\",\"position\":1,\"name\":\"Home\",\"item\":\"https:\\\/\\\/www.blecha.at\\\/ro\\\/\"},{\"@type\":\"ListItem\",\"position\":2,\"name\":\"Produse\",\"item\":\"https:\\\/\\\/www.blecha.at\\\/ro\\\/produse\\\/\"},{\"@type\":\"ListItem\",\"position\":3,\"name\":\"Foi \u0219i pl\u0103ci\",\"item\":\"https:\\\/\\\/www.blecha.at\\\/ro\\\/produse\\\/foi-si-placi\\\/\"},{\"@type\":\"ListItem\",\"position\":4,\"name\":\"Table \u0219i pl\u0103ci\"}]},{\"@type\":\"WebSite\",\"@id\":\"https:\\\/\\\/www.blecha.at\\\/#website\",\"url\":\"https:\\\/\\\/www.blecha.at\\\/\",\"name\":\"BLECHA\",\"description\":\"Eine weitere WordPress-Website\",\"potentialAction\":[{\"@type\":\"SearchAction\",\"target\":{\"@type\":\"EntryPoint\",\"urlTemplate\":\"https:\\\/\\\/www.blecha.at\\\/?s={search_term_string}\"},\"query-input\":{\"@type\":\"PropertyValueSpecification\",\"valueRequired\":true,\"valueName\":\"search_term_string\"}}],\"inLanguage\":\"ro-RO\"}]}<\/script>\n<!-- \/ Yoast SEO plugin. -->","yoast_head_json":{"title":"Table \u0219i pl\u0103ci | BLECHA Aluprofil","description":"Comercializ\u0103m o gam\u0103 larg\u0103 de table din aluminiu. La noi ve\u021bi g\u0103si ceea ce c\u0103uta\u021bi, indiferent c\u0103 este vorba despre table sau pl\u0103ci din aluminiu, table netede, table striate (table pentru trepte, table ondulate), table din aluminiu pur sau aliaje de aluminiu cu magneziu, table eloxate \u0219i vopsite cu pulbere, tabl\u0103 perforat\u0103 (perforare p\u0103trat\u0103 \u0219i perforare rotund\u0103) \u00een formatele 2000 x 1000 mm, 2500 x 1250 mm, 3000 x 1500 mm \u0219i inclusiv 4000 x 2000 mm. Vom sintetiza comanda dvs. pentru table \u0219i pl\u0103ci cu comanda profilurilor.","robots":{"index":"index","follow":"follow","max-snippet":"max-snippet:-1","max-image-preview":"max-image-preview:large","max-video-preview":"max-video-preview:-1"},"canonical":"https:\/\/www.blecha.at\/ro\/produse\/foi-si-placi\/table-si-placi\/","og_locale":"ro_RO","og_type":"article","og_title":"Table \u0219i pl\u0103ci | BLECHA Aluprofil","og_description":"Comercializ\u0103m o gam\u0103 larg\u0103 de table din aluminiu. La noi ve\u021bi g\u0103si ceea ce c\u0103uta\u021bi, indiferent c\u0103 este vorba despre table sau pl\u0103ci din aluminiu, table netede, table striate (table pentru trepte, table ondulate), table din aluminiu pur sau aliaje de aluminiu cu magneziu, table eloxate \u0219i vopsite cu pulbere, tabl\u0103 perforat\u0103 (perforare p\u0103trat\u0103 \u0219i perforare rotund\u0103) \u00een formatele 2000 x 1000 mm, 2500 x 1250 mm, 3000 x 1500 mm \u0219i inclusiv 4000 x 2000 mm. Vom sintetiza comanda dvs. pentru table \u0219i pl\u0103ci cu comanda profilurilor.","og_url":"https:\/\/www.blecha.at\/ro\/produse\/foi-si-placi\/table-si-placi\/","og_site_name":"BLECHA","article_modified_time":"2024-06-27T19:08:46+00:00","og_image":[{"width":2560,"height":1642,"url":"https:\/\/www.blecha.at\/wp-content\/uploads\/2021\/02\/blecha-unternehmen-auswahl-gebaeude-3-scaled.jpg","type":"image\/jpeg"}],"twitter_card":"summary_large_image","schema":{"@context":"https:\/\/schema.org","@graph":[{"@type":"WebPage","@id":"https:\/\/www.blecha.at\/ro\/produse\/foi-si-placi\/table-si-placi\/","url":"https:\/\/www.blecha.at\/ro\/produse\/foi-si-placi\/table-si-placi\/","name":"Table \u0219i pl\u0103ci | BLECHA Aluprofil","isPartOf":{"@id":"https:\/\/www.blecha.at\/#website"},"datePublished":"2023-09-13T15:05:51+00:00","dateModified":"2024-06-27T19:08:46+00:00","description":"Comercializ\u0103m o gam\u0103 larg\u0103 de table din aluminiu. La noi ve\u021bi g\u0103si ceea ce c\u0103uta\u021bi, indiferent c\u0103 este vorba despre table sau pl\u0103ci din aluminiu, table netede, table striate (table pentru trepte, table ondulate), table din aluminiu pur sau aliaje de aluminiu cu magneziu, table eloxate \u0219i vopsite cu pulbere, tabl\u0103 perforat\u0103 (perforare p\u0103trat\u0103 \u0219i perforare rotund\u0103) \u00een formatele 2000 x 1000 mm, 2500 x 1250 mm, 3000 x 1500 mm \u0219i inclusiv 4000 x 2000 mm. Vom sintetiza comanda dvs. pentru table \u0219i pl\u0103ci cu comanda profilurilor.","breadcrumb":{"@id":"https:\/\/www.blecha.at\/ro\/produse\/foi-si-placi\/table-si-placi\/#breadcrumb"},"inLanguage":"ro-RO","potentialAction":[{"@type":"ReadAction","target":["https:\/\/www.blecha.at\/ro\/produse\/foi-si-placi\/table-si-placi\/"]}]},{"@type":"BreadcrumbList","@id":"https:\/\/www.blecha.at\/ro\/produse\/foi-si-placi\/table-si-placi\/#breadcrumb","itemListElement":[{"@type":"ListItem","position":1,"name":"Home","item":"https:\/\/www.blecha.at\/ro\/"},{"@type":"ListItem","position":2,"name":"Produse","item":"https:\/\/www.blecha.at\/ro\/produse\/"},{"@type":"ListItem","position":3,"name":"Foi \u0219i pl\u0103ci","item":"https:\/\/www.blecha.at\/ro\/produse\/foi-si-placi\/"},{"@type":"ListItem","position":4,"name":"Table \u0219i pl\u0103ci"}]},{"@type":"WebSite","@id":"https:\/\/www.blecha.at\/#website","url":"https:\/\/www.blecha.at\/","name":"BLECHA","description":"Eine weitere WordPress-Website","potentialAction":[{"@type":"SearchAction","target":{"@type":"EntryPoint","urlTemplate":"https:\/\/www.blecha.at\/?s={search_term_string}"},"query-input":{"@type":"PropertyValueSpecification","valueRequired":true,"valueName":"search_term_string"}}],"inLanguage":"ro-RO"}]}},"_links":{"self":[{"href":"https:\/\/www.blecha.at\/ro\/wp-json\/wp\/v2\/pages\/24177","targetHints":{"allow":["GET"]}}],"collection":[{"href":"https:\/\/www.blecha.at\/ro\/wp-json\/wp\/v2\/pages"}],"about":[{"href":"https:\/\/www.blecha.at\/ro\/wp-json\/wp\/v2\/types\/page"}],"author":[{"embeddable":true,"href":"https:\/\/www.blecha.at\/ro\/wp-json\/wp\/v2\/users\/2"}],"replies":[{"embeddable":true,"href":"https:\/\/www.blecha.at\/ro\/wp-json\/wp\/v2\/comments?post=24177"}],"version-history":[{"count":7,"href":"https:\/\/www.blecha.at\/ro\/wp-json\/wp\/v2\/pages\/24177\/revisions"}],"predecessor-version":[{"id":27801,"href":"https:\/\/www.blecha.at\/ro\/wp-json\/wp\/v2\/pages\/24177\/revisions\/27801"}],"up":[{"embeddable":true,"href":"https:\/\/www.blecha.at\/ro\/wp-json\/wp\/v2\/pages\/5602"}],"wp:attachment":[{"href":"https:\/\/www.blecha.at\/ro\/wp-json\/wp\/v2\/media?parent=24177"}],"curies":[{"name":"wp","href":"https:\/\/api.w.org\/{rel}","templated":true}]}}