{"id":25266,"date":"2022-12-15T10:11:20","date_gmt":"2022-12-15T09:11:20","guid":{"rendered":"https:\/\/www.blecha.at\/produse\/profile-speciale\/terrassenbau\/"},"modified":"2026-02-09T16:06:32","modified_gmt":"2026-02-09T15:06:32","slug":"construirea-terasei","status":"publish","type":"page","link":"https:\/\/www.blecha.at\/ro\/produse\/profile-speciale\/construirea-terasei\/","title":{"rendered":"Construirea terasei"},"content":{"rendered":"","protected":false},"excerpt":{"rendered":"","protected":false},"author":2,"featured_media":0,"parent":5920,"menu_order":0,"comment_status":"closed","ping_status":"closed","template":"page-zaunsysteme-details.php","meta":{"_acf_changed":false,"footnotes":""},"class_list":["post-25266","page","type-page","status-publish","hentry"],"acf":[],"yoast_head":"<!-- This site is optimized with the Yoast SEO plugin v27.3 - https:\/\/yoast.com\/product\/yoast-seo-wordpress\/ -->\n<title>Construirea terasei | BLECHA Aluprofile<\/title>\n<meta name=\"description\" content=\"Descoperi\u021bi profilele noastre de aluminiu de \u00eenalt\u0103 calitate pentru construc\u021bia teraselor. Gama noastr\u0103 larg\u0103 include benzi de acoperire, sc\u00e2nduri de pardoseal\u0103 \u0219i multe altele care au fost special dezvoltate pentru proiectarea \u0219i construc\u021bia teraselor.\" \/>\n<meta name=\"robots\" content=\"index, follow, max-snippet:-1, max-image-preview:large, max-video-preview:-1\" \/>\n<link rel=\"canonical\" href=\"https:\/\/www.blecha.at\/ro\/produse\/profile-speciale\/construirea-terasei\/\" \/>\n<meta property=\"og:locale\" content=\"ro_RO\" \/>\n<meta property=\"og:type\" content=\"article\" \/>\n<meta property=\"og:title\" content=\"Construirea terasei | BLECHA Aluprofile\" \/>\n<meta property=\"og:description\" content=\"Descoperi\u021bi profilele noastre de aluminiu de \u00eenalt\u0103 calitate pentru construc\u021bia teraselor. Gama noastr\u0103 larg\u0103 include benzi de acoperire, sc\u00e2nduri de pardoseal\u0103 \u0219i multe altele care au fost special dezvoltate pentru proiectarea \u0219i construc\u021bia teraselor.\" \/>\n<meta property=\"og:url\" content=\"https:\/\/www.blecha.at\/ro\/produse\/profile-speciale\/construirea-terasei\/\" \/>\n<meta property=\"og:site_name\" content=\"BLECHA\" \/>\n<meta property=\"article:modified_time\" content=\"2026-02-09T15:06:32+00:00\" \/>\n<meta property=\"og:image\" content=\"https:\/\/www.blecha.at\/wp-content\/uploads\/2021\/02\/blecha-unternehmen-auswahl-gebaeude-3-scaled.jpg\" \/>\n\t<meta property=\"og:image:width\" content=\"2560\" \/>\n\t<meta property=\"og:image:height\" content=\"1642\" \/>\n\t<meta property=\"og:image:type\" content=\"image\/jpeg\" \/>\n<meta name=\"twitter:card\" content=\"summary_large_image\" \/>\n<script type=\"application\/ld+json\" class=\"yoast-schema-graph\">{\"@context\":\"https:\\\/\\\/schema.org\",\"@graph\":[{\"@type\":\"WebPage\",\"@id\":\"https:\\\/\\\/www.blecha.at\\\/ro\\\/produse\\\/profile-speciale\\\/construirea-terasei\\\/\",\"url\":\"https:\\\/\\\/www.blecha.at\\\/ro\\\/produse\\\/profile-speciale\\\/construirea-terasei\\\/\",\"name\":\"Construirea terasei | BLECHA Aluprofile\",\"isPartOf\":{\"@id\":\"https:\\\/\\\/www.blecha.at\\\/#website\"},\"datePublished\":\"2022-12-15T09:11:20+00:00\",\"dateModified\":\"2026-02-09T15:06:32+00:00\",\"description\":\"Descoperi\u021bi profilele noastre de aluminiu de \u00eenalt\u0103 calitate pentru construc\u021bia teraselor. Gama noastr\u0103 larg\u0103 include benzi de acoperire, sc\u00e2nduri de pardoseal\u0103 \u0219i multe altele care au fost special dezvoltate pentru proiectarea \u0219i construc\u021bia teraselor.\",\"breadcrumb\":{\"@id\":\"https:\\\/\\\/www.blecha.at\\\/ro\\\/produse\\\/profile-speciale\\\/construirea-terasei\\\/#breadcrumb\"},\"inLanguage\":\"ro-RO\",\"potentialAction\":[{\"@type\":\"ReadAction\",\"target\":[\"https:\\\/\\\/www.blecha.at\\\/ro\\\/produse\\\/profile-speciale\\\/construirea-terasei\\\/\"]}]},{\"@type\":\"BreadcrumbList\",\"@id\":\"https:\\\/\\\/www.blecha.at\\\/ro\\\/produse\\\/profile-speciale\\\/construirea-terasei\\\/#breadcrumb\",\"itemListElement\":[{\"@type\":\"ListItem\",\"position\":1,\"name\":\"Home\",\"item\":\"https:\\\/\\\/www.blecha.at\\\/ro\\\/\"},{\"@type\":\"ListItem\",\"position\":2,\"name\":\"Produse\",\"item\":\"https:\\\/\\\/www.blecha.at\\\/ro\\\/produse\\\/\"},{\"@type\":\"ListItem\",\"position\":3,\"name\":\"Profile speciale\",\"item\":\"https:\\\/\\\/www.blecha.at\\\/ro\\\/produse\\\/profile-speciale\\\/\"},{\"@type\":\"ListItem\",\"position\":4,\"name\":\"Construirea terasei\"}]},{\"@type\":\"WebSite\",\"@id\":\"https:\\\/\\\/www.blecha.at\\\/#website\",\"url\":\"https:\\\/\\\/www.blecha.at\\\/\",\"name\":\"BLECHA\",\"description\":\"Eine weitere WordPress-Website\",\"potentialAction\":[{\"@type\":\"SearchAction\",\"target\":{\"@type\":\"EntryPoint\",\"urlTemplate\":\"https:\\\/\\\/www.blecha.at\\\/?s={search_term_string}\"},\"query-input\":{\"@type\":\"PropertyValueSpecification\",\"valueRequired\":true,\"valueName\":\"search_term_string\"}}],\"inLanguage\":\"ro-RO\"}]}<\/script>\n<!-- \/ Yoast SEO plugin. -->","yoast_head_json":{"title":"Construirea terasei | BLECHA Aluprofile","description":"Descoperi\u021bi profilele noastre de aluminiu de \u00eenalt\u0103 calitate pentru construc\u021bia teraselor. Gama noastr\u0103 larg\u0103 include benzi de acoperire, sc\u00e2nduri de pardoseal\u0103 \u0219i multe altele care au fost special dezvoltate pentru proiectarea \u0219i construc\u021bia teraselor.","robots":{"index":"index","follow":"follow","max-snippet":"max-snippet:-1","max-image-preview":"max-image-preview:large","max-video-preview":"max-video-preview:-1"},"canonical":"https:\/\/www.blecha.at\/ro\/produse\/profile-speciale\/construirea-terasei\/","og_locale":"ro_RO","og_type":"article","og_title":"Construirea terasei | BLECHA Aluprofile","og_description":"Descoperi\u021bi profilele noastre de aluminiu de \u00eenalt\u0103 calitate pentru construc\u021bia teraselor. Gama noastr\u0103 larg\u0103 include benzi de acoperire, sc\u00e2nduri de pardoseal\u0103 \u0219i multe altele care au fost special dezvoltate pentru proiectarea \u0219i construc\u021bia teraselor.","og_url":"https:\/\/www.blecha.at\/ro\/produse\/profile-speciale\/construirea-terasei\/","og_site_name":"BLECHA","article_modified_time":"2026-02-09T15:06:32+00:00","og_image":[{"width":2560,"height":1642,"url":"https:\/\/www.blecha.at\/wp-content\/uploads\/2021\/02\/blecha-unternehmen-auswahl-gebaeude-3-scaled.jpg","type":"image\/jpeg"}],"twitter_card":"summary_large_image","schema":{"@context":"https:\/\/schema.org","@graph":[{"@type":"WebPage","@id":"https:\/\/www.blecha.at\/ro\/produse\/profile-speciale\/construirea-terasei\/","url":"https:\/\/www.blecha.at\/ro\/produse\/profile-speciale\/construirea-terasei\/","name":"Construirea terasei | BLECHA Aluprofile","isPartOf":{"@id":"https:\/\/www.blecha.at\/#website"},"datePublished":"2022-12-15T09:11:20+00:00","dateModified":"2026-02-09T15:06:32+00:00","description":"Descoperi\u021bi profilele noastre de aluminiu de \u00eenalt\u0103 calitate pentru construc\u021bia teraselor. Gama noastr\u0103 larg\u0103 include benzi de acoperire, sc\u00e2nduri de pardoseal\u0103 \u0219i multe altele care au fost special dezvoltate pentru proiectarea \u0219i construc\u021bia teraselor.","breadcrumb":{"@id":"https:\/\/www.blecha.at\/ro\/produse\/profile-speciale\/construirea-terasei\/#breadcrumb"},"inLanguage":"ro-RO","potentialAction":[{"@type":"ReadAction","target":["https:\/\/www.blecha.at\/ro\/produse\/profile-speciale\/construirea-terasei\/"]}]},{"@type":"BreadcrumbList","@id":"https:\/\/www.blecha.at\/ro\/produse\/profile-speciale\/construirea-terasei\/#breadcrumb","itemListElement":[{"@type":"ListItem","position":1,"name":"Home","item":"https:\/\/www.blecha.at\/ro\/"},{"@type":"ListItem","position":2,"name":"Produse","item":"https:\/\/www.blecha.at\/ro\/produse\/"},{"@type":"ListItem","position":3,"name":"Profile speciale","item":"https:\/\/www.blecha.at\/ro\/produse\/profile-speciale\/"},{"@type":"ListItem","position":4,"name":"Construirea terasei"}]},{"@type":"WebSite","@id":"https:\/\/www.blecha.at\/#website","url":"https:\/\/www.blecha.at\/","name":"BLECHA","description":"Eine weitere WordPress-Website","potentialAction":[{"@type":"SearchAction","target":{"@type":"EntryPoint","urlTemplate":"https:\/\/www.blecha.at\/?s={search_term_string}"},"query-input":{"@type":"PropertyValueSpecification","valueRequired":true,"valueName":"search_term_string"}}],"inLanguage":"ro-RO"}]}},"_links":{"self":[{"href":"https:\/\/www.blecha.at\/ro\/wp-json\/wp\/v2\/pages\/25266","targetHints":{"allow":["GET"]}}],"collection":[{"href":"https:\/\/www.blecha.at\/ro\/wp-json\/wp\/v2\/pages"}],"about":[{"href":"https:\/\/www.blecha.at\/ro\/wp-json\/wp\/v2\/types\/page"}],"author":[{"embeddable":true,"href":"https:\/\/www.blecha.at\/ro\/wp-json\/wp\/v2\/users\/2"}],"replies":[{"embeddable":true,"href":"https:\/\/www.blecha.at\/ro\/wp-json\/wp\/v2\/comments?post=25266"}],"version-history":[{"count":6,"href":"https:\/\/www.blecha.at\/ro\/wp-json\/wp\/v2\/pages\/25266\/revisions"}],"predecessor-version":[{"id":31842,"href":"https:\/\/www.blecha.at\/ro\/wp-json\/wp\/v2\/pages\/25266\/revisions\/31842"}],"up":[{"embeddable":true,"href":"https:\/\/www.blecha.at\/ro\/wp-json\/wp\/v2\/pages\/5920"}],"wp:attachment":[{"href":"https:\/\/www.blecha.at\/ro\/wp-json\/wp\/v2\/media?parent=25266"}],"curies":[{"name":"wp","href":"https:\/\/api.w.org\/{rel}","templated":true}]}}