{"id":25671,"date":"2023-10-18T11:44:29","date_gmt":"2023-10-18T09:44:29","guid":{"rendered":"https:\/\/www.blecha.at\/produse\/fitinguri\/reduzierungen\/"},"modified":"2025-03-19T14:49:48","modified_gmt":"2025-03-19T13:49:48","slug":"reductii","status":"publish","type":"page","link":"https:\/\/www.blecha.at\/ro\/produse\/fittings\/reductii\/","title":{"rendered":"Reduc\u021bii"},"content":{"rendered":"","protected":false},"excerpt":{"rendered":"","protected":false},"author":2,"featured_media":0,"parent":26624,"menu_order":0,"comment_status":"closed","ping_status":"closed","template":"page-zaunsysteme-details.php","meta":{"_acf_changed":false,"footnotes":""},"class_list":["post-25671","page","type-page","status-publish","hentry"],"acf":[],"yoast_head":"<!-- This site is optimized with the Yoast SEO plugin v27.3 - https:\/\/yoast.com\/product\/yoast-seo-wordpress\/ -->\n<title>Reduc\u021bii | BLECHA Aluprofil<\/title>\n<meta name=\"description\" content=\"Descoperi\u021bi reductoarele noastre din aluminiu de \u00eenalt\u0103 calitate. Reductoarele noastre din aluminiu ofer\u0103 solu\u021bia ideal\u0103 pentru sistemele de \u021bevi care necesit\u0103 modific\u0103ri de diametru. Oferim reductoare concentrice, reductoare excentrice \u0219i piese transversale, inclusiv piese transversale reductoare filetate.\" \/>\n<meta name=\"robots\" content=\"index, follow, max-snippet:-1, max-image-preview:large, max-video-preview:-1\" \/>\n<link rel=\"canonical\" href=\"https:\/\/www.blecha.at\/ro\/produse\/fittings\/reductii\/\" \/>\n<meta property=\"og:locale\" content=\"ro_RO\" \/>\n<meta property=\"og:type\" content=\"article\" \/>\n<meta property=\"og:title\" content=\"Reduc\u021bii | BLECHA Aluprofil\" \/>\n<meta property=\"og:description\" content=\"Descoperi\u021bi reductoarele noastre din aluminiu de \u00eenalt\u0103 calitate. Reductoarele noastre din aluminiu ofer\u0103 solu\u021bia ideal\u0103 pentru sistemele de \u021bevi care necesit\u0103 modific\u0103ri de diametru. Oferim reductoare concentrice, reductoare excentrice \u0219i piese transversale, inclusiv piese transversale reductoare filetate.\" \/>\n<meta property=\"og:url\" content=\"https:\/\/www.blecha.at\/ro\/produse\/fittings\/reductii\/\" \/>\n<meta property=\"og:site_name\" content=\"BLECHA\" \/>\n<meta property=\"article:modified_time\" content=\"2025-03-19T13:49:48+00:00\" \/>\n<meta property=\"og:image\" content=\"https:\/\/www.blecha.at\/wp-content\/uploads\/2021\/02\/blecha-unternehmen-auswahl-gebaeude-3-scaled.jpg\" \/>\n\t<meta property=\"og:image:width\" content=\"2560\" \/>\n\t<meta property=\"og:image:height\" content=\"1642\" \/>\n\t<meta property=\"og:image:type\" content=\"image\/jpeg\" \/>\n<meta name=\"twitter:card\" content=\"summary_large_image\" \/>\n<script type=\"application\/ld+json\" class=\"yoast-schema-graph\">{\"@context\":\"https:\\\/\\\/schema.org\",\"@graph\":[{\"@type\":\"WebPage\",\"@id\":\"https:\\\/\\\/www.blecha.at\\\/ro\\\/produse\\\/fittings\\\/reductii\\\/\",\"url\":\"https:\\\/\\\/www.blecha.at\\\/ro\\\/produse\\\/fittings\\\/reductii\\\/\",\"name\":\"Reduc\u021bii | BLECHA Aluprofil\",\"isPartOf\":{\"@id\":\"https:\\\/\\\/www.blecha.at\\\/#website\"},\"datePublished\":\"2023-10-18T09:44:29+00:00\",\"dateModified\":\"2025-03-19T13:49:48+00:00\",\"description\":\"Descoperi\u021bi reductoarele noastre din aluminiu de \u00eenalt\u0103 calitate. Reductoarele noastre din aluminiu ofer\u0103 solu\u021bia ideal\u0103 pentru sistemele de \u021bevi care necesit\u0103 modific\u0103ri de diametru. Oferim reductoare concentrice, reductoare excentrice \u0219i piese transversale, inclusiv piese transversale reductoare filetate.\",\"breadcrumb\":{\"@id\":\"https:\\\/\\\/www.blecha.at\\\/ro\\\/produse\\\/fittings\\\/reductii\\\/#breadcrumb\"},\"inLanguage\":\"ro-RO\",\"potentialAction\":[{\"@type\":\"ReadAction\",\"target\":[\"https:\\\/\\\/www.blecha.at\\\/ro\\\/produse\\\/fittings\\\/reductii\\\/\"]}]},{\"@type\":\"BreadcrumbList\",\"@id\":\"https:\\\/\\\/www.blecha.at\\\/ro\\\/produse\\\/fittings\\\/reductii\\\/#breadcrumb\",\"itemListElement\":[{\"@type\":\"ListItem\",\"position\":1,\"name\":\"Home\",\"item\":\"https:\\\/\\\/www.blecha.at\\\/ro\\\/\"},{\"@type\":\"ListItem\",\"position\":2,\"name\":\"Produse\",\"item\":\"https:\\\/\\\/www.blecha.at\\\/ro\\\/produse\\\/\"},{\"@type\":\"ListItem\",\"position\":3,\"name\":\"Fitinguri\",\"item\":\"https:\\\/\\\/www.blecha.at\\\/ro\\\/produse\\\/fittings\\\/\"},{\"@type\":\"ListItem\",\"position\":4,\"name\":\"Reduc\u021bii\"}]},{\"@type\":\"WebSite\",\"@id\":\"https:\\\/\\\/www.blecha.at\\\/#website\",\"url\":\"https:\\\/\\\/www.blecha.at\\\/\",\"name\":\"BLECHA\",\"description\":\"Eine weitere WordPress-Website\",\"potentialAction\":[{\"@type\":\"SearchAction\",\"target\":{\"@type\":\"EntryPoint\",\"urlTemplate\":\"https:\\\/\\\/www.blecha.at\\\/?s={search_term_string}\"},\"query-input\":{\"@type\":\"PropertyValueSpecification\",\"valueRequired\":true,\"valueName\":\"search_term_string\"}}],\"inLanguage\":\"ro-RO\"}]}<\/script>\n<!-- \/ Yoast SEO plugin. -->","yoast_head_json":{"title":"Reduc\u021bii | BLECHA Aluprofil","description":"Descoperi\u021bi reductoarele noastre din aluminiu de \u00eenalt\u0103 calitate. Reductoarele noastre din aluminiu ofer\u0103 solu\u021bia ideal\u0103 pentru sistemele de \u021bevi care necesit\u0103 modific\u0103ri de diametru. Oferim reductoare concentrice, reductoare excentrice \u0219i piese transversale, inclusiv piese transversale reductoare filetate.","robots":{"index":"index","follow":"follow","max-snippet":"max-snippet:-1","max-image-preview":"max-image-preview:large","max-video-preview":"max-video-preview:-1"},"canonical":"https:\/\/www.blecha.at\/ro\/produse\/fittings\/reductii\/","og_locale":"ro_RO","og_type":"article","og_title":"Reduc\u021bii | BLECHA Aluprofil","og_description":"Descoperi\u021bi reductoarele noastre din aluminiu de \u00eenalt\u0103 calitate. Reductoarele noastre din aluminiu ofer\u0103 solu\u021bia ideal\u0103 pentru sistemele de \u021bevi care necesit\u0103 modific\u0103ri de diametru. Oferim reductoare concentrice, reductoare excentrice \u0219i piese transversale, inclusiv piese transversale reductoare filetate.","og_url":"https:\/\/www.blecha.at\/ro\/produse\/fittings\/reductii\/","og_site_name":"BLECHA","article_modified_time":"2025-03-19T13:49:48+00:00","og_image":[{"width":2560,"height":1642,"url":"https:\/\/www.blecha.at\/wp-content\/uploads\/2021\/02\/blecha-unternehmen-auswahl-gebaeude-3-scaled.jpg","type":"image\/jpeg"}],"twitter_card":"summary_large_image","schema":{"@context":"https:\/\/schema.org","@graph":[{"@type":"WebPage","@id":"https:\/\/www.blecha.at\/ro\/produse\/fittings\/reductii\/","url":"https:\/\/www.blecha.at\/ro\/produse\/fittings\/reductii\/","name":"Reduc\u021bii | BLECHA Aluprofil","isPartOf":{"@id":"https:\/\/www.blecha.at\/#website"},"datePublished":"2023-10-18T09:44:29+00:00","dateModified":"2025-03-19T13:49:48+00:00","description":"Descoperi\u021bi reductoarele noastre din aluminiu de \u00eenalt\u0103 calitate. Reductoarele noastre din aluminiu ofer\u0103 solu\u021bia ideal\u0103 pentru sistemele de \u021bevi care necesit\u0103 modific\u0103ri de diametru. Oferim reductoare concentrice, reductoare excentrice \u0219i piese transversale, inclusiv piese transversale reductoare filetate.","breadcrumb":{"@id":"https:\/\/www.blecha.at\/ro\/produse\/fittings\/reductii\/#breadcrumb"},"inLanguage":"ro-RO","potentialAction":[{"@type":"ReadAction","target":["https:\/\/www.blecha.at\/ro\/produse\/fittings\/reductii\/"]}]},{"@type":"BreadcrumbList","@id":"https:\/\/www.blecha.at\/ro\/produse\/fittings\/reductii\/#breadcrumb","itemListElement":[{"@type":"ListItem","position":1,"name":"Home","item":"https:\/\/www.blecha.at\/ro\/"},{"@type":"ListItem","position":2,"name":"Produse","item":"https:\/\/www.blecha.at\/ro\/produse\/"},{"@type":"ListItem","position":3,"name":"Fitinguri","item":"https:\/\/www.blecha.at\/ro\/produse\/fittings\/"},{"@type":"ListItem","position":4,"name":"Reduc\u021bii"}]},{"@type":"WebSite","@id":"https:\/\/www.blecha.at\/#website","url":"https:\/\/www.blecha.at\/","name":"BLECHA","description":"Eine weitere WordPress-Website","potentialAction":[{"@type":"SearchAction","target":{"@type":"EntryPoint","urlTemplate":"https:\/\/www.blecha.at\/?s={search_term_string}"},"query-input":{"@type":"PropertyValueSpecification","valueRequired":true,"valueName":"search_term_string"}}],"inLanguage":"ro-RO"}]}},"_links":{"self":[{"href":"https:\/\/www.blecha.at\/ro\/wp-json\/wp\/v2\/pages\/25671","targetHints":{"allow":["GET"]}}],"collection":[{"href":"https:\/\/www.blecha.at\/ro\/wp-json\/wp\/v2\/pages"}],"about":[{"href":"https:\/\/www.blecha.at\/ro\/wp-json\/wp\/v2\/types\/page"}],"author":[{"embeddable":true,"href":"https:\/\/www.blecha.at\/ro\/wp-json\/wp\/v2\/users\/2"}],"replies":[{"embeddable":true,"href":"https:\/\/www.blecha.at\/ro\/wp-json\/wp\/v2\/comments?post=25671"}],"version-history":[{"count":6,"href":"https:\/\/www.blecha.at\/ro\/wp-json\/wp\/v2\/pages\/25671\/revisions"}],"predecessor-version":[{"id":29078,"href":"https:\/\/www.blecha.at\/ro\/wp-json\/wp\/v2\/pages\/25671\/revisions\/29078"}],"up":[{"embeddable":true,"href":"https:\/\/www.blecha.at\/ro\/wp-json\/wp\/v2\/pages\/26624"}],"wp:attachment":[{"href":"https:\/\/www.blecha.at\/ro\/wp-json\/wp\/v2\/media?parent=25671"}],"curies":[{"name":"wp","href":"https:\/\/api.w.org\/{rel}","templated":true}]}}