{"id":30940,"date":"2025-10-20T13:13:56","date_gmt":"2025-10-20T11:13:56","guid":{"rendered":"https:\/\/www.blecha.at\/?page_id=30940"},"modified":"2025-10-20T13:13:57","modified_gmt":"2025-10-20T11:13:57","slug":"profile-unghiulare-din-aluminiu","status":"publish","type":"page","link":"https:\/\/www.blecha.at\/ro\/produse\/profile-standard\/profile-unghiulare-din-aluminiu\/","title":{"rendered":"Profile unghiulare din aluminiu"},"content":{"rendered":"\n<section id=\"sectionTwo\" class=\"mt-lg-n11 py-8 py-md-11 px-lg-9 border-left border-right border-right-lg-none bg-white\">\n\n\n<div class=\"wp-bootstrap-blocks-row row mx-auto\">\n\t\n\n<div class=\"col-12 col-md-10\">\n\t\t\t\n\n<h2 class=\"wp-block-heading text-secondary scroll-fade-bottom-up visibility-hidden\">Profile unghiulare din aluminiu \u2013 stabilitate \u0219i versatilitate pentru numeroase aplica\u021bii<\/h2>\n\n\n\n<p class=\"scroll-fade-bottom-up visibility-hidden\">Profilele noastre unghiulare din aluminiu se remarc\u0103 prin stabilitate ridicat\u0103, rezisten\u021b\u0103 la coroziune \u0219i multiple posibilit\u0103\u021bi de utilizare.<br>Sunt folosite \u00eentr-o gam\u0103 larg\u0103 de domenii \u2013 de la construc\u021bii metalice \u0219i amenaj\u0103ri interioare p\u00e2n\u0103 la construc\u021bii din sticl\u0103.<br>Datorit\u0103 programului nostru vast de stoc, oferim profile unghiulare \u00een diverse dimensiuni \u0219i cu finisaje variate.l\u00e4chenveredelungen.<\/p>\n\n\t<\/div>\n\n<\/div>\n\n\n\n<\/section>\n\n\n\n<section class=\"py-8 py-md-9 px-lg-9 border-left border-right border-right-lg-none bg-primary\">\n\n\n\n<h2 class=\"wp-block-heading text-secondary scroll-fade-bottom-up visibility-hidden\" id=\"spezialprofile-nach-mass\">Gama noastr\u0103 de profile unghiulare din aluminiu<\/h2>\n\n\n\n<p class=\"mb-7 mb-md-9 scroll-fade-bottom-up visibility-hidden\">Oferim o selec\u021bie larg\u0103 de profile unghiulare realizate din aliajul EN AW-6060, care se distinge prin rezisten\u021b\u0103 excelent\u0103 la intemperii, bun\u0103 sudabilitate \u0219i propriet\u0103\u021bi excelente de prelucrare.<br>Pentru cerin\u021be speciale \u2013 \u00een special \u00een domeniul construc\u021biilor din sticl\u0103 (de ex. cabine de du\u0219, pere\u021bi de sticl\u0103) \u2013 oferim profile unghiulare cu diverse finisaje de suprafa\u021b\u0103:<\/p>\n\n\n\n<p class=\"mb-7 mb-md-9 scroll-fade-bottom-up visibility-hidden\"><\/p>\n\n\n<div class=\"wp-bootstrap-blocks-row row mx-auto\">\n\t\n\n<div class=\"col-12 col-md-4 col-lg-4 text-left mb-6 mb-lg-0 scroll-fade-bottom-up visibility-hidden\">\n\t\t\t<div class=\"p-3\">\n\t\t\t\n\n\n\n<h5 class=\"wp-block-heading\">Anodizate natural:<\/h5>\n\n\n\n<p>Protec\u021bie \u00eempotriva coroziunii \u0219i un aspect mat, elegant.<\/p>\n\n\t\t<\/div>\n\t<\/div>\n\n\n\n<div class=\"col-12 col-md-4 col-lg-4 text-left mb-6 mb-lg-0 scroll-fade-bottom-up visibility-hidden\">\n\t\t\t<div class=\"p-3\">\n\t\t\t\n\n\n\n<h5 class=\"wp-block-heading\">Aspect inox (anodizat):<\/h5>\n\n\n\n<p>Ideal pentru construc\u021bii moderne din sticl\u0103 \u0219i designuri de \u00eenalt\u0103 calitate.<\/p>\n\n\t\t<\/div>\n\t<\/div>\n\n\n\n<div class=\"col-12 col-md-4 col-lg-4 text-left mb-6 mb-lg-0 scroll-fade-bottom-up visibility-hidden\">\n\t\t\t<div class=\"p-3\">\n\t\t\t\n\n\n\n<h5 class=\"wp-block-heading\"><font style=\"vertical-align: inherit;\"><font style=\"vertical-align: inherit;\">Vopsite \u00een c\u00e2mp electrostatic, RAL 9010 (alb pur):<\/font><\/font><\/h5>\n\n\n\n<p>Perfec\u021bi pentru aplica\u021bii unde este necesar\u0103 o suprafa\u021b\u0103 luminoas\u0103 \u0219i durabil\u0103.<\/p>\n\n\t\t<\/div>\n\t<\/div>\n\n<\/div>\n\n\n\n<div style=\"height:10px\" aria-hidden=\"true\" class=\"wp-block-spacer\"><\/div>\n\n\n\n<p class=\"scroll-fade-bottom-up visibility-hidden\">Aceste profile unghiulare din aluminiu, special finisate, sunt disponibile \u00een dimensiuni utilizate frecvent \u00een domeniul construc\u021biilor din sticl\u0103.<\/p>\n\n\n\n<\/section>\n\n\n\n<section data-jarallax=\"\" data-speed=\".8\" class=\"py-12 py-md-13 overlay overlay-black overlay-40 bg-cover jarallax\" style=\"background-image: url(\/wp-content\/uploads\/2025\/06\/blecha-winkel-cta.jpg);\">\n  <div class=\"container\">\n    <div class=\"row mx-auto\">\n      <div class=\"col-12 col-md-10\">\n        <!-- Blockquote -->\n        <blockquote class=\"blockquote mb-0\"> \n          \n          <!-- Text -->\n          <p class=\"h2 text-white text-left font-regular scroll-fade-bottom-up visibility-hidden\">Cau\u021bi profilul unghiular din aluminiu potrivit pentru proiectul t\u0103u?\n\u00cel vei g\u0103si cu siguran\u021b\u0103 \u00een configuratorul nostru digital de produse!\n <\/p>\n\n\n\n<div class=\"wp-block-file btn btn-secondary mt-5 scroll-fade-bottom-up visibility-hidden\"><a id=\"wp-block-file--media-57bf97e1-d880-4669-b1ec-d79be4ec7b9e\" href=\"https:\/\/aluprofil.at\/\">Acceseaz\u0103 c\u0103utarea de produse<\/a><\/div>\n\n\n\n<\/blockquote>\n      <\/div>\n    <\/div>\n  <\/div>\n<\/section>\n\n\n\n<section class=\"border-left border-right border-right-lg-none border-bottom\">\n\n\n<div class=\"wp-bootstrap-blocks-container container-fluid mb-0 px-0\">\n\t\n<div class=\"wp-bootstrap-blocks-row row mx-auto\">\n\t\n\n<div class=\"col-12 col-md-6 px-7 px-lg-9 py-7 py-lg-9\">\n\t\t\t\n\n<h1 class=\"wp-block-heading mt-5 text-secondary scroll-fade-bottom-up visibility-hidden\"><font style=\"vertical-align: inherit;\"><font style=\"vertical-align: inherit;\">Domenii tipice de utilizare ale profilelor unghiulare din aluminiu<\/font><\/font><\/h1>\n\n\n\n<div class=\"d-flex text-left scroll-fade-bottom-up visibility-hidden\">\n\n\n\n<p>Datorit\u0103 stabilit\u0103\u021bii ridicate \u0219i finisajelor variate, profilele unghiulare din aluminiu sunt des utilizate \u00een:<\/p>\n\n\n\n<\/div>\n\n\t<\/div>\n\n\n\n<div class=\"col-12 col-md-6 px-0 scroll-reveal-right-to-left\">\n\t\t\t\n\n<div class=\"reveal-item\">\n<div class=\"reveal-item-inner\">\n\n\n\n<\/div>\n<\/div>\n\n\t<\/div>\n\n\n\n<div class=\"col-12 col-md-6 pt-4 pb-9 pt-lg-5 pb-lg-9 px-7 px-lg-9\">\n\t\t\t\n\n<div class=\"d-flex text-left scroll-fade-bottom-up visibility-hidden\">\n<div class=\"badge badge-rounded-circle badge-secondary mt-1 mr-4\">\n<i class=\"fe fe-check\"><\/i>\n<\/div><p class=\"text\">Construc\u021bii metalice \u0219i structurale: rame, structuri portante, plac\u0103ri.<\/p><\/div>\n\n\n\n<div class=\"d-flex text-left scroll-fade-bottom-up visibility-hidden\">\n<div class=\"badge badge-rounded-circle badge-secondary mt-1 mr-4\">\n<i class=\"fe fe-check\"><\/i>\n<\/div><p class=\"text\">Mobilier \u0219i amenaj\u0103ri interioare: elemente de design \u0219i ranfors\u0103ri pentru mobilier modern. <\/p><\/div>\n\n\n\n<div class=\"d-flex text-left scroll-fade-bottom-up visibility-hidden\">\n<div class=\"badge badge-rounded-circle badge-secondary mt-1 mr-4\">\n<i class=\"fe fe-check\"><\/i>\n<\/div><p class=\"text\">Construc\u021bia de por\u021bi \u0219i garduri: elemente de \u00eent\u0103rire pentru structuri durabile. <\/p><\/div>\n\n\n\n<p><\/p>\n\n\t<\/div>\n\n\n\n<div class=\"col-12 col-md-6 pt-4 pb-9 pt-lg-5 pb-lg-9 px-7 px-lg-9\">\n\t\t\t\n\n<div class=\"d-flex text-left scroll-fade-bottom-up visibility-hidden\">\n<div class=\"badge badge-rounded-circle badge-secondary mt-1 mr-4\">\n<i class=\"fe fe-check\"><\/i>\n<\/div><p class=\"text\">Construc\u021bii din sticl\u0103 \u0219i tehnica fa\u021badelor: prinderi pentru panouri de sticl\u0103, rame \u0219i profile de protec\u021bie. <\/p><\/div>\n\n\n\n<div class=\"d-flex text-left scroll-fade-bottom-up visibility-hidden\">\n<div class=\"badge badge-rounded-circle badge-secondary mt-1 mr-4\">\n<i class=\"fe fe-check\"><\/i>\n<\/div><p class=\"text\">Construc\u021bia de ma\u0219ini: elemente structurale pentru aplica\u021bii industriale.<\/p><\/div>\n\n\t<\/div>\n\n<\/div>\n\n<\/div>\n\n\n\n<\/section>\n\n\n\n<section class=\"border-left border-right border-right-lg-none\">\n\n\n<div class=\"wp-bootstrap-blocks-row row mx-auto\">\n\t\n\n<div class=\"col-12 col-md-12 px-7 px-lg-9 py-7 py-lg-9\">\n\t\t\t\n\n<h1 class=\"wp-block-heading mt-5 text-secondary scroll-fade-bottom-up visibility-hidden\"><font style=\"vertical-align: inherit;\"><font style=\"vertical-align: inherit;\">Partenerul t\u0103u pentru profile unghiulare din aluminiu de \u00eenalt\u0103 calitate<\/font><\/font><\/h1>\n\n\n\n<div class=\"d-flex text-left scroll-fade-bottom-up visibility-hidden\">\n\n\n<div class=\"wp-bootstrap-blocks-row row\">\n\t\n\n<div class=\"col-12 col-md-8\">\n\t\t\t\n\n<p>Beneficiaz\u0103 de gama noastr\u0103 complet\u0103, disponibilitatea din stoc \u0219i expertiza noastr\u0103 \u00een domeniul semifabricatelor din aluminiu.<\/p>\n\n\t<\/div>\n\n\n\n<div class=\"col-12 col-md-8\">\n\t\t\t\n\n<p><a href=\"http:\/\/blecha.at\/kontakt\">Contacteaz\u0103-ne<\/a> ast\u0103zi pentru a g\u0103si profilele unghiulare din aluminiu potrivite pentru proiectul t\u0103u!<\/p>\n\n\t<\/div>\n\n<\/div>\n\n\n<div class=\"wp-bootstrap-blocks-row row\">\n\t\n\n<div class=\"col-12 col-md-6\">\n\t\t\t\n\n<p><\/p>\n\n\t<\/div>\n\n\n\n<div class=\"col-12 col-md-6\">\n\t\t\t\n\n<p><\/p>\n\n\t<\/div>\n\n<\/div>\n\n\n\n<p><\/p>\n\n\n\n<p><\/p>\n\n\n\n<p><\/p>\n\n\n\n<\/div>\n\n\t<\/div>\n\n<\/div>\n\n\n\n<\/section>\n","protected":false},"excerpt":{"rendered":"Gama noastr\u0103 de profile unghiulare din aluminiu Oferim o selec\u021bie larg\u0103 de profile unghiulare realizate din aliajul EN AW-6060, care se distinge prin rezisten\u021b\u0103 excelent\u0103 la intemperii, bun\u0103 sudabilitate \u0219i propriet\u0103\u021bi excelente de prelucrare.Pentru cerin\u021be speciale \u2013 \u00een special \u00een domeniul construc\u021biilor din sticl\u0103 (de ex. cabine de du\u0219, pere\u021bi de sticl\u0103) \u2013 oferim profile [&hellip;]","protected":false},"author":2,"featured_media":30349,"parent":6143,"menu_order":0,"comment_status":"closed","ping_status":"closed","template":"page-produkte.php","meta":{"_acf_changed":false,"footnotes":""},"class_list":["post-30940","page","type-page","status-publish","has-post-thumbnail","hentry"],"acf":[],"yoast_head":"<!-- This site is optimized with the Yoast SEO plugin v27.3 - https:\/\/yoast.com\/product\/yoast-seo-wordpress\/ -->\n<title>Profile unghiulare din aluminiu - BLECHA<\/title>\n<meta name=\"robots\" content=\"index, follow, max-snippet:-1, max-image-preview:large, max-video-preview:-1\" \/>\n<link rel=\"canonical\" href=\"https:\/\/www.blecha.at\/ro\/produse\/profile-standard\/profile-unghiulare-din-aluminiu\/\" \/>\n<meta property=\"og:locale\" content=\"ro_RO\" \/>\n<meta property=\"og:type\" content=\"article\" \/>\n<meta property=\"og:title\" content=\"Profile unghiulare din aluminiu - BLECHA\" \/>\n<meta property=\"og:description\" content=\"Gama noastr\u0103 de profile unghiulare din aluminiu Oferim o selec\u021bie larg\u0103 de profile unghiulare realizate din aliajul EN AW-6060, care se distinge prin rezisten\u021b\u0103 excelent\u0103 la intemperii, bun\u0103 sudabilitate \u0219i propriet\u0103\u021bi excelente de prelucrare.Pentru cerin\u021be speciale \u2013 \u00een special \u00een domeniul construc\u021biilor din sticl\u0103 (de ex. cabine de du\u0219, pere\u021bi de sticl\u0103) \u2013 oferim profile [&hellip;]\" \/>\n<meta property=\"og:url\" content=\"https:\/\/www.blecha.at\/ro\/produse\/profile-standard\/profile-unghiulare-din-aluminiu\/\" \/>\n<meta property=\"og:site_name\" content=\"BLECHA\" \/>\n<meta property=\"article:modified_time\" content=\"2025-10-20T11:13:57+00:00\" \/>\n<meta property=\"og:image\" content=\"https:\/\/www.blecha.at\/wp-content\/uploads\/2025\/06\/blecha-winkel.jpg\" \/>\n\t<meta property=\"og:image:width\" content=\"1900\" \/>\n\t<meta property=\"og:image:height\" content=\"1200\" \/>\n\t<meta property=\"og:image:type\" content=\"image\/jpeg\" \/>\n<meta name=\"twitter:card\" content=\"summary_large_image\" \/>\n<meta name=\"twitter:label1\" content=\"Timp estimat pentru citire\" \/>\n\t<meta name=\"twitter:data1\" content=\"2 minute\" \/>\n<script type=\"application\/ld+json\" class=\"yoast-schema-graph\">{\"@context\":\"https:\\\/\\\/schema.org\",\"@graph\":[{\"@type\":\"WebPage\",\"@id\":\"https:\\\/\\\/www.blecha.at\\\/ro\\\/produse\\\/profile-standard\\\/profile-unghiulare-din-aluminiu\\\/\",\"url\":\"https:\\\/\\\/www.blecha.at\\\/ro\\\/produse\\\/profile-standard\\\/profile-unghiulare-din-aluminiu\\\/\",\"name\":\"Profile unghiulare din aluminiu - BLECHA\",\"isPartOf\":{\"@id\":\"https:\\\/\\\/www.blecha.at\\\/#website\"},\"primaryImageOfPage\":{\"@id\":\"https:\\\/\\\/www.blecha.at\\\/ro\\\/produse\\\/profile-standard\\\/profile-unghiulare-din-aluminiu\\\/#primaryimage\"},\"image\":{\"@id\":\"https:\\\/\\\/www.blecha.at\\\/ro\\\/produse\\\/profile-standard\\\/profile-unghiulare-din-aluminiu\\\/#primaryimage\"},\"thumbnailUrl\":\"https:\\\/\\\/www.blecha.at\\\/wp-content\\\/uploads\\\/2025\\\/06\\\/blecha-winkel.jpg\",\"datePublished\":\"2025-10-20T11:13:56+00:00\",\"dateModified\":\"2025-10-20T11:13:57+00:00\",\"breadcrumb\":{\"@id\":\"https:\\\/\\\/www.blecha.at\\\/ro\\\/produse\\\/profile-standard\\\/profile-unghiulare-din-aluminiu\\\/#breadcrumb\"},\"inLanguage\":\"ro-RO\",\"potentialAction\":[{\"@type\":\"ReadAction\",\"target\":[\"https:\\\/\\\/www.blecha.at\\\/ro\\\/produse\\\/profile-standard\\\/profile-unghiulare-din-aluminiu\\\/\"]}]},{\"@type\":\"ImageObject\",\"inLanguage\":\"ro-RO\",\"@id\":\"https:\\\/\\\/www.blecha.at\\\/ro\\\/produse\\\/profile-standard\\\/profile-unghiulare-din-aluminiu\\\/#primaryimage\",\"url\":\"https:\\\/\\\/www.blecha.at\\\/wp-content\\\/uploads\\\/2025\\\/06\\\/blecha-winkel.jpg\",\"contentUrl\":\"https:\\\/\\\/www.blecha.at\\\/wp-content\\\/uploads\\\/2025\\\/06\\\/blecha-winkel.jpg\",\"width\":1900,\"height\":1200},{\"@type\":\"BreadcrumbList\",\"@id\":\"https:\\\/\\\/www.blecha.at\\\/ro\\\/produse\\\/profile-standard\\\/profile-unghiulare-din-aluminiu\\\/#breadcrumb\",\"itemListElement\":[{\"@type\":\"ListItem\",\"position\":1,\"name\":\"Home\",\"item\":\"https:\\\/\\\/www.blecha.at\\\/ro\\\/\"},{\"@type\":\"ListItem\",\"position\":2,\"name\":\"Produse\",\"item\":\"https:\\\/\\\/www.blecha.at\\\/ro\\\/produse\\\/\"},{\"@type\":\"ListItem\",\"position\":3,\"name\":\"Profile standard\",\"item\":\"https:\\\/\\\/www.blecha.at\\\/ro\\\/produse\\\/profile-standard\\\/\"},{\"@type\":\"ListItem\",\"position\":4,\"name\":\"Profile unghiulare din aluminiu\"}]},{\"@type\":\"WebSite\",\"@id\":\"https:\\\/\\\/www.blecha.at\\\/#website\",\"url\":\"https:\\\/\\\/www.blecha.at\\\/\",\"name\":\"BLECHA\",\"description\":\"Eine weitere WordPress-Website\",\"potentialAction\":[{\"@type\":\"SearchAction\",\"target\":{\"@type\":\"EntryPoint\",\"urlTemplate\":\"https:\\\/\\\/www.blecha.at\\\/?s={search_term_string}\"},\"query-input\":{\"@type\":\"PropertyValueSpecification\",\"valueRequired\":true,\"valueName\":\"search_term_string\"}}],\"inLanguage\":\"ro-RO\"}]}<\/script>\n<!-- \/ Yoast SEO plugin. -->","yoast_head_json":{"title":"Profile unghiulare din aluminiu - BLECHA","robots":{"index":"index","follow":"follow","max-snippet":"max-snippet:-1","max-image-preview":"max-image-preview:large","max-video-preview":"max-video-preview:-1"},"canonical":"https:\/\/www.blecha.at\/ro\/produse\/profile-standard\/profile-unghiulare-din-aluminiu\/","og_locale":"ro_RO","og_type":"article","og_title":"Profile unghiulare din aluminiu - BLECHA","og_description":"Gama noastr\u0103 de profile unghiulare din aluminiu Oferim o selec\u021bie larg\u0103 de profile unghiulare realizate din aliajul EN AW-6060, care se distinge prin rezisten\u021b\u0103 excelent\u0103 la intemperii, bun\u0103 sudabilitate \u0219i propriet\u0103\u021bi excelente de prelucrare.Pentru cerin\u021be speciale \u2013 \u00een special \u00een domeniul construc\u021biilor din sticl\u0103 (de ex. cabine de du\u0219, pere\u021bi de sticl\u0103) \u2013 oferim profile [&hellip;]","og_url":"https:\/\/www.blecha.at\/ro\/produse\/profile-standard\/profile-unghiulare-din-aluminiu\/","og_site_name":"BLECHA","article_modified_time":"2025-10-20T11:13:57+00:00","og_image":[{"width":1900,"height":1200,"url":"https:\/\/www.blecha.at\/wp-content\/uploads\/2025\/06\/blecha-winkel.jpg","type":"image\/jpeg"}],"twitter_card":"summary_large_image","twitter_misc":{"Timp estimat pentru citire":"2 minute"},"schema":{"@context":"https:\/\/schema.org","@graph":[{"@type":"WebPage","@id":"https:\/\/www.blecha.at\/ro\/produse\/profile-standard\/profile-unghiulare-din-aluminiu\/","url":"https:\/\/www.blecha.at\/ro\/produse\/profile-standard\/profile-unghiulare-din-aluminiu\/","name":"Profile unghiulare din aluminiu - BLECHA","isPartOf":{"@id":"https:\/\/www.blecha.at\/#website"},"primaryImageOfPage":{"@id":"https:\/\/www.blecha.at\/ro\/produse\/profile-standard\/profile-unghiulare-din-aluminiu\/#primaryimage"},"image":{"@id":"https:\/\/www.blecha.at\/ro\/produse\/profile-standard\/profile-unghiulare-din-aluminiu\/#primaryimage"},"thumbnailUrl":"https:\/\/www.blecha.at\/wp-content\/uploads\/2025\/06\/blecha-winkel.jpg","datePublished":"2025-10-20T11:13:56+00:00","dateModified":"2025-10-20T11:13:57+00:00","breadcrumb":{"@id":"https:\/\/www.blecha.at\/ro\/produse\/profile-standard\/profile-unghiulare-din-aluminiu\/#breadcrumb"},"inLanguage":"ro-RO","potentialAction":[{"@type":"ReadAction","target":["https:\/\/www.blecha.at\/ro\/produse\/profile-standard\/profile-unghiulare-din-aluminiu\/"]}]},{"@type":"ImageObject","inLanguage":"ro-RO","@id":"https:\/\/www.blecha.at\/ro\/produse\/profile-standard\/profile-unghiulare-din-aluminiu\/#primaryimage","url":"https:\/\/www.blecha.at\/wp-content\/uploads\/2025\/06\/blecha-winkel.jpg","contentUrl":"https:\/\/www.blecha.at\/wp-content\/uploads\/2025\/06\/blecha-winkel.jpg","width":1900,"height":1200},{"@type":"BreadcrumbList","@id":"https:\/\/www.blecha.at\/ro\/produse\/profile-standard\/profile-unghiulare-din-aluminiu\/#breadcrumb","itemListElement":[{"@type":"ListItem","position":1,"name":"Home","item":"https:\/\/www.blecha.at\/ro\/"},{"@type":"ListItem","position":2,"name":"Produse","item":"https:\/\/www.blecha.at\/ro\/produse\/"},{"@type":"ListItem","position":3,"name":"Profile standard","item":"https:\/\/www.blecha.at\/ro\/produse\/profile-standard\/"},{"@type":"ListItem","position":4,"name":"Profile unghiulare din aluminiu"}]},{"@type":"WebSite","@id":"https:\/\/www.blecha.at\/#website","url":"https:\/\/www.blecha.at\/","name":"BLECHA","description":"Eine weitere WordPress-Website","potentialAction":[{"@type":"SearchAction","target":{"@type":"EntryPoint","urlTemplate":"https:\/\/www.blecha.at\/?s={search_term_string}"},"query-input":{"@type":"PropertyValueSpecification","valueRequired":true,"valueName":"search_term_string"}}],"inLanguage":"ro-RO"}]}},"_links":{"self":[{"href":"https:\/\/www.blecha.at\/ro\/wp-json\/wp\/v2\/pages\/30940","targetHints":{"allow":["GET"]}}],"collection":[{"href":"https:\/\/www.blecha.at\/ro\/wp-json\/wp\/v2\/pages"}],"about":[{"href":"https:\/\/www.blecha.at\/ro\/wp-json\/wp\/v2\/types\/page"}],"author":[{"embeddable":true,"href":"https:\/\/www.blecha.at\/ro\/wp-json\/wp\/v2\/users\/2"}],"replies":[{"embeddable":true,"href":"https:\/\/www.blecha.at\/ro\/wp-json\/wp\/v2\/comments?post=30940"}],"version-history":[{"count":1,"href":"https:\/\/www.blecha.at\/ro\/wp-json\/wp\/v2\/pages\/30940\/revisions"}],"predecessor-version":[{"id":30941,"href":"https:\/\/www.blecha.at\/ro\/wp-json\/wp\/v2\/pages\/30940\/revisions\/30941"}],"up":[{"embeddable":true,"href":"https:\/\/www.blecha.at\/ro\/wp-json\/wp\/v2\/pages\/6143"}],"wp:featuredmedia":[{"embeddable":true,"href":"https:\/\/www.blecha.at\/ro\/wp-json\/wp\/v2\/media\/30349"}],"wp:attachment":[{"href":"https:\/\/www.blecha.at\/ro\/wp-json\/wp\/v2\/media?parent=30940"}],"curies":[{"name":"wp","href":"https:\/\/api.w.org\/{rel}","templated":true}]}}