{"id":4810,"date":"2021-01-22T21:59:01","date_gmt":"2021-01-22T20:59:01","guid":{"rendered":"https:\/\/www.blecha.at\/rezultate\/legierungen\/"},"modified":"2021-12-15T10:55:18","modified_gmt":"2021-12-15T09:55:18","slug":"aliaje","status":"publish","type":"page","link":"https:\/\/www.blecha.at\/ro\/rezultate\/aliaje\/","title":{"rendered":"Aliaje"},"content":{"rendered":"\n<section id=\"sectionTwo\" class=\"mt-lg-n11 py-8 py-md-11 px-lg-9 border-left border-right border-right-lg-none bg-white\">\n\n\n<div class=\"wp-bootstrap-blocks-container container-fluid mb-0\">\n\t\n<div class=\"wp-bootstrap-blocks-row row mx-auto\">\n\t\n\n<div class=\"col-12 col-md-10\">\n\t\t\t\n\n<h2 class=\"text-secondary scroll-fade-bottom-up visibility-hidden wp-block-heading\">Amestecul face diferen\u021ba.<\/h2>\n\n\n\n<p class=\"scroll-fade-bottom-up visibility-hidden\">Caracteristicile aluminiului sunt foarte diferite. Aliajul potrivit le d\u0103 unicitatea. \u00cen aceea\u0219i m\u0103sur\u0103, sunt importante scopul \u0219i modalitatea. \u00centreba\u021bi echipa noastr\u0103 de consilieri cu privire la aliajul potrivit \u0219i noi vom g\u0103si cu siguran\u021b\u0103 solu\u021bia optima pentru dvs. Aliajele potrivite se diferen\u021biaz\u0103 \u0219i \u00een func\u021bie de utilizarea fiec\u0103rui profil. \u00cens\u0103 exact aceast\u0103 diversitate a op\u021biunilor ne permite s\u0103 preg\u0103tim aliajul perfect pentru dvs., prin programul de livrare al BLECHA. Bine\u00een\u021beles c\u0103 v\u0103 \u00eendeplinim cu pl\u0103cere \u0219i dorin\u021bele dvs. individuale \u00een ceea ce prive\u0219te aliajele. \u00cen acest scop, contacta\u021bi-ne cel mai bine prin intermediul formularului de contact, iar echipa noastr\u0103 competent\u0103 va g\u0103si cu siguran\u021b\u0103 solu\u021bia optim\u0103 pentru dvs. cu privire la aliajul de aluminiu.<\/p>\n\n\t<\/div>\n\n<\/div>\n\n<\/div>\n\n\n\n<\/section>\n\n\n\n<section data-jarallax=\"\" data-speed=\".8\" class=\"py-12 py-md-13 overlay overlay-black overlay-40 bg-cover jarallax\" style=\"background-image: url(\/wp-content\/uploads\/2021\/01\/blecha-aluminium-profile.jpg);\">\n  <div class=\"container\">\n    <div class=\"row mx-auto\">\n      <div class=\"col-12 col-md-10\">\n        <!-- Blockquote -->\n        <blockquote class=\"blockquote mb-0\"> \n          \n          <!-- Text -->\n          <p class=\"h2 text-white text-left font-regular scroll-fade-bottom-up visibility-hidden\">BLECHA \u00eel face posibil. V\u0103 ar\u0103t\u0103m ce aliaje preg\u0103tim pentru profilul corespunz\u0103tor.<\/p><\/blockquote><\/div><\/div><\/div><\/section>\n\n\n\n<div class=\"wp-block-file btn btn-secondary mt-4 scroll-fade-bottom-up visibility-hidden\"><a href=\"https:\/\/www.blecha.at\/wp-content\/uploads\/2021\/03\/Umschlag-Katalog-2021_DE_EN.pdf\">Deschide\u021bi tabelul cu aliaje<\/a><\/div>\n\n\n\n<\/blockquote>\n      <\/div>\n    <\/div>\n  <\/div>\n<\/section>\n","protected":false},"excerpt":{"rendered":"BLECHA \u00eel face posibil. V\u0103 ar\u0103t\u0103m ce aliaje preg\u0103tim pentru profilul corespunz\u0103tor.","protected":false},"author":2,"featured_media":4812,"parent":4596,"menu_order":0,"comment_status":"closed","ping_status":"closed","template":"page-leistungen.php","meta":{"_acf_changed":false,"footnotes":""},"class_list":["post-4810","page","type-page","status-publish","has-post-thumbnail","hentry"],"acf":[],"yoast_head":"<!-- This site is optimized with the Yoast SEO plugin v27.3 - https:\/\/yoast.com\/product\/yoast-seo-wordpress\/ -->\n<title>Aliaje | BLECHA<\/title>\n<meta name=\"description\" content=\"Caracteristicile aluminiului sunt foarte diferite. Aliajul potrivit le d\u0103 unicitatea. \u00cen aceea\u0219i m\u0103sur\u0103, sunt importante scopul \u0219i modalitatea. \u00centreba\u021bi echipa noastr\u0103 de consilieri cu privire la aliajul potrivit \u0219i noi vom g\u0103si cu siguran\u021b\u0103 solu\u021bia optima pentru dvs.\" \/>\n<meta name=\"robots\" content=\"index, follow, max-snippet:-1, max-image-preview:large, max-video-preview:-1\" \/>\n<link rel=\"canonical\" href=\"https:\/\/www.blecha.at\/ro\/rezultate\/aliaje\/\" \/>\n<meta property=\"og:locale\" content=\"ro_RO\" \/>\n<meta property=\"og:type\" content=\"article\" \/>\n<meta property=\"og:title\" content=\"Aliaje | BLECHA\" \/>\n<meta property=\"og:description\" content=\"Caracteristicile aluminiului sunt foarte diferite. Aliajul potrivit le d\u0103 unicitatea. \u00cen aceea\u0219i m\u0103sur\u0103, sunt importante scopul \u0219i modalitatea. \u00centreba\u021bi echipa noastr\u0103 de consilieri cu privire la aliajul potrivit \u0219i noi vom g\u0103si cu siguran\u021b\u0103 solu\u021bia optima pentru dvs.\" \/>\n<meta property=\"og:url\" content=\"https:\/\/www.blecha.at\/ro\/rezultate\/aliaje\/\" \/>\n<meta property=\"og:site_name\" content=\"BLECHA\" \/>\n<meta property=\"article:modified_time\" content=\"2021-12-15T09:55:18+00:00\" \/>\n<meta property=\"og:image\" content=\"https:\/\/www.blecha.at\/wp-content\/uploads\/2021\/03\/blecha-legierungen-1-thumbnail.jpg\" \/>\n\t<meta property=\"og:image:width\" content=\"1600\" \/>\n\t<meta property=\"og:image:height\" content=\"1600\" \/>\n\t<meta property=\"og:image:type\" content=\"image\/jpeg\" \/>\n<meta name=\"twitter:card\" content=\"summary_large_image\" \/>\n<meta name=\"twitter:label1\" content=\"Timp estimat pentru citire\" \/>\n\t<meta name=\"twitter:data1\" content=\"1 minut\" \/>\n<script type=\"application\/ld+json\" class=\"yoast-schema-graph\">{\"@context\":\"https:\\\/\\\/schema.org\",\"@graph\":[{\"@type\":\"WebPage\",\"@id\":\"https:\\\/\\\/www.blecha.at\\\/ro\\\/rezultate\\\/aliaje\\\/\",\"url\":\"https:\\\/\\\/www.blecha.at\\\/ro\\\/rezultate\\\/aliaje\\\/\",\"name\":\"Aliaje | BLECHA\",\"isPartOf\":{\"@id\":\"https:\\\/\\\/www.blecha.at\\\/#website\"},\"primaryImageOfPage\":{\"@id\":\"https:\\\/\\\/www.blecha.at\\\/ro\\\/rezultate\\\/aliaje\\\/#primaryimage\"},\"image\":{\"@id\":\"https:\\\/\\\/www.blecha.at\\\/ro\\\/rezultate\\\/aliaje\\\/#primaryimage\"},\"thumbnailUrl\":\"https:\\\/\\\/www.blecha.at\\\/wp-content\\\/uploads\\\/2021\\\/03\\\/blecha-legierungen-1-thumbnail.jpg\",\"datePublished\":\"2021-01-22T20:59:01+00:00\",\"dateModified\":\"2021-12-15T09:55:18+00:00\",\"description\":\"Caracteristicile aluminiului sunt foarte diferite. Aliajul potrivit le d\u0103 unicitatea. \u00cen aceea\u0219i m\u0103sur\u0103, sunt importante scopul \u0219i modalitatea. \u00centreba\u021bi echipa noastr\u0103 de consilieri cu privire la aliajul potrivit \u0219i noi vom g\u0103si cu siguran\u021b\u0103 solu\u021bia optima pentru dvs.\",\"breadcrumb\":{\"@id\":\"https:\\\/\\\/www.blecha.at\\\/ro\\\/rezultate\\\/aliaje\\\/#breadcrumb\"},\"inLanguage\":\"ro-RO\",\"potentialAction\":[{\"@type\":\"ReadAction\",\"target\":[\"https:\\\/\\\/www.blecha.at\\\/ro\\\/rezultate\\\/aliaje\\\/\"]}]},{\"@type\":\"ImageObject\",\"inLanguage\":\"ro-RO\",\"@id\":\"https:\\\/\\\/www.blecha.at\\\/ro\\\/rezultate\\\/aliaje\\\/#primaryimage\",\"url\":\"https:\\\/\\\/www.blecha.at\\\/wp-content\\\/uploads\\\/2021\\\/03\\\/blecha-legierungen-1-thumbnail.jpg\",\"contentUrl\":\"https:\\\/\\\/www.blecha.at\\\/wp-content\\\/uploads\\\/2021\\\/03\\\/blecha-legierungen-1-thumbnail.jpg\",\"width\":1600,\"height\":1600},{\"@type\":\"BreadcrumbList\",\"@id\":\"https:\\\/\\\/www.blecha.at\\\/ro\\\/rezultate\\\/aliaje\\\/#breadcrumb\",\"itemListElement\":[{\"@type\":\"ListItem\",\"position\":1,\"name\":\"Home\",\"item\":\"https:\\\/\\\/www.blecha.at\\\/ro\\\/\"},{\"@type\":\"ListItem\",\"position\":2,\"name\":\"Rezultate\",\"item\":\"https:\\\/\\\/www.blecha.at\\\/ro\\\/rezultate\\\/\"},{\"@type\":\"ListItem\",\"position\":3,\"name\":\"Aliaje\"}]},{\"@type\":\"WebSite\",\"@id\":\"https:\\\/\\\/www.blecha.at\\\/#website\",\"url\":\"https:\\\/\\\/www.blecha.at\\\/\",\"name\":\"BLECHA\",\"description\":\"Eine weitere WordPress-Website\",\"potentialAction\":[{\"@type\":\"SearchAction\",\"target\":{\"@type\":\"EntryPoint\",\"urlTemplate\":\"https:\\\/\\\/www.blecha.at\\\/?s={search_term_string}\"},\"query-input\":{\"@type\":\"PropertyValueSpecification\",\"valueRequired\":true,\"valueName\":\"search_term_string\"}}],\"inLanguage\":\"ro-RO\"}]}<\/script>\n<!-- \/ Yoast SEO plugin. -->","yoast_head_json":{"title":"Aliaje | BLECHA","description":"Caracteristicile aluminiului sunt foarte diferite. Aliajul potrivit le d\u0103 unicitatea. \u00cen aceea\u0219i m\u0103sur\u0103, sunt importante scopul \u0219i modalitatea. \u00centreba\u021bi echipa noastr\u0103 de consilieri cu privire la aliajul potrivit \u0219i noi vom g\u0103si cu siguran\u021b\u0103 solu\u021bia optima pentru dvs.","robots":{"index":"index","follow":"follow","max-snippet":"max-snippet:-1","max-image-preview":"max-image-preview:large","max-video-preview":"max-video-preview:-1"},"canonical":"https:\/\/www.blecha.at\/ro\/rezultate\/aliaje\/","og_locale":"ro_RO","og_type":"article","og_title":"Aliaje | BLECHA","og_description":"Caracteristicile aluminiului sunt foarte diferite. Aliajul potrivit le d\u0103 unicitatea. \u00cen aceea\u0219i m\u0103sur\u0103, sunt importante scopul \u0219i modalitatea. \u00centreba\u021bi echipa noastr\u0103 de consilieri cu privire la aliajul potrivit \u0219i noi vom g\u0103si cu siguran\u021b\u0103 solu\u021bia optima pentru dvs.","og_url":"https:\/\/www.blecha.at\/ro\/rezultate\/aliaje\/","og_site_name":"BLECHA","article_modified_time":"2021-12-15T09:55:18+00:00","og_image":[{"width":1600,"height":1600,"url":"https:\/\/www.blecha.at\/wp-content\/uploads\/2021\/03\/blecha-legierungen-1-thumbnail.jpg","type":"image\/jpeg"}],"twitter_card":"summary_large_image","twitter_misc":{"Timp estimat pentru citire":"1 minut"},"schema":{"@context":"https:\/\/schema.org","@graph":[{"@type":"WebPage","@id":"https:\/\/www.blecha.at\/ro\/rezultate\/aliaje\/","url":"https:\/\/www.blecha.at\/ro\/rezultate\/aliaje\/","name":"Aliaje | BLECHA","isPartOf":{"@id":"https:\/\/www.blecha.at\/#website"},"primaryImageOfPage":{"@id":"https:\/\/www.blecha.at\/ro\/rezultate\/aliaje\/#primaryimage"},"image":{"@id":"https:\/\/www.blecha.at\/ro\/rezultate\/aliaje\/#primaryimage"},"thumbnailUrl":"https:\/\/www.blecha.at\/wp-content\/uploads\/2021\/03\/blecha-legierungen-1-thumbnail.jpg","datePublished":"2021-01-22T20:59:01+00:00","dateModified":"2021-12-15T09:55:18+00:00","description":"Caracteristicile aluminiului sunt foarte diferite. Aliajul potrivit le d\u0103 unicitatea. \u00cen aceea\u0219i m\u0103sur\u0103, sunt importante scopul \u0219i modalitatea. \u00centreba\u021bi echipa noastr\u0103 de consilieri cu privire la aliajul potrivit \u0219i noi vom g\u0103si cu siguran\u021b\u0103 solu\u021bia optima pentru dvs.","breadcrumb":{"@id":"https:\/\/www.blecha.at\/ro\/rezultate\/aliaje\/#breadcrumb"},"inLanguage":"ro-RO","potentialAction":[{"@type":"ReadAction","target":["https:\/\/www.blecha.at\/ro\/rezultate\/aliaje\/"]}]},{"@type":"ImageObject","inLanguage":"ro-RO","@id":"https:\/\/www.blecha.at\/ro\/rezultate\/aliaje\/#primaryimage","url":"https:\/\/www.blecha.at\/wp-content\/uploads\/2021\/03\/blecha-legierungen-1-thumbnail.jpg","contentUrl":"https:\/\/www.blecha.at\/wp-content\/uploads\/2021\/03\/blecha-legierungen-1-thumbnail.jpg","width":1600,"height":1600},{"@type":"BreadcrumbList","@id":"https:\/\/www.blecha.at\/ro\/rezultate\/aliaje\/#breadcrumb","itemListElement":[{"@type":"ListItem","position":1,"name":"Home","item":"https:\/\/www.blecha.at\/ro\/"},{"@type":"ListItem","position":2,"name":"Rezultate","item":"https:\/\/www.blecha.at\/ro\/rezultate\/"},{"@type":"ListItem","position":3,"name":"Aliaje"}]},{"@type":"WebSite","@id":"https:\/\/www.blecha.at\/#website","url":"https:\/\/www.blecha.at\/","name":"BLECHA","description":"Eine weitere WordPress-Website","potentialAction":[{"@type":"SearchAction","target":{"@type":"EntryPoint","urlTemplate":"https:\/\/www.blecha.at\/?s={search_term_string}"},"query-input":{"@type":"PropertyValueSpecification","valueRequired":true,"valueName":"search_term_string"}}],"inLanguage":"ro-RO"}]}},"_links":{"self":[{"href":"https:\/\/www.blecha.at\/ro\/wp-json\/wp\/v2\/pages\/4810","targetHints":{"allow":["GET"]}}],"collection":[{"href":"https:\/\/www.blecha.at\/ro\/wp-json\/wp\/v2\/pages"}],"about":[{"href":"https:\/\/www.blecha.at\/ro\/wp-json\/wp\/v2\/types\/page"}],"author":[{"embeddable":true,"href":"https:\/\/www.blecha.at\/ro\/wp-json\/wp\/v2\/users\/2"}],"replies":[{"embeddable":true,"href":"https:\/\/www.blecha.at\/ro\/wp-json\/wp\/v2\/comments?post=4810"}],"version-history":[{"count":8,"href":"https:\/\/www.blecha.at\/ro\/wp-json\/wp\/v2\/pages\/4810\/revisions"}],"predecessor-version":[{"id":12842,"href":"https:\/\/www.blecha.at\/ro\/wp-json\/wp\/v2\/pages\/4810\/revisions\/12842"}],"up":[{"embeddable":true,"href":"https:\/\/www.blecha.at\/ro\/wp-json\/wp\/v2\/pages\/4596"}],"wp:featuredmedia":[{"embeddable":true,"href":"https:\/\/www.blecha.at\/ro\/wp-json\/wp\/v2\/media\/4812"}],"wp:attachment":[{"href":"https:\/\/www.blecha.at\/ro\/wp-json\/wp\/v2\/media?parent=4810"}],"curies":[{"name":"wp","href":"https:\/\/api.w.org\/{rel}","templated":true}]}}