{"id":5503,"date":"2021-02-16T17:48:58","date_gmt":"2021-02-16T16:48:58","guid":{"rendered":"https:\/\/www.blecha.at\/rezultate\/zuschnitte\/"},"modified":"2021-10-04T09:48:55","modified_gmt":"2021-10-04T07:48:55","slug":"taieri","status":"publish","type":"page","link":"https:\/\/www.blecha.at\/ro\/rezultate\/taieri\/","title":{"rendered":"Zuschnitte"},"content":{"rendered":"\n<section id=\"sectionTwo\" class=\"mt-lg-n11 py-8 py-md-11 px-lg-9 border-left border-right border-right-lg-none bg-white\">\n\n\n<div class=\"wp-bootstrap-blocks-container container-fluid mb-0\">\n\t\n<div class=\"wp-bootstrap-blocks-row row mx-auto\">\n\t\n\n<div class=\"col-12 col-md-10\">\n\t\t\t\n\n<h2 class=\"text-secondary scroll-fade-bottom-up visibility-hidden wp-block-heading\">Precizie f\u0103r\u0103 compromisuri.<\/h2>\n\n\n\n<p class=\"mb-7 scroll-fade-bottom-up visibility-hidden\">Bucura\u021bi-v\u0103 de precizie la un nou nivel. Cu ajutorul celei mai moderne tehnologii \u0219i precizii nanometrice, oferim clien\u021bilor no\u0219tri exact ceea ce au nevoie. Fie c\u0103 este vorba de t\u0103ieri unghiulare, diverse t\u0103ieri ale m\u0103rfurilor livrate sau a pieselor asamblate. Cu o precizie a t\u0103ierii de +\/- 0,2 mm, ob\u021bine\u021bi exact ceea ce dori\u021bi. Garantat.<\/p>\n\n\n\n<div class=\"d-flex text-left scroll-fade-bottom-up visibility-hidden\">\n<div class=\"badge badge-rounded-circle badge-primary-soft mt-1 mr-4\">\n<i class=\"fe fe-check\"><\/i>\n<\/div><p class=\"text-primary\">Diametru de p\u00e2n\u0103 la 540 mm<\/p><\/div>\n\n<div class=\"d-flex text-left scroll-fade-bottom-up visibility-hidden\">\n<div class=\"badge badge-rounded-circle badge-primary-soft mt-1 mr-4\">\n<i class=\"fe fe-check\"><\/i>\n<\/div><p class=\"text-primary\">Lungime de la 5 mm<\/p><\/div>\n\n<div class=\"d-flex text-left scroll-fade-bottom-up visibility-hidden\">\n<div class=\"badge badge-rounded-circle badge-primary-soft mt-1 mr-4\">\n<i class=\"fe fe-check\"><\/i>\n<\/div><p class=\"text-primary\">Precizie a t\u0103ierii de p\u00e2n\u0103 la +\/- 0,2 mm<\/p><\/div>\n\n<div class=\"d-flex text-left scroll-fade-bottom-up visibility-hidden\">\n<div class=\"badge badge-rounded-circle badge-primary-soft mt-1 mr-4\">\n<i class=\"fe fe-check\"><\/i>\n<\/div><p class=\"text-primary\">T\u0103ieri unghiulare 20\u00b0 st\u00e2nga p\u00e2n\u0103 la 20\u00b0 dreapta<\/p><\/div>\n\n<div class=\"d-flex text-left scroll-fade-bottom-up visibility-hidden\">\n<div class=\"badge badge-rounded-circle badge-primary-soft mt-1 mr-4\">\n<i class=\"fe fe-check\"><\/i>\n<\/div><p class=\"text-primary\">La alegere, u\u0219or bavurate sau debavurate<\/p><\/div>\n\n<div class=\"d-flex text-left scroll-fade-bottom-up visibility-hidden\">\n<div class=\"badge badge-rounded-circle badge-primary-soft mt-1 mr-4\">\n<i class=\"fe fe-check\"><\/i>\n<\/div><p class=\"text-primary\">Procesarea m\u0103rfurilor puse la dispozi\u021bie<\/p><\/div>\n\n<div class=\"d-flex text-left scroll-fade-bottom-up visibility-hidden\">\n<div class=\"badge badge-rounded-circle badge-primary-soft mt-1 mr-4\">\n<i class=\"fe fe-check\"><\/i>\n<\/div><p class=\"text-primary\">Timp scurt de livrare<\/p><\/div>\n\n\t<\/div>\n\n<\/div>\n\n<\/div>\n\n\n\n<\/section>\n\n\n\n<section class=\"py-8 py-md-11 px-lg-9 border-left border-right border-top border-right-lg-none bg-white\">\n\n\n<div class=\"wp-bootstrap-blocks-container container-fluid mb-0\">\n\t\n<div class=\"wp-bootstrap-blocks-row row mx-auto\">\n\t\n\n<div class=\"col-12 col-md-10\">\n\t\t\t\n\n<h2 class=\"text-secondary mb-7 scroll-fade-bottom-up visibility-hidden wp-block-heading\">Resurse media<\/h2>\n\n\n\n<h3 class=\"mb-7 scroll-fade-bottom-up visibility-hidden wp-block-heading\">Fer\u0103straie circulare<\/h3>\n\n\t<\/div>\n\n<\/div>\n\n\n<div class=\"wp-bootstrap-blocks-row row mx-auto\">\n\t\n\n<div class=\"col-12 col-lg-4 mb-6 text-left\">\n\t\t\t\n\n<figure class=\"wp-block-embed is-type-video is-provider-youtube wp-block-embed-youtube wp-embed-aspect-4-3 wp-has-aspect-ratio\"><div class=\"wp-block-embed__wrapper\">\n<iframe loading=\"lazy\" title=\"Kreiss\u00e4ge KAIMAN PIX 700 THETA bei Firma Blecha\" width=\"500\" height=\"375\" src=\"https:\/\/www.youtube.com\/embed\/Bu2gJgZqzlk?feature=oembed\" frameborder=\"0\" allow=\"accelerometer; autoplay; clipboard-write; encrypted-media; gyroscope; picture-in-picture; web-share\" referrerpolicy=\"strict-origin-when-cross-origin\" allowfullscreen><\/iframe>\n<\/div><\/figure>\n\n\n\n<h5 class=\"wp-block-heading\">KAIMAN PIX 700 THETA<\/h5>\n\n\n\n<p>Acest fer\u0103str\u0103u circular pentru t\u0103ieri sub pardoseal\u0103, cu pozi\u021bionare electronica, taie \u021bevi circulare cu un diametru maxim de 270 mm.<\/p>\n\n\t<\/div>\n\n\n\n<div class=\"col-12 col-lg-4 mb-6 text-left\">\n\t\t\t\n\n<figure class=\"wp-block-embed is-type-video is-provider-youtube wp-block-embed-youtube wp-embed-aspect-4-3 wp-has-aspect-ratio\"><div class=\"wp-block-embed__wrapper\">\n<iframe loading=\"lazy\" title=\"Kreiss\u00e4ge SPRING ECHO bei Firma Blecha\" width=\"500\" height=\"375\" src=\"https:\/\/www.youtube.com\/embed\/NP5dkrGFrC0?feature=oembed\" frameborder=\"0\" allow=\"accelerometer; autoplay; clipboard-write; encrypted-media; gyroscope; picture-in-picture; web-share\" referrerpolicy=\"strict-origin-when-cross-origin\" allowfullscreen><\/iframe>\n<\/div><\/figure>\n\n\n\n<h5 class=\"wp-block-heading\">SPRING ECHO<\/h5>\n\n\n\n<p>Acest fer\u0103str\u0103u circular pentru t\u0103ieri unghiulare, cu o lama orizontal\u0103, taie profile din aluminiu cu un diametru de p\u00e2n\u0103 la 145 mm \u0219i dispune de un control pneumatic al t\u0103ierii..<\/p>\n\n\t<\/div>\n\n\n\n<div class=\"col-12 col-lg-4 mb-6 text-left\">\n\t\t\t\n\n<figure class=\"wp-block-embed is-type-video is-provider-youtube wp-block-embed-youtube wp-embed-aspect-4-3 wp-has-aspect-ratio\"><div class=\"wp-block-embed__wrapper\">\n<iframe loading=\"lazy\" title=\"Kreiss\u00e4ge MIRAGE 600 bei Firma Blecha\" width=\"500\" height=\"375\" src=\"https:\/\/www.youtube.com\/embed\/rDxg8R-LxNs?feature=oembed\" frameborder=\"0\" allow=\"accelerometer; autoplay; clipboard-write; encrypted-media; gyroscope; picture-in-picture; web-share\" referrerpolicy=\"strict-origin-when-cross-origin\" allowfullscreen><\/iframe>\n<\/div><\/figure>\n\n\n\n<h5 class=\"wp-block-heading\">MIRAGE 600<\/h5>\n\n\n\n<p>Mirage 600 este perfect pentru t\u0103ieri de propor\u021bii mari pentru c\u0103 dispune de un rezervor \u0219i o plac\u0103 de desc\u0103rcare. Cu ajutorul acestui fer\u0103str\u0103u, se pot t\u0103ia \u021bevi circulare cu un diametru de p\u00e2n\u0103 la 215 mm \u0219i material din aluminiu de maxim 80 mm.<\/p>\n\n\t<\/div>\n\n\n\n<div class=\"col-12 col-lg-4 text-left\">\n\t\t\t\n\n<figure class=\"wp-block-embed is-type-video is-provider-youtube wp-block-embed-youtube wp-embed-aspect-16-9 wp-has-aspect-ratio\"><div class=\"wp-block-embed__wrapper\">\n<iframe loading=\"lazy\" title=\"Kreissaege Spring Theta A Firma Blecha\" width=\"500\" height=\"281\" src=\"https:\/\/www.youtube.com\/embed\/VfqVpOdTzLw?feature=oembed\" frameborder=\"0\" allow=\"accelerometer; autoplay; clipboard-write; encrypted-media; gyroscope; picture-in-picture; web-share\" referrerpolicy=\"strict-origin-when-cross-origin\" allowfullscreen><\/iframe>\n<\/div><\/figure>\n\n\n\n<h5 class=\"wp-block-heading\">SPRING THETA A<\/h5>\n\n\n\n<p>Spring Theta A este un fer\u0103str\u0103u unghiular cu o lam\u0103 orizontal\u0103 \u0219i un diametru de 550 mm. Acesta taie profile de p\u00e2n\u0103 la 210 mm \u00een diametru \u0219i are un control al unghiului de 20\u00b0 st\u00e2nga p\u00e2n\u0103 la 20\u00b0 dreapta. Cu acesta, ave\u021bi o precizie a t\u0103ierii de p\u00e2n\u0103 la +\/- 0,5 mm.<\/p>\n\n\t<\/div>\n\n<\/div>\n\n\n<div class=\"wp-bootstrap-blocks-row row mx-auto\">\n\t\n\n<div class=\"col-12 col-md-10\">\n\t\t\t\n\n<h3 class=\"mt-7 mb-7 scroll-fade-bottom-up visibility-hidden wp-block-heading\">Fer\u0103straie cu band\u0103<\/h3>\n\n\t<\/div>\n\n<\/div>\n\n\n<div class=\"wp-bootstrap-blocks-row row mx-auto\">\n\t\n\n<div class=\"col-12 col-lg-4 mb-6 mb-lg-0 text-left\">\n\t\t\t\n\n<figure class=\"wp-block-embed is-type-video is-provider-youtube wp-block-embed-youtube wp-embed-aspect-4-3 wp-has-aspect-ratio\"><div class=\"wp-block-embed__wrapper\">\n<iframe loading=\"lazy\" title=\"Bands\u00e4ge BEHRINGER HBM540 ALU bei Firma Blecha\" width=\"500\" height=\"375\" src=\"https:\/\/www.youtube.com\/embed\/xnLM0N5sv8Q?feature=oembed\" frameborder=\"0\" allow=\"accelerometer; autoplay; clipboard-write; encrypted-media; gyroscope; picture-in-picture; web-share\" referrerpolicy=\"strict-origin-when-cross-origin\" allowfullscreen><\/iframe>\n<\/div><\/figure>\n\n\n\n<h5 class=\"wp-block-heading\">BEHRINGER HBM540 ALU<\/h5>\n\n\n\n<p>Acest fer\u0103str\u0103u cu band\u0103 complet hidraulic \u0219i de \u00eenalt\u0103 performan\u021b\u0103 acoper\u0103 suprafa\u021ba de t\u0103iere a barelor circulare cu un diametru de 54 mm, iar \u00een cazul barelor plate \u0219i al tuburilor, p\u00e2n\u0103 la 630&#215;540 mm. \u00cens\u0103 grosimea minim\u0103 a peretelui \u00een cazul profilelor goale trebuie s\u0103 fie 5 mm, \u00een caz contrar, profilele se deformeaz\u0103 \u00een timpul t\u0103ierii.<\/p>\n\n\t<\/div>\n\n\n\n<div class=\"col-12 col-lg-4 mb-6 mb-lg-0 text-left\">\n\t\t\t\n\n<figure class=\"wp-block-embed is-type-video is-provider-youtube wp-block-embed-youtube wp-embed-aspect-16-9 wp-has-aspect-ratio\"><div class=\"wp-block-embed__wrapper\">\n<iframe loading=\"lazy\" title=\"Bandsaege Behringer Firma Blecha\" width=\"500\" height=\"281\" src=\"https:\/\/www.youtube.com\/embed\/GQO1aMU6n_4?feature=oembed\" frameborder=\"0\" allow=\"accelerometer; autoplay; clipboard-write; encrypted-media; gyroscope; picture-in-picture; web-share\" referrerpolicy=\"strict-origin-when-cross-origin\" allowfullscreen><\/iframe>\n<\/div><\/figure>\n\n\n\n<h5 class=\"wp-block-heading\">FER\u0102STRAIE CU BAND\u0102 \u00ceN AC\u021aIUNE<\/h5>\n\n\t<\/div>\n\n<\/div>\n\n<\/div>\n\n\n\n<\/section>\n","protected":false},"excerpt":{"rendered":"","protected":false},"author":2,"featured_media":5505,"parent":4596,"menu_order":0,"comment_status":"closed","ping_status":"closed","template":"page-leistungen.php","meta":{"_acf_changed":false,"footnotes":""},"class_list":["post-5503","page","type-page","status-publish","has-post-thumbnail","hentry"],"acf":[],"yoast_head":"<!-- This site is optimized with the Yoast SEO plugin v27.3 - https:\/\/yoast.com\/product\/yoast-seo-wordpress\/ -->\n<title>T\u0103ieri precise | BLECHA<\/title>\n<meta name=\"description\" content=\"Precizie f\u0103r\u0103 compromisuri. Fie c\u0103 este vorba de t\u0103ieri unghiulare, diverse t\u0103ieri ale m\u0103rfurilor livrate sau a pieselor asamblate. Cu o precizie a t\u0103ierii de +\/- 0,2 mm, ob\u021bine\u021bi exact ceea ce dori\u021bi. Garantat.\" \/>\n<meta name=\"robots\" content=\"index, follow, max-snippet:-1, max-image-preview:large, max-video-preview:-1\" \/>\n<link rel=\"canonical\" href=\"https:\/\/www.blecha.at\/ro\/rezultate\/taieri\/\" \/>\n<meta property=\"og:locale\" content=\"ro_RO\" \/>\n<meta property=\"og:type\" content=\"article\" \/>\n<meta property=\"og:title\" content=\"T\u0103ieri precise | BLECHA\" \/>\n<meta property=\"og:description\" content=\"Precizie f\u0103r\u0103 compromisuri. Fie c\u0103 este vorba de t\u0103ieri unghiulare, diverse t\u0103ieri ale m\u0103rfurilor livrate sau a pieselor asamblate. Cu o precizie a t\u0103ierii de +\/- 0,2 mm, ob\u021bine\u021bi exact ceea ce dori\u021bi. Garantat.\" \/>\n<meta property=\"og:url\" content=\"https:\/\/www.blecha.at\/ro\/rezultate\/taieri\/\" \/>\n<meta property=\"og:site_name\" content=\"BLECHA\" \/>\n<meta property=\"article:modified_time\" content=\"2021-10-04T07:48:55+00:00\" \/>\n<meta property=\"og:image\" content=\"https:\/\/www.blecha.at\/wp-content\/uploads\/2021\/03\/blecha-zuschnitte-1-thumbnail.jpg\" \/>\n\t<meta property=\"og:image:width\" content=\"1600\" \/>\n\t<meta property=\"og:image:height\" content=\"1600\" \/>\n\t<meta property=\"og:image:type\" content=\"image\/jpeg\" \/>\n<meta name=\"twitter:card\" content=\"summary_large_image\" \/>\n<meta name=\"twitter:label1\" content=\"Timp estimat pentru citire\" \/>\n\t<meta name=\"twitter:data1\" content=\"2 minute\" \/>\n<script type=\"application\/ld+json\" class=\"yoast-schema-graph\">{\"@context\":\"https:\\\/\\\/schema.org\",\"@graph\":[{\"@type\":\"WebPage\",\"@id\":\"https:\\\/\\\/www.blecha.at\\\/ro\\\/rezultate\\\/taieri\\\/\",\"url\":\"https:\\\/\\\/www.blecha.at\\\/ro\\\/rezultate\\\/taieri\\\/\",\"name\":\"T\u0103ieri precise | BLECHA\",\"isPartOf\":{\"@id\":\"https:\\\/\\\/www.blecha.at\\\/#website\"},\"primaryImageOfPage\":{\"@id\":\"https:\\\/\\\/www.blecha.at\\\/ro\\\/rezultate\\\/taieri\\\/#primaryimage\"},\"image\":{\"@id\":\"https:\\\/\\\/www.blecha.at\\\/ro\\\/rezultate\\\/taieri\\\/#primaryimage\"},\"thumbnailUrl\":\"https:\\\/\\\/www.blecha.at\\\/wp-content\\\/uploads\\\/2021\\\/03\\\/blecha-zuschnitte-1-thumbnail.jpg\",\"datePublished\":\"2021-02-16T16:48:58+00:00\",\"dateModified\":\"2021-10-04T07:48:55+00:00\",\"description\":\"Precizie f\u0103r\u0103 compromisuri. Fie c\u0103 este vorba de t\u0103ieri unghiulare, diverse t\u0103ieri ale m\u0103rfurilor livrate sau a pieselor asamblate. Cu o precizie a t\u0103ierii de +\\\/- 0,2 mm, ob\u021bine\u021bi exact ceea ce dori\u021bi. Garantat.\",\"breadcrumb\":{\"@id\":\"https:\\\/\\\/www.blecha.at\\\/ro\\\/rezultate\\\/taieri\\\/#breadcrumb\"},\"inLanguage\":\"ro-RO\",\"potentialAction\":[{\"@type\":\"ReadAction\",\"target\":[\"https:\\\/\\\/www.blecha.at\\\/ro\\\/rezultate\\\/taieri\\\/\"]}]},{\"@type\":\"ImageObject\",\"inLanguage\":\"ro-RO\",\"@id\":\"https:\\\/\\\/www.blecha.at\\\/ro\\\/rezultate\\\/taieri\\\/#primaryimage\",\"url\":\"https:\\\/\\\/www.blecha.at\\\/wp-content\\\/uploads\\\/2021\\\/03\\\/blecha-zuschnitte-1-thumbnail.jpg\",\"contentUrl\":\"https:\\\/\\\/www.blecha.at\\\/wp-content\\\/uploads\\\/2021\\\/03\\\/blecha-zuschnitte-1-thumbnail.jpg\",\"width\":1600,\"height\":1600},{\"@type\":\"BreadcrumbList\",\"@id\":\"https:\\\/\\\/www.blecha.at\\\/ro\\\/rezultate\\\/taieri\\\/#breadcrumb\",\"itemListElement\":[{\"@type\":\"ListItem\",\"position\":1,\"name\":\"Home\",\"item\":\"https:\\\/\\\/www.blecha.at\\\/ro\\\/\"},{\"@type\":\"ListItem\",\"position\":2,\"name\":\"Rezultate\",\"item\":\"https:\\\/\\\/www.blecha.at\\\/ro\\\/rezultate\\\/\"},{\"@type\":\"ListItem\",\"position\":3,\"name\":\"Zuschnitte\"}]},{\"@type\":\"WebSite\",\"@id\":\"https:\\\/\\\/www.blecha.at\\\/#website\",\"url\":\"https:\\\/\\\/www.blecha.at\\\/\",\"name\":\"BLECHA\",\"description\":\"Eine weitere WordPress-Website\",\"potentialAction\":[{\"@type\":\"SearchAction\",\"target\":{\"@type\":\"EntryPoint\",\"urlTemplate\":\"https:\\\/\\\/www.blecha.at\\\/?s={search_term_string}\"},\"query-input\":{\"@type\":\"PropertyValueSpecification\",\"valueRequired\":true,\"valueName\":\"search_term_string\"}}],\"inLanguage\":\"ro-RO\"}]}<\/script>\n<!-- \/ Yoast SEO plugin. -->","yoast_head_json":{"title":"T\u0103ieri precise | BLECHA","description":"Precizie f\u0103r\u0103 compromisuri. Fie c\u0103 este vorba de t\u0103ieri unghiulare, diverse t\u0103ieri ale m\u0103rfurilor livrate sau a pieselor asamblate. Cu o precizie a t\u0103ierii de +\/- 0,2 mm, ob\u021bine\u021bi exact ceea ce dori\u021bi. Garantat.","robots":{"index":"index","follow":"follow","max-snippet":"max-snippet:-1","max-image-preview":"max-image-preview:large","max-video-preview":"max-video-preview:-1"},"canonical":"https:\/\/www.blecha.at\/ro\/rezultate\/taieri\/","og_locale":"ro_RO","og_type":"article","og_title":"T\u0103ieri precise | BLECHA","og_description":"Precizie f\u0103r\u0103 compromisuri. Fie c\u0103 este vorba de t\u0103ieri unghiulare, diverse t\u0103ieri ale m\u0103rfurilor livrate sau a pieselor asamblate. Cu o precizie a t\u0103ierii de +\/- 0,2 mm, ob\u021bine\u021bi exact ceea ce dori\u021bi. Garantat.","og_url":"https:\/\/www.blecha.at\/ro\/rezultate\/taieri\/","og_site_name":"BLECHA","article_modified_time":"2021-10-04T07:48:55+00:00","og_image":[{"width":1600,"height":1600,"url":"https:\/\/www.blecha.at\/wp-content\/uploads\/2021\/03\/blecha-zuschnitte-1-thumbnail.jpg","type":"image\/jpeg"}],"twitter_card":"summary_large_image","twitter_misc":{"Timp estimat pentru citire":"2 minute"},"schema":{"@context":"https:\/\/schema.org","@graph":[{"@type":"WebPage","@id":"https:\/\/www.blecha.at\/ro\/rezultate\/taieri\/","url":"https:\/\/www.blecha.at\/ro\/rezultate\/taieri\/","name":"T\u0103ieri precise | BLECHA","isPartOf":{"@id":"https:\/\/www.blecha.at\/#website"},"primaryImageOfPage":{"@id":"https:\/\/www.blecha.at\/ro\/rezultate\/taieri\/#primaryimage"},"image":{"@id":"https:\/\/www.blecha.at\/ro\/rezultate\/taieri\/#primaryimage"},"thumbnailUrl":"https:\/\/www.blecha.at\/wp-content\/uploads\/2021\/03\/blecha-zuschnitte-1-thumbnail.jpg","datePublished":"2021-02-16T16:48:58+00:00","dateModified":"2021-10-04T07:48:55+00:00","description":"Precizie f\u0103r\u0103 compromisuri. Fie c\u0103 este vorba de t\u0103ieri unghiulare, diverse t\u0103ieri ale m\u0103rfurilor livrate sau a pieselor asamblate. Cu o precizie a t\u0103ierii de +\/- 0,2 mm, ob\u021bine\u021bi exact ceea ce dori\u021bi. Garantat.","breadcrumb":{"@id":"https:\/\/www.blecha.at\/ro\/rezultate\/taieri\/#breadcrumb"},"inLanguage":"ro-RO","potentialAction":[{"@type":"ReadAction","target":["https:\/\/www.blecha.at\/ro\/rezultate\/taieri\/"]}]},{"@type":"ImageObject","inLanguage":"ro-RO","@id":"https:\/\/www.blecha.at\/ro\/rezultate\/taieri\/#primaryimage","url":"https:\/\/www.blecha.at\/wp-content\/uploads\/2021\/03\/blecha-zuschnitte-1-thumbnail.jpg","contentUrl":"https:\/\/www.blecha.at\/wp-content\/uploads\/2021\/03\/blecha-zuschnitte-1-thumbnail.jpg","width":1600,"height":1600},{"@type":"BreadcrumbList","@id":"https:\/\/www.blecha.at\/ro\/rezultate\/taieri\/#breadcrumb","itemListElement":[{"@type":"ListItem","position":1,"name":"Home","item":"https:\/\/www.blecha.at\/ro\/"},{"@type":"ListItem","position":2,"name":"Rezultate","item":"https:\/\/www.blecha.at\/ro\/rezultate\/"},{"@type":"ListItem","position":3,"name":"Zuschnitte"}]},{"@type":"WebSite","@id":"https:\/\/www.blecha.at\/#website","url":"https:\/\/www.blecha.at\/","name":"BLECHA","description":"Eine weitere WordPress-Website","potentialAction":[{"@type":"SearchAction","target":{"@type":"EntryPoint","urlTemplate":"https:\/\/www.blecha.at\/?s={search_term_string}"},"query-input":{"@type":"PropertyValueSpecification","valueRequired":true,"valueName":"search_term_string"}}],"inLanguage":"ro-RO"}]}},"_links":{"self":[{"href":"https:\/\/www.blecha.at\/ro\/wp-json\/wp\/v2\/pages\/5503","targetHints":{"allow":["GET"]}}],"collection":[{"href":"https:\/\/www.blecha.at\/ro\/wp-json\/wp\/v2\/pages"}],"about":[{"href":"https:\/\/www.blecha.at\/ro\/wp-json\/wp\/v2\/types\/page"}],"author":[{"embeddable":true,"href":"https:\/\/www.blecha.at\/ro\/wp-json\/wp\/v2\/users\/2"}],"replies":[{"embeddable":true,"href":"https:\/\/www.blecha.at\/ro\/wp-json\/wp\/v2\/comments?post=5503"}],"version-history":[{"count":2,"href":"https:\/\/www.blecha.at\/ro\/wp-json\/wp\/v2\/pages\/5503\/revisions"}],"predecessor-version":[{"id":5508,"href":"https:\/\/www.blecha.at\/ro\/wp-json\/wp\/v2\/pages\/5503\/revisions\/5508"}],"up":[{"embeddable":true,"href":"https:\/\/www.blecha.at\/ro\/wp-json\/wp\/v2\/pages\/4596"}],"wp:featuredmedia":[{"embeddable":true,"href":"https:\/\/www.blecha.at\/ro\/wp-json\/wp\/v2\/media\/5505"}],"wp:attachment":[{"href":"https:\/\/www.blecha.at\/ro\/wp-json\/wp\/v2\/media?parent=5503"}],"curies":[{"name":"wp","href":"https:\/\/api.w.org\/{rel}","templated":true}]}}