{"id":6143,"date":"2021-01-22T22:11:16","date_gmt":"2021-01-22T21:11:16","guid":{"rendered":"https:\/\/www.blecha.at\/produse\/standardprofile\/"},"modified":"2024-06-27T21:28:47","modified_gmt":"2024-06-27T19:28:47","slug":"profile-standard","status":"publish","type":"page","link":"https:\/\/www.blecha.at\/ro\/produse\/profile-standard\/","title":{"rendered":"Profile standard"},"content":{"rendered":"\n<section id=\"sectionTwo\" class=\"mt-lg-n11 py-8 py-md-11 px-lg-9 border-left border-right border-right-lg-none bg-white\">\n\n\n<div class=\"wp-bootstrap-blocks-container container-fluid mb-0\">\n\t\n<div class=\"wp-bootstrap-blocks-row row mx-auto\">\n\t\n\n<div class=\"col-12 col-md-10\">\n\t\t\t\n\n<h2 class=\"wp-block-heading text-secondary scroll-fade-bottom-up visibility-hidden\" id=\"de-la-profile-flutz-pana-la-profile-z-\u021bevi-ovale-sau-circulare-pana-la-profile-de-tip-u-\u0219i-profile-speciale\">De la profile FLUTZ p\u00e2n\u0103 la profile Z.<br>\u021aevi ovale sau circulare, p\u00e2n\u0103 la profile de tip U \u0219i profile speciale.<\/h2>\n\n\n\n<h3 class=\"wp-block-heading scroll-fade-bottom-up visibility-hidden\" id=\"profile-standard-\u0219i-profile-speciale-din-aluminiu\">Profile standard \u0219i profile speciale din aluminiu<\/h3>\n\n\n\n<p class=\"scroll-fade-bottom-up visibility-hidden\">V\u0103 livr\u0103m orice profil standard din aluminiu (profile FLUTZ), din aliaj EN-AW 6060. Comanda\u021bi dimensiunile dorite pentru \u021bevi circulare, unghiuri, profile U, profile T, profile Z, tuburi (p\u0103trate, cu latur\u0103 \u0219i\/sau raz\u0103), tuburi \u00een unghi drept, tuburi \u00een triunghi, tuburi ovale, profile C, profile H \u0219i bare de tip I, toate pot fi livrate imediat din stocul nostru. De asemenea pentru profile speciale pentru construc\u021bia aeronavelor, a panourilor publicitare, energia fotovoltaic\u0103, protec\u021bia \u00eempotriva insectelor, colivii \u0219i \u00een multe altele, noi suntem partenerul potrivit pentru dvs.<\/p>\n\n\n\n<p class=\"scroll-fade-bottom-up visibility-hidden\">V\u0103 oferim diverse \u021bevi, profile \u0219i materiale doar din aluminiu, \u00een diverse aliaje: <\/p>\n\n\t<\/div>\n\n<\/div>\n\n\n<div class=\"wp-bootstrap-blocks-row row mx-auto\">\n\t\n\n<div class=\"col-12\">\n\t\t\t\n\n<hr class=\"wp-block-separator has-css-opacity is-style-wide mt-3 mb-5\"\/>\n\n\t<\/div>\n\n<\/div>\n\n\n<div class=\"wp-bootstrap-blocks-row row mx-auto\">\n\t\n\n<div class=\"col-12 col-md-4\">\n\t\t\t\n\n<div class=\"d-flex text-left scroll-fade-bottom-up visibility-hidden\">\n<div class=\"badge badge-rounded-circle badge-primary-soft mt-1 mr-4\">\n<i class=\"fe fe-check\"><\/i>\n<\/div><p class=\"text-primary\">EN AW-6060<\/p><\/div>\n\n\t<\/div>\n\n\n\n<div class=\"col-12 col-md-4\">\n\t\t\t\n\n<div class=\"d-flex text-left scroll-fade-bottom-up visibility-hidden\">\n<div class=\"badge badge-rounded-circle badge-primary-soft mt-1 mr-4\">\n<i class=\"fe fe-check\"><\/i>\n<\/div><p class=\"text-primary\">EN AW-1050\n<\/p><\/div>\n\n\t<\/div>\n\n\n\n<div class=\"col-12 col-md-4\">\n\t\t\t\n\n<div class=\"d-flex text-left scroll-fade-bottom-up visibility-hidden\">\n<div class=\"badge badge-rounded-circle badge-primary-soft mt-1 mr-4\">\n<i class=\"fe fe-check\"><\/i>\n<\/div><p class=\"text-primary\">EN AW-1350\n<\/p><\/div>\n\n\t<\/div>\n\n\n\n<div class=\"col-12 col-md-4\">\n\t\t\t\n\n<div class=\"d-flex text-left scroll-fade-bottom-up visibility-hidden\">\n<div class=\"badge badge-rounded-circle badge-primary-soft mt-1 mr-4\">\n<i class=\"fe fe-check\"><\/i>\n<\/div><p class=\"text-primary\">EN AW-2007<\/p><\/div>\n\n\t<\/div>\n\n\n\n<div class=\"col-12 col-md-4\">\n\t\t\t\n\n<div class=\"d-flex text-left scroll-fade-bottom-up visibility-hidden\">\n<div class=\"badge badge-rounded-circle badge-primary-soft mt-1 mr-4\">\n<i class=\"fe fe-check\"><\/i>\n<\/div><p class=\"text-primary\">EN AW-2024<\/p><\/div>\n\n\t<\/div>\n\n\n\n<div class=\"col-12 col-md-4\">\n\t\t\t\n\n<div class=\"d-flex text-left scroll-fade-bottom-up visibility-hidden\">\n<div class=\"badge badge-rounded-circle badge-primary-soft mt-1 mr-4\">\n<i class=\"fe fe-check\"><\/i>\n<\/div><p class=\"text-primary\">EN AW-5005<\/p><\/div>\n\n\t<\/div>\n\n\n\n<div class=\"col-12 col-md-4\">\n\t\t\t\n\n<div class=\"d-flex text-left scroll-fade-bottom-up visibility-hidden\">\n<div class=\"badge badge-rounded-circle badge-primary-soft mt-1 mr-4\">\n<i class=\"fe fe-check\"><\/i>\n<\/div><p class=\"text-primary\">EN AW-5083<\/p><\/div>\n\n\t<\/div>\n\n\n\n<div class=\"col-12 col-md-4\">\n\t\t\t\n\n<div class=\"d-flex text-left scroll-fade-bottom-up visibility-hidden\">\n<div class=\"badge badge-rounded-circle badge-primary-soft mt-1 mr-4\">\n<i class=\"fe fe-check\"><\/i>\n<\/div><p class=\"text-primary\">EN AW-5754<\/p><\/div>\n\n\t<\/div>\n\n\n\n<div class=\"col-12 col-md-4\">\n\t\t\t\n\n<div class=\"d-flex text-left scroll-fade-bottom-up visibility-hidden\">\n<div class=\"badge badge-rounded-circle badge-primary-soft mt-1 mr-4\">\n<i class=\"fe fe-check\"><\/i>\n<\/div><p class=\"text-primary\">EN AW-6101B<\/p><\/div>\n\n\t<\/div>\n\n\n\n<div class=\"col-12 col-md-4\">\n\t\t\t\n\n<div class=\"d-flex text-left scroll-fade-bottom-up visibility-hidden\">\n<div class=\"badge badge-rounded-circle badge-primary-soft mt-1 mr-4\">\n<i class=\"fe fe-check\"><\/i>\n<\/div><p class=\"text-primary\">EN AW-6082<\/p><\/div>\n\n\t<\/div>\n\n\n\n<div class=\"col-12 col-md-4\">\n\t\t\t\n\n<div class=\"d-flex text-left scroll-fade-bottom-up visibility-hidden\">\n<div class=\"badge badge-rounded-circle badge-primary-soft mt-1 mr-4\">\n<i class=\"fe fe-check\"><\/i>\n<\/div><p class=\"text-primary\">EN AW-6463<\/p><\/div>\n\n\t<\/div>\n\n\n\n<div class=\"col-12 col-md-4\">\n\t\t\t\n\n<div class=\"d-flex text-left scroll-fade-bottom-up visibility-hidden\">\n<div class=\"badge badge-rounded-circle badge-primary-soft mt-1 mr-4\">\n<i class=\"fe fe-check\"><\/i>\n<\/div><p class=\"text-primary\">EN AW-7075<\/p><\/div>\n\n\t<\/div>\n\n<\/div>\n\n<\/div>\n\n\n\n<\/section>\n\n\n\n<section data-jarallax=\"\" data-speed=\".8\" class=\"py-12 py-md-13 overlay overlay-black overlay-40 bg-cover jarallax\" style=\"background-image: url(\/wp-content\/uploads\/2021\/01\/blecha-aluminium-profile.jpg);\">\n  <div class=\"container\">\n    <div class=\"row mx-auto\">\n      <div class=\"col-12 col-md-10\">\n        <!-- Blockquote -->\n        <blockquote class=\"blockquote mb-0\"> \n          \n          <!-- Text -->\n          <p class=\"h2 text-white text-left font-regular scroll-fade-bottom-up visibility-hidden\">C\u0103uta\u021bi profilul perfect cu finisajul potrivit? \u00cel g\u0103si\u021bi cu siguran\u021b\u0103 cu ajutorul func\u021biei de c\u0103utare.<\/p>\n\n\n<div class=\"wp-bootstrap-blocks-button\">\n\t<a\n\t\thref=\"https:\/\/aluprofil.at\/en\/\"\n\t\t\t\t\ttarget=\"_blank\"\n\t\t\t\t\t\t\trel=\"noreferrer noopener\"\n\t\t\t\tclass=\"btn mt-4 scroll-fade-bottom-up visibility-hidden btn-secondary\"\n\t>\n\t\tAccesa\u021bi func\u021bia de c\u0103utare\t<\/a>\n<\/div>\n\n\n\n<\/blockquote>\n      <\/div>\n    <\/div>\n  <\/div>\n<\/section>\n","protected":false},"excerpt":{"rendered":"C\u0103uta\u021bi profilul perfect cu finisajul potrivit? \u00cel g\u0103si\u021bi cu siguran\u021b\u0103 cu ajutorul func\u021biei de c\u0103utare.","protected":false},"author":2,"featured_media":6145,"parent":5433,"menu_order":0,"comment_status":"closed","ping_status":"closed","template":"page-produkte.php","meta":{"_acf_changed":false,"footnotes":""},"class_list":["post-6143","page","type-page","status-publish","has-post-thumbnail","hentry"],"acf":[],"yoast_head":"<!-- This site is optimized with the Yoast SEO plugin v27.3 - https:\/\/yoast.com\/product\/yoast-seo-wordpress\/ -->\n<title>Profile standard | BLECHA<\/title>\n<meta name=\"description\" content=\"\u00cen stocul nostru g\u0103si\u021bi orice profil standard din aluminiu (profile FLUTZ), din aliaj EN-AW 6060. Comanda\u021bi dimensiunile dorite pentru \u021bevi circulare, unghiuri, profile U, profile T, profile Z, tuburi (p\u0103trate, cu latur\u0103 \u0219i\/sau raz\u0103), tuburi \u00een unghi drept, tuburi \u00een triunghi, tuburi ovale, profile C, profile H \u0219i bare de tip I, toate pot fi livrate imediat din stocul nostru.\" \/>\n<meta name=\"robots\" content=\"index, follow, max-snippet:-1, max-image-preview:large, max-video-preview:-1\" \/>\n<link rel=\"canonical\" href=\"https:\/\/www.blecha.at\/ro\/produse\/profile-standard\/\" \/>\n<meta property=\"og:locale\" content=\"ro_RO\" \/>\n<meta property=\"og:type\" content=\"article\" \/>\n<meta property=\"og:title\" content=\"Profile standard | BLECHA\" \/>\n<meta property=\"og:description\" content=\"\u00cen stocul nostru g\u0103si\u021bi orice profil standard din aluminiu (profile FLUTZ), din aliaj EN-AW 6060. Comanda\u021bi dimensiunile dorite pentru \u021bevi circulare, unghiuri, profile U, profile T, profile Z, tuburi (p\u0103trate, cu latur\u0103 \u0219i\/sau raz\u0103), tuburi \u00een unghi drept, tuburi \u00een triunghi, tuburi ovale, profile C, profile H \u0219i bare de tip I, toate pot fi livrate imediat din stocul nostru.\" \/>\n<meta property=\"og:url\" content=\"https:\/\/www.blecha.at\/ro\/produse\/profile-standard\/\" \/>\n<meta property=\"og:site_name\" content=\"BLECHA\" \/>\n<meta property=\"article:modified_time\" content=\"2024-06-27T19:28:47+00:00\" \/>\n<meta property=\"og:image\" content=\"https:\/\/www.blecha.at\/wp-content\/uploads\/2021\/03\/blecha-standardprofile-1-thumbnail.jpg\" \/>\n\t<meta property=\"og:image:width\" content=\"1600\" \/>\n\t<meta property=\"og:image:height\" content=\"1600\" \/>\n\t<meta property=\"og:image:type\" content=\"image\/jpeg\" \/>\n<meta name=\"twitter:card\" content=\"summary_large_image\" \/>\n<meta name=\"twitter:label1\" content=\"Timp estimat pentru citire\" \/>\n\t<meta name=\"twitter:data1\" content=\"2 minute\" \/>\n<script type=\"application\/ld+json\" class=\"yoast-schema-graph\">{\"@context\":\"https:\\\/\\\/schema.org\",\"@graph\":[{\"@type\":\"WebPage\",\"@id\":\"https:\\\/\\\/www.blecha.at\\\/ro\\\/produse\\\/profile-standard\\\/\",\"url\":\"https:\\\/\\\/www.blecha.at\\\/ro\\\/produse\\\/profile-standard\\\/\",\"name\":\"Profile standard | BLECHA\",\"isPartOf\":{\"@id\":\"https:\\\/\\\/www.blecha.at\\\/#website\"},\"primaryImageOfPage\":{\"@id\":\"https:\\\/\\\/www.blecha.at\\\/ro\\\/produse\\\/profile-standard\\\/#primaryimage\"},\"image\":{\"@id\":\"https:\\\/\\\/www.blecha.at\\\/ro\\\/produse\\\/profile-standard\\\/#primaryimage\"},\"thumbnailUrl\":\"https:\\\/\\\/www.blecha.at\\\/wp-content\\\/uploads\\\/2021\\\/03\\\/blecha-standardprofile-1-thumbnail.jpg\",\"datePublished\":\"2021-01-22T21:11:16+00:00\",\"dateModified\":\"2024-06-27T19:28:47+00:00\",\"description\":\"\u00cen stocul nostru g\u0103si\u021bi orice profil standard din aluminiu (profile FLUTZ), din aliaj EN-AW 6060. Comanda\u021bi dimensiunile dorite pentru \u021bevi circulare, unghiuri, profile U, profile T, profile Z, tuburi (p\u0103trate, cu latur\u0103 \u0219i\\\/sau raz\u0103), tuburi \u00een unghi drept, tuburi \u00een triunghi, tuburi ovale, profile C, profile H \u0219i bare de tip I, toate pot fi livrate imediat din stocul nostru.\",\"breadcrumb\":{\"@id\":\"https:\\\/\\\/www.blecha.at\\\/ro\\\/produse\\\/profile-standard\\\/#breadcrumb\"},\"inLanguage\":\"ro-RO\",\"potentialAction\":[{\"@type\":\"ReadAction\",\"target\":[\"https:\\\/\\\/www.blecha.at\\\/ro\\\/produse\\\/profile-standard\\\/\"]}]},{\"@type\":\"ImageObject\",\"inLanguage\":\"ro-RO\",\"@id\":\"https:\\\/\\\/www.blecha.at\\\/ro\\\/produse\\\/profile-standard\\\/#primaryimage\",\"url\":\"https:\\\/\\\/www.blecha.at\\\/wp-content\\\/uploads\\\/2021\\\/03\\\/blecha-standardprofile-1-thumbnail.jpg\",\"contentUrl\":\"https:\\\/\\\/www.blecha.at\\\/wp-content\\\/uploads\\\/2021\\\/03\\\/blecha-standardprofile-1-thumbnail.jpg\",\"width\":1600,\"height\":1600},{\"@type\":\"BreadcrumbList\",\"@id\":\"https:\\\/\\\/www.blecha.at\\\/ro\\\/produse\\\/profile-standard\\\/#breadcrumb\",\"itemListElement\":[{\"@type\":\"ListItem\",\"position\":1,\"name\":\"Home\",\"item\":\"https:\\\/\\\/www.blecha.at\\\/ro\\\/\"},{\"@type\":\"ListItem\",\"position\":2,\"name\":\"Produse\",\"item\":\"https:\\\/\\\/www.blecha.at\\\/ro\\\/produse\\\/\"},{\"@type\":\"ListItem\",\"position\":3,\"name\":\"Profile standard\"}]},{\"@type\":\"WebSite\",\"@id\":\"https:\\\/\\\/www.blecha.at\\\/#website\",\"url\":\"https:\\\/\\\/www.blecha.at\\\/\",\"name\":\"BLECHA\",\"description\":\"Eine weitere WordPress-Website\",\"potentialAction\":[{\"@type\":\"SearchAction\",\"target\":{\"@type\":\"EntryPoint\",\"urlTemplate\":\"https:\\\/\\\/www.blecha.at\\\/?s={search_term_string}\"},\"query-input\":{\"@type\":\"PropertyValueSpecification\",\"valueRequired\":true,\"valueName\":\"search_term_string\"}}],\"inLanguage\":\"ro-RO\"}]}<\/script>\n<!-- \/ Yoast SEO plugin. -->","yoast_head_json":{"title":"Profile standard | BLECHA","description":"\u00cen stocul nostru g\u0103si\u021bi orice profil standard din aluminiu (profile FLUTZ), din aliaj EN-AW 6060. Comanda\u021bi dimensiunile dorite pentru \u021bevi circulare, unghiuri, profile U, profile T, profile Z, tuburi (p\u0103trate, cu latur\u0103 \u0219i\/sau raz\u0103), tuburi \u00een unghi drept, tuburi \u00een triunghi, tuburi ovale, profile C, profile H \u0219i bare de tip I, toate pot fi livrate imediat din stocul nostru.","robots":{"index":"index","follow":"follow","max-snippet":"max-snippet:-1","max-image-preview":"max-image-preview:large","max-video-preview":"max-video-preview:-1"},"canonical":"https:\/\/www.blecha.at\/ro\/produse\/profile-standard\/","og_locale":"ro_RO","og_type":"article","og_title":"Profile standard | BLECHA","og_description":"\u00cen stocul nostru g\u0103si\u021bi orice profil standard din aluminiu (profile FLUTZ), din aliaj EN-AW 6060. Comanda\u021bi dimensiunile dorite pentru \u021bevi circulare, unghiuri, profile U, profile T, profile Z, tuburi (p\u0103trate, cu latur\u0103 \u0219i\/sau raz\u0103), tuburi \u00een unghi drept, tuburi \u00een triunghi, tuburi ovale, profile C, profile H \u0219i bare de tip I, toate pot fi livrate imediat din stocul nostru.","og_url":"https:\/\/www.blecha.at\/ro\/produse\/profile-standard\/","og_site_name":"BLECHA","article_modified_time":"2024-06-27T19:28:47+00:00","og_image":[{"width":1600,"height":1600,"url":"https:\/\/www.blecha.at\/wp-content\/uploads\/2021\/03\/blecha-standardprofile-1-thumbnail.jpg","type":"image\/jpeg"}],"twitter_card":"summary_large_image","twitter_misc":{"Timp estimat pentru citire":"2 minute"},"schema":{"@context":"https:\/\/schema.org","@graph":[{"@type":"WebPage","@id":"https:\/\/www.blecha.at\/ro\/produse\/profile-standard\/","url":"https:\/\/www.blecha.at\/ro\/produse\/profile-standard\/","name":"Profile standard | BLECHA","isPartOf":{"@id":"https:\/\/www.blecha.at\/#website"},"primaryImageOfPage":{"@id":"https:\/\/www.blecha.at\/ro\/produse\/profile-standard\/#primaryimage"},"image":{"@id":"https:\/\/www.blecha.at\/ro\/produse\/profile-standard\/#primaryimage"},"thumbnailUrl":"https:\/\/www.blecha.at\/wp-content\/uploads\/2021\/03\/blecha-standardprofile-1-thumbnail.jpg","datePublished":"2021-01-22T21:11:16+00:00","dateModified":"2024-06-27T19:28:47+00:00","description":"\u00cen stocul nostru g\u0103si\u021bi orice profil standard din aluminiu (profile FLUTZ), din aliaj EN-AW 6060. Comanda\u021bi dimensiunile dorite pentru \u021bevi circulare, unghiuri, profile U, profile T, profile Z, tuburi (p\u0103trate, cu latur\u0103 \u0219i\/sau raz\u0103), tuburi \u00een unghi drept, tuburi \u00een triunghi, tuburi ovale, profile C, profile H \u0219i bare de tip I, toate pot fi livrate imediat din stocul nostru.","breadcrumb":{"@id":"https:\/\/www.blecha.at\/ro\/produse\/profile-standard\/#breadcrumb"},"inLanguage":"ro-RO","potentialAction":[{"@type":"ReadAction","target":["https:\/\/www.blecha.at\/ro\/produse\/profile-standard\/"]}]},{"@type":"ImageObject","inLanguage":"ro-RO","@id":"https:\/\/www.blecha.at\/ro\/produse\/profile-standard\/#primaryimage","url":"https:\/\/www.blecha.at\/wp-content\/uploads\/2021\/03\/blecha-standardprofile-1-thumbnail.jpg","contentUrl":"https:\/\/www.blecha.at\/wp-content\/uploads\/2021\/03\/blecha-standardprofile-1-thumbnail.jpg","width":1600,"height":1600},{"@type":"BreadcrumbList","@id":"https:\/\/www.blecha.at\/ro\/produse\/profile-standard\/#breadcrumb","itemListElement":[{"@type":"ListItem","position":1,"name":"Home","item":"https:\/\/www.blecha.at\/ro\/"},{"@type":"ListItem","position":2,"name":"Produse","item":"https:\/\/www.blecha.at\/ro\/produse\/"},{"@type":"ListItem","position":3,"name":"Profile standard"}]},{"@type":"WebSite","@id":"https:\/\/www.blecha.at\/#website","url":"https:\/\/www.blecha.at\/","name":"BLECHA","description":"Eine weitere WordPress-Website","potentialAction":[{"@type":"SearchAction","target":{"@type":"EntryPoint","urlTemplate":"https:\/\/www.blecha.at\/?s={search_term_string}"},"query-input":{"@type":"PropertyValueSpecification","valueRequired":true,"valueName":"search_term_string"}}],"inLanguage":"ro-RO"}]}},"_links":{"self":[{"href":"https:\/\/www.blecha.at\/ro\/wp-json\/wp\/v2\/pages\/6143","targetHints":{"allow":["GET"]}}],"collection":[{"href":"https:\/\/www.blecha.at\/ro\/wp-json\/wp\/v2\/pages"}],"about":[{"href":"https:\/\/www.blecha.at\/ro\/wp-json\/wp\/v2\/types\/page"}],"author":[{"embeddable":true,"href":"https:\/\/www.blecha.at\/ro\/wp-json\/wp\/v2\/users\/2"}],"replies":[{"embeddable":true,"href":"https:\/\/www.blecha.at\/ro\/wp-json\/wp\/v2\/comments?post=6143"}],"version-history":[{"count":6,"href":"https:\/\/www.blecha.at\/ro\/wp-json\/wp\/v2\/pages\/6143\/revisions"}],"predecessor-version":[{"id":27831,"href":"https:\/\/www.blecha.at\/ro\/wp-json\/wp\/v2\/pages\/6143\/revisions\/27831"}],"up":[{"embeddable":true,"href":"https:\/\/www.blecha.at\/ro\/wp-json\/wp\/v2\/pages\/5433"}],"wp:featuredmedia":[{"embeddable":true,"href":"https:\/\/www.blecha.at\/ro\/wp-json\/wp\/v2\/media\/6145"}],"wp:attachment":[{"href":"https:\/\/www.blecha.at\/ro\/wp-json\/wp\/v2\/media?parent=6143"}],"curies":[{"name":"wp","href":"https:\/\/api.w.org\/{rel}","templated":true}]}}