{"id":11368,"date":"2021-01-22T23:26:07","date_gmt":"2021-01-22T22:26:07","guid":{"rendered":"https:\/\/www.blecha.at\/produkty\/zulieferteile-fuer-saugfoerderanlagen\/"},"modified":"2022-02-22T15:43:53","modified_gmt":"2022-02-22T14:43:53","slug":"subdodavatelske-diely-pre-sacie-dopravne-zariadenia","status":"publish","type":"page","link":"https:\/\/www.blecha.at\/sk\/produkty\/subdodavatelske-diely-pre-sacie-dopravne-zariadenia\/","title":{"rendered":"Subdod\u00e1vate\u013esk\u00e9 diely pre sacie dopravn\u00e9 zariadenia"},"content":{"rendered":"\n<section id=\"sectionTwo\" class=\"mt-lg-n11 py-8 py-md-11 px-lg-9 border-left border-right border-right-lg-none bg-white\">\n\n\n<div class=\"wp-bootstrap-blocks-container container-fluid mb-0\">\n\t\n<div class=\"wp-bootstrap-blocks-row row mx-auto\">\n\t\n\n<div class=\"col-12 col-md-10\">\n\t\t\t\n\n<h2 class=\"text-secondary scroll-fade-bottom-up visibility-hidden wp-block-heading\" id=\"dodavka-roznych-prvkov-pre-systemy-dopravnikov-granulatov-v-plastovom-priemysle-plastove-granulaty-alebo-inych-absorpcnych-vyrobkov\">Dod\u00e1vka r\u00f4znych prvkov pre syst\u00e9my dopravn\u00edkov granul\u00e1tov v plastovom priemysle (plastov\u00e9 granul\u00e1ty) alebo in\u00fdch absorp\u010dn\u00fdch v\u00fdrobkov.<\/h2>\n\n\n\n<p class=\"scroll-fade-bottom-up visibility-hidden\">Okrem hlin\u00edkov\u00fdch r\u00farov\u00fdch obl\u00fakov, obl\u00fakov z nehrdzavej\u00facej ocele na po\u017eiadanie s pred\u013a\u017een\u00edm na jednej alebo oboch stran\u00e1ch) v najrozmanitej\u0161\u00edch rozmeroch, odbo\u010diek, T-kusov, redukci\u00ed a kolien, n\u00e1\u0161 program obsahuje aj pr\u00edslu\u0161enstvo pre nas\u00e1vacie dopravn\u00e9 syst\u00e9my. Promptne dod\u00e1vame r\u00f4zne v\u00fdrobky zo skladu, ako s\u00fa potrubn\u00e9 spojky, obo\u010dky, Y-kusy a spojky Storz, ako aj \u0161irokop\u00e1sov\u00e9 svorky (r\u00farov\u00e9 spojky), konzolov\u00e9 svorky (pozinkovan\u00e1 oce\u013e), spojky Morris, kotviace li\u0161ty a hadice z PVC s oce\u013eov\u00fdmi \u0161pir\u00e1lami ( Vidaspir F).<\/p>\n\n\n\n<p class=\"scroll-fade-bottom-up visibility-hidden\">Okrem toho na dopyt dok\u00e1\u017eeme spravidla vo ve\u013emi kr\u00e1tkom \u010dase doda\u0165 rozv\u00e1dza\u010de potrubia, et\u00e1\u017eov\u00e9 kolen\u00e1 a obl\u00faky pod\u013ea v\u00fdkresov z\u00e1kazn\u00edkov, ako aj sklen\u00e9 r\u00farov\u00e9 obl\u00faky a&nbsp;r\u00farov\u00e9 odbo\u010dky.<\/p>\n\n\t<\/div>\n\n<\/div>\n\n<\/div>\n\n\n\n<\/section>\n\n\n\n<div style=\"height:10px\" aria-hidden=\"true\" class=\"wp-block-spacer\"><\/div>\n\n\n\n<section data-jarallax=\"\" data-speed=\".8\" class=\"py-12 py-md-13 overlay overlay-black overlay-40 bg-cover jarallax\" style=\"background-image: url(\/wp-content\/uploads\/2021\/08\/blecha-aluminium-profile-zulieferteile.jpg);\">\n  <div class=\"container\">\n    <div class=\"row mx-auto\">\n      <div class=\"col-12 col-md-10\">\n        <!-- Blockquote -->\n        <blockquote class=\"blockquote mb-0\"> \n          \n          <!-- Text -->\n          <p class=\"h2 text-white text-left font-regular scroll-fade-bottom-up visibility-hidden\">M\u00e1me radi \u0161peciality. Ponorte sa do n\u00e1\u0161ho rozsiahleho sortimentu a n\u00e1jdite tie spr\u00e1vne diely.<\/p>\n\n\n<div class=\"wp-bootstrap-blocks-button\">\n\t<a\n\t\thref=\"https:\/\/www.aluprofil.at\/sk\/tvarovky\/diely-pre-pneumaticke-podtlakove-zariadenie\/\"\n\t\t\t\t\t\tclass=\"btn mt-4 scroll-fade-bottom-up visibility-hidden btn-secondary\"\n\t>\n\t\tK sorimentu\t<\/a>\n<\/div>\n\n\n\n<\/blockquote>\n      <\/div>\n    <\/div>\n  <\/div>\n<\/section>\n","protected":false},"excerpt":{"rendered":"M\u00e1me radi \u0161peciality. Ponorte sa do n\u00e1\u0161ho rozsiahleho sortimentu a n\u00e1jdite tie spr\u00e1vne diely.","protected":false},"author":2,"featured_media":11370,"parent":5448,"menu_order":0,"comment_status":"closed","ping_status":"closed","template":"page-produkte.php","meta":{"_acf_changed":false,"footnotes":""},"class_list":["post-11368","page","type-page","status-publish","has-post-thumbnail","hentry"],"acf":[],"yoast_head":"<!-- This site is optimized with the Yoast SEO plugin v27.3 - https:\/\/yoast.com\/product\/yoast-seo-wordpress\/ -->\n<title>Subdod\u00e1vate\u013esk\u00e9 diely pre sacie dopravn\u00e9 zariadenia | BLECHA<\/title>\n<meta name=\"description\" content=\"N\u00e1\u0161 program zah\u0155\u0148a dod\u00e1vku r\u00f4znych prvkov pre syst\u00e9my dopravn\u00edkov granul\u00e1tov v plastovom priemysle alebo in\u00fdch absorp\u010dn\u00fdch v\u00fdrobkov.\" \/>\n<meta name=\"robots\" content=\"index, follow, max-snippet:-1, max-image-preview:large, max-video-preview:-1\" \/>\n<link rel=\"canonical\" href=\"https:\/\/www.blecha.at\/sk\/produkty\/subdodavatelske-diely-pre-sacie-dopravne-zariadenia\/\" \/>\n<meta property=\"og:locale\" content=\"sk_SK\" \/>\n<meta property=\"og:type\" content=\"article\" \/>\n<meta property=\"og:title\" content=\"Subdod\u00e1vate\u013esk\u00e9 diely pre sacie dopravn\u00e9 zariadenia | BLECHA\" \/>\n<meta property=\"og:description\" content=\"N\u00e1\u0161 program zah\u0155\u0148a dod\u00e1vku r\u00f4znych prvkov pre syst\u00e9my dopravn\u00edkov granul\u00e1tov v plastovom priemysle alebo in\u00fdch absorp\u010dn\u00fdch v\u00fdrobkov.\" \/>\n<meta property=\"og:url\" content=\"https:\/\/www.blecha.at\/sk\/produkty\/subdodavatelske-diely-pre-sacie-dopravne-zariadenia\/\" \/>\n<meta property=\"og:site_name\" content=\"BLECHA\" \/>\n<meta property=\"article:modified_time\" content=\"2022-02-22T14:43:53+00:00\" \/>\n<meta property=\"og:image\" content=\"https:\/\/www.blecha.at\/wp-content\/uploads\/2021\/03\/blecha-zulieferteile-fuer-saugfoerderanlagen-1-thumbnail.jpg\" \/>\n\t<meta property=\"og:image:width\" content=\"1600\" \/>\n\t<meta property=\"og:image:height\" content=\"1600\" \/>\n\t<meta property=\"og:image:type\" content=\"image\/jpeg\" \/>\n<meta name=\"twitter:card\" content=\"summary_large_image\" \/>\n<meta name=\"twitter:label1\" content=\"Predpokladan\u00fd \u010das \u010d\u00edtania\" \/>\n\t<meta name=\"twitter:data1\" content=\"1 min\u00fata\" \/>\n<script type=\"application\/ld+json\" class=\"yoast-schema-graph\">{\"@context\":\"https:\\\/\\\/schema.org\",\"@graph\":[{\"@type\":\"WebPage\",\"@id\":\"https:\\\/\\\/www.blecha.at\\\/sk\\\/produkty\\\/subdodavatelske-diely-pre-sacie-dopravne-zariadenia\\\/\",\"url\":\"https:\\\/\\\/www.blecha.at\\\/sk\\\/produkty\\\/subdodavatelske-diely-pre-sacie-dopravne-zariadenia\\\/\",\"name\":\"Subdod\u00e1vate\u013esk\u00e9 diely pre sacie dopravn\u00e9 zariadenia | BLECHA\",\"isPartOf\":{\"@id\":\"https:\\\/\\\/www.blecha.at\\\/#website\"},\"primaryImageOfPage\":{\"@id\":\"https:\\\/\\\/www.blecha.at\\\/sk\\\/produkty\\\/subdodavatelske-diely-pre-sacie-dopravne-zariadenia\\\/#primaryimage\"},\"image\":{\"@id\":\"https:\\\/\\\/www.blecha.at\\\/sk\\\/produkty\\\/subdodavatelske-diely-pre-sacie-dopravne-zariadenia\\\/#primaryimage\"},\"thumbnailUrl\":\"https:\\\/\\\/www.blecha.at\\\/wp-content\\\/uploads\\\/2021\\\/03\\\/blecha-zulieferteile-fuer-saugfoerderanlagen-1-thumbnail.jpg\",\"datePublished\":\"2021-01-22T22:26:07+00:00\",\"dateModified\":\"2022-02-22T14:43:53+00:00\",\"description\":\"N\u00e1\u0161 program zah\u0155\u0148a dod\u00e1vku r\u00f4znych prvkov pre syst\u00e9my dopravn\u00edkov granul\u00e1tov v plastovom priemysle alebo in\u00fdch absorp\u010dn\u00fdch v\u00fdrobkov.\",\"breadcrumb\":{\"@id\":\"https:\\\/\\\/www.blecha.at\\\/sk\\\/produkty\\\/subdodavatelske-diely-pre-sacie-dopravne-zariadenia\\\/#breadcrumb\"},\"inLanguage\":\"sk-SK\",\"potentialAction\":[{\"@type\":\"ReadAction\",\"target\":[\"https:\\\/\\\/www.blecha.at\\\/sk\\\/produkty\\\/subdodavatelske-diely-pre-sacie-dopravne-zariadenia\\\/\"]}]},{\"@type\":\"ImageObject\",\"inLanguage\":\"sk-SK\",\"@id\":\"https:\\\/\\\/www.blecha.at\\\/sk\\\/produkty\\\/subdodavatelske-diely-pre-sacie-dopravne-zariadenia\\\/#primaryimage\",\"url\":\"https:\\\/\\\/www.blecha.at\\\/wp-content\\\/uploads\\\/2021\\\/03\\\/blecha-zulieferteile-fuer-saugfoerderanlagen-1-thumbnail.jpg\",\"contentUrl\":\"https:\\\/\\\/www.blecha.at\\\/wp-content\\\/uploads\\\/2021\\\/03\\\/blecha-zulieferteile-fuer-saugfoerderanlagen-1-thumbnail.jpg\",\"width\":1600,\"height\":1600},{\"@type\":\"BreadcrumbList\",\"@id\":\"https:\\\/\\\/www.blecha.at\\\/sk\\\/produkty\\\/subdodavatelske-diely-pre-sacie-dopravne-zariadenia\\\/#breadcrumb\",\"itemListElement\":[{\"@type\":\"ListItem\",\"position\":1,\"name\":\"Home\",\"item\":\"https:\\\/\\\/www.blecha.at\\\/sk\\\/\"},{\"@type\":\"ListItem\",\"position\":2,\"name\":\"Produkty\",\"item\":\"https:\\\/\\\/www.blecha.at\\\/sk\\\/produkty\\\/\"},{\"@type\":\"ListItem\",\"position\":3,\"name\":\"Subdod\u00e1vate\u013esk\u00e9 diely pre sacie dopravn\u00e9 zariadenia\"}]},{\"@type\":\"WebSite\",\"@id\":\"https:\\\/\\\/www.blecha.at\\\/#website\",\"url\":\"https:\\\/\\\/www.blecha.at\\\/\",\"name\":\"BLECHA\",\"description\":\"Eine weitere WordPress-Website\",\"potentialAction\":[{\"@type\":\"SearchAction\",\"target\":{\"@type\":\"EntryPoint\",\"urlTemplate\":\"https:\\\/\\\/www.blecha.at\\\/?s={search_term_string}\"},\"query-input\":{\"@type\":\"PropertyValueSpecification\",\"valueRequired\":true,\"valueName\":\"search_term_string\"}}],\"inLanguage\":\"sk-SK\"}]}<\/script>\n<!-- \/ Yoast SEO plugin. -->","yoast_head_json":{"title":"Subdod\u00e1vate\u013esk\u00e9 diely pre sacie dopravn\u00e9 zariadenia | BLECHA","description":"N\u00e1\u0161 program zah\u0155\u0148a dod\u00e1vku r\u00f4znych prvkov pre syst\u00e9my dopravn\u00edkov granul\u00e1tov v plastovom priemysle alebo in\u00fdch absorp\u010dn\u00fdch v\u00fdrobkov.","robots":{"index":"index","follow":"follow","max-snippet":"max-snippet:-1","max-image-preview":"max-image-preview:large","max-video-preview":"max-video-preview:-1"},"canonical":"https:\/\/www.blecha.at\/sk\/produkty\/subdodavatelske-diely-pre-sacie-dopravne-zariadenia\/","og_locale":"sk_SK","og_type":"article","og_title":"Subdod\u00e1vate\u013esk\u00e9 diely pre sacie dopravn\u00e9 zariadenia | BLECHA","og_description":"N\u00e1\u0161 program zah\u0155\u0148a dod\u00e1vku r\u00f4znych prvkov pre syst\u00e9my dopravn\u00edkov granul\u00e1tov v plastovom priemysle alebo in\u00fdch absorp\u010dn\u00fdch v\u00fdrobkov.","og_url":"https:\/\/www.blecha.at\/sk\/produkty\/subdodavatelske-diely-pre-sacie-dopravne-zariadenia\/","og_site_name":"BLECHA","article_modified_time":"2022-02-22T14:43:53+00:00","og_image":[{"width":1600,"height":1600,"url":"https:\/\/www.blecha.at\/wp-content\/uploads\/2021\/03\/blecha-zulieferteile-fuer-saugfoerderanlagen-1-thumbnail.jpg","type":"image\/jpeg"}],"twitter_card":"summary_large_image","twitter_misc":{"Predpokladan\u00fd \u010das \u010d\u00edtania":"1 min\u00fata"},"schema":{"@context":"https:\/\/schema.org","@graph":[{"@type":"WebPage","@id":"https:\/\/www.blecha.at\/sk\/produkty\/subdodavatelske-diely-pre-sacie-dopravne-zariadenia\/","url":"https:\/\/www.blecha.at\/sk\/produkty\/subdodavatelske-diely-pre-sacie-dopravne-zariadenia\/","name":"Subdod\u00e1vate\u013esk\u00e9 diely pre sacie dopravn\u00e9 zariadenia | BLECHA","isPartOf":{"@id":"https:\/\/www.blecha.at\/#website"},"primaryImageOfPage":{"@id":"https:\/\/www.blecha.at\/sk\/produkty\/subdodavatelske-diely-pre-sacie-dopravne-zariadenia\/#primaryimage"},"image":{"@id":"https:\/\/www.blecha.at\/sk\/produkty\/subdodavatelske-diely-pre-sacie-dopravne-zariadenia\/#primaryimage"},"thumbnailUrl":"https:\/\/www.blecha.at\/wp-content\/uploads\/2021\/03\/blecha-zulieferteile-fuer-saugfoerderanlagen-1-thumbnail.jpg","datePublished":"2021-01-22T22:26:07+00:00","dateModified":"2022-02-22T14:43:53+00:00","description":"N\u00e1\u0161 program zah\u0155\u0148a dod\u00e1vku r\u00f4znych prvkov pre syst\u00e9my dopravn\u00edkov granul\u00e1tov v plastovom priemysle alebo in\u00fdch absorp\u010dn\u00fdch v\u00fdrobkov.","breadcrumb":{"@id":"https:\/\/www.blecha.at\/sk\/produkty\/subdodavatelske-diely-pre-sacie-dopravne-zariadenia\/#breadcrumb"},"inLanguage":"sk-SK","potentialAction":[{"@type":"ReadAction","target":["https:\/\/www.blecha.at\/sk\/produkty\/subdodavatelske-diely-pre-sacie-dopravne-zariadenia\/"]}]},{"@type":"ImageObject","inLanguage":"sk-SK","@id":"https:\/\/www.blecha.at\/sk\/produkty\/subdodavatelske-diely-pre-sacie-dopravne-zariadenia\/#primaryimage","url":"https:\/\/www.blecha.at\/wp-content\/uploads\/2021\/03\/blecha-zulieferteile-fuer-saugfoerderanlagen-1-thumbnail.jpg","contentUrl":"https:\/\/www.blecha.at\/wp-content\/uploads\/2021\/03\/blecha-zulieferteile-fuer-saugfoerderanlagen-1-thumbnail.jpg","width":1600,"height":1600},{"@type":"BreadcrumbList","@id":"https:\/\/www.blecha.at\/sk\/produkty\/subdodavatelske-diely-pre-sacie-dopravne-zariadenia\/#breadcrumb","itemListElement":[{"@type":"ListItem","position":1,"name":"Home","item":"https:\/\/www.blecha.at\/sk\/"},{"@type":"ListItem","position":2,"name":"Produkty","item":"https:\/\/www.blecha.at\/sk\/produkty\/"},{"@type":"ListItem","position":3,"name":"Subdod\u00e1vate\u013esk\u00e9 diely pre sacie dopravn\u00e9 zariadenia"}]},{"@type":"WebSite","@id":"https:\/\/www.blecha.at\/#website","url":"https:\/\/www.blecha.at\/","name":"BLECHA","description":"Eine weitere WordPress-Website","potentialAction":[{"@type":"SearchAction","target":{"@type":"EntryPoint","urlTemplate":"https:\/\/www.blecha.at\/?s={search_term_string}"},"query-input":{"@type":"PropertyValueSpecification","valueRequired":true,"valueName":"search_term_string"}}],"inLanguage":"sk-SK"}]}},"_links":{"self":[{"href":"https:\/\/www.blecha.at\/sk\/wp-json\/wp\/v2\/pages\/11368","targetHints":{"allow":["GET"]}}],"collection":[{"href":"https:\/\/www.blecha.at\/sk\/wp-json\/wp\/v2\/pages"}],"about":[{"href":"https:\/\/www.blecha.at\/sk\/wp-json\/wp\/v2\/types\/page"}],"author":[{"embeddable":true,"href":"https:\/\/www.blecha.at\/sk\/wp-json\/wp\/v2\/users\/2"}],"replies":[{"embeddable":true,"href":"https:\/\/www.blecha.at\/sk\/wp-json\/wp\/v2\/comments?post=11368"}],"version-history":[{"count":6,"href":"https:\/\/www.blecha.at\/sk\/wp-json\/wp\/v2\/pages\/11368\/revisions"}],"predecessor-version":[{"id":14429,"href":"https:\/\/www.blecha.at\/sk\/wp-json\/wp\/v2\/pages\/11368\/revisions\/14429"}],"up":[{"embeddable":true,"href":"https:\/\/www.blecha.at\/sk\/wp-json\/wp\/v2\/pages\/5448"}],"wp:featuredmedia":[{"embeddable":true,"href":"https:\/\/www.blecha.at\/sk\/wp-json\/wp\/v2\/media\/11370"}],"wp:attachment":[{"href":"https:\/\/www.blecha.at\/sk\/wp-json\/wp\/v2\/media?parent=11368"}],"curies":[{"name":"wp","href":"https:\/\/api.w.org\/{rel}","templated":true}]}}