{"id":11509,"date":"2020-10-05T12:42:32","date_gmt":"2020-10-05T10:42:32","guid":{"rendered":"https:\/\/www.blecha.at\/unternehmen\/"},"modified":"2026-03-09T15:08:25","modified_gmt":"2026-03-09T14:08:25","slug":"spolocnost","status":"publish","type":"page","link":"https:\/\/www.blecha.at\/sk\/spolocnost\/","title":{"rendered":"Unternehmen"},"content":{"rendered":"","protected":false},"excerpt":{"rendered":"","protected":false},"author":2,"featured_media":0,"parent":0,"menu_order":0,"comment_status":"closed","ping_status":"closed","template":"page-unternehmen.php","meta":{"_acf_changed":false,"footnotes":""},"class_list":["post-11509","page","type-page","status-publish","hentry"],"acf":[],"yoast_head":"<!-- This site is optimized with the Yoast SEO plugin v27.3 - https:\/\/yoast.com\/product\/yoast-seo-wordpress\/ -->\n<title>Spolo\u010dnos\u0165 | BLECHA<\/title>\n<meta name=\"description\" content=\"K n\u00e1\u0161mu materi\u00e1lu m\u00e1me bl\u00edzko, preto je hlin\u00edk pre n\u00e1s viac ako stabiln\u00fd a \u013eahk\u00fd materi\u00e1l. Je to na\u0161a v\u00e1\u0161e\u0148, na\u0161a snaha o inov\u00e1cie, ktor\u00e1 n\u00e1s ka\u017ed\u00fd de\u0148 dost\u00e1va do formy.\" \/>\n<meta name=\"robots\" content=\"index, follow, max-snippet:-1, max-image-preview:large, max-video-preview:-1\" \/>\n<link rel=\"canonical\" href=\"https:\/\/www.blecha.at\/sk\/spolocnost\/\" \/>\n<meta property=\"og:locale\" content=\"sk_SK\" \/>\n<meta property=\"og:type\" content=\"article\" \/>\n<meta property=\"og:title\" content=\"Spolo\u010dnos\u0165 | BLECHA\" \/>\n<meta property=\"og:description\" content=\"K n\u00e1\u0161mu materi\u00e1lu m\u00e1me bl\u00edzko, preto je hlin\u00edk pre n\u00e1s viac ako stabiln\u00fd a \u013eahk\u00fd materi\u00e1l. Je to na\u0161a v\u00e1\u0161e\u0148, na\u0161a snaha o inov\u00e1cie, ktor\u00e1 n\u00e1s ka\u017ed\u00fd de\u0148 dost\u00e1va do formy.\" \/>\n<meta property=\"og:url\" content=\"https:\/\/www.blecha.at\/sk\/spolocnost\/\" \/>\n<meta property=\"og:site_name\" content=\"BLECHA\" \/>\n<meta property=\"article:modified_time\" content=\"2026-03-09T14:08:25+00:00\" \/>\n<meta property=\"og:image\" content=\"https:\/\/www.blecha.at\/wp-content\/uploads\/2021\/02\/blecha-unternehmen-auswahl-gebaeude-3-scaled.jpg\" \/>\n\t<meta property=\"og:image:width\" content=\"2560\" \/>\n\t<meta property=\"og:image:height\" content=\"1642\" \/>\n\t<meta property=\"og:image:type\" content=\"image\/jpeg\" \/>\n<meta name=\"twitter:card\" content=\"summary_large_image\" \/>\n<script type=\"application\/ld+json\" class=\"yoast-schema-graph\">{\"@context\":\"https:\\\/\\\/schema.org\",\"@graph\":[{\"@type\":\"WebPage\",\"@id\":\"https:\\\/\\\/www.blecha.at\\\/sk\\\/spolocnost\\\/\",\"url\":\"https:\\\/\\\/www.blecha.at\\\/sk\\\/spolocnost\\\/\",\"name\":\"Spolo\u010dnos\u0165 | BLECHA\",\"isPartOf\":{\"@id\":\"https:\\\/\\\/www.blecha.at\\\/#website\"},\"datePublished\":\"2020-10-05T10:42:32+00:00\",\"dateModified\":\"2026-03-09T14:08:25+00:00\",\"description\":\"K n\u00e1\u0161mu materi\u00e1lu m\u00e1me bl\u00edzko, preto je hlin\u00edk pre n\u00e1s viac ako stabiln\u00fd a \u013eahk\u00fd materi\u00e1l. Je to na\u0161a v\u00e1\u0161e\u0148, na\u0161a snaha o inov\u00e1cie, ktor\u00e1 n\u00e1s ka\u017ed\u00fd de\u0148 dost\u00e1va do formy.\",\"breadcrumb\":{\"@id\":\"https:\\\/\\\/www.blecha.at\\\/sk\\\/spolocnost\\\/#breadcrumb\"},\"inLanguage\":\"sk-SK\",\"potentialAction\":[{\"@type\":\"ReadAction\",\"target\":[\"https:\\\/\\\/www.blecha.at\\\/sk\\\/spolocnost\\\/\"]}]},{\"@type\":\"BreadcrumbList\",\"@id\":\"https:\\\/\\\/www.blecha.at\\\/sk\\\/spolocnost\\\/#breadcrumb\",\"itemListElement\":[{\"@type\":\"ListItem\",\"position\":1,\"name\":\"Home\",\"item\":\"https:\\\/\\\/www.blecha.at\\\/sk\\\/\"},{\"@type\":\"ListItem\",\"position\":2,\"name\":\"Unternehmen\"}]},{\"@type\":\"WebSite\",\"@id\":\"https:\\\/\\\/www.blecha.at\\\/#website\",\"url\":\"https:\\\/\\\/www.blecha.at\\\/\",\"name\":\"BLECHA\",\"description\":\"Eine weitere WordPress-Website\",\"potentialAction\":[{\"@type\":\"SearchAction\",\"target\":{\"@type\":\"EntryPoint\",\"urlTemplate\":\"https:\\\/\\\/www.blecha.at\\\/?s={search_term_string}\"},\"query-input\":{\"@type\":\"PropertyValueSpecification\",\"valueRequired\":true,\"valueName\":\"search_term_string\"}}],\"inLanguage\":\"sk-SK\"}]}<\/script>\n<!-- \/ Yoast SEO plugin. -->","yoast_head_json":{"title":"Spolo\u010dnos\u0165 | BLECHA","description":"K n\u00e1\u0161mu materi\u00e1lu m\u00e1me bl\u00edzko, preto je hlin\u00edk pre n\u00e1s viac ako stabiln\u00fd a \u013eahk\u00fd materi\u00e1l. Je to na\u0161a v\u00e1\u0161e\u0148, na\u0161a snaha o inov\u00e1cie, ktor\u00e1 n\u00e1s ka\u017ed\u00fd de\u0148 dost\u00e1va do formy.","robots":{"index":"index","follow":"follow","max-snippet":"max-snippet:-1","max-image-preview":"max-image-preview:large","max-video-preview":"max-video-preview:-1"},"canonical":"https:\/\/www.blecha.at\/sk\/spolocnost\/","og_locale":"sk_SK","og_type":"article","og_title":"Spolo\u010dnos\u0165 | BLECHA","og_description":"K n\u00e1\u0161mu materi\u00e1lu m\u00e1me bl\u00edzko, preto je hlin\u00edk pre n\u00e1s viac ako stabiln\u00fd a \u013eahk\u00fd materi\u00e1l. Je to na\u0161a v\u00e1\u0161e\u0148, na\u0161a snaha o inov\u00e1cie, ktor\u00e1 n\u00e1s ka\u017ed\u00fd de\u0148 dost\u00e1va do formy.","og_url":"https:\/\/www.blecha.at\/sk\/spolocnost\/","og_site_name":"BLECHA","article_modified_time":"2026-03-09T14:08:25+00:00","og_image":[{"width":2560,"height":1642,"url":"https:\/\/www.blecha.at\/wp-content\/uploads\/2021\/02\/blecha-unternehmen-auswahl-gebaeude-3-scaled.jpg","type":"image\/jpeg"}],"twitter_card":"summary_large_image","schema":{"@context":"https:\/\/schema.org","@graph":[{"@type":"WebPage","@id":"https:\/\/www.blecha.at\/sk\/spolocnost\/","url":"https:\/\/www.blecha.at\/sk\/spolocnost\/","name":"Spolo\u010dnos\u0165 | BLECHA","isPartOf":{"@id":"https:\/\/www.blecha.at\/#website"},"datePublished":"2020-10-05T10:42:32+00:00","dateModified":"2026-03-09T14:08:25+00:00","description":"K n\u00e1\u0161mu materi\u00e1lu m\u00e1me bl\u00edzko, preto je hlin\u00edk pre n\u00e1s viac ako stabiln\u00fd a \u013eahk\u00fd materi\u00e1l. Je to na\u0161a v\u00e1\u0161e\u0148, na\u0161a snaha o inov\u00e1cie, ktor\u00e1 n\u00e1s ka\u017ed\u00fd de\u0148 dost\u00e1va do formy.","breadcrumb":{"@id":"https:\/\/www.blecha.at\/sk\/spolocnost\/#breadcrumb"},"inLanguage":"sk-SK","potentialAction":[{"@type":"ReadAction","target":["https:\/\/www.blecha.at\/sk\/spolocnost\/"]}]},{"@type":"BreadcrumbList","@id":"https:\/\/www.blecha.at\/sk\/spolocnost\/#breadcrumb","itemListElement":[{"@type":"ListItem","position":1,"name":"Home","item":"https:\/\/www.blecha.at\/sk\/"},{"@type":"ListItem","position":2,"name":"Unternehmen"}]},{"@type":"WebSite","@id":"https:\/\/www.blecha.at\/#website","url":"https:\/\/www.blecha.at\/","name":"BLECHA","description":"Eine weitere WordPress-Website","potentialAction":[{"@type":"SearchAction","target":{"@type":"EntryPoint","urlTemplate":"https:\/\/www.blecha.at\/?s={search_term_string}"},"query-input":{"@type":"PropertyValueSpecification","valueRequired":true,"valueName":"search_term_string"}}],"inLanguage":"sk-SK"}]}},"_links":{"self":[{"href":"https:\/\/www.blecha.at\/sk\/wp-json\/wp\/v2\/pages\/11509","targetHints":{"allow":["GET"]}}],"collection":[{"href":"https:\/\/www.blecha.at\/sk\/wp-json\/wp\/v2\/pages"}],"about":[{"href":"https:\/\/www.blecha.at\/sk\/wp-json\/wp\/v2\/types\/page"}],"author":[{"embeddable":true,"href":"https:\/\/www.blecha.at\/sk\/wp-json\/wp\/v2\/users\/2"}],"replies":[{"embeddable":true,"href":"https:\/\/www.blecha.at\/sk\/wp-json\/wp\/v2\/comments?post=11509"}],"version-history":[{"count":6,"href":"https:\/\/www.blecha.at\/sk\/wp-json\/wp\/v2\/pages\/11509\/revisions"}],"predecessor-version":[{"id":31950,"href":"https:\/\/www.blecha.at\/sk\/wp-json\/wp\/v2\/pages\/11509\/revisions\/31950"}],"wp:attachment":[{"href":"https:\/\/www.blecha.at\/sk\/wp-json\/wp\/v2\/media?parent=11509"}],"curies":[{"name":"wp","href":"https:\/\/api.w.org\/{rel}","templated":true}]}}