{"id":22290,"date":"2023-09-13T15:38:36","date_gmt":"2023-09-13T13:38:36","guid":{"rendered":"https:\/\/www.blecha.at\/?page_id=22290"},"modified":"2026-01-26T16:40:58","modified_gmt":"2026-01-26T15:40:58","slug":"tieniaca-technika-a-ochrana-proti-hmyzu","status":"publish","type":"page","link":"https:\/\/www.blecha.at\/sk\/produkty\/specialne-profily\/tieniaca-technika-a-ochrana-proti-hmyzu\/","title":{"rendered":"Tieniaca technika a ochrana proti hmyzu"},"content":{"rendered":"","protected":false},"excerpt":{"rendered":"","protected":false},"author":2,"featured_media":0,"parent":6012,"menu_order":0,"comment_status":"closed","ping_status":"closed","template":"page-zaunsysteme-details.php","meta":{"_acf_changed":false,"footnotes":""},"class_list":["post-22290","page","type-page","status-publish","hentry"],"acf":[],"yoast_head":"<!-- This site is optimized with the Yoast SEO plugin v27.3 - https:\/\/yoast.com\/product\/yoast-seo-wordpress\/ -->\n<title>Tieniaca technika a ochrana proti hmyzu | BLECHA ALUPROFILE<\/title>\n<meta name=\"description\" content=\"Objavte na\u0161e vysokokvalitn\u00e9 rie\u0161enia na ochranu pred slnkom a hmyzom vyroben\u00e9 z hlin\u00edka. Na\u0161e produkty pon\u00fakaj\u00fa ide\u00e1lne rie\u0161enie pre \u00fa\u010dinn\u00fa ochranu pred slnkom a ochranu pred hmyzom z\u00e1rove\u0148.\" \/>\n<meta name=\"robots\" content=\"index, follow, max-snippet:-1, max-image-preview:large, max-video-preview:-1\" \/>\n<link rel=\"canonical\" href=\"https:\/\/www.blecha.at\/sk\/produkty\/specialne-profily\/tieniaca-technika-a-ochrana-proti-hmyzu\/\" \/>\n<meta property=\"og:locale\" content=\"sk_SK\" \/>\n<meta property=\"og:type\" content=\"article\" \/>\n<meta property=\"og:title\" content=\"Tieniaca technika a ochrana proti hmyzu | BLECHA ALUPROFILE\" \/>\n<meta property=\"og:description\" content=\"Objavte na\u0161e vysokokvalitn\u00e9 rie\u0161enia na ochranu pred slnkom a hmyzom vyroben\u00e9 z hlin\u00edka. Na\u0161e produkty pon\u00fakaj\u00fa ide\u00e1lne rie\u0161enie pre \u00fa\u010dinn\u00fa ochranu pred slnkom a ochranu pred hmyzom z\u00e1rove\u0148.\" \/>\n<meta property=\"og:url\" content=\"https:\/\/www.blecha.at\/sk\/produkty\/specialne-profily\/tieniaca-technika-a-ochrana-proti-hmyzu\/\" \/>\n<meta property=\"og:site_name\" content=\"BLECHA\" \/>\n<meta property=\"article:modified_time\" content=\"2026-01-26T15:40:58+00:00\" \/>\n<meta property=\"og:image\" content=\"https:\/\/www.blecha.at\/wp-content\/uploads\/2021\/02\/blecha-unternehmen-auswahl-gebaeude-3-scaled.jpg\" \/>\n\t<meta property=\"og:image:width\" content=\"2560\" \/>\n\t<meta property=\"og:image:height\" content=\"1642\" \/>\n\t<meta property=\"og:image:type\" content=\"image\/jpeg\" \/>\n<meta name=\"twitter:card\" content=\"summary_large_image\" \/>\n<script type=\"application\/ld+json\" class=\"yoast-schema-graph\">{\"@context\":\"https:\\\/\\\/schema.org\",\"@graph\":[{\"@type\":\"WebPage\",\"@id\":\"https:\\\/\\\/www.blecha.at\\\/sk\\\/produkty\\\/specialne-profily\\\/tieniaca-technika-a-ochrana-proti-hmyzu\\\/\",\"url\":\"https:\\\/\\\/www.blecha.at\\\/sk\\\/produkty\\\/specialne-profily\\\/tieniaca-technika-a-ochrana-proti-hmyzu\\\/\",\"name\":\"Tieniaca technika a ochrana proti hmyzu | BLECHA ALUPROFILE\",\"isPartOf\":{\"@id\":\"https:\\\/\\\/www.blecha.at\\\/#website\"},\"datePublished\":\"2023-09-13T13:38:36+00:00\",\"dateModified\":\"2026-01-26T15:40:58+00:00\",\"description\":\"Objavte na\u0161e vysokokvalitn\u00e9 rie\u0161enia na ochranu pred slnkom a hmyzom vyroben\u00e9 z hlin\u00edka. Na\u0161e produkty pon\u00fakaj\u00fa ide\u00e1lne rie\u0161enie pre \u00fa\u010dinn\u00fa ochranu pred slnkom a ochranu pred hmyzom z\u00e1rove\u0148.\",\"breadcrumb\":{\"@id\":\"https:\\\/\\\/www.blecha.at\\\/sk\\\/produkty\\\/specialne-profily\\\/tieniaca-technika-a-ochrana-proti-hmyzu\\\/#breadcrumb\"},\"inLanguage\":\"sk-SK\",\"potentialAction\":[{\"@type\":\"ReadAction\",\"target\":[\"https:\\\/\\\/www.blecha.at\\\/sk\\\/produkty\\\/specialne-profily\\\/tieniaca-technika-a-ochrana-proti-hmyzu\\\/\"]}]},{\"@type\":\"BreadcrumbList\",\"@id\":\"https:\\\/\\\/www.blecha.at\\\/sk\\\/produkty\\\/specialne-profily\\\/tieniaca-technika-a-ochrana-proti-hmyzu\\\/#breadcrumb\",\"itemListElement\":[{\"@type\":\"ListItem\",\"position\":1,\"name\":\"Home\",\"item\":\"https:\\\/\\\/www.blecha.at\\\/sk\\\/\"},{\"@type\":\"ListItem\",\"position\":2,\"name\":\"Produkty\",\"item\":\"https:\\\/\\\/www.blecha.at\\\/sk\\\/produkty\\\/\"},{\"@type\":\"ListItem\",\"position\":3,\"name\":\"\u0160peci\u00e1lne profily\",\"item\":\"https:\\\/\\\/www.blecha.at\\\/sk\\\/produkty\\\/specialne-profily\\\/\"},{\"@type\":\"ListItem\",\"position\":4,\"name\":\"Tieniaca technika a ochrana proti hmyzu\"}]},{\"@type\":\"WebSite\",\"@id\":\"https:\\\/\\\/www.blecha.at\\\/#website\",\"url\":\"https:\\\/\\\/www.blecha.at\\\/\",\"name\":\"BLECHA\",\"description\":\"Eine weitere WordPress-Website\",\"potentialAction\":[{\"@type\":\"SearchAction\",\"target\":{\"@type\":\"EntryPoint\",\"urlTemplate\":\"https:\\\/\\\/www.blecha.at\\\/?s={search_term_string}\"},\"query-input\":{\"@type\":\"PropertyValueSpecification\",\"valueRequired\":true,\"valueName\":\"search_term_string\"}}],\"inLanguage\":\"sk-SK\"}]}<\/script>\n<!-- \/ Yoast SEO plugin. -->","yoast_head_json":{"title":"Tieniaca technika a ochrana proti hmyzu | BLECHA ALUPROFILE","description":"Objavte na\u0161e vysokokvalitn\u00e9 rie\u0161enia na ochranu pred slnkom a hmyzom vyroben\u00e9 z hlin\u00edka. Na\u0161e produkty pon\u00fakaj\u00fa ide\u00e1lne rie\u0161enie pre \u00fa\u010dinn\u00fa ochranu pred slnkom a ochranu pred hmyzom z\u00e1rove\u0148.","robots":{"index":"index","follow":"follow","max-snippet":"max-snippet:-1","max-image-preview":"max-image-preview:large","max-video-preview":"max-video-preview:-1"},"canonical":"https:\/\/www.blecha.at\/sk\/produkty\/specialne-profily\/tieniaca-technika-a-ochrana-proti-hmyzu\/","og_locale":"sk_SK","og_type":"article","og_title":"Tieniaca technika a ochrana proti hmyzu | BLECHA ALUPROFILE","og_description":"Objavte na\u0161e vysokokvalitn\u00e9 rie\u0161enia na ochranu pred slnkom a hmyzom vyroben\u00e9 z hlin\u00edka. Na\u0161e produkty pon\u00fakaj\u00fa ide\u00e1lne rie\u0161enie pre \u00fa\u010dinn\u00fa ochranu pred slnkom a ochranu pred hmyzom z\u00e1rove\u0148.","og_url":"https:\/\/www.blecha.at\/sk\/produkty\/specialne-profily\/tieniaca-technika-a-ochrana-proti-hmyzu\/","og_site_name":"BLECHA","article_modified_time":"2026-01-26T15:40:58+00:00","og_image":[{"width":2560,"height":1642,"url":"https:\/\/www.blecha.at\/wp-content\/uploads\/2021\/02\/blecha-unternehmen-auswahl-gebaeude-3-scaled.jpg","type":"image\/jpeg"}],"twitter_card":"summary_large_image","schema":{"@context":"https:\/\/schema.org","@graph":[{"@type":"WebPage","@id":"https:\/\/www.blecha.at\/sk\/produkty\/specialne-profily\/tieniaca-technika-a-ochrana-proti-hmyzu\/","url":"https:\/\/www.blecha.at\/sk\/produkty\/specialne-profily\/tieniaca-technika-a-ochrana-proti-hmyzu\/","name":"Tieniaca technika a ochrana proti hmyzu | BLECHA ALUPROFILE","isPartOf":{"@id":"https:\/\/www.blecha.at\/#website"},"datePublished":"2023-09-13T13:38:36+00:00","dateModified":"2026-01-26T15:40:58+00:00","description":"Objavte na\u0161e vysokokvalitn\u00e9 rie\u0161enia na ochranu pred slnkom a hmyzom vyroben\u00e9 z hlin\u00edka. Na\u0161e produkty pon\u00fakaj\u00fa ide\u00e1lne rie\u0161enie pre \u00fa\u010dinn\u00fa ochranu pred slnkom a ochranu pred hmyzom z\u00e1rove\u0148.","breadcrumb":{"@id":"https:\/\/www.blecha.at\/sk\/produkty\/specialne-profily\/tieniaca-technika-a-ochrana-proti-hmyzu\/#breadcrumb"},"inLanguage":"sk-SK","potentialAction":[{"@type":"ReadAction","target":["https:\/\/www.blecha.at\/sk\/produkty\/specialne-profily\/tieniaca-technika-a-ochrana-proti-hmyzu\/"]}]},{"@type":"BreadcrumbList","@id":"https:\/\/www.blecha.at\/sk\/produkty\/specialne-profily\/tieniaca-technika-a-ochrana-proti-hmyzu\/#breadcrumb","itemListElement":[{"@type":"ListItem","position":1,"name":"Home","item":"https:\/\/www.blecha.at\/sk\/"},{"@type":"ListItem","position":2,"name":"Produkty","item":"https:\/\/www.blecha.at\/sk\/produkty\/"},{"@type":"ListItem","position":3,"name":"\u0160peci\u00e1lne profily","item":"https:\/\/www.blecha.at\/sk\/produkty\/specialne-profily\/"},{"@type":"ListItem","position":4,"name":"Tieniaca technika a ochrana proti hmyzu"}]},{"@type":"WebSite","@id":"https:\/\/www.blecha.at\/#website","url":"https:\/\/www.blecha.at\/","name":"BLECHA","description":"Eine weitere WordPress-Website","potentialAction":[{"@type":"SearchAction","target":{"@type":"EntryPoint","urlTemplate":"https:\/\/www.blecha.at\/?s={search_term_string}"},"query-input":{"@type":"PropertyValueSpecification","valueRequired":true,"valueName":"search_term_string"}}],"inLanguage":"sk-SK"}]}},"_links":{"self":[{"href":"https:\/\/www.blecha.at\/sk\/wp-json\/wp\/v2\/pages\/22290","targetHints":{"allow":["GET"]}}],"collection":[{"href":"https:\/\/www.blecha.at\/sk\/wp-json\/wp\/v2\/pages"}],"about":[{"href":"https:\/\/www.blecha.at\/sk\/wp-json\/wp\/v2\/types\/page"}],"author":[{"embeddable":true,"href":"https:\/\/www.blecha.at\/sk\/wp-json\/wp\/v2\/users\/2"}],"replies":[{"embeddable":true,"href":"https:\/\/www.blecha.at\/sk\/wp-json\/wp\/v2\/comments?post=22290"}],"version-history":[{"count":6,"href":"https:\/\/www.blecha.at\/sk\/wp-json\/wp\/v2\/pages\/22290\/revisions"}],"predecessor-version":[{"id":31815,"href":"https:\/\/www.blecha.at\/sk\/wp-json\/wp\/v2\/pages\/22290\/revisions\/31815"}],"up":[{"embeddable":true,"href":"https:\/\/www.blecha.at\/sk\/wp-json\/wp\/v2\/pages\/6012"}],"wp:attachment":[{"href":"https:\/\/www.blecha.at\/sk\/wp-json\/wp\/v2\/media?parent=22290"}],"curies":[{"name":"wp","href":"https:\/\/api.w.org\/{rel}","templated":true}]}}