{"id":22303,"date":"2023-09-13T15:30:17","date_gmt":"2023-09-13T13:30:17","guid":{"rendered":"https:\/\/www.blecha.at\/?page_id=22303"},"modified":"2026-01-26T16:28:28","modified_gmt":"2026-01-26T15:28:28","slug":"kovovyroba","status":"publish","type":"page","link":"https:\/\/www.blecha.at\/sk\/produkty\/specialne-profily\/kovovyroba\/","title":{"rendered":"Kovov\u00fdroba"},"content":{"rendered":"","protected":false},"excerpt":{"rendered":"","protected":false},"author":2,"featured_media":0,"parent":6012,"menu_order":0,"comment_status":"closed","ping_status":"closed","template":"page-zaunsysteme-details.php","meta":{"_acf_changed":false,"footnotes":""},"class_list":["post-22303","page","type-page","status-publish","hentry"],"acf":[],"yoast_head":"<!-- This site is optimized with the Yoast SEO plugin v27.3 - https:\/\/yoast.com\/product\/yoast-seo-wordpress\/ -->\n<title>Kovov\u00fdroba | BLECHA Aluprofile<\/title>\n<meta name=\"description\" content=\"N\u00e1\u0161 \u0161irok\u00fd sortiment profilov pon\u00faka dokonal\u00e9 rie\u0161enie pre kovov\u00e9 kon\u0161trukcie. Bez oh\u013eadu na to, \u010di potrebujete obkladov\u00e9 profily, priv\u00e1tne profily, polkruhov\u00e9 profily, skladacie p\u00e1sov\u00e9 profily, stenov\u00e9 lemovacie profily, roletov\u00e9 profily, omega profily, krycie li\u0161ty, terasov\u00e9 dosky, U-profily, lemovacie profily, H-profily, T- profily alebo profily okrajov tr\u00e1vnika, u n\u00e1s n\u00e1jdete to, \u010do h\u013ead\u00e1te.\" \/>\n<meta name=\"robots\" content=\"index, follow, max-snippet:-1, max-image-preview:large, max-video-preview:-1\" \/>\n<link rel=\"canonical\" href=\"https:\/\/www.blecha.at\/sk\/produkty\/specialne-profily\/kovovyroba\/\" \/>\n<meta property=\"og:locale\" content=\"sk_SK\" \/>\n<meta property=\"og:type\" content=\"article\" \/>\n<meta property=\"og:title\" content=\"Kovov\u00fdroba | BLECHA Aluprofile\" \/>\n<meta property=\"og:description\" content=\"N\u00e1\u0161 \u0161irok\u00fd sortiment profilov pon\u00faka dokonal\u00e9 rie\u0161enie pre kovov\u00e9 kon\u0161trukcie. Bez oh\u013eadu na to, \u010di potrebujete obkladov\u00e9 profily, priv\u00e1tne profily, polkruhov\u00e9 profily, skladacie p\u00e1sov\u00e9 profily, stenov\u00e9 lemovacie profily, roletov\u00e9 profily, omega profily, krycie li\u0161ty, terasov\u00e9 dosky, U-profily, lemovacie profily, H-profily, T- profily alebo profily okrajov tr\u00e1vnika, u n\u00e1s n\u00e1jdete to, \u010do h\u013ead\u00e1te.\" \/>\n<meta property=\"og:url\" content=\"https:\/\/www.blecha.at\/sk\/produkty\/specialne-profily\/kovovyroba\/\" \/>\n<meta property=\"og:site_name\" content=\"BLECHA\" \/>\n<meta property=\"article:modified_time\" content=\"2026-01-26T15:28:28+00:00\" \/>\n<meta property=\"og:image\" content=\"https:\/\/www.blecha.at\/wp-content\/uploads\/2021\/02\/blecha-unternehmen-auswahl-gebaeude-3-scaled.jpg\" \/>\n\t<meta property=\"og:image:width\" content=\"2560\" \/>\n\t<meta property=\"og:image:height\" content=\"1642\" \/>\n\t<meta property=\"og:image:type\" content=\"image\/jpeg\" \/>\n<meta name=\"twitter:card\" content=\"summary_large_image\" \/>\n<script type=\"application\/ld+json\" class=\"yoast-schema-graph\">{\"@context\":\"https:\\\/\\\/schema.org\",\"@graph\":[{\"@type\":\"WebPage\",\"@id\":\"https:\\\/\\\/www.blecha.at\\\/sk\\\/produkty\\\/specialne-profily\\\/kovovyroba\\\/\",\"url\":\"https:\\\/\\\/www.blecha.at\\\/sk\\\/produkty\\\/specialne-profily\\\/kovovyroba\\\/\",\"name\":\"Kovov\u00fdroba | BLECHA Aluprofile\",\"isPartOf\":{\"@id\":\"https:\\\/\\\/www.blecha.at\\\/#website\"},\"datePublished\":\"2023-09-13T13:30:17+00:00\",\"dateModified\":\"2026-01-26T15:28:28+00:00\",\"description\":\"N\u00e1\u0161 \u0161irok\u00fd sortiment profilov pon\u00faka dokonal\u00e9 rie\u0161enie pre kovov\u00e9 kon\u0161trukcie. Bez oh\u013eadu na to, \u010di potrebujete obkladov\u00e9 profily, priv\u00e1tne profily, polkruhov\u00e9 profily, skladacie p\u00e1sov\u00e9 profily, stenov\u00e9 lemovacie profily, roletov\u00e9 profily, omega profily, krycie li\u0161ty, terasov\u00e9 dosky, U-profily, lemovacie profily, H-profily, T- profily alebo profily okrajov tr\u00e1vnika, u n\u00e1s n\u00e1jdete to, \u010do h\u013ead\u00e1te.\",\"breadcrumb\":{\"@id\":\"https:\\\/\\\/www.blecha.at\\\/sk\\\/produkty\\\/specialne-profily\\\/kovovyroba\\\/#breadcrumb\"},\"inLanguage\":\"sk-SK\",\"potentialAction\":[{\"@type\":\"ReadAction\",\"target\":[\"https:\\\/\\\/www.blecha.at\\\/sk\\\/produkty\\\/specialne-profily\\\/kovovyroba\\\/\"]}]},{\"@type\":\"BreadcrumbList\",\"@id\":\"https:\\\/\\\/www.blecha.at\\\/sk\\\/produkty\\\/specialne-profily\\\/kovovyroba\\\/#breadcrumb\",\"itemListElement\":[{\"@type\":\"ListItem\",\"position\":1,\"name\":\"Home\",\"item\":\"https:\\\/\\\/www.blecha.at\\\/sk\\\/\"},{\"@type\":\"ListItem\",\"position\":2,\"name\":\"Produkty\",\"item\":\"https:\\\/\\\/www.blecha.at\\\/sk\\\/produkty\\\/\"},{\"@type\":\"ListItem\",\"position\":3,\"name\":\"\u0160peci\u00e1lne profily\",\"item\":\"https:\\\/\\\/www.blecha.at\\\/sk\\\/produkty\\\/specialne-profily\\\/\"},{\"@type\":\"ListItem\",\"position\":4,\"name\":\"Kovov\u00fdroba\"}]},{\"@type\":\"WebSite\",\"@id\":\"https:\\\/\\\/www.blecha.at\\\/#website\",\"url\":\"https:\\\/\\\/www.blecha.at\\\/\",\"name\":\"BLECHA\",\"description\":\"Eine weitere WordPress-Website\",\"potentialAction\":[{\"@type\":\"SearchAction\",\"target\":{\"@type\":\"EntryPoint\",\"urlTemplate\":\"https:\\\/\\\/www.blecha.at\\\/?s={search_term_string}\"},\"query-input\":{\"@type\":\"PropertyValueSpecification\",\"valueRequired\":true,\"valueName\":\"search_term_string\"}}],\"inLanguage\":\"sk-SK\"}]}<\/script>\n<!-- \/ Yoast SEO plugin. -->","yoast_head_json":{"title":"Kovov\u00fdroba | BLECHA Aluprofile","description":"N\u00e1\u0161 \u0161irok\u00fd sortiment profilov pon\u00faka dokonal\u00e9 rie\u0161enie pre kovov\u00e9 kon\u0161trukcie. Bez oh\u013eadu na to, \u010di potrebujete obkladov\u00e9 profily, priv\u00e1tne profily, polkruhov\u00e9 profily, skladacie p\u00e1sov\u00e9 profily, stenov\u00e9 lemovacie profily, roletov\u00e9 profily, omega profily, krycie li\u0161ty, terasov\u00e9 dosky, U-profily, lemovacie profily, H-profily, T- profily alebo profily okrajov tr\u00e1vnika, u n\u00e1s n\u00e1jdete to, \u010do h\u013ead\u00e1te.","robots":{"index":"index","follow":"follow","max-snippet":"max-snippet:-1","max-image-preview":"max-image-preview:large","max-video-preview":"max-video-preview:-1"},"canonical":"https:\/\/www.blecha.at\/sk\/produkty\/specialne-profily\/kovovyroba\/","og_locale":"sk_SK","og_type":"article","og_title":"Kovov\u00fdroba | BLECHA Aluprofile","og_description":"N\u00e1\u0161 \u0161irok\u00fd sortiment profilov pon\u00faka dokonal\u00e9 rie\u0161enie pre kovov\u00e9 kon\u0161trukcie. Bez oh\u013eadu na to, \u010di potrebujete obkladov\u00e9 profily, priv\u00e1tne profily, polkruhov\u00e9 profily, skladacie p\u00e1sov\u00e9 profily, stenov\u00e9 lemovacie profily, roletov\u00e9 profily, omega profily, krycie li\u0161ty, terasov\u00e9 dosky, U-profily, lemovacie profily, H-profily, T- profily alebo profily okrajov tr\u00e1vnika, u n\u00e1s n\u00e1jdete to, \u010do h\u013ead\u00e1te.","og_url":"https:\/\/www.blecha.at\/sk\/produkty\/specialne-profily\/kovovyroba\/","og_site_name":"BLECHA","article_modified_time":"2026-01-26T15:28:28+00:00","og_image":[{"width":2560,"height":1642,"url":"https:\/\/www.blecha.at\/wp-content\/uploads\/2021\/02\/blecha-unternehmen-auswahl-gebaeude-3-scaled.jpg","type":"image\/jpeg"}],"twitter_card":"summary_large_image","schema":{"@context":"https:\/\/schema.org","@graph":[{"@type":"WebPage","@id":"https:\/\/www.blecha.at\/sk\/produkty\/specialne-profily\/kovovyroba\/","url":"https:\/\/www.blecha.at\/sk\/produkty\/specialne-profily\/kovovyroba\/","name":"Kovov\u00fdroba | BLECHA Aluprofile","isPartOf":{"@id":"https:\/\/www.blecha.at\/#website"},"datePublished":"2023-09-13T13:30:17+00:00","dateModified":"2026-01-26T15:28:28+00:00","description":"N\u00e1\u0161 \u0161irok\u00fd sortiment profilov pon\u00faka dokonal\u00e9 rie\u0161enie pre kovov\u00e9 kon\u0161trukcie. Bez oh\u013eadu na to, \u010di potrebujete obkladov\u00e9 profily, priv\u00e1tne profily, polkruhov\u00e9 profily, skladacie p\u00e1sov\u00e9 profily, stenov\u00e9 lemovacie profily, roletov\u00e9 profily, omega profily, krycie li\u0161ty, terasov\u00e9 dosky, U-profily, lemovacie profily, H-profily, T- profily alebo profily okrajov tr\u00e1vnika, u n\u00e1s n\u00e1jdete to, \u010do h\u013ead\u00e1te.","breadcrumb":{"@id":"https:\/\/www.blecha.at\/sk\/produkty\/specialne-profily\/kovovyroba\/#breadcrumb"},"inLanguage":"sk-SK","potentialAction":[{"@type":"ReadAction","target":["https:\/\/www.blecha.at\/sk\/produkty\/specialne-profily\/kovovyroba\/"]}]},{"@type":"BreadcrumbList","@id":"https:\/\/www.blecha.at\/sk\/produkty\/specialne-profily\/kovovyroba\/#breadcrumb","itemListElement":[{"@type":"ListItem","position":1,"name":"Home","item":"https:\/\/www.blecha.at\/sk\/"},{"@type":"ListItem","position":2,"name":"Produkty","item":"https:\/\/www.blecha.at\/sk\/produkty\/"},{"@type":"ListItem","position":3,"name":"\u0160peci\u00e1lne profily","item":"https:\/\/www.blecha.at\/sk\/produkty\/specialne-profily\/"},{"@type":"ListItem","position":4,"name":"Kovov\u00fdroba"}]},{"@type":"WebSite","@id":"https:\/\/www.blecha.at\/#website","url":"https:\/\/www.blecha.at\/","name":"BLECHA","description":"Eine weitere WordPress-Website","potentialAction":[{"@type":"SearchAction","target":{"@type":"EntryPoint","urlTemplate":"https:\/\/www.blecha.at\/?s={search_term_string}"},"query-input":{"@type":"PropertyValueSpecification","valueRequired":true,"valueName":"search_term_string"}}],"inLanguage":"sk-SK"}]}},"_links":{"self":[{"href":"https:\/\/www.blecha.at\/sk\/wp-json\/wp\/v2\/pages\/22303","targetHints":{"allow":["GET"]}}],"collection":[{"href":"https:\/\/www.blecha.at\/sk\/wp-json\/wp\/v2\/pages"}],"about":[{"href":"https:\/\/www.blecha.at\/sk\/wp-json\/wp\/v2\/types\/page"}],"author":[{"embeddable":true,"href":"https:\/\/www.blecha.at\/sk\/wp-json\/wp\/v2\/users\/2"}],"replies":[{"embeddable":true,"href":"https:\/\/www.blecha.at\/sk\/wp-json\/wp\/v2\/comments?post=22303"}],"version-history":[{"count":14,"href":"https:\/\/www.blecha.at\/sk\/wp-json\/wp\/v2\/pages\/22303\/revisions"}],"predecessor-version":[{"id":31787,"href":"https:\/\/www.blecha.at\/sk\/wp-json\/wp\/v2\/pages\/22303\/revisions\/31787"}],"up":[{"embeddable":true,"href":"https:\/\/www.blecha.at\/sk\/wp-json\/wp\/v2\/pages\/6012"}],"wp:attachment":[{"href":"https:\/\/www.blecha.at\/sk\/wp-json\/wp\/v2\/media?parent=22303"}],"curies":[{"name":"wp","href":"https:\/\/api.w.org\/{rel}","templated":true}]}}