{"id":24524,"date":"2023-01-11T10:58:58","date_gmt":"2023-01-11T09:58:58","guid":{"rendered":"https:\/\/www.blecha.at\/produkty\/specialne-profily\/glasbau\/"},"modified":"2026-01-26T16:17:25","modified_gmt":"2026-01-26T15:17:25","slug":"zasklievanie","status":"publish","type":"page","link":"https:\/\/www.blecha.at\/sk\/produkty\/specialne-profily\/zasklievanie\/","title":{"rendered":"Zasklievanieau"},"content":{"rendered":"","protected":false},"excerpt":{"rendered":"","protected":false},"author":2,"featured_media":0,"parent":6012,"menu_order":0,"comment_status":"closed","ping_status":"closed","template":"page-zaunsysteme-details.php","meta":{"_acf_changed":false,"footnotes":""},"class_list":["post-24524","page","type-page","status-publish","hentry"],"acf":[],"yoast_head":"<!-- This site is optimized with the Yoast SEO plugin v27.3 - https:\/\/yoast.com\/product\/yoast-seo-wordpress\/ -->\n<title>Zasklievanie | BLECHA Aluprofile<\/title>\n<meta name=\"description\" content=\"Na\u0161e hlin\u00edkov\u00e9 profily s\u00fa dokonal\u00fdm rie\u0161en\u00edm pre sklenen\u00e9 kon\u0161trukcie. V\u010faka \u0161irokej \u0161k\u00e1le profilov, vr\u00e1tane U-profilov, eloxovan\u00fdch U-profilov, nerezov\u00e9ho vzh\u013eadu a m\u00e4k\u010den\u00fdch uhlov\u00fdch profilov, v\u00e1m pon\u00fakame profily na dosiahnutie vynikaj\u00facich v\u00fdsledkov pri kon\u0161trukcii skla.\" \/>\n<meta name=\"robots\" content=\"index, follow, max-snippet:-1, max-image-preview:large, max-video-preview:-1\" \/>\n<link rel=\"canonical\" href=\"https:\/\/www.blecha.at\/sk\/produkty\/specialne-profily\/zasklievanie\/\" \/>\n<meta property=\"og:locale\" content=\"sk_SK\" \/>\n<meta property=\"og:type\" content=\"article\" \/>\n<meta property=\"og:title\" content=\"Zasklievanie | BLECHA Aluprofile\" \/>\n<meta property=\"og:description\" content=\"Na\u0161e hlin\u00edkov\u00e9 profily s\u00fa dokonal\u00fdm rie\u0161en\u00edm pre sklenen\u00e9 kon\u0161trukcie. V\u010faka \u0161irokej \u0161k\u00e1le profilov, vr\u00e1tane U-profilov, eloxovan\u00fdch U-profilov, nerezov\u00e9ho vzh\u013eadu a m\u00e4k\u010den\u00fdch uhlov\u00fdch profilov, v\u00e1m pon\u00fakame profily na dosiahnutie vynikaj\u00facich v\u00fdsledkov pri kon\u0161trukcii skla.\" \/>\n<meta property=\"og:url\" content=\"https:\/\/www.blecha.at\/sk\/produkty\/specialne-profily\/zasklievanie\/\" \/>\n<meta property=\"og:site_name\" content=\"BLECHA\" \/>\n<meta property=\"article:modified_time\" content=\"2026-01-26T15:17:25+00:00\" \/>\n<meta property=\"og:image\" content=\"https:\/\/www.blecha.at\/wp-content\/uploads\/2021\/02\/blecha-unternehmen-auswahl-gebaeude-3-scaled.jpg\" \/>\n\t<meta property=\"og:image:width\" content=\"2560\" \/>\n\t<meta property=\"og:image:height\" content=\"1642\" \/>\n\t<meta property=\"og:image:type\" content=\"image\/jpeg\" \/>\n<meta name=\"twitter:card\" content=\"summary_large_image\" \/>\n<script type=\"application\/ld+json\" class=\"yoast-schema-graph\">{\"@context\":\"https:\\\/\\\/schema.org\",\"@graph\":[{\"@type\":\"WebPage\",\"@id\":\"https:\\\/\\\/www.blecha.at\\\/sk\\\/produkty\\\/specialne-profily\\\/zasklievanie\\\/\",\"url\":\"https:\\\/\\\/www.blecha.at\\\/sk\\\/produkty\\\/specialne-profily\\\/zasklievanie\\\/\",\"name\":\"Zasklievanie | BLECHA Aluprofile\",\"isPartOf\":{\"@id\":\"https:\\\/\\\/www.blecha.at\\\/#website\"},\"datePublished\":\"2023-01-11T09:58:58+00:00\",\"dateModified\":\"2026-01-26T15:17:25+00:00\",\"description\":\"Na\u0161e hlin\u00edkov\u00e9 profily s\u00fa dokonal\u00fdm rie\u0161en\u00edm pre sklenen\u00e9 kon\u0161trukcie. V\u010faka \u0161irokej \u0161k\u00e1le profilov, vr\u00e1tane U-profilov, eloxovan\u00fdch U-profilov, nerezov\u00e9ho vzh\u013eadu a m\u00e4k\u010den\u00fdch uhlov\u00fdch profilov, v\u00e1m pon\u00fakame profily na dosiahnutie vynikaj\u00facich v\u00fdsledkov pri kon\u0161trukcii skla.\",\"breadcrumb\":{\"@id\":\"https:\\\/\\\/www.blecha.at\\\/sk\\\/produkty\\\/specialne-profily\\\/zasklievanie\\\/#breadcrumb\"},\"inLanguage\":\"sk-SK\",\"potentialAction\":[{\"@type\":\"ReadAction\",\"target\":[\"https:\\\/\\\/www.blecha.at\\\/sk\\\/produkty\\\/specialne-profily\\\/zasklievanie\\\/\"]}]},{\"@type\":\"BreadcrumbList\",\"@id\":\"https:\\\/\\\/www.blecha.at\\\/sk\\\/produkty\\\/specialne-profily\\\/zasklievanie\\\/#breadcrumb\",\"itemListElement\":[{\"@type\":\"ListItem\",\"position\":1,\"name\":\"Home\",\"item\":\"https:\\\/\\\/www.blecha.at\\\/sk\\\/\"},{\"@type\":\"ListItem\",\"position\":2,\"name\":\"Produkty\",\"item\":\"https:\\\/\\\/www.blecha.at\\\/sk\\\/produkty\\\/\"},{\"@type\":\"ListItem\",\"position\":3,\"name\":\"\u0160peci\u00e1lne profily\",\"item\":\"https:\\\/\\\/www.blecha.at\\\/sk\\\/produkty\\\/specialne-profily\\\/\"},{\"@type\":\"ListItem\",\"position\":4,\"name\":\"Zasklievanieau\"}]},{\"@type\":\"WebSite\",\"@id\":\"https:\\\/\\\/www.blecha.at\\\/#website\",\"url\":\"https:\\\/\\\/www.blecha.at\\\/\",\"name\":\"BLECHA\",\"description\":\"Eine weitere WordPress-Website\",\"potentialAction\":[{\"@type\":\"SearchAction\",\"target\":{\"@type\":\"EntryPoint\",\"urlTemplate\":\"https:\\\/\\\/www.blecha.at\\\/?s={search_term_string}\"},\"query-input\":{\"@type\":\"PropertyValueSpecification\",\"valueRequired\":true,\"valueName\":\"search_term_string\"}}],\"inLanguage\":\"sk-SK\"}]}<\/script>\n<!-- \/ Yoast SEO plugin. -->","yoast_head_json":{"title":"Zasklievanie | BLECHA Aluprofile","description":"Na\u0161e hlin\u00edkov\u00e9 profily s\u00fa dokonal\u00fdm rie\u0161en\u00edm pre sklenen\u00e9 kon\u0161trukcie. V\u010faka \u0161irokej \u0161k\u00e1le profilov, vr\u00e1tane U-profilov, eloxovan\u00fdch U-profilov, nerezov\u00e9ho vzh\u013eadu a m\u00e4k\u010den\u00fdch uhlov\u00fdch profilov, v\u00e1m pon\u00fakame profily na dosiahnutie vynikaj\u00facich v\u00fdsledkov pri kon\u0161trukcii skla.","robots":{"index":"index","follow":"follow","max-snippet":"max-snippet:-1","max-image-preview":"max-image-preview:large","max-video-preview":"max-video-preview:-1"},"canonical":"https:\/\/www.blecha.at\/sk\/produkty\/specialne-profily\/zasklievanie\/","og_locale":"sk_SK","og_type":"article","og_title":"Zasklievanie | BLECHA Aluprofile","og_description":"Na\u0161e hlin\u00edkov\u00e9 profily s\u00fa dokonal\u00fdm rie\u0161en\u00edm pre sklenen\u00e9 kon\u0161trukcie. V\u010faka \u0161irokej \u0161k\u00e1le profilov, vr\u00e1tane U-profilov, eloxovan\u00fdch U-profilov, nerezov\u00e9ho vzh\u013eadu a m\u00e4k\u010den\u00fdch uhlov\u00fdch profilov, v\u00e1m pon\u00fakame profily na dosiahnutie vynikaj\u00facich v\u00fdsledkov pri kon\u0161trukcii skla.","og_url":"https:\/\/www.blecha.at\/sk\/produkty\/specialne-profily\/zasklievanie\/","og_site_name":"BLECHA","article_modified_time":"2026-01-26T15:17:25+00:00","og_image":[{"width":2560,"height":1642,"url":"https:\/\/www.blecha.at\/wp-content\/uploads\/2021\/02\/blecha-unternehmen-auswahl-gebaeude-3-scaled.jpg","type":"image\/jpeg"}],"twitter_card":"summary_large_image","schema":{"@context":"https:\/\/schema.org","@graph":[{"@type":"WebPage","@id":"https:\/\/www.blecha.at\/sk\/produkty\/specialne-profily\/zasklievanie\/","url":"https:\/\/www.blecha.at\/sk\/produkty\/specialne-profily\/zasklievanie\/","name":"Zasklievanie | BLECHA Aluprofile","isPartOf":{"@id":"https:\/\/www.blecha.at\/#website"},"datePublished":"2023-01-11T09:58:58+00:00","dateModified":"2026-01-26T15:17:25+00:00","description":"Na\u0161e hlin\u00edkov\u00e9 profily s\u00fa dokonal\u00fdm rie\u0161en\u00edm pre sklenen\u00e9 kon\u0161trukcie. V\u010faka \u0161irokej \u0161k\u00e1le profilov, vr\u00e1tane U-profilov, eloxovan\u00fdch U-profilov, nerezov\u00e9ho vzh\u013eadu a m\u00e4k\u010den\u00fdch uhlov\u00fdch profilov, v\u00e1m pon\u00fakame profily na dosiahnutie vynikaj\u00facich v\u00fdsledkov pri kon\u0161trukcii skla.","breadcrumb":{"@id":"https:\/\/www.blecha.at\/sk\/produkty\/specialne-profily\/zasklievanie\/#breadcrumb"},"inLanguage":"sk-SK","potentialAction":[{"@type":"ReadAction","target":["https:\/\/www.blecha.at\/sk\/produkty\/specialne-profily\/zasklievanie\/"]}]},{"@type":"BreadcrumbList","@id":"https:\/\/www.blecha.at\/sk\/produkty\/specialne-profily\/zasklievanie\/#breadcrumb","itemListElement":[{"@type":"ListItem","position":1,"name":"Home","item":"https:\/\/www.blecha.at\/sk\/"},{"@type":"ListItem","position":2,"name":"Produkty","item":"https:\/\/www.blecha.at\/sk\/produkty\/"},{"@type":"ListItem","position":3,"name":"\u0160peci\u00e1lne profily","item":"https:\/\/www.blecha.at\/sk\/produkty\/specialne-profily\/"},{"@type":"ListItem","position":4,"name":"Zasklievanieau"}]},{"@type":"WebSite","@id":"https:\/\/www.blecha.at\/#website","url":"https:\/\/www.blecha.at\/","name":"BLECHA","description":"Eine weitere WordPress-Website","potentialAction":[{"@type":"SearchAction","target":{"@type":"EntryPoint","urlTemplate":"https:\/\/www.blecha.at\/?s={search_term_string}"},"query-input":{"@type":"PropertyValueSpecification","valueRequired":true,"valueName":"search_term_string"}}],"inLanguage":"sk-SK"}]}},"_links":{"self":[{"href":"https:\/\/www.blecha.at\/sk\/wp-json\/wp\/v2\/pages\/24524","targetHints":{"allow":["GET"]}}],"collection":[{"href":"https:\/\/www.blecha.at\/sk\/wp-json\/wp\/v2\/pages"}],"about":[{"href":"https:\/\/www.blecha.at\/sk\/wp-json\/wp\/v2\/types\/page"}],"author":[{"embeddable":true,"href":"https:\/\/www.blecha.at\/sk\/wp-json\/wp\/v2\/users\/2"}],"replies":[{"embeddable":true,"href":"https:\/\/www.blecha.at\/sk\/wp-json\/wp\/v2\/comments?post=24524"}],"version-history":[{"count":9,"href":"https:\/\/www.blecha.at\/sk\/wp-json\/wp\/v2\/pages\/24524\/revisions"}],"predecessor-version":[{"id":31759,"href":"https:\/\/www.blecha.at\/sk\/wp-json\/wp\/v2\/pages\/24524\/revisions\/31759"}],"up":[{"embeddable":true,"href":"https:\/\/www.blecha.at\/sk\/wp-json\/wp\/v2\/pages\/6012"}],"wp:attachment":[{"href":"https:\/\/www.blecha.at\/sk\/wp-json\/wp\/v2\/media?parent=24524"}],"curies":[{"name":"wp","href":"https:\/\/api.w.org\/{rel}","templated":true}]}}