{"id":25269,"date":"2022-12-15T10:11:20","date_gmt":"2022-12-15T09:11:20","guid":{"rendered":"https:\/\/www.blecha.at\/produkty\/specialne-profily\/terrassenbau\/"},"modified":"2026-02-09T16:08:15","modified_gmt":"2026-02-09T15:08:15","slug":"stavba-teras","status":"publish","type":"page","link":"https:\/\/www.blecha.at\/sk\/produkty\/specialne-profily\/stavba-teras\/","title":{"rendered":"Stavba ter\u00e1s"},"content":{"rendered":"","protected":false},"excerpt":{"rendered":"","protected":false},"author":2,"featured_media":0,"parent":6012,"menu_order":0,"comment_status":"closed","ping_status":"closed","template":"page-zaunsysteme-details.php","meta":{"_acf_changed":false,"footnotes":""},"class_list":["post-25269","page","type-page","status-publish","hentry"],"acf":[],"yoast_head":"<!-- This site is optimized with the Yoast SEO plugin v27.3 - https:\/\/yoast.com\/product\/yoast-seo-wordpress\/ -->\n<title>Stavba ter\u00e1s | BLECHA Aluprofile<\/title>\n<meta name=\"description\" content=\"Objavte na\u0161e vysokokvalitn\u00e9 hlin\u00edkov\u00e9 profily na stavbu terasy. N\u00e1\u0161 \u0161irok\u00fd sortiment zah\u0155\u0148a krycie li\u0161ty, terasov\u00e9 dosky a \u010fal\u0161ie, ktor\u00e9 boli \u0161peci\u00e1lne vyvinut\u00e9 pre n\u00e1vrh a v\u00fdstavbu ter\u00e1s.\" \/>\n<meta name=\"robots\" content=\"index, follow, max-snippet:-1, max-image-preview:large, max-video-preview:-1\" \/>\n<link rel=\"canonical\" href=\"https:\/\/www.blecha.at\/sk\/produkty\/specialne-profily\/stavba-teras\/\" \/>\n<meta property=\"og:locale\" content=\"sk_SK\" \/>\n<meta property=\"og:type\" content=\"article\" \/>\n<meta property=\"og:title\" content=\"Stavba ter\u00e1s | BLECHA Aluprofile\" \/>\n<meta property=\"og:description\" content=\"Objavte na\u0161e vysokokvalitn\u00e9 hlin\u00edkov\u00e9 profily na stavbu terasy. N\u00e1\u0161 \u0161irok\u00fd sortiment zah\u0155\u0148a krycie li\u0161ty, terasov\u00e9 dosky a \u010fal\u0161ie, ktor\u00e9 boli \u0161peci\u00e1lne vyvinut\u00e9 pre n\u00e1vrh a v\u00fdstavbu ter\u00e1s.\" \/>\n<meta property=\"og:url\" content=\"https:\/\/www.blecha.at\/sk\/produkty\/specialne-profily\/stavba-teras\/\" \/>\n<meta property=\"og:site_name\" content=\"BLECHA\" \/>\n<meta property=\"article:modified_time\" content=\"2026-02-09T15:08:15+00:00\" \/>\n<meta property=\"og:image\" content=\"https:\/\/www.blecha.at\/wp-content\/uploads\/2021\/02\/blecha-unternehmen-auswahl-gebaeude-3-scaled.jpg\" \/>\n\t<meta property=\"og:image:width\" content=\"2560\" \/>\n\t<meta property=\"og:image:height\" content=\"1642\" \/>\n\t<meta property=\"og:image:type\" content=\"image\/jpeg\" \/>\n<meta name=\"twitter:card\" content=\"summary_large_image\" \/>\n<script type=\"application\/ld+json\" class=\"yoast-schema-graph\">{\"@context\":\"https:\\\/\\\/schema.org\",\"@graph\":[{\"@type\":\"WebPage\",\"@id\":\"https:\\\/\\\/www.blecha.at\\\/sk\\\/produkty\\\/specialne-profily\\\/stavba-teras\\\/\",\"url\":\"https:\\\/\\\/www.blecha.at\\\/sk\\\/produkty\\\/specialne-profily\\\/stavba-teras\\\/\",\"name\":\"Stavba ter\u00e1s | BLECHA Aluprofile\",\"isPartOf\":{\"@id\":\"https:\\\/\\\/www.blecha.at\\\/#website\"},\"datePublished\":\"2022-12-15T09:11:20+00:00\",\"dateModified\":\"2026-02-09T15:08:15+00:00\",\"description\":\"Objavte na\u0161e vysokokvalitn\u00e9 hlin\u00edkov\u00e9 profily na stavbu terasy. N\u00e1\u0161 \u0161irok\u00fd sortiment zah\u0155\u0148a krycie li\u0161ty, terasov\u00e9 dosky a \u010fal\u0161ie, ktor\u00e9 boli \u0161peci\u00e1lne vyvinut\u00e9 pre n\u00e1vrh a v\u00fdstavbu ter\u00e1s.\",\"breadcrumb\":{\"@id\":\"https:\\\/\\\/www.blecha.at\\\/sk\\\/produkty\\\/specialne-profily\\\/stavba-teras\\\/#breadcrumb\"},\"inLanguage\":\"sk-SK\",\"potentialAction\":[{\"@type\":\"ReadAction\",\"target\":[\"https:\\\/\\\/www.blecha.at\\\/sk\\\/produkty\\\/specialne-profily\\\/stavba-teras\\\/\"]}]},{\"@type\":\"BreadcrumbList\",\"@id\":\"https:\\\/\\\/www.blecha.at\\\/sk\\\/produkty\\\/specialne-profily\\\/stavba-teras\\\/#breadcrumb\",\"itemListElement\":[{\"@type\":\"ListItem\",\"position\":1,\"name\":\"Home\",\"item\":\"https:\\\/\\\/www.blecha.at\\\/sk\\\/\"},{\"@type\":\"ListItem\",\"position\":2,\"name\":\"Produkty\",\"item\":\"https:\\\/\\\/www.blecha.at\\\/sk\\\/produkty\\\/\"},{\"@type\":\"ListItem\",\"position\":3,\"name\":\"\u0160peci\u00e1lne profily\",\"item\":\"https:\\\/\\\/www.blecha.at\\\/sk\\\/produkty\\\/specialne-profily\\\/\"},{\"@type\":\"ListItem\",\"position\":4,\"name\":\"Stavba ter\u00e1s\"}]},{\"@type\":\"WebSite\",\"@id\":\"https:\\\/\\\/www.blecha.at\\\/#website\",\"url\":\"https:\\\/\\\/www.blecha.at\\\/\",\"name\":\"BLECHA\",\"description\":\"Eine weitere WordPress-Website\",\"potentialAction\":[{\"@type\":\"SearchAction\",\"target\":{\"@type\":\"EntryPoint\",\"urlTemplate\":\"https:\\\/\\\/www.blecha.at\\\/?s={search_term_string}\"},\"query-input\":{\"@type\":\"PropertyValueSpecification\",\"valueRequired\":true,\"valueName\":\"search_term_string\"}}],\"inLanguage\":\"sk-SK\"}]}<\/script>\n<!-- \/ Yoast SEO plugin. -->","yoast_head_json":{"title":"Stavba ter\u00e1s | BLECHA Aluprofile","description":"Objavte na\u0161e vysokokvalitn\u00e9 hlin\u00edkov\u00e9 profily na stavbu terasy. N\u00e1\u0161 \u0161irok\u00fd sortiment zah\u0155\u0148a krycie li\u0161ty, terasov\u00e9 dosky a \u010fal\u0161ie, ktor\u00e9 boli \u0161peci\u00e1lne vyvinut\u00e9 pre n\u00e1vrh a v\u00fdstavbu ter\u00e1s.","robots":{"index":"index","follow":"follow","max-snippet":"max-snippet:-1","max-image-preview":"max-image-preview:large","max-video-preview":"max-video-preview:-1"},"canonical":"https:\/\/www.blecha.at\/sk\/produkty\/specialne-profily\/stavba-teras\/","og_locale":"sk_SK","og_type":"article","og_title":"Stavba ter\u00e1s | BLECHA Aluprofile","og_description":"Objavte na\u0161e vysokokvalitn\u00e9 hlin\u00edkov\u00e9 profily na stavbu terasy. N\u00e1\u0161 \u0161irok\u00fd sortiment zah\u0155\u0148a krycie li\u0161ty, terasov\u00e9 dosky a \u010fal\u0161ie, ktor\u00e9 boli \u0161peci\u00e1lne vyvinut\u00e9 pre n\u00e1vrh a v\u00fdstavbu ter\u00e1s.","og_url":"https:\/\/www.blecha.at\/sk\/produkty\/specialne-profily\/stavba-teras\/","og_site_name":"BLECHA","article_modified_time":"2026-02-09T15:08:15+00:00","og_image":[{"width":2560,"height":1642,"url":"https:\/\/www.blecha.at\/wp-content\/uploads\/2021\/02\/blecha-unternehmen-auswahl-gebaeude-3-scaled.jpg","type":"image\/jpeg"}],"twitter_card":"summary_large_image","schema":{"@context":"https:\/\/schema.org","@graph":[{"@type":"WebPage","@id":"https:\/\/www.blecha.at\/sk\/produkty\/specialne-profily\/stavba-teras\/","url":"https:\/\/www.blecha.at\/sk\/produkty\/specialne-profily\/stavba-teras\/","name":"Stavba ter\u00e1s | BLECHA Aluprofile","isPartOf":{"@id":"https:\/\/www.blecha.at\/#website"},"datePublished":"2022-12-15T09:11:20+00:00","dateModified":"2026-02-09T15:08:15+00:00","description":"Objavte na\u0161e vysokokvalitn\u00e9 hlin\u00edkov\u00e9 profily na stavbu terasy. N\u00e1\u0161 \u0161irok\u00fd sortiment zah\u0155\u0148a krycie li\u0161ty, terasov\u00e9 dosky a \u010fal\u0161ie, ktor\u00e9 boli \u0161peci\u00e1lne vyvinut\u00e9 pre n\u00e1vrh a v\u00fdstavbu ter\u00e1s.","breadcrumb":{"@id":"https:\/\/www.blecha.at\/sk\/produkty\/specialne-profily\/stavba-teras\/#breadcrumb"},"inLanguage":"sk-SK","potentialAction":[{"@type":"ReadAction","target":["https:\/\/www.blecha.at\/sk\/produkty\/specialne-profily\/stavba-teras\/"]}]},{"@type":"BreadcrumbList","@id":"https:\/\/www.blecha.at\/sk\/produkty\/specialne-profily\/stavba-teras\/#breadcrumb","itemListElement":[{"@type":"ListItem","position":1,"name":"Home","item":"https:\/\/www.blecha.at\/sk\/"},{"@type":"ListItem","position":2,"name":"Produkty","item":"https:\/\/www.blecha.at\/sk\/produkty\/"},{"@type":"ListItem","position":3,"name":"\u0160peci\u00e1lne profily","item":"https:\/\/www.blecha.at\/sk\/produkty\/specialne-profily\/"},{"@type":"ListItem","position":4,"name":"Stavba ter\u00e1s"}]},{"@type":"WebSite","@id":"https:\/\/www.blecha.at\/#website","url":"https:\/\/www.blecha.at\/","name":"BLECHA","description":"Eine weitere WordPress-Website","potentialAction":[{"@type":"SearchAction","target":{"@type":"EntryPoint","urlTemplate":"https:\/\/www.blecha.at\/?s={search_term_string}"},"query-input":{"@type":"PropertyValueSpecification","valueRequired":true,"valueName":"search_term_string"}}],"inLanguage":"sk-SK"}]}},"_links":{"self":[{"href":"https:\/\/www.blecha.at\/sk\/wp-json\/wp\/v2\/pages\/25269","targetHints":{"allow":["GET"]}}],"collection":[{"href":"https:\/\/www.blecha.at\/sk\/wp-json\/wp\/v2\/pages"}],"about":[{"href":"https:\/\/www.blecha.at\/sk\/wp-json\/wp\/v2\/types\/page"}],"author":[{"embeddable":true,"href":"https:\/\/www.blecha.at\/sk\/wp-json\/wp\/v2\/users\/2"}],"replies":[{"embeddable":true,"href":"https:\/\/www.blecha.at\/sk\/wp-json\/wp\/v2\/comments?post=25269"}],"version-history":[{"count":5,"href":"https:\/\/www.blecha.at\/sk\/wp-json\/wp\/v2\/pages\/25269\/revisions"}],"predecessor-version":[{"id":31844,"href":"https:\/\/www.blecha.at\/sk\/wp-json\/wp\/v2\/pages\/25269\/revisions\/31844"}],"up":[{"embeddable":true,"href":"https:\/\/www.blecha.at\/sk\/wp-json\/wp\/v2\/pages\/6012"}],"wp:attachment":[{"href":"https:\/\/www.blecha.at\/sk\/wp-json\/wp\/v2\/media?parent=25269"}],"curies":[{"name":"wp","href":"https:\/\/api.w.org\/{rel}","templated":true}]}}